{"id":121816,"date":"2025-05-27T05:12:56","date_gmt":"2025-05-27T05:12:56","guid":{"rendered":"https:\/\/aral2.cetrexmarketing.com\/producto\/keiva-reserva-extra-brut\/"},"modified":"2025-05-27T08:19:04","modified_gmt":"2025-05-27T08:19:04","slug":"keiva-reserva-extra-brut","status":"publish","type":"product","link":"https:\/\/aral2.cetrexmarketing.com\/ca\/producto\/keiva-reserva-extra-brut\/","title":{"rendered":"Keiva Reserva Extra Brut"},"content":{"rendered":"<p data-start=\"132\" data-end=\"576\"><strong data-start=\"132\" data-end=\"160\">Keiva Reserva Extra Brut<\/strong> \u00e9s un cava ecol\u00f2gic i veg\u00e0 de la DO Cava, elaborat per el celler <strong data-start=\"219\" data-end=\"251\">\u00a0Gallina de Piel Wines<\/strong> al cor del <strong data-start=\"263\" data-end=\"274\">Pened\u00e8s<\/strong>. Aquest escum\u00f3s s\u2019elabora amb un cupatge de <strong data-start=\"319\" data-end=\"349\">60% Xarel\u00b7lo i 40% Macabeu<\/strong>, i passa una crian\u00e7a m\u00ednima de <strong data-start=\"381\" data-end=\"393\">20 mesos<\/strong> en ampolla. \u00c9s un <strong data-start=\"412\" data-end=\"426\">Extra Brut<\/strong>, amb menys de 6 g\/l de sucre residual, i destaca pel seu licor d\u2019expedici\u00f3 \u00fanic, fet a partir d\u2019un vi naturalment dol\u00e7 de Xarel\u00b7lo de verema tardana.<\/p>\n<h3 data-start=\"583\" data-end=\"603\"><strong data-start=\"587\" data-end=\"603\">Nota de tast<\/strong><\/h3>\n<ul data-start=\"605\" data-end=\"876\">\n<li data-start=\"605\" data-end=\"686\">\n<p data-start=\"607\" data-end=\"686\"><strong data-start=\"607\" data-end=\"616\">Vista<\/strong>: Color groc palla amb reflexos daurats, bombolla fina i persistent.<\/p>\n<\/li>\n<li data-start=\"687\" data-end=\"789\">\n<p data-start=\"689\" data-end=\"789\"><strong data-start=\"689\" data-end=\"696\">Nas<\/strong>: Aromes de pr\u00e9ssec, c\u00edtrics, flors blanques, fruits secs i delicades notes de pastisseria.<\/p>\n<\/li>\n<li data-start=\"790\" data-end=\"876\">\n<p data-start=\"792\" data-end=\"876\"><strong data-start=\"792\" data-end=\"800\">Boca<\/strong>: Textura suau, bombolla integrada, bona acidesa i un final llarg i elegant.<\/p>\n<\/li>\n<\/ul>\n<h3 data-start=\"883\" data-end=\"910\"><strong data-start=\"887\" data-end=\"910\">Maridatge recomanat<\/strong><\/h3>\n<p data-start=\"912\" data-end=\"1112\">Aquest cava \u00e9s molt vers\u00e0til i marida perfectament amb aperitius, plats amb textures cremoses, marisc, peix blanc i carns blanques. Tamb\u00e9 combina molt b\u00e9 amb cuina asi\u00e0tica i postres a base de fruita.<\/p>\n<h3 data-start=\"1119\" data-end=\"1136\"><\/h3>\n<p data-start=\"1138\" data-end=\"1353\"><strong data-start=\"1138\" data-end=\"1166\">Keiva Reserva Extra Brut<\/strong> \u00e9s un escum\u00f3s <strong data-start=\"1181\" data-end=\"1204\">fresc i gastron\u00f2mic<\/strong>, ideal per a qui busca un cava <strong data-start=\"1236\" data-end=\"1278\">elegant, equilibrat i amb personalitat<\/strong>, apte tant per a moments especials com per a la gastronomia del dia a dia.<\/p>\n","protected":false},"excerpt":{"rendered":"<p>Keiva Reserva Extra Brut \u00e9s un cava ecol\u00f2gic i veg\u00e0 de la DO Cava, elaborat al Pened\u00e8s amb Xarel\u00b7lo i Macabeu, i una crian\u00e7a m\u00ednima de 20 mesos. Amb una bombolla fina i un perfil Extra Brut, destaca pels seus aromes de pr\u00e9ssec, c\u00edtrics, flors blanques i pastisseria, i una boca fresca, equilibrada i elegant. \u00c9s un escum\u00f3s molt vers\u00e0til, ideal per maridar amb aperitius, marisc, plats cremosos o cuina asi\u00e0tica, i representa una opci\u00f3 gastron\u00f2mica refinada per a qualsevol ocasi\u00f3.<\/p>\n","protected":false},"featured_media":121813,"comment_status":"closed","ping_status":"closed","template":"","meta":{"_acf_changed":false},"pwb-brand":[],"product_brand":[],"product_cat":[51674,51695,51696,51669,51676,51694],"product_tag":[52323],"class_list":{"0":"post-121816","1":"product","2":"type-product","3":"status-publish","4":"has-post-thumbnail","6":"product_cat-botiga","7":"product_cat-cava-vi-escumos","8":"product_cat-cava-blanc","9":"product_cat-ecologic","10":"product_cat-vega","11":"product_cat-vi-escumos","12":"product_tag-keiva-reserva-extra-brut-2","13":"pa_anada-36214","14":"pa_bodega-gallinadepielwines","15":"pa_cantidaddeazucar-extrabrut","16":"pa_do-cava-d-o-ca-2","17":"pa_ecologico-vegano-natural-ecologic","18":"pa_ecologico-vegano-natural-vega","19":"pa_envejecimiento-reserva-ca","20":"pa_formatoenml-38306","21":"pa_graduacion-11_5","22":"pa_region-cataluna","23":"pa_variedad-principal-xarello","24":"pa_variedades-xarello-macabeo-2","25":"entry","26":"has-media","28":"first","29":"instock","30":"taxable","31":"shipping-taxable","32":"purchasable","33":"product-type-simple"},"acf":[],"yoast_head":"<!-- This site is optimized with the Yoast SEO Premium plugin v23.1 (Yoast SEO v23.5) - https:\/\/yoast.com\/wordpress\/plugins\/seo\/ -->\n<title>Keiva Reserva Extra Brut<\/title>\n<meta name=\"description\" content=\"Comprar al millor preu el cava Keiva Reserva Extra Brut a M\u00f3n La Cata. Botiga especialitzada en vins, destil\u00b7lats, cerveses i alimentaci\u00f3 gurmet.\" \/>\n<meta name=\"robots\" content=\"noindex, follow, max-snippet:-1, max-image-preview:large, max-video-preview:-1\" \/>\n<meta property=\"og:locale\" content=\"ca_ES\" \/>\n<meta property=\"og:type\" content=\"article\" \/>\n<meta property=\"og:title\" content=\"Keiva Reserva Extra Brut\" \/>\n<meta property=\"og:description\" content=\"Comprar al millor preu el cava Keiva Reserva Extra Brut a M\u00f3n La Cata. Botiga especialitzada en vins, destil\u00b7lats, cerveses i alimentaci\u00f3 gurmet.\" \/>\n<meta property=\"og:url\" content=\"https:\/\/aral2.cetrexmarketing.com\/ca\/producto\/keiva-reserva-extra-brut\/\" \/>\n<meta property=\"og:site_name\" content=\"M\u00f3n La Cata\" \/>\n<meta property=\"article:modified_time\" content=\"2025-05-27T08:19:04+00:00\" \/>\n<meta property=\"og:image\" content=\"https:\/\/aral2.cetrexmarketing.com\/wp-content\/uploads\/2025\/05\/keiva-reserva-extra-brut.png\" \/>\n\t<meta property=\"og:image:width\" content=\"765\" \/>\n\t<meta property=\"og:image:height\" content=\"1024\" \/>\n\t<meta property=\"og:image:type\" content=\"image\/png\" \/>\n<meta name=\"twitter:card\" content=\"summary_large_image\" \/>\n<meta name=\"twitter:label1\" content=\"Temps estimat de lectura\" \/>\n\t<meta name=\"twitter:data1\" content=\"2 minuts\" \/>\n<script type=\"application\/ld+json\" class=\"yoast-schema-graph\">{\"@context\":\"https:\/\/schema.org\",\"@graph\":[{\"@type\":\"WebPage\",\"@id\":\"https:\/\/aral2.cetrexmarketing.com\/ca\/producto\/keiva-reserva-extra-brut\/\",\"url\":\"https:\/\/aral2.cetrexmarketing.com\/ca\/producto\/keiva-reserva-extra-brut\/\",\"name\":\"Keiva Reserva Extra Brut\",\"isPartOf\":{\"@id\":\"https:\/\/aral2.cetrexmarketing.com\/#website\"},\"primaryImageOfPage\":{\"@id\":\"https:\/\/aral2.cetrexmarketing.com\/ca\/producto\/keiva-reserva-extra-brut\/#primaryimage\"},\"image\":{\"@id\":\"https:\/\/aral2.cetrexmarketing.com\/ca\/producto\/keiva-reserva-extra-brut\/#primaryimage\"},\"thumbnailUrl\":\"https:\/\/aral2.cetrexmarketing.com\/wp-content\/uploads\/2025\/05\/keiva-reserva-extra-brut.png\",\"datePublished\":\"2025-05-27T05:12:56+00:00\",\"dateModified\":\"2025-05-27T08:19:04+00:00\",\"description\":\"Comprar al millor preu el cava Keiva Reserva Extra Brut a M\u00f3n La Cata. Botiga especialitzada en vins, destil\u00b7lats, cerveses i alimentaci\u00f3 gurmet.\",\"breadcrumb\":{\"@id\":\"https:\/\/aral2.cetrexmarketing.com\/ca\/producto\/keiva-reserva-extra-brut\/#breadcrumb\"},\"inLanguage\":\"ca\",\"potentialAction\":[{\"@type\":\"ReadAction\",\"target\":[\"https:\/\/aral2.cetrexmarketing.com\/ca\/producto\/keiva-reserva-extra-brut\/\"]}]},{\"@type\":\"ImageObject\",\"inLanguage\":\"ca\",\"@id\":\"https:\/\/aral2.cetrexmarketing.com\/ca\/producto\/keiva-reserva-extra-brut\/#primaryimage\",\"url\":\"https:\/\/aral2.cetrexmarketing.com\/wp-content\/uploads\/2025\/05\/keiva-reserva-extra-brut.png\",\"contentUrl\":\"https:\/\/aral2.cetrexmarketing.com\/wp-content\/uploads\/2025\/05\/keiva-reserva-extra-brut.png\",\"width\":765,\"height\":1024},{\"@type\":\"BreadcrumbList\",\"@id\":\"https:\/\/aral2.cetrexmarketing.com\/ca\/producto\/keiva-reserva-extra-brut\/#breadcrumb\",\"itemListElement\":[{\"@type\":\"ListItem\",\"position\":1,\"name\":\"Home\",\"item\":\"https:\/\/aral2.cetrexmarketing.com\/ca\/\"},{\"@type\":\"ListItem\",\"position\":2,\"name\":\"Tienda\",\"item\":\"https:\/\/aral2.cetrexmarketing.com\/ca\/tienda-2\/\"},{\"@type\":\"ListItem\",\"position\":3,\"name\":\"Tienda\",\"item\":\"https:\/\/aral2.cetrexmarketing.com\/categoria-producto\/inicio\/\"},{\"@type\":\"ListItem\",\"position\":4,\"name\":\"Keiva Reserva Extra Brut\"}]},{\"@type\":\"WebSite\",\"@id\":\"https:\/\/aral2.cetrexmarketing.com\/#website\",\"url\":\"https:\/\/aral2.cetrexmarketing.com\/\",\"name\":\"M\u00f3n La Cata\",\"description\":\"Tienda de vinos, licores, cervezas y gourmet\",\"publisher\":{\"@id\":\"https:\/\/aral2.cetrexmarketing.com\/#organization\"},\"potentialAction\":[{\"@type\":\"SearchAction\",\"target\":{\"@type\":\"EntryPoint\",\"urlTemplate\":\"https:\/\/aral2.cetrexmarketing.com\/?s={search_term_string}\"},\"query-input\":{\"@type\":\"PropertyValueSpecification\",\"valueRequired\":true,\"valueName\":\"search_term_string\"}}],\"inLanguage\":\"ca\"},{\"@type\":\"Organization\",\"@id\":\"https:\/\/aral2.cetrexmarketing.com\/#organization\",\"name\":\"M\u00f3n La Cata\",\"url\":\"https:\/\/aral2.cetrexmarketing.com\/\",\"logo\":{\"@type\":\"ImageObject\",\"inLanguage\":\"ca\",\"@id\":\"https:\/\/aral2.cetrexmarketing.com\/#\/schema\/logo\/image\/\",\"url\":\"https:\/\/aral2.cetrexmarketing.com\/wp-content\/uploads\/2024\/10\/aral-logo-neg-1024x409-1.png\",\"contentUrl\":\"https:\/\/aral2.cetrexmarketing.com\/wp-content\/uploads\/2024\/10\/aral-logo-neg-1024x409-1.png\",\"width\":1024,\"height\":409,\"caption\":\"M\u00f3n La Cata\"},\"image\":{\"@id\":\"https:\/\/aral2.cetrexmarketing.com\/#\/schema\/logo\/image\/\"}}]}<\/script>\n<!-- \/ Yoast SEO Premium plugin. -->","yoast_head_json":{"title":"Keiva Reserva Extra Brut","description":"Comprar al millor preu el cava Keiva Reserva Extra Brut a M\u00f3n La Cata. Botiga especialitzada en vins, destil\u00b7lats, cerveses i alimentaci\u00f3 gurmet.","robots":{"index":"noindex","follow":"follow","max-snippet":"max-snippet:-1","max-image-preview":"max-image-preview:large","max-video-preview":"max-video-preview:-1"},"og_locale":"ca_ES","og_type":"article","og_title":"Keiva Reserva Extra Brut","og_description":"Comprar al millor preu el cava Keiva Reserva Extra Brut a M\u00f3n La Cata. Botiga especialitzada en vins, destil\u00b7lats, cerveses i alimentaci\u00f3 gurmet.","og_url":"https:\/\/aral2.cetrexmarketing.com\/ca\/producto\/keiva-reserva-extra-brut\/","og_site_name":"M\u00f3n La Cata","article_modified_time":"2025-05-27T08:19:04+00:00","og_image":[{"width":765,"height":1024,"url":"https:\/\/aral2.cetrexmarketing.com\/wp-content\/uploads\/2025\/05\/keiva-reserva-extra-brut.png","type":"image\/png"}],"twitter_card":"summary_large_image","twitter_misc":{"Temps estimat de lectura":"2 minuts"},"schema":{"@context":"https:\/\/schema.org","@graph":[{"@type":"WebPage","@id":"https:\/\/aral2.cetrexmarketing.com\/ca\/producto\/keiva-reserva-extra-brut\/","url":"https:\/\/aral2.cetrexmarketing.com\/ca\/producto\/keiva-reserva-extra-brut\/","name":"Keiva Reserva Extra Brut","isPartOf":{"@id":"https:\/\/aral2.cetrexmarketing.com\/#website"},"primaryImageOfPage":{"@id":"https:\/\/aral2.cetrexmarketing.com\/ca\/producto\/keiva-reserva-extra-brut\/#primaryimage"},"image":{"@id":"https:\/\/aral2.cetrexmarketing.com\/ca\/producto\/keiva-reserva-extra-brut\/#primaryimage"},"thumbnailUrl":"https:\/\/aral2.cetrexmarketing.com\/wp-content\/uploads\/2025\/05\/keiva-reserva-extra-brut.png","datePublished":"2025-05-27T05:12:56+00:00","dateModified":"2025-05-27T08:19:04+00:00","description":"Comprar al millor preu el cava Keiva Reserva Extra Brut a M\u00f3n La Cata. Botiga especialitzada en vins, destil\u00b7lats, cerveses i alimentaci\u00f3 gurmet.","breadcrumb":{"@id":"https:\/\/aral2.cetrexmarketing.com\/ca\/producto\/keiva-reserva-extra-brut\/#breadcrumb"},"inLanguage":"ca","potentialAction":[{"@type":"ReadAction","target":["https:\/\/aral2.cetrexmarketing.com\/ca\/producto\/keiva-reserva-extra-brut\/"]}]},{"@type":"ImageObject","inLanguage":"ca","@id":"https:\/\/aral2.cetrexmarketing.com\/ca\/producto\/keiva-reserva-extra-brut\/#primaryimage","url":"https:\/\/aral2.cetrexmarketing.com\/wp-content\/uploads\/2025\/05\/keiva-reserva-extra-brut.png","contentUrl":"https:\/\/aral2.cetrexmarketing.com\/wp-content\/uploads\/2025\/05\/keiva-reserva-extra-brut.png","width":765,"height":1024},{"@type":"BreadcrumbList","@id":"https:\/\/aral2.cetrexmarketing.com\/ca\/producto\/keiva-reserva-extra-brut\/#breadcrumb","itemListElement":[{"@type":"ListItem","position":1,"name":"Home","item":"https:\/\/aral2.cetrexmarketing.com\/ca\/"},{"@type":"ListItem","position":2,"name":"Tienda","item":"https:\/\/aral2.cetrexmarketing.com\/ca\/tienda-2\/"},{"@type":"ListItem","position":3,"name":"Tienda","item":"https:\/\/aral2.cetrexmarketing.com\/categoria-producto\/inicio\/"},{"@type":"ListItem","position":4,"name":"Keiva Reserva Extra Brut"}]},{"@type":"WebSite","@id":"https:\/\/aral2.cetrexmarketing.com\/#website","url":"https:\/\/aral2.cetrexmarketing.com\/","name":"M\u00f3n La Cata","description":"Tienda de vinos, licores, cervezas y gourmet","publisher":{"@id":"https:\/\/aral2.cetrexmarketing.com\/#organization"},"potentialAction":[{"@type":"SearchAction","target":{"@type":"EntryPoint","urlTemplate":"https:\/\/aral2.cetrexmarketing.com\/?s={search_term_string}"},"query-input":{"@type":"PropertyValueSpecification","valueRequired":true,"valueName":"search_term_string"}}],"inLanguage":"ca"},{"@type":"Organization","@id":"https:\/\/aral2.cetrexmarketing.com\/#organization","name":"M\u00f3n La Cata","url":"https:\/\/aral2.cetrexmarketing.com\/","logo":{"@type":"ImageObject","inLanguage":"ca","@id":"https:\/\/aral2.cetrexmarketing.com\/#\/schema\/logo\/image\/","url":"https:\/\/aral2.cetrexmarketing.com\/wp-content\/uploads\/2024\/10\/aral-logo-neg-1024x409-1.png","contentUrl":"https:\/\/aral2.cetrexmarketing.com\/wp-content\/uploads\/2024\/10\/aral-logo-neg-1024x409-1.png","width":1024,"height":409,"caption":"M\u00f3n La Cata"},"image":{"@id":"https:\/\/aral2.cetrexmarketing.com\/#\/schema\/logo\/image\/"}}]}},"brands":[],"_links":{"self":[{"href":"https:\/\/aral2.cetrexmarketing.com\/ca\/wp-json\/wp\/v2\/product\/121816","targetHints":{"allow":["GET"]}}],"collection":[{"href":"https:\/\/aral2.cetrexmarketing.com\/ca\/wp-json\/wp\/v2\/product"}],"about":[{"href":"https:\/\/aral2.cetrexmarketing.com\/ca\/wp-json\/wp\/v2\/types\/product"}],"replies":[{"embeddable":true,"href":"https:\/\/aral2.cetrexmarketing.com\/ca\/wp-json\/wp\/v2\/comments?post=121816"}],"wp:featuredmedia":[{"embeddable":true,"href":"https:\/\/aral2.cetrexmarketing.com\/ca\/wp-json\/wp\/v2\/media\/121813"}],"wp:attachment":[{"href":"https:\/\/aral2.cetrexmarketing.com\/ca\/wp-json\/wp\/v2\/media?parent=121816"}],"wp:term":[{"taxonomy":"pwb-brand","embeddable":true,"href":"https:\/\/aral2.cetrexmarketing.com\/ca\/wp-json\/wp\/v2\/pwb-brand?post=121816"},{"taxonomy":"product_brand","embeddable":true,"href":"https:\/\/aral2.cetrexmarketing.com\/ca\/wp-json\/wp\/v2\/product_brand?post=121816"},{"taxonomy":"product_cat","embeddable":true,"href":"https:\/\/aral2.cetrexmarketing.com\/ca\/wp-json\/wp\/v2\/product_cat?post=121816"},{"taxonomy":"product_tag","embeddable":true,"href":"https:\/\/aral2.cetrexmarketing.com\/ca\/wp-json\/wp\/v2\/product_tag?post=121816"}],"curies":[{"name":"wp","href":"https:\/\/api.w.org\/{rel}","templated":true}]}}