{"id":121765,"date":"2025-05-27T05:11:29","date_gmt":"2025-05-27T05:11:29","guid":{"rendered":"https:\/\/aral2.cetrexmarketing.com\/producto\/bols-cacao-white\/"},"modified":"2025-05-27T08:18:28","modified_gmt":"2025-05-27T08:18:28","slug":"bols-cacao-white","status":"publish","type":"product","link":"https:\/\/aral2.cetrexmarketing.com\/ca\/producto\/bols-cacao-white\/","title":{"rendered":"Bols Cacao White"},"content":{"rendered":"<p><strong>Bols Cacao White<\/strong> \u00e9s un licor cristal\u00b7l\u00ed amb una graduaci\u00f3 alcoh\u00f2lica del 24%, elaborat per la destil\u00b7leria holandesa Lucas Bols. Aquest licor destaca per la seva aroma suau a cacau i un sabor delicat que recorda al xocolata blanca, amb subtils notes de vainilla i albaricoque .<\/p>\n<p><strong>Notes de cata<\/strong><\/p>\n<ul>\n<li>Vista: L\u00edquid transparent i brillant.<\/li>\n<li>Nas: Aromes lleugers i dol\u00e7os de cacau.<\/li>\n<li>Boca: Sabor suau i crem\u00f3s amb notes de xocolata blanca, un toc afruitat i lleuger retrogust de vainilla.<\/li>\n<li>Final: Persist\u00e8ncia mitjana amb un regust dol\u00e7 i agradable.<\/li>\n<\/ul>\n<p><strong>Usos recomanats<\/strong><\/p>\n<p>Bols Cacao White \u00e9s un licor vers\u00e0til que es pot gaudir de diverses maneres:<\/p>\n<ul>\n<li>Sol o amb gel: Ideal com a digestiu per als amants de la xocolata dol\u00e7a.<\/li>\n<li>C\u00f2ctels: Perfecte per preparar begudes com el Golden Cadillac, Cherry Alexander o Chocolate Pumpkin .<\/li>\n<li>Postres: Pot utilitzar-se en receptes de postres com mousse de xocolata blanca, gelats o farcits de pastissos per aportar un toc dol\u00e7 i afruitat.<\/li>\n<\/ul>\n<p>Aquest licor \u00e9s una elecci\u00f3 ideal per a aquells que busquen una experi\u00e8ncia rica i sofisticada amb un perfil de sabor dol\u00e7 i afruitat.<\/p>\n","protected":false},"excerpt":{"rendered":"<p><strong>Bols Cacao White<\/strong> \u00e9s un licor cristal\u00b7l\u00ed amb una graduaci\u00f3 alcoh\u00f2lica del 24%, elaborat per Lucas Bols. Destaca pel seu suau aroma a cacau i el seu sabor cremos que recorda al xocolata blanca, amb notes de vainilla i un toc afruitat. Vers\u00e0til i elegant, es pot gaudir sol, amb gel, en c\u00f2ctels com el Golden Cadillac o Chocolate Pumpkin, o com a ingredient en postres com mousse o gelats de xocolata blanca. \u00c9s ideal per a aquells que busquen una experi\u00e8ncia dol\u00e7a i sofisticada.<\/p>\n","protected":false},"featured_media":121762,"comment_status":"closed","ping_status":"closed","template":"","meta":{"_acf_changed":false},"pwb-brand":[],"product_brand":[],"product_cat":[51674,51692,51715],"product_tag":[52350],"class_list":{"0":"post-121765","1":"product","2":"type-product","3":"status-publish","4":"has-post-thumbnail","6":"product_cat-botiga","7":"product_cat-destillats","8":"product_cat-licor-destillats","9":"product_tag-bols-cacao-white-2","10":"product_shipping_class-7-10-dias-2","11":"pa_formatoenml-38307","12":"pa_graduacion-24_0","13":"pa_pais-paisos-baixos","14":"entry","15":"has-media","17":"first","18":"instock","19":"taxable","20":"shipping-taxable","21":"purchasable","22":"product-type-simple"},"acf":[],"yoast_head":"<!-- This site is optimized with the Yoast SEO Premium plugin v23.1 (Yoast SEO v23.5) - https:\/\/yoast.com\/wordpress\/plugins\/seo\/ -->\n<title>Bols Cacao White<\/title>\n<meta name=\"description\" content=\"Comprar al millor preu el licor Bols Cacao White a M\u00f3n La Cata. Botiga especialitzada en destil\u00b7lats, vins i alimentaci\u00f3 gurmet.\" \/>\n<meta name=\"robots\" content=\"noindex, follow, max-snippet:-1, max-image-preview:large, max-video-preview:-1\" \/>\n<meta property=\"og:locale\" content=\"ca_ES\" \/>\n<meta property=\"og:type\" content=\"article\" \/>\n<meta property=\"og:title\" content=\"Bols Cacao White\" \/>\n<meta property=\"og:description\" content=\"Comprar al millor preu el licor Bols Cacao White a M\u00f3n La Cata. Botiga especialitzada en destil\u00b7lats, vins i alimentaci\u00f3 gurmet.\" \/>\n<meta property=\"og:url\" content=\"https:\/\/aral2.cetrexmarketing.com\/ca\/producto\/bols-cacao-white\/\" \/>\n<meta property=\"og:site_name\" content=\"M\u00f3n La Cata\" \/>\n<meta property=\"article:modified_time\" content=\"2025-05-27T08:18:28+00:00\" \/>\n<meta property=\"og:image\" content=\"https:\/\/aral2.cetrexmarketing.com\/wp-content\/uploads\/2025\/05\/bols-cocoa-white.jpg-1.png\" \/>\n\t<meta property=\"og:image:width\" content=\"765\" \/>\n\t<meta property=\"og:image:height\" content=\"1024\" \/>\n\t<meta property=\"og:image:type\" content=\"image\/png\" \/>\n<meta name=\"twitter:card\" content=\"summary_large_image\" \/>\n<meta name=\"twitter:label1\" content=\"Temps estimat de lectura\" \/>\n\t<meta name=\"twitter:data1\" content=\"2 minuts\" \/>\n<script type=\"application\/ld+json\" class=\"yoast-schema-graph\">{\"@context\":\"https:\/\/schema.org\",\"@graph\":[{\"@type\":\"WebPage\",\"@id\":\"https:\/\/aral2.cetrexmarketing.com\/ca\/producto\/bols-cacao-white\/\",\"url\":\"https:\/\/aral2.cetrexmarketing.com\/ca\/producto\/bols-cacao-white\/\",\"name\":\"Bols Cacao White\",\"isPartOf\":{\"@id\":\"https:\/\/aral2.cetrexmarketing.com\/#website\"},\"primaryImageOfPage\":{\"@id\":\"https:\/\/aral2.cetrexmarketing.com\/ca\/producto\/bols-cacao-white\/#primaryimage\"},\"image\":{\"@id\":\"https:\/\/aral2.cetrexmarketing.com\/ca\/producto\/bols-cacao-white\/#primaryimage\"},\"thumbnailUrl\":\"https:\/\/aral2.cetrexmarketing.com\/wp-content\/uploads\/2025\/05\/bols-cocoa-white.jpg-1.png\",\"datePublished\":\"2025-05-27T05:11:29+00:00\",\"dateModified\":\"2025-05-27T08:18:28+00:00\",\"description\":\"Comprar al millor preu el licor Bols Cacao White a M\u00f3n La Cata. Botiga especialitzada en destil\u00b7lats, vins i alimentaci\u00f3 gurmet.\",\"breadcrumb\":{\"@id\":\"https:\/\/aral2.cetrexmarketing.com\/ca\/producto\/bols-cacao-white\/#breadcrumb\"},\"inLanguage\":\"ca\",\"potentialAction\":[{\"@type\":\"ReadAction\",\"target\":[\"https:\/\/aral2.cetrexmarketing.com\/ca\/producto\/bols-cacao-white\/\"]}]},{\"@type\":\"ImageObject\",\"inLanguage\":\"ca\",\"@id\":\"https:\/\/aral2.cetrexmarketing.com\/ca\/producto\/bols-cacao-white\/#primaryimage\",\"url\":\"https:\/\/aral2.cetrexmarketing.com\/wp-content\/uploads\/2025\/05\/bols-cocoa-white.jpg-1.png\",\"contentUrl\":\"https:\/\/aral2.cetrexmarketing.com\/wp-content\/uploads\/2025\/05\/bols-cocoa-white.jpg-1.png\",\"width\":765,\"height\":1024},{\"@type\":\"BreadcrumbList\",\"@id\":\"https:\/\/aral2.cetrexmarketing.com\/ca\/producto\/bols-cacao-white\/#breadcrumb\",\"itemListElement\":[{\"@type\":\"ListItem\",\"position\":1,\"name\":\"Home\",\"item\":\"https:\/\/aral2.cetrexmarketing.com\/ca\/\"},{\"@type\":\"ListItem\",\"position\":2,\"name\":\"Tienda\",\"item\":\"https:\/\/aral2.cetrexmarketing.com\/ca\/tienda-2\/\"},{\"@type\":\"ListItem\",\"position\":3,\"name\":\"Tienda\",\"item\":\"https:\/\/aral2.cetrexmarketing.com\/categoria-producto\/inicio\/\"},{\"@type\":\"ListItem\",\"position\":4,\"name\":\"Bols Cacao White\"}]},{\"@type\":\"WebSite\",\"@id\":\"https:\/\/aral2.cetrexmarketing.com\/#website\",\"url\":\"https:\/\/aral2.cetrexmarketing.com\/\",\"name\":\"M\u00f3n La Cata\",\"description\":\"Tienda de vinos, licores, cervezas y gourmet\",\"publisher\":{\"@id\":\"https:\/\/aral2.cetrexmarketing.com\/#organization\"},\"potentialAction\":[{\"@type\":\"SearchAction\",\"target\":{\"@type\":\"EntryPoint\",\"urlTemplate\":\"https:\/\/aral2.cetrexmarketing.com\/?s={search_term_string}\"},\"query-input\":{\"@type\":\"PropertyValueSpecification\",\"valueRequired\":true,\"valueName\":\"search_term_string\"}}],\"inLanguage\":\"ca\"},{\"@type\":\"Organization\",\"@id\":\"https:\/\/aral2.cetrexmarketing.com\/#organization\",\"name\":\"M\u00f3n La Cata\",\"url\":\"https:\/\/aral2.cetrexmarketing.com\/\",\"logo\":{\"@type\":\"ImageObject\",\"inLanguage\":\"ca\",\"@id\":\"https:\/\/aral2.cetrexmarketing.com\/#\/schema\/logo\/image\/\",\"url\":\"https:\/\/aral2.cetrexmarketing.com\/wp-content\/uploads\/2024\/10\/aral-logo-neg-1024x409-1.png\",\"contentUrl\":\"https:\/\/aral2.cetrexmarketing.com\/wp-content\/uploads\/2024\/10\/aral-logo-neg-1024x409-1.png\",\"width\":1024,\"height\":409,\"caption\":\"M\u00f3n La Cata\"},\"image\":{\"@id\":\"https:\/\/aral2.cetrexmarketing.com\/#\/schema\/logo\/image\/\"}}]}<\/script>\n<!-- \/ Yoast SEO Premium plugin. -->","yoast_head_json":{"title":"Bols Cacao White","description":"Comprar al millor preu el licor Bols Cacao White a M\u00f3n La Cata. Botiga especialitzada en destil\u00b7lats, vins i alimentaci\u00f3 gurmet.","robots":{"index":"noindex","follow":"follow","max-snippet":"max-snippet:-1","max-image-preview":"max-image-preview:large","max-video-preview":"max-video-preview:-1"},"og_locale":"ca_ES","og_type":"article","og_title":"Bols Cacao White","og_description":"Comprar al millor preu el licor Bols Cacao White a M\u00f3n La Cata. Botiga especialitzada en destil\u00b7lats, vins i alimentaci\u00f3 gurmet.","og_url":"https:\/\/aral2.cetrexmarketing.com\/ca\/producto\/bols-cacao-white\/","og_site_name":"M\u00f3n La Cata","article_modified_time":"2025-05-27T08:18:28+00:00","og_image":[{"width":765,"height":1024,"url":"https:\/\/aral2.cetrexmarketing.com\/wp-content\/uploads\/2025\/05\/bols-cocoa-white.jpg-1.png","type":"image\/png"}],"twitter_card":"summary_large_image","twitter_misc":{"Temps estimat de lectura":"2 minuts"},"schema":{"@context":"https:\/\/schema.org","@graph":[{"@type":"WebPage","@id":"https:\/\/aral2.cetrexmarketing.com\/ca\/producto\/bols-cacao-white\/","url":"https:\/\/aral2.cetrexmarketing.com\/ca\/producto\/bols-cacao-white\/","name":"Bols Cacao White","isPartOf":{"@id":"https:\/\/aral2.cetrexmarketing.com\/#website"},"primaryImageOfPage":{"@id":"https:\/\/aral2.cetrexmarketing.com\/ca\/producto\/bols-cacao-white\/#primaryimage"},"image":{"@id":"https:\/\/aral2.cetrexmarketing.com\/ca\/producto\/bols-cacao-white\/#primaryimage"},"thumbnailUrl":"https:\/\/aral2.cetrexmarketing.com\/wp-content\/uploads\/2025\/05\/bols-cocoa-white.jpg-1.png","datePublished":"2025-05-27T05:11:29+00:00","dateModified":"2025-05-27T08:18:28+00:00","description":"Comprar al millor preu el licor Bols Cacao White a M\u00f3n La Cata. Botiga especialitzada en destil\u00b7lats, vins i alimentaci\u00f3 gurmet.","breadcrumb":{"@id":"https:\/\/aral2.cetrexmarketing.com\/ca\/producto\/bols-cacao-white\/#breadcrumb"},"inLanguage":"ca","potentialAction":[{"@type":"ReadAction","target":["https:\/\/aral2.cetrexmarketing.com\/ca\/producto\/bols-cacao-white\/"]}]},{"@type":"ImageObject","inLanguage":"ca","@id":"https:\/\/aral2.cetrexmarketing.com\/ca\/producto\/bols-cacao-white\/#primaryimage","url":"https:\/\/aral2.cetrexmarketing.com\/wp-content\/uploads\/2025\/05\/bols-cocoa-white.jpg-1.png","contentUrl":"https:\/\/aral2.cetrexmarketing.com\/wp-content\/uploads\/2025\/05\/bols-cocoa-white.jpg-1.png","width":765,"height":1024},{"@type":"BreadcrumbList","@id":"https:\/\/aral2.cetrexmarketing.com\/ca\/producto\/bols-cacao-white\/#breadcrumb","itemListElement":[{"@type":"ListItem","position":1,"name":"Home","item":"https:\/\/aral2.cetrexmarketing.com\/ca\/"},{"@type":"ListItem","position":2,"name":"Tienda","item":"https:\/\/aral2.cetrexmarketing.com\/ca\/tienda-2\/"},{"@type":"ListItem","position":3,"name":"Tienda","item":"https:\/\/aral2.cetrexmarketing.com\/categoria-producto\/inicio\/"},{"@type":"ListItem","position":4,"name":"Bols Cacao White"}]},{"@type":"WebSite","@id":"https:\/\/aral2.cetrexmarketing.com\/#website","url":"https:\/\/aral2.cetrexmarketing.com\/","name":"M\u00f3n La Cata","description":"Tienda de vinos, licores, cervezas y gourmet","publisher":{"@id":"https:\/\/aral2.cetrexmarketing.com\/#organization"},"potentialAction":[{"@type":"SearchAction","target":{"@type":"EntryPoint","urlTemplate":"https:\/\/aral2.cetrexmarketing.com\/?s={search_term_string}"},"query-input":{"@type":"PropertyValueSpecification","valueRequired":true,"valueName":"search_term_string"}}],"inLanguage":"ca"},{"@type":"Organization","@id":"https:\/\/aral2.cetrexmarketing.com\/#organization","name":"M\u00f3n La Cata","url":"https:\/\/aral2.cetrexmarketing.com\/","logo":{"@type":"ImageObject","inLanguage":"ca","@id":"https:\/\/aral2.cetrexmarketing.com\/#\/schema\/logo\/image\/","url":"https:\/\/aral2.cetrexmarketing.com\/wp-content\/uploads\/2024\/10\/aral-logo-neg-1024x409-1.png","contentUrl":"https:\/\/aral2.cetrexmarketing.com\/wp-content\/uploads\/2024\/10\/aral-logo-neg-1024x409-1.png","width":1024,"height":409,"caption":"M\u00f3n La Cata"},"image":{"@id":"https:\/\/aral2.cetrexmarketing.com\/#\/schema\/logo\/image\/"}}]}},"brands":[],"_links":{"self":[{"href":"https:\/\/aral2.cetrexmarketing.com\/ca\/wp-json\/wp\/v2\/product\/121765","targetHints":{"allow":["GET"]}}],"collection":[{"href":"https:\/\/aral2.cetrexmarketing.com\/ca\/wp-json\/wp\/v2\/product"}],"about":[{"href":"https:\/\/aral2.cetrexmarketing.com\/ca\/wp-json\/wp\/v2\/types\/product"}],"replies":[{"embeddable":true,"href":"https:\/\/aral2.cetrexmarketing.com\/ca\/wp-json\/wp\/v2\/comments?post=121765"}],"wp:featuredmedia":[{"embeddable":true,"href":"https:\/\/aral2.cetrexmarketing.com\/ca\/wp-json\/wp\/v2\/media\/121762"}],"wp:attachment":[{"href":"https:\/\/aral2.cetrexmarketing.com\/ca\/wp-json\/wp\/v2\/media?parent=121765"}],"wp:term":[{"taxonomy":"pwb-brand","embeddable":true,"href":"https:\/\/aral2.cetrexmarketing.com\/ca\/wp-json\/wp\/v2\/pwb-brand?post=121765"},{"taxonomy":"product_brand","embeddable":true,"href":"https:\/\/aral2.cetrexmarketing.com\/ca\/wp-json\/wp\/v2\/product_brand?post=121765"},{"taxonomy":"product_cat","embeddable":true,"href":"https:\/\/aral2.cetrexmarketing.com\/ca\/wp-json\/wp\/v2\/product_cat?post=121765"},{"taxonomy":"product_tag","embeddable":true,"href":"https:\/\/aral2.cetrexmarketing.com\/ca\/wp-json\/wp\/v2\/product_tag?post=121765"}],"curies":[{"name":"wp","href":"https:\/\/api.w.org\/{rel}","templated":true}]}}