{"id":121755,"date":"2025-05-27T05:11:09","date_gmt":"2025-05-27T05:11:09","guid":{"rendered":"https:\/\/aral2.cetrexmarketing.com\/producto\/pagos-de-anguix-barrueco\/"},"modified":"2025-05-27T08:18:19","modified_gmt":"2025-05-27T08:18:19","slug":"pagos-de-anguix-barrueco","status":"publish","type":"product","link":"https:\/\/aral2.cetrexmarketing.com\/ca\/producto\/pagos-de-anguix-barrueco\/","title":{"rendered":"Pagos de Anguix Barrueco"},"content":{"rendered":"<p><strong>Pagos de Anguix Barrueco<\/strong> \u00e9s un vi negre de la D.O. Ribera del Duero, elaborat exclusivament amb ra\u00efms de la varietat Tinto Fino (Tempranillo) procedents de vinyes de 20 a 30 anys situades a m\u00e9s de 850 metres d\u2019altitud al cor de la Ribera del Duero burgalesa.<\/p>\n<p><strong>Notes de cata<\/strong><\/p>\n<ul>\n<li>Vista: Color vermell intens i brillant amb matisos p\u00farpura, caracter\u00edstics de la seva joventut.<\/li>\n<li>Nas: Aroma complexa i intensa amb notes de fruits secs com ametlles i avellanes torrades, sobre un fons de fruits vermells. Amb el temps, apareixen records de vainilla, caf\u00e8, cacau, cedre i fulles de tabac.<\/li>\n<li>Boca: Presenta una profunda estructura t\u00e0nica equilibrada per una bona acidesa mineral que li atorga frescor. La seva textura aterciopelada i untuosa acaricia el paladar, omplint-lo de sensacions agradables. El final \u00e9s llarg, deixant una gran fruitositat i clares notes especiades.<\/li>\n<\/ul>\n<p><strong>Maridatge recomanat<\/strong><\/p>\n<p>Ideal per acompanyar plats contundents com rostits, carns vermelles a la graella, ca\u00e7a, estofats i formatges curats.<\/p>\n<p>Pagos de Anguix Barrueco \u00e9s un vi amb gran personalitat i capacitat d&#8217;envelliment, ideal per als amants dels negres estructurats i complexos.<\/p>\n","protected":false},"excerpt":{"rendered":"<p><strong>Pagos de Anguix Barrueco<\/strong> \u00e9s un vi negre de la D.O. Ribera del Duero elaborat amb ra\u00efms de la varietat Tinto Fino (Tempranillo), procedents de vinyes velles a m\u00e9s de 850 metres d\u2019altitud. Presenta un color vermell intens amb matisos p\u00farpura i un aroma complex amb notes de fruits secs, fruits vermells, vainilla, caf\u00e8 i esp\u00e8cies. A la boca, destaca per la seva estructura t\u00e0nica equilibrada, frescor mineral i una textura aterciopelada, amb un final llarg i afruitat. Ideal per acompanyar plats contundents com rostits, carns vermelles, ca\u00e7a i formatges curats, \u00e9s un vi amb gran potencial de guarda, amb una capacitat de millorar durant els pr\u00f2xims 10 anys.<\/p>\n","protected":false},"featured_media":121752,"comment_status":"closed","ping_status":"closed","template":"","meta":{"_acf_changed":false},"pwb-brand":[],"product_brand":[],"product_cat":[51674,51669,51670,51671],"product_tag":[52368],"class_list":{"0":"post-121755","1":"product","2":"type-product","3":"status-publish","4":"has-post-thumbnail","6":"product_cat-botiga","7":"product_cat-ecologic","8":"product_cat-vi","9":"product_cat-vi-negre","10":"product_tag-pagos-de-anguix-barrueco-2","11":"pa_anada-36211","12":"pa_bodega-pagosdeanguix","13":"pa_do-riberadelduerodo-ca","14":"pa_formatoenml-38306","15":"pa_gastronomico-negre-gastronomic","16":"pa_graduacion-15_0","17":"pa_maridaje-carn-roja","18":"pa_maridaje-embotits","19":"pa_maridaje-formatge-curat","20":"pa_pais-espanya-ca","21":"pa_pueblociudad-anguixburgos","22":"pa_variedad-principal-negre-fi","23":"entry","24":"has-media","26":"first","27":"instock","28":"taxable","29":"shipping-taxable","30":"purchasable","31":"product-type-simple"},"acf":[],"yoast_head":"<!-- This site is optimized with the Yoast SEO Premium plugin v23.1 (Yoast SEO v23.5) - https:\/\/yoast.com\/wordpress\/plugins\/seo\/ -->\n<title>Pagos de Anguix Barrueco<\/title>\n<meta name=\"description\" content=\"Comprar al millor preu el vi negre Pagos de Anguix Barrueco a M\u00f3n La Cata. Botiga online especialitzada en vins, destil\u00b7lats i alimentaci\u00f3 gurmet.\" \/>\n<meta name=\"robots\" content=\"noindex, follow, max-snippet:-1, max-image-preview:large, max-video-preview:-1\" \/>\n<meta property=\"og:locale\" content=\"ca_ES\" \/>\n<meta property=\"og:type\" content=\"article\" \/>\n<meta property=\"og:title\" content=\"Pagos de Anguix Barrueco\" \/>\n<meta property=\"og:description\" content=\"Comprar al millor preu el vi negre Pagos de Anguix Barrueco a M\u00f3n La Cata. Botiga online especialitzada en vins, destil\u00b7lats i alimentaci\u00f3 gurmet.\" \/>\n<meta property=\"og:url\" content=\"https:\/\/aral2.cetrexmarketing.com\/ca\/producto\/pagos-de-anguix-barrueco\/\" \/>\n<meta property=\"og:site_name\" content=\"M\u00f3n La Cata\" \/>\n<meta property=\"article:modified_time\" content=\"2025-05-27T08:18:19+00:00\" \/>\n<meta property=\"og:image\" content=\"https:\/\/aral2.cetrexmarketing.com\/wp-content\/uploads\/2025\/05\/pagos-danguix-barrueco.png\" \/>\n\t<meta property=\"og:image:width\" content=\"765\" \/>\n\t<meta property=\"og:image:height\" content=\"1024\" \/>\n\t<meta property=\"og:image:type\" content=\"image\/png\" \/>\n<meta name=\"twitter:card\" content=\"summary_large_image\" \/>\n<meta name=\"twitter:label1\" content=\"Temps estimat de lectura\" \/>\n\t<meta name=\"twitter:data1\" content=\"2 minuts\" \/>\n<script type=\"application\/ld+json\" class=\"yoast-schema-graph\">{\"@context\":\"https:\/\/schema.org\",\"@graph\":[{\"@type\":\"WebPage\",\"@id\":\"https:\/\/aral2.cetrexmarketing.com\/ca\/producto\/pagos-de-anguix-barrueco\/\",\"url\":\"https:\/\/aral2.cetrexmarketing.com\/ca\/producto\/pagos-de-anguix-barrueco\/\",\"name\":\"Pagos de Anguix Barrueco\",\"isPartOf\":{\"@id\":\"https:\/\/aral2.cetrexmarketing.com\/#website\"},\"primaryImageOfPage\":{\"@id\":\"https:\/\/aral2.cetrexmarketing.com\/ca\/producto\/pagos-de-anguix-barrueco\/#primaryimage\"},\"image\":{\"@id\":\"https:\/\/aral2.cetrexmarketing.com\/ca\/producto\/pagos-de-anguix-barrueco\/#primaryimage\"},\"thumbnailUrl\":\"https:\/\/aral2.cetrexmarketing.com\/wp-content\/uploads\/2025\/05\/pagos-danguix-barrueco.png\",\"datePublished\":\"2025-05-27T05:11:09+00:00\",\"dateModified\":\"2025-05-27T08:18:19+00:00\",\"description\":\"Comprar al millor preu el vi negre Pagos de Anguix Barrueco a M\u00f3n La Cata. Botiga online especialitzada en vins, destil\u00b7lats i alimentaci\u00f3 gurmet.\",\"breadcrumb\":{\"@id\":\"https:\/\/aral2.cetrexmarketing.com\/ca\/producto\/pagos-de-anguix-barrueco\/#breadcrumb\"},\"inLanguage\":\"ca\",\"potentialAction\":[{\"@type\":\"ReadAction\",\"target\":[\"https:\/\/aral2.cetrexmarketing.com\/ca\/producto\/pagos-de-anguix-barrueco\/\"]}]},{\"@type\":\"ImageObject\",\"inLanguage\":\"ca\",\"@id\":\"https:\/\/aral2.cetrexmarketing.com\/ca\/producto\/pagos-de-anguix-barrueco\/#primaryimage\",\"url\":\"https:\/\/aral2.cetrexmarketing.com\/wp-content\/uploads\/2025\/05\/pagos-danguix-barrueco.png\",\"contentUrl\":\"https:\/\/aral2.cetrexmarketing.com\/wp-content\/uploads\/2025\/05\/pagos-danguix-barrueco.png\",\"width\":765,\"height\":1024},{\"@type\":\"BreadcrumbList\",\"@id\":\"https:\/\/aral2.cetrexmarketing.com\/ca\/producto\/pagos-de-anguix-barrueco\/#breadcrumb\",\"itemListElement\":[{\"@type\":\"ListItem\",\"position\":1,\"name\":\"Home\",\"item\":\"https:\/\/aral2.cetrexmarketing.com\/ca\/\"},{\"@type\":\"ListItem\",\"position\":2,\"name\":\"Tienda\",\"item\":\"https:\/\/aral2.cetrexmarketing.com\/ca\/tienda-2\/\"},{\"@type\":\"ListItem\",\"position\":3,\"name\":\"Tienda\",\"item\":\"https:\/\/aral2.cetrexmarketing.com\/categoria-producto\/inicio\/\"},{\"@type\":\"ListItem\",\"position\":4,\"name\":\"Pagos de Anguix Barrueco\"}]},{\"@type\":\"WebSite\",\"@id\":\"https:\/\/aral2.cetrexmarketing.com\/#website\",\"url\":\"https:\/\/aral2.cetrexmarketing.com\/\",\"name\":\"M\u00f3n La Cata\",\"description\":\"Tienda de vinos, licores, cervezas y gourmet\",\"publisher\":{\"@id\":\"https:\/\/aral2.cetrexmarketing.com\/#organization\"},\"potentialAction\":[{\"@type\":\"SearchAction\",\"target\":{\"@type\":\"EntryPoint\",\"urlTemplate\":\"https:\/\/aral2.cetrexmarketing.com\/?s={search_term_string}\"},\"query-input\":{\"@type\":\"PropertyValueSpecification\",\"valueRequired\":true,\"valueName\":\"search_term_string\"}}],\"inLanguage\":\"ca\"},{\"@type\":\"Organization\",\"@id\":\"https:\/\/aral2.cetrexmarketing.com\/#organization\",\"name\":\"M\u00f3n La Cata\",\"url\":\"https:\/\/aral2.cetrexmarketing.com\/\",\"logo\":{\"@type\":\"ImageObject\",\"inLanguage\":\"ca\",\"@id\":\"https:\/\/aral2.cetrexmarketing.com\/#\/schema\/logo\/image\/\",\"url\":\"https:\/\/aral2.cetrexmarketing.com\/wp-content\/uploads\/2024\/10\/aral-logo-neg-1024x409-1.png\",\"contentUrl\":\"https:\/\/aral2.cetrexmarketing.com\/wp-content\/uploads\/2024\/10\/aral-logo-neg-1024x409-1.png\",\"width\":1024,\"height\":409,\"caption\":\"M\u00f3n La Cata\"},\"image\":{\"@id\":\"https:\/\/aral2.cetrexmarketing.com\/#\/schema\/logo\/image\/\"}}]}<\/script>\n<!-- \/ Yoast SEO Premium plugin. -->","yoast_head_json":{"title":"Pagos de Anguix Barrueco","description":"Comprar al millor preu el vi negre Pagos de Anguix Barrueco a M\u00f3n La Cata. Botiga online especialitzada en vins, destil\u00b7lats i alimentaci\u00f3 gurmet.","robots":{"index":"noindex","follow":"follow","max-snippet":"max-snippet:-1","max-image-preview":"max-image-preview:large","max-video-preview":"max-video-preview:-1"},"og_locale":"ca_ES","og_type":"article","og_title":"Pagos de Anguix Barrueco","og_description":"Comprar al millor preu el vi negre Pagos de Anguix Barrueco a M\u00f3n La Cata. Botiga online especialitzada en vins, destil\u00b7lats i alimentaci\u00f3 gurmet.","og_url":"https:\/\/aral2.cetrexmarketing.com\/ca\/producto\/pagos-de-anguix-barrueco\/","og_site_name":"M\u00f3n La Cata","article_modified_time":"2025-05-27T08:18:19+00:00","og_image":[{"width":765,"height":1024,"url":"https:\/\/aral2.cetrexmarketing.com\/wp-content\/uploads\/2025\/05\/pagos-danguix-barrueco.png","type":"image\/png"}],"twitter_card":"summary_large_image","twitter_misc":{"Temps estimat de lectura":"2 minuts"},"schema":{"@context":"https:\/\/schema.org","@graph":[{"@type":"WebPage","@id":"https:\/\/aral2.cetrexmarketing.com\/ca\/producto\/pagos-de-anguix-barrueco\/","url":"https:\/\/aral2.cetrexmarketing.com\/ca\/producto\/pagos-de-anguix-barrueco\/","name":"Pagos de Anguix Barrueco","isPartOf":{"@id":"https:\/\/aral2.cetrexmarketing.com\/#website"},"primaryImageOfPage":{"@id":"https:\/\/aral2.cetrexmarketing.com\/ca\/producto\/pagos-de-anguix-barrueco\/#primaryimage"},"image":{"@id":"https:\/\/aral2.cetrexmarketing.com\/ca\/producto\/pagos-de-anguix-barrueco\/#primaryimage"},"thumbnailUrl":"https:\/\/aral2.cetrexmarketing.com\/wp-content\/uploads\/2025\/05\/pagos-danguix-barrueco.png","datePublished":"2025-05-27T05:11:09+00:00","dateModified":"2025-05-27T08:18:19+00:00","description":"Comprar al millor preu el vi negre Pagos de Anguix Barrueco a M\u00f3n La Cata. Botiga online especialitzada en vins, destil\u00b7lats i alimentaci\u00f3 gurmet.","breadcrumb":{"@id":"https:\/\/aral2.cetrexmarketing.com\/ca\/producto\/pagos-de-anguix-barrueco\/#breadcrumb"},"inLanguage":"ca","potentialAction":[{"@type":"ReadAction","target":["https:\/\/aral2.cetrexmarketing.com\/ca\/producto\/pagos-de-anguix-barrueco\/"]}]},{"@type":"ImageObject","inLanguage":"ca","@id":"https:\/\/aral2.cetrexmarketing.com\/ca\/producto\/pagos-de-anguix-barrueco\/#primaryimage","url":"https:\/\/aral2.cetrexmarketing.com\/wp-content\/uploads\/2025\/05\/pagos-danguix-barrueco.png","contentUrl":"https:\/\/aral2.cetrexmarketing.com\/wp-content\/uploads\/2025\/05\/pagos-danguix-barrueco.png","width":765,"height":1024},{"@type":"BreadcrumbList","@id":"https:\/\/aral2.cetrexmarketing.com\/ca\/producto\/pagos-de-anguix-barrueco\/#breadcrumb","itemListElement":[{"@type":"ListItem","position":1,"name":"Home","item":"https:\/\/aral2.cetrexmarketing.com\/ca\/"},{"@type":"ListItem","position":2,"name":"Tienda","item":"https:\/\/aral2.cetrexmarketing.com\/ca\/tienda-2\/"},{"@type":"ListItem","position":3,"name":"Tienda","item":"https:\/\/aral2.cetrexmarketing.com\/categoria-producto\/inicio\/"},{"@type":"ListItem","position":4,"name":"Pagos de Anguix Barrueco"}]},{"@type":"WebSite","@id":"https:\/\/aral2.cetrexmarketing.com\/#website","url":"https:\/\/aral2.cetrexmarketing.com\/","name":"M\u00f3n La Cata","description":"Tienda de vinos, licores, cervezas y gourmet","publisher":{"@id":"https:\/\/aral2.cetrexmarketing.com\/#organization"},"potentialAction":[{"@type":"SearchAction","target":{"@type":"EntryPoint","urlTemplate":"https:\/\/aral2.cetrexmarketing.com\/?s={search_term_string}"},"query-input":{"@type":"PropertyValueSpecification","valueRequired":true,"valueName":"search_term_string"}}],"inLanguage":"ca"},{"@type":"Organization","@id":"https:\/\/aral2.cetrexmarketing.com\/#organization","name":"M\u00f3n La Cata","url":"https:\/\/aral2.cetrexmarketing.com\/","logo":{"@type":"ImageObject","inLanguage":"ca","@id":"https:\/\/aral2.cetrexmarketing.com\/#\/schema\/logo\/image\/","url":"https:\/\/aral2.cetrexmarketing.com\/wp-content\/uploads\/2024\/10\/aral-logo-neg-1024x409-1.png","contentUrl":"https:\/\/aral2.cetrexmarketing.com\/wp-content\/uploads\/2024\/10\/aral-logo-neg-1024x409-1.png","width":1024,"height":409,"caption":"M\u00f3n La Cata"},"image":{"@id":"https:\/\/aral2.cetrexmarketing.com\/#\/schema\/logo\/image\/"}}]}},"brands":[],"_links":{"self":[{"href":"https:\/\/aral2.cetrexmarketing.com\/ca\/wp-json\/wp\/v2\/product\/121755","targetHints":{"allow":["GET"]}}],"collection":[{"href":"https:\/\/aral2.cetrexmarketing.com\/ca\/wp-json\/wp\/v2\/product"}],"about":[{"href":"https:\/\/aral2.cetrexmarketing.com\/ca\/wp-json\/wp\/v2\/types\/product"}],"replies":[{"embeddable":true,"href":"https:\/\/aral2.cetrexmarketing.com\/ca\/wp-json\/wp\/v2\/comments?post=121755"}],"wp:featuredmedia":[{"embeddable":true,"href":"https:\/\/aral2.cetrexmarketing.com\/ca\/wp-json\/wp\/v2\/media\/121752"}],"wp:attachment":[{"href":"https:\/\/aral2.cetrexmarketing.com\/ca\/wp-json\/wp\/v2\/media?parent=121755"}],"wp:term":[{"taxonomy":"pwb-brand","embeddable":true,"href":"https:\/\/aral2.cetrexmarketing.com\/ca\/wp-json\/wp\/v2\/pwb-brand?post=121755"},{"taxonomy":"product_brand","embeddable":true,"href":"https:\/\/aral2.cetrexmarketing.com\/ca\/wp-json\/wp\/v2\/product_brand?post=121755"},{"taxonomy":"product_cat","embeddable":true,"href":"https:\/\/aral2.cetrexmarketing.com\/ca\/wp-json\/wp\/v2\/product_cat?post=121755"},{"taxonomy":"product_tag","embeddable":true,"href":"https:\/\/aral2.cetrexmarketing.com\/ca\/wp-json\/wp\/v2\/product_tag?post=121755"}],"curies":[{"name":"wp","href":"https:\/\/api.w.org\/{rel}","templated":true}]}}