{"id":121745,"date":"2025-05-26T13:38:48","date_gmt":"2025-05-26T13:38:48","guid":{"rendered":"https:\/\/aral2.cetrexmarketing.com\/producto\/santero-dile-moscato\/"},"modified":"2025-05-27T08:18:10","modified_gmt":"2025-05-27T08:18:10","slug":"santero-dile-moscato","status":"publish","type":"product","link":"https:\/\/aral2.cetrexmarketing.com\/ca\/producto\/santero-dile-moscato\/","title":{"rendered":"Santero Dil\u00e9 Moscato"},"content":{"rendered":"<p class=\"\" data-start=\"0\" data-end=\"363\"><strong data-start=\"0\" data-end=\"24\">Santero Dil\u00e9 Moscato<\/strong> \u00e9s un <strong data-start=\"31\" data-end=\"52\">vi espum\u00f3s itali\u00e0<\/strong> de la regi\u00f3 del <strong data-start=\"69\" data-end=\"80\">Piemont<\/strong>, elaborat amb la varietat de ra\u00efm <strong data-start=\"115\" data-end=\"126\">Moscato<\/strong>, coneguda per la seva frescor, dol\u00e7or i aromes afruitats. Aquest vi es caracteritza per la seva <strong data-start=\"223\" data-end=\"240\">bombolla fina<\/strong> i el seu <strong data-start=\"250\" data-end=\"267\">sabor delicat<\/strong>, essent una opci\u00f3 excel\u00b7lent per aquells que busquen una beguda <strong data-start=\"332\" data-end=\"346\">refrescant<\/strong> i <strong data-start=\"349\" data-end=\"362\">afruitada<\/strong>.<\/p>\n<h3 class=\"\" data-start=\"370\" data-end=\"408\"><strong data-start=\"374\" data-end=\"406\">Caracter\u00edstiques principals:<\/strong><\/h3>\n<ul data-start=\"409\" data-end=\"887\">\n<li class=\"\" data-start=\"409\" data-end=\"454\">\n<p class=\"\" data-start=\"411\" data-end=\"454\"><strong data-start=\"411\" data-end=\"422\">Origen:<\/strong> It\u00e0lia, regi\u00f3 del <strong data-start=\"441\" data-end=\"452\">Piemont<\/strong><\/p>\n<\/li>\n<li class=\"\" data-start=\"455\" data-end=\"494\">\n<p class=\"\" data-start=\"457\" data-end=\"494\"><strong data-start=\"457\" data-end=\"467\">Tipus:<\/strong> <strong data-start=\"468\" data-end=\"492\">Vi espum\u00f3s (Moscato)<\/strong><\/p>\n<\/li>\n<li class=\"\" data-start=\"495\" data-end=\"532\">\n<p class=\"\" data-start=\"497\" data-end=\"532\"><strong data-start=\"497\" data-end=\"518\">Varietat de ra\u00efm:<\/strong> <strong data-start=\"519\" data-end=\"530\">Moscato<\/strong><\/p>\n<\/li>\n<li class=\"\" data-start=\"533\" data-end=\"570\">\n<p class=\"\" data-start=\"535\" data-end=\"570\"><strong data-start=\"535\" data-end=\"560\">Graduaci\u00f3 alcoh\u00f2lica:<\/strong> 5% vol.<\/p>\n<\/li>\n<li class=\"\" data-start=\"571\" data-end=\"711\">\n<p class=\"\" data-start=\"573\" data-end=\"711\"><strong data-start=\"573\" data-end=\"583\">Aroma:<\/strong> Aromes intensos i frescos a <strong data-start=\"612\" data-end=\"633\">fruites tropicals<\/strong> com el <strong data-start=\"641\" data-end=\"649\">mel\u00f3<\/strong>, la <strong data-start=\"654\" data-end=\"662\">pera<\/strong> i el <strong data-start=\"668\" data-end=\"679\">pr\u00e9ssec<\/strong>, amb lleugeres notes florals.<\/p>\n<\/li>\n<li class=\"\" data-start=\"712\" data-end=\"845\">\n<p class=\"\" data-start=\"714\" data-end=\"845\"><strong data-start=\"714\" data-end=\"724\">Sabor:<\/strong> <strong data-start=\"725\" data-end=\"745\">Dol\u00e7 i afruitada<\/strong>, amb un toc <strong data-start=\"758\" data-end=\"772\">refrescant<\/strong> i <strong data-start=\"775\" data-end=\"789\">bombollant<\/strong> que el fa ideal per gaudir <strong data-start=\"817\" data-end=\"824\">sol<\/strong> o amb <strong data-start=\"831\" data-end=\"842\">postres<\/strong>.<\/p>\n<\/li>\n<li class=\"\" data-start=\"846\" data-end=\"887\">\n<p class=\"\" data-start=\"848\" data-end=\"887\"><strong data-start=\"848\" data-end=\"858\">Color:<\/strong> <strong data-start=\"859\" data-end=\"875\">Groc p\u00e0l\u00b7lid<\/strong>, brillant<\/p>\n<\/li>\n<\/ul>\n<h3 class=\"\" data-start=\"894\" data-end=\"920\"><strong data-start=\"898\" data-end=\"918\">Usos recomanats:<\/strong><\/h3>\n<p class=\"\" data-start=\"921\" data-end=\"1152\">\u00a0<strong data-start=\"923\" data-end=\"958\">Perfecte per acompanyar postres<\/strong>, especialment aquells amb <strong data-start=\"985\" data-end=\"1021\">fruites, crema o xocolata blanca<\/strong>.<br data-start=\"1022\" data-end=\"1025\" \/>\u00a0<strong data-start=\"1027\" data-end=\"1062\">Ideal per gaudir com a aperitiu<\/strong> o en <strong data-start=\"1068\" data-end=\"1084\">celebracions<\/strong>.<br data-start=\"1085\" data-end=\"1088\" \/>\u00a0Excel\u00b7lent per maridar amb <strong data-start=\"1119\" data-end=\"1149\">formatges suaus i cremosos<\/strong>.<\/p>\n<h3 class=\"\" data-start=\"1159\" data-end=\"1181\"><strong data-start=\"1163\" data-end=\"1179\">Conservaci\u00f3:<\/strong><\/h3>\n<ul data-start=\"1182\" data-end=\"1287\">\n<li class=\"\" data-start=\"1182\" data-end=\"1287\">\n<p class=\"\" data-start=\"1184\" data-end=\"1287\"><strong data-start=\"1184\" data-end=\"1219\">Mantenir en un lloc fresc i sec<\/strong>, i <strong data-start=\"1223\" data-end=\"1242\">servir ben fred<\/strong> per gaudir de la seva frescor i bombolles.<\/p>\n<\/li>\n<\/ul>\n<p class=\"\" data-start=\"1294\" data-end=\"1512\">\ud83c\udf47 <strong data-start=\"1297\" data-end=\"1321\">Santero Dil\u00e9 Moscato<\/strong> \u00e9s una opci\u00f3 deliciosa per aquells que busquen un <strong data-start=\"1372\" data-end=\"1391\">vi espum\u00f3s dol\u00e7<\/strong>, <strong data-start=\"1393\" data-end=\"1407\">refrescant<\/strong> i ple de sabor afruitada, ideal per a <strong data-start=\"1446\" data-end=\"1468\">ocasions especials<\/strong> o per gaudir d\u2019un <strong data-start=\"1487\" data-end=\"1511\">moment d\u2019indulg\u00e8ncia<\/strong>.<\/p>\n","protected":false},"excerpt":{"rendered":"<p>Santero Dil\u00e9 Moscato \u00e9s un vi espum\u00f3s itali\u00e0 de la regi\u00f3 del Piemont, elaborat amb la varietat de ra\u00efm Moscato, coneguda per la seva frescor, dol\u00e7or i aromes afruitats. Aquest vi es caracteritza per la seva bombolla fina i el seu sabor delicat, essent una opci\u00f3 excel\u00b7lent per aquells que busquen una beguda refrescant i&hellip;<\/p>\n","protected":false},"featured_media":112207,"comment_status":"closed","ping_status":"closed","template":"","meta":{"_acf_changed":false},"pwb-brand":[],"product_brand":[],"product_cat":[51670,51672],"product_tag":[52501,15101,48917],"class_list":{"0":"post-121745","1":"product","2":"type-product","3":"status-publish","4":"has-post-thumbnail","6":"product_cat-vi","7":"product_cat-vi-blanc","8":"product_tag-afrutado-2","9":"product_tag-italia-ca","10":"product_tag-vi-blanc-ca","11":"pa_bodega-bodegasantero-ca","12":"pa_floral-blanc-floral","13":"pa_formatoenml-38306","14":"pa_maridaje-dolcos","15":"pa_pais-italia-ca-2","16":"pa_region-piemonte","17":"pa_variedad-principal-muscat-ca-2","18":"entry","19":"has-media","21":"first","22":"instock","23":"taxable","24":"shipping-taxable","25":"purchasable","26":"product-type-simple"},"acf":[],"yoast_head":"<!-- This site is optimized with the Yoast SEO Premium plugin v23.1 (Yoast SEO v23.5) - https:\/\/yoast.com\/wordpress\/plugins\/seo\/ -->\n<title>Santero Dil\u00e9 Moscato - M\u00f3n La Cata<\/title>\n<meta name=\"description\" content=\"Comprar Santero Dil\u00e9 Moscato en M\u00f3n La Cata . Tienda online especilizada en vino y alimentaci\u00f3n. Env\u00edos puntuales y promociones\" \/>\n<meta name=\"robots\" content=\"noindex, follow, max-snippet:-1, max-image-preview:large, max-video-preview:-1\" \/>\n<meta property=\"og:locale\" content=\"ca_ES\" \/>\n<meta property=\"og:type\" content=\"article\" \/>\n<meta property=\"og:title\" content=\"Santero Dil\u00e9 Moscato\" \/>\n<meta property=\"og:description\" content=\"Comprar Santero Dil\u00e9 Moscato en M\u00f3n La Cata . Tienda online especilizada en vino y alimentaci\u00f3n. Env\u00edos puntuales y promociones\" \/>\n<meta property=\"og:url\" content=\"https:\/\/aral2.cetrexmarketing.com\/ca\/producto\/santero-dile-moscato\/\" \/>\n<meta property=\"og:site_name\" content=\"M\u00f3n La Cata\" \/>\n<meta property=\"article:modified_time\" content=\"2025-05-27T08:18:10+00:00\" \/>\n<meta property=\"og:image\" content=\"https:\/\/aral2.cetrexmarketing.com\/wp-content\/uploads\/2025\/05\/MOSCATO-DIE-SANTERO.jpg-1.png\" \/>\n\t<meta property=\"og:image:width\" content=\"765\" \/>\n\t<meta property=\"og:image:height\" content=\"1024\" \/>\n\t<meta property=\"og:image:type\" content=\"image\/png\" \/>\n<meta name=\"twitter:card\" content=\"summary_large_image\" \/>\n<meta name=\"twitter:label1\" content=\"Temps estimat de lectura\" \/>\n\t<meta name=\"twitter:data1\" content=\"2 minuts\" \/>\n<script type=\"application\/ld+json\" class=\"yoast-schema-graph\">{\"@context\":\"https:\/\/schema.org\",\"@graph\":[{\"@type\":\"WebPage\",\"@id\":\"https:\/\/aral2.cetrexmarketing.com\/ca\/producto\/santero-dile-moscato\/\",\"url\":\"https:\/\/aral2.cetrexmarketing.com\/ca\/producto\/santero-dile-moscato\/\",\"name\":\"Santero Dil\u00e9 Moscato - M\u00f3n La Cata\",\"isPartOf\":{\"@id\":\"https:\/\/aral2.cetrexmarketing.com\/#website\"},\"primaryImageOfPage\":{\"@id\":\"https:\/\/aral2.cetrexmarketing.com\/ca\/producto\/santero-dile-moscato\/#primaryimage\"},\"image\":{\"@id\":\"https:\/\/aral2.cetrexmarketing.com\/ca\/producto\/santero-dile-moscato\/#primaryimage\"},\"thumbnailUrl\":\"https:\/\/aral2.cetrexmarketing.com\/wp-content\/uploads\/2025\/05\/MOSCATO-DIE-SANTERO.jpg-1.png\",\"datePublished\":\"2025-05-26T13:38:48+00:00\",\"dateModified\":\"2025-05-27T08:18:10+00:00\",\"description\":\"Comprar Santero Dil\u00e9 Moscato en M\u00f3n La Cata . Tienda online especilizada en vino y alimentaci\u00f3n. Env\u00edos puntuales y promociones\",\"breadcrumb\":{\"@id\":\"https:\/\/aral2.cetrexmarketing.com\/ca\/producto\/santero-dile-moscato\/#breadcrumb\"},\"inLanguage\":\"ca\",\"potentialAction\":[{\"@type\":\"ReadAction\",\"target\":[\"https:\/\/aral2.cetrexmarketing.com\/ca\/producto\/santero-dile-moscato\/\"]}]},{\"@type\":\"ImageObject\",\"inLanguage\":\"ca\",\"@id\":\"https:\/\/aral2.cetrexmarketing.com\/ca\/producto\/santero-dile-moscato\/#primaryimage\",\"url\":\"https:\/\/aral2.cetrexmarketing.com\/wp-content\/uploads\/2025\/05\/MOSCATO-DIE-SANTERO.jpg-1.png\",\"contentUrl\":\"https:\/\/aral2.cetrexmarketing.com\/wp-content\/uploads\/2025\/05\/MOSCATO-DIE-SANTERO.jpg-1.png\",\"width\":765,\"height\":1024},{\"@type\":\"BreadcrumbList\",\"@id\":\"https:\/\/aral2.cetrexmarketing.com\/ca\/producto\/santero-dile-moscato\/#breadcrumb\",\"itemListElement\":[{\"@type\":\"ListItem\",\"position\":1,\"name\":\"Home\",\"item\":\"https:\/\/aral2.cetrexmarketing.com\/ca\/\"},{\"@type\":\"ListItem\",\"position\":2,\"name\":\"Tienda\",\"item\":\"https:\/\/aral2.cetrexmarketing.com\/ca\/tienda-2\/\"},{\"@type\":\"ListItem\",\"position\":3,\"name\":\"Vino\",\"item\":\"https:\/\/aral2.cetrexmarketing.com\/categoria-producto\/inicio\/vino\/\"},{\"@type\":\"ListItem\",\"position\":4,\"name\":\"Santero Dil\u00e9 Moscato\"}]},{\"@type\":\"WebSite\",\"@id\":\"https:\/\/aral2.cetrexmarketing.com\/#website\",\"url\":\"https:\/\/aral2.cetrexmarketing.com\/\",\"name\":\"M\u00f3n La Cata\",\"description\":\"Tienda de vinos, licores, cervezas y gourmet\",\"publisher\":{\"@id\":\"https:\/\/aral2.cetrexmarketing.com\/#organization\"},\"potentialAction\":[{\"@type\":\"SearchAction\",\"target\":{\"@type\":\"EntryPoint\",\"urlTemplate\":\"https:\/\/aral2.cetrexmarketing.com\/?s={search_term_string}\"},\"query-input\":{\"@type\":\"PropertyValueSpecification\",\"valueRequired\":true,\"valueName\":\"search_term_string\"}}],\"inLanguage\":\"ca\"},{\"@type\":\"Organization\",\"@id\":\"https:\/\/aral2.cetrexmarketing.com\/#organization\",\"name\":\"M\u00f3n La Cata\",\"url\":\"https:\/\/aral2.cetrexmarketing.com\/\",\"logo\":{\"@type\":\"ImageObject\",\"inLanguage\":\"ca\",\"@id\":\"https:\/\/aral2.cetrexmarketing.com\/#\/schema\/logo\/image\/\",\"url\":\"https:\/\/aral2.cetrexmarketing.com\/wp-content\/uploads\/2024\/10\/aral-logo-neg-1024x409-1.png\",\"contentUrl\":\"https:\/\/aral2.cetrexmarketing.com\/wp-content\/uploads\/2024\/10\/aral-logo-neg-1024x409-1.png\",\"width\":1024,\"height\":409,\"caption\":\"M\u00f3n La Cata\"},\"image\":{\"@id\":\"https:\/\/aral2.cetrexmarketing.com\/#\/schema\/logo\/image\/\"}}]}<\/script>\n<!-- \/ Yoast SEO Premium plugin. -->","yoast_head_json":{"title":"Santero Dil\u00e9 Moscato - M\u00f3n La Cata","description":"Comprar Santero Dil\u00e9 Moscato en M\u00f3n La Cata . Tienda online especilizada en vino y alimentaci\u00f3n. Env\u00edos puntuales y promociones","robots":{"index":"noindex","follow":"follow","max-snippet":"max-snippet:-1","max-image-preview":"max-image-preview:large","max-video-preview":"max-video-preview:-1"},"og_locale":"ca_ES","og_type":"article","og_title":"Santero Dil\u00e9 Moscato","og_description":"Comprar Santero Dil\u00e9 Moscato en M\u00f3n La Cata . Tienda online especilizada en vino y alimentaci\u00f3n. Env\u00edos puntuales y promociones","og_url":"https:\/\/aral2.cetrexmarketing.com\/ca\/producto\/santero-dile-moscato\/","og_site_name":"M\u00f3n La Cata","article_modified_time":"2025-05-27T08:18:10+00:00","og_image":[{"width":765,"height":1024,"url":"https:\/\/aral2.cetrexmarketing.com\/wp-content\/uploads\/2025\/05\/MOSCATO-DIE-SANTERO.jpg-1.png","type":"image\/png"}],"twitter_card":"summary_large_image","twitter_misc":{"Temps estimat de lectura":"2 minuts"},"schema":{"@context":"https:\/\/schema.org","@graph":[{"@type":"WebPage","@id":"https:\/\/aral2.cetrexmarketing.com\/ca\/producto\/santero-dile-moscato\/","url":"https:\/\/aral2.cetrexmarketing.com\/ca\/producto\/santero-dile-moscato\/","name":"Santero Dil\u00e9 Moscato - M\u00f3n La Cata","isPartOf":{"@id":"https:\/\/aral2.cetrexmarketing.com\/#website"},"primaryImageOfPage":{"@id":"https:\/\/aral2.cetrexmarketing.com\/ca\/producto\/santero-dile-moscato\/#primaryimage"},"image":{"@id":"https:\/\/aral2.cetrexmarketing.com\/ca\/producto\/santero-dile-moscato\/#primaryimage"},"thumbnailUrl":"https:\/\/aral2.cetrexmarketing.com\/wp-content\/uploads\/2025\/05\/MOSCATO-DIE-SANTERO.jpg-1.png","datePublished":"2025-05-26T13:38:48+00:00","dateModified":"2025-05-27T08:18:10+00:00","description":"Comprar Santero Dil\u00e9 Moscato en M\u00f3n La Cata . Tienda online especilizada en vino y alimentaci\u00f3n. Env\u00edos puntuales y promociones","breadcrumb":{"@id":"https:\/\/aral2.cetrexmarketing.com\/ca\/producto\/santero-dile-moscato\/#breadcrumb"},"inLanguage":"ca","potentialAction":[{"@type":"ReadAction","target":["https:\/\/aral2.cetrexmarketing.com\/ca\/producto\/santero-dile-moscato\/"]}]},{"@type":"ImageObject","inLanguage":"ca","@id":"https:\/\/aral2.cetrexmarketing.com\/ca\/producto\/santero-dile-moscato\/#primaryimage","url":"https:\/\/aral2.cetrexmarketing.com\/wp-content\/uploads\/2025\/05\/MOSCATO-DIE-SANTERO.jpg-1.png","contentUrl":"https:\/\/aral2.cetrexmarketing.com\/wp-content\/uploads\/2025\/05\/MOSCATO-DIE-SANTERO.jpg-1.png","width":765,"height":1024},{"@type":"BreadcrumbList","@id":"https:\/\/aral2.cetrexmarketing.com\/ca\/producto\/santero-dile-moscato\/#breadcrumb","itemListElement":[{"@type":"ListItem","position":1,"name":"Home","item":"https:\/\/aral2.cetrexmarketing.com\/ca\/"},{"@type":"ListItem","position":2,"name":"Tienda","item":"https:\/\/aral2.cetrexmarketing.com\/ca\/tienda-2\/"},{"@type":"ListItem","position":3,"name":"Vino","item":"https:\/\/aral2.cetrexmarketing.com\/categoria-producto\/inicio\/vino\/"},{"@type":"ListItem","position":4,"name":"Santero Dil\u00e9 Moscato"}]},{"@type":"WebSite","@id":"https:\/\/aral2.cetrexmarketing.com\/#website","url":"https:\/\/aral2.cetrexmarketing.com\/","name":"M\u00f3n La Cata","description":"Tienda de vinos, licores, cervezas y gourmet","publisher":{"@id":"https:\/\/aral2.cetrexmarketing.com\/#organization"},"potentialAction":[{"@type":"SearchAction","target":{"@type":"EntryPoint","urlTemplate":"https:\/\/aral2.cetrexmarketing.com\/?s={search_term_string}"},"query-input":{"@type":"PropertyValueSpecification","valueRequired":true,"valueName":"search_term_string"}}],"inLanguage":"ca"},{"@type":"Organization","@id":"https:\/\/aral2.cetrexmarketing.com\/#organization","name":"M\u00f3n La Cata","url":"https:\/\/aral2.cetrexmarketing.com\/","logo":{"@type":"ImageObject","inLanguage":"ca","@id":"https:\/\/aral2.cetrexmarketing.com\/#\/schema\/logo\/image\/","url":"https:\/\/aral2.cetrexmarketing.com\/wp-content\/uploads\/2024\/10\/aral-logo-neg-1024x409-1.png","contentUrl":"https:\/\/aral2.cetrexmarketing.com\/wp-content\/uploads\/2024\/10\/aral-logo-neg-1024x409-1.png","width":1024,"height":409,"caption":"M\u00f3n La Cata"},"image":{"@id":"https:\/\/aral2.cetrexmarketing.com\/#\/schema\/logo\/image\/"}}]}},"brands":[],"_links":{"self":[{"href":"https:\/\/aral2.cetrexmarketing.com\/ca\/wp-json\/wp\/v2\/product\/121745","targetHints":{"allow":["GET"]}}],"collection":[{"href":"https:\/\/aral2.cetrexmarketing.com\/ca\/wp-json\/wp\/v2\/product"}],"about":[{"href":"https:\/\/aral2.cetrexmarketing.com\/ca\/wp-json\/wp\/v2\/types\/product"}],"replies":[{"embeddable":true,"href":"https:\/\/aral2.cetrexmarketing.com\/ca\/wp-json\/wp\/v2\/comments?post=121745"}],"wp:featuredmedia":[{"embeddable":true,"href":"https:\/\/aral2.cetrexmarketing.com\/ca\/wp-json\/wp\/v2\/media\/112207"}],"wp:attachment":[{"href":"https:\/\/aral2.cetrexmarketing.com\/ca\/wp-json\/wp\/v2\/media?parent=121745"}],"wp:term":[{"taxonomy":"pwb-brand","embeddable":true,"href":"https:\/\/aral2.cetrexmarketing.com\/ca\/wp-json\/wp\/v2\/pwb-brand?post=121745"},{"taxonomy":"product_brand","embeddable":true,"href":"https:\/\/aral2.cetrexmarketing.com\/ca\/wp-json\/wp\/v2\/product_brand?post=121745"},{"taxonomy":"product_cat","embeddable":true,"href":"https:\/\/aral2.cetrexmarketing.com\/ca\/wp-json\/wp\/v2\/product_cat?post=121745"},{"taxonomy":"product_tag","embeddable":true,"href":"https:\/\/aral2.cetrexmarketing.com\/ca\/wp-json\/wp\/v2\/product_tag?post=121745"}],"curies":[{"name":"wp","href":"https:\/\/api.w.org\/{rel}","templated":true}]}}