{"id":121736,"date":"2025-05-26T14:52:10","date_gmt":"2025-05-26T14:52:10","guid":{"rendered":"https:\/\/aral2.cetrexmarketing.com\/producto\/matusalem-7-anys\/"},"modified":"2025-05-27T08:18:00","modified_gmt":"2025-05-27T08:18:00","slug":"matusalem-7-anys","status":"publish","type":"product","link":"https:\/\/aral2.cetrexmarketing.com\/ca\/producto\/matusalem-7-anys\/","title":{"rendered":"Matusalem 7 anys"},"content":{"rendered":"<p class=\"\" data-start=\"0\" data-end=\"301\"><strong data-start=\"0\" data-end=\"20\">Matusalem 7 A\u00f1os<\/strong> \u00e9s un <strong data-start=\"27\" data-end=\"57\">rom a\u00f1ejo de gran qualitat<\/strong>, originari de la <strong data-start=\"75\" data-end=\"99\">Rep\u00fablica Dominicana<\/strong>, reconegut per la seva <strong data-start=\"123\" data-end=\"169\">suavitat, equilibri i profunditat de sabor<\/strong>. La seva elaboraci\u00f3 segueix el tradicional <strong data-start=\"213\" data-end=\"234\">sistema de solera<\/strong>, conferint-li un <strong data-start=\"252\" data-end=\"272\">car\u00e0cter refinat<\/strong> i una <strong data-start=\"279\" data-end=\"300\">complexitat \u00fanica<\/strong>.<\/p>\n<hr class=\"\" data-start=\"303\" data-end=\"306\" \/>\n<h3 class=\"\" data-start=\"308\" data-end=\"346\"><strong data-start=\"312\" data-end=\"344\">Caracter\u00edstiques principals:<\/strong><\/h3>\n<ul data-start=\"347\" data-end=\"863\">\n<li class=\"\" data-start=\"347\" data-end=\"383\">\n<p class=\"\" data-start=\"349\" data-end=\"383\"><strong data-start=\"349\" data-end=\"360\">Origen:<\/strong> Rep\u00fablica Dominicana<\/p>\n<\/li>\n<li class=\"\" data-start=\"384\" data-end=\"408\">\n<p class=\"\" data-start=\"386\" data-end=\"408\"><strong data-start=\"386\" data-end=\"396\">Tipus:<\/strong> Rom a\u00f1ejo<\/p>\n<\/li>\n<li class=\"\" data-start=\"409\" data-end=\"476\">\n<p class=\"\" data-start=\"411\" data-end=\"476\"><strong data-start=\"411\" data-end=\"427\">Envelliment:<\/strong> <strong data-start=\"428\" data-end=\"438\">7 anys<\/strong> mitjan\u00e7ant el <strong data-start=\"453\" data-end=\"474\">sistema de solera<\/strong><\/p>\n<\/li>\n<li class=\"\" data-start=\"477\" data-end=\"515\">\n<p class=\"\" data-start=\"479\" data-end=\"515\"><strong data-start=\"479\" data-end=\"504\">Graduaci\u00f3 alcoh\u00f2lica:<\/strong> 40% vol.<\/p>\n<\/li>\n<li class=\"\" data-start=\"516\" data-end=\"572\">\n<p class=\"\" data-start=\"518\" data-end=\"572\"><strong data-start=\"518\" data-end=\"528\">Color:<\/strong> <strong data-start=\"529\" data-end=\"545\">Ambre daurat<\/strong> amb reflexos <strong data-start=\"559\" data-end=\"570\">cobrits<\/strong><\/p>\n<\/li>\n<li class=\"\" data-start=\"573\" data-end=\"671\">\n<p class=\"\" data-start=\"575\" data-end=\"671\"><strong data-start=\"575\" data-end=\"585\">Aroma:<\/strong> Notes dolces de <strong data-start=\"602\" data-end=\"637\">caramel, vainilla i fruits secs<\/strong>, amb un toc de <strong data-start=\"653\" data-end=\"669\">roure torrat<\/strong><\/p>\n<\/li>\n<li class=\"\" data-start=\"672\" data-end=\"787\">\n<p class=\"\" data-start=\"674\" data-end=\"787\"><strong data-start=\"674\" data-end=\"684\">Sabor:<\/strong> <strong data-start=\"685\" data-end=\"706\">Suau i equilibrat<\/strong>, amb matisos de <strong data-start=\"723\" data-end=\"750\">mel, ametlles, esp\u00e8cies<\/strong> i un <strong data-start=\"756\" data-end=\"785\">toc lleugerament amaderat<\/strong><\/p>\n<\/li>\n<li class=\"\" data-start=\"788\" data-end=\"863\">\n<p class=\"\" data-start=\"790\" data-end=\"863\"><strong data-start=\"790\" data-end=\"800\">Final:<\/strong> <strong data-start=\"801\" data-end=\"825\">Persistent i elegant<\/strong>, amb un <strong data-start=\"834\" data-end=\"861\">retrogust c\u00e0lid i sed\u00f3s<\/strong><\/p>\n<\/li>\n<\/ul>\n<h3 class=\"\" data-start=\"870\" data-end=\"896\"><strong data-start=\"874\" data-end=\"894\">Usos recomanats:<\/strong><\/h3>\n<p class=\"\" data-start=\"897\" data-end=\"1049\">\u00a0<strong data-start=\"899\" data-end=\"937\">Perfecte per prendre sol o amb gel<\/strong>, gaudint de la seva <strong data-start=\"958\" data-end=\"970\">suavitat<\/strong>.<br data-start=\"971\" data-end=\"974\" \/>\u00a0<strong data-start=\"976\" data-end=\"999\">Ideal per a c\u00f2ctels<\/strong> com <strong data-start=\"1004\" data-end=\"1046\">Cuba Libre, Mojito o Ron Old Fashioned<\/strong>.<\/p>\n<h3 class=\"\" data-start=\"1056\" data-end=\"1078\"><strong data-start=\"1060\" data-end=\"1076\">Conservaci\u00f3:<\/strong><\/h3>\n<ul data-start=\"1079\" data-end=\"1173\">\n<li class=\"\" data-start=\"1079\" data-end=\"1173\">\n<p class=\"\" data-start=\"1081\" data-end=\"1173\"><strong data-start=\"1081\" data-end=\"1116\">Mantenir en un lloc fresc i sec<\/strong>, allunyat de la <strong data-start=\"1133\" data-end=\"1149\">llum directa<\/strong> i <strong data-start=\"1152\" data-end=\"1170\">fonts de calor<\/strong>.<\/p>\n<\/li>\n<\/ul>\n<p class=\"\" data-start=\"1180\" data-end=\"1387\">\ud83e\udd43 <strong data-start=\"1183\" data-end=\"1203\">Matusalem 7 A\u00f1os<\/strong> \u00e9s un <strong data-start=\"1210\" data-end=\"1236\">rom vers\u00e0til i refinat<\/strong>, ideal tant per a <strong data-start=\"1255\" data-end=\"1271\">degustar sol<\/strong> com per a <strong data-start=\"1282\" data-end=\"1305\">barrejar en c\u00f2ctels<\/strong>, oferint una experi\u00e8ncia de <strong data-start=\"1334\" data-end=\"1346\">qualitat<\/strong> amb la seva <strong data-start=\"1359\" data-end=\"1386\">suavitat caracter\u00edstica<\/strong>.<\/p>\n","protected":false},"excerpt":{"rendered":"<p>Matusalem 7 A\u00f1os \u00e9s un rom a\u00f1ejo de gran qualitat, originari de la Rep\u00fablica Dominicana, reconegut per la seva suavitat, equilibri i profunditat de sabor. La seva elaboraci\u00f3 segueix el tradicional sistema de solera, conferint-li un car\u00e0cter refinat i una complexitat \u00fanica. Caracter\u00edstiques principals: Origen: Rep\u00fablica Dominicana Tipus: Rom a\u00f1ejo Envelliment: 7 anys mitjan\u00e7ant el&hellip;<\/p>\n","protected":false},"featured_media":116477,"comment_status":"closed","ping_status":"closed","template":"","meta":{"_acf_changed":false},"pwb-brand":[],"product_brand":[],"product_cat":[51692,51720],"product_tag":[50722,15232,38940,38943,50711],"class_list":{"0":"post-121736","1":"product","2":"type-product","3":"status-publish","4":"has-post-thumbnail","6":"product_cat-destillats","7":"product_cat-rom","8":"product_tag-matusalem-7-anys","9":"product_tag-republica-dominicana-ca","10":"product_tag-rom","11":"product_tag-rom-dominica","12":"product_tag-rom-matusalem","13":"pa_destileria-matusalem-ca","14":"pa_formatoenml-38307","15":"pa_graduacion-40_0","16":"pa_pais-republica-dominicana","17":"entry","18":"has-media","20":"first","21":"instock","22":"taxable","23":"shipping-taxable","24":"purchasable","25":"product-type-simple"},"acf":[],"yoast_head":"<!-- This site is optimized with the Yoast SEO Premium plugin v23.1 (Yoast SEO v23.5) - https:\/\/yoast.com\/wordpress\/plugins\/seo\/ -->\n<title>Matusalem 7 anys - M\u00f3n La Cata<\/title>\n<meta name=\"description\" content=\"Comprar Matusalem 7 anys en M\u00f3n La Cata . Tienda online especilizada en vino y alimentaci\u00f3n. Env\u00edos puntuales y promociones\" \/>\n<meta name=\"robots\" content=\"noindex, follow, max-snippet:-1, max-image-preview:large, max-video-preview:-1\" \/>\n<meta property=\"og:locale\" content=\"ca_ES\" \/>\n<meta property=\"og:type\" content=\"article\" \/>\n<meta property=\"og:title\" content=\"Matusalem 7 anys\" \/>\n<meta property=\"og:description\" content=\"Comprar Matusalem 7 anys en M\u00f3n La Cata . Tienda online especilizada en vino y alimentaci\u00f3n. Env\u00edos puntuales y promociones\" \/>\n<meta property=\"og:url\" content=\"https:\/\/aral2.cetrexmarketing.com\/ca\/producto\/matusalem-7-anys\/\" \/>\n<meta property=\"og:site_name\" content=\"M\u00f3n La Cata\" \/>\n<meta property=\"article:modified_time\" content=\"2025-05-27T08:18:00+00:00\" \/>\n<meta property=\"og:image\" content=\"https:\/\/aral2.cetrexmarketing.com\/wp-content\/uploads\/2025\/05\/MATUSALEM-7-ANOS.png\" \/>\n\t<meta property=\"og:image:width\" content=\"765\" \/>\n\t<meta property=\"og:image:height\" content=\"1024\" \/>\n\t<meta property=\"og:image:type\" content=\"image\/png\" \/>\n<meta name=\"twitter:card\" content=\"summary_large_image\" \/>\n<meta name=\"twitter:label1\" content=\"Temps estimat de lectura\" \/>\n\t<meta name=\"twitter:data1\" content=\"1 minut\" \/>\n<script type=\"application\/ld+json\" class=\"yoast-schema-graph\">{\"@context\":\"https:\/\/schema.org\",\"@graph\":[{\"@type\":\"WebPage\",\"@id\":\"https:\/\/aral2.cetrexmarketing.com\/ca\/producto\/matusalem-7-anys\/\",\"url\":\"https:\/\/aral2.cetrexmarketing.com\/ca\/producto\/matusalem-7-anys\/\",\"name\":\"Matusalem 7 anys - M\u00f3n La Cata\",\"isPartOf\":{\"@id\":\"https:\/\/aral2.cetrexmarketing.com\/#website\"},\"primaryImageOfPage\":{\"@id\":\"https:\/\/aral2.cetrexmarketing.com\/ca\/producto\/matusalem-7-anys\/#primaryimage\"},\"image\":{\"@id\":\"https:\/\/aral2.cetrexmarketing.com\/ca\/producto\/matusalem-7-anys\/#primaryimage\"},\"thumbnailUrl\":\"https:\/\/aral2.cetrexmarketing.com\/wp-content\/uploads\/2025\/05\/MATUSALEM-7-ANOS.png\",\"datePublished\":\"2025-05-26T14:52:10+00:00\",\"dateModified\":\"2025-05-27T08:18:00+00:00\",\"description\":\"Comprar Matusalem 7 anys en M\u00f3n La Cata . Tienda online especilizada en vino y alimentaci\u00f3n. Env\u00edos puntuales y promociones\",\"breadcrumb\":{\"@id\":\"https:\/\/aral2.cetrexmarketing.com\/ca\/producto\/matusalem-7-anys\/#breadcrumb\"},\"inLanguage\":\"ca\",\"potentialAction\":[{\"@type\":\"ReadAction\",\"target\":[\"https:\/\/aral2.cetrexmarketing.com\/ca\/producto\/matusalem-7-anys\/\"]}]},{\"@type\":\"ImageObject\",\"inLanguage\":\"ca\",\"@id\":\"https:\/\/aral2.cetrexmarketing.com\/ca\/producto\/matusalem-7-anys\/#primaryimage\",\"url\":\"https:\/\/aral2.cetrexmarketing.com\/wp-content\/uploads\/2025\/05\/MATUSALEM-7-ANOS.png\",\"contentUrl\":\"https:\/\/aral2.cetrexmarketing.com\/wp-content\/uploads\/2025\/05\/MATUSALEM-7-ANOS.png\",\"width\":765,\"height\":1024},{\"@type\":\"BreadcrumbList\",\"@id\":\"https:\/\/aral2.cetrexmarketing.com\/ca\/producto\/matusalem-7-anys\/#breadcrumb\",\"itemListElement\":[{\"@type\":\"ListItem\",\"position\":1,\"name\":\"Home\",\"item\":\"https:\/\/aral2.cetrexmarketing.com\/ca\/\"},{\"@type\":\"ListItem\",\"position\":2,\"name\":\"Tienda\",\"item\":\"https:\/\/aral2.cetrexmarketing.com\/ca\/tienda-2\/\"},{\"@type\":\"ListItem\",\"position\":3,\"name\":\"Destilados\",\"item\":\"https:\/\/aral2.cetrexmarketing.com\/categoria-producto\/inicio\/destilados\/\"},{\"@type\":\"ListItem\",\"position\":4,\"name\":\"Matusalem 7 anys\"}]},{\"@type\":\"WebSite\",\"@id\":\"https:\/\/aral2.cetrexmarketing.com\/#website\",\"url\":\"https:\/\/aral2.cetrexmarketing.com\/\",\"name\":\"M\u00f3n La Cata\",\"description\":\"Tienda de vinos, licores, cervezas y gourmet\",\"publisher\":{\"@id\":\"https:\/\/aral2.cetrexmarketing.com\/#organization\"},\"potentialAction\":[{\"@type\":\"SearchAction\",\"target\":{\"@type\":\"EntryPoint\",\"urlTemplate\":\"https:\/\/aral2.cetrexmarketing.com\/?s={search_term_string}\"},\"query-input\":{\"@type\":\"PropertyValueSpecification\",\"valueRequired\":true,\"valueName\":\"search_term_string\"}}],\"inLanguage\":\"ca\"},{\"@type\":\"Organization\",\"@id\":\"https:\/\/aral2.cetrexmarketing.com\/#organization\",\"name\":\"M\u00f3n La Cata\",\"url\":\"https:\/\/aral2.cetrexmarketing.com\/\",\"logo\":{\"@type\":\"ImageObject\",\"inLanguage\":\"ca\",\"@id\":\"https:\/\/aral2.cetrexmarketing.com\/#\/schema\/logo\/image\/\",\"url\":\"https:\/\/aral2.cetrexmarketing.com\/wp-content\/uploads\/2024\/10\/aral-logo-neg-1024x409-1.png\",\"contentUrl\":\"https:\/\/aral2.cetrexmarketing.com\/wp-content\/uploads\/2024\/10\/aral-logo-neg-1024x409-1.png\",\"width\":1024,\"height\":409,\"caption\":\"M\u00f3n La Cata\"},\"image\":{\"@id\":\"https:\/\/aral2.cetrexmarketing.com\/#\/schema\/logo\/image\/\"}}]}<\/script>\n<!-- \/ Yoast SEO Premium plugin. -->","yoast_head_json":{"title":"Matusalem 7 anys - M\u00f3n La Cata","description":"Comprar Matusalem 7 anys en M\u00f3n La Cata . Tienda online especilizada en vino y alimentaci\u00f3n. Env\u00edos puntuales y promociones","robots":{"index":"noindex","follow":"follow","max-snippet":"max-snippet:-1","max-image-preview":"max-image-preview:large","max-video-preview":"max-video-preview:-1"},"og_locale":"ca_ES","og_type":"article","og_title":"Matusalem 7 anys","og_description":"Comprar Matusalem 7 anys en M\u00f3n La Cata . Tienda online especilizada en vino y alimentaci\u00f3n. Env\u00edos puntuales y promociones","og_url":"https:\/\/aral2.cetrexmarketing.com\/ca\/producto\/matusalem-7-anys\/","og_site_name":"M\u00f3n La Cata","article_modified_time":"2025-05-27T08:18:00+00:00","og_image":[{"width":765,"height":1024,"url":"https:\/\/aral2.cetrexmarketing.com\/wp-content\/uploads\/2025\/05\/MATUSALEM-7-ANOS.png","type":"image\/png"}],"twitter_card":"summary_large_image","twitter_misc":{"Temps estimat de lectura":"1 minut"},"schema":{"@context":"https:\/\/schema.org","@graph":[{"@type":"WebPage","@id":"https:\/\/aral2.cetrexmarketing.com\/ca\/producto\/matusalem-7-anys\/","url":"https:\/\/aral2.cetrexmarketing.com\/ca\/producto\/matusalem-7-anys\/","name":"Matusalem 7 anys - M\u00f3n La Cata","isPartOf":{"@id":"https:\/\/aral2.cetrexmarketing.com\/#website"},"primaryImageOfPage":{"@id":"https:\/\/aral2.cetrexmarketing.com\/ca\/producto\/matusalem-7-anys\/#primaryimage"},"image":{"@id":"https:\/\/aral2.cetrexmarketing.com\/ca\/producto\/matusalem-7-anys\/#primaryimage"},"thumbnailUrl":"https:\/\/aral2.cetrexmarketing.com\/wp-content\/uploads\/2025\/05\/MATUSALEM-7-ANOS.png","datePublished":"2025-05-26T14:52:10+00:00","dateModified":"2025-05-27T08:18:00+00:00","description":"Comprar Matusalem 7 anys en M\u00f3n La Cata . Tienda online especilizada en vino y alimentaci\u00f3n. Env\u00edos puntuales y promociones","breadcrumb":{"@id":"https:\/\/aral2.cetrexmarketing.com\/ca\/producto\/matusalem-7-anys\/#breadcrumb"},"inLanguage":"ca","potentialAction":[{"@type":"ReadAction","target":["https:\/\/aral2.cetrexmarketing.com\/ca\/producto\/matusalem-7-anys\/"]}]},{"@type":"ImageObject","inLanguage":"ca","@id":"https:\/\/aral2.cetrexmarketing.com\/ca\/producto\/matusalem-7-anys\/#primaryimage","url":"https:\/\/aral2.cetrexmarketing.com\/wp-content\/uploads\/2025\/05\/MATUSALEM-7-ANOS.png","contentUrl":"https:\/\/aral2.cetrexmarketing.com\/wp-content\/uploads\/2025\/05\/MATUSALEM-7-ANOS.png","width":765,"height":1024},{"@type":"BreadcrumbList","@id":"https:\/\/aral2.cetrexmarketing.com\/ca\/producto\/matusalem-7-anys\/#breadcrumb","itemListElement":[{"@type":"ListItem","position":1,"name":"Home","item":"https:\/\/aral2.cetrexmarketing.com\/ca\/"},{"@type":"ListItem","position":2,"name":"Tienda","item":"https:\/\/aral2.cetrexmarketing.com\/ca\/tienda-2\/"},{"@type":"ListItem","position":3,"name":"Destilados","item":"https:\/\/aral2.cetrexmarketing.com\/categoria-producto\/inicio\/destilados\/"},{"@type":"ListItem","position":4,"name":"Matusalem 7 anys"}]},{"@type":"WebSite","@id":"https:\/\/aral2.cetrexmarketing.com\/#website","url":"https:\/\/aral2.cetrexmarketing.com\/","name":"M\u00f3n La Cata","description":"Tienda de vinos, licores, cervezas y gourmet","publisher":{"@id":"https:\/\/aral2.cetrexmarketing.com\/#organization"},"potentialAction":[{"@type":"SearchAction","target":{"@type":"EntryPoint","urlTemplate":"https:\/\/aral2.cetrexmarketing.com\/?s={search_term_string}"},"query-input":{"@type":"PropertyValueSpecification","valueRequired":true,"valueName":"search_term_string"}}],"inLanguage":"ca"},{"@type":"Organization","@id":"https:\/\/aral2.cetrexmarketing.com\/#organization","name":"M\u00f3n La Cata","url":"https:\/\/aral2.cetrexmarketing.com\/","logo":{"@type":"ImageObject","inLanguage":"ca","@id":"https:\/\/aral2.cetrexmarketing.com\/#\/schema\/logo\/image\/","url":"https:\/\/aral2.cetrexmarketing.com\/wp-content\/uploads\/2024\/10\/aral-logo-neg-1024x409-1.png","contentUrl":"https:\/\/aral2.cetrexmarketing.com\/wp-content\/uploads\/2024\/10\/aral-logo-neg-1024x409-1.png","width":1024,"height":409,"caption":"M\u00f3n La Cata"},"image":{"@id":"https:\/\/aral2.cetrexmarketing.com\/#\/schema\/logo\/image\/"}}]}},"brands":[],"_links":{"self":[{"href":"https:\/\/aral2.cetrexmarketing.com\/ca\/wp-json\/wp\/v2\/product\/121736","targetHints":{"allow":["GET"]}}],"collection":[{"href":"https:\/\/aral2.cetrexmarketing.com\/ca\/wp-json\/wp\/v2\/product"}],"about":[{"href":"https:\/\/aral2.cetrexmarketing.com\/ca\/wp-json\/wp\/v2\/types\/product"}],"replies":[{"embeddable":true,"href":"https:\/\/aral2.cetrexmarketing.com\/ca\/wp-json\/wp\/v2\/comments?post=121736"}],"wp:featuredmedia":[{"embeddable":true,"href":"https:\/\/aral2.cetrexmarketing.com\/ca\/wp-json\/wp\/v2\/media\/116477"}],"wp:attachment":[{"href":"https:\/\/aral2.cetrexmarketing.com\/ca\/wp-json\/wp\/v2\/media?parent=121736"}],"wp:term":[{"taxonomy":"pwb-brand","embeddable":true,"href":"https:\/\/aral2.cetrexmarketing.com\/ca\/wp-json\/wp\/v2\/pwb-brand?post=121736"},{"taxonomy":"product_brand","embeddable":true,"href":"https:\/\/aral2.cetrexmarketing.com\/ca\/wp-json\/wp\/v2\/product_brand?post=121736"},{"taxonomy":"product_cat","embeddable":true,"href":"https:\/\/aral2.cetrexmarketing.com\/ca\/wp-json\/wp\/v2\/product_cat?post=121736"},{"taxonomy":"product_tag","embeddable":true,"href":"https:\/\/aral2.cetrexmarketing.com\/ca\/wp-json\/wp\/v2\/product_tag?post=121736"}],"curies":[{"name":"wp","href":"https:\/\/api.w.org\/{rel}","templated":true}]}}