{"id":121614,"date":"2025-05-27T05:07:48","date_gmt":"2025-05-27T05:07:48","guid":{"rendered":"https:\/\/aral2.cetrexmarketing.com\/producto\/raimat-zero-rosat\/"},"modified":"2025-05-27T08:17:13","modified_gmt":"2025-05-27T08:17:13","slug":"raimat-zero-rosat","status":"publish","type":"product","link":"https:\/\/aral2.cetrexmarketing.com\/ca\/producto\/raimat-zero-rosat\/","title":{"rendered":"Raimat Zero Rosat"},"content":{"rendered":"<p>Raimat Zero Rosat \u00e9s un vi rosat sense alcohol elaborat pel celler Raimat (D.O. Costers del Segre, Lleida), que combina tradici\u00f3 i innovaci\u00f3 per oferir una alternativa saludable sense renunciar al sabor ni a la qualitat.<\/p>\n<p><strong>Varietats i elaboraci\u00f3<\/strong><\/p>\n<p>Aquest rosat s\u2019elabora a partir de ra\u00efms Merlot, Cabernet Sauvignon i Garnatxa. Despr\u00e9s d\u2019un proc\u00e9s de vinificaci\u00f3 tradicional, se sotmet a una destil\u00b7laci\u00f3 innovadora que elimina exclusivament l\u2019alcohol, reduint-ne el contingut a menys del 0,5%, sense afegir aromes artificials i preservant els components arom\u00e0tics originals del vi.<\/p>\n<p><strong>Notes de tast<\/strong><\/p>\n<ul>\n<li>Vista: Color rosa salm\u00f3 brillant.<\/li>\n<li>Nas: Aromes atractius de maduixes i fruita de pinyol, amb un fons de matisos florals.<\/li>\n<li>Boca: Sabor equilibrat, amb una sensaci\u00f3 final elegant i subtil, i un regust de fruita fresca.<\/li>\n<\/ul>\n<p><strong>Maridatge recomanat<\/strong><\/p>\n<p>Ideal per acompanyar peixos, carns blanques i plats amb verdures.<\/p>\n<p><strong>Comprom\u00eds sostenible<\/strong><\/p>\n<p>Raimat cultiva les seves vinyes de manera 100% ecol\u00f2gica i aplica pr\u00e0ctiques agr\u00edcoles regeneratives, reafirmant aix\u00ed el seu comprom\u00eds amb la sostenibilitat en el sector vitivin\u00edcola.<\/p>\n","protected":false},"excerpt":{"rendered":"<p><strong data-start=\"0\" data-end=\"21\" data-is-only-node=\"\">Raimat Zero Rosat<\/strong> \u00e9s un vi sense alcohol elaborat amb ra\u00efms Merlot, Cabernet Sauvignon i Garnatxa, que destaca per la seva frescor, sabor equilibrat i aromes de fruita vermella i matisos florals. Amb menys del 0,5% d\u2019alcohol, s\u2019obt\u00e9 mitjan\u00e7ant un proc\u00e9s innovador que preserva les seves qualitats organol\u00e8ptiques sense afegir aromes artificials. De color rosa salm\u00f3 brillant i amb un final elegant, \u00e9s ideal per maridar amb peixos, carns blanques i verdures. A m\u00e9s, reflecteix el comprom\u00eds de Raimat amb la sostenibilitat, ja que es produeix amb viticultura 100% ecol\u00f2gica.<\/p>\n","protected":false},"featured_media":121611,"comment_status":"closed","ping_status":"closed","template":"","meta":{"_acf_changed":false},"pwb-brand":[],"product_brand":[],"product_cat":[51674,51670,51682,51809],"product_tag":[],"class_list":{"0":"post-121614","1":"product","2":"type-product","3":"status-publish","4":"has-post-thumbnail","6":"product_cat-botiga","7":"product_cat-vi","8":"product_cat-vi-rosat","9":"product_cat-vins-desalcoholitzats","10":"pa_bodega-codorniu","11":"pa_ecologico-vegano-natural-vega","12":"pa_floral-rosat-floral","13":"pa_formatoenml-38306","14":"pa_maridaje-carn-blanca","15":"pa_maridaje-verdures","16":"pa_region-cataluna","17":"pa_variedades-bb-cabernetsauvignon_garnacha","18":"entry","19":"has-media","21":"first","22":"instock","23":"taxable","24":"shipping-taxable","25":"purchasable","26":"product-type-simple"},"acf":[],"yoast_head":"<!-- This site is optimized with the Yoast SEO Premium plugin v23.1 (Yoast SEO v23.5) - https:\/\/yoast.com\/wordpress\/plugins\/seo\/ -->\n<title>Raimat Zero Rosat<\/title>\n<meta name=\"description\" content=\"Comprar al millor preu el vi desalcoholitzat Raimat Zero Rosat a Mon la Cata. Botiga online especialitzada en vins, destil\u00b7lats i alimentaci\u00f3 gurmet.\" \/>\n<meta name=\"robots\" content=\"noindex, follow, max-snippet:-1, max-image-preview:large, max-video-preview:-1\" \/>\n<meta property=\"og:locale\" content=\"ca_ES\" \/>\n<meta property=\"og:type\" content=\"article\" \/>\n<meta property=\"og:title\" content=\"Raimat Zero Rosat\" \/>\n<meta property=\"og:description\" content=\"Comprar al millor preu el vi desalcoholitzat Raimat Zero Rosat a Mon la Cata. Botiga online especialitzada en vins, destil\u00b7lats i alimentaci\u00f3 gurmet.\" \/>\n<meta property=\"og:url\" content=\"https:\/\/aral2.cetrexmarketing.com\/ca\/producto\/raimat-zero-rosat\/\" \/>\n<meta property=\"og:site_name\" content=\"M\u00f3n La Cata\" \/>\n<meta property=\"article:modified_time\" content=\"2025-05-27T08:17:13+00:00\" \/>\n<meta property=\"og:image\" content=\"https:\/\/aral2.cetrexmarketing.com\/wp-content\/uploads\/2025\/05\/raimat-zero-rosado.jpg.png\" \/>\n\t<meta property=\"og:image:width\" content=\"765\" \/>\n\t<meta property=\"og:image:height\" content=\"1024\" \/>\n\t<meta property=\"og:image:type\" content=\"image\/png\" \/>\n<meta name=\"twitter:card\" content=\"summary_large_image\" \/>\n<meta name=\"twitter:label1\" content=\"Temps estimat de lectura\" \/>\n\t<meta name=\"twitter:data1\" content=\"2 minuts\" \/>\n<script type=\"application\/ld+json\" class=\"yoast-schema-graph\">{\"@context\":\"https:\/\/schema.org\",\"@graph\":[{\"@type\":\"WebPage\",\"@id\":\"https:\/\/aral2.cetrexmarketing.com\/ca\/producto\/raimat-zero-rosat\/\",\"url\":\"https:\/\/aral2.cetrexmarketing.com\/ca\/producto\/raimat-zero-rosat\/\",\"name\":\"Raimat Zero Rosat\",\"isPartOf\":{\"@id\":\"https:\/\/aral2.cetrexmarketing.com\/#website\"},\"primaryImageOfPage\":{\"@id\":\"https:\/\/aral2.cetrexmarketing.com\/ca\/producto\/raimat-zero-rosat\/#primaryimage\"},\"image\":{\"@id\":\"https:\/\/aral2.cetrexmarketing.com\/ca\/producto\/raimat-zero-rosat\/#primaryimage\"},\"thumbnailUrl\":\"https:\/\/aral2.cetrexmarketing.com\/wp-content\/uploads\/2025\/05\/raimat-zero-rosado.jpg.png\",\"datePublished\":\"2025-05-27T05:07:48+00:00\",\"dateModified\":\"2025-05-27T08:17:13+00:00\",\"description\":\"Comprar al millor preu el vi desalcoholitzat Raimat Zero Rosat a Mon la Cata. Botiga online especialitzada en vins, destil\u00b7lats i alimentaci\u00f3 gurmet.\",\"breadcrumb\":{\"@id\":\"https:\/\/aral2.cetrexmarketing.com\/ca\/producto\/raimat-zero-rosat\/#breadcrumb\"},\"inLanguage\":\"ca\",\"potentialAction\":[{\"@type\":\"ReadAction\",\"target\":[\"https:\/\/aral2.cetrexmarketing.com\/ca\/producto\/raimat-zero-rosat\/\"]}]},{\"@type\":\"ImageObject\",\"inLanguage\":\"ca\",\"@id\":\"https:\/\/aral2.cetrexmarketing.com\/ca\/producto\/raimat-zero-rosat\/#primaryimage\",\"url\":\"https:\/\/aral2.cetrexmarketing.com\/wp-content\/uploads\/2025\/05\/raimat-zero-rosado.jpg.png\",\"contentUrl\":\"https:\/\/aral2.cetrexmarketing.com\/wp-content\/uploads\/2025\/05\/raimat-zero-rosado.jpg.png\",\"width\":765,\"height\":1024},{\"@type\":\"BreadcrumbList\",\"@id\":\"https:\/\/aral2.cetrexmarketing.com\/ca\/producto\/raimat-zero-rosat\/#breadcrumb\",\"itemListElement\":[{\"@type\":\"ListItem\",\"position\":1,\"name\":\"Home\",\"item\":\"https:\/\/aral2.cetrexmarketing.com\/ca\/\"},{\"@type\":\"ListItem\",\"position\":2,\"name\":\"Tienda\",\"item\":\"https:\/\/aral2.cetrexmarketing.com\/ca\/tienda-2\/\"},{\"@type\":\"ListItem\",\"position\":3,\"name\":\"Tienda\",\"item\":\"https:\/\/aral2.cetrexmarketing.com\/categoria-producto\/inicio\/\"},{\"@type\":\"ListItem\",\"position\":4,\"name\":\"Raimat Zero Rosat\"}]},{\"@type\":\"WebSite\",\"@id\":\"https:\/\/aral2.cetrexmarketing.com\/#website\",\"url\":\"https:\/\/aral2.cetrexmarketing.com\/\",\"name\":\"M\u00f3n La Cata\",\"description\":\"Tienda de vinos, licores, cervezas y gourmet\",\"publisher\":{\"@id\":\"https:\/\/aral2.cetrexmarketing.com\/#organization\"},\"potentialAction\":[{\"@type\":\"SearchAction\",\"target\":{\"@type\":\"EntryPoint\",\"urlTemplate\":\"https:\/\/aral2.cetrexmarketing.com\/?s={search_term_string}\"},\"query-input\":{\"@type\":\"PropertyValueSpecification\",\"valueRequired\":true,\"valueName\":\"search_term_string\"}}],\"inLanguage\":\"ca\"},{\"@type\":\"Organization\",\"@id\":\"https:\/\/aral2.cetrexmarketing.com\/#organization\",\"name\":\"M\u00f3n La Cata\",\"url\":\"https:\/\/aral2.cetrexmarketing.com\/\",\"logo\":{\"@type\":\"ImageObject\",\"inLanguage\":\"ca\",\"@id\":\"https:\/\/aral2.cetrexmarketing.com\/#\/schema\/logo\/image\/\",\"url\":\"https:\/\/aral2.cetrexmarketing.com\/wp-content\/uploads\/2024\/10\/aral-logo-neg-1024x409-1.png\",\"contentUrl\":\"https:\/\/aral2.cetrexmarketing.com\/wp-content\/uploads\/2024\/10\/aral-logo-neg-1024x409-1.png\",\"width\":1024,\"height\":409,\"caption\":\"M\u00f3n La Cata\"},\"image\":{\"@id\":\"https:\/\/aral2.cetrexmarketing.com\/#\/schema\/logo\/image\/\"}}]}<\/script>\n<!-- \/ Yoast SEO Premium plugin. -->","yoast_head_json":{"title":"Raimat Zero Rosat","description":"Comprar al millor preu el vi desalcoholitzat Raimat Zero Rosat a Mon la Cata. Botiga online especialitzada en vins, destil\u00b7lats i alimentaci\u00f3 gurmet.","robots":{"index":"noindex","follow":"follow","max-snippet":"max-snippet:-1","max-image-preview":"max-image-preview:large","max-video-preview":"max-video-preview:-1"},"og_locale":"ca_ES","og_type":"article","og_title":"Raimat Zero Rosat","og_description":"Comprar al millor preu el vi desalcoholitzat Raimat Zero Rosat a Mon la Cata. Botiga online especialitzada en vins, destil\u00b7lats i alimentaci\u00f3 gurmet.","og_url":"https:\/\/aral2.cetrexmarketing.com\/ca\/producto\/raimat-zero-rosat\/","og_site_name":"M\u00f3n La Cata","article_modified_time":"2025-05-27T08:17:13+00:00","og_image":[{"width":765,"height":1024,"url":"https:\/\/aral2.cetrexmarketing.com\/wp-content\/uploads\/2025\/05\/raimat-zero-rosado.jpg.png","type":"image\/png"}],"twitter_card":"summary_large_image","twitter_misc":{"Temps estimat de lectura":"2 minuts"},"schema":{"@context":"https:\/\/schema.org","@graph":[{"@type":"WebPage","@id":"https:\/\/aral2.cetrexmarketing.com\/ca\/producto\/raimat-zero-rosat\/","url":"https:\/\/aral2.cetrexmarketing.com\/ca\/producto\/raimat-zero-rosat\/","name":"Raimat Zero Rosat","isPartOf":{"@id":"https:\/\/aral2.cetrexmarketing.com\/#website"},"primaryImageOfPage":{"@id":"https:\/\/aral2.cetrexmarketing.com\/ca\/producto\/raimat-zero-rosat\/#primaryimage"},"image":{"@id":"https:\/\/aral2.cetrexmarketing.com\/ca\/producto\/raimat-zero-rosat\/#primaryimage"},"thumbnailUrl":"https:\/\/aral2.cetrexmarketing.com\/wp-content\/uploads\/2025\/05\/raimat-zero-rosado.jpg.png","datePublished":"2025-05-27T05:07:48+00:00","dateModified":"2025-05-27T08:17:13+00:00","description":"Comprar al millor preu el vi desalcoholitzat Raimat Zero Rosat a Mon la Cata. Botiga online especialitzada en vins, destil\u00b7lats i alimentaci\u00f3 gurmet.","breadcrumb":{"@id":"https:\/\/aral2.cetrexmarketing.com\/ca\/producto\/raimat-zero-rosat\/#breadcrumb"},"inLanguage":"ca","potentialAction":[{"@type":"ReadAction","target":["https:\/\/aral2.cetrexmarketing.com\/ca\/producto\/raimat-zero-rosat\/"]}]},{"@type":"ImageObject","inLanguage":"ca","@id":"https:\/\/aral2.cetrexmarketing.com\/ca\/producto\/raimat-zero-rosat\/#primaryimage","url":"https:\/\/aral2.cetrexmarketing.com\/wp-content\/uploads\/2025\/05\/raimat-zero-rosado.jpg.png","contentUrl":"https:\/\/aral2.cetrexmarketing.com\/wp-content\/uploads\/2025\/05\/raimat-zero-rosado.jpg.png","width":765,"height":1024},{"@type":"BreadcrumbList","@id":"https:\/\/aral2.cetrexmarketing.com\/ca\/producto\/raimat-zero-rosat\/#breadcrumb","itemListElement":[{"@type":"ListItem","position":1,"name":"Home","item":"https:\/\/aral2.cetrexmarketing.com\/ca\/"},{"@type":"ListItem","position":2,"name":"Tienda","item":"https:\/\/aral2.cetrexmarketing.com\/ca\/tienda-2\/"},{"@type":"ListItem","position":3,"name":"Tienda","item":"https:\/\/aral2.cetrexmarketing.com\/categoria-producto\/inicio\/"},{"@type":"ListItem","position":4,"name":"Raimat Zero Rosat"}]},{"@type":"WebSite","@id":"https:\/\/aral2.cetrexmarketing.com\/#website","url":"https:\/\/aral2.cetrexmarketing.com\/","name":"M\u00f3n La Cata","description":"Tienda de vinos, licores, cervezas y gourmet","publisher":{"@id":"https:\/\/aral2.cetrexmarketing.com\/#organization"},"potentialAction":[{"@type":"SearchAction","target":{"@type":"EntryPoint","urlTemplate":"https:\/\/aral2.cetrexmarketing.com\/?s={search_term_string}"},"query-input":{"@type":"PropertyValueSpecification","valueRequired":true,"valueName":"search_term_string"}}],"inLanguage":"ca"},{"@type":"Organization","@id":"https:\/\/aral2.cetrexmarketing.com\/#organization","name":"M\u00f3n La Cata","url":"https:\/\/aral2.cetrexmarketing.com\/","logo":{"@type":"ImageObject","inLanguage":"ca","@id":"https:\/\/aral2.cetrexmarketing.com\/#\/schema\/logo\/image\/","url":"https:\/\/aral2.cetrexmarketing.com\/wp-content\/uploads\/2024\/10\/aral-logo-neg-1024x409-1.png","contentUrl":"https:\/\/aral2.cetrexmarketing.com\/wp-content\/uploads\/2024\/10\/aral-logo-neg-1024x409-1.png","width":1024,"height":409,"caption":"M\u00f3n La Cata"},"image":{"@id":"https:\/\/aral2.cetrexmarketing.com\/#\/schema\/logo\/image\/"}}]}},"brands":[],"_links":{"self":[{"href":"https:\/\/aral2.cetrexmarketing.com\/ca\/wp-json\/wp\/v2\/product\/121614","targetHints":{"allow":["GET"]}}],"collection":[{"href":"https:\/\/aral2.cetrexmarketing.com\/ca\/wp-json\/wp\/v2\/product"}],"about":[{"href":"https:\/\/aral2.cetrexmarketing.com\/ca\/wp-json\/wp\/v2\/types\/product"}],"replies":[{"embeddable":true,"href":"https:\/\/aral2.cetrexmarketing.com\/ca\/wp-json\/wp\/v2\/comments?post=121614"}],"wp:featuredmedia":[{"embeddable":true,"href":"https:\/\/aral2.cetrexmarketing.com\/ca\/wp-json\/wp\/v2\/media\/121611"}],"wp:attachment":[{"href":"https:\/\/aral2.cetrexmarketing.com\/ca\/wp-json\/wp\/v2\/media?parent=121614"}],"wp:term":[{"taxonomy":"pwb-brand","embeddable":true,"href":"https:\/\/aral2.cetrexmarketing.com\/ca\/wp-json\/wp\/v2\/pwb-brand?post=121614"},{"taxonomy":"product_brand","embeddable":true,"href":"https:\/\/aral2.cetrexmarketing.com\/ca\/wp-json\/wp\/v2\/product_brand?post=121614"},{"taxonomy":"product_cat","embeddable":true,"href":"https:\/\/aral2.cetrexmarketing.com\/ca\/wp-json\/wp\/v2\/product_cat?post=121614"},{"taxonomy":"product_tag","embeddable":true,"href":"https:\/\/aral2.cetrexmarketing.com\/ca\/wp-json\/wp\/v2\/product_tag?post=121614"}],"curies":[{"name":"wp","href":"https:\/\/api.w.org\/{rel}","templated":true}]}}