{"id":121602,"date":"2025-05-27T05:07:05","date_gmt":"2025-05-27T05:07:05","guid":{"rendered":"https:\/\/aral2.cetrexmarketing.com\/producto\/highland-park-spirit-of-the-bear\/"},"modified":"2025-05-27T08:17:02","modified_gmt":"2025-05-27T08:17:02","slug":"highland-park-spirit-of-the-bear","status":"publish","type":"product","link":"https:\/\/aral2.cetrexmarketing.com\/ca\/producto\/highland-park-spirit-of-the-bear\/","title":{"rendered":"Highland Park Spirit of the Bear"},"content":{"rendered":"<p><strong>Highland Park Spirit of the Bear<\/strong> \u00e9s un whisky escoc\u00e8s single malt. Forma part d\u2019una col\u00b7lecci\u00f3 exclusiva, inspirada en la mitologia vikinga i en la for\u00e7a de l\u2019\u00f3s, s\u00edmbol de poder i valentia per als antics guerrers n\u00f2rdics.<\/p>\n<p><strong>Perfil de sabor<\/strong><\/p>\n<p>Aquest whisky s\u2019elabora amb una proporci\u00f3 elevada de malta amb torba de les illes \u00d2rcades i madura en una combinaci\u00f3 de b\u00f3tes de roure europeu envellides amb xer\u00e8s de primer \u00fas, roure americ\u00e0 i b\u00f3tes reutilitzades. El resultat \u00e9s un perfil arom\u00e0tic i gustatiu que destaca per:<\/p>\n<ul>\n<li>Nas: Aromes de torba fumada, gingebre fresc, vainilla i nou moscada ratllada.<\/li>\n<li>Boca: Sabors de pa de pessic de vainilla, gingebre en alm\u00edvar i pomes al forn amb mantega de canyella, embolcallats en capes de fum de torba arom\u00e0tic.<\/li>\n<li>Final: Persist\u00e8ncia amb notes de vainilla, fruita amb pinyol i un toc terr\u00f3s i de fusta.<\/li>\n<\/ul>\n<p><strong>Premis<\/strong><\/p>\n<ul>\n<li>Medalla de Plata a l\u2019International Spirits Challenge de 2019.<\/li>\n<li>Medalla d\u2019Or als Drinks International Travel Retail Awards de 2018.<\/li>\n<\/ul>\n<p>Aquest whisky \u00e9s ideal per a aquells que volen iniciar-se en els single malts amb notes fumades, oferint una experi\u00e8ncia equilibrada entre dol\u00e7or, esp\u00e8cies i torba, sense resultar aclaparador.<\/p>\n","protected":false},"excerpt":{"rendered":"<p><strong>Highland Park Spirit of the Bear<\/strong> \u00e9s un whisky escoc\u00e8s single malt, elaborat a les illes \u00d2rcades. Forma part d\u2019una col\u00b7lecci\u00f3 exclusiva, inspirada en la for\u00e7a i valentia de l\u2019\u00f3s segons la mitologia vikinga. Madurat en una combinaci\u00f3 de b\u00f3tes de xer\u00e8s i roure americ\u00e0, ofereix un perfil arom\u00e0tic amb notes de torba fumada, gingebre, vainilla i fruites especiades. Amb un gust equilibrat i un final suau i fumat, \u00e9s una opci\u00f3 ideal per a qui vol descobrir whiskys amb car\u00e0cter, per\u00f2 accessibles, amb reconeixements internacionals que avalen la seva qualitat.<\/p>\n","protected":false},"featured_media":121557,"comment_status":"closed","ping_status":"closed","template":"","meta":{"_acf_changed":false},"pwb-brand":[],"product_brand":[],"product_cat":[51674,51692,51776,51722,51723],"product_tag":[52505],"class_list":{"0":"post-121602","1":"product","2":"type-product","3":"status-publish","4":"has-post-thumbnail","6":"product_cat-botiga","7":"product_cat-destillats","8":"product_cat-highland-single-malt-scotch-whisky-whisky-escocia-whisky-destillats","9":"product_cat-whisky-destillats","10":"product_cat-whisky-escocia-whisky-destillats","11":"product_tag-highland-park-spirit-of-the-bear-2","12":"pa_ahumado-molt-baix","13":"pa_destileria-highlandparkdistillery-ca","14":"pa_do-highland-i-g-p-escocia","15":"pa_formatoenml-38307","16":"pa_graduacion-40_0","17":"pa_pais-escocia-ca-2","18":"pa_pueblociudad-kirkwallisladeorkney","19":"pa_region-islay","20":"pa_subregion-islas-orcadas","21":"pa_tipodewhisky-singlemaltscotchwhisky-ca","22":"entry","23":"has-media","25":"first","26":"instock","27":"taxable","28":"shipping-taxable","29":"purchasable","30":"product-type-simple"},"acf":[],"yoast_head":"<!-- This site is optimized with the Yoast SEO Premium plugin v23.1 (Yoast SEO v23.5) - https:\/\/yoast.com\/wordpress\/plugins\/seo\/ -->\n<title>Highland Park Spirit of the Bear<\/title>\n<meta name=\"description\" content=\"Comprar al millor preu el whisky Highland Park Spirit of the Bear a Mon la Cata. Botiga online especialitzada en destil\u00b7lats, vins, cerveses i alimentaci\u00f3.\" \/>\n<meta name=\"robots\" content=\"noindex, follow, max-snippet:-1, max-image-preview:large, max-video-preview:-1\" \/>\n<meta property=\"og:locale\" content=\"ca_ES\" \/>\n<meta property=\"og:type\" content=\"article\" \/>\n<meta property=\"og:title\" content=\"Highland Park Spirit of the Bear\" \/>\n<meta property=\"og:description\" content=\"Comprar al millor preu el whisky Highland Park Spirit of the Bear a Mon la Cata. Botiga online especialitzada en destil\u00b7lats, vins, cerveses i alimentaci\u00f3.\" \/>\n<meta property=\"og:url\" content=\"https:\/\/aral2.cetrexmarketing.com\/ca\/producto\/highland-park-spirit-of-the-bear\/\" \/>\n<meta property=\"og:site_name\" content=\"M\u00f3n La Cata\" \/>\n<meta property=\"article:modified_time\" content=\"2025-05-27T08:17:02+00:00\" \/>\n<meta property=\"og:image\" content=\"https:\/\/aral2.cetrexmarketing.com\/wp-content\/uploads\/2025\/05\/HIGHLAND-PARK-SPIRIT-OF-THE-BERA.jpg.png\" \/>\n\t<meta property=\"og:image:width\" content=\"765\" \/>\n\t<meta property=\"og:image:height\" content=\"1024\" \/>\n\t<meta property=\"og:image:type\" content=\"image\/png\" \/>\n<meta name=\"twitter:card\" content=\"summary_large_image\" \/>\n<meta name=\"twitter:label1\" content=\"Temps estimat de lectura\" \/>\n\t<meta name=\"twitter:data1\" content=\"2 minuts\" \/>\n<script type=\"application\/ld+json\" class=\"yoast-schema-graph\">{\"@context\":\"https:\/\/schema.org\",\"@graph\":[{\"@type\":\"WebPage\",\"@id\":\"https:\/\/aral2.cetrexmarketing.com\/ca\/producto\/highland-park-spirit-of-the-bear\/\",\"url\":\"https:\/\/aral2.cetrexmarketing.com\/ca\/producto\/highland-park-spirit-of-the-bear\/\",\"name\":\"Highland Park Spirit of the Bear\",\"isPartOf\":{\"@id\":\"https:\/\/aral2.cetrexmarketing.com\/#website\"},\"primaryImageOfPage\":{\"@id\":\"https:\/\/aral2.cetrexmarketing.com\/ca\/producto\/highland-park-spirit-of-the-bear\/#primaryimage\"},\"image\":{\"@id\":\"https:\/\/aral2.cetrexmarketing.com\/ca\/producto\/highland-park-spirit-of-the-bear\/#primaryimage\"},\"thumbnailUrl\":\"https:\/\/aral2.cetrexmarketing.com\/wp-content\/uploads\/2025\/05\/HIGHLAND-PARK-SPIRIT-OF-THE-BERA.jpg.png\",\"datePublished\":\"2025-05-27T05:07:05+00:00\",\"dateModified\":\"2025-05-27T08:17:02+00:00\",\"description\":\"Comprar al millor preu el whisky Highland Park Spirit of the Bear a Mon la Cata. Botiga online especialitzada en destil\u00b7lats, vins, cerveses i alimentaci\u00f3.\",\"breadcrumb\":{\"@id\":\"https:\/\/aral2.cetrexmarketing.com\/ca\/producto\/highland-park-spirit-of-the-bear\/#breadcrumb\"},\"inLanguage\":\"ca\",\"potentialAction\":[{\"@type\":\"ReadAction\",\"target\":[\"https:\/\/aral2.cetrexmarketing.com\/ca\/producto\/highland-park-spirit-of-the-bear\/\"]}]},{\"@type\":\"ImageObject\",\"inLanguage\":\"ca\",\"@id\":\"https:\/\/aral2.cetrexmarketing.com\/ca\/producto\/highland-park-spirit-of-the-bear\/#primaryimage\",\"url\":\"https:\/\/aral2.cetrexmarketing.com\/wp-content\/uploads\/2025\/05\/HIGHLAND-PARK-SPIRIT-OF-THE-BERA.jpg.png\",\"contentUrl\":\"https:\/\/aral2.cetrexmarketing.com\/wp-content\/uploads\/2025\/05\/HIGHLAND-PARK-SPIRIT-OF-THE-BERA.jpg.png\",\"width\":765,\"height\":1024},{\"@type\":\"BreadcrumbList\",\"@id\":\"https:\/\/aral2.cetrexmarketing.com\/ca\/producto\/highland-park-spirit-of-the-bear\/#breadcrumb\",\"itemListElement\":[{\"@type\":\"ListItem\",\"position\":1,\"name\":\"Home\",\"item\":\"https:\/\/aral2.cetrexmarketing.com\/ca\/\"},{\"@type\":\"ListItem\",\"position\":2,\"name\":\"Tienda\",\"item\":\"https:\/\/aral2.cetrexmarketing.com\/ca\/tienda-2\/\"},{\"@type\":\"ListItem\",\"position\":3,\"name\":\"Tienda\",\"item\":\"https:\/\/aral2.cetrexmarketing.com\/categoria-producto\/inicio\/\"},{\"@type\":\"ListItem\",\"position\":4,\"name\":\"Highland Park Spirit of the Bear\"}]},{\"@type\":\"WebSite\",\"@id\":\"https:\/\/aral2.cetrexmarketing.com\/#website\",\"url\":\"https:\/\/aral2.cetrexmarketing.com\/\",\"name\":\"M\u00f3n La Cata\",\"description\":\"Tienda de vinos, licores, cervezas y gourmet\",\"publisher\":{\"@id\":\"https:\/\/aral2.cetrexmarketing.com\/#organization\"},\"potentialAction\":[{\"@type\":\"SearchAction\",\"target\":{\"@type\":\"EntryPoint\",\"urlTemplate\":\"https:\/\/aral2.cetrexmarketing.com\/?s={search_term_string}\"},\"query-input\":{\"@type\":\"PropertyValueSpecification\",\"valueRequired\":true,\"valueName\":\"search_term_string\"}}],\"inLanguage\":\"ca\"},{\"@type\":\"Organization\",\"@id\":\"https:\/\/aral2.cetrexmarketing.com\/#organization\",\"name\":\"M\u00f3n La Cata\",\"url\":\"https:\/\/aral2.cetrexmarketing.com\/\",\"logo\":{\"@type\":\"ImageObject\",\"inLanguage\":\"ca\",\"@id\":\"https:\/\/aral2.cetrexmarketing.com\/#\/schema\/logo\/image\/\",\"url\":\"https:\/\/aral2.cetrexmarketing.com\/wp-content\/uploads\/2024\/10\/aral-logo-neg-1024x409-1.png\",\"contentUrl\":\"https:\/\/aral2.cetrexmarketing.com\/wp-content\/uploads\/2024\/10\/aral-logo-neg-1024x409-1.png\",\"width\":1024,\"height\":409,\"caption\":\"M\u00f3n La Cata\"},\"image\":{\"@id\":\"https:\/\/aral2.cetrexmarketing.com\/#\/schema\/logo\/image\/\"}}]}<\/script>\n<!-- \/ Yoast SEO Premium plugin. -->","yoast_head_json":{"title":"Highland Park Spirit of the Bear","description":"Comprar al millor preu el whisky Highland Park Spirit of the Bear a Mon la Cata. Botiga online especialitzada en destil\u00b7lats, vins, cerveses i alimentaci\u00f3.","robots":{"index":"noindex","follow":"follow","max-snippet":"max-snippet:-1","max-image-preview":"max-image-preview:large","max-video-preview":"max-video-preview:-1"},"og_locale":"ca_ES","og_type":"article","og_title":"Highland Park Spirit of the Bear","og_description":"Comprar al millor preu el whisky Highland Park Spirit of the Bear a Mon la Cata. Botiga online especialitzada en destil\u00b7lats, vins, cerveses i alimentaci\u00f3.","og_url":"https:\/\/aral2.cetrexmarketing.com\/ca\/producto\/highland-park-spirit-of-the-bear\/","og_site_name":"M\u00f3n La Cata","article_modified_time":"2025-05-27T08:17:02+00:00","og_image":[{"width":765,"height":1024,"url":"https:\/\/aral2.cetrexmarketing.com\/wp-content\/uploads\/2025\/05\/HIGHLAND-PARK-SPIRIT-OF-THE-BERA.jpg.png","type":"image\/png"}],"twitter_card":"summary_large_image","twitter_misc":{"Temps estimat de lectura":"2 minuts"},"schema":{"@context":"https:\/\/schema.org","@graph":[{"@type":"WebPage","@id":"https:\/\/aral2.cetrexmarketing.com\/ca\/producto\/highland-park-spirit-of-the-bear\/","url":"https:\/\/aral2.cetrexmarketing.com\/ca\/producto\/highland-park-spirit-of-the-bear\/","name":"Highland Park Spirit of the Bear","isPartOf":{"@id":"https:\/\/aral2.cetrexmarketing.com\/#website"},"primaryImageOfPage":{"@id":"https:\/\/aral2.cetrexmarketing.com\/ca\/producto\/highland-park-spirit-of-the-bear\/#primaryimage"},"image":{"@id":"https:\/\/aral2.cetrexmarketing.com\/ca\/producto\/highland-park-spirit-of-the-bear\/#primaryimage"},"thumbnailUrl":"https:\/\/aral2.cetrexmarketing.com\/wp-content\/uploads\/2025\/05\/HIGHLAND-PARK-SPIRIT-OF-THE-BERA.jpg.png","datePublished":"2025-05-27T05:07:05+00:00","dateModified":"2025-05-27T08:17:02+00:00","description":"Comprar al millor preu el whisky Highland Park Spirit of the Bear a Mon la Cata. Botiga online especialitzada en destil\u00b7lats, vins, cerveses i alimentaci\u00f3.","breadcrumb":{"@id":"https:\/\/aral2.cetrexmarketing.com\/ca\/producto\/highland-park-spirit-of-the-bear\/#breadcrumb"},"inLanguage":"ca","potentialAction":[{"@type":"ReadAction","target":["https:\/\/aral2.cetrexmarketing.com\/ca\/producto\/highland-park-spirit-of-the-bear\/"]}]},{"@type":"ImageObject","inLanguage":"ca","@id":"https:\/\/aral2.cetrexmarketing.com\/ca\/producto\/highland-park-spirit-of-the-bear\/#primaryimage","url":"https:\/\/aral2.cetrexmarketing.com\/wp-content\/uploads\/2025\/05\/HIGHLAND-PARK-SPIRIT-OF-THE-BERA.jpg.png","contentUrl":"https:\/\/aral2.cetrexmarketing.com\/wp-content\/uploads\/2025\/05\/HIGHLAND-PARK-SPIRIT-OF-THE-BERA.jpg.png","width":765,"height":1024},{"@type":"BreadcrumbList","@id":"https:\/\/aral2.cetrexmarketing.com\/ca\/producto\/highland-park-spirit-of-the-bear\/#breadcrumb","itemListElement":[{"@type":"ListItem","position":1,"name":"Home","item":"https:\/\/aral2.cetrexmarketing.com\/ca\/"},{"@type":"ListItem","position":2,"name":"Tienda","item":"https:\/\/aral2.cetrexmarketing.com\/ca\/tienda-2\/"},{"@type":"ListItem","position":3,"name":"Tienda","item":"https:\/\/aral2.cetrexmarketing.com\/categoria-producto\/inicio\/"},{"@type":"ListItem","position":4,"name":"Highland Park Spirit of the Bear"}]},{"@type":"WebSite","@id":"https:\/\/aral2.cetrexmarketing.com\/#website","url":"https:\/\/aral2.cetrexmarketing.com\/","name":"M\u00f3n La Cata","description":"Tienda de vinos, licores, cervezas y gourmet","publisher":{"@id":"https:\/\/aral2.cetrexmarketing.com\/#organization"},"potentialAction":[{"@type":"SearchAction","target":{"@type":"EntryPoint","urlTemplate":"https:\/\/aral2.cetrexmarketing.com\/?s={search_term_string}"},"query-input":{"@type":"PropertyValueSpecification","valueRequired":true,"valueName":"search_term_string"}}],"inLanguage":"ca"},{"@type":"Organization","@id":"https:\/\/aral2.cetrexmarketing.com\/#organization","name":"M\u00f3n La Cata","url":"https:\/\/aral2.cetrexmarketing.com\/","logo":{"@type":"ImageObject","inLanguage":"ca","@id":"https:\/\/aral2.cetrexmarketing.com\/#\/schema\/logo\/image\/","url":"https:\/\/aral2.cetrexmarketing.com\/wp-content\/uploads\/2024\/10\/aral-logo-neg-1024x409-1.png","contentUrl":"https:\/\/aral2.cetrexmarketing.com\/wp-content\/uploads\/2024\/10\/aral-logo-neg-1024x409-1.png","width":1024,"height":409,"caption":"M\u00f3n La Cata"},"image":{"@id":"https:\/\/aral2.cetrexmarketing.com\/#\/schema\/logo\/image\/"}}]}},"brands":[],"_links":{"self":[{"href":"https:\/\/aral2.cetrexmarketing.com\/ca\/wp-json\/wp\/v2\/product\/121602","targetHints":{"allow":["GET"]}}],"collection":[{"href":"https:\/\/aral2.cetrexmarketing.com\/ca\/wp-json\/wp\/v2\/product"}],"about":[{"href":"https:\/\/aral2.cetrexmarketing.com\/ca\/wp-json\/wp\/v2\/types\/product"}],"replies":[{"embeddable":true,"href":"https:\/\/aral2.cetrexmarketing.com\/ca\/wp-json\/wp\/v2\/comments?post=121602"}],"wp:featuredmedia":[{"embeddable":true,"href":"https:\/\/aral2.cetrexmarketing.com\/ca\/wp-json\/wp\/v2\/media\/121557"}],"wp:attachment":[{"href":"https:\/\/aral2.cetrexmarketing.com\/ca\/wp-json\/wp\/v2\/media?parent=121602"}],"wp:term":[{"taxonomy":"pwb-brand","embeddable":true,"href":"https:\/\/aral2.cetrexmarketing.com\/ca\/wp-json\/wp\/v2\/pwb-brand?post=121602"},{"taxonomy":"product_brand","embeddable":true,"href":"https:\/\/aral2.cetrexmarketing.com\/ca\/wp-json\/wp\/v2\/product_brand?post=121602"},{"taxonomy":"product_cat","embeddable":true,"href":"https:\/\/aral2.cetrexmarketing.com\/ca\/wp-json\/wp\/v2\/product_cat?post=121602"},{"taxonomy":"product_tag","embeddable":true,"href":"https:\/\/aral2.cetrexmarketing.com\/ca\/wp-json\/wp\/v2\/product_tag?post=121602"}],"curies":[{"name":"wp","href":"https:\/\/api.w.org\/{rel}","templated":true}]}}