{"id":121491,"date":"2025-05-27T05:06:06","date_gmt":"2025-05-27T05:06:06","guid":{"rendered":"https:\/\/aral2.cetrexmarketing.com\/producto\/pazo-valdomino-licor-de-cafe\/"},"modified":"2025-05-27T08:16:44","modified_gmt":"2025-05-27T08:16:44","slug":"pazo-valdomino-licor-de-cafe","status":"publish","type":"product","link":"https:\/\/aral2.cetrexmarketing.com\/ca\/producto\/pazo-valdomino-licor-de-cafe\/","title":{"rendered":"Pazo Valdomi\u00f1o Licor de Caf\u00e8"},"content":{"rendered":"<p><strong>El Licor Caf\u00e8 Pazo de Valdomi\u00f1o<\/strong> \u00e9s una beguda espirituosa gallega d\u2019alta qualitat, emparada per la Indicaci\u00f3 Geogr\u00e0fica Protegida (IGP) &#8220;Orujo de Galicia&#8221;. S\u2019elabora mitjan\u00e7ant la maceraci\u00f3 en aiguardent d\u2019orujo gallec de grans de caf\u00e8 natural procedents de la regi\u00f3 de Cerrado, Brasil, durant 31 dies. Despr\u00e9s d\u2019aquest proc\u00e9s, es filtra, s\u2019hi afegeix sucre fins a la seva dissoluci\u00f3 perfecta i es deixa reposar durant dotze mesos abans de ser embotellat.<\/p>\n<p><strong>Notes de tast:<\/strong><\/p>\n<ul>\n<li>Vista: Color torrat ambre, atractiu i brillant.<\/li>\n<li>Nas: Gran intensitat arom\u00e0tica amb notes c\u00edtriques, de cacau, vainilla i fruita seca.<\/li>\n<li>Boca: Sabor dol\u00e7 i untu\u00f3s, amb predomini de caf\u00e8 i matisos de cacau i caramel.<\/li>\n<\/ul>\n<p>Es recomana servir-lo fred, preferiblement conservat a la nevera, evitant el congelador per no alterar-ne el sabor original. Aquest licor \u00e9s ideal per gaudir-ne sol o com a acompanyament de postres, oferint una experi\u00e8ncia sensorial que combina la tradici\u00f3 gallega amb la qualitat d\u2019ingredients seleccionats.<\/p>\n","protected":false},"excerpt":{"rendered":"<p>El <strong>Licor de Caf\u00e8 Pazo de Valdomi\u00f1o<\/strong> \u00e9s un licor artesanal gallec elaborat a O Rosal (Pontevedra) per la destil\u00b7leria Pazo de Valdomi\u00f1o. S\u2019obt\u00e9 mitjan\u00e7ant la maceraci\u00f3 de grans de caf\u00e8 natural del Brasil en aiguardent d\u2019orujo gallec durant 31 dies, seguit d\u2019un rep\u00f2s de 12 mesos. Presenta un color ambre fosc i aromes intensos de caf\u00e8, cacau i vainilla. En boca \u00e9s dol\u00e7 i vellutat, amb notes de caramel i xocolata. \u00c9s ideal com a digestiu, per maridar amb postres o per utilitzar en c\u00f2ctels.<\/p>\n","protected":false},"featured_media":121488,"comment_status":"closed","ping_status":"closed","template":"","meta":{"_acf_changed":false},"pwb-brand":[],"product_brand":[],"product_cat":[51707,51674,51692,51715],"product_tag":[52361],"class_list":{"0":"post-121491","1":"product","2":"type-product","3":"status-publish","4":"has-post-thumbnail","6":"product_cat-aiguardent","7":"product_cat-botiga","8":"product_cat-destillats","9":"product_cat-licor-destillats","10":"product_tag-pazo-valdomino-licor-de-cafe-2","11":"product_shipping_class-7-10-dias-2","12":"pa_bodega-pazodevaldomino","13":"pa_formatoenml-38307","14":"pa_graduacion-30_0","15":"pa_pais-espanya-ca","16":"pa_region-galicia","17":"entry","18":"has-media","20":"first","21":"onbackorder","22":"taxable","23":"shipping-taxable","24":"purchasable","25":"product-type-simple"},"acf":[],"yoast_head":"<!-- This site is optimized with the Yoast SEO Premium plugin v23.1 (Yoast SEO v23.5) - https:\/\/yoast.com\/wordpress\/plugins\/seo\/ -->\n<title>Pazo Valdomi\u00f1o Licor de Caf\u00e8<\/title>\n<meta name=\"description\" content=\"Comprar al millor preu Pazo Valdomi\u00f1o Licor de Caf\u00e8 a Mon la Cata. Botiga online especialitzada en destil\u00b7lats, vins, cerveses i alimentaci\u00f3 gurmet.\" \/>\n<meta name=\"robots\" content=\"noindex, follow, max-snippet:-1, max-image-preview:large, max-video-preview:-1\" \/>\n<meta property=\"og:locale\" content=\"ca_ES\" \/>\n<meta property=\"og:type\" content=\"article\" \/>\n<meta property=\"og:title\" content=\"Pazo Valdomi\u00f1o Licor de Caf\u00e8\" \/>\n<meta property=\"og:description\" content=\"Comprar al millor preu Pazo Valdomi\u00f1o Licor de Caf\u00e8 a Mon la Cata. Botiga online especialitzada en destil\u00b7lats, vins, cerveses i alimentaci\u00f3 gurmet.\" \/>\n<meta property=\"og:url\" content=\"https:\/\/aral2.cetrexmarketing.com\/ca\/producto\/pazo-valdomino-licor-de-cafe\/\" \/>\n<meta property=\"og:site_name\" content=\"M\u00f3n La Cata\" \/>\n<meta property=\"article:modified_time\" content=\"2025-05-27T08:16:44+00:00\" \/>\n<meta property=\"og:image\" content=\"https:\/\/aral2.cetrexmarketing.com\/wp-content\/uploads\/2025\/05\/pazo-valdomino-licor-cafe.jpg.png\" \/>\n\t<meta property=\"og:image:width\" content=\"765\" \/>\n\t<meta property=\"og:image:height\" content=\"1024\" \/>\n\t<meta property=\"og:image:type\" content=\"image\/png\" \/>\n<meta name=\"twitter:card\" content=\"summary_large_image\" \/>\n<meta name=\"twitter:label1\" content=\"Temps estimat de lectura\" \/>\n\t<meta name=\"twitter:data1\" content=\"2 minuts\" \/>\n<script type=\"application\/ld+json\" class=\"yoast-schema-graph\">{\"@context\":\"https:\/\/schema.org\",\"@graph\":[{\"@type\":\"WebPage\",\"@id\":\"https:\/\/aral2.cetrexmarketing.com\/ca\/producto\/pazo-valdomino-licor-de-cafe\/\",\"url\":\"https:\/\/aral2.cetrexmarketing.com\/ca\/producto\/pazo-valdomino-licor-de-cafe\/\",\"name\":\"Pazo Valdomi\u00f1o Licor de Caf\u00e8\",\"isPartOf\":{\"@id\":\"https:\/\/aral2.cetrexmarketing.com\/#website\"},\"primaryImageOfPage\":{\"@id\":\"https:\/\/aral2.cetrexmarketing.com\/ca\/producto\/pazo-valdomino-licor-de-cafe\/#primaryimage\"},\"image\":{\"@id\":\"https:\/\/aral2.cetrexmarketing.com\/ca\/producto\/pazo-valdomino-licor-de-cafe\/#primaryimage\"},\"thumbnailUrl\":\"https:\/\/aral2.cetrexmarketing.com\/wp-content\/uploads\/2025\/05\/pazo-valdomino-licor-cafe.jpg.png\",\"datePublished\":\"2025-05-27T05:06:06+00:00\",\"dateModified\":\"2025-05-27T08:16:44+00:00\",\"description\":\"Comprar al millor preu Pazo Valdomi\u00f1o Licor de Caf\u00e8 a Mon la Cata. Botiga online especialitzada en destil\u00b7lats, vins, cerveses i alimentaci\u00f3 gurmet.\",\"breadcrumb\":{\"@id\":\"https:\/\/aral2.cetrexmarketing.com\/ca\/producto\/pazo-valdomino-licor-de-cafe\/#breadcrumb\"},\"inLanguage\":\"ca\",\"potentialAction\":[{\"@type\":\"ReadAction\",\"target\":[\"https:\/\/aral2.cetrexmarketing.com\/ca\/producto\/pazo-valdomino-licor-de-cafe\/\"]}]},{\"@type\":\"ImageObject\",\"inLanguage\":\"ca\",\"@id\":\"https:\/\/aral2.cetrexmarketing.com\/ca\/producto\/pazo-valdomino-licor-de-cafe\/#primaryimage\",\"url\":\"https:\/\/aral2.cetrexmarketing.com\/wp-content\/uploads\/2025\/05\/pazo-valdomino-licor-cafe.jpg.png\",\"contentUrl\":\"https:\/\/aral2.cetrexmarketing.com\/wp-content\/uploads\/2025\/05\/pazo-valdomino-licor-cafe.jpg.png\",\"width\":765,\"height\":1024},{\"@type\":\"BreadcrumbList\",\"@id\":\"https:\/\/aral2.cetrexmarketing.com\/ca\/producto\/pazo-valdomino-licor-de-cafe\/#breadcrumb\",\"itemListElement\":[{\"@type\":\"ListItem\",\"position\":1,\"name\":\"Home\",\"item\":\"https:\/\/aral2.cetrexmarketing.com\/ca\/\"},{\"@type\":\"ListItem\",\"position\":2,\"name\":\"Tienda\",\"item\":\"https:\/\/aral2.cetrexmarketing.com\/ca\/tienda-2\/\"},{\"@type\":\"ListItem\",\"position\":3,\"name\":\"Tienda\",\"item\":\"https:\/\/aral2.cetrexmarketing.com\/categoria-producto\/inicio\/\"},{\"@type\":\"ListItem\",\"position\":4,\"name\":\"Pazo Valdomi\u00f1o Licor de Caf\u00e8\"}]},{\"@type\":\"WebSite\",\"@id\":\"https:\/\/aral2.cetrexmarketing.com\/#website\",\"url\":\"https:\/\/aral2.cetrexmarketing.com\/\",\"name\":\"M\u00f3n La Cata\",\"description\":\"Tienda de vinos, licores, cervezas y gourmet\",\"publisher\":{\"@id\":\"https:\/\/aral2.cetrexmarketing.com\/#organization\"},\"potentialAction\":[{\"@type\":\"SearchAction\",\"target\":{\"@type\":\"EntryPoint\",\"urlTemplate\":\"https:\/\/aral2.cetrexmarketing.com\/?s={search_term_string}\"},\"query-input\":{\"@type\":\"PropertyValueSpecification\",\"valueRequired\":true,\"valueName\":\"search_term_string\"}}],\"inLanguage\":\"ca\"},{\"@type\":\"Organization\",\"@id\":\"https:\/\/aral2.cetrexmarketing.com\/#organization\",\"name\":\"M\u00f3n La Cata\",\"url\":\"https:\/\/aral2.cetrexmarketing.com\/\",\"logo\":{\"@type\":\"ImageObject\",\"inLanguage\":\"ca\",\"@id\":\"https:\/\/aral2.cetrexmarketing.com\/#\/schema\/logo\/image\/\",\"url\":\"https:\/\/aral2.cetrexmarketing.com\/wp-content\/uploads\/2024\/10\/aral-logo-neg-1024x409-1.png\",\"contentUrl\":\"https:\/\/aral2.cetrexmarketing.com\/wp-content\/uploads\/2024\/10\/aral-logo-neg-1024x409-1.png\",\"width\":1024,\"height\":409,\"caption\":\"M\u00f3n La Cata\"},\"image\":{\"@id\":\"https:\/\/aral2.cetrexmarketing.com\/#\/schema\/logo\/image\/\"}}]}<\/script>\n<!-- \/ Yoast SEO Premium plugin. -->","yoast_head_json":{"title":"Pazo Valdomi\u00f1o Licor de Caf\u00e8","description":"Comprar al millor preu Pazo Valdomi\u00f1o Licor de Caf\u00e8 a Mon la Cata. Botiga online especialitzada en destil\u00b7lats, vins, cerveses i alimentaci\u00f3 gurmet.","robots":{"index":"noindex","follow":"follow","max-snippet":"max-snippet:-1","max-image-preview":"max-image-preview:large","max-video-preview":"max-video-preview:-1"},"og_locale":"ca_ES","og_type":"article","og_title":"Pazo Valdomi\u00f1o Licor de Caf\u00e8","og_description":"Comprar al millor preu Pazo Valdomi\u00f1o Licor de Caf\u00e8 a Mon la Cata. Botiga online especialitzada en destil\u00b7lats, vins, cerveses i alimentaci\u00f3 gurmet.","og_url":"https:\/\/aral2.cetrexmarketing.com\/ca\/producto\/pazo-valdomino-licor-de-cafe\/","og_site_name":"M\u00f3n La Cata","article_modified_time":"2025-05-27T08:16:44+00:00","og_image":[{"width":765,"height":1024,"url":"https:\/\/aral2.cetrexmarketing.com\/wp-content\/uploads\/2025\/05\/pazo-valdomino-licor-cafe.jpg.png","type":"image\/png"}],"twitter_card":"summary_large_image","twitter_misc":{"Temps estimat de lectura":"2 minuts"},"schema":{"@context":"https:\/\/schema.org","@graph":[{"@type":"WebPage","@id":"https:\/\/aral2.cetrexmarketing.com\/ca\/producto\/pazo-valdomino-licor-de-cafe\/","url":"https:\/\/aral2.cetrexmarketing.com\/ca\/producto\/pazo-valdomino-licor-de-cafe\/","name":"Pazo Valdomi\u00f1o Licor de Caf\u00e8","isPartOf":{"@id":"https:\/\/aral2.cetrexmarketing.com\/#website"},"primaryImageOfPage":{"@id":"https:\/\/aral2.cetrexmarketing.com\/ca\/producto\/pazo-valdomino-licor-de-cafe\/#primaryimage"},"image":{"@id":"https:\/\/aral2.cetrexmarketing.com\/ca\/producto\/pazo-valdomino-licor-de-cafe\/#primaryimage"},"thumbnailUrl":"https:\/\/aral2.cetrexmarketing.com\/wp-content\/uploads\/2025\/05\/pazo-valdomino-licor-cafe.jpg.png","datePublished":"2025-05-27T05:06:06+00:00","dateModified":"2025-05-27T08:16:44+00:00","description":"Comprar al millor preu Pazo Valdomi\u00f1o Licor de Caf\u00e8 a Mon la Cata. Botiga online especialitzada en destil\u00b7lats, vins, cerveses i alimentaci\u00f3 gurmet.","breadcrumb":{"@id":"https:\/\/aral2.cetrexmarketing.com\/ca\/producto\/pazo-valdomino-licor-de-cafe\/#breadcrumb"},"inLanguage":"ca","potentialAction":[{"@type":"ReadAction","target":["https:\/\/aral2.cetrexmarketing.com\/ca\/producto\/pazo-valdomino-licor-de-cafe\/"]}]},{"@type":"ImageObject","inLanguage":"ca","@id":"https:\/\/aral2.cetrexmarketing.com\/ca\/producto\/pazo-valdomino-licor-de-cafe\/#primaryimage","url":"https:\/\/aral2.cetrexmarketing.com\/wp-content\/uploads\/2025\/05\/pazo-valdomino-licor-cafe.jpg.png","contentUrl":"https:\/\/aral2.cetrexmarketing.com\/wp-content\/uploads\/2025\/05\/pazo-valdomino-licor-cafe.jpg.png","width":765,"height":1024},{"@type":"BreadcrumbList","@id":"https:\/\/aral2.cetrexmarketing.com\/ca\/producto\/pazo-valdomino-licor-de-cafe\/#breadcrumb","itemListElement":[{"@type":"ListItem","position":1,"name":"Home","item":"https:\/\/aral2.cetrexmarketing.com\/ca\/"},{"@type":"ListItem","position":2,"name":"Tienda","item":"https:\/\/aral2.cetrexmarketing.com\/ca\/tienda-2\/"},{"@type":"ListItem","position":3,"name":"Tienda","item":"https:\/\/aral2.cetrexmarketing.com\/categoria-producto\/inicio\/"},{"@type":"ListItem","position":4,"name":"Pazo Valdomi\u00f1o Licor de Caf\u00e8"}]},{"@type":"WebSite","@id":"https:\/\/aral2.cetrexmarketing.com\/#website","url":"https:\/\/aral2.cetrexmarketing.com\/","name":"M\u00f3n La Cata","description":"Tienda de vinos, licores, cervezas y gourmet","publisher":{"@id":"https:\/\/aral2.cetrexmarketing.com\/#organization"},"potentialAction":[{"@type":"SearchAction","target":{"@type":"EntryPoint","urlTemplate":"https:\/\/aral2.cetrexmarketing.com\/?s={search_term_string}"},"query-input":{"@type":"PropertyValueSpecification","valueRequired":true,"valueName":"search_term_string"}}],"inLanguage":"ca"},{"@type":"Organization","@id":"https:\/\/aral2.cetrexmarketing.com\/#organization","name":"M\u00f3n La Cata","url":"https:\/\/aral2.cetrexmarketing.com\/","logo":{"@type":"ImageObject","inLanguage":"ca","@id":"https:\/\/aral2.cetrexmarketing.com\/#\/schema\/logo\/image\/","url":"https:\/\/aral2.cetrexmarketing.com\/wp-content\/uploads\/2024\/10\/aral-logo-neg-1024x409-1.png","contentUrl":"https:\/\/aral2.cetrexmarketing.com\/wp-content\/uploads\/2024\/10\/aral-logo-neg-1024x409-1.png","width":1024,"height":409,"caption":"M\u00f3n La Cata"},"image":{"@id":"https:\/\/aral2.cetrexmarketing.com\/#\/schema\/logo\/image\/"}}]}},"brands":[],"_links":{"self":[{"href":"https:\/\/aral2.cetrexmarketing.com\/ca\/wp-json\/wp\/v2\/product\/121491","targetHints":{"allow":["GET"]}}],"collection":[{"href":"https:\/\/aral2.cetrexmarketing.com\/ca\/wp-json\/wp\/v2\/product"}],"about":[{"href":"https:\/\/aral2.cetrexmarketing.com\/ca\/wp-json\/wp\/v2\/types\/product"}],"replies":[{"embeddable":true,"href":"https:\/\/aral2.cetrexmarketing.com\/ca\/wp-json\/wp\/v2\/comments?post=121491"}],"wp:featuredmedia":[{"embeddable":true,"href":"https:\/\/aral2.cetrexmarketing.com\/ca\/wp-json\/wp\/v2\/media\/121488"}],"wp:attachment":[{"href":"https:\/\/aral2.cetrexmarketing.com\/ca\/wp-json\/wp\/v2\/media?parent=121491"}],"wp:term":[{"taxonomy":"pwb-brand","embeddable":true,"href":"https:\/\/aral2.cetrexmarketing.com\/ca\/wp-json\/wp\/v2\/pwb-brand?post=121491"},{"taxonomy":"product_brand","embeddable":true,"href":"https:\/\/aral2.cetrexmarketing.com\/ca\/wp-json\/wp\/v2\/product_brand?post=121491"},{"taxonomy":"product_cat","embeddable":true,"href":"https:\/\/aral2.cetrexmarketing.com\/ca\/wp-json\/wp\/v2\/product_cat?post=121491"},{"taxonomy":"product_tag","embeddable":true,"href":"https:\/\/aral2.cetrexmarketing.com\/ca\/wp-json\/wp\/v2\/product_tag?post=121491"}],"curies":[{"name":"wp","href":"https:\/\/api.w.org\/{rel}","templated":true}]}}