{"id":121433,"date":"2025-05-27T05:05:27","date_gmt":"2025-05-27T05:05:27","guid":{"rendered":"https:\/\/aral2.cetrexmarketing.com\/producto\/mas-vilella-blanc\/"},"modified":"2025-05-27T08:16:38","modified_gmt":"2025-05-27T08:16:38","slug":"mas-vilella-blanc","status":"publish","type":"product","link":"https:\/\/aral2.cetrexmarketing.com\/ca\/producto\/mas-vilella-blanc\/","title":{"rendered":"Mas Vilella Blanc"},"content":{"rendered":"<p>El <strong>Mas Vilella Blanc<\/strong> \u00e9s un vi blanc monovarietal elaborat al 100% amb Malvasia de Sitges, una varietat aut\u00f2ctona de la zona del Pened\u00e8s. Aquest vi ecol\u00f2gic es produeix a la finca Mas Vilella, situada a La Bisbal del Pened\u00e8s, a 250 metres d&#8217;altitud i a 15 km del mar Mediterrani, en s\u00f2ls calc\u00e0reus i argilosos. La vinificaci\u00f3 inclou una fermentaci\u00f3 i crian\u00e7a de 10 mesos en b\u00f3tes de roure franc\u00e8s de 300 i 400 litres i \u00e0mfores de fang, amb bat\u00f2natge setmanal sobre les seves lies.<\/p>\n<p><strong>Notes de tast:<\/strong><\/p>\n<ul>\n<li>Vista: Color daurat intens amb reflexos or nous i capa brillant.<\/li>\n<li>Nas: Aromes mediterranis que evoquen ametlles, fruita blanca i verdures rostides. Amb l&#8217;aire, es revela una complexitat afegida amb notes florals i minerals.<\/li>\n<li>Boca: Entrada untuosa i potent, amb una estructura mineral destacada, equilibrada per una acidesa refrescant. El final \u00e9s llarg i persistent.<\/li>\n<\/ul>\n<p><strong>Maridatge recomanat:<\/strong><\/p>\n<p>Ideal per acompanyar plats com remenat de bolets, carns a la brasa, empanades i plats de peix.<\/p>\n<p>El Mas Vilella Blanc \u00e9s una expressi\u00f3 excel\u00b7lent de la Malvasia de Sitges, amb reconeixements destacats com 93 punts de Robert Parker, 92 punts de la Guia Pe\u00f1\u00edn i 94 punts de Tim Atkin.<\/p>\n","protected":false},"excerpt":{"rendered":"<p>Mas Vilella Blanc \u00e9s un vi blanc ecol\u00f2gic i natural elaborat a l&#8217;Alt Camp, Tarragona, sense denominaci\u00f3 d&#8217;origen tradicional per\u00f2 amb certificaci\u00f3 ecol\u00f2gica. Produ\u00eft principalment amb la varietat Malvas\u00eda de Sitges, es vinifica de manera artesanal amb fermentaci\u00f3 espont\u00e0nia i m\u00ednima intervenci\u00f3. Presenta un perfil fresc i expressiu, amb notes de fruites blanques, c\u00edtrics i tocs herbacis, acompanyat d&#8217;una textura lleugera i un final vibrant. \u00c9s ideal per a qui busca vins sincers, de producci\u00f3 limitada i amb un fort car\u00e0cter del terroir.<\/p>\n","protected":false},"featured_media":121430,"comment_status":"closed","ping_status":"closed","template":"","meta":{"_acf_changed":false},"pwb-brand":[],"product_brand":[],"product_cat":[51674,51670,51672],"product_tag":[],"class_list":{"0":"post-121433","1":"product","2":"type-product","3":"status-publish","4":"has-post-thumbnail","6":"product_cat-botiga","7":"product_cat-vi","8":"product_cat-vi-blanc","9":"pa_anada-36211","10":"pa_bodega-acusticceller","11":"pa_ecologico-vegano-natural-ecologic","12":"pa_formatoenml-38306","13":"pa_graduacion-14_0","14":"pa_maridaje-carn-blanca","15":"pa_maridaje-peix","16":"pa_pais-espanya-ca","17":"pa_pueblociudad-la-bisbal-del-penedes-tarragona","18":"pa_region-cataluna","19":"pa_variedad-principal-malvasia-ca","20":"entry","21":"has-media","23":"first","24":"instock","25":"taxable","26":"shipping-taxable","27":"purchasable","28":"product-type-simple"},"acf":[],"yoast_head":"<!-- This site is optimized with the Yoast SEO Premium plugin v23.1 (Yoast SEO v23.5) - https:\/\/yoast.com\/wordpress\/plugins\/seo\/ -->\n<title>Mas Vilella Blanc<\/title>\n<meta name=\"description\" content=\"Comprar al millor preu el vi Mas Vilella Blanc a M\u00f3n La Cata. Botiga online especialitzada en vins, destil\u00b7lats, cerveses i alimentaci\u00f3 gurmet.\" \/>\n<meta name=\"robots\" content=\"noindex, follow, max-snippet:-1, max-image-preview:large, max-video-preview:-1\" \/>\n<meta property=\"og:locale\" content=\"ca_ES\" \/>\n<meta property=\"og:type\" content=\"article\" \/>\n<meta property=\"og:title\" content=\"Mas Vilella Blanc\" \/>\n<meta property=\"og:description\" content=\"Comprar al millor preu el vi Mas Vilella Blanc a M\u00f3n La Cata. Botiga online especialitzada en vins, destil\u00b7lats, cerveses i alimentaci\u00f3 gurmet.\" \/>\n<meta property=\"og:url\" content=\"https:\/\/aral2.cetrexmarketing.com\/ca\/producto\/mas-vilella-blanc\/\" \/>\n<meta property=\"og:site_name\" content=\"M\u00f3n La Cata\" \/>\n<meta property=\"article:modified_time\" content=\"2025-05-27T08:16:38+00:00\" \/>\n<meta property=\"og:image\" content=\"https:\/\/aral2.cetrexmarketing.com\/wp-content\/uploads\/2025\/05\/mas-vilella-blanc.png\" \/>\n\t<meta property=\"og:image:width\" content=\"765\" \/>\n\t<meta property=\"og:image:height\" content=\"1024\" \/>\n\t<meta property=\"og:image:type\" content=\"image\/png\" \/>\n<meta name=\"twitter:card\" content=\"summary_large_image\" \/>\n<meta name=\"twitter:label1\" content=\"Temps estimat de lectura\" \/>\n\t<meta name=\"twitter:data1\" content=\"2 minuts\" \/>\n<script type=\"application\/ld+json\" class=\"yoast-schema-graph\">{\"@context\":\"https:\/\/schema.org\",\"@graph\":[{\"@type\":\"WebPage\",\"@id\":\"https:\/\/aral2.cetrexmarketing.com\/ca\/producto\/mas-vilella-blanc\/\",\"url\":\"https:\/\/aral2.cetrexmarketing.com\/ca\/producto\/mas-vilella-blanc\/\",\"name\":\"Mas Vilella Blanc\",\"isPartOf\":{\"@id\":\"https:\/\/aral2.cetrexmarketing.com\/#website\"},\"primaryImageOfPage\":{\"@id\":\"https:\/\/aral2.cetrexmarketing.com\/ca\/producto\/mas-vilella-blanc\/#primaryimage\"},\"image\":{\"@id\":\"https:\/\/aral2.cetrexmarketing.com\/ca\/producto\/mas-vilella-blanc\/#primaryimage\"},\"thumbnailUrl\":\"https:\/\/aral2.cetrexmarketing.com\/wp-content\/uploads\/2025\/05\/mas-vilella-blanc.png\",\"datePublished\":\"2025-05-27T05:05:27+00:00\",\"dateModified\":\"2025-05-27T08:16:38+00:00\",\"description\":\"Comprar al millor preu el vi Mas Vilella Blanc a M\u00f3n La Cata. Botiga online especialitzada en vins, destil\u00b7lats, cerveses i alimentaci\u00f3 gurmet.\",\"breadcrumb\":{\"@id\":\"https:\/\/aral2.cetrexmarketing.com\/ca\/producto\/mas-vilella-blanc\/#breadcrumb\"},\"inLanguage\":\"ca\",\"potentialAction\":[{\"@type\":\"ReadAction\",\"target\":[\"https:\/\/aral2.cetrexmarketing.com\/ca\/producto\/mas-vilella-blanc\/\"]}]},{\"@type\":\"ImageObject\",\"inLanguage\":\"ca\",\"@id\":\"https:\/\/aral2.cetrexmarketing.com\/ca\/producto\/mas-vilella-blanc\/#primaryimage\",\"url\":\"https:\/\/aral2.cetrexmarketing.com\/wp-content\/uploads\/2025\/05\/mas-vilella-blanc.png\",\"contentUrl\":\"https:\/\/aral2.cetrexmarketing.com\/wp-content\/uploads\/2025\/05\/mas-vilella-blanc.png\",\"width\":765,\"height\":1024},{\"@type\":\"BreadcrumbList\",\"@id\":\"https:\/\/aral2.cetrexmarketing.com\/ca\/producto\/mas-vilella-blanc\/#breadcrumb\",\"itemListElement\":[{\"@type\":\"ListItem\",\"position\":1,\"name\":\"Home\",\"item\":\"https:\/\/aral2.cetrexmarketing.com\/ca\/\"},{\"@type\":\"ListItem\",\"position\":2,\"name\":\"Tienda\",\"item\":\"https:\/\/aral2.cetrexmarketing.com\/ca\/tienda-2\/\"},{\"@type\":\"ListItem\",\"position\":3,\"name\":\"Tienda\",\"item\":\"https:\/\/aral2.cetrexmarketing.com\/categoria-producto\/inicio\/\"},{\"@type\":\"ListItem\",\"position\":4,\"name\":\"Mas Vilella Blanc\"}]},{\"@type\":\"WebSite\",\"@id\":\"https:\/\/aral2.cetrexmarketing.com\/#website\",\"url\":\"https:\/\/aral2.cetrexmarketing.com\/\",\"name\":\"M\u00f3n La Cata\",\"description\":\"Tienda de vinos, licores, cervezas y gourmet\",\"publisher\":{\"@id\":\"https:\/\/aral2.cetrexmarketing.com\/#organization\"},\"potentialAction\":[{\"@type\":\"SearchAction\",\"target\":{\"@type\":\"EntryPoint\",\"urlTemplate\":\"https:\/\/aral2.cetrexmarketing.com\/?s={search_term_string}\"},\"query-input\":{\"@type\":\"PropertyValueSpecification\",\"valueRequired\":true,\"valueName\":\"search_term_string\"}}],\"inLanguage\":\"ca\"},{\"@type\":\"Organization\",\"@id\":\"https:\/\/aral2.cetrexmarketing.com\/#organization\",\"name\":\"M\u00f3n La Cata\",\"url\":\"https:\/\/aral2.cetrexmarketing.com\/\",\"logo\":{\"@type\":\"ImageObject\",\"inLanguage\":\"ca\",\"@id\":\"https:\/\/aral2.cetrexmarketing.com\/#\/schema\/logo\/image\/\",\"url\":\"https:\/\/aral2.cetrexmarketing.com\/wp-content\/uploads\/2024\/10\/aral-logo-neg-1024x409-1.png\",\"contentUrl\":\"https:\/\/aral2.cetrexmarketing.com\/wp-content\/uploads\/2024\/10\/aral-logo-neg-1024x409-1.png\",\"width\":1024,\"height\":409,\"caption\":\"M\u00f3n La Cata\"},\"image\":{\"@id\":\"https:\/\/aral2.cetrexmarketing.com\/#\/schema\/logo\/image\/\"}}]}<\/script>\n<!-- \/ Yoast SEO Premium plugin. -->","yoast_head_json":{"title":"Mas Vilella Blanc","description":"Comprar al millor preu el vi Mas Vilella Blanc a M\u00f3n La Cata. Botiga online especialitzada en vins, destil\u00b7lats, cerveses i alimentaci\u00f3 gurmet.","robots":{"index":"noindex","follow":"follow","max-snippet":"max-snippet:-1","max-image-preview":"max-image-preview:large","max-video-preview":"max-video-preview:-1"},"og_locale":"ca_ES","og_type":"article","og_title":"Mas Vilella Blanc","og_description":"Comprar al millor preu el vi Mas Vilella Blanc a M\u00f3n La Cata. Botiga online especialitzada en vins, destil\u00b7lats, cerveses i alimentaci\u00f3 gurmet.","og_url":"https:\/\/aral2.cetrexmarketing.com\/ca\/producto\/mas-vilella-blanc\/","og_site_name":"M\u00f3n La Cata","article_modified_time":"2025-05-27T08:16:38+00:00","og_image":[{"width":765,"height":1024,"url":"https:\/\/aral2.cetrexmarketing.com\/wp-content\/uploads\/2025\/05\/mas-vilella-blanc.png","type":"image\/png"}],"twitter_card":"summary_large_image","twitter_misc":{"Temps estimat de lectura":"2 minuts"},"schema":{"@context":"https:\/\/schema.org","@graph":[{"@type":"WebPage","@id":"https:\/\/aral2.cetrexmarketing.com\/ca\/producto\/mas-vilella-blanc\/","url":"https:\/\/aral2.cetrexmarketing.com\/ca\/producto\/mas-vilella-blanc\/","name":"Mas Vilella Blanc","isPartOf":{"@id":"https:\/\/aral2.cetrexmarketing.com\/#website"},"primaryImageOfPage":{"@id":"https:\/\/aral2.cetrexmarketing.com\/ca\/producto\/mas-vilella-blanc\/#primaryimage"},"image":{"@id":"https:\/\/aral2.cetrexmarketing.com\/ca\/producto\/mas-vilella-blanc\/#primaryimage"},"thumbnailUrl":"https:\/\/aral2.cetrexmarketing.com\/wp-content\/uploads\/2025\/05\/mas-vilella-blanc.png","datePublished":"2025-05-27T05:05:27+00:00","dateModified":"2025-05-27T08:16:38+00:00","description":"Comprar al millor preu el vi Mas Vilella Blanc a M\u00f3n La Cata. Botiga online especialitzada en vins, destil\u00b7lats, cerveses i alimentaci\u00f3 gurmet.","breadcrumb":{"@id":"https:\/\/aral2.cetrexmarketing.com\/ca\/producto\/mas-vilella-blanc\/#breadcrumb"},"inLanguage":"ca","potentialAction":[{"@type":"ReadAction","target":["https:\/\/aral2.cetrexmarketing.com\/ca\/producto\/mas-vilella-blanc\/"]}]},{"@type":"ImageObject","inLanguage":"ca","@id":"https:\/\/aral2.cetrexmarketing.com\/ca\/producto\/mas-vilella-blanc\/#primaryimage","url":"https:\/\/aral2.cetrexmarketing.com\/wp-content\/uploads\/2025\/05\/mas-vilella-blanc.png","contentUrl":"https:\/\/aral2.cetrexmarketing.com\/wp-content\/uploads\/2025\/05\/mas-vilella-blanc.png","width":765,"height":1024},{"@type":"BreadcrumbList","@id":"https:\/\/aral2.cetrexmarketing.com\/ca\/producto\/mas-vilella-blanc\/#breadcrumb","itemListElement":[{"@type":"ListItem","position":1,"name":"Home","item":"https:\/\/aral2.cetrexmarketing.com\/ca\/"},{"@type":"ListItem","position":2,"name":"Tienda","item":"https:\/\/aral2.cetrexmarketing.com\/ca\/tienda-2\/"},{"@type":"ListItem","position":3,"name":"Tienda","item":"https:\/\/aral2.cetrexmarketing.com\/categoria-producto\/inicio\/"},{"@type":"ListItem","position":4,"name":"Mas Vilella Blanc"}]},{"@type":"WebSite","@id":"https:\/\/aral2.cetrexmarketing.com\/#website","url":"https:\/\/aral2.cetrexmarketing.com\/","name":"M\u00f3n La Cata","description":"Tienda de vinos, licores, cervezas y gourmet","publisher":{"@id":"https:\/\/aral2.cetrexmarketing.com\/#organization"},"potentialAction":[{"@type":"SearchAction","target":{"@type":"EntryPoint","urlTemplate":"https:\/\/aral2.cetrexmarketing.com\/?s={search_term_string}"},"query-input":{"@type":"PropertyValueSpecification","valueRequired":true,"valueName":"search_term_string"}}],"inLanguage":"ca"},{"@type":"Organization","@id":"https:\/\/aral2.cetrexmarketing.com\/#organization","name":"M\u00f3n La Cata","url":"https:\/\/aral2.cetrexmarketing.com\/","logo":{"@type":"ImageObject","inLanguage":"ca","@id":"https:\/\/aral2.cetrexmarketing.com\/#\/schema\/logo\/image\/","url":"https:\/\/aral2.cetrexmarketing.com\/wp-content\/uploads\/2024\/10\/aral-logo-neg-1024x409-1.png","contentUrl":"https:\/\/aral2.cetrexmarketing.com\/wp-content\/uploads\/2024\/10\/aral-logo-neg-1024x409-1.png","width":1024,"height":409,"caption":"M\u00f3n La Cata"},"image":{"@id":"https:\/\/aral2.cetrexmarketing.com\/#\/schema\/logo\/image\/"}}]}},"brands":[],"_links":{"self":[{"href":"https:\/\/aral2.cetrexmarketing.com\/ca\/wp-json\/wp\/v2\/product\/121433","targetHints":{"allow":["GET"]}}],"collection":[{"href":"https:\/\/aral2.cetrexmarketing.com\/ca\/wp-json\/wp\/v2\/product"}],"about":[{"href":"https:\/\/aral2.cetrexmarketing.com\/ca\/wp-json\/wp\/v2\/types\/product"}],"replies":[{"embeddable":true,"href":"https:\/\/aral2.cetrexmarketing.com\/ca\/wp-json\/wp\/v2\/comments?post=121433"}],"wp:featuredmedia":[{"embeddable":true,"href":"https:\/\/aral2.cetrexmarketing.com\/ca\/wp-json\/wp\/v2\/media\/121430"}],"wp:attachment":[{"href":"https:\/\/aral2.cetrexmarketing.com\/ca\/wp-json\/wp\/v2\/media?parent=121433"}],"wp:term":[{"taxonomy":"pwb-brand","embeddable":true,"href":"https:\/\/aral2.cetrexmarketing.com\/ca\/wp-json\/wp\/v2\/pwb-brand?post=121433"},{"taxonomy":"product_brand","embeddable":true,"href":"https:\/\/aral2.cetrexmarketing.com\/ca\/wp-json\/wp\/v2\/product_brand?post=121433"},{"taxonomy":"product_cat","embeddable":true,"href":"https:\/\/aral2.cetrexmarketing.com\/ca\/wp-json\/wp\/v2\/product_cat?post=121433"},{"taxonomy":"product_tag","embeddable":true,"href":"https:\/\/aral2.cetrexmarketing.com\/ca\/wp-json\/wp\/v2\/product_tag?post=121433"}],"curies":[{"name":"wp","href":"https:\/\/api.w.org\/{rel}","templated":true}]}}