{"id":121425,"date":"2025-05-27T05:05:17","date_gmt":"2025-05-27T05:05:17","guid":{"rendered":"https:\/\/aral2.cetrexmarketing.com\/producto\/rooster-rojo-blanc\/"},"modified":"2025-05-27T08:16:34","modified_gmt":"2025-05-27T08:16:34","slug":"rooster-rojo-blanc","status":"publish","type":"product","link":"https:\/\/aral2.cetrexmarketing.com\/ca\/producto\/rooster-rojo-blanc\/","title":{"rendered":"Rooster Rojo Blanc"},"content":{"rendered":"<p><strong>Rooster Rojo Blanco<\/strong> \u00e9s un tequila premium mexic\u00e0 elaborat amb 100% d\u2019atzavara blau Weber, cultivada a les regions de Los Altos de Jalisco i Tequila. Produ\u00eft per la destil\u00b7leria F\u00e1brica de Tequilas Finos, propietat d\u2019Amber Beverage Group, aquest tequila es sotmet a una cocci\u00f3 de les pinyes d\u2019atzavara durant 10 hores en autoclau amb vapor. Posteriorment, es duu a terme una fermentaci\u00f3 de 72 hores amb llevats especials i una doble destil\u00b7laci\u00f3 en alambins d\u2019acer inoxidable. L\u2019aigua utilitzada en la seva elaboraci\u00f3 es filtra a trav\u00e9s de plata mexicana, aportant una suavitat distintiva al producte final.<\/p>\n<p><strong>Notes de tast:<\/strong><\/p>\n<ul>\n<li>Vista: Cristal\u00b7l\u00ed i brillant.<\/li>\n<li>Nas: Fresc, c\u00edtric i viu, amb notes de llima i un toc floral.<\/li>\n<li>Boca: Dol\u00e7 amb un lleuger toc picant, suau i plaent, amb matisos herbacis i d\u2019atzavara vegetal.<\/li>\n<li>Final: Mig-llarg, suau per\u00f2 amb car\u00e0cter.<\/li>\n<\/ul>\n<p>Rooster Rojo Blanco \u00e9s ideal per gaudir-ne sol, amb gel o en c\u00f2ctels cl\u00e0ssics com la margarita o la paloma. El seu perfil fresc i equilibrat el converteix en una excel\u00b7lent opci\u00f3 tant per a aficionats com per a coneixedors del tequila.<\/p>\n","protected":false},"excerpt":{"rendered":"<p>Rooster Rojo Blanco \u00e9s un tequila premium mexic\u00e0 elaborat amb 100% d\u2019atzavara blau Weber a la destil\u00b7leria F\u00e1brica de Tequilas Finos, ubicada a Tequila (Jalisco). Destaca per la seva frescor i suavitat, gr\u00e0cies a una fermentaci\u00f3 lenta i l\u2019\u00fas d\u2019aigua filtrada amb plata mexicana. Amb aromes c\u00edtrics i florals, i un gust suau amb notes herbacies i lleugerament picants, ofereix un final mig i equilibrat. \u00c9s ideal per prendre sol o en c\u00f2ctels com la margarita o la paloma.<\/p>\n","protected":false},"featured_media":121422,"comment_status":"closed","ping_status":"closed","template":"","meta":{"_acf_changed":false},"pwb-brand":[],"product_brand":[],"product_cat":[51674,51692,51721],"product_tag":[],"class_list":{"0":"post-121425","1":"product","2":"type-product","3":"status-publish","4":"has-post-thumbnail","6":"product_cat-botiga","7":"product_cat-destillats","8":"product_cat-tequila-destillats","9":"pa_formatoenml-38307","10":"pa_graduacion-38_0","11":"pa_variedades-agave100-ca","12":"entry","13":"has-media","15":"first","16":"instock","17":"taxable","18":"shipping-taxable","19":"purchasable","20":"product-type-simple"},"acf":[],"yoast_head":"<!-- This site is optimized with the Yoast SEO Premium plugin v23.1 (Yoast SEO v23.5) - https:\/\/yoast.com\/wordpress\/plugins\/seo\/ -->\n<title>Rooster Rojo Blanc<\/title>\n<meta name=\"description\" content=\"Comprar al millor preu el tequila Rooster Rojo Blanc a Mon la Cata. Botiga online especialitzada en destil\u00b7lats, vins, cerveses i alimentaci\u00f3 gurmet.\" \/>\n<meta name=\"robots\" content=\"noindex, follow, max-snippet:-1, max-image-preview:large, max-video-preview:-1\" \/>\n<meta property=\"og:locale\" content=\"ca_ES\" \/>\n<meta property=\"og:type\" content=\"article\" \/>\n<meta property=\"og:title\" content=\"Rooster Rojo Blanc\" \/>\n<meta property=\"og:description\" content=\"Comprar al millor preu el tequila Rooster Rojo Blanc a Mon la Cata. Botiga online especialitzada en destil\u00b7lats, vins, cerveses i alimentaci\u00f3 gurmet.\" \/>\n<meta property=\"og:url\" content=\"https:\/\/aral2.cetrexmarketing.com\/ca\/producto\/rooster-rojo-blanc\/\" \/>\n<meta property=\"og:site_name\" content=\"M\u00f3n La Cata\" \/>\n<meta property=\"article:modified_time\" content=\"2025-05-27T08:16:34+00:00\" \/>\n<meta property=\"og:image\" content=\"https:\/\/aral2.cetrexmarketing.com\/wp-content\/uploads\/2025\/05\/rooster-rojo-blanco.jpg.png\" \/>\n\t<meta property=\"og:image:width\" content=\"765\" \/>\n\t<meta property=\"og:image:height\" content=\"1024\" \/>\n\t<meta property=\"og:image:type\" content=\"image\/png\" \/>\n<meta name=\"twitter:card\" content=\"summary_large_image\" \/>\n<meta name=\"twitter:label1\" content=\"Temps estimat de lectura\" \/>\n\t<meta name=\"twitter:data1\" content=\"2 minuts\" \/>\n<script type=\"application\/ld+json\" class=\"yoast-schema-graph\">{\"@context\":\"https:\/\/schema.org\",\"@graph\":[{\"@type\":\"WebPage\",\"@id\":\"https:\/\/aral2.cetrexmarketing.com\/ca\/producto\/rooster-rojo-blanc\/\",\"url\":\"https:\/\/aral2.cetrexmarketing.com\/ca\/producto\/rooster-rojo-blanc\/\",\"name\":\"Rooster Rojo Blanc\",\"isPartOf\":{\"@id\":\"https:\/\/aral2.cetrexmarketing.com\/#website\"},\"primaryImageOfPage\":{\"@id\":\"https:\/\/aral2.cetrexmarketing.com\/ca\/producto\/rooster-rojo-blanc\/#primaryimage\"},\"image\":{\"@id\":\"https:\/\/aral2.cetrexmarketing.com\/ca\/producto\/rooster-rojo-blanc\/#primaryimage\"},\"thumbnailUrl\":\"https:\/\/aral2.cetrexmarketing.com\/wp-content\/uploads\/2025\/05\/rooster-rojo-blanco.jpg.png\",\"datePublished\":\"2025-05-27T05:05:17+00:00\",\"dateModified\":\"2025-05-27T08:16:34+00:00\",\"description\":\"Comprar al millor preu el tequila Rooster Rojo Blanc a Mon la Cata. Botiga online especialitzada en destil\u00b7lats, vins, cerveses i alimentaci\u00f3 gurmet.\",\"breadcrumb\":{\"@id\":\"https:\/\/aral2.cetrexmarketing.com\/ca\/producto\/rooster-rojo-blanc\/#breadcrumb\"},\"inLanguage\":\"ca\",\"potentialAction\":[{\"@type\":\"ReadAction\",\"target\":[\"https:\/\/aral2.cetrexmarketing.com\/ca\/producto\/rooster-rojo-blanc\/\"]}]},{\"@type\":\"ImageObject\",\"inLanguage\":\"ca\",\"@id\":\"https:\/\/aral2.cetrexmarketing.com\/ca\/producto\/rooster-rojo-blanc\/#primaryimage\",\"url\":\"https:\/\/aral2.cetrexmarketing.com\/wp-content\/uploads\/2025\/05\/rooster-rojo-blanco.jpg.png\",\"contentUrl\":\"https:\/\/aral2.cetrexmarketing.com\/wp-content\/uploads\/2025\/05\/rooster-rojo-blanco.jpg.png\",\"width\":765,\"height\":1024},{\"@type\":\"BreadcrumbList\",\"@id\":\"https:\/\/aral2.cetrexmarketing.com\/ca\/producto\/rooster-rojo-blanc\/#breadcrumb\",\"itemListElement\":[{\"@type\":\"ListItem\",\"position\":1,\"name\":\"Home\",\"item\":\"https:\/\/aral2.cetrexmarketing.com\/ca\/\"},{\"@type\":\"ListItem\",\"position\":2,\"name\":\"Tienda\",\"item\":\"https:\/\/aral2.cetrexmarketing.com\/ca\/tienda-2\/\"},{\"@type\":\"ListItem\",\"position\":3,\"name\":\"Tienda\",\"item\":\"https:\/\/aral2.cetrexmarketing.com\/categoria-producto\/inicio\/\"},{\"@type\":\"ListItem\",\"position\":4,\"name\":\"Rooster Rojo Blanc\"}]},{\"@type\":\"WebSite\",\"@id\":\"https:\/\/aral2.cetrexmarketing.com\/#website\",\"url\":\"https:\/\/aral2.cetrexmarketing.com\/\",\"name\":\"M\u00f3n La Cata\",\"description\":\"Tienda de vinos, licores, cervezas y gourmet\",\"publisher\":{\"@id\":\"https:\/\/aral2.cetrexmarketing.com\/#organization\"},\"potentialAction\":[{\"@type\":\"SearchAction\",\"target\":{\"@type\":\"EntryPoint\",\"urlTemplate\":\"https:\/\/aral2.cetrexmarketing.com\/?s={search_term_string}\"},\"query-input\":{\"@type\":\"PropertyValueSpecification\",\"valueRequired\":true,\"valueName\":\"search_term_string\"}}],\"inLanguage\":\"ca\"},{\"@type\":\"Organization\",\"@id\":\"https:\/\/aral2.cetrexmarketing.com\/#organization\",\"name\":\"M\u00f3n La Cata\",\"url\":\"https:\/\/aral2.cetrexmarketing.com\/\",\"logo\":{\"@type\":\"ImageObject\",\"inLanguage\":\"ca\",\"@id\":\"https:\/\/aral2.cetrexmarketing.com\/#\/schema\/logo\/image\/\",\"url\":\"https:\/\/aral2.cetrexmarketing.com\/wp-content\/uploads\/2024\/10\/aral-logo-neg-1024x409-1.png\",\"contentUrl\":\"https:\/\/aral2.cetrexmarketing.com\/wp-content\/uploads\/2024\/10\/aral-logo-neg-1024x409-1.png\",\"width\":1024,\"height\":409,\"caption\":\"M\u00f3n La Cata\"},\"image\":{\"@id\":\"https:\/\/aral2.cetrexmarketing.com\/#\/schema\/logo\/image\/\"}}]}<\/script>\n<!-- \/ Yoast SEO Premium plugin. -->","yoast_head_json":{"title":"Rooster Rojo Blanc","description":"Comprar al millor preu el tequila Rooster Rojo Blanc a Mon la Cata. Botiga online especialitzada en destil\u00b7lats, vins, cerveses i alimentaci\u00f3 gurmet.","robots":{"index":"noindex","follow":"follow","max-snippet":"max-snippet:-1","max-image-preview":"max-image-preview:large","max-video-preview":"max-video-preview:-1"},"og_locale":"ca_ES","og_type":"article","og_title":"Rooster Rojo Blanc","og_description":"Comprar al millor preu el tequila Rooster Rojo Blanc a Mon la Cata. Botiga online especialitzada en destil\u00b7lats, vins, cerveses i alimentaci\u00f3 gurmet.","og_url":"https:\/\/aral2.cetrexmarketing.com\/ca\/producto\/rooster-rojo-blanc\/","og_site_name":"M\u00f3n La Cata","article_modified_time":"2025-05-27T08:16:34+00:00","og_image":[{"width":765,"height":1024,"url":"https:\/\/aral2.cetrexmarketing.com\/wp-content\/uploads\/2025\/05\/rooster-rojo-blanco.jpg.png","type":"image\/png"}],"twitter_card":"summary_large_image","twitter_misc":{"Temps estimat de lectura":"2 minuts"},"schema":{"@context":"https:\/\/schema.org","@graph":[{"@type":"WebPage","@id":"https:\/\/aral2.cetrexmarketing.com\/ca\/producto\/rooster-rojo-blanc\/","url":"https:\/\/aral2.cetrexmarketing.com\/ca\/producto\/rooster-rojo-blanc\/","name":"Rooster Rojo Blanc","isPartOf":{"@id":"https:\/\/aral2.cetrexmarketing.com\/#website"},"primaryImageOfPage":{"@id":"https:\/\/aral2.cetrexmarketing.com\/ca\/producto\/rooster-rojo-blanc\/#primaryimage"},"image":{"@id":"https:\/\/aral2.cetrexmarketing.com\/ca\/producto\/rooster-rojo-blanc\/#primaryimage"},"thumbnailUrl":"https:\/\/aral2.cetrexmarketing.com\/wp-content\/uploads\/2025\/05\/rooster-rojo-blanco.jpg.png","datePublished":"2025-05-27T05:05:17+00:00","dateModified":"2025-05-27T08:16:34+00:00","description":"Comprar al millor preu el tequila Rooster Rojo Blanc a Mon la Cata. Botiga online especialitzada en destil\u00b7lats, vins, cerveses i alimentaci\u00f3 gurmet.","breadcrumb":{"@id":"https:\/\/aral2.cetrexmarketing.com\/ca\/producto\/rooster-rojo-blanc\/#breadcrumb"},"inLanguage":"ca","potentialAction":[{"@type":"ReadAction","target":["https:\/\/aral2.cetrexmarketing.com\/ca\/producto\/rooster-rojo-blanc\/"]}]},{"@type":"ImageObject","inLanguage":"ca","@id":"https:\/\/aral2.cetrexmarketing.com\/ca\/producto\/rooster-rojo-blanc\/#primaryimage","url":"https:\/\/aral2.cetrexmarketing.com\/wp-content\/uploads\/2025\/05\/rooster-rojo-blanco.jpg.png","contentUrl":"https:\/\/aral2.cetrexmarketing.com\/wp-content\/uploads\/2025\/05\/rooster-rojo-blanco.jpg.png","width":765,"height":1024},{"@type":"BreadcrumbList","@id":"https:\/\/aral2.cetrexmarketing.com\/ca\/producto\/rooster-rojo-blanc\/#breadcrumb","itemListElement":[{"@type":"ListItem","position":1,"name":"Home","item":"https:\/\/aral2.cetrexmarketing.com\/ca\/"},{"@type":"ListItem","position":2,"name":"Tienda","item":"https:\/\/aral2.cetrexmarketing.com\/ca\/tienda-2\/"},{"@type":"ListItem","position":3,"name":"Tienda","item":"https:\/\/aral2.cetrexmarketing.com\/categoria-producto\/inicio\/"},{"@type":"ListItem","position":4,"name":"Rooster Rojo Blanc"}]},{"@type":"WebSite","@id":"https:\/\/aral2.cetrexmarketing.com\/#website","url":"https:\/\/aral2.cetrexmarketing.com\/","name":"M\u00f3n La Cata","description":"Tienda de vinos, licores, cervezas y gourmet","publisher":{"@id":"https:\/\/aral2.cetrexmarketing.com\/#organization"},"potentialAction":[{"@type":"SearchAction","target":{"@type":"EntryPoint","urlTemplate":"https:\/\/aral2.cetrexmarketing.com\/?s={search_term_string}"},"query-input":{"@type":"PropertyValueSpecification","valueRequired":true,"valueName":"search_term_string"}}],"inLanguage":"ca"},{"@type":"Organization","@id":"https:\/\/aral2.cetrexmarketing.com\/#organization","name":"M\u00f3n La Cata","url":"https:\/\/aral2.cetrexmarketing.com\/","logo":{"@type":"ImageObject","inLanguage":"ca","@id":"https:\/\/aral2.cetrexmarketing.com\/#\/schema\/logo\/image\/","url":"https:\/\/aral2.cetrexmarketing.com\/wp-content\/uploads\/2024\/10\/aral-logo-neg-1024x409-1.png","contentUrl":"https:\/\/aral2.cetrexmarketing.com\/wp-content\/uploads\/2024\/10\/aral-logo-neg-1024x409-1.png","width":1024,"height":409,"caption":"M\u00f3n La Cata"},"image":{"@id":"https:\/\/aral2.cetrexmarketing.com\/#\/schema\/logo\/image\/"}}]}},"brands":[],"_links":{"self":[{"href":"https:\/\/aral2.cetrexmarketing.com\/ca\/wp-json\/wp\/v2\/product\/121425","targetHints":{"allow":["GET"]}}],"collection":[{"href":"https:\/\/aral2.cetrexmarketing.com\/ca\/wp-json\/wp\/v2\/product"}],"about":[{"href":"https:\/\/aral2.cetrexmarketing.com\/ca\/wp-json\/wp\/v2\/types\/product"}],"replies":[{"embeddable":true,"href":"https:\/\/aral2.cetrexmarketing.com\/ca\/wp-json\/wp\/v2\/comments?post=121425"}],"wp:featuredmedia":[{"embeddable":true,"href":"https:\/\/aral2.cetrexmarketing.com\/ca\/wp-json\/wp\/v2\/media\/121422"}],"wp:attachment":[{"href":"https:\/\/aral2.cetrexmarketing.com\/ca\/wp-json\/wp\/v2\/media?parent=121425"}],"wp:term":[{"taxonomy":"pwb-brand","embeddable":true,"href":"https:\/\/aral2.cetrexmarketing.com\/ca\/wp-json\/wp\/v2\/pwb-brand?post=121425"},{"taxonomy":"product_brand","embeddable":true,"href":"https:\/\/aral2.cetrexmarketing.com\/ca\/wp-json\/wp\/v2\/product_brand?post=121425"},{"taxonomy":"product_cat","embeddable":true,"href":"https:\/\/aral2.cetrexmarketing.com\/ca\/wp-json\/wp\/v2\/product_cat?post=121425"},{"taxonomy":"product_tag","embeddable":true,"href":"https:\/\/aral2.cetrexmarketing.com\/ca\/wp-json\/wp\/v2\/product_tag?post=121425"}],"curies":[{"name":"wp","href":"https:\/\/api.w.org\/{rel}","templated":true}]}}