{"id":121373,"date":"2025-05-27T05:03:57","date_gmt":"2025-05-27T05:03:57","guid":{"rendered":"https:\/\/aral2.cetrexmarketing.com\/producto\/alta-alella-aus-pet-nat-blanc\/"},"modified":"2025-05-27T08:16:08","modified_gmt":"2025-05-27T08:16:08","slug":"alta-alella-aus-pet-nat-blanc","status":"publish","type":"product","link":"https:\/\/aral2.cetrexmarketing.com\/ca\/producto\/alta-alella-aus-pet-nat-blanc\/","title":{"rendered":"Alta Alella Aus P\u00e9t-Nat Blanc"},"content":{"rendered":"<p class=\"\" data-start=\"56\" data-end=\"373\"><strong data-start=\"56\" data-end=\"103\">AUS P\u00e9t-Nat Blanc 2024 \u2013 Alta Alella Mirgin<\/strong><br data-start=\"103\" data-end=\"106\" \/>Vi escum\u00f3s natural i ecol\u00f2gic elaborat amb <strong data-start=\"149\" data-end=\"181\">100% Pansa Blanca (Xarel\u00b7lo)<\/strong> mitjan\u00e7ant el <strong data-start=\"196\" data-end=\"216\">M\u00e8tode Ancestral<\/strong>, sense sulfits afegits ni filtraci\u00f3. El most fermenta espont\u00e0niament en acer inoxidable i finalitza la fermentaci\u00f3 dins l\u2019ampolla, tapat amb <strong data-start=\"358\" data-end=\"372\">tap corona<\/strong>.<\/p>\n<p class=\"\" data-start=\"375\" data-end=\"409\"><strong data-start=\"375\" data-end=\"407\">Caracter\u00edstiques destacades:<\/strong><\/p>\n<ul data-start=\"410\" data-end=\"665\">\n<li class=\"\" data-start=\"410\" data-end=\"481\">\n<p class=\"\" data-start=\"412\" data-end=\"481\"><strong data-start=\"412\" data-end=\"422\">Vista:<\/strong> Groc p\u00e0l\u00b7lid amb reflexos verdosos i sediments naturals.<\/p>\n<\/li>\n<li class=\"\" data-start=\"482\" data-end=\"571\">\n<p class=\"\" data-start=\"484\" data-end=\"571\"><strong data-start=\"484\" data-end=\"492\">Nas:<\/strong> Aromes florals, fruites blanques (pera, poma verda), fonoll i ametlla verda.<\/p>\n<\/li>\n<li class=\"\" data-start=\"572\" data-end=\"665\">\n<p class=\"\" data-start=\"574\" data-end=\"665\"><strong data-start=\"574\" data-end=\"583\">Boca:<\/strong> Vi sec, lleuger i fresc, amb bombolla cruixent i sabors que confirmen les aromes.<\/p>\n<\/li>\n<\/ul>\n<p class=\"\" data-start=\"667\" data-end=\"689\"><strong data-start=\"667\" data-end=\"687\">Detalls t\u00e8cnics:<\/strong><\/p>\n<ul data-start=\"690\" data-end=\"913\">\n<li class=\"\" data-start=\"711\" data-end=\"740\">\n<p class=\"\" data-start=\"713\" data-end=\"740\"><strong data-start=\"713\" data-end=\"732\">Grau alcoh\u00f2lic:<\/strong> 11,5%<\/p>\n<\/li>\n<li class=\"\" data-start=\"741\" data-end=\"796\">\n<p class=\"\" data-start=\"743\" data-end=\"796\"><strong data-start=\"743\" data-end=\"751\">S\u00f2l:<\/strong> Saul\u00f3 (granit descompost, terreny sorrenc)<\/p>\n<\/li>\n<li class=\"\" data-start=\"797\" data-end=\"825\">\n<p class=\"\" data-start=\"799\" data-end=\"825\"><strong data-start=\"799\" data-end=\"811\">Altitud:<\/strong> 100 &#8211; 220 m<\/p>\n<\/li>\n<li class=\"\" data-start=\"826\" data-end=\"853\">\n<p class=\"\" data-start=\"828\" data-end=\"853\"><strong data-start=\"828\" data-end=\"843\">Orientaci\u00f3:<\/strong> Sud-est<\/p>\n<\/li>\n<li class=\"\" data-start=\"854\" data-end=\"889\">\n<p class=\"\" data-start=\"856\" data-end=\"889\"><strong data-start=\"856\" data-end=\"877\">Servei recomanat:<\/strong> 8 &#8211; 10 \u00baC<\/p>\n<\/li>\n<li class=\"\" data-start=\"890\" data-end=\"913\">\n<p class=\"\" data-start=\"892\" data-end=\"913\"><strong data-start=\"892\" data-end=\"906\">Capacitat:<\/strong> 750 ml<\/p>\n<\/li>\n<\/ul>\n<p class=\"\" data-start=\"915\" data-end=\"1106\"><strong data-start=\"915\" data-end=\"931\">Verema 2024:<\/strong><br data-start=\"931\" data-end=\"934\" \/>Any de retorn a la normalitat despr\u00e9s de la sequera, amb condicions ideals per una maduraci\u00f3 equilibrada i una <strong data-start=\"1045\" data-end=\"1078\">qualitat sanit\u00e0ria excel\u00b7lent<\/strong>, tot i una menor producci\u00f3.<\/p>\n","protected":false},"excerpt":{"rendered":"<p>Alta Alella Aus P\u00e9t-Nat Blanc<\/p>\n","protected":false},"featured_media":121370,"comment_status":"closed","ping_status":"closed","template":"","meta":{"_acf_changed":false},"pwb-brand":[],"product_brand":[],"product_cat":[51879,51674,51669,51694],"product_tag":[],"class_list":{"0":"post-121373","1":"product","2":"type-product","3":"status-publish","4":"has-post-thumbnail","6":"product_cat-ancestral-vi-escumos","7":"product_cat-botiga","8":"product_cat-ecologic","9":"product_cat-vi-escumos","10":"pa_anada-51681","11":"pa_bodega-altaalella","12":"pa_ecologico-vegano-natural-natural-ca","13":"pa_formatoenml-38306","14":"pa_graduacion-10_5","15":"entry","16":"has-media","18":"first","19":"instock","20":"taxable","21":"shipping-taxable","22":"purchasable","23":"product-type-simple"},"acf":[],"yoast_head":"<!-- This site is optimized with the Yoast SEO Premium plugin v23.1 (Yoast SEO v23.5) - https:\/\/yoast.com\/wordpress\/plugins\/seo\/ -->\n<title>Alta Alella Aus P\u00e9t-Nat Blanc<\/title>\n<meta name=\"description\" content=\"Comprar al millor preu l&#039;ancestral Alta Alella Aus P\u00e9t-Nat Blanc a Mon la Cata. Botiga online especialitzada en vins, destil\u00b7lats, cerveses i alimentaci\u00f3.\" \/>\n<meta name=\"robots\" content=\"noindex, follow, max-snippet:-1, max-image-preview:large, max-video-preview:-1\" \/>\n<meta property=\"og:locale\" content=\"ca_ES\" \/>\n<meta property=\"og:type\" content=\"article\" \/>\n<meta property=\"og:title\" content=\"Alta Alella Aus P\u00e9t-Nat Blanc\" \/>\n<meta property=\"og:description\" content=\"Comprar al millor preu l&#039;ancestral Alta Alella Aus P\u00e9t-Nat Blanc a Mon la Cata. Botiga online especialitzada en vins, destil\u00b7lats, cerveses i alimentaci\u00f3.\" \/>\n<meta property=\"og:url\" content=\"https:\/\/aral2.cetrexmarketing.com\/ca\/producto\/alta-alella-aus-pet-nat-blanc\/\" \/>\n<meta property=\"og:site_name\" content=\"M\u00f3n La Cata\" \/>\n<meta property=\"article:modified_time\" content=\"2025-05-27T08:16:08+00:00\" \/>\n<meta property=\"og:image\" content=\"https:\/\/aral2.cetrexmarketing.com\/wp-content\/uploads\/2025\/05\/alta-alella-pet-nat-blanco.png\" \/>\n\t<meta property=\"og:image:width\" content=\"765\" \/>\n\t<meta property=\"og:image:height\" content=\"1024\" \/>\n\t<meta property=\"og:image:type\" content=\"image\/png\" \/>\n<meta name=\"twitter:card\" content=\"summary_large_image\" \/>\n<meta name=\"twitter:label1\" content=\"Temps estimat de lectura\" \/>\n\t<meta name=\"twitter:data1\" content=\"1 minut\" \/>\n<script type=\"application\/ld+json\" class=\"yoast-schema-graph\">{\"@context\":\"https:\/\/schema.org\",\"@graph\":[{\"@type\":\"WebPage\",\"@id\":\"https:\/\/aral2.cetrexmarketing.com\/ca\/producto\/alta-alella-aus-pet-nat-blanc\/\",\"url\":\"https:\/\/aral2.cetrexmarketing.com\/ca\/producto\/alta-alella-aus-pet-nat-blanc\/\",\"name\":\"Alta Alella Aus P\u00e9t-Nat Blanc\",\"isPartOf\":{\"@id\":\"https:\/\/aral2.cetrexmarketing.com\/#website\"},\"primaryImageOfPage\":{\"@id\":\"https:\/\/aral2.cetrexmarketing.com\/ca\/producto\/alta-alella-aus-pet-nat-blanc\/#primaryimage\"},\"image\":{\"@id\":\"https:\/\/aral2.cetrexmarketing.com\/ca\/producto\/alta-alella-aus-pet-nat-blanc\/#primaryimage\"},\"thumbnailUrl\":\"https:\/\/aral2.cetrexmarketing.com\/wp-content\/uploads\/2025\/05\/alta-alella-pet-nat-blanco.png\",\"datePublished\":\"2025-05-27T05:03:57+00:00\",\"dateModified\":\"2025-05-27T08:16:08+00:00\",\"description\":\"Comprar al millor preu l'ancestral Alta Alella Aus P\u00e9t-Nat Blanc a Mon la Cata. Botiga online especialitzada en vins, destil\u00b7lats, cerveses i alimentaci\u00f3.\",\"breadcrumb\":{\"@id\":\"https:\/\/aral2.cetrexmarketing.com\/ca\/producto\/alta-alella-aus-pet-nat-blanc\/#breadcrumb\"},\"inLanguage\":\"ca\",\"potentialAction\":[{\"@type\":\"ReadAction\",\"target\":[\"https:\/\/aral2.cetrexmarketing.com\/ca\/producto\/alta-alella-aus-pet-nat-blanc\/\"]}]},{\"@type\":\"ImageObject\",\"inLanguage\":\"ca\",\"@id\":\"https:\/\/aral2.cetrexmarketing.com\/ca\/producto\/alta-alella-aus-pet-nat-blanc\/#primaryimage\",\"url\":\"https:\/\/aral2.cetrexmarketing.com\/wp-content\/uploads\/2025\/05\/alta-alella-pet-nat-blanco.png\",\"contentUrl\":\"https:\/\/aral2.cetrexmarketing.com\/wp-content\/uploads\/2025\/05\/alta-alella-pet-nat-blanco.png\",\"width\":765,\"height\":1024},{\"@type\":\"BreadcrumbList\",\"@id\":\"https:\/\/aral2.cetrexmarketing.com\/ca\/producto\/alta-alella-aus-pet-nat-blanc\/#breadcrumb\",\"itemListElement\":[{\"@type\":\"ListItem\",\"position\":1,\"name\":\"Home\",\"item\":\"https:\/\/aral2.cetrexmarketing.com\/ca\/\"},{\"@type\":\"ListItem\",\"position\":2,\"name\":\"Tienda\",\"item\":\"https:\/\/aral2.cetrexmarketing.com\/ca\/tienda-2\/\"},{\"@type\":\"ListItem\",\"position\":3,\"name\":\"Tienda\",\"item\":\"https:\/\/aral2.cetrexmarketing.com\/categoria-producto\/inicio\/\"},{\"@type\":\"ListItem\",\"position\":4,\"name\":\"Alta Alella Aus P\u00e9t-Nat Blanc\"}]},{\"@type\":\"WebSite\",\"@id\":\"https:\/\/aral2.cetrexmarketing.com\/#website\",\"url\":\"https:\/\/aral2.cetrexmarketing.com\/\",\"name\":\"M\u00f3n La Cata\",\"description\":\"Tienda de vinos, licores, cervezas y gourmet\",\"publisher\":{\"@id\":\"https:\/\/aral2.cetrexmarketing.com\/#organization\"},\"potentialAction\":[{\"@type\":\"SearchAction\",\"target\":{\"@type\":\"EntryPoint\",\"urlTemplate\":\"https:\/\/aral2.cetrexmarketing.com\/?s={search_term_string}\"},\"query-input\":{\"@type\":\"PropertyValueSpecification\",\"valueRequired\":true,\"valueName\":\"search_term_string\"}}],\"inLanguage\":\"ca\"},{\"@type\":\"Organization\",\"@id\":\"https:\/\/aral2.cetrexmarketing.com\/#organization\",\"name\":\"M\u00f3n La Cata\",\"url\":\"https:\/\/aral2.cetrexmarketing.com\/\",\"logo\":{\"@type\":\"ImageObject\",\"inLanguage\":\"ca\",\"@id\":\"https:\/\/aral2.cetrexmarketing.com\/#\/schema\/logo\/image\/\",\"url\":\"https:\/\/aral2.cetrexmarketing.com\/wp-content\/uploads\/2024\/10\/aral-logo-neg-1024x409-1.png\",\"contentUrl\":\"https:\/\/aral2.cetrexmarketing.com\/wp-content\/uploads\/2024\/10\/aral-logo-neg-1024x409-1.png\",\"width\":1024,\"height\":409,\"caption\":\"M\u00f3n La Cata\"},\"image\":{\"@id\":\"https:\/\/aral2.cetrexmarketing.com\/#\/schema\/logo\/image\/\"}}]}<\/script>\n<!-- \/ Yoast SEO Premium plugin. -->","yoast_head_json":{"title":"Alta Alella Aus P\u00e9t-Nat Blanc","description":"Comprar al millor preu l'ancestral Alta Alella Aus P\u00e9t-Nat Blanc a Mon la Cata. Botiga online especialitzada en vins, destil\u00b7lats, cerveses i alimentaci\u00f3.","robots":{"index":"noindex","follow":"follow","max-snippet":"max-snippet:-1","max-image-preview":"max-image-preview:large","max-video-preview":"max-video-preview:-1"},"og_locale":"ca_ES","og_type":"article","og_title":"Alta Alella Aus P\u00e9t-Nat Blanc","og_description":"Comprar al millor preu l'ancestral Alta Alella Aus P\u00e9t-Nat Blanc a Mon la Cata. Botiga online especialitzada en vins, destil\u00b7lats, cerveses i alimentaci\u00f3.","og_url":"https:\/\/aral2.cetrexmarketing.com\/ca\/producto\/alta-alella-aus-pet-nat-blanc\/","og_site_name":"M\u00f3n La Cata","article_modified_time":"2025-05-27T08:16:08+00:00","og_image":[{"width":765,"height":1024,"url":"https:\/\/aral2.cetrexmarketing.com\/wp-content\/uploads\/2025\/05\/alta-alella-pet-nat-blanco.png","type":"image\/png"}],"twitter_card":"summary_large_image","twitter_misc":{"Temps estimat de lectura":"1 minut"},"schema":{"@context":"https:\/\/schema.org","@graph":[{"@type":"WebPage","@id":"https:\/\/aral2.cetrexmarketing.com\/ca\/producto\/alta-alella-aus-pet-nat-blanc\/","url":"https:\/\/aral2.cetrexmarketing.com\/ca\/producto\/alta-alella-aus-pet-nat-blanc\/","name":"Alta Alella Aus P\u00e9t-Nat Blanc","isPartOf":{"@id":"https:\/\/aral2.cetrexmarketing.com\/#website"},"primaryImageOfPage":{"@id":"https:\/\/aral2.cetrexmarketing.com\/ca\/producto\/alta-alella-aus-pet-nat-blanc\/#primaryimage"},"image":{"@id":"https:\/\/aral2.cetrexmarketing.com\/ca\/producto\/alta-alella-aus-pet-nat-blanc\/#primaryimage"},"thumbnailUrl":"https:\/\/aral2.cetrexmarketing.com\/wp-content\/uploads\/2025\/05\/alta-alella-pet-nat-blanco.png","datePublished":"2025-05-27T05:03:57+00:00","dateModified":"2025-05-27T08:16:08+00:00","description":"Comprar al millor preu l'ancestral Alta Alella Aus P\u00e9t-Nat Blanc a Mon la Cata. Botiga online especialitzada en vins, destil\u00b7lats, cerveses i alimentaci\u00f3.","breadcrumb":{"@id":"https:\/\/aral2.cetrexmarketing.com\/ca\/producto\/alta-alella-aus-pet-nat-blanc\/#breadcrumb"},"inLanguage":"ca","potentialAction":[{"@type":"ReadAction","target":["https:\/\/aral2.cetrexmarketing.com\/ca\/producto\/alta-alella-aus-pet-nat-blanc\/"]}]},{"@type":"ImageObject","inLanguage":"ca","@id":"https:\/\/aral2.cetrexmarketing.com\/ca\/producto\/alta-alella-aus-pet-nat-blanc\/#primaryimage","url":"https:\/\/aral2.cetrexmarketing.com\/wp-content\/uploads\/2025\/05\/alta-alella-pet-nat-blanco.png","contentUrl":"https:\/\/aral2.cetrexmarketing.com\/wp-content\/uploads\/2025\/05\/alta-alella-pet-nat-blanco.png","width":765,"height":1024},{"@type":"BreadcrumbList","@id":"https:\/\/aral2.cetrexmarketing.com\/ca\/producto\/alta-alella-aus-pet-nat-blanc\/#breadcrumb","itemListElement":[{"@type":"ListItem","position":1,"name":"Home","item":"https:\/\/aral2.cetrexmarketing.com\/ca\/"},{"@type":"ListItem","position":2,"name":"Tienda","item":"https:\/\/aral2.cetrexmarketing.com\/ca\/tienda-2\/"},{"@type":"ListItem","position":3,"name":"Tienda","item":"https:\/\/aral2.cetrexmarketing.com\/categoria-producto\/inicio\/"},{"@type":"ListItem","position":4,"name":"Alta Alella Aus P\u00e9t-Nat Blanc"}]},{"@type":"WebSite","@id":"https:\/\/aral2.cetrexmarketing.com\/#website","url":"https:\/\/aral2.cetrexmarketing.com\/","name":"M\u00f3n La Cata","description":"Tienda de vinos, licores, cervezas y gourmet","publisher":{"@id":"https:\/\/aral2.cetrexmarketing.com\/#organization"},"potentialAction":[{"@type":"SearchAction","target":{"@type":"EntryPoint","urlTemplate":"https:\/\/aral2.cetrexmarketing.com\/?s={search_term_string}"},"query-input":{"@type":"PropertyValueSpecification","valueRequired":true,"valueName":"search_term_string"}}],"inLanguage":"ca"},{"@type":"Organization","@id":"https:\/\/aral2.cetrexmarketing.com\/#organization","name":"M\u00f3n La Cata","url":"https:\/\/aral2.cetrexmarketing.com\/","logo":{"@type":"ImageObject","inLanguage":"ca","@id":"https:\/\/aral2.cetrexmarketing.com\/#\/schema\/logo\/image\/","url":"https:\/\/aral2.cetrexmarketing.com\/wp-content\/uploads\/2024\/10\/aral-logo-neg-1024x409-1.png","contentUrl":"https:\/\/aral2.cetrexmarketing.com\/wp-content\/uploads\/2024\/10\/aral-logo-neg-1024x409-1.png","width":1024,"height":409,"caption":"M\u00f3n La Cata"},"image":{"@id":"https:\/\/aral2.cetrexmarketing.com\/#\/schema\/logo\/image\/"}}]}},"brands":[],"_links":{"self":[{"href":"https:\/\/aral2.cetrexmarketing.com\/ca\/wp-json\/wp\/v2\/product\/121373","targetHints":{"allow":["GET"]}}],"collection":[{"href":"https:\/\/aral2.cetrexmarketing.com\/ca\/wp-json\/wp\/v2\/product"}],"about":[{"href":"https:\/\/aral2.cetrexmarketing.com\/ca\/wp-json\/wp\/v2\/types\/product"}],"replies":[{"embeddable":true,"href":"https:\/\/aral2.cetrexmarketing.com\/ca\/wp-json\/wp\/v2\/comments?post=121373"}],"wp:featuredmedia":[{"embeddable":true,"href":"https:\/\/aral2.cetrexmarketing.com\/ca\/wp-json\/wp\/v2\/media\/121370"}],"wp:attachment":[{"href":"https:\/\/aral2.cetrexmarketing.com\/ca\/wp-json\/wp\/v2\/media?parent=121373"}],"wp:term":[{"taxonomy":"pwb-brand","embeddable":true,"href":"https:\/\/aral2.cetrexmarketing.com\/ca\/wp-json\/wp\/v2\/pwb-brand?post=121373"},{"taxonomy":"product_brand","embeddable":true,"href":"https:\/\/aral2.cetrexmarketing.com\/ca\/wp-json\/wp\/v2\/product_brand?post=121373"},{"taxonomy":"product_cat","embeddable":true,"href":"https:\/\/aral2.cetrexmarketing.com\/ca\/wp-json\/wp\/v2\/product_cat?post=121373"},{"taxonomy":"product_tag","embeddable":true,"href":"https:\/\/aral2.cetrexmarketing.com\/ca\/wp-json\/wp\/v2\/product_tag?post=121373"}],"curies":[{"name":"wp","href":"https:\/\/api.w.org\/{rel}","templated":true}]}}