{"id":121239,"date":"2025-05-27T05:00:45","date_gmt":"2025-05-27T05:00:45","guid":{"rendered":"https:\/\/aral2.cetrexmarketing.com\/producto\/vina-pomal-crianca-ecologic\/"},"modified":"2025-05-27T08:14:58","modified_gmt":"2025-05-27T08:14:58","slug":"vina-pomal-crianca-ecologic","status":"publish","type":"product","link":"https:\/\/aral2.cetrexmarketing.com\/ca\/producto\/vina-pomal-crianca-ecologic\/","title":{"rendered":"Vi\u00f1a Pomal Crian\u00e7a Ecol\u00f2gic"},"content":{"rendered":"<p data-start=\"0\" data-end=\"272\">El <strong data-start=\"3\" data-end=\"35\">Vi\u00f1a Pomal Crianza Ecol\u00f3gico<\/strong> \u00e9s un vi negre de la <strong data-start=\"57\" data-end=\"87\">Denominaci\u00f3 d&#8217;Origen Rioja<\/strong>, elaborat seguint pr\u00e0ctiques agr\u00edcoles i enol\u00f2giques ecol\u00f2giques. Aquest vi \u00e9s una expressi\u00f3 de l&#8217;acompliment amb la sostenibilitat i el respecte pel medi ambient en la seva producci\u00f3.<\/p>\n<p data-start=\"274\" data-end=\"659\">Elaborat principalment amb ra\u00efm de la varietat <strong data-start=\"321\" data-end=\"336\">Tempranillo<\/strong>, el Vi\u00f1a Pomal Crianza Ecol\u00f3gico destaca pel seu <strong data-start=\"386\" data-end=\"413\">car\u00e0cter suau i elegant<\/strong>, equilibrant perfectament la fruita madura amb els tocs de la crian\u00e7a en b\u00f3ta. Durant la seva crian\u00e7a en b\u00f3tes de roure, el vi adquireix complexitat, amb notes de <strong data-start=\"577\" data-end=\"609\">vainilla, esp\u00e8cies i torrats<\/strong> que complementen les caracter\u00edstiques afruitades.<\/p>\n<p data-start=\"661\" data-end=\"967\">Pel que fa al seu <strong data-start=\"679\" data-end=\"688\">color<\/strong>, es presenta d&#8217;un <strong data-start=\"707\" data-end=\"728\">roig rub\u00ed profund<\/strong>. A la nas, es perceben aromes de <strong data-start=\"762\" data-end=\"791\">fruites vermelles madures<\/strong>, com <strong data-start=\"797\" data-end=\"815\">cirera i pruna<\/strong>, juntament amb tocs d&#8217;<strong data-start=\"838\" data-end=\"856\">esp\u00e8cies suaus<\/strong> i un lleuger <strong data-start=\"870\" data-end=\"893\">toc bals\u00e0mic subtil<\/strong>. A la boca, \u00e9s <strong data-start=\"909\" data-end=\"934\">estructurat i sabor\u00f3s<\/strong>, amb un final persistent i rod\u00f3.<\/p>\n<p data-start=\"969\" data-end=\"1119\">\u00c9s un vi que, gr\u00e0cies al seu equilibri i suavitat, marida b\u00e9 amb una gran varietat de plats com carns vermelles, arrossos, guisats i formatges curats.<\/p>\n<p data-start=\"1121\" data-end=\"1264\" data-is-last-node=\"\" data-is-only-node=\"\">Aquest vi \u00e9s una excel\u00b7lent opci\u00f3 per aquells que busquen una alternativa ecol\u00f2gica sense sacrificar la qualitat i tradici\u00f3 dels vins de Rioja.<\/p>\n","protected":false},"excerpt":{"rendered":"<p>El <strong data-start=\"3\" data-end=\"35\">Vi\u00f1a Pomal Crianza Ecol\u00f3gico<\/strong> \u00e9s un vi negre ecol\u00f2gic de la Denominaci\u00f3 d&#8217;Origen Rioja, elaborat principalment amb ra\u00efm <strong data-start=\"126\" data-end=\"141\">Tempranillo<\/strong>. T\u00e9 un car\u00e0cter elegant i equilibrat, on la fruita madura es combina amb els tocs de la crian\u00e7a en b\u00f3ta de roure, aportant complexitat amb notes de vainilla, esp\u00e8cies i torrats. Presenta un color roig rub\u00ed profund, amb aromes de fruites vermelles madures i un toc bals\u00e0mic subtil. A la boca \u00e9s estructurat, sabor\u00f3s i amb un final persistent. \u00c9s una bona opci\u00f3 per maridar amb carns vermelles, arrossos, guisats i formatges curats.<\/p>\n","protected":false},"featured_media":121236,"comment_status":"closed","ping_status":"closed","template":"","meta":{"_acf_changed":false},"pwb-brand":[],"product_brand":[],"product_cat":[51674,51669,51670,51671],"product_tag":[],"class_list":{"0":"post-121239","1":"product","2":"type-product","3":"status-publish","4":"has-post-thumbnail","6":"product_cat-botiga","7":"product_cat-ecologic","8":"product_cat-vi","9":"product_cat-vi-negre","10":"pa_anada-36212","11":"pa_bodega-bodegasbilbainas","12":"pa_do-rioja-d-o-ca-ca","13":"pa_formatoenml-38306","14":"pa_graduacion-14_0","15":"pa_pais-espanya-ca","16":"pa_pueblociudad-harolarioja","17":"entry","18":"has-media","20":"first","21":"instock","22":"taxable","23":"shipping-taxable","24":"purchasable","25":"product-type-simple"},"acf":[],"yoast_head":"<!-- This site is optimized with the Yoast SEO Premium plugin v23.1 (Yoast SEO v23.5) - https:\/\/yoast.com\/wordpress\/plugins\/seo\/ -->\n<title>Vi\u00f1a Pomal Crian\u00e7a Ecol\u00f2gic<\/title>\n<meta name=\"description\" content=\"Comprar al millor preu el vi negre Vi\u00f1a Pomal Crian\u00e7a Ecol\u00f2gic a M\u00f3n La Cata. Botiga online especialitzada en vins, destil\u00b7lats i alimentaci\u00f3.\" \/>\n<meta name=\"robots\" content=\"noindex, follow, max-snippet:-1, max-image-preview:large, max-video-preview:-1\" \/>\n<meta property=\"og:locale\" content=\"ca_ES\" \/>\n<meta property=\"og:type\" content=\"article\" \/>\n<meta property=\"og:title\" content=\"Vi\u00f1a Pomal Crian\u00e7a Ecol\u00f2gic\" \/>\n<meta property=\"og:description\" content=\"Comprar al millor preu el vi negre Vi\u00f1a Pomal Crian\u00e7a Ecol\u00f2gic a M\u00f3n La Cata. Botiga online especialitzada en vins, destil\u00b7lats i alimentaci\u00f3.\" \/>\n<meta property=\"og:url\" content=\"https:\/\/aral2.cetrexmarketing.com\/ca\/producto\/vina-pomal-crianca-ecologic\/\" \/>\n<meta property=\"og:site_name\" content=\"M\u00f3n La Cata\" \/>\n<meta property=\"article:modified_time\" content=\"2025-05-27T08:14:58+00:00\" \/>\n<meta property=\"og:image\" content=\"https:\/\/aral2.cetrexmarketing.com\/wp-content\/uploads\/2025\/05\/vina-pomal-crianza-ecologico.jpg.png\" \/>\n\t<meta property=\"og:image:width\" content=\"765\" \/>\n\t<meta property=\"og:image:height\" content=\"1024\" \/>\n\t<meta property=\"og:image:type\" content=\"image\/png\" \/>\n<meta name=\"twitter:card\" content=\"summary_large_image\" \/>\n<meta name=\"twitter:label1\" content=\"Temps estimat de lectura\" \/>\n\t<meta name=\"twitter:data1\" content=\"2 minuts\" \/>\n<script type=\"application\/ld+json\" class=\"yoast-schema-graph\">{\"@context\":\"https:\/\/schema.org\",\"@graph\":[{\"@type\":\"WebPage\",\"@id\":\"https:\/\/aral2.cetrexmarketing.com\/ca\/producto\/vina-pomal-crianca-ecologic\/\",\"url\":\"https:\/\/aral2.cetrexmarketing.com\/ca\/producto\/vina-pomal-crianca-ecologic\/\",\"name\":\"Vi\u00f1a Pomal Crian\u00e7a Ecol\u00f2gic\",\"isPartOf\":{\"@id\":\"https:\/\/aral2.cetrexmarketing.com\/#website\"},\"primaryImageOfPage\":{\"@id\":\"https:\/\/aral2.cetrexmarketing.com\/ca\/producto\/vina-pomal-crianca-ecologic\/#primaryimage\"},\"image\":{\"@id\":\"https:\/\/aral2.cetrexmarketing.com\/ca\/producto\/vina-pomal-crianca-ecologic\/#primaryimage\"},\"thumbnailUrl\":\"https:\/\/aral2.cetrexmarketing.com\/wp-content\/uploads\/2025\/05\/vina-pomal-crianza-ecologico.jpg.png\",\"datePublished\":\"2025-05-27T05:00:45+00:00\",\"dateModified\":\"2025-05-27T08:14:58+00:00\",\"description\":\"Comprar al millor preu el vi negre Vi\u00f1a Pomal Crian\u00e7a Ecol\u00f2gic a M\u00f3n La Cata. Botiga online especialitzada en vins, destil\u00b7lats i alimentaci\u00f3.\",\"breadcrumb\":{\"@id\":\"https:\/\/aral2.cetrexmarketing.com\/ca\/producto\/vina-pomal-crianca-ecologic\/#breadcrumb\"},\"inLanguage\":\"ca\",\"potentialAction\":[{\"@type\":\"ReadAction\",\"target\":[\"https:\/\/aral2.cetrexmarketing.com\/ca\/producto\/vina-pomal-crianca-ecologic\/\"]}]},{\"@type\":\"ImageObject\",\"inLanguage\":\"ca\",\"@id\":\"https:\/\/aral2.cetrexmarketing.com\/ca\/producto\/vina-pomal-crianca-ecologic\/#primaryimage\",\"url\":\"https:\/\/aral2.cetrexmarketing.com\/wp-content\/uploads\/2025\/05\/vina-pomal-crianza-ecologico.jpg.png\",\"contentUrl\":\"https:\/\/aral2.cetrexmarketing.com\/wp-content\/uploads\/2025\/05\/vina-pomal-crianza-ecologico.jpg.png\",\"width\":765,\"height\":1024},{\"@type\":\"BreadcrumbList\",\"@id\":\"https:\/\/aral2.cetrexmarketing.com\/ca\/producto\/vina-pomal-crianca-ecologic\/#breadcrumb\",\"itemListElement\":[{\"@type\":\"ListItem\",\"position\":1,\"name\":\"Home\",\"item\":\"https:\/\/aral2.cetrexmarketing.com\/ca\/\"},{\"@type\":\"ListItem\",\"position\":2,\"name\":\"Tienda\",\"item\":\"https:\/\/aral2.cetrexmarketing.com\/ca\/tienda-2\/\"},{\"@type\":\"ListItem\",\"position\":3,\"name\":\"Tienda\",\"item\":\"https:\/\/aral2.cetrexmarketing.com\/categoria-producto\/inicio\/\"},{\"@type\":\"ListItem\",\"position\":4,\"name\":\"Vi\u00f1a Pomal Crian\u00e7a Ecol\u00f2gic\"}]},{\"@type\":\"WebSite\",\"@id\":\"https:\/\/aral2.cetrexmarketing.com\/#website\",\"url\":\"https:\/\/aral2.cetrexmarketing.com\/\",\"name\":\"M\u00f3n La Cata\",\"description\":\"Tienda de vinos, licores, cervezas y gourmet\",\"publisher\":{\"@id\":\"https:\/\/aral2.cetrexmarketing.com\/#organization\"},\"potentialAction\":[{\"@type\":\"SearchAction\",\"target\":{\"@type\":\"EntryPoint\",\"urlTemplate\":\"https:\/\/aral2.cetrexmarketing.com\/?s={search_term_string}\"},\"query-input\":{\"@type\":\"PropertyValueSpecification\",\"valueRequired\":true,\"valueName\":\"search_term_string\"}}],\"inLanguage\":\"ca\"},{\"@type\":\"Organization\",\"@id\":\"https:\/\/aral2.cetrexmarketing.com\/#organization\",\"name\":\"M\u00f3n La Cata\",\"url\":\"https:\/\/aral2.cetrexmarketing.com\/\",\"logo\":{\"@type\":\"ImageObject\",\"inLanguage\":\"ca\",\"@id\":\"https:\/\/aral2.cetrexmarketing.com\/#\/schema\/logo\/image\/\",\"url\":\"https:\/\/aral2.cetrexmarketing.com\/wp-content\/uploads\/2024\/10\/aral-logo-neg-1024x409-1.png\",\"contentUrl\":\"https:\/\/aral2.cetrexmarketing.com\/wp-content\/uploads\/2024\/10\/aral-logo-neg-1024x409-1.png\",\"width\":1024,\"height\":409,\"caption\":\"M\u00f3n La Cata\"},\"image\":{\"@id\":\"https:\/\/aral2.cetrexmarketing.com\/#\/schema\/logo\/image\/\"}}]}<\/script>\n<!-- \/ Yoast SEO Premium plugin. -->","yoast_head_json":{"title":"Vi\u00f1a Pomal Crian\u00e7a Ecol\u00f2gic","description":"Comprar al millor preu el vi negre Vi\u00f1a Pomal Crian\u00e7a Ecol\u00f2gic a M\u00f3n La Cata. Botiga online especialitzada en vins, destil\u00b7lats i alimentaci\u00f3.","robots":{"index":"noindex","follow":"follow","max-snippet":"max-snippet:-1","max-image-preview":"max-image-preview:large","max-video-preview":"max-video-preview:-1"},"og_locale":"ca_ES","og_type":"article","og_title":"Vi\u00f1a Pomal Crian\u00e7a Ecol\u00f2gic","og_description":"Comprar al millor preu el vi negre Vi\u00f1a Pomal Crian\u00e7a Ecol\u00f2gic a M\u00f3n La Cata. Botiga online especialitzada en vins, destil\u00b7lats i alimentaci\u00f3.","og_url":"https:\/\/aral2.cetrexmarketing.com\/ca\/producto\/vina-pomal-crianca-ecologic\/","og_site_name":"M\u00f3n La Cata","article_modified_time":"2025-05-27T08:14:58+00:00","og_image":[{"width":765,"height":1024,"url":"https:\/\/aral2.cetrexmarketing.com\/wp-content\/uploads\/2025\/05\/vina-pomal-crianza-ecologico.jpg.png","type":"image\/png"}],"twitter_card":"summary_large_image","twitter_misc":{"Temps estimat de lectura":"2 minuts"},"schema":{"@context":"https:\/\/schema.org","@graph":[{"@type":"WebPage","@id":"https:\/\/aral2.cetrexmarketing.com\/ca\/producto\/vina-pomal-crianca-ecologic\/","url":"https:\/\/aral2.cetrexmarketing.com\/ca\/producto\/vina-pomal-crianca-ecologic\/","name":"Vi\u00f1a Pomal Crian\u00e7a Ecol\u00f2gic","isPartOf":{"@id":"https:\/\/aral2.cetrexmarketing.com\/#website"},"primaryImageOfPage":{"@id":"https:\/\/aral2.cetrexmarketing.com\/ca\/producto\/vina-pomal-crianca-ecologic\/#primaryimage"},"image":{"@id":"https:\/\/aral2.cetrexmarketing.com\/ca\/producto\/vina-pomal-crianca-ecologic\/#primaryimage"},"thumbnailUrl":"https:\/\/aral2.cetrexmarketing.com\/wp-content\/uploads\/2025\/05\/vina-pomal-crianza-ecologico.jpg.png","datePublished":"2025-05-27T05:00:45+00:00","dateModified":"2025-05-27T08:14:58+00:00","description":"Comprar al millor preu el vi negre Vi\u00f1a Pomal Crian\u00e7a Ecol\u00f2gic a M\u00f3n La Cata. Botiga online especialitzada en vins, destil\u00b7lats i alimentaci\u00f3.","breadcrumb":{"@id":"https:\/\/aral2.cetrexmarketing.com\/ca\/producto\/vina-pomal-crianca-ecologic\/#breadcrumb"},"inLanguage":"ca","potentialAction":[{"@type":"ReadAction","target":["https:\/\/aral2.cetrexmarketing.com\/ca\/producto\/vina-pomal-crianca-ecologic\/"]}]},{"@type":"ImageObject","inLanguage":"ca","@id":"https:\/\/aral2.cetrexmarketing.com\/ca\/producto\/vina-pomal-crianca-ecologic\/#primaryimage","url":"https:\/\/aral2.cetrexmarketing.com\/wp-content\/uploads\/2025\/05\/vina-pomal-crianza-ecologico.jpg.png","contentUrl":"https:\/\/aral2.cetrexmarketing.com\/wp-content\/uploads\/2025\/05\/vina-pomal-crianza-ecologico.jpg.png","width":765,"height":1024},{"@type":"BreadcrumbList","@id":"https:\/\/aral2.cetrexmarketing.com\/ca\/producto\/vina-pomal-crianca-ecologic\/#breadcrumb","itemListElement":[{"@type":"ListItem","position":1,"name":"Home","item":"https:\/\/aral2.cetrexmarketing.com\/ca\/"},{"@type":"ListItem","position":2,"name":"Tienda","item":"https:\/\/aral2.cetrexmarketing.com\/ca\/tienda-2\/"},{"@type":"ListItem","position":3,"name":"Tienda","item":"https:\/\/aral2.cetrexmarketing.com\/categoria-producto\/inicio\/"},{"@type":"ListItem","position":4,"name":"Vi\u00f1a Pomal Crian\u00e7a Ecol\u00f2gic"}]},{"@type":"WebSite","@id":"https:\/\/aral2.cetrexmarketing.com\/#website","url":"https:\/\/aral2.cetrexmarketing.com\/","name":"M\u00f3n La Cata","description":"Tienda de vinos, licores, cervezas y gourmet","publisher":{"@id":"https:\/\/aral2.cetrexmarketing.com\/#organization"},"potentialAction":[{"@type":"SearchAction","target":{"@type":"EntryPoint","urlTemplate":"https:\/\/aral2.cetrexmarketing.com\/?s={search_term_string}"},"query-input":{"@type":"PropertyValueSpecification","valueRequired":true,"valueName":"search_term_string"}}],"inLanguage":"ca"},{"@type":"Organization","@id":"https:\/\/aral2.cetrexmarketing.com\/#organization","name":"M\u00f3n La Cata","url":"https:\/\/aral2.cetrexmarketing.com\/","logo":{"@type":"ImageObject","inLanguage":"ca","@id":"https:\/\/aral2.cetrexmarketing.com\/#\/schema\/logo\/image\/","url":"https:\/\/aral2.cetrexmarketing.com\/wp-content\/uploads\/2024\/10\/aral-logo-neg-1024x409-1.png","contentUrl":"https:\/\/aral2.cetrexmarketing.com\/wp-content\/uploads\/2024\/10\/aral-logo-neg-1024x409-1.png","width":1024,"height":409,"caption":"M\u00f3n La Cata"},"image":{"@id":"https:\/\/aral2.cetrexmarketing.com\/#\/schema\/logo\/image\/"}}]}},"brands":[],"_links":{"self":[{"href":"https:\/\/aral2.cetrexmarketing.com\/ca\/wp-json\/wp\/v2\/product\/121239","targetHints":{"allow":["GET"]}}],"collection":[{"href":"https:\/\/aral2.cetrexmarketing.com\/ca\/wp-json\/wp\/v2\/product"}],"about":[{"href":"https:\/\/aral2.cetrexmarketing.com\/ca\/wp-json\/wp\/v2\/types\/product"}],"replies":[{"embeddable":true,"href":"https:\/\/aral2.cetrexmarketing.com\/ca\/wp-json\/wp\/v2\/comments?post=121239"}],"wp:featuredmedia":[{"embeddable":true,"href":"https:\/\/aral2.cetrexmarketing.com\/ca\/wp-json\/wp\/v2\/media\/121236"}],"wp:attachment":[{"href":"https:\/\/aral2.cetrexmarketing.com\/ca\/wp-json\/wp\/v2\/media?parent=121239"}],"wp:term":[{"taxonomy":"pwb-brand","embeddable":true,"href":"https:\/\/aral2.cetrexmarketing.com\/ca\/wp-json\/wp\/v2\/pwb-brand?post=121239"},{"taxonomy":"product_brand","embeddable":true,"href":"https:\/\/aral2.cetrexmarketing.com\/ca\/wp-json\/wp\/v2\/product_brand?post=121239"},{"taxonomy":"product_cat","embeddable":true,"href":"https:\/\/aral2.cetrexmarketing.com\/ca\/wp-json\/wp\/v2\/product_cat?post=121239"},{"taxonomy":"product_tag","embeddable":true,"href":"https:\/\/aral2.cetrexmarketing.com\/ca\/wp-json\/wp\/v2\/product_tag?post=121239"}],"curies":[{"name":"wp","href":"https:\/\/api.w.org\/{rel}","templated":true}]}}