{"id":121235,"date":"2025-05-27T05:00:39","date_gmt":"2025-05-27T05:00:39","guid":{"rendered":"https:\/\/aral2.cetrexmarketing.com\/producto\/laurent-perrier-brut-la-cuvee\/"},"modified":"2025-05-27T08:14:56","modified_gmt":"2025-05-27T08:14:56","slug":"laurent-perrier-brut-la-cuvee","status":"publish","type":"product","link":"https:\/\/aral2.cetrexmarketing.com\/ca\/producto\/laurent-perrier-brut-la-cuvee\/","title":{"rendered":"Laurent Perrier Brut La Cuvee"},"content":{"rendered":"<p data-start=\"0\" data-end=\"174\">El <strong data-start=\"3\" data-end=\"46\">Champagne Laurent-Perrier Brut La Cuv\u00e9e<\/strong> \u00e9s una expressi\u00f3 refinada i elegant de la casa Laurent-Perrier, una de les m\u00e9s prestigioses de la regi\u00f3 de Champagne, Fran\u00e7a.<\/p>\n<h3 data-start=\"176\" data-end=\"214\"><strong data-start=\"180\" data-end=\"212\">Caracter\u00edstiques principals:<\/strong><\/h3>\n<ul data-start=\"215\" data-end=\"616\">\n<li data-start=\"215\" data-end=\"244\"><strong data-start=\"217\" data-end=\"227\">Tipus:<\/strong> Champagne Brut<\/li>\n<li data-start=\"245\" data-end=\"287\"><strong data-start=\"247\" data-end=\"258\">Origen:<\/strong> Fran\u00e7a, regi\u00f3 de Champagne<\/li>\n<li data-start=\"288\" data-end=\"476\"><strong data-start=\"290\" data-end=\"302\">Cupatge:<\/strong>\n<ul data-start=\"307\" data-end=\"476\">\n<li data-start=\"307\" data-end=\"360\"><strong data-start=\"309\" data-end=\"329\">Chardonnay (55%)<\/strong> \u2013 Aporta frescor i eleg\u00e0ncia<\/li>\n<li data-start=\"363\" data-end=\"419\"><strong data-start=\"365\" data-end=\"385\">Pinot Noir (35%)<\/strong> \u2013 Dona estructura i complexitat<\/li>\n<li data-start=\"422\" data-end=\"476\"><strong data-start=\"424\" data-end=\"441\">Meunier (10%)<\/strong> \u2013 Afegeix rodonesa i fruitositat<\/li>\n<\/ul>\n<\/li>\n<li data-start=\"477\" data-end=\"519\"><strong data-start=\"479\" data-end=\"491\">Crian\u00e7a:<\/strong> M\u00e9s de 4 anys sobre mares<\/li>\n<li data-start=\"520\" data-end=\"616\"><strong data-start=\"522\" data-end=\"534\">Dosatge:<\/strong> Aproximadament 9 g\/L de sucre, mantenint un equilibri entre frescor i rodonesa.<\/li>\n<\/ul>\n<h3 data-start=\"618\" data-end=\"642\"><strong data-start=\"622\" data-end=\"640\">Notes de Tast:<\/strong><\/h3>\n<ul data-start=\"643\" data-end=\"962\">\n<li data-start=\"643\" data-end=\"729\"><strong data-start=\"645\" data-end=\"655\">Vista:<\/strong> Color groc p\u00e0l\u00b7lid amb reflexos daurats, bombolles fines i persistents.<\/li>\n<li data-start=\"730\" data-end=\"867\"><strong data-start=\"732\" data-end=\"740\">Nas:<\/strong> Aromes c\u00edtrics (llimona, aranja), fruites blanques (pera, poma) i suaus tocs florals amb subtils notes de brioix i ametlles.<\/li>\n<li data-start=\"868\" data-end=\"962\"><strong data-start=\"870\" data-end=\"879\">Boca:<\/strong> Fresc, mineral i equilibrat, amb una acidesa vibrant i un final llarg i elegant.<\/li>\n<\/ul>\n<h3 data-start=\"964\" data-end=\"984\"><strong data-start=\"968\" data-end=\"982\">Maridatge:<\/strong><\/h3>\n<p data-start=\"985\" data-end=\"1091\">Ideal com a aperitiu, per\u00f2 tamb\u00e9 harmonitza b\u00e9 amb marisc, peixos, aus de carn blanca i formatges suaus.<\/p>\n<p data-start=\"1093\" data-end=\"1249\" data-is-last-node=\"\" data-is-only-node=\"\">Aquest champagne representa l&#8217;estil pur i sofisticat de Laurent-Perrier, sent una opci\u00f3 excel\u00b7lent per a celebracions o per gaudir en moments especials.<\/p>\n","protected":false},"excerpt":{"rendered":"<p>El <strong data-start=\"3\" data-end=\"46\">Champagne Laurent-Perrier Brut La Cuv\u00e9e<\/strong> \u00e9s una expressi\u00f3 elegant i refinada de la casa Laurent-Perrier, elaborat principalment amb <strong data-start=\"138\" data-end=\"158\">Chardonnay (55%)<\/strong>, aportant frescor, seguit de <strong data-start=\"188\" data-end=\"208\">Pinot Noir (35%)<\/strong> i <strong data-start=\"211\" data-end=\"228\">Meunier (10%)<\/strong> per a m\u00e9s estructura i rodonesa. Amb m\u00e9s de <strong data-start=\"273\" data-end=\"306\">4 anys de crian\u00e7a sobre mares<\/strong> i un dosatge equilibrat de <strong data-start=\"334\" data-end=\"352\">9 g\/L de sucre<\/strong>, presenta un color <strong data-start=\"372\" data-end=\"408\">groc p\u00e0l\u00b7lid amb bombolles fines<\/strong>, aromes <strong data-start=\"417\" data-end=\"466\">c\u00edtrics, de fruites blanques i tocs de brioix<\/strong>, i una boca <strong data-start=\"479\" data-end=\"512\">fresca, mineral i equilibrada<\/strong>. \u00c9s ideal com <strong data-start=\"527\" data-end=\"539\">aperitiu<\/strong> o per acompanyar <strong data-start=\"557\" data-end=\"593\">marisc, peixos i formatges suaus<\/strong>, sent una opci\u00f3 sofisticada per a moments especials.<\/p>\n","protected":false},"featured_media":121232,"comment_status":"closed","ping_status":"closed","template":"","meta":{"_acf_changed":false},"pwb-brand":[],"product_brand":[],"product_cat":[51674,51704,51705,51694],"product_tag":[52384],"class_list":{"0":"post-121235","1":"product","2":"type-product","3":"status-publish","4":"has-post-thumbnail","6":"product_cat-botiga","7":"product_cat-champagne-aoc-vi-escumos","8":"product_cat-champagne-blanc","9":"product_cat-vi-escumos","10":"product_tag-laurent-perrier-brut-la-cuvee-2","11":"pa_do-champagneaoc-ca","12":"pa_formatoenml-38306","13":"pa_graduacion-12_0","14":"pa_pais-franca","15":"pa_variedades-chardonnay","16":"pa_variedades-pinotnoir-ca","17":"entry","18":"has-media","20":"first","21":"instock","22":"taxable","23":"shipping-taxable","24":"purchasable","25":"product-type-simple"},"acf":[],"yoast_head":"<!-- This site is optimized with the Yoast SEO Premium plugin v23.1 (Yoast SEO v23.5) - https:\/\/yoast.com\/wordpress\/plugins\/seo\/ -->\n<title>Laurent Perrier Brut La Cuvee<\/title>\n<meta name=\"description\" content=\"Comprar al millor preu el champagne Laurent Perrier Brut La Cuvee a M\u00f3n La Cata. Botiga online especialitzada en vins, destil\u00b7lats i alimentaci\u00f3 gurmet.\" \/>\n<meta name=\"robots\" content=\"noindex, follow, max-snippet:-1, max-image-preview:large, max-video-preview:-1\" \/>\n<meta property=\"og:locale\" content=\"ca_ES\" \/>\n<meta property=\"og:type\" content=\"article\" \/>\n<meta property=\"og:title\" content=\"Laurent Perrier Brut La Cuvee\" \/>\n<meta property=\"og:description\" content=\"Comprar al millor preu el champagne Laurent Perrier Brut La Cuvee a M\u00f3n La Cata. Botiga online especialitzada en vins, destil\u00b7lats i alimentaci\u00f3 gurmet.\" \/>\n<meta property=\"og:url\" content=\"https:\/\/aral2.cetrexmarketing.com\/ca\/producto\/laurent-perrier-brut-la-cuvee\/\" \/>\n<meta property=\"og:site_name\" content=\"M\u00f3n La Cata\" \/>\n<meta property=\"article:modified_time\" content=\"2025-05-27T08:14:56+00:00\" \/>\n<meta property=\"og:image\" content=\"https:\/\/aral2.cetrexmarketing.com\/wp-content\/uploads\/2025\/05\/laurent-perrier-bru-la-cuvee.png\" \/>\n\t<meta property=\"og:image:width\" content=\"765\" \/>\n\t<meta property=\"og:image:height\" content=\"1024\" \/>\n\t<meta property=\"og:image:type\" content=\"image\/png\" \/>\n<meta name=\"twitter:card\" content=\"summary_large_image\" \/>\n<meta name=\"twitter:label1\" content=\"Temps estimat de lectura\" \/>\n\t<meta name=\"twitter:data1\" content=\"2 minuts\" \/>\n<script type=\"application\/ld+json\" class=\"yoast-schema-graph\">{\"@context\":\"https:\/\/schema.org\",\"@graph\":[{\"@type\":\"WebPage\",\"@id\":\"https:\/\/aral2.cetrexmarketing.com\/ca\/producto\/laurent-perrier-brut-la-cuvee\/\",\"url\":\"https:\/\/aral2.cetrexmarketing.com\/ca\/producto\/laurent-perrier-brut-la-cuvee\/\",\"name\":\"Laurent Perrier Brut La Cuvee\",\"isPartOf\":{\"@id\":\"https:\/\/aral2.cetrexmarketing.com\/#website\"},\"primaryImageOfPage\":{\"@id\":\"https:\/\/aral2.cetrexmarketing.com\/ca\/producto\/laurent-perrier-brut-la-cuvee\/#primaryimage\"},\"image\":{\"@id\":\"https:\/\/aral2.cetrexmarketing.com\/ca\/producto\/laurent-perrier-brut-la-cuvee\/#primaryimage\"},\"thumbnailUrl\":\"https:\/\/aral2.cetrexmarketing.com\/wp-content\/uploads\/2025\/05\/laurent-perrier-bru-la-cuvee.png\",\"datePublished\":\"2025-05-27T05:00:39+00:00\",\"dateModified\":\"2025-05-27T08:14:56+00:00\",\"description\":\"Comprar al millor preu el champagne Laurent Perrier Brut La Cuvee a M\u00f3n La Cata. Botiga online especialitzada en vins, destil\u00b7lats i alimentaci\u00f3 gurmet.\",\"breadcrumb\":{\"@id\":\"https:\/\/aral2.cetrexmarketing.com\/ca\/producto\/laurent-perrier-brut-la-cuvee\/#breadcrumb\"},\"inLanguage\":\"ca\",\"potentialAction\":[{\"@type\":\"ReadAction\",\"target\":[\"https:\/\/aral2.cetrexmarketing.com\/ca\/producto\/laurent-perrier-brut-la-cuvee\/\"]}]},{\"@type\":\"ImageObject\",\"inLanguage\":\"ca\",\"@id\":\"https:\/\/aral2.cetrexmarketing.com\/ca\/producto\/laurent-perrier-brut-la-cuvee\/#primaryimage\",\"url\":\"https:\/\/aral2.cetrexmarketing.com\/wp-content\/uploads\/2025\/05\/laurent-perrier-bru-la-cuvee.png\",\"contentUrl\":\"https:\/\/aral2.cetrexmarketing.com\/wp-content\/uploads\/2025\/05\/laurent-perrier-bru-la-cuvee.png\",\"width\":765,\"height\":1024},{\"@type\":\"BreadcrumbList\",\"@id\":\"https:\/\/aral2.cetrexmarketing.com\/ca\/producto\/laurent-perrier-brut-la-cuvee\/#breadcrumb\",\"itemListElement\":[{\"@type\":\"ListItem\",\"position\":1,\"name\":\"Home\",\"item\":\"https:\/\/aral2.cetrexmarketing.com\/ca\/\"},{\"@type\":\"ListItem\",\"position\":2,\"name\":\"Tienda\",\"item\":\"https:\/\/aral2.cetrexmarketing.com\/ca\/tienda-2\/\"},{\"@type\":\"ListItem\",\"position\":3,\"name\":\"Tienda\",\"item\":\"https:\/\/aral2.cetrexmarketing.com\/categoria-producto\/inicio\/\"},{\"@type\":\"ListItem\",\"position\":4,\"name\":\"Laurent Perrier Brut La Cuvee\"}]},{\"@type\":\"WebSite\",\"@id\":\"https:\/\/aral2.cetrexmarketing.com\/#website\",\"url\":\"https:\/\/aral2.cetrexmarketing.com\/\",\"name\":\"M\u00f3n La Cata\",\"description\":\"Tienda de vinos, licores, cervezas y gourmet\",\"publisher\":{\"@id\":\"https:\/\/aral2.cetrexmarketing.com\/#organization\"},\"potentialAction\":[{\"@type\":\"SearchAction\",\"target\":{\"@type\":\"EntryPoint\",\"urlTemplate\":\"https:\/\/aral2.cetrexmarketing.com\/?s={search_term_string}\"},\"query-input\":{\"@type\":\"PropertyValueSpecification\",\"valueRequired\":true,\"valueName\":\"search_term_string\"}}],\"inLanguage\":\"ca\"},{\"@type\":\"Organization\",\"@id\":\"https:\/\/aral2.cetrexmarketing.com\/#organization\",\"name\":\"M\u00f3n La Cata\",\"url\":\"https:\/\/aral2.cetrexmarketing.com\/\",\"logo\":{\"@type\":\"ImageObject\",\"inLanguage\":\"ca\",\"@id\":\"https:\/\/aral2.cetrexmarketing.com\/#\/schema\/logo\/image\/\",\"url\":\"https:\/\/aral2.cetrexmarketing.com\/wp-content\/uploads\/2024\/10\/aral-logo-neg-1024x409-1.png\",\"contentUrl\":\"https:\/\/aral2.cetrexmarketing.com\/wp-content\/uploads\/2024\/10\/aral-logo-neg-1024x409-1.png\",\"width\":1024,\"height\":409,\"caption\":\"M\u00f3n La Cata\"},\"image\":{\"@id\":\"https:\/\/aral2.cetrexmarketing.com\/#\/schema\/logo\/image\/\"}}]}<\/script>\n<!-- \/ Yoast SEO Premium plugin. -->","yoast_head_json":{"title":"Laurent Perrier Brut La Cuvee","description":"Comprar al millor preu el champagne Laurent Perrier Brut La Cuvee a M\u00f3n La Cata. Botiga online especialitzada en vins, destil\u00b7lats i alimentaci\u00f3 gurmet.","robots":{"index":"noindex","follow":"follow","max-snippet":"max-snippet:-1","max-image-preview":"max-image-preview:large","max-video-preview":"max-video-preview:-1"},"og_locale":"ca_ES","og_type":"article","og_title":"Laurent Perrier Brut La Cuvee","og_description":"Comprar al millor preu el champagne Laurent Perrier Brut La Cuvee a M\u00f3n La Cata. Botiga online especialitzada en vins, destil\u00b7lats i alimentaci\u00f3 gurmet.","og_url":"https:\/\/aral2.cetrexmarketing.com\/ca\/producto\/laurent-perrier-brut-la-cuvee\/","og_site_name":"M\u00f3n La Cata","article_modified_time":"2025-05-27T08:14:56+00:00","og_image":[{"width":765,"height":1024,"url":"https:\/\/aral2.cetrexmarketing.com\/wp-content\/uploads\/2025\/05\/laurent-perrier-bru-la-cuvee.png","type":"image\/png"}],"twitter_card":"summary_large_image","twitter_misc":{"Temps estimat de lectura":"2 minuts"},"schema":{"@context":"https:\/\/schema.org","@graph":[{"@type":"WebPage","@id":"https:\/\/aral2.cetrexmarketing.com\/ca\/producto\/laurent-perrier-brut-la-cuvee\/","url":"https:\/\/aral2.cetrexmarketing.com\/ca\/producto\/laurent-perrier-brut-la-cuvee\/","name":"Laurent Perrier Brut La Cuvee","isPartOf":{"@id":"https:\/\/aral2.cetrexmarketing.com\/#website"},"primaryImageOfPage":{"@id":"https:\/\/aral2.cetrexmarketing.com\/ca\/producto\/laurent-perrier-brut-la-cuvee\/#primaryimage"},"image":{"@id":"https:\/\/aral2.cetrexmarketing.com\/ca\/producto\/laurent-perrier-brut-la-cuvee\/#primaryimage"},"thumbnailUrl":"https:\/\/aral2.cetrexmarketing.com\/wp-content\/uploads\/2025\/05\/laurent-perrier-bru-la-cuvee.png","datePublished":"2025-05-27T05:00:39+00:00","dateModified":"2025-05-27T08:14:56+00:00","description":"Comprar al millor preu el champagne Laurent Perrier Brut La Cuvee a M\u00f3n La Cata. Botiga online especialitzada en vins, destil\u00b7lats i alimentaci\u00f3 gurmet.","breadcrumb":{"@id":"https:\/\/aral2.cetrexmarketing.com\/ca\/producto\/laurent-perrier-brut-la-cuvee\/#breadcrumb"},"inLanguage":"ca","potentialAction":[{"@type":"ReadAction","target":["https:\/\/aral2.cetrexmarketing.com\/ca\/producto\/laurent-perrier-brut-la-cuvee\/"]}]},{"@type":"ImageObject","inLanguage":"ca","@id":"https:\/\/aral2.cetrexmarketing.com\/ca\/producto\/laurent-perrier-brut-la-cuvee\/#primaryimage","url":"https:\/\/aral2.cetrexmarketing.com\/wp-content\/uploads\/2025\/05\/laurent-perrier-bru-la-cuvee.png","contentUrl":"https:\/\/aral2.cetrexmarketing.com\/wp-content\/uploads\/2025\/05\/laurent-perrier-bru-la-cuvee.png","width":765,"height":1024},{"@type":"BreadcrumbList","@id":"https:\/\/aral2.cetrexmarketing.com\/ca\/producto\/laurent-perrier-brut-la-cuvee\/#breadcrumb","itemListElement":[{"@type":"ListItem","position":1,"name":"Home","item":"https:\/\/aral2.cetrexmarketing.com\/ca\/"},{"@type":"ListItem","position":2,"name":"Tienda","item":"https:\/\/aral2.cetrexmarketing.com\/ca\/tienda-2\/"},{"@type":"ListItem","position":3,"name":"Tienda","item":"https:\/\/aral2.cetrexmarketing.com\/categoria-producto\/inicio\/"},{"@type":"ListItem","position":4,"name":"Laurent Perrier Brut La Cuvee"}]},{"@type":"WebSite","@id":"https:\/\/aral2.cetrexmarketing.com\/#website","url":"https:\/\/aral2.cetrexmarketing.com\/","name":"M\u00f3n La Cata","description":"Tienda de vinos, licores, cervezas y gourmet","publisher":{"@id":"https:\/\/aral2.cetrexmarketing.com\/#organization"},"potentialAction":[{"@type":"SearchAction","target":{"@type":"EntryPoint","urlTemplate":"https:\/\/aral2.cetrexmarketing.com\/?s={search_term_string}"},"query-input":{"@type":"PropertyValueSpecification","valueRequired":true,"valueName":"search_term_string"}}],"inLanguage":"ca"},{"@type":"Organization","@id":"https:\/\/aral2.cetrexmarketing.com\/#organization","name":"M\u00f3n La Cata","url":"https:\/\/aral2.cetrexmarketing.com\/","logo":{"@type":"ImageObject","inLanguage":"ca","@id":"https:\/\/aral2.cetrexmarketing.com\/#\/schema\/logo\/image\/","url":"https:\/\/aral2.cetrexmarketing.com\/wp-content\/uploads\/2024\/10\/aral-logo-neg-1024x409-1.png","contentUrl":"https:\/\/aral2.cetrexmarketing.com\/wp-content\/uploads\/2024\/10\/aral-logo-neg-1024x409-1.png","width":1024,"height":409,"caption":"M\u00f3n La Cata"},"image":{"@id":"https:\/\/aral2.cetrexmarketing.com\/#\/schema\/logo\/image\/"}}]}},"brands":[],"_links":{"self":[{"href":"https:\/\/aral2.cetrexmarketing.com\/ca\/wp-json\/wp\/v2\/product\/121235","targetHints":{"allow":["GET"]}}],"collection":[{"href":"https:\/\/aral2.cetrexmarketing.com\/ca\/wp-json\/wp\/v2\/product"}],"about":[{"href":"https:\/\/aral2.cetrexmarketing.com\/ca\/wp-json\/wp\/v2\/types\/product"}],"replies":[{"embeddable":true,"href":"https:\/\/aral2.cetrexmarketing.com\/ca\/wp-json\/wp\/v2\/comments?post=121235"}],"wp:featuredmedia":[{"embeddable":true,"href":"https:\/\/aral2.cetrexmarketing.com\/ca\/wp-json\/wp\/v2\/media\/121232"}],"wp:attachment":[{"href":"https:\/\/aral2.cetrexmarketing.com\/ca\/wp-json\/wp\/v2\/media?parent=121235"}],"wp:term":[{"taxonomy":"pwb-brand","embeddable":true,"href":"https:\/\/aral2.cetrexmarketing.com\/ca\/wp-json\/wp\/v2\/pwb-brand?post=121235"},{"taxonomy":"product_brand","embeddable":true,"href":"https:\/\/aral2.cetrexmarketing.com\/ca\/wp-json\/wp\/v2\/product_brand?post=121235"},{"taxonomy":"product_cat","embeddable":true,"href":"https:\/\/aral2.cetrexmarketing.com\/ca\/wp-json\/wp\/v2\/product_cat?post=121235"},{"taxonomy":"product_tag","embeddable":true,"href":"https:\/\/aral2.cetrexmarketing.com\/ca\/wp-json\/wp\/v2\/product_tag?post=121235"}],"curies":[{"name":"wp","href":"https:\/\/api.w.org\/{rel}","templated":true}]}}