{"id":121227,"date":"2025-05-27T05:00:11","date_gmt":"2025-05-27T05:00:11","guid":{"rendered":"https:\/\/aral2.cetrexmarketing.com\/producto\/belvedere-10-luminous\/"},"modified":"2025-05-27T08:14:51","modified_gmt":"2025-05-27T08:14:51","slug":"belvedere-10-luminous","status":"publish","type":"product","link":"https:\/\/aral2.cetrexmarketing.com\/ca\/producto\/belvedere-10-luminous\/","title":{"rendered":"Belvedere 10 Luminous"},"content":{"rendered":"<p data-start=\"0\" data-end=\"238\"><strong data-start=\"0\" data-end=\"25\">Belvedere 10 Luminous<\/strong> \u00e9s una edici\u00f3 limitada de vodka de luxe de la marca Belvedere, inspirada en el proc\u00e9s de destil\u00b7laci\u00f3 de 1910. Elaborat amb s\u00e8gol org\u00e0nic de collita \u00fanica, aquest vodka destaca per la seva suavitat i complexitat.<\/p>\n<h3 data-start=\"240\" data-end=\"262\"><strong data-start=\"244\" data-end=\"262\">Notes de tast:<\/strong><\/h3>\n<ul data-start=\"263\" data-end=\"555\">\n<li data-start=\"263\" data-end=\"352\"><strong data-start=\"265\" data-end=\"275\">Aroma:<\/strong> Aromes multifac\u00e8tics de coco, cacau i vainilla amb un toc de llimona fresca.<\/li>\n<li data-start=\"353\" data-end=\"472\"><strong data-start=\"355\" data-end=\"365\">Sabor:<\/strong> Sensaci\u00f3 cremosa i opulenta que condueix a una dol\u00e7or lleugera de mel, amb matisos de caramel i caf\u00e8 verd.<\/li>\n<li data-start=\"473\" data-end=\"555\"><strong data-start=\"475\" data-end=\"485\">Final:<\/strong> Elegant i suau, amb persistents notes de pralin\u00e9 de nou i cacau fosc.<\/li>\n<\/ul>\n<p data-start=\"557\" data-end=\"850\">Aquest vodka es presenta en una ampolla de disseny modern i elegant, amb una altura de 10 nivells que ret homenatge al proc\u00e9s de creaci\u00f3 en 10 passos. El seu color blanc reflecteix la puresa de l&#8217;esperit, mentre que les seves facetes tallades li atorguen un brillantor similar al d&#8217;un diamant.<\/p>\n<p data-start=\"852\" data-end=\"975\" data-is-last-node=\"\" data-is-only-node=\"\">Amb una graduaci\u00f3 alcoh\u00f2lica del 40%, <strong data-start=\"890\" data-end=\"915\">Belvedere 10 Luminous<\/strong> \u00e9s ideal per gaudir sol, amb gel o en c\u00f2ctels d&#8217;alta gamma.<\/p>\n","protected":false},"excerpt":{"rendered":"<p><strong data-start=\"0\" data-end=\"25\" data-is-only-node=\"\">Belvedere 10 Luminous<\/strong> \u00e9s una edici\u00f3 limitada de vodka de luxe elaborat amb s\u00e8gol org\u00e0nic de collita \u00fanica, que destaca per la seva suavitat i complexitat. Amb una aroma multifac\u00e8tica que combina coco, cacau, vainilla i un toc de llimona fresca, el seu sabor \u00e9s crem\u00f3s i opulent, amb matisos de mel, caramel i caf\u00e8 verd, i un final elegant amb notes de pralin\u00e9 de nou i cacau fosc. Presentat en una ampolla de disseny modern i elegant, amb 10 nivells que simbolitzen els 10 passos del proc\u00e9s de creaci\u00f3, \u00e9s ideal per gaudir sol, amb gel o en c\u00f2ctels d&#8217;alta gamma.<\/p>\n","protected":false},"featured_media":121203,"comment_status":"closed","ping_status":"closed","template":"","meta":{"_acf_changed":false},"pwb-brand":[],"product_brand":[],"product_cat":[51674,51692,51732],"product_tag":[],"class_list":{"0":"post-121227","1":"product","2":"type-product","3":"status-publish","4":"has-post-thumbnail","6":"product_cat-botiga","7":"product_cat-destillats","8":"product_cat-vodka-destillats","9":"pa_formatoenml-38306","10":"pa_graduacion-40_0","11":"pa_pais-polonia-ca-2","12":"entry","13":"has-media","15":"first","16":"instock","17":"taxable","18":"shipping-taxable","19":"purchasable","20":"product-type-simple"},"acf":[],"yoast_head":"<!-- This site is optimized with the Yoast SEO Premium plugin v23.1 (Yoast SEO v23.5) - https:\/\/yoast.com\/wordpress\/plugins\/seo\/ -->\n<title>Belvedere 10 Luminous<\/title>\n<meta name=\"description\" content=\"Comprar al millor preu el vodka Belvedere 10 Luminous a M\u00f3n La Cata. Botiga online especialitzada en destil\u00b7lats, vins i alimentaci\u00f3 gurmet.\" \/>\n<meta name=\"robots\" content=\"noindex, follow, max-snippet:-1, max-image-preview:large, max-video-preview:-1\" \/>\n<meta property=\"og:locale\" content=\"ca_ES\" \/>\n<meta property=\"og:type\" content=\"article\" \/>\n<meta property=\"og:title\" content=\"Belvedere 10 Luminous\" \/>\n<meta property=\"og:description\" content=\"Comprar al millor preu el vodka Belvedere 10 Luminous a M\u00f3n La Cata. Botiga online especialitzada en destil\u00b7lats, vins i alimentaci\u00f3 gurmet.\" \/>\n<meta property=\"og:url\" content=\"https:\/\/aral2.cetrexmarketing.com\/ca\/producto\/belvedere-10-luminous\/\" \/>\n<meta property=\"og:site_name\" content=\"M\u00f3n La Cata\" \/>\n<meta property=\"article:modified_time\" content=\"2025-05-27T08:14:51+00:00\" \/>\n<meta property=\"og:image\" content=\"https:\/\/aral2.cetrexmarketing.com\/wp-content\/uploads\/2025\/05\/belvedere-10-lluminos.png\" \/>\n\t<meta property=\"og:image:width\" content=\"765\" \/>\n\t<meta property=\"og:image:height\" content=\"1024\" \/>\n\t<meta property=\"og:image:type\" content=\"image\/png\" \/>\n<meta name=\"twitter:card\" content=\"summary_large_image\" \/>\n<meta name=\"twitter:label1\" content=\"Temps estimat de lectura\" \/>\n\t<meta name=\"twitter:data1\" content=\"2 minuts\" \/>\n<script type=\"application\/ld+json\" class=\"yoast-schema-graph\">{\"@context\":\"https:\/\/schema.org\",\"@graph\":[{\"@type\":\"WebPage\",\"@id\":\"https:\/\/aral2.cetrexmarketing.com\/ca\/producto\/belvedere-10-luminous\/\",\"url\":\"https:\/\/aral2.cetrexmarketing.com\/ca\/producto\/belvedere-10-luminous\/\",\"name\":\"Belvedere 10 Luminous\",\"isPartOf\":{\"@id\":\"https:\/\/aral2.cetrexmarketing.com\/#website\"},\"primaryImageOfPage\":{\"@id\":\"https:\/\/aral2.cetrexmarketing.com\/ca\/producto\/belvedere-10-luminous\/#primaryimage\"},\"image\":{\"@id\":\"https:\/\/aral2.cetrexmarketing.com\/ca\/producto\/belvedere-10-luminous\/#primaryimage\"},\"thumbnailUrl\":\"https:\/\/aral2.cetrexmarketing.com\/wp-content\/uploads\/2025\/05\/belvedere-10-lluminos.png\",\"datePublished\":\"2025-05-27T05:00:11+00:00\",\"dateModified\":\"2025-05-27T08:14:51+00:00\",\"description\":\"Comprar al millor preu el vodka Belvedere 10 Luminous a M\u00f3n La Cata. Botiga online especialitzada en destil\u00b7lats, vins i alimentaci\u00f3 gurmet.\",\"breadcrumb\":{\"@id\":\"https:\/\/aral2.cetrexmarketing.com\/ca\/producto\/belvedere-10-luminous\/#breadcrumb\"},\"inLanguage\":\"ca\",\"potentialAction\":[{\"@type\":\"ReadAction\",\"target\":[\"https:\/\/aral2.cetrexmarketing.com\/ca\/producto\/belvedere-10-luminous\/\"]}]},{\"@type\":\"ImageObject\",\"inLanguage\":\"ca\",\"@id\":\"https:\/\/aral2.cetrexmarketing.com\/ca\/producto\/belvedere-10-luminous\/#primaryimage\",\"url\":\"https:\/\/aral2.cetrexmarketing.com\/wp-content\/uploads\/2025\/05\/belvedere-10-lluminos.png\",\"contentUrl\":\"https:\/\/aral2.cetrexmarketing.com\/wp-content\/uploads\/2025\/05\/belvedere-10-lluminos.png\",\"width\":765,\"height\":1024},{\"@type\":\"BreadcrumbList\",\"@id\":\"https:\/\/aral2.cetrexmarketing.com\/ca\/producto\/belvedere-10-luminous\/#breadcrumb\",\"itemListElement\":[{\"@type\":\"ListItem\",\"position\":1,\"name\":\"Home\",\"item\":\"https:\/\/aral2.cetrexmarketing.com\/ca\/\"},{\"@type\":\"ListItem\",\"position\":2,\"name\":\"Tienda\",\"item\":\"https:\/\/aral2.cetrexmarketing.com\/ca\/tienda-2\/\"},{\"@type\":\"ListItem\",\"position\":3,\"name\":\"Tienda\",\"item\":\"https:\/\/aral2.cetrexmarketing.com\/categoria-producto\/inicio\/\"},{\"@type\":\"ListItem\",\"position\":4,\"name\":\"Belvedere 10 Luminous\"}]},{\"@type\":\"WebSite\",\"@id\":\"https:\/\/aral2.cetrexmarketing.com\/#website\",\"url\":\"https:\/\/aral2.cetrexmarketing.com\/\",\"name\":\"M\u00f3n La Cata\",\"description\":\"Tienda de vinos, licores, cervezas y gourmet\",\"publisher\":{\"@id\":\"https:\/\/aral2.cetrexmarketing.com\/#organization\"},\"potentialAction\":[{\"@type\":\"SearchAction\",\"target\":{\"@type\":\"EntryPoint\",\"urlTemplate\":\"https:\/\/aral2.cetrexmarketing.com\/?s={search_term_string}\"},\"query-input\":{\"@type\":\"PropertyValueSpecification\",\"valueRequired\":true,\"valueName\":\"search_term_string\"}}],\"inLanguage\":\"ca\"},{\"@type\":\"Organization\",\"@id\":\"https:\/\/aral2.cetrexmarketing.com\/#organization\",\"name\":\"M\u00f3n La Cata\",\"url\":\"https:\/\/aral2.cetrexmarketing.com\/\",\"logo\":{\"@type\":\"ImageObject\",\"inLanguage\":\"ca\",\"@id\":\"https:\/\/aral2.cetrexmarketing.com\/#\/schema\/logo\/image\/\",\"url\":\"https:\/\/aral2.cetrexmarketing.com\/wp-content\/uploads\/2024\/10\/aral-logo-neg-1024x409-1.png\",\"contentUrl\":\"https:\/\/aral2.cetrexmarketing.com\/wp-content\/uploads\/2024\/10\/aral-logo-neg-1024x409-1.png\",\"width\":1024,\"height\":409,\"caption\":\"M\u00f3n La Cata\"},\"image\":{\"@id\":\"https:\/\/aral2.cetrexmarketing.com\/#\/schema\/logo\/image\/\"}}]}<\/script>\n<!-- \/ Yoast SEO Premium plugin. -->","yoast_head_json":{"title":"Belvedere 10 Luminous","description":"Comprar al millor preu el vodka Belvedere 10 Luminous a M\u00f3n La Cata. Botiga online especialitzada en destil\u00b7lats, vins i alimentaci\u00f3 gurmet.","robots":{"index":"noindex","follow":"follow","max-snippet":"max-snippet:-1","max-image-preview":"max-image-preview:large","max-video-preview":"max-video-preview:-1"},"og_locale":"ca_ES","og_type":"article","og_title":"Belvedere 10 Luminous","og_description":"Comprar al millor preu el vodka Belvedere 10 Luminous a M\u00f3n La Cata. Botiga online especialitzada en destil\u00b7lats, vins i alimentaci\u00f3 gurmet.","og_url":"https:\/\/aral2.cetrexmarketing.com\/ca\/producto\/belvedere-10-luminous\/","og_site_name":"M\u00f3n La Cata","article_modified_time":"2025-05-27T08:14:51+00:00","og_image":[{"width":765,"height":1024,"url":"https:\/\/aral2.cetrexmarketing.com\/wp-content\/uploads\/2025\/05\/belvedere-10-lluminos.png","type":"image\/png"}],"twitter_card":"summary_large_image","twitter_misc":{"Temps estimat de lectura":"2 minuts"},"schema":{"@context":"https:\/\/schema.org","@graph":[{"@type":"WebPage","@id":"https:\/\/aral2.cetrexmarketing.com\/ca\/producto\/belvedere-10-luminous\/","url":"https:\/\/aral2.cetrexmarketing.com\/ca\/producto\/belvedere-10-luminous\/","name":"Belvedere 10 Luminous","isPartOf":{"@id":"https:\/\/aral2.cetrexmarketing.com\/#website"},"primaryImageOfPage":{"@id":"https:\/\/aral2.cetrexmarketing.com\/ca\/producto\/belvedere-10-luminous\/#primaryimage"},"image":{"@id":"https:\/\/aral2.cetrexmarketing.com\/ca\/producto\/belvedere-10-luminous\/#primaryimage"},"thumbnailUrl":"https:\/\/aral2.cetrexmarketing.com\/wp-content\/uploads\/2025\/05\/belvedere-10-lluminos.png","datePublished":"2025-05-27T05:00:11+00:00","dateModified":"2025-05-27T08:14:51+00:00","description":"Comprar al millor preu el vodka Belvedere 10 Luminous a M\u00f3n La Cata. Botiga online especialitzada en destil\u00b7lats, vins i alimentaci\u00f3 gurmet.","breadcrumb":{"@id":"https:\/\/aral2.cetrexmarketing.com\/ca\/producto\/belvedere-10-luminous\/#breadcrumb"},"inLanguage":"ca","potentialAction":[{"@type":"ReadAction","target":["https:\/\/aral2.cetrexmarketing.com\/ca\/producto\/belvedere-10-luminous\/"]}]},{"@type":"ImageObject","inLanguage":"ca","@id":"https:\/\/aral2.cetrexmarketing.com\/ca\/producto\/belvedere-10-luminous\/#primaryimage","url":"https:\/\/aral2.cetrexmarketing.com\/wp-content\/uploads\/2025\/05\/belvedere-10-lluminos.png","contentUrl":"https:\/\/aral2.cetrexmarketing.com\/wp-content\/uploads\/2025\/05\/belvedere-10-lluminos.png","width":765,"height":1024},{"@type":"BreadcrumbList","@id":"https:\/\/aral2.cetrexmarketing.com\/ca\/producto\/belvedere-10-luminous\/#breadcrumb","itemListElement":[{"@type":"ListItem","position":1,"name":"Home","item":"https:\/\/aral2.cetrexmarketing.com\/ca\/"},{"@type":"ListItem","position":2,"name":"Tienda","item":"https:\/\/aral2.cetrexmarketing.com\/ca\/tienda-2\/"},{"@type":"ListItem","position":3,"name":"Tienda","item":"https:\/\/aral2.cetrexmarketing.com\/categoria-producto\/inicio\/"},{"@type":"ListItem","position":4,"name":"Belvedere 10 Luminous"}]},{"@type":"WebSite","@id":"https:\/\/aral2.cetrexmarketing.com\/#website","url":"https:\/\/aral2.cetrexmarketing.com\/","name":"M\u00f3n La Cata","description":"Tienda de vinos, licores, cervezas y gourmet","publisher":{"@id":"https:\/\/aral2.cetrexmarketing.com\/#organization"},"potentialAction":[{"@type":"SearchAction","target":{"@type":"EntryPoint","urlTemplate":"https:\/\/aral2.cetrexmarketing.com\/?s={search_term_string}"},"query-input":{"@type":"PropertyValueSpecification","valueRequired":true,"valueName":"search_term_string"}}],"inLanguage":"ca"},{"@type":"Organization","@id":"https:\/\/aral2.cetrexmarketing.com\/#organization","name":"M\u00f3n La Cata","url":"https:\/\/aral2.cetrexmarketing.com\/","logo":{"@type":"ImageObject","inLanguage":"ca","@id":"https:\/\/aral2.cetrexmarketing.com\/#\/schema\/logo\/image\/","url":"https:\/\/aral2.cetrexmarketing.com\/wp-content\/uploads\/2024\/10\/aral-logo-neg-1024x409-1.png","contentUrl":"https:\/\/aral2.cetrexmarketing.com\/wp-content\/uploads\/2024\/10\/aral-logo-neg-1024x409-1.png","width":1024,"height":409,"caption":"M\u00f3n La Cata"},"image":{"@id":"https:\/\/aral2.cetrexmarketing.com\/#\/schema\/logo\/image\/"}}]}},"brands":[],"_links":{"self":[{"href":"https:\/\/aral2.cetrexmarketing.com\/ca\/wp-json\/wp\/v2\/product\/121227","targetHints":{"allow":["GET"]}}],"collection":[{"href":"https:\/\/aral2.cetrexmarketing.com\/ca\/wp-json\/wp\/v2\/product"}],"about":[{"href":"https:\/\/aral2.cetrexmarketing.com\/ca\/wp-json\/wp\/v2\/types\/product"}],"replies":[{"embeddable":true,"href":"https:\/\/aral2.cetrexmarketing.com\/ca\/wp-json\/wp\/v2\/comments?post=121227"}],"wp:featuredmedia":[{"embeddable":true,"href":"https:\/\/aral2.cetrexmarketing.com\/ca\/wp-json\/wp\/v2\/media\/121203"}],"wp:attachment":[{"href":"https:\/\/aral2.cetrexmarketing.com\/ca\/wp-json\/wp\/v2\/media?parent=121227"}],"wp:term":[{"taxonomy":"pwb-brand","embeddable":true,"href":"https:\/\/aral2.cetrexmarketing.com\/ca\/wp-json\/wp\/v2\/pwb-brand?post=121227"},{"taxonomy":"product_brand","embeddable":true,"href":"https:\/\/aral2.cetrexmarketing.com\/ca\/wp-json\/wp\/v2\/product_brand?post=121227"},{"taxonomy":"product_cat","embeddable":true,"href":"https:\/\/aral2.cetrexmarketing.com\/ca\/wp-json\/wp\/v2\/product_cat?post=121227"},{"taxonomy":"product_tag","embeddable":true,"href":"https:\/\/aral2.cetrexmarketing.com\/ca\/wp-json\/wp\/v2\/product_tag?post=121227"}],"curies":[{"name":"wp","href":"https:\/\/api.w.org\/{rel}","templated":true}]}}