{"id":121202,"date":"2025-05-27T05:00:03","date_gmt":"2025-05-27T05:00:03","guid":{"rendered":"https:\/\/aral2.cetrexmarketing.com\/producto\/emilio-moro-crianca-magnum\/"},"modified":"2025-05-27T08:14:47","modified_gmt":"2025-05-27T08:14:47","slug":"emilio-moro-crianca-magnum","status":"publish","type":"product","link":"https:\/\/aral2.cetrexmarketing.com\/ca\/producto\/emilio-moro-crianca-magnum\/","title":{"rendered":"Emilio Moro Crian\u00e7a Magnum"},"content":{"rendered":"<p data-start=\"0\" data-end=\"179\"><strong data-start=\"0\" data-end=\"30\">Emilio Moro Crianza Magnum<\/strong> \u00e9s un vi negre de la denominaci\u00f3 d&#8217;origen Ribera del Duero, elaborat per Bodegues Emilio Moro, una fam\u00edlia amb m\u00e9s de 100 anys de tradici\u00f3 vin\u00edcola.<\/p>\n<h3 data-start=\"181\" data-end=\"206\"><strong data-start=\"185\" data-end=\"206\">Caracter\u00edstiques:<\/strong><\/h3>\n<ul data-start=\"207\" data-end=\"333\">\n<li data-start=\"207\" data-end=\"248\"><strong data-start=\"209\" data-end=\"230\">Varietat de ra\u00efm:<\/strong> 100% Tempranillo.<\/li>\n<li data-start=\"249\" data-end=\"309\"><strong data-start=\"251\" data-end=\"263\">Crian\u00e7a:<\/strong> 12 mesos en b\u00f3tes de roure franc\u00e8s i americ\u00e0.<\/li>\n<li data-start=\"310\" data-end=\"333\"><strong data-start=\"312\" data-end=\"324\">Alcohol:<\/strong> 14% vol.<\/li>\n<\/ul>\n<h3 data-start=\"335\" data-end=\"357\"><strong data-start=\"339\" data-end=\"357\">Notes de tast:<\/strong><\/h3>\n<ul data-start=\"358\" data-end=\"703\">\n<li data-start=\"358\" data-end=\"421\"><strong data-start=\"360\" data-end=\"370\">Vista:<\/strong> Color vermell cirera intens amb reflexos violacis.<\/li>\n<li data-start=\"422\" data-end=\"540\"><strong data-start=\"424\" data-end=\"434\">Neriz:<\/strong> Aromes complexes de fruits negres madurs, com cireres i m\u00f3res, combinats amb notes especiades i torrades.<\/li>\n<li data-start=\"541\" data-end=\"703\"><strong data-start=\"543\" data-end=\"552\">Boca:<\/strong> Entrada suau i equilibrada, amb una estructura s\u00f2lida i tanins ben integrats. El retrogust \u00e9s llarg i persistent, amb matisos de vainilla i bals\u00e0mics.<\/li>\n<\/ul>\n<p data-start=\"705\" data-end=\"783\">Aquest vi \u00e9s ideal per acompanyar carns vermelles, rostits i formatges curats.<\/p>\n<p data-start=\"785\" data-end=\"930\" data-is-last-node=\"\" data-is-only-node=\"\">La presentaci\u00f3 en format magnum (1,5 litres) \u00e9s perfecta per a celebracions i permet una evoluci\u00f3 m\u00e9s lenta del vi, afavorint el seu envelliment.<\/p>\n","protected":false},"excerpt":{"rendered":"<p><strong data-start=\"0\" data-end=\"30\" data-is-only-node=\"\">Emilio Moro Crianza Magnum<\/strong> \u00e9s un vi negre de la denominaci\u00f3 d&#8217;origen Ribera del Duero, elaborat amb ra\u00efm 100% Tempranillo i criat durant 12 mesos en b\u00f3tes de roure franc\u00e8s i americ\u00e0. Presenta un color vermell cirera intens amb reflexos violacis, amb aromes de fruits negres madurs i notes especiades i torrades. A la boca \u00e9s suau, equilibrat i amb tanins ben integrats, amb un retrogust llarg i persistent que revela matisos de vainilla i bals\u00e0mics. Ideal per acompanyar carns vermelles, rostits i formatges curats, el seu format magnum (1,5 litres) permet una evoluci\u00f3 m\u00e9s lenta, afavorint el seu envelliment.<\/p>\n","protected":false},"featured_media":121199,"comment_status":"closed","ping_status":"closed","template":"","meta":{"_acf_changed":false},"pwb-brand":[],"product_brand":[],"product_cat":[51674,51670,51671],"product_tag":[],"class_list":{"0":"post-121202","1":"product","2":"type-product","3":"status-publish","4":"has-post-thumbnail","6":"product_cat-botiga","7":"product_cat-vi","8":"product_cat-vi-negre","9":"pa_bodega-bodegasemiliomoro","10":"pa_do-riberadelduerodo-ca","11":"pa_formatoenml-38316","12":"pa_pais-espanya-ca","13":"pa_pueblociudad-pesqueradeduerovalladolid","14":"entry","15":"has-media","17":"first","18":"instock","19":"taxable","20":"shipping-taxable","21":"purchasable","22":"product-type-simple"},"acf":[],"yoast_head":"<!-- This site is optimized with the Yoast SEO Premium plugin v23.1 (Yoast SEO v23.5) - https:\/\/yoast.com\/wordpress\/plugins\/seo\/ -->\n<title>Emilio Moro Crian\u00e7a Magnum<\/title>\n<meta name=\"description\" content=\"Comprar al millor preu el vi negre Emilio Moro Crian\u00e7a Magnum en M\u00f3n La Cata. Botiga online especialitzada en vins, destil\u00b7lats i alimentaci\u00f3.\" \/>\n<meta name=\"robots\" content=\"noindex, follow, max-snippet:-1, max-image-preview:large, max-video-preview:-1\" \/>\n<meta property=\"og:locale\" content=\"ca_ES\" \/>\n<meta property=\"og:type\" content=\"article\" \/>\n<meta property=\"og:title\" content=\"Emilio Moro Crian\u00e7a Magnum\" \/>\n<meta property=\"og:description\" content=\"Comprar al millor preu el vi negre Emilio Moro Crian\u00e7a Magnum en M\u00f3n La Cata. Botiga online especialitzada en vins, destil\u00b7lats i alimentaci\u00f3.\" \/>\n<meta property=\"og:url\" content=\"https:\/\/aral2.cetrexmarketing.com\/ca\/producto\/emilio-moro-crianca-magnum\/\" \/>\n<meta property=\"og:site_name\" content=\"M\u00f3n La Cata\" \/>\n<meta property=\"article:modified_time\" content=\"2025-05-27T08:14:47+00:00\" \/>\n<meta property=\"og:image\" content=\"https:\/\/aral2.cetrexmarketing.com\/wp-content\/uploads\/2025\/05\/emilio-moro-crianza-magnum.jpg.png\" \/>\n\t<meta property=\"og:image:width\" content=\"765\" \/>\n\t<meta property=\"og:image:height\" content=\"1024\" \/>\n\t<meta property=\"og:image:type\" content=\"image\/png\" \/>\n<meta name=\"twitter:card\" content=\"summary_large_image\" \/>\n<meta name=\"twitter:label1\" content=\"Temps estimat de lectura\" \/>\n\t<meta name=\"twitter:data1\" content=\"1 minut\" \/>\n<script type=\"application\/ld+json\" class=\"yoast-schema-graph\">{\"@context\":\"https:\/\/schema.org\",\"@graph\":[{\"@type\":\"WebPage\",\"@id\":\"https:\/\/aral2.cetrexmarketing.com\/ca\/producto\/emilio-moro-crianca-magnum\/\",\"url\":\"https:\/\/aral2.cetrexmarketing.com\/ca\/producto\/emilio-moro-crianca-magnum\/\",\"name\":\"Emilio Moro Crian\u00e7a Magnum\",\"isPartOf\":{\"@id\":\"https:\/\/aral2.cetrexmarketing.com\/#website\"},\"primaryImageOfPage\":{\"@id\":\"https:\/\/aral2.cetrexmarketing.com\/ca\/producto\/emilio-moro-crianca-magnum\/#primaryimage\"},\"image\":{\"@id\":\"https:\/\/aral2.cetrexmarketing.com\/ca\/producto\/emilio-moro-crianca-magnum\/#primaryimage\"},\"thumbnailUrl\":\"https:\/\/aral2.cetrexmarketing.com\/wp-content\/uploads\/2025\/05\/emilio-moro-crianza-magnum.jpg.png\",\"datePublished\":\"2025-05-27T05:00:03+00:00\",\"dateModified\":\"2025-05-27T08:14:47+00:00\",\"description\":\"Comprar al millor preu el vi negre Emilio Moro Crian\u00e7a Magnum en M\u00f3n La Cata. Botiga online especialitzada en vins, destil\u00b7lats i alimentaci\u00f3.\",\"breadcrumb\":{\"@id\":\"https:\/\/aral2.cetrexmarketing.com\/ca\/producto\/emilio-moro-crianca-magnum\/#breadcrumb\"},\"inLanguage\":\"ca\",\"potentialAction\":[{\"@type\":\"ReadAction\",\"target\":[\"https:\/\/aral2.cetrexmarketing.com\/ca\/producto\/emilio-moro-crianca-magnum\/\"]}]},{\"@type\":\"ImageObject\",\"inLanguage\":\"ca\",\"@id\":\"https:\/\/aral2.cetrexmarketing.com\/ca\/producto\/emilio-moro-crianca-magnum\/#primaryimage\",\"url\":\"https:\/\/aral2.cetrexmarketing.com\/wp-content\/uploads\/2025\/05\/emilio-moro-crianza-magnum.jpg.png\",\"contentUrl\":\"https:\/\/aral2.cetrexmarketing.com\/wp-content\/uploads\/2025\/05\/emilio-moro-crianza-magnum.jpg.png\",\"width\":765,\"height\":1024},{\"@type\":\"BreadcrumbList\",\"@id\":\"https:\/\/aral2.cetrexmarketing.com\/ca\/producto\/emilio-moro-crianca-magnum\/#breadcrumb\",\"itemListElement\":[{\"@type\":\"ListItem\",\"position\":1,\"name\":\"Home\",\"item\":\"https:\/\/aral2.cetrexmarketing.com\/ca\/\"},{\"@type\":\"ListItem\",\"position\":2,\"name\":\"Tienda\",\"item\":\"https:\/\/aral2.cetrexmarketing.com\/ca\/tienda-2\/\"},{\"@type\":\"ListItem\",\"position\":3,\"name\":\"Tienda\",\"item\":\"https:\/\/aral2.cetrexmarketing.com\/categoria-producto\/inicio\/\"},{\"@type\":\"ListItem\",\"position\":4,\"name\":\"Emilio Moro Crian\u00e7a Magnum\"}]},{\"@type\":\"WebSite\",\"@id\":\"https:\/\/aral2.cetrexmarketing.com\/#website\",\"url\":\"https:\/\/aral2.cetrexmarketing.com\/\",\"name\":\"M\u00f3n La Cata\",\"description\":\"Tienda de vinos, licores, cervezas y gourmet\",\"publisher\":{\"@id\":\"https:\/\/aral2.cetrexmarketing.com\/#organization\"},\"potentialAction\":[{\"@type\":\"SearchAction\",\"target\":{\"@type\":\"EntryPoint\",\"urlTemplate\":\"https:\/\/aral2.cetrexmarketing.com\/?s={search_term_string}\"},\"query-input\":{\"@type\":\"PropertyValueSpecification\",\"valueRequired\":true,\"valueName\":\"search_term_string\"}}],\"inLanguage\":\"ca\"},{\"@type\":\"Organization\",\"@id\":\"https:\/\/aral2.cetrexmarketing.com\/#organization\",\"name\":\"M\u00f3n La Cata\",\"url\":\"https:\/\/aral2.cetrexmarketing.com\/\",\"logo\":{\"@type\":\"ImageObject\",\"inLanguage\":\"ca\",\"@id\":\"https:\/\/aral2.cetrexmarketing.com\/#\/schema\/logo\/image\/\",\"url\":\"https:\/\/aral2.cetrexmarketing.com\/wp-content\/uploads\/2024\/10\/aral-logo-neg-1024x409-1.png\",\"contentUrl\":\"https:\/\/aral2.cetrexmarketing.com\/wp-content\/uploads\/2024\/10\/aral-logo-neg-1024x409-1.png\",\"width\":1024,\"height\":409,\"caption\":\"M\u00f3n La Cata\"},\"image\":{\"@id\":\"https:\/\/aral2.cetrexmarketing.com\/#\/schema\/logo\/image\/\"}}]}<\/script>\n<!-- \/ Yoast SEO Premium plugin. -->","yoast_head_json":{"title":"Emilio Moro Crian\u00e7a Magnum","description":"Comprar al millor preu el vi negre Emilio Moro Crian\u00e7a Magnum en M\u00f3n La Cata. Botiga online especialitzada en vins, destil\u00b7lats i alimentaci\u00f3.","robots":{"index":"noindex","follow":"follow","max-snippet":"max-snippet:-1","max-image-preview":"max-image-preview:large","max-video-preview":"max-video-preview:-1"},"og_locale":"ca_ES","og_type":"article","og_title":"Emilio Moro Crian\u00e7a Magnum","og_description":"Comprar al millor preu el vi negre Emilio Moro Crian\u00e7a Magnum en M\u00f3n La Cata. Botiga online especialitzada en vins, destil\u00b7lats i alimentaci\u00f3.","og_url":"https:\/\/aral2.cetrexmarketing.com\/ca\/producto\/emilio-moro-crianca-magnum\/","og_site_name":"M\u00f3n La Cata","article_modified_time":"2025-05-27T08:14:47+00:00","og_image":[{"width":765,"height":1024,"url":"https:\/\/aral2.cetrexmarketing.com\/wp-content\/uploads\/2025\/05\/emilio-moro-crianza-magnum.jpg.png","type":"image\/png"}],"twitter_card":"summary_large_image","twitter_misc":{"Temps estimat de lectura":"1 minut"},"schema":{"@context":"https:\/\/schema.org","@graph":[{"@type":"WebPage","@id":"https:\/\/aral2.cetrexmarketing.com\/ca\/producto\/emilio-moro-crianca-magnum\/","url":"https:\/\/aral2.cetrexmarketing.com\/ca\/producto\/emilio-moro-crianca-magnum\/","name":"Emilio Moro Crian\u00e7a Magnum","isPartOf":{"@id":"https:\/\/aral2.cetrexmarketing.com\/#website"},"primaryImageOfPage":{"@id":"https:\/\/aral2.cetrexmarketing.com\/ca\/producto\/emilio-moro-crianca-magnum\/#primaryimage"},"image":{"@id":"https:\/\/aral2.cetrexmarketing.com\/ca\/producto\/emilio-moro-crianca-magnum\/#primaryimage"},"thumbnailUrl":"https:\/\/aral2.cetrexmarketing.com\/wp-content\/uploads\/2025\/05\/emilio-moro-crianza-magnum.jpg.png","datePublished":"2025-05-27T05:00:03+00:00","dateModified":"2025-05-27T08:14:47+00:00","description":"Comprar al millor preu el vi negre Emilio Moro Crian\u00e7a Magnum en M\u00f3n La Cata. Botiga online especialitzada en vins, destil\u00b7lats i alimentaci\u00f3.","breadcrumb":{"@id":"https:\/\/aral2.cetrexmarketing.com\/ca\/producto\/emilio-moro-crianca-magnum\/#breadcrumb"},"inLanguage":"ca","potentialAction":[{"@type":"ReadAction","target":["https:\/\/aral2.cetrexmarketing.com\/ca\/producto\/emilio-moro-crianca-magnum\/"]}]},{"@type":"ImageObject","inLanguage":"ca","@id":"https:\/\/aral2.cetrexmarketing.com\/ca\/producto\/emilio-moro-crianca-magnum\/#primaryimage","url":"https:\/\/aral2.cetrexmarketing.com\/wp-content\/uploads\/2025\/05\/emilio-moro-crianza-magnum.jpg.png","contentUrl":"https:\/\/aral2.cetrexmarketing.com\/wp-content\/uploads\/2025\/05\/emilio-moro-crianza-magnum.jpg.png","width":765,"height":1024},{"@type":"BreadcrumbList","@id":"https:\/\/aral2.cetrexmarketing.com\/ca\/producto\/emilio-moro-crianca-magnum\/#breadcrumb","itemListElement":[{"@type":"ListItem","position":1,"name":"Home","item":"https:\/\/aral2.cetrexmarketing.com\/ca\/"},{"@type":"ListItem","position":2,"name":"Tienda","item":"https:\/\/aral2.cetrexmarketing.com\/ca\/tienda-2\/"},{"@type":"ListItem","position":3,"name":"Tienda","item":"https:\/\/aral2.cetrexmarketing.com\/categoria-producto\/inicio\/"},{"@type":"ListItem","position":4,"name":"Emilio Moro Crian\u00e7a Magnum"}]},{"@type":"WebSite","@id":"https:\/\/aral2.cetrexmarketing.com\/#website","url":"https:\/\/aral2.cetrexmarketing.com\/","name":"M\u00f3n La Cata","description":"Tienda de vinos, licores, cervezas y gourmet","publisher":{"@id":"https:\/\/aral2.cetrexmarketing.com\/#organization"},"potentialAction":[{"@type":"SearchAction","target":{"@type":"EntryPoint","urlTemplate":"https:\/\/aral2.cetrexmarketing.com\/?s={search_term_string}"},"query-input":{"@type":"PropertyValueSpecification","valueRequired":true,"valueName":"search_term_string"}}],"inLanguage":"ca"},{"@type":"Organization","@id":"https:\/\/aral2.cetrexmarketing.com\/#organization","name":"M\u00f3n La Cata","url":"https:\/\/aral2.cetrexmarketing.com\/","logo":{"@type":"ImageObject","inLanguage":"ca","@id":"https:\/\/aral2.cetrexmarketing.com\/#\/schema\/logo\/image\/","url":"https:\/\/aral2.cetrexmarketing.com\/wp-content\/uploads\/2024\/10\/aral-logo-neg-1024x409-1.png","contentUrl":"https:\/\/aral2.cetrexmarketing.com\/wp-content\/uploads\/2024\/10\/aral-logo-neg-1024x409-1.png","width":1024,"height":409,"caption":"M\u00f3n La Cata"},"image":{"@id":"https:\/\/aral2.cetrexmarketing.com\/#\/schema\/logo\/image\/"}}]}},"brands":[],"_links":{"self":[{"href":"https:\/\/aral2.cetrexmarketing.com\/ca\/wp-json\/wp\/v2\/product\/121202","targetHints":{"allow":["GET"]}}],"collection":[{"href":"https:\/\/aral2.cetrexmarketing.com\/ca\/wp-json\/wp\/v2\/product"}],"about":[{"href":"https:\/\/aral2.cetrexmarketing.com\/ca\/wp-json\/wp\/v2\/types\/product"}],"replies":[{"embeddable":true,"href":"https:\/\/aral2.cetrexmarketing.com\/ca\/wp-json\/wp\/v2\/comments?post=121202"}],"wp:featuredmedia":[{"embeddable":true,"href":"https:\/\/aral2.cetrexmarketing.com\/ca\/wp-json\/wp\/v2\/media\/121199"}],"wp:attachment":[{"href":"https:\/\/aral2.cetrexmarketing.com\/ca\/wp-json\/wp\/v2\/media?parent=121202"}],"wp:term":[{"taxonomy":"pwb-brand","embeddable":true,"href":"https:\/\/aral2.cetrexmarketing.com\/ca\/wp-json\/wp\/v2\/pwb-brand?post=121202"},{"taxonomy":"product_brand","embeddable":true,"href":"https:\/\/aral2.cetrexmarketing.com\/ca\/wp-json\/wp\/v2\/product_brand?post=121202"},{"taxonomy":"product_cat","embeddable":true,"href":"https:\/\/aral2.cetrexmarketing.com\/ca\/wp-json\/wp\/v2\/product_cat?post=121202"},{"taxonomy":"product_tag","embeddable":true,"href":"https:\/\/aral2.cetrexmarketing.com\/ca\/wp-json\/wp\/v2\/product_tag?post=121202"}],"curies":[{"name":"wp","href":"https:\/\/api.w.org\/{rel}","templated":true}]}}