{"id":121175,"date":"2025-05-27T04:59:34","date_gmt":"2025-05-27T04:59:34","guid":{"rendered":"https:\/\/aral2.cetrexmarketing.com\/producto\/carramimbre-roble\/"},"modified":"2025-05-27T08:14:39","modified_gmt":"2025-05-27T08:14:39","slug":"carramimbre-roble","status":"publish","type":"product","link":"https:\/\/aral2.cetrexmarketing.com\/ca\/producto\/carramimbre-roble\/","title":{"rendered":"Carramimbre Roble"},"content":{"rendered":"<div class=\"flex max-w-full flex-col flex-grow\">\n<div class=\"min-h-8 text-message relative flex w-full flex-col items-end gap-2 whitespace-normal break-words text-start [.text-message+&amp;]:mt-5\" dir=\"auto\" data-message-author-role=\"assistant\" data-message-id=\"06efb138-fd24-41d1-ad7f-b16c8609b75c\" data-message-model-slug=\"gpt-4o\">\n<div class=\"flex w-full flex-col gap-1 empty:hidden first:pt-[3px]\">\n<div class=\"markdown prose w-full break-words dark:prose-invert light\">\n<p data-start=\"0\" data-end=\"171\">El <strong data-start=\"3\" data-end=\"24\">Carramimbre Roble<\/strong> \u00e9s un vi negre de la <strong data-start=\"46\" data-end=\"87\">Denominaci\u00f3 d\u2019Origen Ribera del Duero<\/strong>, elaborat per <strong data-start=\"102\" data-end=\"125\">Bodegas Carramimbre<\/strong>, situades a Pe\u00f1afiel (Valladolid, Espanya).<\/p>\n<h3 data-start=\"173\" data-end=\"211\"><strong data-start=\"177\" data-end=\"209\">Caracter\u00edstiques principals:<\/strong><\/h3>\n<ul data-start=\"212\" data-end=\"560\">\n<li data-start=\"212\" data-end=\"336\"><strong data-start=\"214\" data-end=\"235\">Varietat de ra\u00efm:<\/strong> Principalment <strong data-start=\"250\" data-end=\"282\">Tempranillo (Tinta del Pa\u00eds)<\/strong> amb un petit percentatge de <strong data-start=\"311\" data-end=\"333\">Cabernet Sauvignon<\/strong>.<\/li>\n<li data-start=\"337\" data-end=\"502\"><strong data-start=\"339\" data-end=\"351\">Crian\u00e7a:<\/strong> Envellit durant <strong data-start=\"368\" data-end=\"392\">3 a 6 mesos en b\u00f3tes<\/strong> de roure americ\u00e0 i franc\u00e8s, fet que li aporta notes subtils de fusta sense perdre el seu car\u00e0cter afruitat.<\/li>\n<li data-start=\"503\" data-end=\"560\"><strong data-start=\"505\" data-end=\"530\">Graduaci\u00f3 alcoh\u00f2lica:<\/strong> Al voltant del <strong data-start=\"546\" data-end=\"558\">14% vol.<\/strong><\/li>\n<\/ul>\n<h3 data-start=\"562\" data-end=\"586\"><strong data-start=\"566\" data-end=\"584\">Notes de tast:<\/strong><\/h3>\n<ul data-start=\"587\" data-end=\"938\">\n<li data-start=\"587\" data-end=\"661\"><strong data-start=\"589\" data-end=\"599\">Vista:<\/strong> Color vermell cirera amb reflexos violacis, brillant i net.<\/li>\n<li data-start=\"662\" data-end=\"787\"><strong data-start=\"664\" data-end=\"672\">Nas:<\/strong> Aroma intens a fruites vermelles (maduixa, gerd, cirera), amb matisos especiats i torrats aportats per la fusta.<\/li>\n<li data-start=\"788\" data-end=\"938\"><strong data-start=\"790\" data-end=\"799\">Boca:<\/strong> Equilibrat i estructurat, amb bona acidesa, tanins suaus i un final persistent amb records de fruita madura i lleugers tocs de vainilla.<\/li>\n<\/ul>\n<h3 data-start=\"940\" data-end=\"970\"><strong data-start=\"944\" data-end=\"968\">Maridatge recomanat:<\/strong><\/h3>\n<p data-start=\"971\" data-end=\"1083\">Perfecte per acompanyar <strong data-start=\"995\" data-end=\"1080\">carns a la brasa, embotits ib\u00e8rics, formatges curats, guisats i arrossos amb carn<\/strong>.<\/p>\n<p data-start=\"1085\" data-end=\"1215\" data-is-last-node=\"\" data-is-only-node=\"\">\u00c9s un vi amb una excel\u00b7lent relaci\u00f3 qualitat-preu, ideal per a aquells que busquen un Ribera del Duero jove amb un toc de b\u00f3ta. \ud83c\udf77<\/p>\n<\/div>\n<\/div>\n<\/div>\n<\/div>\n<p>&nbsp;<\/p>\n","protected":false},"excerpt":{"rendered":"<p>El <strong data-start=\"3\" data-end=\"24\">Carramimbre Roble<\/strong> \u00e9s un vi negre de la <strong data-start=\"46\" data-end=\"87\">Denominaci\u00f3 d&#8217;Origen Ribera del Duero<\/strong>, elaborat principalment amb ra\u00efm <strong data-start=\"121\" data-end=\"136\">Tempranillo<\/strong> i un petit percentatge de <strong data-start=\"163\" data-end=\"185\">Cabernet Sauvignon<\/strong>. Amb una crian\u00e7a de 3 a 6 mesos en b\u00f3tes de roure, presenta un color vermell cirera i aromes de fruites vermelles amb tocs especiats i torrats. A la boca \u00e9s equilibrat, amb tanins suaus i un final persistent amb records de fruita madura i lleugera vainilla. \u00c9s un vi de gran qualitat a un bon preu, ideal per acompanyar carns a la brasa, embotits o formatges curats.<\/p>\n","protected":false},"featured_media":121172,"comment_status":"closed","ping_status":"closed","template":"","meta":{"_acf_changed":false},"pwb-brand":[],"product_brand":[],"product_cat":[51674,51670,51671],"product_tag":[52379],"class_list":{"0":"post-121175","1":"product","2":"type-product","3":"status-publish","4":"has-post-thumbnail","6":"product_cat-botiga","7":"product_cat-vi","8":"product_cat-vi-negre","9":"product_tag-carramimbre-roble-2","10":"pa_anada-45483","11":"pa_bodega-bodegascarramimbre","12":"pa_do-rioja-d-o-ca-ca","13":"pa_formatoenml-38306","14":"pa_graduacion-14_5","15":"pa_pais-espanya-ca","16":"pa_pueblociudad-penafielvalladolid","17":"entry","18":"has-media","20":"first","21":"instock","22":"taxable","23":"shipping-taxable","24":"purchasable","25":"product-type-simple"},"acf":[],"yoast_head":"<!-- This site is optimized with the Yoast SEO Premium plugin v23.1 (Yoast SEO v23.5) - https:\/\/yoast.com\/wordpress\/plugins\/seo\/ -->\n<title>Carramimbre Roble<\/title>\n<meta name=\"description\" content=\"Comprar al millor preu el vi negre Carramimbre Roble a M\u00f3n La Cata. Botiga online especialitzada en vins, destil\u00b7lats i alimentaci\u00f3.\" \/>\n<meta name=\"robots\" content=\"noindex, follow, max-snippet:-1, max-image-preview:large, max-video-preview:-1\" \/>\n<meta property=\"og:locale\" content=\"ca_ES\" \/>\n<meta property=\"og:type\" content=\"article\" \/>\n<meta property=\"og:title\" content=\"Carramimbre Roble\" \/>\n<meta property=\"og:description\" content=\"Comprar al millor preu el vi negre Carramimbre Roble a M\u00f3n La Cata. Botiga online especialitzada en vins, destil\u00b7lats i alimentaci\u00f3.\" \/>\n<meta property=\"og:url\" content=\"https:\/\/aral2.cetrexmarketing.com\/ca\/producto\/carramimbre-roble\/\" \/>\n<meta property=\"og:site_name\" content=\"M\u00f3n La Cata\" \/>\n<meta property=\"article:modified_time\" content=\"2025-05-27T08:14:39+00:00\" \/>\n<meta property=\"og:image\" content=\"https:\/\/aral2.cetrexmarketing.com\/wp-content\/uploads\/2025\/05\/carramimbre-roble.png\" \/>\n\t<meta property=\"og:image:width\" content=\"765\" \/>\n\t<meta property=\"og:image:height\" content=\"1024\" \/>\n\t<meta property=\"og:image:type\" content=\"image\/png\" \/>\n<meta name=\"twitter:card\" content=\"summary_large_image\" \/>\n<meta name=\"twitter:label1\" content=\"Temps estimat de lectura\" \/>\n\t<meta name=\"twitter:data1\" content=\"2 minuts\" \/>\n<script type=\"application\/ld+json\" class=\"yoast-schema-graph\">{\"@context\":\"https:\/\/schema.org\",\"@graph\":[{\"@type\":\"WebPage\",\"@id\":\"https:\/\/aral2.cetrexmarketing.com\/ca\/producto\/carramimbre-roble\/\",\"url\":\"https:\/\/aral2.cetrexmarketing.com\/ca\/producto\/carramimbre-roble\/\",\"name\":\"Carramimbre Roble\",\"isPartOf\":{\"@id\":\"https:\/\/aral2.cetrexmarketing.com\/#website\"},\"primaryImageOfPage\":{\"@id\":\"https:\/\/aral2.cetrexmarketing.com\/ca\/producto\/carramimbre-roble\/#primaryimage\"},\"image\":{\"@id\":\"https:\/\/aral2.cetrexmarketing.com\/ca\/producto\/carramimbre-roble\/#primaryimage\"},\"thumbnailUrl\":\"https:\/\/aral2.cetrexmarketing.com\/wp-content\/uploads\/2025\/05\/carramimbre-roble.png\",\"datePublished\":\"2025-05-27T04:59:34+00:00\",\"dateModified\":\"2025-05-27T08:14:39+00:00\",\"description\":\"Comprar al millor preu el vi negre Carramimbre Roble a M\u00f3n La Cata. Botiga online especialitzada en vins, destil\u00b7lats i alimentaci\u00f3.\",\"breadcrumb\":{\"@id\":\"https:\/\/aral2.cetrexmarketing.com\/ca\/producto\/carramimbre-roble\/#breadcrumb\"},\"inLanguage\":\"ca\",\"potentialAction\":[{\"@type\":\"ReadAction\",\"target\":[\"https:\/\/aral2.cetrexmarketing.com\/ca\/producto\/carramimbre-roble\/\"]}]},{\"@type\":\"ImageObject\",\"inLanguage\":\"ca\",\"@id\":\"https:\/\/aral2.cetrexmarketing.com\/ca\/producto\/carramimbre-roble\/#primaryimage\",\"url\":\"https:\/\/aral2.cetrexmarketing.com\/wp-content\/uploads\/2025\/05\/carramimbre-roble.png\",\"contentUrl\":\"https:\/\/aral2.cetrexmarketing.com\/wp-content\/uploads\/2025\/05\/carramimbre-roble.png\",\"width\":765,\"height\":1024},{\"@type\":\"BreadcrumbList\",\"@id\":\"https:\/\/aral2.cetrexmarketing.com\/ca\/producto\/carramimbre-roble\/#breadcrumb\",\"itemListElement\":[{\"@type\":\"ListItem\",\"position\":1,\"name\":\"Home\",\"item\":\"https:\/\/aral2.cetrexmarketing.com\/ca\/\"},{\"@type\":\"ListItem\",\"position\":2,\"name\":\"Tienda\",\"item\":\"https:\/\/aral2.cetrexmarketing.com\/ca\/tienda-2\/\"},{\"@type\":\"ListItem\",\"position\":3,\"name\":\"Tienda\",\"item\":\"https:\/\/aral2.cetrexmarketing.com\/categoria-producto\/inicio\/\"},{\"@type\":\"ListItem\",\"position\":4,\"name\":\"Carramimbre Roble\"}]},{\"@type\":\"WebSite\",\"@id\":\"https:\/\/aral2.cetrexmarketing.com\/#website\",\"url\":\"https:\/\/aral2.cetrexmarketing.com\/\",\"name\":\"M\u00f3n La Cata\",\"description\":\"Tienda de vinos, licores, cervezas y gourmet\",\"publisher\":{\"@id\":\"https:\/\/aral2.cetrexmarketing.com\/#organization\"},\"potentialAction\":[{\"@type\":\"SearchAction\",\"target\":{\"@type\":\"EntryPoint\",\"urlTemplate\":\"https:\/\/aral2.cetrexmarketing.com\/?s={search_term_string}\"},\"query-input\":{\"@type\":\"PropertyValueSpecification\",\"valueRequired\":true,\"valueName\":\"search_term_string\"}}],\"inLanguage\":\"ca\"},{\"@type\":\"Organization\",\"@id\":\"https:\/\/aral2.cetrexmarketing.com\/#organization\",\"name\":\"M\u00f3n La Cata\",\"url\":\"https:\/\/aral2.cetrexmarketing.com\/\",\"logo\":{\"@type\":\"ImageObject\",\"inLanguage\":\"ca\",\"@id\":\"https:\/\/aral2.cetrexmarketing.com\/#\/schema\/logo\/image\/\",\"url\":\"https:\/\/aral2.cetrexmarketing.com\/wp-content\/uploads\/2024\/10\/aral-logo-neg-1024x409-1.png\",\"contentUrl\":\"https:\/\/aral2.cetrexmarketing.com\/wp-content\/uploads\/2024\/10\/aral-logo-neg-1024x409-1.png\",\"width\":1024,\"height\":409,\"caption\":\"M\u00f3n La Cata\"},\"image\":{\"@id\":\"https:\/\/aral2.cetrexmarketing.com\/#\/schema\/logo\/image\/\"}}]}<\/script>\n<!-- \/ Yoast SEO Premium plugin. -->","yoast_head_json":{"title":"Carramimbre Roble","description":"Comprar al millor preu el vi negre Carramimbre Roble a M\u00f3n La Cata. Botiga online especialitzada en vins, destil\u00b7lats i alimentaci\u00f3.","robots":{"index":"noindex","follow":"follow","max-snippet":"max-snippet:-1","max-image-preview":"max-image-preview:large","max-video-preview":"max-video-preview:-1"},"og_locale":"ca_ES","og_type":"article","og_title":"Carramimbre Roble","og_description":"Comprar al millor preu el vi negre Carramimbre Roble a M\u00f3n La Cata. Botiga online especialitzada en vins, destil\u00b7lats i alimentaci\u00f3.","og_url":"https:\/\/aral2.cetrexmarketing.com\/ca\/producto\/carramimbre-roble\/","og_site_name":"M\u00f3n La Cata","article_modified_time":"2025-05-27T08:14:39+00:00","og_image":[{"width":765,"height":1024,"url":"https:\/\/aral2.cetrexmarketing.com\/wp-content\/uploads\/2025\/05\/carramimbre-roble.png","type":"image\/png"}],"twitter_card":"summary_large_image","twitter_misc":{"Temps estimat de lectura":"2 minuts"},"schema":{"@context":"https:\/\/schema.org","@graph":[{"@type":"WebPage","@id":"https:\/\/aral2.cetrexmarketing.com\/ca\/producto\/carramimbre-roble\/","url":"https:\/\/aral2.cetrexmarketing.com\/ca\/producto\/carramimbre-roble\/","name":"Carramimbre Roble","isPartOf":{"@id":"https:\/\/aral2.cetrexmarketing.com\/#website"},"primaryImageOfPage":{"@id":"https:\/\/aral2.cetrexmarketing.com\/ca\/producto\/carramimbre-roble\/#primaryimage"},"image":{"@id":"https:\/\/aral2.cetrexmarketing.com\/ca\/producto\/carramimbre-roble\/#primaryimage"},"thumbnailUrl":"https:\/\/aral2.cetrexmarketing.com\/wp-content\/uploads\/2025\/05\/carramimbre-roble.png","datePublished":"2025-05-27T04:59:34+00:00","dateModified":"2025-05-27T08:14:39+00:00","description":"Comprar al millor preu el vi negre Carramimbre Roble a M\u00f3n La Cata. Botiga online especialitzada en vins, destil\u00b7lats i alimentaci\u00f3.","breadcrumb":{"@id":"https:\/\/aral2.cetrexmarketing.com\/ca\/producto\/carramimbre-roble\/#breadcrumb"},"inLanguage":"ca","potentialAction":[{"@type":"ReadAction","target":["https:\/\/aral2.cetrexmarketing.com\/ca\/producto\/carramimbre-roble\/"]}]},{"@type":"ImageObject","inLanguage":"ca","@id":"https:\/\/aral2.cetrexmarketing.com\/ca\/producto\/carramimbre-roble\/#primaryimage","url":"https:\/\/aral2.cetrexmarketing.com\/wp-content\/uploads\/2025\/05\/carramimbre-roble.png","contentUrl":"https:\/\/aral2.cetrexmarketing.com\/wp-content\/uploads\/2025\/05\/carramimbre-roble.png","width":765,"height":1024},{"@type":"BreadcrumbList","@id":"https:\/\/aral2.cetrexmarketing.com\/ca\/producto\/carramimbre-roble\/#breadcrumb","itemListElement":[{"@type":"ListItem","position":1,"name":"Home","item":"https:\/\/aral2.cetrexmarketing.com\/ca\/"},{"@type":"ListItem","position":2,"name":"Tienda","item":"https:\/\/aral2.cetrexmarketing.com\/ca\/tienda-2\/"},{"@type":"ListItem","position":3,"name":"Tienda","item":"https:\/\/aral2.cetrexmarketing.com\/categoria-producto\/inicio\/"},{"@type":"ListItem","position":4,"name":"Carramimbre Roble"}]},{"@type":"WebSite","@id":"https:\/\/aral2.cetrexmarketing.com\/#website","url":"https:\/\/aral2.cetrexmarketing.com\/","name":"M\u00f3n La Cata","description":"Tienda de vinos, licores, cervezas y gourmet","publisher":{"@id":"https:\/\/aral2.cetrexmarketing.com\/#organization"},"potentialAction":[{"@type":"SearchAction","target":{"@type":"EntryPoint","urlTemplate":"https:\/\/aral2.cetrexmarketing.com\/?s={search_term_string}"},"query-input":{"@type":"PropertyValueSpecification","valueRequired":true,"valueName":"search_term_string"}}],"inLanguage":"ca"},{"@type":"Organization","@id":"https:\/\/aral2.cetrexmarketing.com\/#organization","name":"M\u00f3n La Cata","url":"https:\/\/aral2.cetrexmarketing.com\/","logo":{"@type":"ImageObject","inLanguage":"ca","@id":"https:\/\/aral2.cetrexmarketing.com\/#\/schema\/logo\/image\/","url":"https:\/\/aral2.cetrexmarketing.com\/wp-content\/uploads\/2024\/10\/aral-logo-neg-1024x409-1.png","contentUrl":"https:\/\/aral2.cetrexmarketing.com\/wp-content\/uploads\/2024\/10\/aral-logo-neg-1024x409-1.png","width":1024,"height":409,"caption":"M\u00f3n La Cata"},"image":{"@id":"https:\/\/aral2.cetrexmarketing.com\/#\/schema\/logo\/image\/"}}]}},"brands":[],"_links":{"self":[{"href":"https:\/\/aral2.cetrexmarketing.com\/ca\/wp-json\/wp\/v2\/product\/121175","targetHints":{"allow":["GET"]}}],"collection":[{"href":"https:\/\/aral2.cetrexmarketing.com\/ca\/wp-json\/wp\/v2\/product"}],"about":[{"href":"https:\/\/aral2.cetrexmarketing.com\/ca\/wp-json\/wp\/v2\/types\/product"}],"replies":[{"embeddable":true,"href":"https:\/\/aral2.cetrexmarketing.com\/ca\/wp-json\/wp\/v2\/comments?post=121175"}],"wp:featuredmedia":[{"embeddable":true,"href":"https:\/\/aral2.cetrexmarketing.com\/ca\/wp-json\/wp\/v2\/media\/121172"}],"wp:attachment":[{"href":"https:\/\/aral2.cetrexmarketing.com\/ca\/wp-json\/wp\/v2\/media?parent=121175"}],"wp:term":[{"taxonomy":"pwb-brand","embeddable":true,"href":"https:\/\/aral2.cetrexmarketing.com\/ca\/wp-json\/wp\/v2\/pwb-brand?post=121175"},{"taxonomy":"product_brand","embeddable":true,"href":"https:\/\/aral2.cetrexmarketing.com\/ca\/wp-json\/wp\/v2\/product_brand?post=121175"},{"taxonomy":"product_cat","embeddable":true,"href":"https:\/\/aral2.cetrexmarketing.com\/ca\/wp-json\/wp\/v2\/product_cat?post=121175"},{"taxonomy":"product_tag","embeddable":true,"href":"https:\/\/aral2.cetrexmarketing.com\/ca\/wp-json\/wp\/v2\/product_tag?post=121175"}],"curies":[{"name":"wp","href":"https:\/\/api.w.org\/{rel}","templated":true}]}}