{"id":121171,"date":"2025-05-26T13:33:02","date_gmt":"2025-05-26T13:33:02","guid":{"rendered":"https:\/\/aral2.cetrexmarketing.com\/producto\/laus-garnatxa-negra\/"},"modified":"2025-05-27T08:14:36","modified_gmt":"2025-05-27T08:14:36","slug":"laus-garnatxa-negra","status":"publish","type":"product","link":"https:\/\/aral2.cetrexmarketing.com\/ca\/producto\/laus-garnatxa-negra\/","title":{"rendered":"Laus Garnatxa Negra"},"content":{"rendered":"<p data-start=\"0\" data-end=\"359\"><strong data-start=\"0\" data-end=\"23\">Laus Garnatxa Negra<\/strong> \u00e9s un vi de la <strong data-start=\"39\" data-end=\"55\">DO Somontano<\/strong>, una regi\u00f3 vin\u00edcola del nord-est d&#8217;Espanya coneguda pel seu <strong data-start=\"116\" data-end=\"156\">equilibri entre tradici\u00f3 i innovaci\u00f3<\/strong>. La <strong data-start=\"161\" data-end=\"176\">bodega Laus<\/strong>, amb un enfocament en la <strong data-start=\"202\" data-end=\"221\" data-is-only-node=\"\">puresa varietal<\/strong> i el <strong data-start=\"227\" data-end=\"256\">respecte pel medi ambient<\/strong>, elabora aquest <strong data-start=\"273\" data-end=\"307\">monovarietal de Garnatxa Negra<\/strong>, ressaltant el seu <strong data-start=\"327\" data-end=\"356\">car\u00e0cter afruitat i fresc<\/strong>.<\/p>\n<h3 data-start=\"361\" data-end=\"395\"><strong data-start=\"365\" data-end=\"393\">Caracter\u00edstiques del Vi:<\/strong><\/h3>\n<ul data-start=\"396\" data-end=\"883\">\n<li data-start=\"396\" data-end=\"424\"><strong data-start=\"398\" data-end=\"408\">Tipus:<\/strong> Vi negre jove<\/li>\n<li data-start=\"425\" data-end=\"474\"><strong data-start=\"427\" data-end=\"448\">Varietat de ra\u00efm:<\/strong> <strong data-start=\"449\" data-end=\"472\">100% Garnatxa Negra<\/strong><\/li>\n<li data-start=\"475\" data-end=\"557\"><strong data-start=\"477\" data-end=\"493\">Cata visual:<\/strong> <strong data-start=\"494\" data-end=\"527\">Color vermell cirera brillant<\/strong>, amb reflexos <strong data-start=\"542\" data-end=\"554\">violacis<\/strong>.<\/li>\n<li data-start=\"558\" data-end=\"703\"><strong data-start=\"560\" data-end=\"570\">Aroma:<\/strong> Aromes intensos de <strong data-start=\"590\" data-end=\"620\">fruites vermelles fresques<\/strong> (maduixes, gerds, cireres), amb notes <strong data-start=\"659\" data-end=\"670\">florals<\/strong> i un <strong data-start=\"676\" data-end=\"700\">lleuger toc especiat<\/strong>.<\/li>\n<li data-start=\"704\" data-end=\"798\"><strong data-start=\"706\" data-end=\"716\">Sabor:<\/strong> <strong data-start=\"717\" data-end=\"746\">Fresc, suc\u00f3s i equilibrat<\/strong>, amb <strong data-start=\"752\" data-end=\"769\">tannins suaus<\/strong> i una <strong data-start=\"776\" data-end=\"795\">acidesa vibrant<\/strong>.<\/li>\n<li data-start=\"799\" data-end=\"883\"><strong data-start=\"801\" data-end=\"811\">Final:<\/strong> <strong data-start=\"812\" data-end=\"837\">Persistent i afruitat<\/strong>, amb una sensaci\u00f3 <strong data-start=\"856\" data-end=\"880\">lleugera i agradable<\/strong>.<\/li>\n<\/ul>\n<h3 data-start=\"885\" data-end=\"905\"><strong data-start=\"889\" data-end=\"903\">Conclusi\u00f3:<\/strong><\/h3>\n<p data-start=\"906\" data-end=\"1151\" data-is-last-node=\"\" data-is-only-node=\"\">El <strong data-start=\"909\" data-end=\"932\">Laus Garnatxa Negra<\/strong> \u00e9s un <strong data-start=\"939\" data-end=\"961\">vi viu i expressiu<\/strong>, perfecte per a aquells que busquen un <strong data-start=\"1001\" data-end=\"1037\">vi negre fresc i f\u00e0cil de gaudir<\/strong>. Ideal per acompanyar <strong data-start=\"1060\" data-end=\"1096\">plats lleugers, tapes o embotits<\/strong>, o simplement per gaudir-lo sol en un moment especial.<\/p>\n","protected":false},"excerpt":{"rendered":"<p>Laus Garnatxa Negra \u00e9s un vi de la DO Somontano, una regi\u00f3 vin\u00edcola del nord-est d&#8217;Espanya coneguda pel seu equilibri entre tradici\u00f3 i innovaci\u00f3. La bodega Laus, amb un enfocament en la puresa varietal i el respecte pel medi ambient, elabora aquest monovarietal de Garnatxa Negra, ressaltant el seu car\u00e0cter afruitat i fresc. Caracter\u00edstiques del&hellip;<\/p>\n","protected":false},"featured_media":111817,"comment_status":"closed","ping_status":"closed","template":"","meta":{"_acf_changed":false},"pwb-brand":[49273],"product_brand":[],"product_cat":[51676,51670,51671],"product_tag":[15112,52287],"class_list":{"0":"post-121171","1":"product","2":"type-product","3":"status-publish","4":"has-post-thumbnail","6":"pwb-brand-laus","7":"product_cat-vega","8":"product_cat-vi","9":"product_cat-vi-negre","10":"product_tag-somontano-ca","11":"product_tag-vino-tinto-de-somontano-2","12":"pa_anada-36212","13":"pa_do-somontanodo-ca","14":"pa_ecologico-vegano-natural-vega","15":"pa_formatoenml-38306","16":"pa_fresco-negre-fresc","17":"pa_graduacion-14_0","18":"pa_maridaje-carn-blanca","19":"pa_maridaje-embotits","20":"pa_pais-espanya-ca","21":"pa_pueblociudad-barbastrohuesca","22":"pa_variedad-principal-garnacha-tinta-ca","23":"entry","24":"has-media","26":"first","27":"outofstock","28":"taxable","29":"shipping-taxable","30":"purchasable","31":"product-type-simple"},"acf":[],"yoast_head":"<!-- This site is optimized with the Yoast SEO Premium plugin v23.1 (Yoast SEO v23.5) - https:\/\/yoast.com\/wordpress\/plugins\/seo\/ -->\n<title>Laus Garnatxa Negra - M\u00f3n La Cata<\/title>\n<meta name=\"description\" content=\"Comprar Laus Garnatxa Negra en M\u00f3n La Cata . Tienda online especilizada en vino y alimentaci\u00f3n. Env\u00edos puntuales y promociones\" \/>\n<meta name=\"robots\" content=\"noindex, follow, max-snippet:-1, max-image-preview:large, max-video-preview:-1\" \/>\n<meta property=\"og:locale\" content=\"ca_ES\" \/>\n<meta property=\"og:type\" content=\"article\" \/>\n<meta property=\"og:title\" content=\"Laus Garnatxa Negra\" \/>\n<meta property=\"og:description\" content=\"Comprar Laus Garnatxa Negra en M\u00f3n La Cata . Tienda online especilizada en vino y alimentaci\u00f3n. Env\u00edos puntuales y promociones\" \/>\n<meta property=\"og:url\" content=\"https:\/\/aral2.cetrexmarketing.com\/ca\/producto\/laus-garnatxa-negra\/\" \/>\n<meta property=\"og:site_name\" content=\"M\u00f3n La Cata\" \/>\n<meta property=\"article:modified_time\" content=\"2025-05-27T08:14:36+00:00\" \/>\n<meta property=\"og:image\" content=\"https:\/\/aral2.cetrexmarketing.com\/wp-content\/uploads\/2025\/05\/LAUS-GARNACHA-TINTA-1.png\" \/>\n\t<meta property=\"og:image:width\" content=\"765\" \/>\n\t<meta property=\"og:image:height\" content=\"1024\" \/>\n\t<meta property=\"og:image:type\" content=\"image\/png\" \/>\n<meta name=\"twitter:card\" content=\"summary_large_image\" \/>\n<meta name=\"twitter:label1\" content=\"Temps estimat de lectura\" \/>\n\t<meta name=\"twitter:data1\" content=\"1 minut\" \/>\n<script type=\"application\/ld+json\" class=\"yoast-schema-graph\">{\"@context\":\"https:\/\/schema.org\",\"@graph\":[{\"@type\":\"WebPage\",\"@id\":\"https:\/\/aral2.cetrexmarketing.com\/ca\/producto\/laus-garnatxa-negra\/\",\"url\":\"https:\/\/aral2.cetrexmarketing.com\/ca\/producto\/laus-garnatxa-negra\/\",\"name\":\"Laus Garnatxa Negra - M\u00f3n La Cata\",\"isPartOf\":{\"@id\":\"https:\/\/aral2.cetrexmarketing.com\/#website\"},\"primaryImageOfPage\":{\"@id\":\"https:\/\/aral2.cetrexmarketing.com\/ca\/producto\/laus-garnatxa-negra\/#primaryimage\"},\"image\":{\"@id\":\"https:\/\/aral2.cetrexmarketing.com\/ca\/producto\/laus-garnatxa-negra\/#primaryimage\"},\"thumbnailUrl\":\"https:\/\/aral2.cetrexmarketing.com\/wp-content\/uploads\/2025\/05\/LAUS-GARNACHA-TINTA-1.png\",\"datePublished\":\"2025-05-26T13:33:02+00:00\",\"dateModified\":\"2025-05-27T08:14:36+00:00\",\"description\":\"Comprar Laus Garnatxa Negra en M\u00f3n La Cata . Tienda online especilizada en vino y alimentaci\u00f3n. Env\u00edos puntuales y promociones\",\"breadcrumb\":{\"@id\":\"https:\/\/aral2.cetrexmarketing.com\/ca\/producto\/laus-garnatxa-negra\/#breadcrumb\"},\"inLanguage\":\"ca\",\"potentialAction\":[{\"@type\":\"ReadAction\",\"target\":[\"https:\/\/aral2.cetrexmarketing.com\/ca\/producto\/laus-garnatxa-negra\/\"]}]},{\"@type\":\"ImageObject\",\"inLanguage\":\"ca\",\"@id\":\"https:\/\/aral2.cetrexmarketing.com\/ca\/producto\/laus-garnatxa-negra\/#primaryimage\",\"url\":\"https:\/\/aral2.cetrexmarketing.com\/wp-content\/uploads\/2025\/05\/LAUS-GARNACHA-TINTA-1.png\",\"contentUrl\":\"https:\/\/aral2.cetrexmarketing.com\/wp-content\/uploads\/2025\/05\/LAUS-GARNACHA-TINTA-1.png\",\"width\":765,\"height\":1024},{\"@type\":\"BreadcrumbList\",\"@id\":\"https:\/\/aral2.cetrexmarketing.com\/ca\/producto\/laus-garnatxa-negra\/#breadcrumb\",\"itemListElement\":[{\"@type\":\"ListItem\",\"position\":1,\"name\":\"Home\",\"item\":\"https:\/\/aral2.cetrexmarketing.com\/ca\/\"},{\"@type\":\"ListItem\",\"position\":2,\"name\":\"Tienda\",\"item\":\"https:\/\/aral2.cetrexmarketing.com\/ca\/tienda-2\/\"},{\"@type\":\"ListItem\",\"position\":3,\"name\":\"Vino\",\"item\":\"https:\/\/aral2.cetrexmarketing.com\/categoria-producto\/inicio\/vino\/\"},{\"@type\":\"ListItem\",\"position\":4,\"name\":\"Laus Garnatxa Negra\"}]},{\"@type\":\"WebSite\",\"@id\":\"https:\/\/aral2.cetrexmarketing.com\/#website\",\"url\":\"https:\/\/aral2.cetrexmarketing.com\/\",\"name\":\"M\u00f3n La Cata\",\"description\":\"Tienda de vinos, licores, cervezas y gourmet\",\"publisher\":{\"@id\":\"https:\/\/aral2.cetrexmarketing.com\/#organization\"},\"potentialAction\":[{\"@type\":\"SearchAction\",\"target\":{\"@type\":\"EntryPoint\",\"urlTemplate\":\"https:\/\/aral2.cetrexmarketing.com\/?s={search_term_string}\"},\"query-input\":{\"@type\":\"PropertyValueSpecification\",\"valueRequired\":true,\"valueName\":\"search_term_string\"}}],\"inLanguage\":\"ca\"},{\"@type\":\"Organization\",\"@id\":\"https:\/\/aral2.cetrexmarketing.com\/#organization\",\"name\":\"M\u00f3n La Cata\",\"url\":\"https:\/\/aral2.cetrexmarketing.com\/\",\"logo\":{\"@type\":\"ImageObject\",\"inLanguage\":\"ca\",\"@id\":\"https:\/\/aral2.cetrexmarketing.com\/#\/schema\/logo\/image\/\",\"url\":\"https:\/\/aral2.cetrexmarketing.com\/wp-content\/uploads\/2024\/10\/aral-logo-neg-1024x409-1.png\",\"contentUrl\":\"https:\/\/aral2.cetrexmarketing.com\/wp-content\/uploads\/2024\/10\/aral-logo-neg-1024x409-1.png\",\"width\":1024,\"height\":409,\"caption\":\"M\u00f3n La Cata\"},\"image\":{\"@id\":\"https:\/\/aral2.cetrexmarketing.com\/#\/schema\/logo\/image\/\"}}]}<\/script>\n<!-- \/ Yoast SEO Premium plugin. -->","yoast_head_json":{"title":"Laus Garnatxa Negra - M\u00f3n La Cata","description":"Comprar Laus Garnatxa Negra en M\u00f3n La Cata . Tienda online especilizada en vino y alimentaci\u00f3n. Env\u00edos puntuales y promociones","robots":{"index":"noindex","follow":"follow","max-snippet":"max-snippet:-1","max-image-preview":"max-image-preview:large","max-video-preview":"max-video-preview:-1"},"og_locale":"ca_ES","og_type":"article","og_title":"Laus Garnatxa Negra","og_description":"Comprar Laus Garnatxa Negra en M\u00f3n La Cata . Tienda online especilizada en vino y alimentaci\u00f3n. Env\u00edos puntuales y promociones","og_url":"https:\/\/aral2.cetrexmarketing.com\/ca\/producto\/laus-garnatxa-negra\/","og_site_name":"M\u00f3n La Cata","article_modified_time":"2025-05-27T08:14:36+00:00","og_image":[{"width":765,"height":1024,"url":"https:\/\/aral2.cetrexmarketing.com\/wp-content\/uploads\/2025\/05\/LAUS-GARNACHA-TINTA-1.png","type":"image\/png"}],"twitter_card":"summary_large_image","twitter_misc":{"Temps estimat de lectura":"1 minut"},"schema":{"@context":"https:\/\/schema.org","@graph":[{"@type":"WebPage","@id":"https:\/\/aral2.cetrexmarketing.com\/ca\/producto\/laus-garnatxa-negra\/","url":"https:\/\/aral2.cetrexmarketing.com\/ca\/producto\/laus-garnatxa-negra\/","name":"Laus Garnatxa Negra - M\u00f3n La Cata","isPartOf":{"@id":"https:\/\/aral2.cetrexmarketing.com\/#website"},"primaryImageOfPage":{"@id":"https:\/\/aral2.cetrexmarketing.com\/ca\/producto\/laus-garnatxa-negra\/#primaryimage"},"image":{"@id":"https:\/\/aral2.cetrexmarketing.com\/ca\/producto\/laus-garnatxa-negra\/#primaryimage"},"thumbnailUrl":"https:\/\/aral2.cetrexmarketing.com\/wp-content\/uploads\/2025\/05\/LAUS-GARNACHA-TINTA-1.png","datePublished":"2025-05-26T13:33:02+00:00","dateModified":"2025-05-27T08:14:36+00:00","description":"Comprar Laus Garnatxa Negra en M\u00f3n La Cata . Tienda online especilizada en vino y alimentaci\u00f3n. Env\u00edos puntuales y promociones","breadcrumb":{"@id":"https:\/\/aral2.cetrexmarketing.com\/ca\/producto\/laus-garnatxa-negra\/#breadcrumb"},"inLanguage":"ca","potentialAction":[{"@type":"ReadAction","target":["https:\/\/aral2.cetrexmarketing.com\/ca\/producto\/laus-garnatxa-negra\/"]}]},{"@type":"ImageObject","inLanguage":"ca","@id":"https:\/\/aral2.cetrexmarketing.com\/ca\/producto\/laus-garnatxa-negra\/#primaryimage","url":"https:\/\/aral2.cetrexmarketing.com\/wp-content\/uploads\/2025\/05\/LAUS-GARNACHA-TINTA-1.png","contentUrl":"https:\/\/aral2.cetrexmarketing.com\/wp-content\/uploads\/2025\/05\/LAUS-GARNACHA-TINTA-1.png","width":765,"height":1024},{"@type":"BreadcrumbList","@id":"https:\/\/aral2.cetrexmarketing.com\/ca\/producto\/laus-garnatxa-negra\/#breadcrumb","itemListElement":[{"@type":"ListItem","position":1,"name":"Home","item":"https:\/\/aral2.cetrexmarketing.com\/ca\/"},{"@type":"ListItem","position":2,"name":"Tienda","item":"https:\/\/aral2.cetrexmarketing.com\/ca\/tienda-2\/"},{"@type":"ListItem","position":3,"name":"Vino","item":"https:\/\/aral2.cetrexmarketing.com\/categoria-producto\/inicio\/vino\/"},{"@type":"ListItem","position":4,"name":"Laus Garnatxa Negra"}]},{"@type":"WebSite","@id":"https:\/\/aral2.cetrexmarketing.com\/#website","url":"https:\/\/aral2.cetrexmarketing.com\/","name":"M\u00f3n La Cata","description":"Tienda de vinos, licores, cervezas y gourmet","publisher":{"@id":"https:\/\/aral2.cetrexmarketing.com\/#organization"},"potentialAction":[{"@type":"SearchAction","target":{"@type":"EntryPoint","urlTemplate":"https:\/\/aral2.cetrexmarketing.com\/?s={search_term_string}"},"query-input":{"@type":"PropertyValueSpecification","valueRequired":true,"valueName":"search_term_string"}}],"inLanguage":"ca"},{"@type":"Organization","@id":"https:\/\/aral2.cetrexmarketing.com\/#organization","name":"M\u00f3n La Cata","url":"https:\/\/aral2.cetrexmarketing.com\/","logo":{"@type":"ImageObject","inLanguage":"ca","@id":"https:\/\/aral2.cetrexmarketing.com\/#\/schema\/logo\/image\/","url":"https:\/\/aral2.cetrexmarketing.com\/wp-content\/uploads\/2024\/10\/aral-logo-neg-1024x409-1.png","contentUrl":"https:\/\/aral2.cetrexmarketing.com\/wp-content\/uploads\/2024\/10\/aral-logo-neg-1024x409-1.png","width":1024,"height":409,"caption":"M\u00f3n La Cata"},"image":{"@id":"https:\/\/aral2.cetrexmarketing.com\/#\/schema\/logo\/image\/"}}]}},"brands":[{"id":49273,"name":"Laus","slug":"laus"}],"_links":{"self":[{"href":"https:\/\/aral2.cetrexmarketing.com\/ca\/wp-json\/wp\/v2\/product\/121171","targetHints":{"allow":["GET"]}}],"collection":[{"href":"https:\/\/aral2.cetrexmarketing.com\/ca\/wp-json\/wp\/v2\/product"}],"about":[{"href":"https:\/\/aral2.cetrexmarketing.com\/ca\/wp-json\/wp\/v2\/types\/product"}],"replies":[{"embeddable":true,"href":"https:\/\/aral2.cetrexmarketing.com\/ca\/wp-json\/wp\/v2\/comments?post=121171"}],"wp:featuredmedia":[{"embeddable":true,"href":"https:\/\/aral2.cetrexmarketing.com\/ca\/wp-json\/wp\/v2\/media\/111817"}],"wp:attachment":[{"href":"https:\/\/aral2.cetrexmarketing.com\/ca\/wp-json\/wp\/v2\/media?parent=121171"}],"wp:term":[{"taxonomy":"pwb-brand","embeddable":true,"href":"https:\/\/aral2.cetrexmarketing.com\/ca\/wp-json\/wp\/v2\/pwb-brand?post=121171"},{"taxonomy":"product_brand","embeddable":true,"href":"https:\/\/aral2.cetrexmarketing.com\/ca\/wp-json\/wp\/v2\/product_brand?post=121171"},{"taxonomy":"product_cat","embeddable":true,"href":"https:\/\/aral2.cetrexmarketing.com\/ca\/wp-json\/wp\/v2\/product_cat?post=121171"},{"taxonomy":"product_tag","embeddable":true,"href":"https:\/\/aral2.cetrexmarketing.com\/ca\/wp-json\/wp\/v2\/product_tag?post=121171"}],"curies":[{"name":"wp","href":"https:\/\/api.w.org\/{rel}","templated":true}]}}