{"id":121161,"date":"2025-05-27T04:59:08","date_gmt":"2025-05-27T04:59:08","guid":{"rendered":"https:\/\/aral2.cetrexmarketing.com\/producto\/chateau-minuty-281\/"},"modified":"2025-05-27T08:14:24","modified_gmt":"2025-05-27T08:14:24","slug":"chateau-minuty-281","status":"publish","type":"product","link":"https:\/\/aral2.cetrexmarketing.com\/ca\/producto\/chateau-minuty-281\/","title":{"rendered":"Chateau Minuty 281"},"content":{"rendered":"<p data-start=\"0\" data-end=\"316\">El <strong data-start=\"3\" data-end=\"25\">Ch\u00e2teau Minuty 281<\/strong> \u00e9s un vi rosat de prestigi elaborat a la regi\u00f3 de <strong data-start=\"76\" data-end=\"88\">Proven\u00e7a<\/strong>, al sud de Fran\u00e7a, per la reconeguda bodega <strong data-start=\"133\" data-end=\"151\">Ch\u00e2teau Minuty<\/strong>, coneguda pels seus vins frescos i elegants. Aquest vi \u00e9s un excel\u00b7lent exponent de l&#8217;estil proven\u00e7al, caracteritzat per la seva frescor, delicadesa i sofisticaci\u00f3.<\/p>\n<h3 data-start=\"318\" data-end=\"354\"><strong data-start=\"322\" data-end=\"354\">Caracter\u00edstiques principals:<\/strong><\/h3>\n<ul data-start=\"355\" data-end=\"1543\">\n<li data-start=\"355\" data-end=\"503\"><strong data-start=\"357\" data-end=\"379\">Varietats de ra\u00efm:<\/strong> Principalment <strong data-start=\"394\" data-end=\"406\">Grenache<\/strong>, amb un toc de <strong data-start=\"422\" data-end=\"431\">Syrah<\/strong> i <strong data-start=\"434\" data-end=\"446\">Cinsault<\/strong>, que aporten complexitat i eleg\u00e0ncia al perfil del vi.<\/li>\n<li data-start=\"504\" data-end=\"713\"><strong data-start=\"506\" data-end=\"514\">Any:<\/strong> Aquest vi reflecteix el car\u00e0cter de l&#8217;any de collita, que generalment \u00e9s jove per preservar la seva frescor i vivacitat, tot i que amb una maduraci\u00f3 suficient per desenvolupar la seva complexitat.<\/li>\n<li data-start=\"714\" data-end=\"879\"><strong data-start=\"716\" data-end=\"726\">Color:<\/strong> Presenta un color <strong data-start=\"745\" data-end=\"762\">rosat p\u00e0l\u00b7lid<\/strong> i brillant, caracter\u00edstic dels rosats d&#8217;alta gamma de la regi\u00f3, amb reflexos subtils que conviden a la degustaci\u00f3.<\/li>\n<li data-start=\"880\" data-end=\"1234\"><strong data-start=\"882\" data-end=\"892\">Aroma:<\/strong> A la nas, <strong data-start=\"903\" data-end=\"925\">Ch\u00e2teau Minuty 281<\/strong> s&#8217;obre amb una intensitat delicada, oferint una mescla complexa d&#8217;aromes florals, com <strong data-start=\"1012\" data-end=\"1031\">roses i gessam\u00ed<\/strong>, amb notes de <strong data-start=\"1046\" data-end=\"1057\">c\u00edtrics<\/strong>, principalment <strong data-start=\"1073\" data-end=\"1087\">poma verda<\/strong> i un toc subtil de <strong data-start=\"1107\" data-end=\"1127\" data-is-only-node=\"\">fruita de pinyol<\/strong> com el pr\u00e9ssec. La frescor herb\u00e0cia es barreja amb un toc mineral que \u00e9s t\u00edpic dels vins de la Proven\u00e7a.<\/li>\n<li data-start=\"1235\" data-end=\"1543\"><strong data-start=\"1237\" data-end=\"1247\">Sabor:<\/strong> A boca, es presenta <strong data-start=\"1268\" data-end=\"1310\">frescor, viu i perfectament equilibrat<\/strong>, amb una acidesa vibrant que d\u00f3na pas a un final elegant i rod\u00f3. La textura \u00e9s suau i sedosa, mentre que els sabors de <strong data-start=\"1430\" data-end=\"1450\">fruites fresques<\/strong> i una lleugera mineralitat proporcionen una experi\u00e8ncia plaent i complexa al mateix temps.<\/li>\n<\/ul>\n<h3 data-start=\"1545\" data-end=\"1575\"><strong data-start=\"1549\" data-end=\"1573\">Maridatge recomanat:<\/strong><\/h3>\n<p data-start=\"1576\" data-end=\"1862\">Aquest rosat \u00e9s ideal per acompanyar <strong data-start=\"1613\" data-end=\"1629\">marisc fresc<\/strong>, <strong data-start=\"1631\" data-end=\"1654\">peixos a la graella<\/strong>, <strong data-start=\"1656\" data-end=\"1682\">amanides mediterr\u00e0nies<\/strong>, <strong data-start=\"1684\" data-end=\"1705\">tartar de tonyina<\/strong> o <strong data-start=\"1708\" data-end=\"1727\">formatges suaus<\/strong>. Tamb\u00e9 \u00e9s una opci\u00f3 meravellosa per gaudir com a aperitiu, especialment en climes c\u00e0lids, on la seva frescor i lleugeresa destaquen.<\/p>\n<p data-start=\"1864\" data-end=\"2060\" data-is-last-node=\"\" data-is-only-node=\"\">En resum, <strong data-start=\"1874\" data-end=\"1896\">Ch\u00e2teau Minuty 281<\/strong> \u00e9s un rosat refinat, amb un perfil arom\u00e0tic i gustatiu que reflecteix l&#8217;ess\u00e8ncia de la regi\u00f3 de Proven\u00e7a, oferint una experi\u00e8ncia elegant i memorable en cada glop.<\/p>\n","protected":false},"excerpt":{"rendered":"<p>El <strong data-start=\"3\" data-end=\"25\">Ch\u00e2teau Minuty 281<\/strong> \u00e9s un vi rosat d&#8217;alta gama de la regi\u00f3 de <strong data-start=\"68\" data-end=\"80\">Proven\u00e7a<\/strong>, elaborat amb <strong data-start=\"95\" data-end=\"107\">Grenache<\/strong>, <strong data-start=\"109\" data-end=\"118\">Syrah<\/strong> i <strong data-start=\"121\" data-end=\"133\">Cinsault<\/strong>, que destaca per la seva frescor, delicadesa i eleg\u00e0ncia. Presenta un color rosat p\u00e0l\u00b7lid i brillant, amb aromes florals subtils, c\u00edtrics i tocs de fruita de pinyol, mentre que en boca \u00e9s fresc, viu i equilibrat, amb una acidesa vibrant i un final elegant. \u00c9s ideal per maridar amb <strong data-start=\"416\" data-end=\"469\">marisc, peix a la graella, amanides mediterr\u00e0nies<\/strong> i <strong data-start=\"472\" data-end=\"491\">formatges suaus<\/strong>, i tamb\u00e9 \u00e9s perfecte com a aperitiu. Un rosat refinat que reflecteix l\u2019ess\u00e8ncia de Proven\u00e7a.<\/p>\n","protected":false},"featured_media":121154,"comment_status":"closed","ping_status":"closed","template":"","meta":{"_acf_changed":false},"pwb-brand":[],"product_brand":[],"product_cat":[51674,51670,51682],"product_tag":[52500],"class_list":{"0":"post-121161","1":"product","2":"type-product","3":"status-publish","4":"has-post-thumbnail","6":"product_cat-botiga","7":"product_cat-vi","8":"product_cat-vi-rosat","9":"product_tag-chateau-minuty-281-2","10":"pa_anada-45483","11":"pa_do-cotesdeprovenceaocfrancia-ca","12":"pa_formatoenml-38306","13":"pa_graduacion-12_5","14":"pa_pais-franca","15":"entry","16":"has-media","18":"first","19":"instock","20":"taxable","21":"shipping-taxable","22":"purchasable","23":"product-type-simple"},"acf":[],"yoast_head":"<!-- This site is optimized with the Yoast SEO Premium plugin v23.1 (Yoast SEO v23.5) - https:\/\/yoast.com\/wordpress\/plugins\/seo\/ -->\n<title>Chateau Minuty 281<\/title>\n<meta name=\"description\" content=\"Comprar al millor preu el vi rosat Chateau Minuty 281 a M\u00f3n La Cata. Botiga online especialitzada en vins, destil\u00b7lats i alimentaci\u00f3.\" \/>\n<meta name=\"robots\" content=\"noindex, follow, max-snippet:-1, max-image-preview:large, max-video-preview:-1\" \/>\n<meta property=\"og:locale\" content=\"ca_ES\" \/>\n<meta property=\"og:type\" content=\"article\" \/>\n<meta property=\"og:title\" content=\"Chateau Minuty 281\" \/>\n<meta property=\"og:description\" content=\"Comprar al millor preu el vi rosat Chateau Minuty 281 a M\u00f3n La Cata. Botiga online especialitzada en vins, destil\u00b7lats i alimentaci\u00f3.\" \/>\n<meta property=\"og:url\" content=\"https:\/\/aral2.cetrexmarketing.com\/ca\/producto\/chateau-minuty-281\/\" \/>\n<meta property=\"og:site_name\" content=\"M\u00f3n La Cata\" \/>\n<meta property=\"article:modified_time\" content=\"2025-05-27T08:14:24+00:00\" \/>\n<meta property=\"og:image\" content=\"https:\/\/aral2.cetrexmarketing.com\/wp-content\/uploads\/2025\/05\/chateau-minuty-281.png\" \/>\n\t<meta property=\"og:image:width\" content=\"765\" \/>\n\t<meta property=\"og:image:height\" content=\"1024\" \/>\n\t<meta property=\"og:image:type\" content=\"image\/png\" \/>\n<meta name=\"twitter:card\" content=\"summary_large_image\" \/>\n<meta name=\"twitter:label1\" content=\"Temps estimat de lectura\" \/>\n\t<meta name=\"twitter:data1\" content=\"2 minuts\" \/>\n<script type=\"application\/ld+json\" class=\"yoast-schema-graph\">{\"@context\":\"https:\/\/schema.org\",\"@graph\":[{\"@type\":\"WebPage\",\"@id\":\"https:\/\/aral2.cetrexmarketing.com\/ca\/producto\/chateau-minuty-281\/\",\"url\":\"https:\/\/aral2.cetrexmarketing.com\/ca\/producto\/chateau-minuty-281\/\",\"name\":\"Chateau Minuty 281\",\"isPartOf\":{\"@id\":\"https:\/\/aral2.cetrexmarketing.com\/#website\"},\"primaryImageOfPage\":{\"@id\":\"https:\/\/aral2.cetrexmarketing.com\/ca\/producto\/chateau-minuty-281\/#primaryimage\"},\"image\":{\"@id\":\"https:\/\/aral2.cetrexmarketing.com\/ca\/producto\/chateau-minuty-281\/#primaryimage\"},\"thumbnailUrl\":\"https:\/\/aral2.cetrexmarketing.com\/wp-content\/uploads\/2025\/05\/chateau-minuty-281.png\",\"datePublished\":\"2025-05-27T04:59:08+00:00\",\"dateModified\":\"2025-05-27T08:14:24+00:00\",\"description\":\"Comprar al millor preu el vi rosat Chateau Minuty 281 a M\u00f3n La Cata. Botiga online especialitzada en vins, destil\u00b7lats i alimentaci\u00f3.\",\"breadcrumb\":{\"@id\":\"https:\/\/aral2.cetrexmarketing.com\/ca\/producto\/chateau-minuty-281\/#breadcrumb\"},\"inLanguage\":\"ca\",\"potentialAction\":[{\"@type\":\"ReadAction\",\"target\":[\"https:\/\/aral2.cetrexmarketing.com\/ca\/producto\/chateau-minuty-281\/\"]}]},{\"@type\":\"ImageObject\",\"inLanguage\":\"ca\",\"@id\":\"https:\/\/aral2.cetrexmarketing.com\/ca\/producto\/chateau-minuty-281\/#primaryimage\",\"url\":\"https:\/\/aral2.cetrexmarketing.com\/wp-content\/uploads\/2025\/05\/chateau-minuty-281.png\",\"contentUrl\":\"https:\/\/aral2.cetrexmarketing.com\/wp-content\/uploads\/2025\/05\/chateau-minuty-281.png\",\"width\":765,\"height\":1024},{\"@type\":\"BreadcrumbList\",\"@id\":\"https:\/\/aral2.cetrexmarketing.com\/ca\/producto\/chateau-minuty-281\/#breadcrumb\",\"itemListElement\":[{\"@type\":\"ListItem\",\"position\":1,\"name\":\"Home\",\"item\":\"https:\/\/aral2.cetrexmarketing.com\/ca\/\"},{\"@type\":\"ListItem\",\"position\":2,\"name\":\"Tienda\",\"item\":\"https:\/\/aral2.cetrexmarketing.com\/ca\/tienda-2\/\"},{\"@type\":\"ListItem\",\"position\":3,\"name\":\"Tienda\",\"item\":\"https:\/\/aral2.cetrexmarketing.com\/categoria-producto\/inicio\/\"},{\"@type\":\"ListItem\",\"position\":4,\"name\":\"Chateau Minuty 281\"}]},{\"@type\":\"WebSite\",\"@id\":\"https:\/\/aral2.cetrexmarketing.com\/#website\",\"url\":\"https:\/\/aral2.cetrexmarketing.com\/\",\"name\":\"M\u00f3n La Cata\",\"description\":\"Tienda de vinos, licores, cervezas y gourmet\",\"publisher\":{\"@id\":\"https:\/\/aral2.cetrexmarketing.com\/#organization\"},\"potentialAction\":[{\"@type\":\"SearchAction\",\"target\":{\"@type\":\"EntryPoint\",\"urlTemplate\":\"https:\/\/aral2.cetrexmarketing.com\/?s={search_term_string}\"},\"query-input\":{\"@type\":\"PropertyValueSpecification\",\"valueRequired\":true,\"valueName\":\"search_term_string\"}}],\"inLanguage\":\"ca\"},{\"@type\":\"Organization\",\"@id\":\"https:\/\/aral2.cetrexmarketing.com\/#organization\",\"name\":\"M\u00f3n La Cata\",\"url\":\"https:\/\/aral2.cetrexmarketing.com\/\",\"logo\":{\"@type\":\"ImageObject\",\"inLanguage\":\"ca\",\"@id\":\"https:\/\/aral2.cetrexmarketing.com\/#\/schema\/logo\/image\/\",\"url\":\"https:\/\/aral2.cetrexmarketing.com\/wp-content\/uploads\/2024\/10\/aral-logo-neg-1024x409-1.png\",\"contentUrl\":\"https:\/\/aral2.cetrexmarketing.com\/wp-content\/uploads\/2024\/10\/aral-logo-neg-1024x409-1.png\",\"width\":1024,\"height\":409,\"caption\":\"M\u00f3n La Cata\"},\"image\":{\"@id\":\"https:\/\/aral2.cetrexmarketing.com\/#\/schema\/logo\/image\/\"}}]}<\/script>\n<!-- \/ Yoast SEO Premium plugin. -->","yoast_head_json":{"title":"Chateau Minuty 281","description":"Comprar al millor preu el vi rosat Chateau Minuty 281 a M\u00f3n La Cata. Botiga online especialitzada en vins, destil\u00b7lats i alimentaci\u00f3.","robots":{"index":"noindex","follow":"follow","max-snippet":"max-snippet:-1","max-image-preview":"max-image-preview:large","max-video-preview":"max-video-preview:-1"},"og_locale":"ca_ES","og_type":"article","og_title":"Chateau Minuty 281","og_description":"Comprar al millor preu el vi rosat Chateau Minuty 281 a M\u00f3n La Cata. Botiga online especialitzada en vins, destil\u00b7lats i alimentaci\u00f3.","og_url":"https:\/\/aral2.cetrexmarketing.com\/ca\/producto\/chateau-minuty-281\/","og_site_name":"M\u00f3n La Cata","article_modified_time":"2025-05-27T08:14:24+00:00","og_image":[{"width":765,"height":1024,"url":"https:\/\/aral2.cetrexmarketing.com\/wp-content\/uploads\/2025\/05\/chateau-minuty-281.png","type":"image\/png"}],"twitter_card":"summary_large_image","twitter_misc":{"Temps estimat de lectura":"2 minuts"},"schema":{"@context":"https:\/\/schema.org","@graph":[{"@type":"WebPage","@id":"https:\/\/aral2.cetrexmarketing.com\/ca\/producto\/chateau-minuty-281\/","url":"https:\/\/aral2.cetrexmarketing.com\/ca\/producto\/chateau-minuty-281\/","name":"Chateau Minuty 281","isPartOf":{"@id":"https:\/\/aral2.cetrexmarketing.com\/#website"},"primaryImageOfPage":{"@id":"https:\/\/aral2.cetrexmarketing.com\/ca\/producto\/chateau-minuty-281\/#primaryimage"},"image":{"@id":"https:\/\/aral2.cetrexmarketing.com\/ca\/producto\/chateau-minuty-281\/#primaryimage"},"thumbnailUrl":"https:\/\/aral2.cetrexmarketing.com\/wp-content\/uploads\/2025\/05\/chateau-minuty-281.png","datePublished":"2025-05-27T04:59:08+00:00","dateModified":"2025-05-27T08:14:24+00:00","description":"Comprar al millor preu el vi rosat Chateau Minuty 281 a M\u00f3n La Cata. Botiga online especialitzada en vins, destil\u00b7lats i alimentaci\u00f3.","breadcrumb":{"@id":"https:\/\/aral2.cetrexmarketing.com\/ca\/producto\/chateau-minuty-281\/#breadcrumb"},"inLanguage":"ca","potentialAction":[{"@type":"ReadAction","target":["https:\/\/aral2.cetrexmarketing.com\/ca\/producto\/chateau-minuty-281\/"]}]},{"@type":"ImageObject","inLanguage":"ca","@id":"https:\/\/aral2.cetrexmarketing.com\/ca\/producto\/chateau-minuty-281\/#primaryimage","url":"https:\/\/aral2.cetrexmarketing.com\/wp-content\/uploads\/2025\/05\/chateau-minuty-281.png","contentUrl":"https:\/\/aral2.cetrexmarketing.com\/wp-content\/uploads\/2025\/05\/chateau-minuty-281.png","width":765,"height":1024},{"@type":"BreadcrumbList","@id":"https:\/\/aral2.cetrexmarketing.com\/ca\/producto\/chateau-minuty-281\/#breadcrumb","itemListElement":[{"@type":"ListItem","position":1,"name":"Home","item":"https:\/\/aral2.cetrexmarketing.com\/ca\/"},{"@type":"ListItem","position":2,"name":"Tienda","item":"https:\/\/aral2.cetrexmarketing.com\/ca\/tienda-2\/"},{"@type":"ListItem","position":3,"name":"Tienda","item":"https:\/\/aral2.cetrexmarketing.com\/categoria-producto\/inicio\/"},{"@type":"ListItem","position":4,"name":"Chateau Minuty 281"}]},{"@type":"WebSite","@id":"https:\/\/aral2.cetrexmarketing.com\/#website","url":"https:\/\/aral2.cetrexmarketing.com\/","name":"M\u00f3n La Cata","description":"Tienda de vinos, licores, cervezas y gourmet","publisher":{"@id":"https:\/\/aral2.cetrexmarketing.com\/#organization"},"potentialAction":[{"@type":"SearchAction","target":{"@type":"EntryPoint","urlTemplate":"https:\/\/aral2.cetrexmarketing.com\/?s={search_term_string}"},"query-input":{"@type":"PropertyValueSpecification","valueRequired":true,"valueName":"search_term_string"}}],"inLanguage":"ca"},{"@type":"Organization","@id":"https:\/\/aral2.cetrexmarketing.com\/#organization","name":"M\u00f3n La Cata","url":"https:\/\/aral2.cetrexmarketing.com\/","logo":{"@type":"ImageObject","inLanguage":"ca","@id":"https:\/\/aral2.cetrexmarketing.com\/#\/schema\/logo\/image\/","url":"https:\/\/aral2.cetrexmarketing.com\/wp-content\/uploads\/2024\/10\/aral-logo-neg-1024x409-1.png","contentUrl":"https:\/\/aral2.cetrexmarketing.com\/wp-content\/uploads\/2024\/10\/aral-logo-neg-1024x409-1.png","width":1024,"height":409,"caption":"M\u00f3n La Cata"},"image":{"@id":"https:\/\/aral2.cetrexmarketing.com\/#\/schema\/logo\/image\/"}}]}},"brands":[],"_links":{"self":[{"href":"https:\/\/aral2.cetrexmarketing.com\/ca\/wp-json\/wp\/v2\/product\/121161","targetHints":{"allow":["GET"]}}],"collection":[{"href":"https:\/\/aral2.cetrexmarketing.com\/ca\/wp-json\/wp\/v2\/product"}],"about":[{"href":"https:\/\/aral2.cetrexmarketing.com\/ca\/wp-json\/wp\/v2\/types\/product"}],"replies":[{"embeddable":true,"href":"https:\/\/aral2.cetrexmarketing.com\/ca\/wp-json\/wp\/v2\/comments?post=121161"}],"wp:featuredmedia":[{"embeddable":true,"href":"https:\/\/aral2.cetrexmarketing.com\/ca\/wp-json\/wp\/v2\/media\/121154"}],"wp:attachment":[{"href":"https:\/\/aral2.cetrexmarketing.com\/ca\/wp-json\/wp\/v2\/media?parent=121161"}],"wp:term":[{"taxonomy":"pwb-brand","embeddable":true,"href":"https:\/\/aral2.cetrexmarketing.com\/ca\/wp-json\/wp\/v2\/pwb-brand?post=121161"},{"taxonomy":"product_brand","embeddable":true,"href":"https:\/\/aral2.cetrexmarketing.com\/ca\/wp-json\/wp\/v2\/product_brand?post=121161"},{"taxonomy":"product_cat","embeddable":true,"href":"https:\/\/aral2.cetrexmarketing.com\/ca\/wp-json\/wp\/v2\/product_cat?post=121161"},{"taxonomy":"product_tag","embeddable":true,"href":"https:\/\/aral2.cetrexmarketing.com\/ca\/wp-json\/wp\/v2\/product_tag?post=121161"}],"curies":[{"name":"wp","href":"https:\/\/api.w.org\/{rel}","templated":true}]}}