{"id":121149,"date":"2025-05-27T04:58:57","date_gmt":"2025-05-27T04:58:57","guid":{"rendered":"https:\/\/aral2.cetrexmarketing.com\/producto\/chateau-desclans-rock-angel\/"},"modified":"2025-05-27T08:14:12","modified_gmt":"2025-05-27T08:14:12","slug":"chateau-desclans-rock-angel","status":"publish","type":"product","link":"https:\/\/aral2.cetrexmarketing.com\/ca\/producto\/chateau-desclans-rock-angel\/","title":{"rendered":"Chateau D&#8217;Esclans Rock Angel"},"content":{"rendered":"<p data-start=\"0\" data-end=\"338\">El <strong data-start=\"3\" data-end=\"35\">Ch\u00e2teau d&#8217;Esclans Rock Angel<\/strong> \u00e9s un vi rosat d&#8217;alta gamma, que forma part de la prestigiosa bodega <strong data-start=\"105\" data-end=\"126\">Ch\u00e2teau d&#8217;Esclans<\/strong>, situada a la regi\u00f3 de <strong data-start=\"150\" data-end=\"162\">Proven\u00e7a<\/strong>, Fran\u00e7a. Aquest vi es distingeix per la seva eleg\u00e0ncia, complexitat i estil \u00fanic, combinant la frescor caracter\u00edstica dels rosats proven\u00e7als amb una notable riquesa arom\u00e0tica.<\/p>\n<h3 data-start=\"340\" data-end=\"376\"><strong data-start=\"344\" data-end=\"376\">Caracter\u00edstiques principals:<\/strong><\/h3>\n<ul data-start=\"377\" data-end=\"1538\">\n<li data-start=\"377\" data-end=\"536\"><strong data-start=\"379\" data-end=\"401\">Varietats de ra\u00efm:<\/strong> Principalment <strong data-start=\"416\" data-end=\"428\">Grenache<\/strong>, amb un toc de <strong data-start=\"444\" data-end=\"456\">Cinsault<\/strong> i <strong data-start=\"459\" data-end=\"473\">Vermentino<\/strong>, que aporten complexitat, frescor i una estructura delicada.<\/li>\n<li data-start=\"789\" data-end=\"908\"><strong data-start=\"791\" data-end=\"801\">Color:<\/strong> De color <strong data-start=\"811\" data-end=\"828\">rosat p\u00e0l\u00b7lid<\/strong>, brillant, amb reflexos daurats que conviden a descobrir la seva complexitat.<\/li>\n<li data-start=\"909\" data-end=\"1237\"><strong data-start=\"911\" data-end=\"921\">Aroma:<\/strong> A la nas, el <strong data-start=\"935\" data-end=\"949\">Rock Angel<\/strong> desplega una impressionant combinaci\u00f3 de <strong data-start=\"991\" data-end=\"1012\">fruites vermelles<\/strong> com <strong data-start=\"1017\" data-end=\"1037\">maduixes i gerds<\/strong>, juntament amb elegants notes de <strong data-start=\"1071\" data-end=\"1082\">c\u00edtrics<\/strong> (pomelo) i un toc delicat de <strong data-start=\"1112\" data-end=\"1131\" data-is-only-node=\"\">flor d&#8217;ametller<\/strong>. La complexitat s&#8217;accentua amb lleugers matisos d&#8217;<strong data-start=\"1182\" data-end=\"1203\">herbes proven\u00e7als<\/strong> i un fons lleugerament mineral.<\/li>\n<li data-start=\"1238\" data-end=\"1538\"><strong data-start=\"1240\" data-end=\"1250\">Sabor:<\/strong> A boca \u00e9s <strong data-start=\"1261\" data-end=\"1297\">elegant, fresc i ben estructurat<\/strong>, amb una acidesa viva que ressalta els sabors fruiters i herb\u00e0cis. La textura \u00e9s cremosa, gr\u00e0cies al seu contacte amb les lies, cosa que li aporta una major complexitat. El final \u00e9s llarg, amb un retrogust refrescant i subtilment mineral.<\/li>\n<\/ul>\n<h3 data-start=\"1540\" data-end=\"1568\"><strong data-start=\"1544\" data-end=\"1568\">Maridatge recomanat:<\/strong><\/h3>\n<p data-start=\"1569\" data-end=\"1846\">El <strong data-start=\"1572\" data-end=\"1604\">Ch\u00e2teau d&#8217;Esclans Rock Angel<\/strong> \u00e9s perfecte per acompanyar <strong data-start=\"1632\" data-end=\"1642\">marisc<\/strong>, <strong data-start=\"1644\" data-end=\"1665\">peix a la graella<\/strong>, <strong data-start=\"1667\" data-end=\"1688\">amanides fresques<\/strong>, <strong data-start=\"1690\" data-end=\"1718\">pasta amb salsa lleugera<\/strong> o <strong data-start=\"1721\" data-end=\"1730\">sushi<\/strong>. Tamb\u00e9 \u00e9s ideal per gaudir com a aperitiu, especialment en climes c\u00e0lids, on la seva frescor i eleg\u00e0ncia brillen.<\/p>\n<p data-start=\"1848\" data-end=\"2051\" data-is-last-node=\"\" data-is-only-node=\"\">En resum, el <strong data-start=\"1861\" data-end=\"1893\">Ch\u00e2teau d&#8217;Esclans Rock Angel<\/strong> \u00e9s un rosat sofisticat i refinat que combina frescor, complexitat i eleg\u00e0ncia, convertint-lo en una opci\u00f3 excepcional per als amants dels rosats de qualitat.<\/p>\n","protected":false},"excerpt":{"rendered":"<p>El <strong data-start=\"3\" data-end=\"35\">Ch\u00e2teau d&#8217;Esclans Rock Angel<\/strong> \u00e9s un vi rosat d&#8217;alta gamma d&#8217;<strong data-start=\"66\" data-end=\"77\">Esclans<\/strong>, a la Proven\u00e7a, que es distingeix per la seva <strong data-start=\"124\" data-end=\"160\">eleg\u00e0ncia, frescor i complexitat<\/strong>. Elaborat principalment amb <strong data-start=\"189\" data-end=\"201\">Grenache<\/strong>, <strong data-start=\"203\" data-end=\"215\">Cinsault<\/strong> i <strong data-start=\"218\" data-end=\"232\">Vermentino<\/strong>, presenta un color rosat p\u00e0l\u00b7lid amb reflexos daurats i ofereix una combinaci\u00f3 d&#8217;aromes de <strong data-start=\"324\" data-end=\"345\">fruites vermelles<\/strong>, <strong data-start=\"347\" data-end=\"358\">c\u00edtrics<\/strong> i <strong data-start=\"361\" data-end=\"382\">herbes proven\u00e7als<\/strong>, amb un toc mineral subtil. A boca, \u00e9s <strong data-start=\"422\" data-end=\"460\">fresca, ben estructurada i cremosa<\/strong>, amb una acidesa vibrant i un final llarg. Ideal per acompanyar <strong data-start=\"525\" data-end=\"560\">marisc, peix, amanides fresques<\/strong> i <strong data-start=\"563\" data-end=\"572\">sushi<\/strong>, aix\u00ed com per gaudir com a aperitiu, \u00e9s una opci\u00f3 refinada i sofisticada per als amants dels rosats de qualitat.<\/p>\n","protected":false},"featured_media":121146,"comment_status":"closed","ping_status":"closed","template":"","meta":{"_acf_changed":false},"pwb-brand":[],"product_brand":[],"product_cat":[51674,51670,51682],"product_tag":[52413],"class_list":{"0":"post-121149","1":"product","2":"type-product","3":"status-publish","4":"has-post-thumbnail","6":"product_cat-botiga","7":"product_cat-vi","8":"product_cat-vi-rosat","9":"product_tag-chateau-desclans-rock-angel-2","10":"pa_anada-45483","11":"pa_do-cotesdeprovenceaocfrancia-ca","12":"pa_formatoenml-38306","13":"pa_graduacion-13_5","14":"pa_pais-franca","15":"entry","16":"has-media","18":"first","19":"instock","20":"taxable","21":"shipping-taxable","22":"purchasable","23":"product-type-simple"},"acf":[],"yoast_head":"<!-- This site is optimized with the Yoast SEO Premium plugin v23.1 (Yoast SEO v23.5) - https:\/\/yoast.com\/wordpress\/plugins\/seo\/ -->\n<title>Chateau D&#039;Esclans Rock Angel<\/title>\n<meta name=\"description\" content=\"Comprar al millor preu el vi rosat Chateau D&#039;Esclans Rock Angel a M\u00f3n La Cata. Botiga online especialitzada en vins, destil\u00b7lats i alimentaci\u00f3.\" \/>\n<meta name=\"robots\" content=\"noindex, follow, max-snippet:-1, max-image-preview:large, max-video-preview:-1\" \/>\n<meta property=\"og:locale\" content=\"ca_ES\" \/>\n<meta property=\"og:type\" content=\"article\" \/>\n<meta property=\"og:title\" content=\"Chateau D&#039;Esclans Rock Angel\" \/>\n<meta property=\"og:description\" content=\"Comprar al millor preu el vi rosat Chateau D&#039;Esclans Rock Angel a M\u00f3n La Cata. Botiga online especialitzada en vins, destil\u00b7lats i alimentaci\u00f3.\" \/>\n<meta property=\"og:url\" content=\"https:\/\/aral2.cetrexmarketing.com\/ca\/producto\/chateau-desclans-rock-angel\/\" \/>\n<meta property=\"og:site_name\" content=\"M\u00f3n La Cata\" \/>\n<meta property=\"article:modified_time\" content=\"2025-05-27T08:14:12+00:00\" \/>\n<meta property=\"og:image\" content=\"https:\/\/aral2.cetrexmarketing.com\/wp-content\/uploads\/2025\/05\/chateau-desclans-Rock-Angel.png\" \/>\n\t<meta property=\"og:image:width\" content=\"765\" \/>\n\t<meta property=\"og:image:height\" content=\"1024\" \/>\n\t<meta property=\"og:image:type\" content=\"image\/png\" \/>\n<meta name=\"twitter:card\" content=\"summary_large_image\" \/>\n<meta name=\"twitter:label1\" content=\"Temps estimat de lectura\" \/>\n\t<meta name=\"twitter:data1\" content=\"2 minuts\" \/>\n<script type=\"application\/ld+json\" class=\"yoast-schema-graph\">{\"@context\":\"https:\/\/schema.org\",\"@graph\":[{\"@type\":\"WebPage\",\"@id\":\"https:\/\/aral2.cetrexmarketing.com\/ca\/producto\/chateau-desclans-rock-angel\/\",\"url\":\"https:\/\/aral2.cetrexmarketing.com\/ca\/producto\/chateau-desclans-rock-angel\/\",\"name\":\"Chateau D'Esclans Rock Angel\",\"isPartOf\":{\"@id\":\"https:\/\/aral2.cetrexmarketing.com\/#website\"},\"primaryImageOfPage\":{\"@id\":\"https:\/\/aral2.cetrexmarketing.com\/ca\/producto\/chateau-desclans-rock-angel\/#primaryimage\"},\"image\":{\"@id\":\"https:\/\/aral2.cetrexmarketing.com\/ca\/producto\/chateau-desclans-rock-angel\/#primaryimage\"},\"thumbnailUrl\":\"https:\/\/aral2.cetrexmarketing.com\/wp-content\/uploads\/2025\/05\/chateau-desclans-Rock-Angel.png\",\"datePublished\":\"2025-05-27T04:58:57+00:00\",\"dateModified\":\"2025-05-27T08:14:12+00:00\",\"description\":\"Comprar al millor preu el vi rosat Chateau D'Esclans Rock Angel a M\u00f3n La Cata. Botiga online especialitzada en vins, destil\u00b7lats i alimentaci\u00f3.\",\"breadcrumb\":{\"@id\":\"https:\/\/aral2.cetrexmarketing.com\/ca\/producto\/chateau-desclans-rock-angel\/#breadcrumb\"},\"inLanguage\":\"ca\",\"potentialAction\":[{\"@type\":\"ReadAction\",\"target\":[\"https:\/\/aral2.cetrexmarketing.com\/ca\/producto\/chateau-desclans-rock-angel\/\"]}]},{\"@type\":\"ImageObject\",\"inLanguage\":\"ca\",\"@id\":\"https:\/\/aral2.cetrexmarketing.com\/ca\/producto\/chateau-desclans-rock-angel\/#primaryimage\",\"url\":\"https:\/\/aral2.cetrexmarketing.com\/wp-content\/uploads\/2025\/05\/chateau-desclans-Rock-Angel.png\",\"contentUrl\":\"https:\/\/aral2.cetrexmarketing.com\/wp-content\/uploads\/2025\/05\/chateau-desclans-Rock-Angel.png\",\"width\":765,\"height\":1024},{\"@type\":\"BreadcrumbList\",\"@id\":\"https:\/\/aral2.cetrexmarketing.com\/ca\/producto\/chateau-desclans-rock-angel\/#breadcrumb\",\"itemListElement\":[{\"@type\":\"ListItem\",\"position\":1,\"name\":\"Home\",\"item\":\"https:\/\/aral2.cetrexmarketing.com\/ca\/\"},{\"@type\":\"ListItem\",\"position\":2,\"name\":\"Tienda\",\"item\":\"https:\/\/aral2.cetrexmarketing.com\/ca\/tienda-2\/\"},{\"@type\":\"ListItem\",\"position\":3,\"name\":\"Tienda\",\"item\":\"https:\/\/aral2.cetrexmarketing.com\/categoria-producto\/inicio\/\"},{\"@type\":\"ListItem\",\"position\":4,\"name\":\"Chateau D&#8217;Esclans Rock Angel\"}]},{\"@type\":\"WebSite\",\"@id\":\"https:\/\/aral2.cetrexmarketing.com\/#website\",\"url\":\"https:\/\/aral2.cetrexmarketing.com\/\",\"name\":\"M\u00f3n La Cata\",\"description\":\"Tienda de vinos, licores, cervezas y gourmet\",\"publisher\":{\"@id\":\"https:\/\/aral2.cetrexmarketing.com\/#organization\"},\"potentialAction\":[{\"@type\":\"SearchAction\",\"target\":{\"@type\":\"EntryPoint\",\"urlTemplate\":\"https:\/\/aral2.cetrexmarketing.com\/?s={search_term_string}\"},\"query-input\":{\"@type\":\"PropertyValueSpecification\",\"valueRequired\":true,\"valueName\":\"search_term_string\"}}],\"inLanguage\":\"ca\"},{\"@type\":\"Organization\",\"@id\":\"https:\/\/aral2.cetrexmarketing.com\/#organization\",\"name\":\"M\u00f3n La Cata\",\"url\":\"https:\/\/aral2.cetrexmarketing.com\/\",\"logo\":{\"@type\":\"ImageObject\",\"inLanguage\":\"ca\",\"@id\":\"https:\/\/aral2.cetrexmarketing.com\/#\/schema\/logo\/image\/\",\"url\":\"https:\/\/aral2.cetrexmarketing.com\/wp-content\/uploads\/2024\/10\/aral-logo-neg-1024x409-1.png\",\"contentUrl\":\"https:\/\/aral2.cetrexmarketing.com\/wp-content\/uploads\/2024\/10\/aral-logo-neg-1024x409-1.png\",\"width\":1024,\"height\":409,\"caption\":\"M\u00f3n La Cata\"},\"image\":{\"@id\":\"https:\/\/aral2.cetrexmarketing.com\/#\/schema\/logo\/image\/\"}}]}<\/script>\n<!-- \/ Yoast SEO Premium plugin. -->","yoast_head_json":{"title":"Chateau D'Esclans Rock Angel","description":"Comprar al millor preu el vi rosat Chateau D'Esclans Rock Angel a M\u00f3n La Cata. Botiga online especialitzada en vins, destil\u00b7lats i alimentaci\u00f3.","robots":{"index":"noindex","follow":"follow","max-snippet":"max-snippet:-1","max-image-preview":"max-image-preview:large","max-video-preview":"max-video-preview:-1"},"og_locale":"ca_ES","og_type":"article","og_title":"Chateau D'Esclans Rock Angel","og_description":"Comprar al millor preu el vi rosat Chateau D'Esclans Rock Angel a M\u00f3n La Cata. Botiga online especialitzada en vins, destil\u00b7lats i alimentaci\u00f3.","og_url":"https:\/\/aral2.cetrexmarketing.com\/ca\/producto\/chateau-desclans-rock-angel\/","og_site_name":"M\u00f3n La Cata","article_modified_time":"2025-05-27T08:14:12+00:00","og_image":[{"width":765,"height":1024,"url":"https:\/\/aral2.cetrexmarketing.com\/wp-content\/uploads\/2025\/05\/chateau-desclans-Rock-Angel.png","type":"image\/png"}],"twitter_card":"summary_large_image","twitter_misc":{"Temps estimat de lectura":"2 minuts"},"schema":{"@context":"https:\/\/schema.org","@graph":[{"@type":"WebPage","@id":"https:\/\/aral2.cetrexmarketing.com\/ca\/producto\/chateau-desclans-rock-angel\/","url":"https:\/\/aral2.cetrexmarketing.com\/ca\/producto\/chateau-desclans-rock-angel\/","name":"Chateau D'Esclans Rock Angel","isPartOf":{"@id":"https:\/\/aral2.cetrexmarketing.com\/#website"},"primaryImageOfPage":{"@id":"https:\/\/aral2.cetrexmarketing.com\/ca\/producto\/chateau-desclans-rock-angel\/#primaryimage"},"image":{"@id":"https:\/\/aral2.cetrexmarketing.com\/ca\/producto\/chateau-desclans-rock-angel\/#primaryimage"},"thumbnailUrl":"https:\/\/aral2.cetrexmarketing.com\/wp-content\/uploads\/2025\/05\/chateau-desclans-Rock-Angel.png","datePublished":"2025-05-27T04:58:57+00:00","dateModified":"2025-05-27T08:14:12+00:00","description":"Comprar al millor preu el vi rosat Chateau D'Esclans Rock Angel a M\u00f3n La Cata. Botiga online especialitzada en vins, destil\u00b7lats i alimentaci\u00f3.","breadcrumb":{"@id":"https:\/\/aral2.cetrexmarketing.com\/ca\/producto\/chateau-desclans-rock-angel\/#breadcrumb"},"inLanguage":"ca","potentialAction":[{"@type":"ReadAction","target":["https:\/\/aral2.cetrexmarketing.com\/ca\/producto\/chateau-desclans-rock-angel\/"]}]},{"@type":"ImageObject","inLanguage":"ca","@id":"https:\/\/aral2.cetrexmarketing.com\/ca\/producto\/chateau-desclans-rock-angel\/#primaryimage","url":"https:\/\/aral2.cetrexmarketing.com\/wp-content\/uploads\/2025\/05\/chateau-desclans-Rock-Angel.png","contentUrl":"https:\/\/aral2.cetrexmarketing.com\/wp-content\/uploads\/2025\/05\/chateau-desclans-Rock-Angel.png","width":765,"height":1024},{"@type":"BreadcrumbList","@id":"https:\/\/aral2.cetrexmarketing.com\/ca\/producto\/chateau-desclans-rock-angel\/#breadcrumb","itemListElement":[{"@type":"ListItem","position":1,"name":"Home","item":"https:\/\/aral2.cetrexmarketing.com\/ca\/"},{"@type":"ListItem","position":2,"name":"Tienda","item":"https:\/\/aral2.cetrexmarketing.com\/ca\/tienda-2\/"},{"@type":"ListItem","position":3,"name":"Tienda","item":"https:\/\/aral2.cetrexmarketing.com\/categoria-producto\/inicio\/"},{"@type":"ListItem","position":4,"name":"Chateau D&#8217;Esclans Rock Angel"}]},{"@type":"WebSite","@id":"https:\/\/aral2.cetrexmarketing.com\/#website","url":"https:\/\/aral2.cetrexmarketing.com\/","name":"M\u00f3n La Cata","description":"Tienda de vinos, licores, cervezas y gourmet","publisher":{"@id":"https:\/\/aral2.cetrexmarketing.com\/#organization"},"potentialAction":[{"@type":"SearchAction","target":{"@type":"EntryPoint","urlTemplate":"https:\/\/aral2.cetrexmarketing.com\/?s={search_term_string}"},"query-input":{"@type":"PropertyValueSpecification","valueRequired":true,"valueName":"search_term_string"}}],"inLanguage":"ca"},{"@type":"Organization","@id":"https:\/\/aral2.cetrexmarketing.com\/#organization","name":"M\u00f3n La Cata","url":"https:\/\/aral2.cetrexmarketing.com\/","logo":{"@type":"ImageObject","inLanguage":"ca","@id":"https:\/\/aral2.cetrexmarketing.com\/#\/schema\/logo\/image\/","url":"https:\/\/aral2.cetrexmarketing.com\/wp-content\/uploads\/2024\/10\/aral-logo-neg-1024x409-1.png","contentUrl":"https:\/\/aral2.cetrexmarketing.com\/wp-content\/uploads\/2024\/10\/aral-logo-neg-1024x409-1.png","width":1024,"height":409,"caption":"M\u00f3n La Cata"},"image":{"@id":"https:\/\/aral2.cetrexmarketing.com\/#\/schema\/logo\/image\/"}}]}},"brands":[],"_links":{"self":[{"href":"https:\/\/aral2.cetrexmarketing.com\/ca\/wp-json\/wp\/v2\/product\/121149","targetHints":{"allow":["GET"]}}],"collection":[{"href":"https:\/\/aral2.cetrexmarketing.com\/ca\/wp-json\/wp\/v2\/product"}],"about":[{"href":"https:\/\/aral2.cetrexmarketing.com\/ca\/wp-json\/wp\/v2\/types\/product"}],"replies":[{"embeddable":true,"href":"https:\/\/aral2.cetrexmarketing.com\/ca\/wp-json\/wp\/v2\/comments?post=121149"}],"wp:featuredmedia":[{"embeddable":true,"href":"https:\/\/aral2.cetrexmarketing.com\/ca\/wp-json\/wp\/v2\/media\/121146"}],"wp:attachment":[{"href":"https:\/\/aral2.cetrexmarketing.com\/ca\/wp-json\/wp\/v2\/media?parent=121149"}],"wp:term":[{"taxonomy":"pwb-brand","embeddable":true,"href":"https:\/\/aral2.cetrexmarketing.com\/ca\/wp-json\/wp\/v2\/pwb-brand?post=121149"},{"taxonomy":"product_brand","embeddable":true,"href":"https:\/\/aral2.cetrexmarketing.com\/ca\/wp-json\/wp\/v2\/product_brand?post=121149"},{"taxonomy":"product_cat","embeddable":true,"href":"https:\/\/aral2.cetrexmarketing.com\/ca\/wp-json\/wp\/v2\/product_cat?post=121149"},{"taxonomy":"product_tag","embeddable":true,"href":"https:\/\/aral2.cetrexmarketing.com\/ca\/wp-json\/wp\/v2\/product_tag?post=121149"}],"curies":[{"name":"wp","href":"https:\/\/api.w.org\/{rel}","templated":true}]}}