{"id":121137,"date":"2025-05-27T04:58:38","date_gmt":"2025-05-27T04:58:38","guid":{"rendered":"https:\/\/aral2.cetrexmarketing.com\/producto\/m-de-minuty\/"},"modified":"2025-05-27T08:14:02","modified_gmt":"2025-05-27T08:14:02","slug":"m-de-minuty","status":"publish","type":"product","link":"https:\/\/aral2.cetrexmarketing.com\/ca\/producto\/m-de-minuty\/","title":{"rendered":"M de Minuty"},"content":{"rendered":"<p data-start=\"0\" data-end=\"354\">El <strong data-start=\"3\" data-end=\"18\">M de Minuty<\/strong> \u00e9s un <strong data-start=\"25\" data-end=\"37\">vi rosat<\/strong> de la bodega <strong data-start=\"51\" data-end=\"69\">Ch\u00e2teau Minuty<\/strong>, situada a la regi\u00f3 de <strong data-start=\"93\" data-end=\"105\">Proven\u00e7a<\/strong>, Fran\u00e7a, una de les zones m\u00e9s prestigioses per a la producci\u00f3 de rosats al m\u00f3n. Aquest vi \u00e9s un clar reflex de l&#8217;estil fresc i elegant que caracteritza la bodega, i s&#8217;ha convertit en una opci\u00f3 molt apreciada pels amants dels rosats d&#8217;alta qualitat.<\/p>\n<h3 data-start=\"356\" data-end=\"392\"><strong data-start=\"360\" data-end=\"392\">Caracter\u00edstiques principals:<\/strong><\/h3>\n<ul data-start=\"393\" data-end=\"1244\">\n<li data-start=\"393\" data-end=\"598\"><strong data-start=\"395\" data-end=\"417\">Varietats de ra\u00efm:<\/strong> El <strong data-start=\"421\" data-end=\"436\">M de Minuty<\/strong> est\u00e0 elaborat principalment amb <strong data-start=\"469\" data-end=\"481\">Grenache<\/strong> i <strong data-start=\"484\" data-end=\"496\">Cinsault<\/strong>, dues varietats cl\u00e0ssiques de la regi\u00f3, que li aporten frescor, suavitat i una estructura delicada.<\/li>\n<li data-start=\"599\" data-end=\"707\"><strong data-start=\"601\" data-end=\"611\">Color:<\/strong> T\u00e9 un color <strong data-start=\"624\" data-end=\"641\">rosat p\u00e0l\u00b7lid<\/strong> brillant, amb reflexos daurats que destaquen la seva eleg\u00e0ncia.<\/li>\n<li data-start=\"708\" data-end=\"918\"><strong data-start=\"710\" data-end=\"720\">Aroma:<\/strong> A la nas, es caracteritza per la seva <strong data-start=\"759\" data-end=\"770\">frescor<\/strong>, amb notes de <strong data-start=\"785\" data-end=\"805\">fruites blanques<\/strong> com <strong data-start=\"810\" data-end=\"824\">poma verda<\/strong>, <strong data-start=\"826\" data-end=\"834\">pera<\/strong> i <strong data-start=\"837\" data-end=\"848\" data-is-only-node=\"\">maduixa<\/strong>, juntament amb tocs c\u00edtrics de <strong data-start=\"880\" data-end=\"891\">llimona<\/strong> i un fons floral subtil.<\/li>\n<li data-start=\"919\" data-end=\"1244\"><strong data-start=\"921\" data-end=\"931\">Sabor:<\/strong> A boca \u00e9s <strong data-start=\"942\" data-end=\"963\">suau i equilibrat<\/strong>, amb una acidesa fresca i una textura cremosa. Els sabors de <strong data-start=\"1025\" data-end=\"1045\">fruites fresques<\/strong> i <strong data-start=\"1048\" data-end=\"1059\">c\u00edtrics<\/strong> es combinen amb una lleugera mineralitat, oferint una sensaci\u00f3 refrescant i delicada. El final \u00e9s <strong data-start=\"1158\" data-end=\"1175\">elegant i net<\/strong>, cosa que fa d&#8217;aquest vi una experi\u00e8ncia agradable i f\u00e0cil de beure.<\/li>\n<\/ul>\n<h3 data-start=\"1246\" data-end=\"1274\"><strong data-start=\"1250\" data-end=\"1274\">Maridatge recomanat:<\/strong><\/h3>\n<p data-start=\"1275\" data-end=\"1513\">El <strong data-start=\"1278\" data-end=\"1293\">M de Minuty<\/strong> \u00e9s un rosat ideal per acompanyar <strong data-start=\"1327\" data-end=\"1337\">marisc<\/strong>, <strong data-start=\"1339\" data-end=\"1360\">peix a la graella<\/strong>, <strong data-start=\"1362\" data-end=\"1383\">amanides fresques<\/strong>, <strong data-start=\"1385\" data-end=\"1413\">pasta amb salsa lleugera<\/strong>, <strong data-start=\"1415\" data-end=\"1424\">sushi<\/strong> i <strong data-start=\"1427\" data-end=\"1446\">formatges suaus<\/strong>. Tamb\u00e9 \u00e9s perfecte com a aperitiu, especialment en dies calorosos.<\/p>\n<p data-start=\"1515\" data-end=\"1726\" data-is-last-node=\"\" data-is-only-node=\"\">En resum, el <strong data-start=\"1528\" data-end=\"1543\">M de Minuty<\/strong> \u00e9s un rosat fresc, elegant i vers\u00e0til, que reflecteix l&#8217;ess\u00e8ncia de la Proven\u00e7a i \u00e9s una opci\u00f3 excel\u00b7lent per a qui busca un vi f\u00e0cil de gaudir per\u00f2 amb gran qualitat i sofisticaci\u00f3.<\/p>\n","protected":false},"excerpt":{"rendered":"<p>El <strong data-start=\"3\" data-end=\"18\">M de Minuty<\/strong> \u00e9s un vi rosat fresc, elegant i vers\u00e0til elaborat a la regi\u00f3 de la Proven\u00e7a, Fran\u00e7a, amb <strong data-start=\"108\" data-end=\"120\">Grenache<\/strong> i <strong data-start=\"123\" data-end=\"135\">Cinsault<\/strong>. Presenta un color <strong data-start=\"155\" data-end=\"172\">rosat p\u00e0l\u00b7lid<\/strong> brillant i ofereix aromes de <strong data-start=\"202\" data-end=\"222\">fruites blanques<\/strong>, <strong data-start=\"224\" data-end=\"235\">c\u00edtrics<\/strong> i tocs florals. A boca \u00e9s <strong data-start=\"262\" data-end=\"282\">suau, equilibrat<\/strong> i amb una <strong data-start=\"293\" data-end=\"311\">acidesa fresca<\/strong>, amb una textura cremosa i un final <strong data-start=\"348\" data-end=\"365\">net i elegant<\/strong>. Ideal per acompanyar <strong data-start=\"388\" data-end=\"398\">marisc<\/strong>, <strong data-start=\"400\" data-end=\"421\">peix a la graella<\/strong>, <strong data-start=\"423\" data-end=\"444\">amanides fresques<\/strong>, <strong data-start=\"446\" data-end=\"455\">sushi<\/strong> i com a <strong data-start=\"464\" data-end=\"476\">aperitiu<\/strong>, \u00e9s una opci\u00f3 excel\u00b7lent per als qui busquen un rosat de qualitat i f\u00e0cil de gaudir.<\/p>\n","protected":false},"featured_media":121134,"comment_status":"closed","ping_status":"closed","template":"","meta":{"_acf_changed":false},"pwb-brand":[],"product_brand":[],"product_cat":[51674,51670,51682],"product_tag":[52496],"class_list":{"0":"post-121137","1":"product","2":"type-product","3":"status-publish","4":"has-post-thumbnail","6":"product_cat-botiga","7":"product_cat-vi","8":"product_cat-vi-rosat","9":"product_tag-m-de-minuty-2","10":"pa_anada-45483","11":"pa_do-cotesdeprovenceaocfrancia-ca","12":"pa_formatoenml-38306","13":"pa_graduacion-13_0","14":"pa_pais-franca","15":"entry","16":"has-media","18":"first","19":"instock","20":"taxable","21":"shipping-taxable","22":"purchasable","23":"product-type-simple"},"acf":[],"yoast_head":"<!-- This site is optimized with the Yoast SEO Premium plugin v23.1 (Yoast SEO v23.5) - https:\/\/yoast.com\/wordpress\/plugins\/seo\/ -->\n<title>M de Minuty<\/title>\n<meta name=\"description\" content=\"Comprar al millor preu el vi rosat M de Minuty a M\u00f3n La Cata. Botiga online especialitzada en vins, destil\u00b7lats, cerveses i alimentaci\u00f3.\" \/>\n<meta name=\"robots\" content=\"noindex, follow, max-snippet:-1, max-image-preview:large, max-video-preview:-1\" \/>\n<meta property=\"og:locale\" content=\"ca_ES\" \/>\n<meta property=\"og:type\" content=\"article\" \/>\n<meta property=\"og:title\" content=\"M de Minuty\" \/>\n<meta property=\"og:description\" content=\"Comprar al millor preu el vi rosat M de Minuty a M\u00f3n La Cata. Botiga online especialitzada en vins, destil\u00b7lats, cerveses i alimentaci\u00f3.\" \/>\n<meta property=\"og:url\" content=\"https:\/\/aral2.cetrexmarketing.com\/ca\/producto\/m-de-minuty\/\" \/>\n<meta property=\"og:site_name\" content=\"M\u00f3n La Cata\" \/>\n<meta property=\"article:modified_time\" content=\"2025-05-27T08:14:02+00:00\" \/>\n<meta property=\"og:image\" content=\"https:\/\/aral2.cetrexmarketing.com\/wp-content\/uploads\/2025\/05\/M-DE-MINUTY.png\" \/>\n\t<meta property=\"og:image:width\" content=\"765\" \/>\n\t<meta property=\"og:image:height\" content=\"1024\" \/>\n\t<meta property=\"og:image:type\" content=\"image\/png\" \/>\n<meta name=\"twitter:card\" content=\"summary_large_image\" \/>\n<meta name=\"twitter:label1\" content=\"Temps estimat de lectura\" \/>\n\t<meta name=\"twitter:data1\" content=\"2 minuts\" \/>\n<script type=\"application\/ld+json\" class=\"yoast-schema-graph\">{\"@context\":\"https:\/\/schema.org\",\"@graph\":[{\"@type\":\"WebPage\",\"@id\":\"https:\/\/aral2.cetrexmarketing.com\/ca\/producto\/m-de-minuty\/\",\"url\":\"https:\/\/aral2.cetrexmarketing.com\/ca\/producto\/m-de-minuty\/\",\"name\":\"M de Minuty\",\"isPartOf\":{\"@id\":\"https:\/\/aral2.cetrexmarketing.com\/#website\"},\"primaryImageOfPage\":{\"@id\":\"https:\/\/aral2.cetrexmarketing.com\/ca\/producto\/m-de-minuty\/#primaryimage\"},\"image\":{\"@id\":\"https:\/\/aral2.cetrexmarketing.com\/ca\/producto\/m-de-minuty\/#primaryimage\"},\"thumbnailUrl\":\"https:\/\/aral2.cetrexmarketing.com\/wp-content\/uploads\/2025\/05\/M-DE-MINUTY.png\",\"datePublished\":\"2025-05-27T04:58:38+00:00\",\"dateModified\":\"2025-05-27T08:14:02+00:00\",\"description\":\"Comprar al millor preu el vi rosat M de Minuty a M\u00f3n La Cata. Botiga online especialitzada en vins, destil\u00b7lats, cerveses i alimentaci\u00f3.\",\"breadcrumb\":{\"@id\":\"https:\/\/aral2.cetrexmarketing.com\/ca\/producto\/m-de-minuty\/#breadcrumb\"},\"inLanguage\":\"ca\",\"potentialAction\":[{\"@type\":\"ReadAction\",\"target\":[\"https:\/\/aral2.cetrexmarketing.com\/ca\/producto\/m-de-minuty\/\"]}]},{\"@type\":\"ImageObject\",\"inLanguage\":\"ca\",\"@id\":\"https:\/\/aral2.cetrexmarketing.com\/ca\/producto\/m-de-minuty\/#primaryimage\",\"url\":\"https:\/\/aral2.cetrexmarketing.com\/wp-content\/uploads\/2025\/05\/M-DE-MINUTY.png\",\"contentUrl\":\"https:\/\/aral2.cetrexmarketing.com\/wp-content\/uploads\/2025\/05\/M-DE-MINUTY.png\",\"width\":765,\"height\":1024},{\"@type\":\"BreadcrumbList\",\"@id\":\"https:\/\/aral2.cetrexmarketing.com\/ca\/producto\/m-de-minuty\/#breadcrumb\",\"itemListElement\":[{\"@type\":\"ListItem\",\"position\":1,\"name\":\"Home\",\"item\":\"https:\/\/aral2.cetrexmarketing.com\/ca\/\"},{\"@type\":\"ListItem\",\"position\":2,\"name\":\"Tienda\",\"item\":\"https:\/\/aral2.cetrexmarketing.com\/ca\/tienda-2\/\"},{\"@type\":\"ListItem\",\"position\":3,\"name\":\"Tienda\",\"item\":\"https:\/\/aral2.cetrexmarketing.com\/categoria-producto\/inicio\/\"},{\"@type\":\"ListItem\",\"position\":4,\"name\":\"M de Minuty\"}]},{\"@type\":\"WebSite\",\"@id\":\"https:\/\/aral2.cetrexmarketing.com\/#website\",\"url\":\"https:\/\/aral2.cetrexmarketing.com\/\",\"name\":\"M\u00f3n La Cata\",\"description\":\"Tienda de vinos, licores, cervezas y gourmet\",\"publisher\":{\"@id\":\"https:\/\/aral2.cetrexmarketing.com\/#organization\"},\"potentialAction\":[{\"@type\":\"SearchAction\",\"target\":{\"@type\":\"EntryPoint\",\"urlTemplate\":\"https:\/\/aral2.cetrexmarketing.com\/?s={search_term_string}\"},\"query-input\":{\"@type\":\"PropertyValueSpecification\",\"valueRequired\":true,\"valueName\":\"search_term_string\"}}],\"inLanguage\":\"ca\"},{\"@type\":\"Organization\",\"@id\":\"https:\/\/aral2.cetrexmarketing.com\/#organization\",\"name\":\"M\u00f3n La Cata\",\"url\":\"https:\/\/aral2.cetrexmarketing.com\/\",\"logo\":{\"@type\":\"ImageObject\",\"inLanguage\":\"ca\",\"@id\":\"https:\/\/aral2.cetrexmarketing.com\/#\/schema\/logo\/image\/\",\"url\":\"https:\/\/aral2.cetrexmarketing.com\/wp-content\/uploads\/2024\/10\/aral-logo-neg-1024x409-1.png\",\"contentUrl\":\"https:\/\/aral2.cetrexmarketing.com\/wp-content\/uploads\/2024\/10\/aral-logo-neg-1024x409-1.png\",\"width\":1024,\"height\":409,\"caption\":\"M\u00f3n La Cata\"},\"image\":{\"@id\":\"https:\/\/aral2.cetrexmarketing.com\/#\/schema\/logo\/image\/\"}}]}<\/script>\n<!-- \/ Yoast SEO Premium plugin. -->","yoast_head_json":{"title":"M de Minuty","description":"Comprar al millor preu el vi rosat M de Minuty a M\u00f3n La Cata. Botiga online especialitzada en vins, destil\u00b7lats, cerveses i alimentaci\u00f3.","robots":{"index":"noindex","follow":"follow","max-snippet":"max-snippet:-1","max-image-preview":"max-image-preview:large","max-video-preview":"max-video-preview:-1"},"og_locale":"ca_ES","og_type":"article","og_title":"M de Minuty","og_description":"Comprar al millor preu el vi rosat M de Minuty a M\u00f3n La Cata. Botiga online especialitzada en vins, destil\u00b7lats, cerveses i alimentaci\u00f3.","og_url":"https:\/\/aral2.cetrexmarketing.com\/ca\/producto\/m-de-minuty\/","og_site_name":"M\u00f3n La Cata","article_modified_time":"2025-05-27T08:14:02+00:00","og_image":[{"width":765,"height":1024,"url":"https:\/\/aral2.cetrexmarketing.com\/wp-content\/uploads\/2025\/05\/M-DE-MINUTY.png","type":"image\/png"}],"twitter_card":"summary_large_image","twitter_misc":{"Temps estimat de lectura":"2 minuts"},"schema":{"@context":"https:\/\/schema.org","@graph":[{"@type":"WebPage","@id":"https:\/\/aral2.cetrexmarketing.com\/ca\/producto\/m-de-minuty\/","url":"https:\/\/aral2.cetrexmarketing.com\/ca\/producto\/m-de-minuty\/","name":"M de Minuty","isPartOf":{"@id":"https:\/\/aral2.cetrexmarketing.com\/#website"},"primaryImageOfPage":{"@id":"https:\/\/aral2.cetrexmarketing.com\/ca\/producto\/m-de-minuty\/#primaryimage"},"image":{"@id":"https:\/\/aral2.cetrexmarketing.com\/ca\/producto\/m-de-minuty\/#primaryimage"},"thumbnailUrl":"https:\/\/aral2.cetrexmarketing.com\/wp-content\/uploads\/2025\/05\/M-DE-MINUTY.png","datePublished":"2025-05-27T04:58:38+00:00","dateModified":"2025-05-27T08:14:02+00:00","description":"Comprar al millor preu el vi rosat M de Minuty a M\u00f3n La Cata. Botiga online especialitzada en vins, destil\u00b7lats, cerveses i alimentaci\u00f3.","breadcrumb":{"@id":"https:\/\/aral2.cetrexmarketing.com\/ca\/producto\/m-de-minuty\/#breadcrumb"},"inLanguage":"ca","potentialAction":[{"@type":"ReadAction","target":["https:\/\/aral2.cetrexmarketing.com\/ca\/producto\/m-de-minuty\/"]}]},{"@type":"ImageObject","inLanguage":"ca","@id":"https:\/\/aral2.cetrexmarketing.com\/ca\/producto\/m-de-minuty\/#primaryimage","url":"https:\/\/aral2.cetrexmarketing.com\/wp-content\/uploads\/2025\/05\/M-DE-MINUTY.png","contentUrl":"https:\/\/aral2.cetrexmarketing.com\/wp-content\/uploads\/2025\/05\/M-DE-MINUTY.png","width":765,"height":1024},{"@type":"BreadcrumbList","@id":"https:\/\/aral2.cetrexmarketing.com\/ca\/producto\/m-de-minuty\/#breadcrumb","itemListElement":[{"@type":"ListItem","position":1,"name":"Home","item":"https:\/\/aral2.cetrexmarketing.com\/ca\/"},{"@type":"ListItem","position":2,"name":"Tienda","item":"https:\/\/aral2.cetrexmarketing.com\/ca\/tienda-2\/"},{"@type":"ListItem","position":3,"name":"Tienda","item":"https:\/\/aral2.cetrexmarketing.com\/categoria-producto\/inicio\/"},{"@type":"ListItem","position":4,"name":"M de Minuty"}]},{"@type":"WebSite","@id":"https:\/\/aral2.cetrexmarketing.com\/#website","url":"https:\/\/aral2.cetrexmarketing.com\/","name":"M\u00f3n La Cata","description":"Tienda de vinos, licores, cervezas y gourmet","publisher":{"@id":"https:\/\/aral2.cetrexmarketing.com\/#organization"},"potentialAction":[{"@type":"SearchAction","target":{"@type":"EntryPoint","urlTemplate":"https:\/\/aral2.cetrexmarketing.com\/?s={search_term_string}"},"query-input":{"@type":"PropertyValueSpecification","valueRequired":true,"valueName":"search_term_string"}}],"inLanguage":"ca"},{"@type":"Organization","@id":"https:\/\/aral2.cetrexmarketing.com\/#organization","name":"M\u00f3n La Cata","url":"https:\/\/aral2.cetrexmarketing.com\/","logo":{"@type":"ImageObject","inLanguage":"ca","@id":"https:\/\/aral2.cetrexmarketing.com\/#\/schema\/logo\/image\/","url":"https:\/\/aral2.cetrexmarketing.com\/wp-content\/uploads\/2024\/10\/aral-logo-neg-1024x409-1.png","contentUrl":"https:\/\/aral2.cetrexmarketing.com\/wp-content\/uploads\/2024\/10\/aral-logo-neg-1024x409-1.png","width":1024,"height":409,"caption":"M\u00f3n La Cata"},"image":{"@id":"https:\/\/aral2.cetrexmarketing.com\/#\/schema\/logo\/image\/"}}]}},"brands":[],"_links":{"self":[{"href":"https:\/\/aral2.cetrexmarketing.com\/ca\/wp-json\/wp\/v2\/product\/121137","targetHints":{"allow":["GET"]}}],"collection":[{"href":"https:\/\/aral2.cetrexmarketing.com\/ca\/wp-json\/wp\/v2\/product"}],"about":[{"href":"https:\/\/aral2.cetrexmarketing.com\/ca\/wp-json\/wp\/v2\/types\/product"}],"replies":[{"embeddable":true,"href":"https:\/\/aral2.cetrexmarketing.com\/ca\/wp-json\/wp\/v2\/comments?post=121137"}],"wp:featuredmedia":[{"embeddable":true,"href":"https:\/\/aral2.cetrexmarketing.com\/ca\/wp-json\/wp\/v2\/media\/121134"}],"wp:attachment":[{"href":"https:\/\/aral2.cetrexmarketing.com\/ca\/wp-json\/wp\/v2\/media?parent=121137"}],"wp:term":[{"taxonomy":"pwb-brand","embeddable":true,"href":"https:\/\/aral2.cetrexmarketing.com\/ca\/wp-json\/wp\/v2\/pwb-brand?post=121137"},{"taxonomy":"product_brand","embeddable":true,"href":"https:\/\/aral2.cetrexmarketing.com\/ca\/wp-json\/wp\/v2\/product_brand?post=121137"},{"taxonomy":"product_cat","embeddable":true,"href":"https:\/\/aral2.cetrexmarketing.com\/ca\/wp-json\/wp\/v2\/product_cat?post=121137"},{"taxonomy":"product_tag","embeddable":true,"href":"https:\/\/aral2.cetrexmarketing.com\/ca\/wp-json\/wp\/v2\/product_tag?post=121137"}],"curies":[{"name":"wp","href":"https:\/\/api.w.org\/{rel}","templated":true}]}}