{"id":121112,"date":"2025-05-26T14:23:50","date_gmt":"2025-05-26T14:23:50","guid":{"rendered":"https:\/\/aral2.cetrexmarketing.com\/producto\/armand-de-brignac-brut-rose\/"},"modified":"2025-05-27T08:13:47","modified_gmt":"2025-05-27T08:13:47","slug":"armand-de-brignac-brut-rose","status":"publish","type":"product","link":"https:\/\/aral2.cetrexmarketing.com\/ca\/producto\/armand-de-brignac-brut-rose\/","title":{"rendered":"Armand de Brignac Brut Ros\u00e9"},"content":{"rendered":"<p>Armand de Brignac Brut Ros\u00e9 \u00e9s una expressi\u00f3 elegant i luxosa de xampany rosat, produ\u00eft per la casa de xampany Cattier a la regi\u00f3 de Champagne, Fran\u00e7a.<\/p>\n<p>Elaboraci\u00f3: L&#8217;Armand de Brignac Brut Ros\u00e9 s&#8217;elabora utilitzant un proc\u00e9s meticul\u00f3s que comen\u00e7a amb la selecci\u00f3 acurada del ra\u00efm Pinot Noir, Pinot Meunier i Chardonnay de les millors parcel\u00b7les de vinyes de la regi\u00f3 de Champagne. Els ra\u00efms es premsen suaument i el most resultant es fermenta per produir un vi base. Despr\u00e9s, aquest vi base es barreja amb una petita quantitat de vi de reserva d&#8217;anys anteriors per mantenir la consist\u00e8ncia de l&#8217;estil d&#8217;Armand de Brignac. La segona fermentaci\u00f3 es fa a l&#8217;ampolla utilitzant el m\u00e8tode tradicional de Champagne. S&#8217;hi afegeix una petita quantitat de licor d&#8217;expedici\u00f3 i sucre per produir les bombolles naturals i el color rosa caracter\u00edstics del xampany rosat.<\/p>\n<p>Maridatge: L&#8217;Armand de Brignac Brut Ros\u00e9 \u00e9s un xampany vers\u00e0til que pot maridar b\u00e9 amb una varietat de plats. La seva frescor i eleg\u00e0ncia el fan ideal com a aperitiu o per acompanyar marisc, sushi, ostres, caviar i altres plats de marisc. Tamb\u00e9 podeu complementar plats d&#8217;aus de corral com pollastre rostit o \u00e0nec, aix\u00ed com plats de carn lleugera com el xai. El seu car\u00e0cter suau i afruitat el fa perfecte per a celebracions i ocasions especials, aix\u00ed com per gaudir-ne en moments de relax.<\/p>\n<p>En resum, \u00e9s un xampany de luxe elaborat amb meticulositat i atenci\u00f3 al detall, que ofereix una experi\u00e8ncia de degustaci\u00f3 excepcionalment refinada i elegant. La seva versatilitat el converteix en una opci\u00f3 popular per acompanyar una varietat de plats i per celebrar moments especials.<\/p>\n","protected":false},"excerpt":{"rendered":"<p>Armand de Brignac Brut Ros\u00e9<\/p>\n","protected":false},"featured_media":114667,"comment_status":"closed","ping_status":"closed","template":"","meta":{"_acf_changed":false},"pwb-brand":[],"product_brand":[],"product_cat":[51704,51706,51694],"product_tag":[52441,15166,15752],"class_list":{"0":"post-121112","1":"product","2":"type-product","3":"status-publish","4":"has-post-thumbnail","6":"product_cat-champagne-aoc-vi-escumos","7":"product_cat-champagne-rosat","8":"product_cat-vi-escumos","9":"product_tag-armand-de-brignac-brut-rose-2","10":"product_tag-champagne-ca","11":"product_tag-rose-ca","12":"product_shipping_class-7-10-dias-2","13":"pa_do-champagneaoc-ca","14":"pa_formatoenml-38306","15":"pa_graduacion-12_5","16":"pa_pais-franca","17":"entry","18":"has-media","20":"first","21":"onbackorder","22":"taxable","23":"shipping-taxable","24":"purchasable","25":"product-type-simple"},"acf":[],"yoast_head":"<!-- This site is optimized with the Yoast SEO Premium plugin v23.1 (Yoast SEO v23.5) - https:\/\/yoast.com\/wordpress\/plugins\/seo\/ -->\n<title>Armand de Brignac Brut Ros\u00e9<\/title>\n<meta name=\"description\" content=\"Comprar al millor preu el champagne rosat Armand de Brignac Brut Ros\u00e9 a M\u00f3n La Cata. Botiga online especialitzada en vins, destil\u00b7lats i alimentaci\u00f3.\" \/>\n<meta name=\"robots\" content=\"noindex, follow, max-snippet:-1, max-image-preview:large, max-video-preview:-1\" \/>\n<meta property=\"og:locale\" content=\"ca_ES\" \/>\n<meta property=\"og:type\" content=\"article\" \/>\n<meta property=\"og:title\" content=\"Armand de Brignac Brut Ros\u00e9\" \/>\n<meta property=\"og:description\" content=\"Comprar al millor preu el champagne rosat Armand de Brignac Brut Ros\u00e9 a M\u00f3n La Cata. Botiga online especialitzada en vins, destil\u00b7lats i alimentaci\u00f3.\" \/>\n<meta property=\"og:url\" content=\"https:\/\/aral2.cetrexmarketing.com\/ca\/producto\/armand-de-brignac-brut-rose\/\" \/>\n<meta property=\"og:site_name\" content=\"M\u00f3n La Cata\" \/>\n<meta property=\"article:modified_time\" content=\"2025-05-27T08:13:47+00:00\" \/>\n<meta property=\"og:image\" content=\"https:\/\/aral2.cetrexmarketing.com\/wp-content\/uploads\/2025\/05\/ARMAND-DE-BRIGNAC-BRUT-ROSE-CHAMPAGNE.png\" \/>\n\t<meta property=\"og:image:width\" content=\"765\" \/>\n\t<meta property=\"og:image:height\" content=\"1024\" \/>\n\t<meta property=\"og:image:type\" content=\"image\/png\" \/>\n<meta name=\"twitter:card\" content=\"summary_large_image\" \/>\n<meta name=\"twitter:label1\" content=\"Temps estimat de lectura\" \/>\n\t<meta name=\"twitter:data1\" content=\"2 minuts\" \/>\n<script type=\"application\/ld+json\" class=\"yoast-schema-graph\">{\"@context\":\"https:\/\/schema.org\",\"@graph\":[{\"@type\":\"WebPage\",\"@id\":\"https:\/\/aral2.cetrexmarketing.com\/ca\/producto\/armand-de-brignac-brut-rose\/\",\"url\":\"https:\/\/aral2.cetrexmarketing.com\/ca\/producto\/armand-de-brignac-brut-rose\/\",\"name\":\"Armand de Brignac Brut Ros\u00e9\",\"isPartOf\":{\"@id\":\"https:\/\/aral2.cetrexmarketing.com\/#website\"},\"primaryImageOfPage\":{\"@id\":\"https:\/\/aral2.cetrexmarketing.com\/ca\/producto\/armand-de-brignac-brut-rose\/#primaryimage\"},\"image\":{\"@id\":\"https:\/\/aral2.cetrexmarketing.com\/ca\/producto\/armand-de-brignac-brut-rose\/#primaryimage\"},\"thumbnailUrl\":\"https:\/\/aral2.cetrexmarketing.com\/wp-content\/uploads\/2025\/05\/ARMAND-DE-BRIGNAC-BRUT-ROSE-CHAMPAGNE.png\",\"datePublished\":\"2025-05-26T14:23:50+00:00\",\"dateModified\":\"2025-05-27T08:13:47+00:00\",\"description\":\"Comprar al millor preu el champagne rosat Armand de Brignac Brut Ros\u00e9 a M\u00f3n La Cata. Botiga online especialitzada en vins, destil\u00b7lats i alimentaci\u00f3.\",\"breadcrumb\":{\"@id\":\"https:\/\/aral2.cetrexmarketing.com\/ca\/producto\/armand-de-brignac-brut-rose\/#breadcrumb\"},\"inLanguage\":\"ca\",\"potentialAction\":[{\"@type\":\"ReadAction\",\"target\":[\"https:\/\/aral2.cetrexmarketing.com\/ca\/producto\/armand-de-brignac-brut-rose\/\"]}]},{\"@type\":\"ImageObject\",\"inLanguage\":\"ca\",\"@id\":\"https:\/\/aral2.cetrexmarketing.com\/ca\/producto\/armand-de-brignac-brut-rose\/#primaryimage\",\"url\":\"https:\/\/aral2.cetrexmarketing.com\/wp-content\/uploads\/2025\/05\/ARMAND-DE-BRIGNAC-BRUT-ROSE-CHAMPAGNE.png\",\"contentUrl\":\"https:\/\/aral2.cetrexmarketing.com\/wp-content\/uploads\/2025\/05\/ARMAND-DE-BRIGNAC-BRUT-ROSE-CHAMPAGNE.png\",\"width\":765,\"height\":1024},{\"@type\":\"BreadcrumbList\",\"@id\":\"https:\/\/aral2.cetrexmarketing.com\/ca\/producto\/armand-de-brignac-brut-rose\/#breadcrumb\",\"itemListElement\":[{\"@type\":\"ListItem\",\"position\":1,\"name\":\"Home\",\"item\":\"https:\/\/aral2.cetrexmarketing.com\/ca\/\"},{\"@type\":\"ListItem\",\"position\":2,\"name\":\"Tienda\",\"item\":\"https:\/\/aral2.cetrexmarketing.com\/ca\/tienda-2\/\"},{\"@type\":\"ListItem\",\"position\":3,\"name\":\"Vino espumoso\",\"item\":\"https:\/\/aral2.cetrexmarketing.com\/categoria-producto\/inicio\/vino-espumoso\/\"},{\"@type\":\"ListItem\",\"position\":4,\"name\":\"Armand de Brignac Brut Ros\u00e9\"}]},{\"@type\":\"WebSite\",\"@id\":\"https:\/\/aral2.cetrexmarketing.com\/#website\",\"url\":\"https:\/\/aral2.cetrexmarketing.com\/\",\"name\":\"M\u00f3n La Cata\",\"description\":\"Tienda de vinos, licores, cervezas y gourmet\",\"publisher\":{\"@id\":\"https:\/\/aral2.cetrexmarketing.com\/#organization\"},\"potentialAction\":[{\"@type\":\"SearchAction\",\"target\":{\"@type\":\"EntryPoint\",\"urlTemplate\":\"https:\/\/aral2.cetrexmarketing.com\/?s={search_term_string}\"},\"query-input\":{\"@type\":\"PropertyValueSpecification\",\"valueRequired\":true,\"valueName\":\"search_term_string\"}}],\"inLanguage\":\"ca\"},{\"@type\":\"Organization\",\"@id\":\"https:\/\/aral2.cetrexmarketing.com\/#organization\",\"name\":\"M\u00f3n La Cata\",\"url\":\"https:\/\/aral2.cetrexmarketing.com\/\",\"logo\":{\"@type\":\"ImageObject\",\"inLanguage\":\"ca\",\"@id\":\"https:\/\/aral2.cetrexmarketing.com\/#\/schema\/logo\/image\/\",\"url\":\"https:\/\/aral2.cetrexmarketing.com\/wp-content\/uploads\/2024\/10\/aral-logo-neg-1024x409-1.png\",\"contentUrl\":\"https:\/\/aral2.cetrexmarketing.com\/wp-content\/uploads\/2024\/10\/aral-logo-neg-1024x409-1.png\",\"width\":1024,\"height\":409,\"caption\":\"M\u00f3n La Cata\"},\"image\":{\"@id\":\"https:\/\/aral2.cetrexmarketing.com\/#\/schema\/logo\/image\/\"}}]}<\/script>\n<!-- \/ Yoast SEO Premium plugin. -->","yoast_head_json":{"title":"Armand de Brignac Brut Ros\u00e9","description":"Comprar al millor preu el champagne rosat Armand de Brignac Brut Ros\u00e9 a M\u00f3n La Cata. Botiga online especialitzada en vins, destil\u00b7lats i alimentaci\u00f3.","robots":{"index":"noindex","follow":"follow","max-snippet":"max-snippet:-1","max-image-preview":"max-image-preview:large","max-video-preview":"max-video-preview:-1"},"og_locale":"ca_ES","og_type":"article","og_title":"Armand de Brignac Brut Ros\u00e9","og_description":"Comprar al millor preu el champagne rosat Armand de Brignac Brut Ros\u00e9 a M\u00f3n La Cata. Botiga online especialitzada en vins, destil\u00b7lats i alimentaci\u00f3.","og_url":"https:\/\/aral2.cetrexmarketing.com\/ca\/producto\/armand-de-brignac-brut-rose\/","og_site_name":"M\u00f3n La Cata","article_modified_time":"2025-05-27T08:13:47+00:00","og_image":[{"width":765,"height":1024,"url":"https:\/\/aral2.cetrexmarketing.com\/wp-content\/uploads\/2025\/05\/ARMAND-DE-BRIGNAC-BRUT-ROSE-CHAMPAGNE.png","type":"image\/png"}],"twitter_card":"summary_large_image","twitter_misc":{"Temps estimat de lectura":"2 minuts"},"schema":{"@context":"https:\/\/schema.org","@graph":[{"@type":"WebPage","@id":"https:\/\/aral2.cetrexmarketing.com\/ca\/producto\/armand-de-brignac-brut-rose\/","url":"https:\/\/aral2.cetrexmarketing.com\/ca\/producto\/armand-de-brignac-brut-rose\/","name":"Armand de Brignac Brut Ros\u00e9","isPartOf":{"@id":"https:\/\/aral2.cetrexmarketing.com\/#website"},"primaryImageOfPage":{"@id":"https:\/\/aral2.cetrexmarketing.com\/ca\/producto\/armand-de-brignac-brut-rose\/#primaryimage"},"image":{"@id":"https:\/\/aral2.cetrexmarketing.com\/ca\/producto\/armand-de-brignac-brut-rose\/#primaryimage"},"thumbnailUrl":"https:\/\/aral2.cetrexmarketing.com\/wp-content\/uploads\/2025\/05\/ARMAND-DE-BRIGNAC-BRUT-ROSE-CHAMPAGNE.png","datePublished":"2025-05-26T14:23:50+00:00","dateModified":"2025-05-27T08:13:47+00:00","description":"Comprar al millor preu el champagne rosat Armand de Brignac Brut Ros\u00e9 a M\u00f3n La Cata. Botiga online especialitzada en vins, destil\u00b7lats i alimentaci\u00f3.","breadcrumb":{"@id":"https:\/\/aral2.cetrexmarketing.com\/ca\/producto\/armand-de-brignac-brut-rose\/#breadcrumb"},"inLanguage":"ca","potentialAction":[{"@type":"ReadAction","target":["https:\/\/aral2.cetrexmarketing.com\/ca\/producto\/armand-de-brignac-brut-rose\/"]}]},{"@type":"ImageObject","inLanguage":"ca","@id":"https:\/\/aral2.cetrexmarketing.com\/ca\/producto\/armand-de-brignac-brut-rose\/#primaryimage","url":"https:\/\/aral2.cetrexmarketing.com\/wp-content\/uploads\/2025\/05\/ARMAND-DE-BRIGNAC-BRUT-ROSE-CHAMPAGNE.png","contentUrl":"https:\/\/aral2.cetrexmarketing.com\/wp-content\/uploads\/2025\/05\/ARMAND-DE-BRIGNAC-BRUT-ROSE-CHAMPAGNE.png","width":765,"height":1024},{"@type":"BreadcrumbList","@id":"https:\/\/aral2.cetrexmarketing.com\/ca\/producto\/armand-de-brignac-brut-rose\/#breadcrumb","itemListElement":[{"@type":"ListItem","position":1,"name":"Home","item":"https:\/\/aral2.cetrexmarketing.com\/ca\/"},{"@type":"ListItem","position":2,"name":"Tienda","item":"https:\/\/aral2.cetrexmarketing.com\/ca\/tienda-2\/"},{"@type":"ListItem","position":3,"name":"Vino espumoso","item":"https:\/\/aral2.cetrexmarketing.com\/categoria-producto\/inicio\/vino-espumoso\/"},{"@type":"ListItem","position":4,"name":"Armand de Brignac Brut Ros\u00e9"}]},{"@type":"WebSite","@id":"https:\/\/aral2.cetrexmarketing.com\/#website","url":"https:\/\/aral2.cetrexmarketing.com\/","name":"M\u00f3n La Cata","description":"Tienda de vinos, licores, cervezas y gourmet","publisher":{"@id":"https:\/\/aral2.cetrexmarketing.com\/#organization"},"potentialAction":[{"@type":"SearchAction","target":{"@type":"EntryPoint","urlTemplate":"https:\/\/aral2.cetrexmarketing.com\/?s={search_term_string}"},"query-input":{"@type":"PropertyValueSpecification","valueRequired":true,"valueName":"search_term_string"}}],"inLanguage":"ca"},{"@type":"Organization","@id":"https:\/\/aral2.cetrexmarketing.com\/#organization","name":"M\u00f3n La Cata","url":"https:\/\/aral2.cetrexmarketing.com\/","logo":{"@type":"ImageObject","inLanguage":"ca","@id":"https:\/\/aral2.cetrexmarketing.com\/#\/schema\/logo\/image\/","url":"https:\/\/aral2.cetrexmarketing.com\/wp-content\/uploads\/2024\/10\/aral-logo-neg-1024x409-1.png","contentUrl":"https:\/\/aral2.cetrexmarketing.com\/wp-content\/uploads\/2024\/10\/aral-logo-neg-1024x409-1.png","width":1024,"height":409,"caption":"M\u00f3n La Cata"},"image":{"@id":"https:\/\/aral2.cetrexmarketing.com\/#\/schema\/logo\/image\/"}}]}},"brands":[],"_links":{"self":[{"href":"https:\/\/aral2.cetrexmarketing.com\/ca\/wp-json\/wp\/v2\/product\/121112","targetHints":{"allow":["GET"]}}],"collection":[{"href":"https:\/\/aral2.cetrexmarketing.com\/ca\/wp-json\/wp\/v2\/product"}],"about":[{"href":"https:\/\/aral2.cetrexmarketing.com\/ca\/wp-json\/wp\/v2\/types\/product"}],"replies":[{"embeddable":true,"href":"https:\/\/aral2.cetrexmarketing.com\/ca\/wp-json\/wp\/v2\/comments?post=121112"}],"wp:featuredmedia":[{"embeddable":true,"href":"https:\/\/aral2.cetrexmarketing.com\/ca\/wp-json\/wp\/v2\/media\/114667"}],"wp:attachment":[{"href":"https:\/\/aral2.cetrexmarketing.com\/ca\/wp-json\/wp\/v2\/media?parent=121112"}],"wp:term":[{"taxonomy":"pwb-brand","embeddable":true,"href":"https:\/\/aral2.cetrexmarketing.com\/ca\/wp-json\/wp\/v2\/pwb-brand?post=121112"},{"taxonomy":"product_brand","embeddable":true,"href":"https:\/\/aral2.cetrexmarketing.com\/ca\/wp-json\/wp\/v2\/product_brand?post=121112"},{"taxonomy":"product_cat","embeddable":true,"href":"https:\/\/aral2.cetrexmarketing.com\/ca\/wp-json\/wp\/v2\/product_cat?post=121112"},{"taxonomy":"product_tag","embeddable":true,"href":"https:\/\/aral2.cetrexmarketing.com\/ca\/wp-json\/wp\/v2\/product_tag?post=121112"}],"curies":[{"name":"wp","href":"https:\/\/api.w.org\/{rel}","templated":true}]}}