{"id":121111,"date":"2025-05-26T14:22:13","date_gmt":"2025-05-26T14:22:13","guid":{"rendered":"https:\/\/aral2.cetrexmarketing.com\/producto\/armand-de-brignac-brut-gold\/"},"modified":"2025-05-27T08:13:45","modified_gmt":"2025-05-27T08:13:45","slug":"armand-de-brignac-brut-gold","status":"publish","type":"product","link":"https:\/\/aral2.cetrexmarketing.com\/ca\/producto\/armand-de-brignac-brut-gold\/","title":{"rendered":"Armand de Brignac Brut Gold"},"content":{"rendered":"<p>Armand de Brignac Brut Gold \u00e9s un xampany de luxe produ\u00eft per la casa de xampany Cattier, situada a la regi\u00f3 de Champagne, Fran\u00e7a.<\/p>\n<p>Elaboraci\u00f3: L&#8217;Armand de Brignac Brut Gold s&#8217;elabora utilitzant un proc\u00e9s meticul\u00f3s que inclou la selecci\u00f3 acurada de ra\u00efm de les millors parcel\u00b7les de vinyes de la regi\u00f3 de Champagne. Les tres varietats de ra\u00efm autoritzades a Champagne, Chardonnay, Pinot Noir i Pinot Meunier, per obtenir un equilibri \u00f2ptim de sabors i aromes. Despr\u00e9s de la collita, els ra\u00efms es premsen suaument i es fermenten per produir un vi base. Aquest vi base es barreja despr\u00e9s amb una petita quantitat de vi de reserva d&#8217;anys anteriors per mantenir la consist\u00e8ncia de l&#8217;estil d&#8217;Armand de Brignac. La segona fermentaci\u00f3 es duu a terme a l&#8217;ampolla utilitzant el m\u00e8tode tradicional de Champagne, on el vi base es barreja amb llevats i sucre, produint les bombolles naturals caracter\u00edstics del xampany.<\/p>\n<p>Maridatge: L&#8217;Armand de Brignac Brut Gold \u00e9s un xampany vers\u00e0til que pot maridar b\u00e9 amb una varietat de plats. La seva frescor i acidesa el fan ideal com a aperitiu o per acompanyar marisc, sushi, ostres, caviar i altres plats de marisc. Tamb\u00e9 podeu complementar plats d&#8217;aus de corral com pollastre rostit o \u00e0nec, aix\u00ed com plats de pasta amb salses cremoses. El seu car\u00e0cter elegant i suau el fa perfecte per a celebracions i ocasions especials.<\/p>\n<p>En resum, \u00e9s un xampany de luxe elaborat amb meticulositat i atenci\u00f3 al detall, que ofereix una experi\u00e8ncia de degustaci\u00f3 excepcionalment refinada i elegant. La seva versatilitat el converteix en una opci\u00f3 popular per acompanyar una varietat de plats i per celebrar moments especials.<\/p>\n","protected":false},"excerpt":{"rendered":"<p>Armand de Brignac Brut Gold<\/p>\n","protected":false},"featured_media":114551,"comment_status":"closed","ping_status":"closed","template":"","meta":{"_acf_changed":false},"pwb-brand":[],"product_brand":[],"product_cat":[51704,51705,51694],"product_tag":[49865,15120,15166],"class_list":{"0":"post-121111","1":"product","2":"type-product","3":"status-publish","4":"has-post-thumbnail","6":"product_cat-champagne-aoc-vi-escumos","7":"product_cat-champagne-blanc","8":"product_cat-vi-escumos","9":"product_tag-armand-de-brignac-brut-gold","10":"product_tag-brut-ca","11":"product_tag-champagne-ca","12":"product_shipping_class-7-10-dias-2","13":"pa_do-champagneaoc-ca","14":"pa_formatoenml-38307","15":"pa_graduacion-12_5","16":"pa_pais-franca","17":"pa_variedades-5d-chardonnay_pinotnoir_pinot","18":"entry","19":"has-media","21":"first","22":"onbackorder","23":"taxable","24":"shipping-taxable","25":"purchasable","26":"product-type-simple"},"acf":[],"yoast_head":"<!-- This site is optimized with the Yoast SEO Premium plugin v23.1 (Yoast SEO v23.5) - https:\/\/yoast.com\/wordpress\/plugins\/seo\/ -->\n<title>Armand de Brignac Brut Gold<\/title>\n<meta name=\"description\" content=\"Comprar al millor preu el champagne Armand de Brignac Brut Gold a M\u00f3n La Cata. Botiga online especialitzada en vins, destil\u00b7lats, cerveses i alimentaci\u00f3.\" \/>\n<meta name=\"robots\" content=\"noindex, follow, max-snippet:-1, max-image-preview:large, max-video-preview:-1\" \/>\n<meta property=\"og:locale\" content=\"ca_ES\" \/>\n<meta property=\"og:type\" content=\"article\" \/>\n<meta property=\"og:title\" content=\"Armand de Brignac Brut Gold\" \/>\n<meta property=\"og:description\" content=\"Comprar al millor preu el champagne Armand de Brignac Brut Gold a M\u00f3n La Cata. Botiga online especialitzada en vins, destil\u00b7lats, cerveses i alimentaci\u00f3.\" \/>\n<meta property=\"og:url\" content=\"https:\/\/aral2.cetrexmarketing.com\/ca\/producto\/armand-de-brignac-brut-gold\/\" \/>\n<meta property=\"og:site_name\" content=\"M\u00f3n La Cata\" \/>\n<meta property=\"article:modified_time\" content=\"2025-05-27T08:13:45+00:00\" \/>\n<meta property=\"og:image\" content=\"https:\/\/aral2.cetrexmarketing.com\/wp-content\/uploads\/2025\/05\/ARMAND-DE-BRIGNAC-BRUT-GOLD-CHAMPAGNE.png\" \/>\n\t<meta property=\"og:image:width\" content=\"765\" \/>\n\t<meta property=\"og:image:height\" content=\"1024\" \/>\n\t<meta property=\"og:image:type\" content=\"image\/png\" \/>\n<meta name=\"twitter:card\" content=\"summary_large_image\" \/>\n<meta name=\"twitter:label1\" content=\"Temps estimat de lectura\" \/>\n\t<meta name=\"twitter:data1\" content=\"2 minuts\" \/>\n<script type=\"application\/ld+json\" class=\"yoast-schema-graph\">{\"@context\":\"https:\/\/schema.org\",\"@graph\":[{\"@type\":\"WebPage\",\"@id\":\"https:\/\/aral2.cetrexmarketing.com\/ca\/producto\/armand-de-brignac-brut-gold\/\",\"url\":\"https:\/\/aral2.cetrexmarketing.com\/ca\/producto\/armand-de-brignac-brut-gold\/\",\"name\":\"Armand de Brignac Brut Gold\",\"isPartOf\":{\"@id\":\"https:\/\/aral2.cetrexmarketing.com\/#website\"},\"primaryImageOfPage\":{\"@id\":\"https:\/\/aral2.cetrexmarketing.com\/ca\/producto\/armand-de-brignac-brut-gold\/#primaryimage\"},\"image\":{\"@id\":\"https:\/\/aral2.cetrexmarketing.com\/ca\/producto\/armand-de-brignac-brut-gold\/#primaryimage\"},\"thumbnailUrl\":\"https:\/\/aral2.cetrexmarketing.com\/wp-content\/uploads\/2025\/05\/ARMAND-DE-BRIGNAC-BRUT-GOLD-CHAMPAGNE.png\",\"datePublished\":\"2025-05-26T14:22:13+00:00\",\"dateModified\":\"2025-05-27T08:13:45+00:00\",\"description\":\"Comprar al millor preu el champagne Armand de Brignac Brut Gold a M\u00f3n La Cata. Botiga online especialitzada en vins, destil\u00b7lats, cerveses i alimentaci\u00f3.\",\"breadcrumb\":{\"@id\":\"https:\/\/aral2.cetrexmarketing.com\/ca\/producto\/armand-de-brignac-brut-gold\/#breadcrumb\"},\"inLanguage\":\"ca\",\"potentialAction\":[{\"@type\":\"ReadAction\",\"target\":[\"https:\/\/aral2.cetrexmarketing.com\/ca\/producto\/armand-de-brignac-brut-gold\/\"]}]},{\"@type\":\"ImageObject\",\"inLanguage\":\"ca\",\"@id\":\"https:\/\/aral2.cetrexmarketing.com\/ca\/producto\/armand-de-brignac-brut-gold\/#primaryimage\",\"url\":\"https:\/\/aral2.cetrexmarketing.com\/wp-content\/uploads\/2025\/05\/ARMAND-DE-BRIGNAC-BRUT-GOLD-CHAMPAGNE.png\",\"contentUrl\":\"https:\/\/aral2.cetrexmarketing.com\/wp-content\/uploads\/2025\/05\/ARMAND-DE-BRIGNAC-BRUT-GOLD-CHAMPAGNE.png\",\"width\":765,\"height\":1024},{\"@type\":\"BreadcrumbList\",\"@id\":\"https:\/\/aral2.cetrexmarketing.com\/ca\/producto\/armand-de-brignac-brut-gold\/#breadcrumb\",\"itemListElement\":[{\"@type\":\"ListItem\",\"position\":1,\"name\":\"Home\",\"item\":\"https:\/\/aral2.cetrexmarketing.com\/ca\/\"},{\"@type\":\"ListItem\",\"position\":2,\"name\":\"Tienda\",\"item\":\"https:\/\/aral2.cetrexmarketing.com\/ca\/tienda-2\/\"},{\"@type\":\"ListItem\",\"position\":3,\"name\":\"Vino espumoso\",\"item\":\"https:\/\/aral2.cetrexmarketing.com\/categoria-producto\/inicio\/vino-espumoso\/\"},{\"@type\":\"ListItem\",\"position\":4,\"name\":\"Armand de Brignac Brut Gold\"}]},{\"@type\":\"WebSite\",\"@id\":\"https:\/\/aral2.cetrexmarketing.com\/#website\",\"url\":\"https:\/\/aral2.cetrexmarketing.com\/\",\"name\":\"M\u00f3n La Cata\",\"description\":\"Tienda de vinos, licores, cervezas y gourmet\",\"publisher\":{\"@id\":\"https:\/\/aral2.cetrexmarketing.com\/#organization\"},\"potentialAction\":[{\"@type\":\"SearchAction\",\"target\":{\"@type\":\"EntryPoint\",\"urlTemplate\":\"https:\/\/aral2.cetrexmarketing.com\/?s={search_term_string}\"},\"query-input\":{\"@type\":\"PropertyValueSpecification\",\"valueRequired\":true,\"valueName\":\"search_term_string\"}}],\"inLanguage\":\"ca\"},{\"@type\":\"Organization\",\"@id\":\"https:\/\/aral2.cetrexmarketing.com\/#organization\",\"name\":\"M\u00f3n La Cata\",\"url\":\"https:\/\/aral2.cetrexmarketing.com\/\",\"logo\":{\"@type\":\"ImageObject\",\"inLanguage\":\"ca\",\"@id\":\"https:\/\/aral2.cetrexmarketing.com\/#\/schema\/logo\/image\/\",\"url\":\"https:\/\/aral2.cetrexmarketing.com\/wp-content\/uploads\/2024\/10\/aral-logo-neg-1024x409-1.png\",\"contentUrl\":\"https:\/\/aral2.cetrexmarketing.com\/wp-content\/uploads\/2024\/10\/aral-logo-neg-1024x409-1.png\",\"width\":1024,\"height\":409,\"caption\":\"M\u00f3n La Cata\"},\"image\":{\"@id\":\"https:\/\/aral2.cetrexmarketing.com\/#\/schema\/logo\/image\/\"}}]}<\/script>\n<!-- \/ Yoast SEO Premium plugin. -->","yoast_head_json":{"title":"Armand de Brignac Brut Gold","description":"Comprar al millor preu el champagne Armand de Brignac Brut Gold a M\u00f3n La Cata. Botiga online especialitzada en vins, destil\u00b7lats, cerveses i alimentaci\u00f3.","robots":{"index":"noindex","follow":"follow","max-snippet":"max-snippet:-1","max-image-preview":"max-image-preview:large","max-video-preview":"max-video-preview:-1"},"og_locale":"ca_ES","og_type":"article","og_title":"Armand de Brignac Brut Gold","og_description":"Comprar al millor preu el champagne Armand de Brignac Brut Gold a M\u00f3n La Cata. Botiga online especialitzada en vins, destil\u00b7lats, cerveses i alimentaci\u00f3.","og_url":"https:\/\/aral2.cetrexmarketing.com\/ca\/producto\/armand-de-brignac-brut-gold\/","og_site_name":"M\u00f3n La Cata","article_modified_time":"2025-05-27T08:13:45+00:00","og_image":[{"width":765,"height":1024,"url":"https:\/\/aral2.cetrexmarketing.com\/wp-content\/uploads\/2025\/05\/ARMAND-DE-BRIGNAC-BRUT-GOLD-CHAMPAGNE.png","type":"image\/png"}],"twitter_card":"summary_large_image","twitter_misc":{"Temps estimat de lectura":"2 minuts"},"schema":{"@context":"https:\/\/schema.org","@graph":[{"@type":"WebPage","@id":"https:\/\/aral2.cetrexmarketing.com\/ca\/producto\/armand-de-brignac-brut-gold\/","url":"https:\/\/aral2.cetrexmarketing.com\/ca\/producto\/armand-de-brignac-brut-gold\/","name":"Armand de Brignac Brut Gold","isPartOf":{"@id":"https:\/\/aral2.cetrexmarketing.com\/#website"},"primaryImageOfPage":{"@id":"https:\/\/aral2.cetrexmarketing.com\/ca\/producto\/armand-de-brignac-brut-gold\/#primaryimage"},"image":{"@id":"https:\/\/aral2.cetrexmarketing.com\/ca\/producto\/armand-de-brignac-brut-gold\/#primaryimage"},"thumbnailUrl":"https:\/\/aral2.cetrexmarketing.com\/wp-content\/uploads\/2025\/05\/ARMAND-DE-BRIGNAC-BRUT-GOLD-CHAMPAGNE.png","datePublished":"2025-05-26T14:22:13+00:00","dateModified":"2025-05-27T08:13:45+00:00","description":"Comprar al millor preu el champagne Armand de Brignac Brut Gold a M\u00f3n La Cata. Botiga online especialitzada en vins, destil\u00b7lats, cerveses i alimentaci\u00f3.","breadcrumb":{"@id":"https:\/\/aral2.cetrexmarketing.com\/ca\/producto\/armand-de-brignac-brut-gold\/#breadcrumb"},"inLanguage":"ca","potentialAction":[{"@type":"ReadAction","target":["https:\/\/aral2.cetrexmarketing.com\/ca\/producto\/armand-de-brignac-brut-gold\/"]}]},{"@type":"ImageObject","inLanguage":"ca","@id":"https:\/\/aral2.cetrexmarketing.com\/ca\/producto\/armand-de-brignac-brut-gold\/#primaryimage","url":"https:\/\/aral2.cetrexmarketing.com\/wp-content\/uploads\/2025\/05\/ARMAND-DE-BRIGNAC-BRUT-GOLD-CHAMPAGNE.png","contentUrl":"https:\/\/aral2.cetrexmarketing.com\/wp-content\/uploads\/2025\/05\/ARMAND-DE-BRIGNAC-BRUT-GOLD-CHAMPAGNE.png","width":765,"height":1024},{"@type":"BreadcrumbList","@id":"https:\/\/aral2.cetrexmarketing.com\/ca\/producto\/armand-de-brignac-brut-gold\/#breadcrumb","itemListElement":[{"@type":"ListItem","position":1,"name":"Home","item":"https:\/\/aral2.cetrexmarketing.com\/ca\/"},{"@type":"ListItem","position":2,"name":"Tienda","item":"https:\/\/aral2.cetrexmarketing.com\/ca\/tienda-2\/"},{"@type":"ListItem","position":3,"name":"Vino espumoso","item":"https:\/\/aral2.cetrexmarketing.com\/categoria-producto\/inicio\/vino-espumoso\/"},{"@type":"ListItem","position":4,"name":"Armand de Brignac Brut Gold"}]},{"@type":"WebSite","@id":"https:\/\/aral2.cetrexmarketing.com\/#website","url":"https:\/\/aral2.cetrexmarketing.com\/","name":"M\u00f3n La Cata","description":"Tienda de vinos, licores, cervezas y gourmet","publisher":{"@id":"https:\/\/aral2.cetrexmarketing.com\/#organization"},"potentialAction":[{"@type":"SearchAction","target":{"@type":"EntryPoint","urlTemplate":"https:\/\/aral2.cetrexmarketing.com\/?s={search_term_string}"},"query-input":{"@type":"PropertyValueSpecification","valueRequired":true,"valueName":"search_term_string"}}],"inLanguage":"ca"},{"@type":"Organization","@id":"https:\/\/aral2.cetrexmarketing.com\/#organization","name":"M\u00f3n La Cata","url":"https:\/\/aral2.cetrexmarketing.com\/","logo":{"@type":"ImageObject","inLanguage":"ca","@id":"https:\/\/aral2.cetrexmarketing.com\/#\/schema\/logo\/image\/","url":"https:\/\/aral2.cetrexmarketing.com\/wp-content\/uploads\/2024\/10\/aral-logo-neg-1024x409-1.png","contentUrl":"https:\/\/aral2.cetrexmarketing.com\/wp-content\/uploads\/2024\/10\/aral-logo-neg-1024x409-1.png","width":1024,"height":409,"caption":"M\u00f3n La Cata"},"image":{"@id":"https:\/\/aral2.cetrexmarketing.com\/#\/schema\/logo\/image\/"}}]}},"brands":[],"_links":{"self":[{"href":"https:\/\/aral2.cetrexmarketing.com\/ca\/wp-json\/wp\/v2\/product\/121111","targetHints":{"allow":["GET"]}}],"collection":[{"href":"https:\/\/aral2.cetrexmarketing.com\/ca\/wp-json\/wp\/v2\/product"}],"about":[{"href":"https:\/\/aral2.cetrexmarketing.com\/ca\/wp-json\/wp\/v2\/types\/product"}],"replies":[{"embeddable":true,"href":"https:\/\/aral2.cetrexmarketing.com\/ca\/wp-json\/wp\/v2\/comments?post=121111"}],"wp:featuredmedia":[{"embeddable":true,"href":"https:\/\/aral2.cetrexmarketing.com\/ca\/wp-json\/wp\/v2\/media\/114551"}],"wp:attachment":[{"href":"https:\/\/aral2.cetrexmarketing.com\/ca\/wp-json\/wp\/v2\/media?parent=121111"}],"wp:term":[{"taxonomy":"pwb-brand","embeddable":true,"href":"https:\/\/aral2.cetrexmarketing.com\/ca\/wp-json\/wp\/v2\/pwb-brand?post=121111"},{"taxonomy":"product_brand","embeddable":true,"href":"https:\/\/aral2.cetrexmarketing.com\/ca\/wp-json\/wp\/v2\/product_brand?post=121111"},{"taxonomy":"product_cat","embeddable":true,"href":"https:\/\/aral2.cetrexmarketing.com\/ca\/wp-json\/wp\/v2\/product_cat?post=121111"},{"taxonomy":"product_tag","embeddable":true,"href":"https:\/\/aral2.cetrexmarketing.com\/ca\/wp-json\/wp\/v2\/product_tag?post=121111"}],"curies":[{"name":"wp","href":"https:\/\/api.w.org\/{rel}","templated":true}]}}