{"id":121110,"date":"2025-05-27T04:57:59","date_gmt":"2025-05-27T04:57:59","guid":{"rendered":"https:\/\/aral2.cetrexmarketing.com\/producto\/chateau-desclans-whispering-angel\/"},"modified":"2025-05-27T08:13:44","modified_gmt":"2025-05-27T08:13:44","slug":"chateau-desclans-whispering-angel","status":"publish","type":"product","link":"https:\/\/aral2.cetrexmarketing.com\/ca\/producto\/chateau-desclans-whispering-angel\/","title":{"rendered":"Chateau D&#8217;Esclans Whispering Angel"},"content":{"rendered":"<p data-start=\"0\" data-end=\"354\">El <strong data-start=\"3\" data-end=\"41\">Ch\u00e2teau d&#8217;Esclans Whispering Angel<\/strong> \u00e9s un <strong data-start=\"48\" data-end=\"60\">vi rosat<\/strong> d&#8217;alta gamma, produ\u00eft a la regi\u00f3 de <strong data-start=\"97\" data-end=\"109\">Proven\u00e7a<\/strong>, Fran\u00e7a, i un dels rosats m\u00e9s coneguts i apreciats a nivell mundial. Aquest vi \u00e9s un exemple perfecte de l&#8217;estil elegant i fresc dels rosats de la bodega <strong data-start=\"264\" data-end=\"285\">Ch\u00e2teau d&#8217;Esclans<\/strong>, que ha estat pionera en la producci\u00f3 de rosats de qualitat premium.<\/p>\n<h3 data-start=\"356\" data-end=\"392\"><strong data-start=\"360\" data-end=\"392\">Caracter\u00edstiques principals:<\/strong><\/h3>\n<ul data-start=\"393\" data-end=\"1346\">\n<li data-start=\"393\" data-end=\"608\"><strong data-start=\"395\" data-end=\"417\">Varietats de ra\u00efm:<\/strong> El <strong data-start=\"421\" data-end=\"441\">Whispering Angel<\/strong> est\u00e0 compost principalment per <strong data-start=\"473\" data-end=\"485\">Grenache<\/strong>, amb aportacions de <strong data-start=\"506\" data-end=\"518\">Cinsault<\/strong>, <strong data-start=\"520\" data-end=\"534\">Vermentino<\/strong> i <strong data-start=\"537\" data-end=\"546\" data-is-only-node=\"\">Syrah<\/strong>, cosa que li atorga una complexitat i frescor excepcionals.<\/li>\n<li data-start=\"609\" data-end=\"766\"><strong data-start=\"611\" data-end=\"621\">Color:<\/strong> De color <strong data-start=\"631\" data-end=\"648\">rosat p\u00e0l\u00b7lid<\/strong> brillant, molt caracter\u00edstic dels rosats de Proven\u00e7a, amb reflexos daurats que mostren la seva eleg\u00e0ncia i frescor.<\/li>\n<li data-start=\"767\" data-end=\"1099\"><strong data-start=\"769\" data-end=\"779\">Aroma:<\/strong> A la nas, el <strong data-start=\"793\" data-end=\"813\">Whispering Angel<\/strong> destaca per les seves intenses notes de <strong data-start=\"854\" data-end=\"874\">fruites fresques<\/strong>, especialment <strong data-start=\"889\" data-end=\"900\">cireres<\/strong>, <strong data-start=\"902\" data-end=\"914\">maduixes<\/strong> i <strong data-start=\"917\" data-end=\"930\" data-is-only-node=\"\">meloctons<\/strong>, acompanyades de lleugeres notes c\u00edtriques i un toc floral suau. La complexitat s&#8217;accentua amb subtils matisos d&#8217;<strong data-start=\"1044\" data-end=\"1065\">herbes proven\u00e7als<\/strong> i un fons lleugerament mineral.<\/li>\n<li data-start=\"1100\" data-end=\"1346\"><strong data-start=\"1102\" data-end=\"1112\">Sabor:<\/strong> A boca, aquest vi \u00e9s <strong data-start=\"1134\" data-end=\"1169\">fresc, elegant i ben equilibrat<\/strong>, amb una acidesa vibrant que ressalta els sabors fruiters i florals. T\u00e9 una textura sedosa i un <strong data-start=\"1266\" data-end=\"1281\">final llarg<\/strong> i net, que deixa una agradable sensaci\u00f3 de frescor i suavitat.<\/li>\n<\/ul>\n<h3 data-start=\"1348\" data-end=\"1376\"><strong data-start=\"1352\" data-end=\"1376\">Maridatge recomanat:<\/strong><\/h3>\n<p data-start=\"1377\" data-end=\"1655\">El <strong data-start=\"1380\" data-end=\"1418\">Ch\u00e2teau d&#8217;Esclans Whispering Angel<\/strong> \u00e9s ideal per acompanyar <strong data-start=\"1443\" data-end=\"1453\">marisc<\/strong>, <strong data-start=\"1455\" data-end=\"1476\">peix a la graella<\/strong>, <strong data-start=\"1478\" data-end=\"1499\">amanides fresques<\/strong>, <strong data-start=\"1501\" data-end=\"1520\">formatges suaus<\/strong> i <strong data-start=\"1523\" data-end=\"1545\">aperitius elegants<\/strong>. Tamb\u00e9 \u00e9s perfecte per gaudir sol com un refrescant aperitiu en climes c\u00e0lids o en qualsevol ocasi\u00f3 especial.<\/p>\n<p data-start=\"1657\" data-end=\"1878\" data-is-last-node=\"\" data-is-only-node=\"\">En resum, el <strong data-start=\"1670\" data-end=\"1708\">Ch\u00e2teau d&#8217;Esclans Whispering Angel<\/strong> \u00e9s un rosat sofisticat, fresc i f\u00e0cil de beure, que reflecteix l&#8217;ess\u00e8ncia dels rosats de Proven\u00e7a, oferint una experi\u00e8ncia deliciosa i elegant per als amants del bon vi.<\/p>\n","protected":false},"excerpt":{"rendered":"<p>El <strong data-start=\"3\" data-end=\"41\">Ch\u00e2teau d&#8217;Esclans Whispering Angel<\/strong> \u00e9s un vi rosat elegant i fresc elaborat a Proven\u00e7a amb <strong data-start=\"97\" data-end=\"109\">Grenache<\/strong>, <strong data-start=\"111\" data-end=\"123\">Cinsault<\/strong>, <strong data-start=\"125\" data-end=\"139\">Vermentino<\/strong> i <strong data-start=\"142\" data-end=\"151\">Syrah<\/strong>. Presenta un color <strong data-start=\"171\" data-end=\"188\">rosat p\u00e0l\u00b7lid<\/strong> amb reflexos daurats i aromas de <strong data-start=\"222\" data-end=\"242\">fruites fresques<\/strong> com <strong data-start=\"247\" data-end=\"258\">cireres<\/strong>, <strong data-start=\"260\" data-end=\"272\">maduixes<\/strong> i <strong data-start=\"275\" data-end=\"288\">meloctons<\/strong>, amb un toc floral i notes c\u00edtriques. A boca \u00e9s <strong data-start=\"337\" data-end=\"366\">equilibrat, fresc i sed\u00f3s<\/strong>, amb una <strong data-start=\"376\" data-end=\"395\">acidesa vibrant<\/strong> i un <strong data-start=\"401\" data-end=\"416\">final llarg<\/strong> i net. Ideal per acompanyar <strong data-start=\"445\" data-end=\"455\">marisc<\/strong>, <strong data-start=\"457\" data-end=\"478\">peix a la graella<\/strong> i <strong data-start=\"481\" data-end=\"503\">aperitius elegants<\/strong>, \u00e9s un rosat sofisticat i f\u00e0cil de gaudir.<\/p>\n","protected":false},"featured_media":121107,"comment_status":"closed","ping_status":"closed","template":"","meta":{"_acf_changed":false},"pwb-brand":[],"product_brand":[],"product_cat":[51674,51670,51682],"product_tag":[52349],"class_list":{"0":"post-121110","1":"product","2":"type-product","3":"status-publish","4":"has-post-thumbnail","6":"product_cat-botiga","7":"product_cat-vi","8":"product_cat-vi-rosat","9":"product_tag-chateau-desclans-whispering-2","10":"pa_formatoenml-38306","11":"pa_pais-franca","12":"entry","13":"has-media","15":"first","16":"instock","17":"taxable","18":"shipping-taxable","19":"purchasable","20":"product-type-simple"},"acf":[],"yoast_head":"<!-- This site is optimized with the Yoast SEO Premium plugin v23.1 (Yoast SEO v23.5) - https:\/\/yoast.com\/wordpress\/plugins\/seo\/ -->\n<title>Chateau D&#039;Esclans Whispering Angel<\/title>\n<meta name=\"description\" content=\"Comprar al millor preu el vi rosat Chateau D&#039;Esclans Whispering Angel a M\u00f3n La Cata. Botiga online especialitzada en vins, destil\u00b7lats, cerveses i alimentaci\u00f3.\" \/>\n<meta name=\"robots\" content=\"noindex, follow, max-snippet:-1, max-image-preview:large, max-video-preview:-1\" \/>\n<meta property=\"og:locale\" content=\"ca_ES\" \/>\n<meta property=\"og:type\" content=\"article\" \/>\n<meta property=\"og:title\" content=\"Chateau D&#039;Esclans Whispering Angel\" \/>\n<meta property=\"og:description\" content=\"Comprar al millor preu el vi rosat Chateau D&#039;Esclans Whispering Angel a M\u00f3n La Cata. Botiga online especialitzada en vins, destil\u00b7lats, cerveses i alimentaci\u00f3.\" \/>\n<meta property=\"og:url\" content=\"https:\/\/aral2.cetrexmarketing.com\/ca\/producto\/chateau-desclans-whispering-angel\/\" \/>\n<meta property=\"og:site_name\" content=\"M\u00f3n La Cata\" \/>\n<meta property=\"article:modified_time\" content=\"2025-05-27T08:13:44+00:00\" \/>\n<meta property=\"og:image\" content=\"https:\/\/aral2.cetrexmarketing.com\/wp-content\/uploads\/2025\/05\/chateau-desclans-whispering-angel.png\" \/>\n\t<meta property=\"og:image:width\" content=\"765\" \/>\n\t<meta property=\"og:image:height\" content=\"1024\" \/>\n\t<meta property=\"og:image:type\" content=\"image\/png\" \/>\n<meta name=\"twitter:card\" content=\"summary_large_image\" \/>\n<meta name=\"twitter:label1\" content=\"Temps estimat de lectura\" \/>\n\t<meta name=\"twitter:data1\" content=\"2 minuts\" \/>\n<script type=\"application\/ld+json\" class=\"yoast-schema-graph\">{\"@context\":\"https:\/\/schema.org\",\"@graph\":[{\"@type\":\"WebPage\",\"@id\":\"https:\/\/aral2.cetrexmarketing.com\/ca\/producto\/chateau-desclans-whispering-angel\/\",\"url\":\"https:\/\/aral2.cetrexmarketing.com\/ca\/producto\/chateau-desclans-whispering-angel\/\",\"name\":\"Chateau D'Esclans Whispering Angel\",\"isPartOf\":{\"@id\":\"https:\/\/aral2.cetrexmarketing.com\/#website\"},\"primaryImageOfPage\":{\"@id\":\"https:\/\/aral2.cetrexmarketing.com\/ca\/producto\/chateau-desclans-whispering-angel\/#primaryimage\"},\"image\":{\"@id\":\"https:\/\/aral2.cetrexmarketing.com\/ca\/producto\/chateau-desclans-whispering-angel\/#primaryimage\"},\"thumbnailUrl\":\"https:\/\/aral2.cetrexmarketing.com\/wp-content\/uploads\/2025\/05\/chateau-desclans-whispering-angel.png\",\"datePublished\":\"2025-05-27T04:57:59+00:00\",\"dateModified\":\"2025-05-27T08:13:44+00:00\",\"description\":\"Comprar al millor preu el vi rosat Chateau D'Esclans Whispering Angel a M\u00f3n La Cata. Botiga online especialitzada en vins, destil\u00b7lats, cerveses i alimentaci\u00f3.\",\"breadcrumb\":{\"@id\":\"https:\/\/aral2.cetrexmarketing.com\/ca\/producto\/chateau-desclans-whispering-angel\/#breadcrumb\"},\"inLanguage\":\"ca\",\"potentialAction\":[{\"@type\":\"ReadAction\",\"target\":[\"https:\/\/aral2.cetrexmarketing.com\/ca\/producto\/chateau-desclans-whispering-angel\/\"]}]},{\"@type\":\"ImageObject\",\"inLanguage\":\"ca\",\"@id\":\"https:\/\/aral2.cetrexmarketing.com\/ca\/producto\/chateau-desclans-whispering-angel\/#primaryimage\",\"url\":\"https:\/\/aral2.cetrexmarketing.com\/wp-content\/uploads\/2025\/05\/chateau-desclans-whispering-angel.png\",\"contentUrl\":\"https:\/\/aral2.cetrexmarketing.com\/wp-content\/uploads\/2025\/05\/chateau-desclans-whispering-angel.png\",\"width\":765,\"height\":1024},{\"@type\":\"BreadcrumbList\",\"@id\":\"https:\/\/aral2.cetrexmarketing.com\/ca\/producto\/chateau-desclans-whispering-angel\/#breadcrumb\",\"itemListElement\":[{\"@type\":\"ListItem\",\"position\":1,\"name\":\"Home\",\"item\":\"https:\/\/aral2.cetrexmarketing.com\/ca\/\"},{\"@type\":\"ListItem\",\"position\":2,\"name\":\"Tienda\",\"item\":\"https:\/\/aral2.cetrexmarketing.com\/ca\/tienda-2\/\"},{\"@type\":\"ListItem\",\"position\":3,\"name\":\"Tienda\",\"item\":\"https:\/\/aral2.cetrexmarketing.com\/categoria-producto\/inicio\/\"},{\"@type\":\"ListItem\",\"position\":4,\"name\":\"Chateau D&#8217;Esclans Whispering Angel\"}]},{\"@type\":\"WebSite\",\"@id\":\"https:\/\/aral2.cetrexmarketing.com\/#website\",\"url\":\"https:\/\/aral2.cetrexmarketing.com\/\",\"name\":\"M\u00f3n La Cata\",\"description\":\"Tienda de vinos, licores, cervezas y gourmet\",\"publisher\":{\"@id\":\"https:\/\/aral2.cetrexmarketing.com\/#organization\"},\"potentialAction\":[{\"@type\":\"SearchAction\",\"target\":{\"@type\":\"EntryPoint\",\"urlTemplate\":\"https:\/\/aral2.cetrexmarketing.com\/?s={search_term_string}\"},\"query-input\":{\"@type\":\"PropertyValueSpecification\",\"valueRequired\":true,\"valueName\":\"search_term_string\"}}],\"inLanguage\":\"ca\"},{\"@type\":\"Organization\",\"@id\":\"https:\/\/aral2.cetrexmarketing.com\/#organization\",\"name\":\"M\u00f3n La Cata\",\"url\":\"https:\/\/aral2.cetrexmarketing.com\/\",\"logo\":{\"@type\":\"ImageObject\",\"inLanguage\":\"ca\",\"@id\":\"https:\/\/aral2.cetrexmarketing.com\/#\/schema\/logo\/image\/\",\"url\":\"https:\/\/aral2.cetrexmarketing.com\/wp-content\/uploads\/2024\/10\/aral-logo-neg-1024x409-1.png\",\"contentUrl\":\"https:\/\/aral2.cetrexmarketing.com\/wp-content\/uploads\/2024\/10\/aral-logo-neg-1024x409-1.png\",\"width\":1024,\"height\":409,\"caption\":\"M\u00f3n La Cata\"},\"image\":{\"@id\":\"https:\/\/aral2.cetrexmarketing.com\/#\/schema\/logo\/image\/\"}}]}<\/script>\n<!-- \/ Yoast SEO Premium plugin. -->","yoast_head_json":{"title":"Chateau D'Esclans Whispering Angel","description":"Comprar al millor preu el vi rosat Chateau D'Esclans Whispering Angel a M\u00f3n La Cata. Botiga online especialitzada en vins, destil\u00b7lats, cerveses i alimentaci\u00f3.","robots":{"index":"noindex","follow":"follow","max-snippet":"max-snippet:-1","max-image-preview":"max-image-preview:large","max-video-preview":"max-video-preview:-1"},"og_locale":"ca_ES","og_type":"article","og_title":"Chateau D'Esclans Whispering Angel","og_description":"Comprar al millor preu el vi rosat Chateau D'Esclans Whispering Angel a M\u00f3n La Cata. Botiga online especialitzada en vins, destil\u00b7lats, cerveses i alimentaci\u00f3.","og_url":"https:\/\/aral2.cetrexmarketing.com\/ca\/producto\/chateau-desclans-whispering-angel\/","og_site_name":"M\u00f3n La Cata","article_modified_time":"2025-05-27T08:13:44+00:00","og_image":[{"width":765,"height":1024,"url":"https:\/\/aral2.cetrexmarketing.com\/wp-content\/uploads\/2025\/05\/chateau-desclans-whispering-angel.png","type":"image\/png"}],"twitter_card":"summary_large_image","twitter_misc":{"Temps estimat de lectura":"2 minuts"},"schema":{"@context":"https:\/\/schema.org","@graph":[{"@type":"WebPage","@id":"https:\/\/aral2.cetrexmarketing.com\/ca\/producto\/chateau-desclans-whispering-angel\/","url":"https:\/\/aral2.cetrexmarketing.com\/ca\/producto\/chateau-desclans-whispering-angel\/","name":"Chateau D'Esclans Whispering Angel","isPartOf":{"@id":"https:\/\/aral2.cetrexmarketing.com\/#website"},"primaryImageOfPage":{"@id":"https:\/\/aral2.cetrexmarketing.com\/ca\/producto\/chateau-desclans-whispering-angel\/#primaryimage"},"image":{"@id":"https:\/\/aral2.cetrexmarketing.com\/ca\/producto\/chateau-desclans-whispering-angel\/#primaryimage"},"thumbnailUrl":"https:\/\/aral2.cetrexmarketing.com\/wp-content\/uploads\/2025\/05\/chateau-desclans-whispering-angel.png","datePublished":"2025-05-27T04:57:59+00:00","dateModified":"2025-05-27T08:13:44+00:00","description":"Comprar al millor preu el vi rosat Chateau D'Esclans Whispering Angel a M\u00f3n La Cata. Botiga online especialitzada en vins, destil\u00b7lats, cerveses i alimentaci\u00f3.","breadcrumb":{"@id":"https:\/\/aral2.cetrexmarketing.com\/ca\/producto\/chateau-desclans-whispering-angel\/#breadcrumb"},"inLanguage":"ca","potentialAction":[{"@type":"ReadAction","target":["https:\/\/aral2.cetrexmarketing.com\/ca\/producto\/chateau-desclans-whispering-angel\/"]}]},{"@type":"ImageObject","inLanguage":"ca","@id":"https:\/\/aral2.cetrexmarketing.com\/ca\/producto\/chateau-desclans-whispering-angel\/#primaryimage","url":"https:\/\/aral2.cetrexmarketing.com\/wp-content\/uploads\/2025\/05\/chateau-desclans-whispering-angel.png","contentUrl":"https:\/\/aral2.cetrexmarketing.com\/wp-content\/uploads\/2025\/05\/chateau-desclans-whispering-angel.png","width":765,"height":1024},{"@type":"BreadcrumbList","@id":"https:\/\/aral2.cetrexmarketing.com\/ca\/producto\/chateau-desclans-whispering-angel\/#breadcrumb","itemListElement":[{"@type":"ListItem","position":1,"name":"Home","item":"https:\/\/aral2.cetrexmarketing.com\/ca\/"},{"@type":"ListItem","position":2,"name":"Tienda","item":"https:\/\/aral2.cetrexmarketing.com\/ca\/tienda-2\/"},{"@type":"ListItem","position":3,"name":"Tienda","item":"https:\/\/aral2.cetrexmarketing.com\/categoria-producto\/inicio\/"},{"@type":"ListItem","position":4,"name":"Chateau D&#8217;Esclans Whispering Angel"}]},{"@type":"WebSite","@id":"https:\/\/aral2.cetrexmarketing.com\/#website","url":"https:\/\/aral2.cetrexmarketing.com\/","name":"M\u00f3n La Cata","description":"Tienda de vinos, licores, cervezas y gourmet","publisher":{"@id":"https:\/\/aral2.cetrexmarketing.com\/#organization"},"potentialAction":[{"@type":"SearchAction","target":{"@type":"EntryPoint","urlTemplate":"https:\/\/aral2.cetrexmarketing.com\/?s={search_term_string}"},"query-input":{"@type":"PropertyValueSpecification","valueRequired":true,"valueName":"search_term_string"}}],"inLanguage":"ca"},{"@type":"Organization","@id":"https:\/\/aral2.cetrexmarketing.com\/#organization","name":"M\u00f3n La Cata","url":"https:\/\/aral2.cetrexmarketing.com\/","logo":{"@type":"ImageObject","inLanguage":"ca","@id":"https:\/\/aral2.cetrexmarketing.com\/#\/schema\/logo\/image\/","url":"https:\/\/aral2.cetrexmarketing.com\/wp-content\/uploads\/2024\/10\/aral-logo-neg-1024x409-1.png","contentUrl":"https:\/\/aral2.cetrexmarketing.com\/wp-content\/uploads\/2024\/10\/aral-logo-neg-1024x409-1.png","width":1024,"height":409,"caption":"M\u00f3n La Cata"},"image":{"@id":"https:\/\/aral2.cetrexmarketing.com\/#\/schema\/logo\/image\/"}}]}},"brands":[],"_links":{"self":[{"href":"https:\/\/aral2.cetrexmarketing.com\/ca\/wp-json\/wp\/v2\/product\/121110","targetHints":{"allow":["GET"]}}],"collection":[{"href":"https:\/\/aral2.cetrexmarketing.com\/ca\/wp-json\/wp\/v2\/product"}],"about":[{"href":"https:\/\/aral2.cetrexmarketing.com\/ca\/wp-json\/wp\/v2\/types\/product"}],"replies":[{"embeddable":true,"href":"https:\/\/aral2.cetrexmarketing.com\/ca\/wp-json\/wp\/v2\/comments?post=121110"}],"wp:featuredmedia":[{"embeddable":true,"href":"https:\/\/aral2.cetrexmarketing.com\/ca\/wp-json\/wp\/v2\/media\/121107"}],"wp:attachment":[{"href":"https:\/\/aral2.cetrexmarketing.com\/ca\/wp-json\/wp\/v2\/media?parent=121110"}],"wp:term":[{"taxonomy":"pwb-brand","embeddable":true,"href":"https:\/\/aral2.cetrexmarketing.com\/ca\/wp-json\/wp\/v2\/pwb-brand?post=121110"},{"taxonomy":"product_brand","embeddable":true,"href":"https:\/\/aral2.cetrexmarketing.com\/ca\/wp-json\/wp\/v2\/product_brand?post=121110"},{"taxonomy":"product_cat","embeddable":true,"href":"https:\/\/aral2.cetrexmarketing.com\/ca\/wp-json\/wp\/v2\/product_cat?post=121110"},{"taxonomy":"product_tag","embeddable":true,"href":"https:\/\/aral2.cetrexmarketing.com\/ca\/wp-json\/wp\/v2\/product_tag?post=121110"}],"curies":[{"name":"wp","href":"https:\/\/api.w.org\/{rel}","templated":true}]}}