{"id":121106,"date":"2025-05-27T04:57:53","date_gmt":"2025-05-27T04:57:53","guid":{"rendered":"https:\/\/aral2.cetrexmarketing.com\/producto\/chateau-desclans-the-pale\/"},"modified":"2025-05-27T08:13:42","modified_gmt":"2025-05-27T08:13:42","slug":"chateau-desclans-the-pale","status":"publish","type":"product","link":"https:\/\/aral2.cetrexmarketing.com\/ca\/producto\/chateau-desclans-the-pale\/","title":{"rendered":"Chateau D&#8217;Esclans The Pale"},"content":{"rendered":"<p data-start=\"0\" data-end=\"335\">El <strong data-start=\"3\" data-end=\"33\">Ch\u00e2teau d&#8217;Esclans The Pale<\/strong> \u00e9s un <strong data-start=\"40\" data-end=\"52\">vi rosat<\/strong> sofisticat i elegant, elaborat a la prestigiosa regi\u00f3 de <strong data-start=\"110\" data-end=\"122\">Proven\u00e7a<\/strong>, Fran\u00e7a, per la bodega <strong data-start=\"146\" data-end=\"167\">Ch\u00e2teau d&#8217;Esclans<\/strong>, coneguda per la seva dedicaci\u00f3 a crear rosats d&#8217;alta gamma. Aquest vi est\u00e0 dissenyat per aquells que busquen una opci\u00f3 fresca i refinada amb una complexitat delicada.<\/p>\n<h3 data-start=\"337\" data-end=\"373\"><strong data-start=\"341\" data-end=\"373\">Caracter\u00edstiques principals:<\/strong><\/h3>\n<ul data-start=\"374\" data-end=\"1348\">\n<li data-start=\"374\" data-end=\"582\"><strong data-start=\"376\" data-end=\"398\">Varietats de ra\u00efm:<\/strong> El <strong data-start=\"402\" data-end=\"414\">The Pale<\/strong> s&#8217;elabora principalment amb <strong data-start=\"443\" data-end=\"455\">Grenache<\/strong>, <strong data-start=\"457\" data-end=\"469\">Cinsault<\/strong> i altres varietats t\u00edpiques de la regi\u00f3, la qual cosa li atorga una frescor notable i una estructura delicada.<\/li>\n<li data-start=\"583\" data-end=\"779\"><strong data-start=\"585\" data-end=\"595\">Color:<\/strong> El seu color \u00e9s un <strong data-start=\"615\" data-end=\"632\">rosat p\u00e0l\u00b7lid<\/strong> brillant, gaireb\u00e9 transparent, que reflecteix la puresa i l&#8217;eleg\u00e0ncia del vi, una caracter\u00edstica comuna dels rosats d&#8217;alta qualitat de Proven\u00e7a.<\/li>\n<li data-start=\"780\" data-end=\"1094\"><strong data-start=\"782\" data-end=\"792\">Aroma:<\/strong> A la nas, el <strong data-start=\"806\" data-end=\"836\">Ch\u00e2teau d&#8217;Esclans The Pale<\/strong> presenta una barreja cautivadora de <strong data-start=\"873\" data-end=\"893\">fruites fresques<\/strong> com <strong data-start=\"898\" data-end=\"908\">cirera<\/strong>, <strong data-start=\"910\" data-end=\"921\">maduixa<\/strong> i <strong data-start=\"924\" data-end=\"935\" data-is-only-node=\"\">meloct\u00f3<\/strong>, juntament amb notes florals subtils i un toc de <strong data-start=\"985\" data-end=\"996\">c\u00edtrics<\/strong> que aporten frescor. A m\u00e9s, t\u00e9 una lleugera <strong data-start=\"1041\" data-end=\"1056\">mineralitat<\/strong> que li d\u00f3na complexitat i car\u00e0cter.<\/li>\n<li data-start=\"1095\" data-end=\"1348\"><strong data-start=\"1097\" data-end=\"1107\">Sabor:<\/strong> A boca, \u00e9s <strong data-start=\"1119\" data-end=\"1150\">fresc, sec i ben equilibrat<\/strong>, amb una <strong data-start=\"1160\" data-end=\"1176\">acidesa viva<\/strong> que ressalta les seves notes fruiteres i florals. La seva textura \u00e9s <strong data-start=\"1246\" data-end=\"1263\">suau i sedosa<\/strong>, amb un <strong data-start=\"1272\" data-end=\"1287\">final llarg<\/strong> i refrescant que deixa una sensaci\u00f3 d&#8217;eleg\u00e0ncia i frescor.<\/li>\n<\/ul>\n<h3 data-start=\"1350\" data-end=\"1378\"><strong data-start=\"1354\" data-end=\"1378\">Maridatge recomanat:<\/strong><\/h3>\n<p data-start=\"1379\" data-end=\"1672\">El <strong data-start=\"1382\" data-end=\"1412\">Ch\u00e2teau d&#8217;Esclans The Pale<\/strong> \u00e9s ideal per acompanyar <strong data-start=\"1437\" data-end=\"1447\">marisc<\/strong>, <strong data-start=\"1449\" data-end=\"1470\">peix a la graella<\/strong>, <strong data-start=\"1472\" data-end=\"1493\">amanides fresques<\/strong>, <strong data-start=\"1495\" data-end=\"1514\">formatges suaus<\/strong> i <strong data-start=\"1517\" data-end=\"1539\">aperitius lleugers<\/strong>. Tamb\u00e9 \u00e9s perfecte per gaudir sol en climes c\u00e0lids o en ocasions especials, ja que \u00e9s un vi f\u00e0cil de beure i extremadament vers\u00e0til.<\/p>\n<p data-start=\"1674\" data-end=\"1925\" data-is-last-node=\"\" data-is-only-node=\"\">En resum, el <strong data-start=\"1687\" data-end=\"1717\">Ch\u00e2teau d&#8217;Esclans The Pale<\/strong> \u00e9s un rosat elegant, fresc i d&#8217;alta qualitat, amb una excel\u00b7lent combinaci\u00f3 d&#8217;aromes fruiters i florals, que ofereix una experi\u00e8ncia sensorial agradable i sofisticada per als amants dels vins rosats premium.<\/p>\n","protected":false},"excerpt":{"rendered":"<p>El <strong data-start=\"3\" data-end=\"33\">Ch\u00e2teau d&#8217;Esclans The Pale<\/strong> \u00e9s un vi rosat elegant i fresc elaborat a Proven\u00e7a amb <strong data-start=\"89\" data-end=\"101\">Grenache<\/strong> i <strong data-start=\"104\" data-end=\"116\">Cinsault<\/strong>, que destaca per un color <strong data-start=\"143\" data-end=\"160\">rosat p\u00e0l\u00b7lid<\/strong> brillant i una combinaci\u00f3 d&#8217;aromes de <strong data-start=\"199\" data-end=\"219\">fruites fresques<\/strong> com <strong data-start=\"224\" data-end=\"234\">cirera<\/strong> i <strong data-start=\"237\" data-end=\"248\">maduixa<\/strong>, amb notes florals i un toc de <strong data-start=\"280\" data-end=\"291\">c\u00edtrics<\/strong>. A boca \u00e9s <strong data-start=\"303\" data-end=\"330\">equilibrat, sec i fresc<\/strong>, amb una <strong data-start=\"340\" data-end=\"356\">acidesa viva<\/strong> i una textura <strong data-start=\"371\" data-end=\"381\">sedosa<\/strong>, amb un <strong data-start=\"390\" data-end=\"405\">final llarg<\/strong> i refrescant. \u00c9s ideal per acompanyar <strong data-start=\"444\" data-end=\"454\">marisc<\/strong>, <strong data-start=\"456\" data-end=\"477\">peix a la graella<\/strong>, <strong data-start=\"479\" data-end=\"498\">formatges suaus<\/strong> i <strong data-start=\"501\" data-end=\"523\">aperitius lleugers<\/strong>, i una excel\u00b7lent opci\u00f3 per gaudir en qualsevol ocasi\u00f3 especial.<\/p>\n","protected":false},"featured_media":121103,"comment_status":"closed","ping_status":"closed","template":"","meta":{"_acf_changed":false},"pwb-brand":[],"product_brand":[],"product_cat":[51674,51670,51682],"product_tag":[52296],"class_list":{"0":"post-121106","1":"product","2":"type-product","3":"status-publish","4":"has-post-thumbnail","6":"product_cat-botiga","7":"product_cat-vi","8":"product_cat-vi-rosat","9":"product_tag-chateau-desclans-the-pale-2","10":"pa_formatoenml-38306","11":"pa_pais-franca","12":"entry","13":"has-media","15":"first","16":"instock","17":"taxable","18":"shipping-taxable","19":"purchasable","20":"product-type-simple"},"acf":[],"yoast_head":"<!-- This site is optimized with the Yoast SEO Premium plugin v23.1 (Yoast SEO v23.5) - https:\/\/yoast.com\/wordpress\/plugins\/seo\/ -->\n<title>Chateau D&#039;Esclans The Pale<\/title>\n<meta name=\"description\" content=\"Comprar al millor preu el vi rosat Chateau D&#039;Esclans The Pale a M\u00f3n La Cata. Botiga online especialitzada en vins, destil\u00b7lats, cerveses i alimentaci\u00f3.\" \/>\n<meta name=\"robots\" content=\"noindex, follow, max-snippet:-1, max-image-preview:large, max-video-preview:-1\" \/>\n<meta property=\"og:locale\" content=\"ca_ES\" \/>\n<meta property=\"og:type\" content=\"article\" \/>\n<meta property=\"og:title\" content=\"Chateau D&#039;Esclans The Pale\" \/>\n<meta property=\"og:description\" content=\"Comprar al millor preu el vi rosat Chateau D&#039;Esclans The Pale a M\u00f3n La Cata. Botiga online especialitzada en vins, destil\u00b7lats, cerveses i alimentaci\u00f3.\" \/>\n<meta property=\"og:url\" content=\"https:\/\/aral2.cetrexmarketing.com\/ca\/producto\/chateau-desclans-the-pale\/\" \/>\n<meta property=\"og:site_name\" content=\"M\u00f3n La Cata\" \/>\n<meta property=\"article:modified_time\" content=\"2025-05-27T08:13:42+00:00\" \/>\n<meta property=\"og:image\" content=\"https:\/\/aral2.cetrexmarketing.com\/wp-content\/uploads\/2025\/05\/chateau-desclans-the-pale.jpg.png\" \/>\n\t<meta property=\"og:image:width\" content=\"765\" \/>\n\t<meta property=\"og:image:height\" content=\"1024\" \/>\n\t<meta property=\"og:image:type\" content=\"image\/png\" \/>\n<meta name=\"twitter:card\" content=\"summary_large_image\" \/>\n<meta name=\"twitter:label1\" content=\"Temps estimat de lectura\" \/>\n\t<meta name=\"twitter:data1\" content=\"2 minuts\" \/>\n<script type=\"application\/ld+json\" class=\"yoast-schema-graph\">{\"@context\":\"https:\/\/schema.org\",\"@graph\":[{\"@type\":\"WebPage\",\"@id\":\"https:\/\/aral2.cetrexmarketing.com\/ca\/producto\/chateau-desclans-the-pale\/\",\"url\":\"https:\/\/aral2.cetrexmarketing.com\/ca\/producto\/chateau-desclans-the-pale\/\",\"name\":\"Chateau D'Esclans The Pale\",\"isPartOf\":{\"@id\":\"https:\/\/aral2.cetrexmarketing.com\/#website\"},\"primaryImageOfPage\":{\"@id\":\"https:\/\/aral2.cetrexmarketing.com\/ca\/producto\/chateau-desclans-the-pale\/#primaryimage\"},\"image\":{\"@id\":\"https:\/\/aral2.cetrexmarketing.com\/ca\/producto\/chateau-desclans-the-pale\/#primaryimage\"},\"thumbnailUrl\":\"https:\/\/aral2.cetrexmarketing.com\/wp-content\/uploads\/2025\/05\/chateau-desclans-the-pale.jpg.png\",\"datePublished\":\"2025-05-27T04:57:53+00:00\",\"dateModified\":\"2025-05-27T08:13:42+00:00\",\"description\":\"Comprar al millor preu el vi rosat Chateau D'Esclans The Pale a M\u00f3n La Cata. Botiga online especialitzada en vins, destil\u00b7lats, cerveses i alimentaci\u00f3.\",\"breadcrumb\":{\"@id\":\"https:\/\/aral2.cetrexmarketing.com\/ca\/producto\/chateau-desclans-the-pale\/#breadcrumb\"},\"inLanguage\":\"ca\",\"potentialAction\":[{\"@type\":\"ReadAction\",\"target\":[\"https:\/\/aral2.cetrexmarketing.com\/ca\/producto\/chateau-desclans-the-pale\/\"]}]},{\"@type\":\"ImageObject\",\"inLanguage\":\"ca\",\"@id\":\"https:\/\/aral2.cetrexmarketing.com\/ca\/producto\/chateau-desclans-the-pale\/#primaryimage\",\"url\":\"https:\/\/aral2.cetrexmarketing.com\/wp-content\/uploads\/2025\/05\/chateau-desclans-the-pale.jpg.png\",\"contentUrl\":\"https:\/\/aral2.cetrexmarketing.com\/wp-content\/uploads\/2025\/05\/chateau-desclans-the-pale.jpg.png\",\"width\":765,\"height\":1024},{\"@type\":\"BreadcrumbList\",\"@id\":\"https:\/\/aral2.cetrexmarketing.com\/ca\/producto\/chateau-desclans-the-pale\/#breadcrumb\",\"itemListElement\":[{\"@type\":\"ListItem\",\"position\":1,\"name\":\"Home\",\"item\":\"https:\/\/aral2.cetrexmarketing.com\/ca\/\"},{\"@type\":\"ListItem\",\"position\":2,\"name\":\"Tienda\",\"item\":\"https:\/\/aral2.cetrexmarketing.com\/ca\/tienda-2\/\"},{\"@type\":\"ListItem\",\"position\":3,\"name\":\"Tienda\",\"item\":\"https:\/\/aral2.cetrexmarketing.com\/categoria-producto\/inicio\/\"},{\"@type\":\"ListItem\",\"position\":4,\"name\":\"Chateau D&#8217;Esclans The Pale\"}]},{\"@type\":\"WebSite\",\"@id\":\"https:\/\/aral2.cetrexmarketing.com\/#website\",\"url\":\"https:\/\/aral2.cetrexmarketing.com\/\",\"name\":\"M\u00f3n La Cata\",\"description\":\"Tienda de vinos, licores, cervezas y gourmet\",\"publisher\":{\"@id\":\"https:\/\/aral2.cetrexmarketing.com\/#organization\"},\"potentialAction\":[{\"@type\":\"SearchAction\",\"target\":{\"@type\":\"EntryPoint\",\"urlTemplate\":\"https:\/\/aral2.cetrexmarketing.com\/?s={search_term_string}\"},\"query-input\":{\"@type\":\"PropertyValueSpecification\",\"valueRequired\":true,\"valueName\":\"search_term_string\"}}],\"inLanguage\":\"ca\"},{\"@type\":\"Organization\",\"@id\":\"https:\/\/aral2.cetrexmarketing.com\/#organization\",\"name\":\"M\u00f3n La Cata\",\"url\":\"https:\/\/aral2.cetrexmarketing.com\/\",\"logo\":{\"@type\":\"ImageObject\",\"inLanguage\":\"ca\",\"@id\":\"https:\/\/aral2.cetrexmarketing.com\/#\/schema\/logo\/image\/\",\"url\":\"https:\/\/aral2.cetrexmarketing.com\/wp-content\/uploads\/2024\/10\/aral-logo-neg-1024x409-1.png\",\"contentUrl\":\"https:\/\/aral2.cetrexmarketing.com\/wp-content\/uploads\/2024\/10\/aral-logo-neg-1024x409-1.png\",\"width\":1024,\"height\":409,\"caption\":\"M\u00f3n La Cata\"},\"image\":{\"@id\":\"https:\/\/aral2.cetrexmarketing.com\/#\/schema\/logo\/image\/\"}}]}<\/script>\n<!-- \/ Yoast SEO Premium plugin. -->","yoast_head_json":{"title":"Chateau D'Esclans The Pale","description":"Comprar al millor preu el vi rosat Chateau D'Esclans The Pale a M\u00f3n La Cata. Botiga online especialitzada en vins, destil\u00b7lats, cerveses i alimentaci\u00f3.","robots":{"index":"noindex","follow":"follow","max-snippet":"max-snippet:-1","max-image-preview":"max-image-preview:large","max-video-preview":"max-video-preview:-1"},"og_locale":"ca_ES","og_type":"article","og_title":"Chateau D'Esclans The Pale","og_description":"Comprar al millor preu el vi rosat Chateau D'Esclans The Pale a M\u00f3n La Cata. Botiga online especialitzada en vins, destil\u00b7lats, cerveses i alimentaci\u00f3.","og_url":"https:\/\/aral2.cetrexmarketing.com\/ca\/producto\/chateau-desclans-the-pale\/","og_site_name":"M\u00f3n La Cata","article_modified_time":"2025-05-27T08:13:42+00:00","og_image":[{"width":765,"height":1024,"url":"https:\/\/aral2.cetrexmarketing.com\/wp-content\/uploads\/2025\/05\/chateau-desclans-the-pale.jpg.png","type":"image\/png"}],"twitter_card":"summary_large_image","twitter_misc":{"Temps estimat de lectura":"2 minuts"},"schema":{"@context":"https:\/\/schema.org","@graph":[{"@type":"WebPage","@id":"https:\/\/aral2.cetrexmarketing.com\/ca\/producto\/chateau-desclans-the-pale\/","url":"https:\/\/aral2.cetrexmarketing.com\/ca\/producto\/chateau-desclans-the-pale\/","name":"Chateau D'Esclans The Pale","isPartOf":{"@id":"https:\/\/aral2.cetrexmarketing.com\/#website"},"primaryImageOfPage":{"@id":"https:\/\/aral2.cetrexmarketing.com\/ca\/producto\/chateau-desclans-the-pale\/#primaryimage"},"image":{"@id":"https:\/\/aral2.cetrexmarketing.com\/ca\/producto\/chateau-desclans-the-pale\/#primaryimage"},"thumbnailUrl":"https:\/\/aral2.cetrexmarketing.com\/wp-content\/uploads\/2025\/05\/chateau-desclans-the-pale.jpg.png","datePublished":"2025-05-27T04:57:53+00:00","dateModified":"2025-05-27T08:13:42+00:00","description":"Comprar al millor preu el vi rosat Chateau D'Esclans The Pale a M\u00f3n La Cata. Botiga online especialitzada en vins, destil\u00b7lats, cerveses i alimentaci\u00f3.","breadcrumb":{"@id":"https:\/\/aral2.cetrexmarketing.com\/ca\/producto\/chateau-desclans-the-pale\/#breadcrumb"},"inLanguage":"ca","potentialAction":[{"@type":"ReadAction","target":["https:\/\/aral2.cetrexmarketing.com\/ca\/producto\/chateau-desclans-the-pale\/"]}]},{"@type":"ImageObject","inLanguage":"ca","@id":"https:\/\/aral2.cetrexmarketing.com\/ca\/producto\/chateau-desclans-the-pale\/#primaryimage","url":"https:\/\/aral2.cetrexmarketing.com\/wp-content\/uploads\/2025\/05\/chateau-desclans-the-pale.jpg.png","contentUrl":"https:\/\/aral2.cetrexmarketing.com\/wp-content\/uploads\/2025\/05\/chateau-desclans-the-pale.jpg.png","width":765,"height":1024},{"@type":"BreadcrumbList","@id":"https:\/\/aral2.cetrexmarketing.com\/ca\/producto\/chateau-desclans-the-pale\/#breadcrumb","itemListElement":[{"@type":"ListItem","position":1,"name":"Home","item":"https:\/\/aral2.cetrexmarketing.com\/ca\/"},{"@type":"ListItem","position":2,"name":"Tienda","item":"https:\/\/aral2.cetrexmarketing.com\/ca\/tienda-2\/"},{"@type":"ListItem","position":3,"name":"Tienda","item":"https:\/\/aral2.cetrexmarketing.com\/categoria-producto\/inicio\/"},{"@type":"ListItem","position":4,"name":"Chateau D&#8217;Esclans The Pale"}]},{"@type":"WebSite","@id":"https:\/\/aral2.cetrexmarketing.com\/#website","url":"https:\/\/aral2.cetrexmarketing.com\/","name":"M\u00f3n La Cata","description":"Tienda de vinos, licores, cervezas y gourmet","publisher":{"@id":"https:\/\/aral2.cetrexmarketing.com\/#organization"},"potentialAction":[{"@type":"SearchAction","target":{"@type":"EntryPoint","urlTemplate":"https:\/\/aral2.cetrexmarketing.com\/?s={search_term_string}"},"query-input":{"@type":"PropertyValueSpecification","valueRequired":true,"valueName":"search_term_string"}}],"inLanguage":"ca"},{"@type":"Organization","@id":"https:\/\/aral2.cetrexmarketing.com\/#organization","name":"M\u00f3n La Cata","url":"https:\/\/aral2.cetrexmarketing.com\/","logo":{"@type":"ImageObject","inLanguage":"ca","@id":"https:\/\/aral2.cetrexmarketing.com\/#\/schema\/logo\/image\/","url":"https:\/\/aral2.cetrexmarketing.com\/wp-content\/uploads\/2024\/10\/aral-logo-neg-1024x409-1.png","contentUrl":"https:\/\/aral2.cetrexmarketing.com\/wp-content\/uploads\/2024\/10\/aral-logo-neg-1024x409-1.png","width":1024,"height":409,"caption":"M\u00f3n La Cata"},"image":{"@id":"https:\/\/aral2.cetrexmarketing.com\/#\/schema\/logo\/image\/"}}]}},"brands":[],"_links":{"self":[{"href":"https:\/\/aral2.cetrexmarketing.com\/ca\/wp-json\/wp\/v2\/product\/121106","targetHints":{"allow":["GET"]}}],"collection":[{"href":"https:\/\/aral2.cetrexmarketing.com\/ca\/wp-json\/wp\/v2\/product"}],"about":[{"href":"https:\/\/aral2.cetrexmarketing.com\/ca\/wp-json\/wp\/v2\/types\/product"}],"replies":[{"embeddable":true,"href":"https:\/\/aral2.cetrexmarketing.com\/ca\/wp-json\/wp\/v2\/comments?post=121106"}],"wp:featuredmedia":[{"embeddable":true,"href":"https:\/\/aral2.cetrexmarketing.com\/ca\/wp-json\/wp\/v2\/media\/121103"}],"wp:attachment":[{"href":"https:\/\/aral2.cetrexmarketing.com\/ca\/wp-json\/wp\/v2\/media?parent=121106"}],"wp:term":[{"taxonomy":"pwb-brand","embeddable":true,"href":"https:\/\/aral2.cetrexmarketing.com\/ca\/wp-json\/wp\/v2\/pwb-brand?post=121106"},{"taxonomy":"product_brand","embeddable":true,"href":"https:\/\/aral2.cetrexmarketing.com\/ca\/wp-json\/wp\/v2\/product_brand?post=121106"},{"taxonomy":"product_cat","embeddable":true,"href":"https:\/\/aral2.cetrexmarketing.com\/ca\/wp-json\/wp\/v2\/product_cat?post=121106"},{"taxonomy":"product_tag","embeddable":true,"href":"https:\/\/aral2.cetrexmarketing.com\/ca\/wp-json\/wp\/v2\/product_tag?post=121106"}],"curies":[{"name":"wp","href":"https:\/\/api.w.org\/{rel}","templated":true}]}}