{"id":121101,"date":"2025-05-27T04:57:27","date_gmt":"2025-05-27T04:57:27","guid":{"rendered":"https:\/\/aral2.cetrexmarketing.com\/producto\/portet-de-codony\/"},"modified":"2025-05-27T08:13:38","modified_gmt":"2025-05-27T08:13:38","slug":"portet-de-codony","status":"publish","type":"product","link":"https:\/\/aral2.cetrexmarketing.com\/ca\/producto\/portet-de-codony\/","title":{"rendered":"Portet de Codony"},"content":{"rendered":"<p data-start=\"0\" data-end=\"412\">La <strong data-start=\"3\" data-end=\"31\">Ratafia Portet de Codony<\/strong> \u00e9s una <strong data-start=\"39\" data-end=\"72\">beguda alcoh\u00f2lica tradicional<\/strong> elaborada amb <strong data-start=\"87\" data-end=\"129\">fruites de la comarca del Baix Empord\u00e0<\/strong>, especialment <strong data-start=\"144\" data-end=\"165\">membres (codonys)<\/strong>, que li confereixen el seu sabor caracter\u00edstic. La ratafia \u00e9s una beguda d&#8217;<strong data-start=\"241\" data-end=\"263\">aguardent macerada<\/strong> amb una mescla de <strong data-start=\"282\" data-end=\"297\">fruits secs<\/strong>, <strong data-start=\"299\" data-end=\"321\">herbes arom\u00e0tiques<\/strong> i <strong data-start=\"324\" data-end=\"336\">esp\u00e8cies<\/strong>, creant una infusi\u00f3 que resulta en un licor de gran complexitat i car\u00e0cter.<\/p>\n<h3 data-start=\"414\" data-end=\"450\"><strong data-start=\"418\" data-end=\"450\">Caracter\u00edstiques principals:<\/strong><\/h3>\n<ul data-start=\"451\" data-end=\"1148\">\n<li data-start=\"451\" data-end=\"589\"><strong data-start=\"453\" data-end=\"463\">Color:<\/strong> El seu color \u00e9s un <strong data-start=\"483\" data-end=\"500\">ambri profund<\/strong> amb reflexos daurats, la qual cosa reflecteix la riquesa dels seus ingredients naturals.<\/li>\n<li data-start=\"590\" data-end=\"847\"><strong data-start=\"592\" data-end=\"602\">Aroma:<\/strong> A la nas, la <strong data-start=\"616\" data-end=\"644\">Ratafia Portet de Codony<\/strong> presenta intensos tocs de <strong data-start=\"671\" data-end=\"690\">membrillo madur<\/strong>, amb tocs d&#8217;<strong data-start=\"703\" data-end=\"714\">ametlla<\/strong> i <strong data-start=\"717\" data-end=\"725\">nous<\/strong>, complementats amb matisos d&#8217;<strong data-start=\"755\" data-end=\"777\" data-is-only-node=\"\">herbes arom\u00e0tiques<\/strong> i un toc subtil d&#8217;<strong data-start=\"796\" data-end=\"808\">esp\u00e8cies<\/strong> que aporten complexitat i profunditat.<\/li>\n<li data-start=\"848\" data-end=\"1148\"><strong data-start=\"850\" data-end=\"860\">Sabor:<\/strong> A boca, \u00e9s un licor <strong data-start=\"881\" data-end=\"906\">suau, dol\u00e7 i afruitat<\/strong>, amb una textura sedosa i un <strong data-start=\"936\" data-end=\"954\">sabor agredol\u00e7<\/strong> molt equilibrat, on el <strong data-start=\"978\" data-end=\"991\">membrillo<\/strong> es combina perfectament amb els <strong data-start=\"1024\" data-end=\"1042\">tocs especiats<\/strong> i de <strong data-start=\"1048\" data-end=\"1063\" data-is-only-node=\"\">fruits secs<\/strong>. El final \u00e9s <strong data-start=\"1077\" data-end=\"1092\">persistente<\/strong>, deixant un agradable regust de fruits madurs i herbes.<\/li>\n<\/ul>\n<h3 data-start=\"1150\" data-end=\"1178\"><strong data-start=\"1154\" data-end=\"1178\">Maridatge recomanat:<\/strong><\/h3>\n<p data-start=\"1179\" data-end=\"1465\">La <strong data-start=\"1182\" data-end=\"1210\">Ratafia Portet de Codony<\/strong> \u00e9s perfecta per gaudir-ne sola, especialment <strong data-start=\"1256\" data-end=\"1269\">ben freda<\/strong> o amb gel. Tamb\u00e9 pot acompanyar postres com <strong data-start=\"1314\" data-end=\"1335\">tartes de fruites<\/strong>, <strong data-start=\"1337\" data-end=\"1347\">gelats<\/strong>, <strong data-start=\"1349\" data-end=\"1362\">xocolates<\/strong> i <strong data-start=\"1365\" data-end=\"1383\">pastissos secs<\/strong>. A m\u00e9s, \u00e9s una excel\u00b7lent opci\u00f3 per prendre com a <strong data-start=\"1434\" data-end=\"1446\">digestiu<\/strong> despr\u00e9s d&#8217;un \u00e0pat.<\/p>\n<p data-start=\"1467\" data-end=\"1752\" data-is-last-node=\"\" data-is-only-node=\"\">En resum, la <strong data-start=\"1480\" data-end=\"1508\">Ratafia Portet de Codony<\/strong> \u00e9s una beguda artesanal de gran tradici\u00f3, rica en sabors naturals, que destaca pel seu equilibri entre la dol\u00e7or del <strong data-start=\"1626\" data-end=\"1639\">membrillo<\/strong> i la complexitat de les seves <strong data-start=\"1670\" data-end=\"1691\">herbes i esp\u00e8cies<\/strong>, ideal per als amants dels licors tradicionals amb car\u00e0cter.<\/p>\n","protected":false},"excerpt":{"rendered":"<p>La <strong data-start=\"3\" data-end=\"31\">Ratafia Portet de Codony<\/strong> \u00e9s un licor tradicional elaborat a partir de <strong data-start=\"77\" data-end=\"91\">membrillos<\/strong> de la comarca del Baix Empord\u00e0, macerat amb una mescla de <strong data-start=\"150\" data-end=\"165\">fruits secs<\/strong>, <strong data-start=\"167\" data-end=\"189\">herbes arom\u00e0tiques<\/strong> i <strong data-start=\"192\" data-end=\"204\">esp\u00e8cies<\/strong>, el que li dona un sabor <strong data-start=\"230\" data-end=\"242\">afruitat<\/strong> i <strong data-start=\"245\" data-end=\"259\">equilibrat<\/strong> amb tocs de <strong data-start=\"272\" data-end=\"291\">membriell madur<\/strong>, <strong data-start=\"293\" data-end=\"304\">ametlla<\/strong> i <strong data-start=\"307\" data-end=\"315\">nous<\/strong>. Presenta un color <strong data-start=\"335\" data-end=\"352\">ambri profund<\/strong> i un <strong data-start=\"358\" data-end=\"376\">sabor agredol\u00e7<\/strong> suau, amb una textura sedosa i un <strong data-start=\"411\" data-end=\"431\">final persistent<\/strong> de fruits madurs i herbes. Ideal per prendre sola, freda o amb gel, acompanya perfectament postres com <strong data-start=\"535\" data-end=\"556\">tartes de fruites<\/strong> i <strong data-start=\"559\" data-end=\"572\">xocolates<\/strong>, i \u00e9s un excel\u00b7lent <strong data-start=\"593\" data-end=\"605\">digestiu<\/strong>.<\/p>\n","protected":false},"featured_media":121073,"comment_status":"closed","ping_status":"closed","template":"","meta":{"_acf_changed":false},"pwb-brand":[],"product_brand":[],"product_cat":[51674,51692,51719],"product_tag":[],"class_list":{"0":"post-121101","1":"product","2":"type-product","3":"status-publish","4":"has-post-thumbnail","6":"product_cat-botiga","7":"product_cat-destillats","8":"product_cat-ratafia-destillats","9":"pa_formatoenml-38307","10":"pa_graduacion-25_0","11":"pa_pais-espanya-ca","12":"pa_pueblociudad-lapobladesegurlleida","13":"pa_region-cataluna","14":"entry","15":"has-media","17":"first","18":"instock","19":"taxable","20":"shipping-taxable","21":"purchasable","22":"product-type-simple"},"acf":[],"yoast_head":"<!-- This site is optimized with the Yoast SEO Premium plugin v23.1 (Yoast SEO v23.5) - https:\/\/yoast.com\/wordpress\/plugins\/seo\/ -->\n<title>Portet de Codony<\/title>\n<meta name=\"description\" content=\"Comprar al millor preu la ratafia Portet de Codony a M\u00f3n La Cata. Botiga online especialitzada en vins, destil\u00b7lats, cerveses i alimentaci\u00f3 gurmet.\" \/>\n<meta name=\"robots\" content=\"noindex, follow, max-snippet:-1, max-image-preview:large, max-video-preview:-1\" \/>\n<meta property=\"og:locale\" content=\"ca_ES\" \/>\n<meta property=\"og:type\" content=\"article\" \/>\n<meta property=\"og:title\" content=\"Portet de Codony\" \/>\n<meta property=\"og:description\" content=\"Comprar al millor preu la ratafia Portet de Codony a M\u00f3n La Cata. Botiga online especialitzada en vins, destil\u00b7lats, cerveses i alimentaci\u00f3 gurmet.\" \/>\n<meta property=\"og:url\" content=\"https:\/\/aral2.cetrexmarketing.com\/ca\/producto\/portet-de-codony\/\" \/>\n<meta property=\"og:site_name\" content=\"M\u00f3n La Cata\" \/>\n<meta property=\"article:modified_time\" content=\"2025-05-27T08:13:38+00:00\" \/>\n<meta property=\"og:image\" content=\"https:\/\/aral2.cetrexmarketing.com\/wp-content\/uploads\/2025\/05\/ratafia-portet-de-codony.jpg.png\" \/>\n\t<meta property=\"og:image:width\" content=\"765\" \/>\n\t<meta property=\"og:image:height\" content=\"1024\" \/>\n\t<meta property=\"og:image:type\" content=\"image\/png\" \/>\n<meta name=\"twitter:card\" content=\"summary_large_image\" \/>\n<meta name=\"twitter:label1\" content=\"Temps estimat de lectura\" \/>\n\t<meta name=\"twitter:data1\" content=\"2 minuts\" \/>\n<script type=\"application\/ld+json\" class=\"yoast-schema-graph\">{\"@context\":\"https:\/\/schema.org\",\"@graph\":[{\"@type\":\"WebPage\",\"@id\":\"https:\/\/aral2.cetrexmarketing.com\/ca\/producto\/portet-de-codony\/\",\"url\":\"https:\/\/aral2.cetrexmarketing.com\/ca\/producto\/portet-de-codony\/\",\"name\":\"Portet de Codony\",\"isPartOf\":{\"@id\":\"https:\/\/aral2.cetrexmarketing.com\/#website\"},\"primaryImageOfPage\":{\"@id\":\"https:\/\/aral2.cetrexmarketing.com\/ca\/producto\/portet-de-codony\/#primaryimage\"},\"image\":{\"@id\":\"https:\/\/aral2.cetrexmarketing.com\/ca\/producto\/portet-de-codony\/#primaryimage\"},\"thumbnailUrl\":\"https:\/\/aral2.cetrexmarketing.com\/wp-content\/uploads\/2025\/05\/ratafia-portet-de-codony.jpg.png\",\"datePublished\":\"2025-05-27T04:57:27+00:00\",\"dateModified\":\"2025-05-27T08:13:38+00:00\",\"description\":\"Comprar al millor preu la ratafia Portet de Codony a M\u00f3n La Cata. Botiga online especialitzada en vins, destil\u00b7lats, cerveses i alimentaci\u00f3 gurmet.\",\"breadcrumb\":{\"@id\":\"https:\/\/aral2.cetrexmarketing.com\/ca\/producto\/portet-de-codony\/#breadcrumb\"},\"inLanguage\":\"ca\",\"potentialAction\":[{\"@type\":\"ReadAction\",\"target\":[\"https:\/\/aral2.cetrexmarketing.com\/ca\/producto\/portet-de-codony\/\"]}]},{\"@type\":\"ImageObject\",\"inLanguage\":\"ca\",\"@id\":\"https:\/\/aral2.cetrexmarketing.com\/ca\/producto\/portet-de-codony\/#primaryimage\",\"url\":\"https:\/\/aral2.cetrexmarketing.com\/wp-content\/uploads\/2025\/05\/ratafia-portet-de-codony.jpg.png\",\"contentUrl\":\"https:\/\/aral2.cetrexmarketing.com\/wp-content\/uploads\/2025\/05\/ratafia-portet-de-codony.jpg.png\",\"width\":765,\"height\":1024},{\"@type\":\"BreadcrumbList\",\"@id\":\"https:\/\/aral2.cetrexmarketing.com\/ca\/producto\/portet-de-codony\/#breadcrumb\",\"itemListElement\":[{\"@type\":\"ListItem\",\"position\":1,\"name\":\"Home\",\"item\":\"https:\/\/aral2.cetrexmarketing.com\/ca\/\"},{\"@type\":\"ListItem\",\"position\":2,\"name\":\"Tienda\",\"item\":\"https:\/\/aral2.cetrexmarketing.com\/ca\/tienda-2\/\"},{\"@type\":\"ListItem\",\"position\":3,\"name\":\"Tienda\",\"item\":\"https:\/\/aral2.cetrexmarketing.com\/categoria-producto\/inicio\/\"},{\"@type\":\"ListItem\",\"position\":4,\"name\":\"Portet de Codony\"}]},{\"@type\":\"WebSite\",\"@id\":\"https:\/\/aral2.cetrexmarketing.com\/#website\",\"url\":\"https:\/\/aral2.cetrexmarketing.com\/\",\"name\":\"M\u00f3n La Cata\",\"description\":\"Tienda de vinos, licores, cervezas y gourmet\",\"publisher\":{\"@id\":\"https:\/\/aral2.cetrexmarketing.com\/#organization\"},\"potentialAction\":[{\"@type\":\"SearchAction\",\"target\":{\"@type\":\"EntryPoint\",\"urlTemplate\":\"https:\/\/aral2.cetrexmarketing.com\/?s={search_term_string}\"},\"query-input\":{\"@type\":\"PropertyValueSpecification\",\"valueRequired\":true,\"valueName\":\"search_term_string\"}}],\"inLanguage\":\"ca\"},{\"@type\":\"Organization\",\"@id\":\"https:\/\/aral2.cetrexmarketing.com\/#organization\",\"name\":\"M\u00f3n La Cata\",\"url\":\"https:\/\/aral2.cetrexmarketing.com\/\",\"logo\":{\"@type\":\"ImageObject\",\"inLanguage\":\"ca\",\"@id\":\"https:\/\/aral2.cetrexmarketing.com\/#\/schema\/logo\/image\/\",\"url\":\"https:\/\/aral2.cetrexmarketing.com\/wp-content\/uploads\/2024\/10\/aral-logo-neg-1024x409-1.png\",\"contentUrl\":\"https:\/\/aral2.cetrexmarketing.com\/wp-content\/uploads\/2024\/10\/aral-logo-neg-1024x409-1.png\",\"width\":1024,\"height\":409,\"caption\":\"M\u00f3n La Cata\"},\"image\":{\"@id\":\"https:\/\/aral2.cetrexmarketing.com\/#\/schema\/logo\/image\/\"}}]}<\/script>\n<!-- \/ Yoast SEO Premium plugin. -->","yoast_head_json":{"title":"Portet de Codony","description":"Comprar al millor preu la ratafia Portet de Codony a M\u00f3n La Cata. Botiga online especialitzada en vins, destil\u00b7lats, cerveses i alimentaci\u00f3 gurmet.","robots":{"index":"noindex","follow":"follow","max-snippet":"max-snippet:-1","max-image-preview":"max-image-preview:large","max-video-preview":"max-video-preview:-1"},"og_locale":"ca_ES","og_type":"article","og_title":"Portet de Codony","og_description":"Comprar al millor preu la ratafia Portet de Codony a M\u00f3n La Cata. Botiga online especialitzada en vins, destil\u00b7lats, cerveses i alimentaci\u00f3 gurmet.","og_url":"https:\/\/aral2.cetrexmarketing.com\/ca\/producto\/portet-de-codony\/","og_site_name":"M\u00f3n La Cata","article_modified_time":"2025-05-27T08:13:38+00:00","og_image":[{"width":765,"height":1024,"url":"https:\/\/aral2.cetrexmarketing.com\/wp-content\/uploads\/2025\/05\/ratafia-portet-de-codony.jpg.png","type":"image\/png"}],"twitter_card":"summary_large_image","twitter_misc":{"Temps estimat de lectura":"2 minuts"},"schema":{"@context":"https:\/\/schema.org","@graph":[{"@type":"WebPage","@id":"https:\/\/aral2.cetrexmarketing.com\/ca\/producto\/portet-de-codony\/","url":"https:\/\/aral2.cetrexmarketing.com\/ca\/producto\/portet-de-codony\/","name":"Portet de Codony","isPartOf":{"@id":"https:\/\/aral2.cetrexmarketing.com\/#website"},"primaryImageOfPage":{"@id":"https:\/\/aral2.cetrexmarketing.com\/ca\/producto\/portet-de-codony\/#primaryimage"},"image":{"@id":"https:\/\/aral2.cetrexmarketing.com\/ca\/producto\/portet-de-codony\/#primaryimage"},"thumbnailUrl":"https:\/\/aral2.cetrexmarketing.com\/wp-content\/uploads\/2025\/05\/ratafia-portet-de-codony.jpg.png","datePublished":"2025-05-27T04:57:27+00:00","dateModified":"2025-05-27T08:13:38+00:00","description":"Comprar al millor preu la ratafia Portet de Codony a M\u00f3n La Cata. Botiga online especialitzada en vins, destil\u00b7lats, cerveses i alimentaci\u00f3 gurmet.","breadcrumb":{"@id":"https:\/\/aral2.cetrexmarketing.com\/ca\/producto\/portet-de-codony\/#breadcrumb"},"inLanguage":"ca","potentialAction":[{"@type":"ReadAction","target":["https:\/\/aral2.cetrexmarketing.com\/ca\/producto\/portet-de-codony\/"]}]},{"@type":"ImageObject","inLanguage":"ca","@id":"https:\/\/aral2.cetrexmarketing.com\/ca\/producto\/portet-de-codony\/#primaryimage","url":"https:\/\/aral2.cetrexmarketing.com\/wp-content\/uploads\/2025\/05\/ratafia-portet-de-codony.jpg.png","contentUrl":"https:\/\/aral2.cetrexmarketing.com\/wp-content\/uploads\/2025\/05\/ratafia-portet-de-codony.jpg.png","width":765,"height":1024},{"@type":"BreadcrumbList","@id":"https:\/\/aral2.cetrexmarketing.com\/ca\/producto\/portet-de-codony\/#breadcrumb","itemListElement":[{"@type":"ListItem","position":1,"name":"Home","item":"https:\/\/aral2.cetrexmarketing.com\/ca\/"},{"@type":"ListItem","position":2,"name":"Tienda","item":"https:\/\/aral2.cetrexmarketing.com\/ca\/tienda-2\/"},{"@type":"ListItem","position":3,"name":"Tienda","item":"https:\/\/aral2.cetrexmarketing.com\/categoria-producto\/inicio\/"},{"@type":"ListItem","position":4,"name":"Portet de Codony"}]},{"@type":"WebSite","@id":"https:\/\/aral2.cetrexmarketing.com\/#website","url":"https:\/\/aral2.cetrexmarketing.com\/","name":"M\u00f3n La Cata","description":"Tienda de vinos, licores, cervezas y gourmet","publisher":{"@id":"https:\/\/aral2.cetrexmarketing.com\/#organization"},"potentialAction":[{"@type":"SearchAction","target":{"@type":"EntryPoint","urlTemplate":"https:\/\/aral2.cetrexmarketing.com\/?s={search_term_string}"},"query-input":{"@type":"PropertyValueSpecification","valueRequired":true,"valueName":"search_term_string"}}],"inLanguage":"ca"},{"@type":"Organization","@id":"https:\/\/aral2.cetrexmarketing.com\/#organization","name":"M\u00f3n La Cata","url":"https:\/\/aral2.cetrexmarketing.com\/","logo":{"@type":"ImageObject","inLanguage":"ca","@id":"https:\/\/aral2.cetrexmarketing.com\/#\/schema\/logo\/image\/","url":"https:\/\/aral2.cetrexmarketing.com\/wp-content\/uploads\/2024\/10\/aral-logo-neg-1024x409-1.png","contentUrl":"https:\/\/aral2.cetrexmarketing.com\/wp-content\/uploads\/2024\/10\/aral-logo-neg-1024x409-1.png","width":1024,"height":409,"caption":"M\u00f3n La Cata"},"image":{"@id":"https:\/\/aral2.cetrexmarketing.com\/#\/schema\/logo\/image\/"}}]}},"brands":[],"_links":{"self":[{"href":"https:\/\/aral2.cetrexmarketing.com\/ca\/wp-json\/wp\/v2\/product\/121101","targetHints":{"allow":["GET"]}}],"collection":[{"href":"https:\/\/aral2.cetrexmarketing.com\/ca\/wp-json\/wp\/v2\/product"}],"about":[{"href":"https:\/\/aral2.cetrexmarketing.com\/ca\/wp-json\/wp\/v2\/types\/product"}],"replies":[{"embeddable":true,"href":"https:\/\/aral2.cetrexmarketing.com\/ca\/wp-json\/wp\/v2\/comments?post=121101"}],"wp:featuredmedia":[{"embeddable":true,"href":"https:\/\/aral2.cetrexmarketing.com\/ca\/wp-json\/wp\/v2\/media\/121073"}],"wp:attachment":[{"href":"https:\/\/aral2.cetrexmarketing.com\/ca\/wp-json\/wp\/v2\/media?parent=121101"}],"wp:term":[{"taxonomy":"pwb-brand","embeddable":true,"href":"https:\/\/aral2.cetrexmarketing.com\/ca\/wp-json\/wp\/v2\/pwb-brand?post=121101"},{"taxonomy":"product_brand","embeddable":true,"href":"https:\/\/aral2.cetrexmarketing.com\/ca\/wp-json\/wp\/v2\/product_brand?post=121101"},{"taxonomy":"product_cat","embeddable":true,"href":"https:\/\/aral2.cetrexmarketing.com\/ca\/wp-json\/wp\/v2\/product_cat?post=121101"},{"taxonomy":"product_tag","embeddable":true,"href":"https:\/\/aral2.cetrexmarketing.com\/ca\/wp-json\/wp\/v2\/product_tag?post=121101"}],"curies":[{"name":"wp","href":"https:\/\/api.w.org\/{rel}","templated":true}]}}