{"id":121071,"date":"2025-05-27T04:57:19","date_gmt":"2025-05-27T04:57:19","guid":{"rendered":"https:\/\/aral2.cetrexmarketing.com\/producto\/portet-reserva-33-llunes\/"},"modified":"2025-05-27T08:13:33","modified_gmt":"2025-05-27T08:13:33","slug":"portet-reserva-33-llunes","status":"publish","type":"product","link":"https:\/\/aral2.cetrexmarketing.com\/ca\/producto\/portet-reserva-33-llunes\/","title":{"rendered":"Portet Reserva 33 Llunes"},"content":{"rendered":"<p data-start=\"0\" data-end=\"524\">La <strong data-start=\"3\" data-end=\"39\">Ratafia Portet Reserva 33 Llunes<\/strong> \u00e9s un <strong data-start=\"46\" data-end=\"65\">licor artesanal<\/strong> de gran qualitat, elaborat a la <strong data-start=\"98\" data-end=\"126\">comarca del Baix Empord\u00e0<\/strong>, a Catalunya. Aquesta <strong data-start=\"149\" data-end=\"160\">ratafia<\/strong> es distingeix per la seva complexitat i el seu proc\u00e9s d&#8217;envelliment, que li confereixen una major profunditat i car\u00e0cter en comparaci\u00f3 amb altres varietats de ratafia. El nom <strong data-start=\"336\" data-end=\"349\">33 Llunes<\/strong> fa refer\u00e8ncia al nombre de llunes o cicles lunars durant els quals el licor reposa, un detall que reflecteix la dedicaci\u00f3 i el respecte per la tradici\u00f3 en la seva elaboraci\u00f3.<\/p>\n<h3 data-start=\"526\" data-end=\"562\"><strong data-start=\"530\" data-end=\"562\">Caracter\u00edstiques principals:<\/strong><\/h3>\n<ul data-start=\"563\" data-end=\"1435\">\n<li data-start=\"563\" data-end=\"803\"><strong data-start=\"565\" data-end=\"592\">Varietat d&#8217;ingredients:<\/strong> Aquesta ratafia s&#8217;elabora amb una cuidada selecci\u00f3 de <strong data-start=\"647\" data-end=\"662\">fruits secs<\/strong>, <strong data-start=\"664\" data-end=\"686\">herbes arom\u00e0tiques<\/strong>, <strong data-start=\"688\" data-end=\"700\">esp\u00e8cies<\/strong> i una base d&#8217;<strong data-start=\"714\" data-end=\"727\">aguardent<\/strong>, que es maceren durant un temps prolongat per aconseguir el seu sabor \u00fanic.<\/li>\n<li data-start=\"804\" data-end=\"911\"><strong data-start=\"806\" data-end=\"816\">Color:<\/strong> T\u00e9 un color <strong data-start=\"829\" data-end=\"845\">ambri intens<\/strong> amb reflexos daurats, que reflecteix el seu proc\u00e9s d&#8217;envelliment.<\/li>\n<li data-start=\"912\" data-end=\"1136\"><strong data-start=\"914\" data-end=\"924\">Aroma:<\/strong> A la nas, presenta una gran complexitat, amb <strong data-start=\"970\" data-end=\"994\">notes de fruits secs<\/strong> com <strong data-start=\"999\" data-end=\"1011\">ametlles<\/strong> i <strong data-start=\"1014\" data-end=\"1022\">nous<\/strong>, juntament amb un toc d&#8217;<strong data-start=\"1047\" data-end=\"1069\">herbes arom\u00e0tiques<\/strong> com <strong data-start=\"1074\" data-end=\"1085\" data-is-only-node=\"\">canella<\/strong>, <strong data-start=\"1087\" data-end=\"1095\">an\u00eds<\/strong> i un fons subtil de <strong data-start=\"1116\" data-end=\"1135\">pela de c\u00edtrics<\/strong>.<\/li>\n<li data-start=\"1137\" data-end=\"1435\"><strong data-start=\"1139\" data-end=\"1149\">Sabor:<\/strong> A boca, \u00e9s un licor <strong data-start=\"1170\" data-end=\"1197\">suau, dol\u00e7 i equilibrat<\/strong>, amb una excel\u00b7lent integraci\u00f3 de les <strong data-start=\"1236\" data-end=\"1256\">notes especiades<\/strong> i <strong data-start=\"1259\" data-end=\"1272\">fruiteres<\/strong>. La textura \u00e9s <strong data-start=\"1288\" data-end=\"1298\">sedosa<\/strong>, amb un <strong data-start=\"1307\" data-end=\"1322\" data-is-only-node=\"\">final llarg<\/strong> i persistent que deixa una agradable sensaci\u00f3 de <strong data-start=\"1372\" data-end=\"1384\">calidesa<\/strong> i un toc lleugerament <strong data-start=\"1407\" data-end=\"1416\">amarg<\/strong> de les <strong data-start=\"1424\" data-end=\"1434\">herbes<\/strong>.<\/li>\n<\/ul>\n<h3 data-start=\"1437\" data-end=\"1465\"><strong data-start=\"1441\" data-end=\"1465\">Maridatge recomanat:<\/strong><\/h3>\n<p data-start=\"1466\" data-end=\"1836\">La <strong data-start=\"1469\" data-end=\"1505\">Ratafia Portet Reserva 33 Llunes<\/strong> \u00e9s ideal per gaudir-ne <strong data-start=\"1529\" data-end=\"1537\">sola<\/strong>, servida <strong data-start=\"1547\" data-end=\"1556\">freda<\/strong> o <strong data-start=\"1559\" data-end=\"1570\">amb gel<\/strong>, i tamb\u00e9 es pot emprar com a base per a c\u00f2ctels. A m\u00e9s, \u00e9s excel\u00b7lent acompanyada de <strong data-start=\"1656\" data-end=\"1677\">postres casolanes<\/strong> com <strong data-start=\"1682\" data-end=\"1703\">tartes de fruites<\/strong>, <strong data-start=\"1705\" data-end=\"1731\">galetes de fruits secs<\/strong>, <strong data-start=\"1733\" data-end=\"1746\">xocolates<\/strong> i <strong data-start=\"1749\" data-end=\"1769\">formatges curats<\/strong>. Tamb\u00e9 es pot prendre com a <strong data-start=\"1798\" data-end=\"1810\">digestiu<\/strong> despr\u00e9s d&#8217;un \u00e0pat copi\u00f3s.<\/p>\n<p data-start=\"1838\" data-end=\"2091\" data-is-last-node=\"\" data-is-only-node=\"\">En resum, la <strong data-start=\"1851\" data-end=\"1887\">Ratafia Portet Reserva 33 Llunes<\/strong> \u00e9s un licor de gran tradici\u00f3 i complexitat, amb una rica combinaci\u00f3 d&#8217;aromes i sabors, que reflecteix el car\u00e0cter dels <strong data-start=\"2007\" data-end=\"2028\">licors artesanals<\/strong> catalans i \u00e9s perfecte per als amants dels licors de qualitat.<\/p>\n","protected":false},"excerpt":{"rendered":"<p>La <strong data-start=\"3\" data-end=\"39\">Ratafia Portet Reserva 33 Llunes<\/strong> \u00e9s un licor artesanal de gran qualitat elaborat a la comarca del Baix Empord\u00e0, amb una complexitat destacada gr\u00e0cies al seu proc\u00e9s d&#8217;envelliment de 33 cicles lunars. Elaborat amb una selecci\u00f3 de <strong data-start=\"235\" data-end=\"250\">fruits secs<\/strong>, <strong data-start=\"252\" data-end=\"274\">herbes arom\u00e0tiques<\/strong> i <strong data-start=\"277\" data-end=\"289\">esp\u00e8cies<\/strong>, t\u00e9 un color <strong data-start=\"303\" data-end=\"319\">ambri intens<\/strong> i una combinaci\u00f3 d&#8217;aromes de <strong data-start=\"349\" data-end=\"360\">canella<\/strong>, <strong data-start=\"362\" data-end=\"370\">an\u00eds<\/strong> i <strong data-start=\"373\" data-end=\"388\">fruits secs<\/strong>. A boca \u00e9s <strong data-start=\"400\" data-end=\"427\">suau, dol\u00e7 i equilibrat<\/strong>, amb un <strong data-start=\"436\" data-end=\"451\">final llarg<\/strong> i persistent. Ideal per gaudir sola, freda o amb gel, acompanyant <strong data-start=\"518\" data-end=\"539\">postres casolanes<\/strong> o com a <strong data-start=\"548\" data-end=\"560\">digestiu<\/strong>, \u00e9s un licor tradicional que reflecteix el car\u00e0cter dels licores artesanals catalans.<\/p>\n","protected":false},"featured_media":121068,"comment_status":"closed","ping_status":"closed","template":"","meta":{"_acf_changed":false},"pwb-brand":[],"product_brand":[],"product_cat":[51674,51692,51719],"product_tag":[52374],"class_list":{"0":"post-121071","1":"product","2":"type-product","3":"status-publish","4":"has-post-thumbnail","6":"product_cat-botiga","7":"product_cat-destillats","8":"product_cat-ratafia-destillats","9":"product_tag-portet-reserva-33-llunes-2","10":"pa_formatoenml-38307","11":"pa_graduacion-29_0","12":"pa_pais-espanya-ca","13":"pa_pueblociudad-lapobladesegurlleida","14":"pa_region-cataluna","15":"entry","16":"has-media","18":"first","19":"instock","20":"taxable","21":"shipping-taxable","22":"purchasable","23":"product-type-simple"},"acf":[],"yoast_head":"<!-- This site is optimized with the Yoast SEO Premium plugin v23.1 (Yoast SEO v23.5) - https:\/\/yoast.com\/wordpress\/plugins\/seo\/ -->\n<title>Portet Reserva 33 Llunes<\/title>\n<meta name=\"description\" content=\"Comprar al millor preu la ratafia Portet Reserva 33 Llunes a M\u00f3n La Cata. Botiga online especialitzada en vins, destil\u00b7lats, cerveses i alimentaci\u00f3 gurmet.\" \/>\n<meta name=\"robots\" content=\"noindex, follow, max-snippet:-1, max-image-preview:large, max-video-preview:-1\" \/>\n<meta property=\"og:locale\" content=\"ca_ES\" \/>\n<meta property=\"og:type\" content=\"article\" \/>\n<meta property=\"og:title\" content=\"Portet Reserva 33 Llunes\" \/>\n<meta property=\"og:description\" content=\"Comprar al millor preu la ratafia Portet Reserva 33 Llunes a M\u00f3n La Cata. Botiga online especialitzada en vins, destil\u00b7lats, cerveses i alimentaci\u00f3 gurmet.\" \/>\n<meta property=\"og:url\" content=\"https:\/\/aral2.cetrexmarketing.com\/ca\/producto\/portet-reserva-33-llunes\/\" \/>\n<meta property=\"og:site_name\" content=\"M\u00f3n La Cata\" \/>\n<meta property=\"article:modified_time\" content=\"2025-05-27T08:13:33+00:00\" \/>\n<meta property=\"og:image\" content=\"https:\/\/aral2.cetrexmarketing.com\/wp-content\/uploads\/2025\/05\/RATAFIA-PORTET-RESERVA-33-LLUNES.jpg.png\" \/>\n\t<meta property=\"og:image:width\" content=\"765\" \/>\n\t<meta property=\"og:image:height\" content=\"1024\" \/>\n\t<meta property=\"og:image:type\" content=\"image\/png\" \/>\n<meta name=\"twitter:card\" content=\"summary_large_image\" \/>\n<meta name=\"twitter:label1\" content=\"Temps estimat de lectura\" \/>\n\t<meta name=\"twitter:data1\" content=\"2 minuts\" \/>\n<script type=\"application\/ld+json\" class=\"yoast-schema-graph\">{\"@context\":\"https:\/\/schema.org\",\"@graph\":[{\"@type\":\"WebPage\",\"@id\":\"https:\/\/aral2.cetrexmarketing.com\/ca\/producto\/portet-reserva-33-llunes\/\",\"url\":\"https:\/\/aral2.cetrexmarketing.com\/ca\/producto\/portet-reserva-33-llunes\/\",\"name\":\"Portet Reserva 33 Llunes\",\"isPartOf\":{\"@id\":\"https:\/\/aral2.cetrexmarketing.com\/#website\"},\"primaryImageOfPage\":{\"@id\":\"https:\/\/aral2.cetrexmarketing.com\/ca\/producto\/portet-reserva-33-llunes\/#primaryimage\"},\"image\":{\"@id\":\"https:\/\/aral2.cetrexmarketing.com\/ca\/producto\/portet-reserva-33-llunes\/#primaryimage\"},\"thumbnailUrl\":\"https:\/\/aral2.cetrexmarketing.com\/wp-content\/uploads\/2025\/05\/RATAFIA-PORTET-RESERVA-33-LLUNES.jpg.png\",\"datePublished\":\"2025-05-27T04:57:19+00:00\",\"dateModified\":\"2025-05-27T08:13:33+00:00\",\"description\":\"Comprar al millor preu la ratafia Portet Reserva 33 Llunes a M\u00f3n La Cata. Botiga online especialitzada en vins, destil\u00b7lats, cerveses i alimentaci\u00f3 gurmet.\",\"breadcrumb\":{\"@id\":\"https:\/\/aral2.cetrexmarketing.com\/ca\/producto\/portet-reserva-33-llunes\/#breadcrumb\"},\"inLanguage\":\"ca\",\"potentialAction\":[{\"@type\":\"ReadAction\",\"target\":[\"https:\/\/aral2.cetrexmarketing.com\/ca\/producto\/portet-reserva-33-llunes\/\"]}]},{\"@type\":\"ImageObject\",\"inLanguage\":\"ca\",\"@id\":\"https:\/\/aral2.cetrexmarketing.com\/ca\/producto\/portet-reserva-33-llunes\/#primaryimage\",\"url\":\"https:\/\/aral2.cetrexmarketing.com\/wp-content\/uploads\/2025\/05\/RATAFIA-PORTET-RESERVA-33-LLUNES.jpg.png\",\"contentUrl\":\"https:\/\/aral2.cetrexmarketing.com\/wp-content\/uploads\/2025\/05\/RATAFIA-PORTET-RESERVA-33-LLUNES.jpg.png\",\"width\":765,\"height\":1024},{\"@type\":\"BreadcrumbList\",\"@id\":\"https:\/\/aral2.cetrexmarketing.com\/ca\/producto\/portet-reserva-33-llunes\/#breadcrumb\",\"itemListElement\":[{\"@type\":\"ListItem\",\"position\":1,\"name\":\"Home\",\"item\":\"https:\/\/aral2.cetrexmarketing.com\/ca\/\"},{\"@type\":\"ListItem\",\"position\":2,\"name\":\"Tienda\",\"item\":\"https:\/\/aral2.cetrexmarketing.com\/ca\/tienda-2\/\"},{\"@type\":\"ListItem\",\"position\":3,\"name\":\"Tienda\",\"item\":\"https:\/\/aral2.cetrexmarketing.com\/categoria-producto\/inicio\/\"},{\"@type\":\"ListItem\",\"position\":4,\"name\":\"Portet Reserva 33 Llunes\"}]},{\"@type\":\"WebSite\",\"@id\":\"https:\/\/aral2.cetrexmarketing.com\/#website\",\"url\":\"https:\/\/aral2.cetrexmarketing.com\/\",\"name\":\"M\u00f3n La Cata\",\"description\":\"Tienda de vinos, licores, cervezas y gourmet\",\"publisher\":{\"@id\":\"https:\/\/aral2.cetrexmarketing.com\/#organization\"},\"potentialAction\":[{\"@type\":\"SearchAction\",\"target\":{\"@type\":\"EntryPoint\",\"urlTemplate\":\"https:\/\/aral2.cetrexmarketing.com\/?s={search_term_string}\"},\"query-input\":{\"@type\":\"PropertyValueSpecification\",\"valueRequired\":true,\"valueName\":\"search_term_string\"}}],\"inLanguage\":\"ca\"},{\"@type\":\"Organization\",\"@id\":\"https:\/\/aral2.cetrexmarketing.com\/#organization\",\"name\":\"M\u00f3n La Cata\",\"url\":\"https:\/\/aral2.cetrexmarketing.com\/\",\"logo\":{\"@type\":\"ImageObject\",\"inLanguage\":\"ca\",\"@id\":\"https:\/\/aral2.cetrexmarketing.com\/#\/schema\/logo\/image\/\",\"url\":\"https:\/\/aral2.cetrexmarketing.com\/wp-content\/uploads\/2024\/10\/aral-logo-neg-1024x409-1.png\",\"contentUrl\":\"https:\/\/aral2.cetrexmarketing.com\/wp-content\/uploads\/2024\/10\/aral-logo-neg-1024x409-1.png\",\"width\":1024,\"height\":409,\"caption\":\"M\u00f3n La Cata\"},\"image\":{\"@id\":\"https:\/\/aral2.cetrexmarketing.com\/#\/schema\/logo\/image\/\"}}]}<\/script>\n<!-- \/ Yoast SEO Premium plugin. -->","yoast_head_json":{"title":"Portet Reserva 33 Llunes","description":"Comprar al millor preu la ratafia Portet Reserva 33 Llunes a M\u00f3n La Cata. Botiga online especialitzada en vins, destil\u00b7lats, cerveses i alimentaci\u00f3 gurmet.","robots":{"index":"noindex","follow":"follow","max-snippet":"max-snippet:-1","max-image-preview":"max-image-preview:large","max-video-preview":"max-video-preview:-1"},"og_locale":"ca_ES","og_type":"article","og_title":"Portet Reserva 33 Llunes","og_description":"Comprar al millor preu la ratafia Portet Reserva 33 Llunes a M\u00f3n La Cata. Botiga online especialitzada en vins, destil\u00b7lats, cerveses i alimentaci\u00f3 gurmet.","og_url":"https:\/\/aral2.cetrexmarketing.com\/ca\/producto\/portet-reserva-33-llunes\/","og_site_name":"M\u00f3n La Cata","article_modified_time":"2025-05-27T08:13:33+00:00","og_image":[{"width":765,"height":1024,"url":"https:\/\/aral2.cetrexmarketing.com\/wp-content\/uploads\/2025\/05\/RATAFIA-PORTET-RESERVA-33-LLUNES.jpg.png","type":"image\/png"}],"twitter_card":"summary_large_image","twitter_misc":{"Temps estimat de lectura":"2 minuts"},"schema":{"@context":"https:\/\/schema.org","@graph":[{"@type":"WebPage","@id":"https:\/\/aral2.cetrexmarketing.com\/ca\/producto\/portet-reserva-33-llunes\/","url":"https:\/\/aral2.cetrexmarketing.com\/ca\/producto\/portet-reserva-33-llunes\/","name":"Portet Reserva 33 Llunes","isPartOf":{"@id":"https:\/\/aral2.cetrexmarketing.com\/#website"},"primaryImageOfPage":{"@id":"https:\/\/aral2.cetrexmarketing.com\/ca\/producto\/portet-reserva-33-llunes\/#primaryimage"},"image":{"@id":"https:\/\/aral2.cetrexmarketing.com\/ca\/producto\/portet-reserva-33-llunes\/#primaryimage"},"thumbnailUrl":"https:\/\/aral2.cetrexmarketing.com\/wp-content\/uploads\/2025\/05\/RATAFIA-PORTET-RESERVA-33-LLUNES.jpg.png","datePublished":"2025-05-27T04:57:19+00:00","dateModified":"2025-05-27T08:13:33+00:00","description":"Comprar al millor preu la ratafia Portet Reserva 33 Llunes a M\u00f3n La Cata. Botiga online especialitzada en vins, destil\u00b7lats, cerveses i alimentaci\u00f3 gurmet.","breadcrumb":{"@id":"https:\/\/aral2.cetrexmarketing.com\/ca\/producto\/portet-reserva-33-llunes\/#breadcrumb"},"inLanguage":"ca","potentialAction":[{"@type":"ReadAction","target":["https:\/\/aral2.cetrexmarketing.com\/ca\/producto\/portet-reserva-33-llunes\/"]}]},{"@type":"ImageObject","inLanguage":"ca","@id":"https:\/\/aral2.cetrexmarketing.com\/ca\/producto\/portet-reserva-33-llunes\/#primaryimage","url":"https:\/\/aral2.cetrexmarketing.com\/wp-content\/uploads\/2025\/05\/RATAFIA-PORTET-RESERVA-33-LLUNES.jpg.png","contentUrl":"https:\/\/aral2.cetrexmarketing.com\/wp-content\/uploads\/2025\/05\/RATAFIA-PORTET-RESERVA-33-LLUNES.jpg.png","width":765,"height":1024},{"@type":"BreadcrumbList","@id":"https:\/\/aral2.cetrexmarketing.com\/ca\/producto\/portet-reserva-33-llunes\/#breadcrumb","itemListElement":[{"@type":"ListItem","position":1,"name":"Home","item":"https:\/\/aral2.cetrexmarketing.com\/ca\/"},{"@type":"ListItem","position":2,"name":"Tienda","item":"https:\/\/aral2.cetrexmarketing.com\/ca\/tienda-2\/"},{"@type":"ListItem","position":3,"name":"Tienda","item":"https:\/\/aral2.cetrexmarketing.com\/categoria-producto\/inicio\/"},{"@type":"ListItem","position":4,"name":"Portet Reserva 33 Llunes"}]},{"@type":"WebSite","@id":"https:\/\/aral2.cetrexmarketing.com\/#website","url":"https:\/\/aral2.cetrexmarketing.com\/","name":"M\u00f3n La Cata","description":"Tienda de vinos, licores, cervezas y gourmet","publisher":{"@id":"https:\/\/aral2.cetrexmarketing.com\/#organization"},"potentialAction":[{"@type":"SearchAction","target":{"@type":"EntryPoint","urlTemplate":"https:\/\/aral2.cetrexmarketing.com\/?s={search_term_string}"},"query-input":{"@type":"PropertyValueSpecification","valueRequired":true,"valueName":"search_term_string"}}],"inLanguage":"ca"},{"@type":"Organization","@id":"https:\/\/aral2.cetrexmarketing.com\/#organization","name":"M\u00f3n La Cata","url":"https:\/\/aral2.cetrexmarketing.com\/","logo":{"@type":"ImageObject","inLanguage":"ca","@id":"https:\/\/aral2.cetrexmarketing.com\/#\/schema\/logo\/image\/","url":"https:\/\/aral2.cetrexmarketing.com\/wp-content\/uploads\/2024\/10\/aral-logo-neg-1024x409-1.png","contentUrl":"https:\/\/aral2.cetrexmarketing.com\/wp-content\/uploads\/2024\/10\/aral-logo-neg-1024x409-1.png","width":1024,"height":409,"caption":"M\u00f3n La Cata"},"image":{"@id":"https:\/\/aral2.cetrexmarketing.com\/#\/schema\/logo\/image\/"}}]}},"brands":[],"_links":{"self":[{"href":"https:\/\/aral2.cetrexmarketing.com\/ca\/wp-json\/wp\/v2\/product\/121071","targetHints":{"allow":["GET"]}}],"collection":[{"href":"https:\/\/aral2.cetrexmarketing.com\/ca\/wp-json\/wp\/v2\/product"}],"about":[{"href":"https:\/\/aral2.cetrexmarketing.com\/ca\/wp-json\/wp\/v2\/types\/product"}],"replies":[{"embeddable":true,"href":"https:\/\/aral2.cetrexmarketing.com\/ca\/wp-json\/wp\/v2\/comments?post=121071"}],"wp:featuredmedia":[{"embeddable":true,"href":"https:\/\/aral2.cetrexmarketing.com\/ca\/wp-json\/wp\/v2\/media\/121068"}],"wp:attachment":[{"href":"https:\/\/aral2.cetrexmarketing.com\/ca\/wp-json\/wp\/v2\/media?parent=121071"}],"wp:term":[{"taxonomy":"pwb-brand","embeddable":true,"href":"https:\/\/aral2.cetrexmarketing.com\/ca\/wp-json\/wp\/v2\/pwb-brand?post=121071"},{"taxonomy":"product_brand","embeddable":true,"href":"https:\/\/aral2.cetrexmarketing.com\/ca\/wp-json\/wp\/v2\/product_brand?post=121071"},{"taxonomy":"product_cat","embeddable":true,"href":"https:\/\/aral2.cetrexmarketing.com\/ca\/wp-json\/wp\/v2\/product_cat?post=121071"},{"taxonomy":"product_tag","embeddable":true,"href":"https:\/\/aral2.cetrexmarketing.com\/ca\/wp-json\/wp\/v2\/product_tag?post=121071"}],"curies":[{"name":"wp","href":"https:\/\/api.w.org\/{rel}","templated":true}]}}