{"id":121066,"date":"2025-05-27T04:57:13","date_gmt":"2025-05-27T04:57:13","guid":{"rendered":"https:\/\/aral2.cetrexmarketing.com\/producto\/castell-dels-frares\/"},"modified":"2025-05-27T08:13:29","modified_gmt":"2025-05-27T08:13:29","slug":"castell-dels-frares","status":"publish","type":"product","link":"https:\/\/aral2.cetrexmarketing.com\/ca\/producto\/castell-dels-frares\/","title":{"rendered":"Castell dels Frares"},"content":{"rendered":"<p data-start=\"0\" data-end=\"608\">La <strong data-start=\"3\" data-end=\"34\">Ratafia Castell dels Frares<\/strong> \u00e9s un licor tradicional de la regi\u00f3 de <strong data-start=\"74\" data-end=\"87\">Catalunya<\/strong>, elaborat amb una combinaci\u00f3 de <strong data-start=\"120\" data-end=\"135\">fruits secs<\/strong>, <strong data-start=\"137\" data-end=\"159\">herbes arom\u00e0tiques<\/strong> i <strong data-start=\"162\" data-end=\"174\">esp\u00e8cies<\/strong>, macerats en una base d&#8217;<strong data-start=\"199\" data-end=\"212\">aguardent<\/strong>. Es tracta d\u2019una <strong data-start=\"230\" data-end=\"251\">ratafia artesanal<\/strong> amb una recepta que es transmet de generaci\u00f3 en generaci\u00f3, i que destaca pel seu sabor <strong data-start=\"339\" data-end=\"347\">suau<\/strong>, per\u00f2 a la vegada <strong data-start=\"366\" data-end=\"386\">intens i complex<\/strong>. Els ingredients utilitzats, com <strong data-start=\"420\" data-end=\"428\">nous<\/strong>, <strong data-start=\"430\" data-end=\"442\">ametlles<\/strong>, <strong data-start=\"444\" data-end=\"456\">canyella<\/strong>, <strong data-start=\"458\" data-end=\"471\">camamilla<\/strong> i altres herbes, aporten una <strong data-start=\"501\" data-end=\"518\">aroma profund<\/strong> i un sabor <strong data-start=\"530\" data-end=\"544\">equilibrat<\/strong>, amb notes que combinen <strong data-start=\"569\" data-end=\"579\">dul\u00e7or<\/strong>, <strong data-start=\"581\" data-end=\"592\">amargor<\/strong> i <strong data-start=\"595\" data-end=\"607\">especiat<\/strong>.<\/p>\n<h3 data-start=\"610\" data-end=\"646\"><strong data-start=\"614\" data-end=\"646\">Caracter\u00edstiques principals:<\/strong><\/h3>\n<ul data-start=\"647\" data-end=\"1181\">\n<li data-start=\"647\" data-end=\"759\"><strong data-start=\"649\" data-end=\"659\">Color:<\/strong> T\u00e9 un color <strong data-start=\"672\" data-end=\"681\">ambri<\/strong> que reflecteix el seu proc\u00e9s de maceraci\u00f3 i l&#8217;\u00fas de fruits i herbes naturals.<\/li>\n<li data-start=\"760\" data-end=\"971\"><strong data-start=\"762\" data-end=\"772\">Aroma:<\/strong> El nas presenta una <strong data-start=\"793\" data-end=\"822\">frag\u00e0ncia rica i complexa<\/strong>, amb <strong data-start=\"828\" data-end=\"852\">notes de fruits secs<\/strong> com <strong data-start=\"857\" data-end=\"865\">nous<\/strong> i <strong data-start=\"868\" data-end=\"880\">ametlles<\/strong>, aix\u00ed com <strong data-start=\"891\" data-end=\"911\" data-is-only-node=\"\">toques especiats<\/strong> de <strong data-start=\"915\" data-end=\"925\">canela<\/strong>, <strong data-start=\"927\" data-end=\"935\">clau<\/strong> i un fons d&#8217;<strong data-start=\"948\" data-end=\"970\">herbes arom\u00e0tiques<\/strong>.<\/li>\n<li data-start=\"972\" data-end=\"1181\"><strong data-start=\"974\" data-end=\"984\">Sabor:<\/strong> A la boca, \u00e9s un licor <strong data-start=\"1008\" data-end=\"1022\">suau, dol\u00e7<\/strong> per\u00f2 amb una <strong data-start=\"1036\" data-end=\"1057\">agradable amargor<\/strong>, resultat de la seva combinaci\u00f3 d&#8217;<strong data-start=\"1092\" data-end=\"1102\">herbes<\/strong> i <strong data-start=\"1105\" data-end=\"1120\">fruits secs<\/strong>, amb un <strong data-start=\"1129\" data-end=\"1144\" data-is-only-node=\"\">final llarg<\/strong> que deixa un <strong data-start=\"1158\" data-end=\"1180\">retrogust especiat<\/strong>.<\/li>\n<\/ul>\n<h3 data-start=\"1183\" data-end=\"1211\"><strong data-start=\"1187\" data-end=\"1211\">Maridatge recomanat:<\/strong><\/h3>\n<p data-start=\"1212\" data-end=\"1482\">La <strong data-start=\"1215\" data-end=\"1246\">Ratafia Castell dels Frares<\/strong> es pot gaudir sola, freda o amb gel, i \u00e9s perfecta per acompanyar <strong data-start=\"1313\" data-end=\"1324\">postres<\/strong>, <strong data-start=\"1326\" data-end=\"1346\">formatges curats<\/strong> o fins i tot com a <strong data-start=\"1366\" data-end=\"1378\">digestiu<\/strong> despr\u00e9s d&#8217;un \u00e0pat copi\u00f3s. Tamb\u00e9 es pot utilitzar en c\u00f2ctels o com a base per a crear begudes originals.<\/p>\n<p data-start=\"1484\" data-end=\"1690\" data-is-last-node=\"\" data-is-only-node=\"\">En resum, la <strong data-start=\"1497\" data-end=\"1528\">Ratafia Castell dels Frares<\/strong> \u00e9s un licor <strong data-start=\"1541\" data-end=\"1565\">aut\u00e8ntic i artesanal<\/strong> que destaca per la seva complexitat i equilibri de sabors, ideal per aquells amants dels licores tradicionals i de qualitat.<\/p>\n","protected":false},"excerpt":{"rendered":"<p>La <strong data-start=\"3\" data-end=\"34\">Ratafia Castell dels Frares<\/strong> \u00e9s un licor artesanal tradicional de Catalunya, elaborat amb una combinaci\u00f3 de <strong data-start=\"114\" data-end=\"129\">fruits secs<\/strong>, <strong data-start=\"131\" data-end=\"153\">herbes arom\u00e0tiques<\/strong> i <strong data-start=\"156\" data-end=\"168\">esp\u00e8cies<\/strong>, macerats en <strong data-start=\"182\" data-end=\"195\">aguardent<\/strong>. Destaca pel seu sabor <strong data-start=\"219\" data-end=\"227\">suau<\/strong> per\u00f2 <strong data-start=\"233\" data-end=\"253\">intens i complex<\/strong>, amb <strong data-start=\"259\" data-end=\"276\">notes de nous<\/strong>, <strong data-start=\"278\" data-end=\"290\">ametlles<\/strong>, <strong data-start=\"292\" data-end=\"303\">canella<\/strong> i un toc d&#8217;<strong data-start=\"315\" data-end=\"326\">amargor<\/strong> equilibrat. De color <strong data-start=\"348\" data-end=\"357\">ambri<\/strong>, ofereix una <strong data-start=\"371\" data-end=\"389\">frag\u00e0ncia rica<\/strong> i un <strong data-start=\"395\" data-end=\"421\">final llarg i especiat<\/strong>. Ideal per gaudir <strong data-start=\"440\" data-end=\"448\">sola<\/strong>, <strong data-start=\"450\" data-end=\"459\">freda<\/strong> o <strong data-start=\"462\" data-end=\"473\">amb gel<\/strong>, acompanya perfectament <strong data-start=\"498\" data-end=\"509\">postres<\/strong>, <strong data-start=\"511\" data-end=\"531\">formatges curats<\/strong> o com a <strong data-start=\"540\" data-end=\"552\">digestiu<\/strong>. \u00c9s un licor de gran <strong data-start=\"574\" data-end=\"597\">qualitat i tradici\u00f3<\/strong>.<\/p>\n","protected":false},"featured_media":121063,"comment_status":"closed","ping_status":"closed","template":"","meta":{"_acf_changed":false},"pwb-brand":[],"product_brand":[],"product_cat":[51674,51692,51719],"product_tag":[52407],"class_list":{"0":"post-121066","1":"product","2":"type-product","3":"status-publish","4":"has-post-thumbnail","6":"product_cat-botiga","7":"product_cat-destillats","8":"product_cat-ratafia-destillats","9":"product_tag-castell-dels-frares-2","10":"pa_destileria-quevalllicorsartesans-ca","11":"pa_formatoenml-38307","12":"pa_graduacion-24_0","13":"pa_pais-espanya-ca","14":"pa_pueblociudad-llancagirona","15":"pa_region-cataluna","16":"entry","17":"has-media","19":"first","20":"instock","21":"taxable","22":"shipping-taxable","23":"purchasable","24":"product-type-simple"},"acf":[],"yoast_head":"<!-- This site is optimized with the Yoast SEO Premium plugin v23.1 (Yoast SEO v23.5) - https:\/\/yoast.com\/wordpress\/plugins\/seo\/ -->\n<title>Castell dels Frares<\/title>\n<meta name=\"description\" content=\"Comprar al millor preu la ratafia Castell dels Frares a M\u00f3n La Cata. Botiga online especialitzada en vins, destil\u00b7lats, cerveses i alimentaci\u00f3 gurmet.\" \/>\n<meta name=\"robots\" content=\"noindex, follow, max-snippet:-1, max-image-preview:large, max-video-preview:-1\" \/>\n<meta property=\"og:locale\" content=\"ca_ES\" \/>\n<meta property=\"og:type\" content=\"article\" \/>\n<meta property=\"og:title\" content=\"Castell dels Frares\" \/>\n<meta property=\"og:description\" content=\"Comprar al millor preu la ratafia Castell dels Frares a M\u00f3n La Cata. Botiga online especialitzada en vins, destil\u00b7lats, cerveses i alimentaci\u00f3 gurmet.\" \/>\n<meta property=\"og:url\" content=\"https:\/\/aral2.cetrexmarketing.com\/ca\/producto\/castell-dels-frares\/\" \/>\n<meta property=\"og:site_name\" content=\"M\u00f3n La Cata\" \/>\n<meta property=\"article:modified_time\" content=\"2025-05-27T08:13:29+00:00\" \/>\n<meta property=\"og:image\" content=\"https:\/\/aral2.cetrexmarketing.com\/wp-content\/uploads\/2025\/05\/ratafia-castell-dels-frares.jpg.png\" \/>\n\t<meta property=\"og:image:width\" content=\"765\" \/>\n\t<meta property=\"og:image:height\" content=\"1024\" \/>\n\t<meta property=\"og:image:type\" content=\"image\/png\" \/>\n<meta name=\"twitter:card\" content=\"summary_large_image\" \/>\n<meta name=\"twitter:label1\" content=\"Temps estimat de lectura\" \/>\n\t<meta name=\"twitter:data1\" content=\"2 minuts\" \/>\n<script type=\"application\/ld+json\" class=\"yoast-schema-graph\">{\"@context\":\"https:\/\/schema.org\",\"@graph\":[{\"@type\":\"WebPage\",\"@id\":\"https:\/\/aral2.cetrexmarketing.com\/ca\/producto\/castell-dels-frares\/\",\"url\":\"https:\/\/aral2.cetrexmarketing.com\/ca\/producto\/castell-dels-frares\/\",\"name\":\"Castell dels Frares\",\"isPartOf\":{\"@id\":\"https:\/\/aral2.cetrexmarketing.com\/#website\"},\"primaryImageOfPage\":{\"@id\":\"https:\/\/aral2.cetrexmarketing.com\/ca\/producto\/castell-dels-frares\/#primaryimage\"},\"image\":{\"@id\":\"https:\/\/aral2.cetrexmarketing.com\/ca\/producto\/castell-dels-frares\/#primaryimage\"},\"thumbnailUrl\":\"https:\/\/aral2.cetrexmarketing.com\/wp-content\/uploads\/2025\/05\/ratafia-castell-dels-frares.jpg.png\",\"datePublished\":\"2025-05-27T04:57:13+00:00\",\"dateModified\":\"2025-05-27T08:13:29+00:00\",\"description\":\"Comprar al millor preu la ratafia Castell dels Frares a M\u00f3n La Cata. Botiga online especialitzada en vins, destil\u00b7lats, cerveses i alimentaci\u00f3 gurmet.\",\"breadcrumb\":{\"@id\":\"https:\/\/aral2.cetrexmarketing.com\/ca\/producto\/castell-dels-frares\/#breadcrumb\"},\"inLanguage\":\"ca\",\"potentialAction\":[{\"@type\":\"ReadAction\",\"target\":[\"https:\/\/aral2.cetrexmarketing.com\/ca\/producto\/castell-dels-frares\/\"]}]},{\"@type\":\"ImageObject\",\"inLanguage\":\"ca\",\"@id\":\"https:\/\/aral2.cetrexmarketing.com\/ca\/producto\/castell-dels-frares\/#primaryimage\",\"url\":\"https:\/\/aral2.cetrexmarketing.com\/wp-content\/uploads\/2025\/05\/ratafia-castell-dels-frares.jpg.png\",\"contentUrl\":\"https:\/\/aral2.cetrexmarketing.com\/wp-content\/uploads\/2025\/05\/ratafia-castell-dels-frares.jpg.png\",\"width\":765,\"height\":1024},{\"@type\":\"BreadcrumbList\",\"@id\":\"https:\/\/aral2.cetrexmarketing.com\/ca\/producto\/castell-dels-frares\/#breadcrumb\",\"itemListElement\":[{\"@type\":\"ListItem\",\"position\":1,\"name\":\"Home\",\"item\":\"https:\/\/aral2.cetrexmarketing.com\/ca\/\"},{\"@type\":\"ListItem\",\"position\":2,\"name\":\"Tienda\",\"item\":\"https:\/\/aral2.cetrexmarketing.com\/ca\/tienda-2\/\"},{\"@type\":\"ListItem\",\"position\":3,\"name\":\"Tienda\",\"item\":\"https:\/\/aral2.cetrexmarketing.com\/categoria-producto\/inicio\/\"},{\"@type\":\"ListItem\",\"position\":4,\"name\":\"Castell dels Frares\"}]},{\"@type\":\"WebSite\",\"@id\":\"https:\/\/aral2.cetrexmarketing.com\/#website\",\"url\":\"https:\/\/aral2.cetrexmarketing.com\/\",\"name\":\"M\u00f3n La Cata\",\"description\":\"Tienda de vinos, licores, cervezas y gourmet\",\"publisher\":{\"@id\":\"https:\/\/aral2.cetrexmarketing.com\/#organization\"},\"potentialAction\":[{\"@type\":\"SearchAction\",\"target\":{\"@type\":\"EntryPoint\",\"urlTemplate\":\"https:\/\/aral2.cetrexmarketing.com\/?s={search_term_string}\"},\"query-input\":{\"@type\":\"PropertyValueSpecification\",\"valueRequired\":true,\"valueName\":\"search_term_string\"}}],\"inLanguage\":\"ca\"},{\"@type\":\"Organization\",\"@id\":\"https:\/\/aral2.cetrexmarketing.com\/#organization\",\"name\":\"M\u00f3n La Cata\",\"url\":\"https:\/\/aral2.cetrexmarketing.com\/\",\"logo\":{\"@type\":\"ImageObject\",\"inLanguage\":\"ca\",\"@id\":\"https:\/\/aral2.cetrexmarketing.com\/#\/schema\/logo\/image\/\",\"url\":\"https:\/\/aral2.cetrexmarketing.com\/wp-content\/uploads\/2024\/10\/aral-logo-neg-1024x409-1.png\",\"contentUrl\":\"https:\/\/aral2.cetrexmarketing.com\/wp-content\/uploads\/2024\/10\/aral-logo-neg-1024x409-1.png\",\"width\":1024,\"height\":409,\"caption\":\"M\u00f3n La Cata\"},\"image\":{\"@id\":\"https:\/\/aral2.cetrexmarketing.com\/#\/schema\/logo\/image\/\"}}]}<\/script>\n<!-- \/ Yoast SEO Premium plugin. -->","yoast_head_json":{"title":"Castell dels Frares","description":"Comprar al millor preu la ratafia Castell dels Frares a M\u00f3n La Cata. Botiga online especialitzada en vins, destil\u00b7lats, cerveses i alimentaci\u00f3 gurmet.","robots":{"index":"noindex","follow":"follow","max-snippet":"max-snippet:-1","max-image-preview":"max-image-preview:large","max-video-preview":"max-video-preview:-1"},"og_locale":"ca_ES","og_type":"article","og_title":"Castell dels Frares","og_description":"Comprar al millor preu la ratafia Castell dels Frares a M\u00f3n La Cata. Botiga online especialitzada en vins, destil\u00b7lats, cerveses i alimentaci\u00f3 gurmet.","og_url":"https:\/\/aral2.cetrexmarketing.com\/ca\/producto\/castell-dels-frares\/","og_site_name":"M\u00f3n La Cata","article_modified_time":"2025-05-27T08:13:29+00:00","og_image":[{"width":765,"height":1024,"url":"https:\/\/aral2.cetrexmarketing.com\/wp-content\/uploads\/2025\/05\/ratafia-castell-dels-frares.jpg.png","type":"image\/png"}],"twitter_card":"summary_large_image","twitter_misc":{"Temps estimat de lectura":"2 minuts"},"schema":{"@context":"https:\/\/schema.org","@graph":[{"@type":"WebPage","@id":"https:\/\/aral2.cetrexmarketing.com\/ca\/producto\/castell-dels-frares\/","url":"https:\/\/aral2.cetrexmarketing.com\/ca\/producto\/castell-dels-frares\/","name":"Castell dels Frares","isPartOf":{"@id":"https:\/\/aral2.cetrexmarketing.com\/#website"},"primaryImageOfPage":{"@id":"https:\/\/aral2.cetrexmarketing.com\/ca\/producto\/castell-dels-frares\/#primaryimage"},"image":{"@id":"https:\/\/aral2.cetrexmarketing.com\/ca\/producto\/castell-dels-frares\/#primaryimage"},"thumbnailUrl":"https:\/\/aral2.cetrexmarketing.com\/wp-content\/uploads\/2025\/05\/ratafia-castell-dels-frares.jpg.png","datePublished":"2025-05-27T04:57:13+00:00","dateModified":"2025-05-27T08:13:29+00:00","description":"Comprar al millor preu la ratafia Castell dels Frares a M\u00f3n La Cata. Botiga online especialitzada en vins, destil\u00b7lats, cerveses i alimentaci\u00f3 gurmet.","breadcrumb":{"@id":"https:\/\/aral2.cetrexmarketing.com\/ca\/producto\/castell-dels-frares\/#breadcrumb"},"inLanguage":"ca","potentialAction":[{"@type":"ReadAction","target":["https:\/\/aral2.cetrexmarketing.com\/ca\/producto\/castell-dels-frares\/"]}]},{"@type":"ImageObject","inLanguage":"ca","@id":"https:\/\/aral2.cetrexmarketing.com\/ca\/producto\/castell-dels-frares\/#primaryimage","url":"https:\/\/aral2.cetrexmarketing.com\/wp-content\/uploads\/2025\/05\/ratafia-castell-dels-frares.jpg.png","contentUrl":"https:\/\/aral2.cetrexmarketing.com\/wp-content\/uploads\/2025\/05\/ratafia-castell-dels-frares.jpg.png","width":765,"height":1024},{"@type":"BreadcrumbList","@id":"https:\/\/aral2.cetrexmarketing.com\/ca\/producto\/castell-dels-frares\/#breadcrumb","itemListElement":[{"@type":"ListItem","position":1,"name":"Home","item":"https:\/\/aral2.cetrexmarketing.com\/ca\/"},{"@type":"ListItem","position":2,"name":"Tienda","item":"https:\/\/aral2.cetrexmarketing.com\/ca\/tienda-2\/"},{"@type":"ListItem","position":3,"name":"Tienda","item":"https:\/\/aral2.cetrexmarketing.com\/categoria-producto\/inicio\/"},{"@type":"ListItem","position":4,"name":"Castell dels Frares"}]},{"@type":"WebSite","@id":"https:\/\/aral2.cetrexmarketing.com\/#website","url":"https:\/\/aral2.cetrexmarketing.com\/","name":"M\u00f3n La Cata","description":"Tienda de vinos, licores, cervezas y gourmet","publisher":{"@id":"https:\/\/aral2.cetrexmarketing.com\/#organization"},"potentialAction":[{"@type":"SearchAction","target":{"@type":"EntryPoint","urlTemplate":"https:\/\/aral2.cetrexmarketing.com\/?s={search_term_string}"},"query-input":{"@type":"PropertyValueSpecification","valueRequired":true,"valueName":"search_term_string"}}],"inLanguage":"ca"},{"@type":"Organization","@id":"https:\/\/aral2.cetrexmarketing.com\/#organization","name":"M\u00f3n La Cata","url":"https:\/\/aral2.cetrexmarketing.com\/","logo":{"@type":"ImageObject","inLanguage":"ca","@id":"https:\/\/aral2.cetrexmarketing.com\/#\/schema\/logo\/image\/","url":"https:\/\/aral2.cetrexmarketing.com\/wp-content\/uploads\/2024\/10\/aral-logo-neg-1024x409-1.png","contentUrl":"https:\/\/aral2.cetrexmarketing.com\/wp-content\/uploads\/2024\/10\/aral-logo-neg-1024x409-1.png","width":1024,"height":409,"caption":"M\u00f3n La Cata"},"image":{"@id":"https:\/\/aral2.cetrexmarketing.com\/#\/schema\/logo\/image\/"}}]}},"brands":[],"_links":{"self":[{"href":"https:\/\/aral2.cetrexmarketing.com\/ca\/wp-json\/wp\/v2\/product\/121066","targetHints":{"allow":["GET"]}}],"collection":[{"href":"https:\/\/aral2.cetrexmarketing.com\/ca\/wp-json\/wp\/v2\/product"}],"about":[{"href":"https:\/\/aral2.cetrexmarketing.com\/ca\/wp-json\/wp\/v2\/types\/product"}],"replies":[{"embeddable":true,"href":"https:\/\/aral2.cetrexmarketing.com\/ca\/wp-json\/wp\/v2\/comments?post=121066"}],"wp:featuredmedia":[{"embeddable":true,"href":"https:\/\/aral2.cetrexmarketing.com\/ca\/wp-json\/wp\/v2\/media\/121063"}],"wp:attachment":[{"href":"https:\/\/aral2.cetrexmarketing.com\/ca\/wp-json\/wp\/v2\/media?parent=121066"}],"wp:term":[{"taxonomy":"pwb-brand","embeddable":true,"href":"https:\/\/aral2.cetrexmarketing.com\/ca\/wp-json\/wp\/v2\/pwb-brand?post=121066"},{"taxonomy":"product_brand","embeddable":true,"href":"https:\/\/aral2.cetrexmarketing.com\/ca\/wp-json\/wp\/v2\/product_brand?post=121066"},{"taxonomy":"product_cat","embeddable":true,"href":"https:\/\/aral2.cetrexmarketing.com\/ca\/wp-json\/wp\/v2\/product_cat?post=121066"},{"taxonomy":"product_tag","embeddable":true,"href":"https:\/\/aral2.cetrexmarketing.com\/ca\/wp-json\/wp\/v2\/product_tag?post=121066"}],"curies":[{"name":"wp","href":"https:\/\/api.w.org\/{rel}","templated":true}]}}