{"id":121062,"date":"2025-05-27T04:57:07","date_gmt":"2025-05-27T04:57:07","guid":{"rendered":"https:\/\/aral2.cetrexmarketing.com\/producto\/iki-ginger-amb-te-verd\/"},"modified":"2025-05-27T08:13:27","modified_gmt":"2025-05-27T08:13:27","slug":"iki-ginger-amb-te-verd","status":"publish","type":"product","link":"https:\/\/aral2.cetrexmarketing.com\/ca\/producto\/iki-ginger-amb-te-verd\/","title":{"rendered":"Iki Ginger amb t\u00e8 verd"},"content":{"rendered":"<p data-start=\"0\" data-end=\"520\"><strong data-start=\"0\" data-end=\"26\">Iki Ginger amb Te Verd<\/strong> \u00e9s una beguda refrescant que combina la frescor del <strong data-start=\"79\" data-end=\"90\" data-is-only-node=\"\">te verd<\/strong> d&#8217;alta qualitat amb el toc picant i arom\u00e0tic del <strong data-start=\"140\" data-end=\"152\">gingebre<\/strong>. Aquesta beguda destaca pel seu <strong data-start=\"185\" data-end=\"212\">sabor suau i refrescant<\/strong>, oferint un equilibri entre la <strong data-start=\"244\" data-end=\"258\">lleugeresa<\/strong> del te verd i la <strong data-start=\"276\" data-end=\"290\">intensitat<\/strong> del gingebre. El te verd aporta propietats antioxidants, mentre que el gingebre \u00e9s conegut pels seus beneficis digestius i antiinflamatoris, fet que converteix aquesta beguda no nom\u00e9s en una opci\u00f3 deliciosa, sin\u00f3 tamb\u00e9 saludable.<\/p>\n<p data-start=\"522\" data-end=\"851\" data-is-last-node=\"\" data-is-only-node=\"\">\u00c9s ideal per gaudir-la <strong data-start=\"545\" data-end=\"554\">freda<\/strong>, com una opci\u00f3 refrescant a qualsevol hora del dia, i \u00e9s perfecta per a aquells que busquen una alternativa a les begudes ensucrades o gasoses. A m\u00e9s, el seu sabor <strong data-start=\"719\" data-end=\"733\">equilibrat<\/strong> la fa una excel\u00b7lent opci\u00f3 per maridar amb <strong data-start=\"777\" data-end=\"789\">amanides<\/strong>, <strong data-start=\"791\" data-end=\"809\">plats lleugers<\/strong> o com a acompanyant d&#8217;una tarda relaxada.<\/p>\n","protected":false},"excerpt":{"rendered":"<p><strong data-start=\"0\" data-end=\"26\" data-is-only-node=\"\">Iki Ginger amb Te Verd<\/strong> \u00e9s una beguda refrescant que combina el <strong data-start=\"67\" data-end=\"78\">te verd<\/strong> d&#8217;alta qualitat amb el <strong data-start=\"102\" data-end=\"114\">gingebre<\/strong>, creant un sabor suau per\u00f2 intensament arom\u00e0tic. Aquesta combinaci\u00f3 ofereix un <strong data-start=\"194\" data-end=\"216\">equilibri perfecte<\/strong> entre els beneficis antioxidants del te verd i les propietats digestius i antiinflamatoris del gingebre. Ideal per gaudir <strong data-start=\"339\" data-end=\"348\">freda<\/strong>, \u00e9s una alternativa saludable a les begudes ensucrades, perfecta per maridar amb plats lleugers, <strong data-start=\"446\" data-end=\"458\">amanides<\/strong> o per acompanyar una tarda relaxada.<\/p>\n","protected":false},"featured_media":121059,"comment_status":"closed","ping_status":"closed","template":"","meta":{"_acf_changed":false},"pwb-brand":[],"product_brand":[],"product_cat":[51674,51736,51913,51676],"product_tag":[],"class_list":{"0":"post-121062","1":"product","2":"type-product","3":"status-publish","4":"has-post-thumbnail","6":"product_cat-botiga","7":"product_cat-cervesa","8":"product_cat-cervesa-japo","9":"product_cat-vega","10":"pa_ecologico-vegano-natural-vega","11":"pa_formatoenml-38312","12":"pa_pais-japo","13":"entry","14":"has-media","16":"first","17":"instock","18":"taxable","19":"shipping-taxable","20":"purchasable","21":"product-type-simple"},"acf":[],"yoast_head":"<!-- This site is optimized with the Yoast SEO Premium plugin v23.1 (Yoast SEO v23.5) - https:\/\/yoast.com\/wordpress\/plugins\/seo\/ -->\n<title>Iki Ginger amb t\u00e8 verd<\/title>\n<meta name=\"description\" content=\"Comprar al millor preu la cervesa japonesa Iki Ginger amb t\u00e8 verd a M\u00f3n La Cata. Botiga online especialitzada en vi, destil\u00b7lat, cervesa i alimentaci\u00f3.\" \/>\n<meta name=\"robots\" content=\"noindex, follow, max-snippet:-1, max-image-preview:large, max-video-preview:-1\" \/>\n<meta property=\"og:locale\" content=\"ca_ES\" \/>\n<meta property=\"og:type\" content=\"article\" \/>\n<meta property=\"og:title\" content=\"Iki Ginger amb t\u00e8 verd\" \/>\n<meta property=\"og:description\" content=\"Comprar al millor preu la cervesa japonesa Iki Ginger amb t\u00e8 verd a M\u00f3n La Cata. Botiga online especialitzada en vi, destil\u00b7lat, cervesa i alimentaci\u00f3.\" \/>\n<meta property=\"og:url\" content=\"https:\/\/aral2.cetrexmarketing.com\/ca\/producto\/iki-ginger-amb-te-verd\/\" \/>\n<meta property=\"og:site_name\" content=\"M\u00f3n La Cata\" \/>\n<meta property=\"article:modified_time\" content=\"2025-05-27T08:13:27+00:00\" \/>\n<meta property=\"og:image\" content=\"https:\/\/aral2.cetrexmarketing.com\/wp-content\/uploads\/2025\/05\/iki-ginger.jpg.png\" \/>\n\t<meta property=\"og:image:width\" content=\"765\" \/>\n\t<meta property=\"og:image:height\" content=\"1024\" \/>\n\t<meta property=\"og:image:type\" content=\"image\/png\" \/>\n<meta name=\"twitter:card\" content=\"summary_large_image\" \/>\n<meta name=\"twitter:label1\" content=\"Temps estimat de lectura\" \/>\n\t<meta name=\"twitter:data1\" content=\"1 minut\" \/>\n<script type=\"application\/ld+json\" class=\"yoast-schema-graph\">{\"@context\":\"https:\/\/schema.org\",\"@graph\":[{\"@type\":\"WebPage\",\"@id\":\"https:\/\/aral2.cetrexmarketing.com\/ca\/producto\/iki-ginger-amb-te-verd\/\",\"url\":\"https:\/\/aral2.cetrexmarketing.com\/ca\/producto\/iki-ginger-amb-te-verd\/\",\"name\":\"Iki Ginger amb t\u00e8 verd\",\"isPartOf\":{\"@id\":\"https:\/\/aral2.cetrexmarketing.com\/#website\"},\"primaryImageOfPage\":{\"@id\":\"https:\/\/aral2.cetrexmarketing.com\/ca\/producto\/iki-ginger-amb-te-verd\/#primaryimage\"},\"image\":{\"@id\":\"https:\/\/aral2.cetrexmarketing.com\/ca\/producto\/iki-ginger-amb-te-verd\/#primaryimage\"},\"thumbnailUrl\":\"https:\/\/aral2.cetrexmarketing.com\/wp-content\/uploads\/2025\/05\/iki-ginger.jpg.png\",\"datePublished\":\"2025-05-27T04:57:07+00:00\",\"dateModified\":\"2025-05-27T08:13:27+00:00\",\"description\":\"Comprar al millor preu la cervesa japonesa Iki Ginger amb t\u00e8 verd a M\u00f3n La Cata. Botiga online especialitzada en vi, destil\u00b7lat, cervesa i alimentaci\u00f3.\",\"breadcrumb\":{\"@id\":\"https:\/\/aral2.cetrexmarketing.com\/ca\/producto\/iki-ginger-amb-te-verd\/#breadcrumb\"},\"inLanguage\":\"ca\",\"potentialAction\":[{\"@type\":\"ReadAction\",\"target\":[\"https:\/\/aral2.cetrexmarketing.com\/ca\/producto\/iki-ginger-amb-te-verd\/\"]}]},{\"@type\":\"ImageObject\",\"inLanguage\":\"ca\",\"@id\":\"https:\/\/aral2.cetrexmarketing.com\/ca\/producto\/iki-ginger-amb-te-verd\/#primaryimage\",\"url\":\"https:\/\/aral2.cetrexmarketing.com\/wp-content\/uploads\/2025\/05\/iki-ginger.jpg.png\",\"contentUrl\":\"https:\/\/aral2.cetrexmarketing.com\/wp-content\/uploads\/2025\/05\/iki-ginger.jpg.png\",\"width\":765,\"height\":1024},{\"@type\":\"BreadcrumbList\",\"@id\":\"https:\/\/aral2.cetrexmarketing.com\/ca\/producto\/iki-ginger-amb-te-verd\/#breadcrumb\",\"itemListElement\":[{\"@type\":\"ListItem\",\"position\":1,\"name\":\"Home\",\"item\":\"https:\/\/aral2.cetrexmarketing.com\/ca\/\"},{\"@type\":\"ListItem\",\"position\":2,\"name\":\"Tienda\",\"item\":\"https:\/\/aral2.cetrexmarketing.com\/ca\/tienda-2\/\"},{\"@type\":\"ListItem\",\"position\":3,\"name\":\"Tienda\",\"item\":\"https:\/\/aral2.cetrexmarketing.com\/categoria-producto\/inicio\/\"},{\"@type\":\"ListItem\",\"position\":4,\"name\":\"Cerveza\",\"item\":\"https:\/\/aral2.cetrexmarketing.com\/categoria-producto\/inicio\/cerveza\/\"},{\"@type\":\"ListItem\",\"position\":5,\"name\":\"Iki Ginger amb t\u00e8 verd\"}]},{\"@type\":\"WebSite\",\"@id\":\"https:\/\/aral2.cetrexmarketing.com\/#website\",\"url\":\"https:\/\/aral2.cetrexmarketing.com\/\",\"name\":\"M\u00f3n La Cata\",\"description\":\"Tienda de vinos, licores, cervezas y gourmet\",\"publisher\":{\"@id\":\"https:\/\/aral2.cetrexmarketing.com\/#organization\"},\"potentialAction\":[{\"@type\":\"SearchAction\",\"target\":{\"@type\":\"EntryPoint\",\"urlTemplate\":\"https:\/\/aral2.cetrexmarketing.com\/?s={search_term_string}\"},\"query-input\":{\"@type\":\"PropertyValueSpecification\",\"valueRequired\":true,\"valueName\":\"search_term_string\"}}],\"inLanguage\":\"ca\"},{\"@type\":\"Organization\",\"@id\":\"https:\/\/aral2.cetrexmarketing.com\/#organization\",\"name\":\"M\u00f3n La Cata\",\"url\":\"https:\/\/aral2.cetrexmarketing.com\/\",\"logo\":{\"@type\":\"ImageObject\",\"inLanguage\":\"ca\",\"@id\":\"https:\/\/aral2.cetrexmarketing.com\/#\/schema\/logo\/image\/\",\"url\":\"https:\/\/aral2.cetrexmarketing.com\/wp-content\/uploads\/2024\/10\/aral-logo-neg-1024x409-1.png\",\"contentUrl\":\"https:\/\/aral2.cetrexmarketing.com\/wp-content\/uploads\/2024\/10\/aral-logo-neg-1024x409-1.png\",\"width\":1024,\"height\":409,\"caption\":\"M\u00f3n La Cata\"},\"image\":{\"@id\":\"https:\/\/aral2.cetrexmarketing.com\/#\/schema\/logo\/image\/\"}}]}<\/script>\n<!-- \/ Yoast SEO Premium plugin. -->","yoast_head_json":{"title":"Iki Ginger amb t\u00e8 verd","description":"Comprar al millor preu la cervesa japonesa Iki Ginger amb t\u00e8 verd a M\u00f3n La Cata. Botiga online especialitzada en vi, destil\u00b7lat, cervesa i alimentaci\u00f3.","robots":{"index":"noindex","follow":"follow","max-snippet":"max-snippet:-1","max-image-preview":"max-image-preview:large","max-video-preview":"max-video-preview:-1"},"og_locale":"ca_ES","og_type":"article","og_title":"Iki Ginger amb t\u00e8 verd","og_description":"Comprar al millor preu la cervesa japonesa Iki Ginger amb t\u00e8 verd a M\u00f3n La Cata. Botiga online especialitzada en vi, destil\u00b7lat, cervesa i alimentaci\u00f3.","og_url":"https:\/\/aral2.cetrexmarketing.com\/ca\/producto\/iki-ginger-amb-te-verd\/","og_site_name":"M\u00f3n La Cata","article_modified_time":"2025-05-27T08:13:27+00:00","og_image":[{"width":765,"height":1024,"url":"https:\/\/aral2.cetrexmarketing.com\/wp-content\/uploads\/2025\/05\/iki-ginger.jpg.png","type":"image\/png"}],"twitter_card":"summary_large_image","twitter_misc":{"Temps estimat de lectura":"1 minut"},"schema":{"@context":"https:\/\/schema.org","@graph":[{"@type":"WebPage","@id":"https:\/\/aral2.cetrexmarketing.com\/ca\/producto\/iki-ginger-amb-te-verd\/","url":"https:\/\/aral2.cetrexmarketing.com\/ca\/producto\/iki-ginger-amb-te-verd\/","name":"Iki Ginger amb t\u00e8 verd","isPartOf":{"@id":"https:\/\/aral2.cetrexmarketing.com\/#website"},"primaryImageOfPage":{"@id":"https:\/\/aral2.cetrexmarketing.com\/ca\/producto\/iki-ginger-amb-te-verd\/#primaryimage"},"image":{"@id":"https:\/\/aral2.cetrexmarketing.com\/ca\/producto\/iki-ginger-amb-te-verd\/#primaryimage"},"thumbnailUrl":"https:\/\/aral2.cetrexmarketing.com\/wp-content\/uploads\/2025\/05\/iki-ginger.jpg.png","datePublished":"2025-05-27T04:57:07+00:00","dateModified":"2025-05-27T08:13:27+00:00","description":"Comprar al millor preu la cervesa japonesa Iki Ginger amb t\u00e8 verd a M\u00f3n La Cata. Botiga online especialitzada en vi, destil\u00b7lat, cervesa i alimentaci\u00f3.","breadcrumb":{"@id":"https:\/\/aral2.cetrexmarketing.com\/ca\/producto\/iki-ginger-amb-te-verd\/#breadcrumb"},"inLanguage":"ca","potentialAction":[{"@type":"ReadAction","target":["https:\/\/aral2.cetrexmarketing.com\/ca\/producto\/iki-ginger-amb-te-verd\/"]}]},{"@type":"ImageObject","inLanguage":"ca","@id":"https:\/\/aral2.cetrexmarketing.com\/ca\/producto\/iki-ginger-amb-te-verd\/#primaryimage","url":"https:\/\/aral2.cetrexmarketing.com\/wp-content\/uploads\/2025\/05\/iki-ginger.jpg.png","contentUrl":"https:\/\/aral2.cetrexmarketing.com\/wp-content\/uploads\/2025\/05\/iki-ginger.jpg.png","width":765,"height":1024},{"@type":"BreadcrumbList","@id":"https:\/\/aral2.cetrexmarketing.com\/ca\/producto\/iki-ginger-amb-te-verd\/#breadcrumb","itemListElement":[{"@type":"ListItem","position":1,"name":"Home","item":"https:\/\/aral2.cetrexmarketing.com\/ca\/"},{"@type":"ListItem","position":2,"name":"Tienda","item":"https:\/\/aral2.cetrexmarketing.com\/ca\/tienda-2\/"},{"@type":"ListItem","position":3,"name":"Tienda","item":"https:\/\/aral2.cetrexmarketing.com\/categoria-producto\/inicio\/"},{"@type":"ListItem","position":4,"name":"Cerveza","item":"https:\/\/aral2.cetrexmarketing.com\/categoria-producto\/inicio\/cerveza\/"},{"@type":"ListItem","position":5,"name":"Iki Ginger amb t\u00e8 verd"}]},{"@type":"WebSite","@id":"https:\/\/aral2.cetrexmarketing.com\/#website","url":"https:\/\/aral2.cetrexmarketing.com\/","name":"M\u00f3n La Cata","description":"Tienda de vinos, licores, cervezas y gourmet","publisher":{"@id":"https:\/\/aral2.cetrexmarketing.com\/#organization"},"potentialAction":[{"@type":"SearchAction","target":{"@type":"EntryPoint","urlTemplate":"https:\/\/aral2.cetrexmarketing.com\/?s={search_term_string}"},"query-input":{"@type":"PropertyValueSpecification","valueRequired":true,"valueName":"search_term_string"}}],"inLanguage":"ca"},{"@type":"Organization","@id":"https:\/\/aral2.cetrexmarketing.com\/#organization","name":"M\u00f3n La Cata","url":"https:\/\/aral2.cetrexmarketing.com\/","logo":{"@type":"ImageObject","inLanguage":"ca","@id":"https:\/\/aral2.cetrexmarketing.com\/#\/schema\/logo\/image\/","url":"https:\/\/aral2.cetrexmarketing.com\/wp-content\/uploads\/2024\/10\/aral-logo-neg-1024x409-1.png","contentUrl":"https:\/\/aral2.cetrexmarketing.com\/wp-content\/uploads\/2024\/10\/aral-logo-neg-1024x409-1.png","width":1024,"height":409,"caption":"M\u00f3n La Cata"},"image":{"@id":"https:\/\/aral2.cetrexmarketing.com\/#\/schema\/logo\/image\/"}}]}},"brands":[],"_links":{"self":[{"href":"https:\/\/aral2.cetrexmarketing.com\/ca\/wp-json\/wp\/v2\/product\/121062","targetHints":{"allow":["GET"]}}],"collection":[{"href":"https:\/\/aral2.cetrexmarketing.com\/ca\/wp-json\/wp\/v2\/product"}],"about":[{"href":"https:\/\/aral2.cetrexmarketing.com\/ca\/wp-json\/wp\/v2\/types\/product"}],"replies":[{"embeddable":true,"href":"https:\/\/aral2.cetrexmarketing.com\/ca\/wp-json\/wp\/v2\/comments?post=121062"}],"wp:featuredmedia":[{"embeddable":true,"href":"https:\/\/aral2.cetrexmarketing.com\/ca\/wp-json\/wp\/v2\/media\/121059"}],"wp:attachment":[{"href":"https:\/\/aral2.cetrexmarketing.com\/ca\/wp-json\/wp\/v2\/media?parent=121062"}],"wp:term":[{"taxonomy":"pwb-brand","embeddable":true,"href":"https:\/\/aral2.cetrexmarketing.com\/ca\/wp-json\/wp\/v2\/pwb-brand?post=121062"},{"taxonomy":"product_brand","embeddable":true,"href":"https:\/\/aral2.cetrexmarketing.com\/ca\/wp-json\/wp\/v2\/product_brand?post=121062"},{"taxonomy":"product_cat","embeddable":true,"href":"https:\/\/aral2.cetrexmarketing.com\/ca\/wp-json\/wp\/v2\/product_cat?post=121062"},{"taxonomy":"product_tag","embeddable":true,"href":"https:\/\/aral2.cetrexmarketing.com\/ca\/wp-json\/wp\/v2\/product_tag?post=121062"}],"curies":[{"name":"wp","href":"https:\/\/api.w.org\/{rel}","templated":true}]}}