{"id":121033,"date":"2025-05-27T04:56:43","date_gmt":"2025-05-27T04:56:43","guid":{"rendered":"https:\/\/aral2.cetrexmarketing.com\/producto\/roda-reserva-jeroboam\/"},"modified":"2025-05-27T08:13:23","modified_gmt":"2025-05-27T08:13:23","slug":"roda-reserva-jeroboam","status":"publish","type":"product","link":"https:\/\/aral2.cetrexmarketing.com\/ca\/producto\/roda-reserva-jeroboam\/","title":{"rendered":"Roda Reserva Jeroboam"},"content":{"rendered":"<div class=\"flex max-w-full flex-col flex-grow\">\n<div class=\"min-h-8 text-message relative flex w-full flex-col items-end gap-2 whitespace-normal break-words text-start [.text-message+&amp;]:mt-5\" dir=\"auto\" data-message-author-role=\"assistant\" data-message-id=\"e48871c4-b011-42f9-a1fd-19073b2efe9f\" data-message-model-slug=\"gpt-4o-mini\">\n<div class=\"flex w-full flex-col gap-1 empty:hidden first:pt-[3px]\">\n<div class=\"markdown prose w-full break-words dark:prose-invert light\">\n<p data-start=\"0\" data-end=\"515\">El <strong data-start=\"3\" data-end=\"19\">Roda Reserva<\/strong> en format <strong data-start=\"30\" data-end=\"46\">doble magnum<\/strong> (3 litres) \u00e9s una de les peces m\u00e9s espectaculars tant pel seu volum com per la qualitat del seu contingut, ideal per a ocasions especials. Elaborat a la <strong data-start=\"200\" data-end=\"241\">Denominaci\u00f3 d&#8217;Origen Calificada Rioja<\/strong>, aquest vi negre prov\u00e9 d&#8217;una selecci\u00f3 dels millors vinyes de les parcel\u00b7les m\u00e9s exclusives del celler <strong data-start=\"344\" data-end=\"352\">Roda<\/strong>. \u00c9s un assemblatge de <strong data-start=\"375\" data-end=\"390\">tempranillo<\/strong>, amb un toc de <strong data-start=\"406\" data-end=\"418\">garnacha<\/strong> i <strong data-start=\"421\" data-end=\"433\">graciano<\/strong>, varietats que aporten <strong data-start=\"457\" data-end=\"472\">complexitat<\/strong>, <strong data-start=\"474\" data-end=\"485\">frescor<\/strong> i <strong data-start=\"488\" data-end=\"501\">eleg\u00e0ncia<\/strong> a la barreja.<\/p>\n<p data-start=\"517\" data-end=\"1213\">Visualment, el vi t\u00e9 un <strong data-start=\"541\" data-end=\"566\">color vermell profund<\/strong> amb reflexos <strong data-start=\"580\" data-end=\"592\">violacis<\/strong>, el que indica la seva joventut i la seva intensitat.<br data-start=\"646\" data-end=\"649\" \/>En nas, el <strong data-start=\"660\" data-end=\"676\" data-is-only-node=\"\">Roda Reserva<\/strong> es presenta amb una gran <strong data-start=\"702\" data-end=\"727\">complexitat arom\u00e0tica<\/strong>. S&#8217;hi aprecien notes de <strong data-start=\"752\" data-end=\"771\">fruites madures<\/strong> com <strong data-start=\"776\" data-end=\"794\">cireres negres<\/strong> i <strong data-start=\"797\" data-end=\"814\">cireres roges<\/strong> que es combinen amb tocs m\u00e9s subtils de <strong data-start=\"855\" data-end=\"864\">fusta<\/strong> provinents de la seva crian\u00e7a en <strong data-start=\"898\" data-end=\"934\">b\u00f2tes de roure franc\u00e8s i americ\u00e0<\/strong>. A m\u00e9s, emergeixen aromes <strong data-start=\"961\" data-end=\"974\">espaciats<\/strong> com <strong data-start=\"979\" data-end=\"994\">pebre negre<\/strong>, <strong data-start=\"996\" data-end=\"1007\">canella<\/strong> i <strong data-start=\"1010\" data-end=\"1018\">clau<\/strong>, aix\u00ed com un toc de <strong data-start=\"1039\" data-end=\"1051\">vainilla<\/strong> que li aporta una suavitat i eleg\u00e0ncia. A mesura que el vi es oxigena, sorgeixen matisos de <strong data-start=\"1144\" data-end=\"1153\">tabac<\/strong> i <strong data-start=\"1156\" data-end=\"1164\">cuir<\/strong>, que aporten profunditat al seu perfil arom\u00e0tic.<\/p>\n<p data-start=\"1215\" data-end=\"1705\">En boca, el <strong data-start=\"1227\" data-end=\"1243\">Roda Reserva<\/strong> destaca pel seu <strong data-start=\"1260\" data-end=\"1273\">equilibri<\/strong> i <strong data-start=\"1276\" data-end=\"1290\">estructura<\/strong>. \u00c9s un vi de <strong data-start=\"1304\" data-end=\"1327\">cos mitj\u00e0 a complet<\/strong>, amb una <strong data-start=\"1337\" data-end=\"1362\">textura aterciopelada<\/strong> i uns <strong data-start=\"1369\" data-end=\"1386\">t\u00e0nins madurs<\/strong> que aporten un car\u00e0cter <strong data-start=\"1411\" data-end=\"1419\">rod\u00f3<\/strong> i ben integrat. La seva <strong data-start=\"1444\" data-end=\"1455\">acidesa<\/strong> \u00e9s <strong data-start=\"1459\" data-end=\"1469\">fresca<\/strong> i <strong data-start=\"1472\" data-end=\"1483\">vibrant<\/strong>, cosa que li atorga una bona <strong data-start=\"1513\" data-end=\"1526\">vitalitat<\/strong> i capacitat d\u2019evoluci\u00f3 en ampolla. El <strong data-start=\"1565\" data-end=\"1578\">retrogust<\/strong> \u00e9s llarg, persistent, i deixa una sensaci\u00f3 de <strong data-start=\"1625\" data-end=\"1641\">fresc frutal<\/strong> juntament amb un toc d&#8217;<strong data-start=\"1665\" data-end=\"1677\">esp\u00e8cies<\/strong> i un lleu final <strong data-start=\"1694\" data-end=\"1704\">afumat<\/strong>.<\/p>\n<p data-start=\"1707\" data-end=\"2147\">Ideal per maridar amb plats de <strong data-start=\"1738\" data-end=\"1755\">carn vermella<\/strong>, especialment <strong data-start=\"1770\" data-end=\"1781\">rostits<\/strong>, <strong data-start=\"1783\" data-end=\"1793\">corder<\/strong> al forn, <strong data-start=\"1803\" data-end=\"1814\">vedella<\/strong> o plats amb salsa, tamb\u00e9 combina perfectament amb <strong data-start=\"1865\" data-end=\"1885\">formatges curats<\/strong> o <strong data-start=\"1888\" data-end=\"1908\">embotits ib\u00e8rics<\/strong>. A m\u00e9s, el seu format <strong data-start=\"1931\" data-end=\"1947\">doble magnum<\/strong> no nom\u00e9s \u00e9s una mostra de <strong data-start=\"1974\" data-end=\"1981\">lux<\/strong>, sin\u00f3 que afavoreix la <strong data-start=\"2005\" data-end=\"2020\">conservaci\u00f3<\/strong> i l\u2019<strong data-start=\"2025\" data-end=\"2041\">envejeciment<\/strong> del vi, cosa que permet que el vi continu\u00ef desenvolupant-se i <strong data-start=\"2104\" data-end=\"2125\">complexificant-se<\/strong> amb el pas del temps.<\/p>\n<p data-start=\"2149\" data-end=\"2437\" data-is-last-node=\"\" data-is-only-node=\"\">Aquest vi \u00e9s una <strong data-start=\"2166\" data-end=\"2186\">excel\u00b7lent opci\u00f3<\/strong> per a qui vol gaudir d\u2019un <strong data-start=\"2213\" data-end=\"2229\">gran reserva<\/strong> de la <strong data-start=\"2236\" data-end=\"2245\">Rioja<\/strong> en la seva m\u00e0xima expressi\u00f3, tant en termes de qualitat com de volum. Ideal per a <strong data-start=\"2328\" data-end=\"2354\">celebracions especials<\/strong> o per a <strong data-start=\"2363\" data-end=\"2383\">col\u00b7leccionistes<\/strong> que desitgen gaudir d\u2019un vi que millora amb els anys.<\/p>\n<\/div>\n<\/div>\n<\/div>\n<\/div>\n","protected":false},"excerpt":{"rendered":"<p>El <strong data-start=\"3\" data-end=\"19\">Roda Reserva<\/strong> en format <strong data-start=\"30\" data-end=\"46\">doble magnum<\/strong> (3 litres) \u00e9s un vi negre d&#8217;alta qualitat de la <strong data-start=\"95\" data-end=\"104\">Rioja<\/strong>, elaborat amb una selecci\u00f3 de <strong data-start=\"135\" data-end=\"150\">tempranillo<\/strong>, <strong data-start=\"152\" data-end=\"164\">garnacha<\/strong> i <strong data-start=\"167\" data-end=\"179\">graciano<\/strong>, que ofereix una gran <strong data-start=\"202\" data-end=\"227\">complexitat arom\u00e0tica<\/strong> amb notes de <strong data-start=\"241\" data-end=\"260\">fruites madures<\/strong>, <strong data-start=\"262\" data-end=\"274\">esp\u00e8cies<\/strong> i <strong data-start=\"277\" data-end=\"286\">fusta<\/strong>. En boca \u00e9s <strong data-start=\"299\" data-end=\"313\">equilibrat<\/strong>, amb una <strong data-start=\"323\" data-end=\"348\">textura aterciopelada<\/strong> i <strong data-start=\"351\" data-end=\"368\">tanins madurs<\/strong> que li aporten un car\u00e0cter <strong data-start=\"396\" data-end=\"404\">rod\u00f3<\/strong>. El seu <strong data-start=\"413\" data-end=\"428\">final llarg<\/strong> i <strong data-start=\"431\" data-end=\"446\">persistente<\/strong> el fa ideal per a maridar amb plats de <strong data-start=\"486\" data-end=\"503\">carn vermella<\/strong>, <strong data-start=\"505\" data-end=\"525\">formatges curats<\/strong> i <strong data-start=\"528\" data-end=\"548\">embotits ib\u00e8rics<\/strong>. El format <strong data-start=\"560\" data-end=\"576\">doble magnum<\/strong> permet una <strong data-start=\"588\" data-end=\"606\">major evoluci\u00f3<\/strong> del vi en ampolla, el que el fa perfecte per a <strong data-start=\"654\" data-end=\"680\">celebracions especials<\/strong> o com a <strong data-start=\"689\" data-end=\"705\">vi de guarda<\/strong>.<\/p>\n","protected":false},"featured_media":121030,"comment_status":"closed","ping_status":"closed","template":"","meta":{"_acf_changed":false},"pwb-brand":[],"product_brand":[],"product_cat":[51674,51670,51671],"product_tag":[52279],"class_list":{"0":"post-121033","1":"product","2":"type-product","3":"status-publish","4":"has-post-thumbnail","6":"product_cat-botiga","7":"product_cat-vi","8":"product_cat-vi-negre","9":"product_tag-roda-reserva-jeroboam-2","10":"product_shipping_class-7-10-dias-2","11":"pa_bodega-bodegasroda","12":"pa_do-rioja-d-o-ca-ca","13":"pa_formatoenml-38315","14":"entry","15":"has-media","17":"first","18":"onbackorder","19":"taxable","20":"shipping-taxable","21":"purchasable","22":"product-type-simple"},"acf":[],"yoast_head":"<!-- This site is optimized with the Yoast SEO Premium plugin v23.1 (Yoast SEO v23.5) - https:\/\/yoast.com\/wordpress\/plugins\/seo\/ -->\n<title>Roda Reserva Jeroboam<\/title>\n<meta name=\"description\" content=\"Comprar al millor preu el vi negre Roda Reserva Jeroboam en M\u00f3n La Cata. Botiga online especialitzada en vins, destil\u00b7lats i alimentaci\u00f3 gurmet.\" \/>\n<meta name=\"robots\" content=\"noindex, follow, max-snippet:-1, max-image-preview:large, max-video-preview:-1\" \/>\n<meta property=\"og:locale\" content=\"ca_ES\" \/>\n<meta property=\"og:type\" content=\"article\" \/>\n<meta property=\"og:title\" content=\"Roda Reserva Jeroboam\" \/>\n<meta property=\"og:description\" content=\"Comprar al millor preu el vi negre Roda Reserva Jeroboam en M\u00f3n La Cata. Botiga online especialitzada en vins, destil\u00b7lats i alimentaci\u00f3 gurmet.\" \/>\n<meta property=\"og:url\" content=\"https:\/\/aral2.cetrexmarketing.com\/ca\/producto\/roda-reserva-jeroboam\/\" \/>\n<meta property=\"og:site_name\" content=\"M\u00f3n La Cata\" \/>\n<meta property=\"article:modified_time\" content=\"2025-05-27T08:13:23+00:00\" \/>\n<meta property=\"og:image\" content=\"https:\/\/aral2.cetrexmarketing.com\/wp-content\/uploads\/2025\/05\/roda-reserva-doble-magnum.png\" \/>\n\t<meta property=\"og:image:width\" content=\"765\" \/>\n\t<meta property=\"og:image:height\" content=\"1024\" \/>\n\t<meta property=\"og:image:type\" content=\"image\/png\" \/>\n<meta name=\"twitter:card\" content=\"summary_large_image\" \/>\n<meta name=\"twitter:label1\" content=\"Temps estimat de lectura\" \/>\n\t<meta name=\"twitter:data1\" content=\"3 minuts\" \/>\n<script type=\"application\/ld+json\" class=\"yoast-schema-graph\">{\"@context\":\"https:\/\/schema.org\",\"@graph\":[{\"@type\":\"WebPage\",\"@id\":\"https:\/\/aral2.cetrexmarketing.com\/ca\/producto\/roda-reserva-jeroboam\/\",\"url\":\"https:\/\/aral2.cetrexmarketing.com\/ca\/producto\/roda-reserva-jeroboam\/\",\"name\":\"Roda Reserva Jeroboam\",\"isPartOf\":{\"@id\":\"https:\/\/aral2.cetrexmarketing.com\/#website\"},\"primaryImageOfPage\":{\"@id\":\"https:\/\/aral2.cetrexmarketing.com\/ca\/producto\/roda-reserva-jeroboam\/#primaryimage\"},\"image\":{\"@id\":\"https:\/\/aral2.cetrexmarketing.com\/ca\/producto\/roda-reserva-jeroboam\/#primaryimage\"},\"thumbnailUrl\":\"https:\/\/aral2.cetrexmarketing.com\/wp-content\/uploads\/2025\/05\/roda-reserva-doble-magnum.png\",\"datePublished\":\"2025-05-27T04:56:43+00:00\",\"dateModified\":\"2025-05-27T08:13:23+00:00\",\"description\":\"Comprar al millor preu el vi negre Roda Reserva Jeroboam en M\u00f3n La Cata. Botiga online especialitzada en vins, destil\u00b7lats i alimentaci\u00f3 gurmet.\",\"breadcrumb\":{\"@id\":\"https:\/\/aral2.cetrexmarketing.com\/ca\/producto\/roda-reserva-jeroboam\/#breadcrumb\"},\"inLanguage\":\"ca\",\"potentialAction\":[{\"@type\":\"ReadAction\",\"target\":[\"https:\/\/aral2.cetrexmarketing.com\/ca\/producto\/roda-reserva-jeroboam\/\"]}]},{\"@type\":\"ImageObject\",\"inLanguage\":\"ca\",\"@id\":\"https:\/\/aral2.cetrexmarketing.com\/ca\/producto\/roda-reserva-jeroboam\/#primaryimage\",\"url\":\"https:\/\/aral2.cetrexmarketing.com\/wp-content\/uploads\/2025\/05\/roda-reserva-doble-magnum.png\",\"contentUrl\":\"https:\/\/aral2.cetrexmarketing.com\/wp-content\/uploads\/2025\/05\/roda-reserva-doble-magnum.png\",\"width\":765,\"height\":1024},{\"@type\":\"BreadcrumbList\",\"@id\":\"https:\/\/aral2.cetrexmarketing.com\/ca\/producto\/roda-reserva-jeroboam\/#breadcrumb\",\"itemListElement\":[{\"@type\":\"ListItem\",\"position\":1,\"name\":\"Home\",\"item\":\"https:\/\/aral2.cetrexmarketing.com\/ca\/\"},{\"@type\":\"ListItem\",\"position\":2,\"name\":\"Tienda\",\"item\":\"https:\/\/aral2.cetrexmarketing.com\/ca\/tienda-2\/\"},{\"@type\":\"ListItem\",\"position\":3,\"name\":\"Tienda\",\"item\":\"https:\/\/aral2.cetrexmarketing.com\/categoria-producto\/inicio\/\"},{\"@type\":\"ListItem\",\"position\":4,\"name\":\"Roda Reserva Jeroboam\"}]},{\"@type\":\"WebSite\",\"@id\":\"https:\/\/aral2.cetrexmarketing.com\/#website\",\"url\":\"https:\/\/aral2.cetrexmarketing.com\/\",\"name\":\"M\u00f3n La Cata\",\"description\":\"Tienda de vinos, licores, cervezas y gourmet\",\"publisher\":{\"@id\":\"https:\/\/aral2.cetrexmarketing.com\/#organization\"},\"potentialAction\":[{\"@type\":\"SearchAction\",\"target\":{\"@type\":\"EntryPoint\",\"urlTemplate\":\"https:\/\/aral2.cetrexmarketing.com\/?s={search_term_string}\"},\"query-input\":{\"@type\":\"PropertyValueSpecification\",\"valueRequired\":true,\"valueName\":\"search_term_string\"}}],\"inLanguage\":\"ca\"},{\"@type\":\"Organization\",\"@id\":\"https:\/\/aral2.cetrexmarketing.com\/#organization\",\"name\":\"M\u00f3n La Cata\",\"url\":\"https:\/\/aral2.cetrexmarketing.com\/\",\"logo\":{\"@type\":\"ImageObject\",\"inLanguage\":\"ca\",\"@id\":\"https:\/\/aral2.cetrexmarketing.com\/#\/schema\/logo\/image\/\",\"url\":\"https:\/\/aral2.cetrexmarketing.com\/wp-content\/uploads\/2024\/10\/aral-logo-neg-1024x409-1.png\",\"contentUrl\":\"https:\/\/aral2.cetrexmarketing.com\/wp-content\/uploads\/2024\/10\/aral-logo-neg-1024x409-1.png\",\"width\":1024,\"height\":409,\"caption\":\"M\u00f3n La Cata\"},\"image\":{\"@id\":\"https:\/\/aral2.cetrexmarketing.com\/#\/schema\/logo\/image\/\"}}]}<\/script>\n<!-- \/ Yoast SEO Premium plugin. -->","yoast_head_json":{"title":"Roda Reserva Jeroboam","description":"Comprar al millor preu el vi negre Roda Reserva Jeroboam en M\u00f3n La Cata. Botiga online especialitzada en vins, destil\u00b7lats i alimentaci\u00f3 gurmet.","robots":{"index":"noindex","follow":"follow","max-snippet":"max-snippet:-1","max-image-preview":"max-image-preview:large","max-video-preview":"max-video-preview:-1"},"og_locale":"ca_ES","og_type":"article","og_title":"Roda Reserva Jeroboam","og_description":"Comprar al millor preu el vi negre Roda Reserva Jeroboam en M\u00f3n La Cata. Botiga online especialitzada en vins, destil\u00b7lats i alimentaci\u00f3 gurmet.","og_url":"https:\/\/aral2.cetrexmarketing.com\/ca\/producto\/roda-reserva-jeroboam\/","og_site_name":"M\u00f3n La Cata","article_modified_time":"2025-05-27T08:13:23+00:00","og_image":[{"width":765,"height":1024,"url":"https:\/\/aral2.cetrexmarketing.com\/wp-content\/uploads\/2025\/05\/roda-reserva-doble-magnum.png","type":"image\/png"}],"twitter_card":"summary_large_image","twitter_misc":{"Temps estimat de lectura":"3 minuts"},"schema":{"@context":"https:\/\/schema.org","@graph":[{"@type":"WebPage","@id":"https:\/\/aral2.cetrexmarketing.com\/ca\/producto\/roda-reserva-jeroboam\/","url":"https:\/\/aral2.cetrexmarketing.com\/ca\/producto\/roda-reserva-jeroboam\/","name":"Roda Reserva Jeroboam","isPartOf":{"@id":"https:\/\/aral2.cetrexmarketing.com\/#website"},"primaryImageOfPage":{"@id":"https:\/\/aral2.cetrexmarketing.com\/ca\/producto\/roda-reserva-jeroboam\/#primaryimage"},"image":{"@id":"https:\/\/aral2.cetrexmarketing.com\/ca\/producto\/roda-reserva-jeroboam\/#primaryimage"},"thumbnailUrl":"https:\/\/aral2.cetrexmarketing.com\/wp-content\/uploads\/2025\/05\/roda-reserva-doble-magnum.png","datePublished":"2025-05-27T04:56:43+00:00","dateModified":"2025-05-27T08:13:23+00:00","description":"Comprar al millor preu el vi negre Roda Reserva Jeroboam en M\u00f3n La Cata. Botiga online especialitzada en vins, destil\u00b7lats i alimentaci\u00f3 gurmet.","breadcrumb":{"@id":"https:\/\/aral2.cetrexmarketing.com\/ca\/producto\/roda-reserva-jeroboam\/#breadcrumb"},"inLanguage":"ca","potentialAction":[{"@type":"ReadAction","target":["https:\/\/aral2.cetrexmarketing.com\/ca\/producto\/roda-reserva-jeroboam\/"]}]},{"@type":"ImageObject","inLanguage":"ca","@id":"https:\/\/aral2.cetrexmarketing.com\/ca\/producto\/roda-reserva-jeroboam\/#primaryimage","url":"https:\/\/aral2.cetrexmarketing.com\/wp-content\/uploads\/2025\/05\/roda-reserva-doble-magnum.png","contentUrl":"https:\/\/aral2.cetrexmarketing.com\/wp-content\/uploads\/2025\/05\/roda-reserva-doble-magnum.png","width":765,"height":1024},{"@type":"BreadcrumbList","@id":"https:\/\/aral2.cetrexmarketing.com\/ca\/producto\/roda-reserva-jeroboam\/#breadcrumb","itemListElement":[{"@type":"ListItem","position":1,"name":"Home","item":"https:\/\/aral2.cetrexmarketing.com\/ca\/"},{"@type":"ListItem","position":2,"name":"Tienda","item":"https:\/\/aral2.cetrexmarketing.com\/ca\/tienda-2\/"},{"@type":"ListItem","position":3,"name":"Tienda","item":"https:\/\/aral2.cetrexmarketing.com\/categoria-producto\/inicio\/"},{"@type":"ListItem","position":4,"name":"Roda Reserva Jeroboam"}]},{"@type":"WebSite","@id":"https:\/\/aral2.cetrexmarketing.com\/#website","url":"https:\/\/aral2.cetrexmarketing.com\/","name":"M\u00f3n La Cata","description":"Tienda de vinos, licores, cervezas y gourmet","publisher":{"@id":"https:\/\/aral2.cetrexmarketing.com\/#organization"},"potentialAction":[{"@type":"SearchAction","target":{"@type":"EntryPoint","urlTemplate":"https:\/\/aral2.cetrexmarketing.com\/?s={search_term_string}"},"query-input":{"@type":"PropertyValueSpecification","valueRequired":true,"valueName":"search_term_string"}}],"inLanguage":"ca"},{"@type":"Organization","@id":"https:\/\/aral2.cetrexmarketing.com\/#organization","name":"M\u00f3n La Cata","url":"https:\/\/aral2.cetrexmarketing.com\/","logo":{"@type":"ImageObject","inLanguage":"ca","@id":"https:\/\/aral2.cetrexmarketing.com\/#\/schema\/logo\/image\/","url":"https:\/\/aral2.cetrexmarketing.com\/wp-content\/uploads\/2024\/10\/aral-logo-neg-1024x409-1.png","contentUrl":"https:\/\/aral2.cetrexmarketing.com\/wp-content\/uploads\/2024\/10\/aral-logo-neg-1024x409-1.png","width":1024,"height":409,"caption":"M\u00f3n La Cata"},"image":{"@id":"https:\/\/aral2.cetrexmarketing.com\/#\/schema\/logo\/image\/"}}]}},"brands":[],"_links":{"self":[{"href":"https:\/\/aral2.cetrexmarketing.com\/ca\/wp-json\/wp\/v2\/product\/121033","targetHints":{"allow":["GET"]}}],"collection":[{"href":"https:\/\/aral2.cetrexmarketing.com\/ca\/wp-json\/wp\/v2\/product"}],"about":[{"href":"https:\/\/aral2.cetrexmarketing.com\/ca\/wp-json\/wp\/v2\/types\/product"}],"replies":[{"embeddable":true,"href":"https:\/\/aral2.cetrexmarketing.com\/ca\/wp-json\/wp\/v2\/comments?post=121033"}],"wp:featuredmedia":[{"embeddable":true,"href":"https:\/\/aral2.cetrexmarketing.com\/ca\/wp-json\/wp\/v2\/media\/121030"}],"wp:attachment":[{"href":"https:\/\/aral2.cetrexmarketing.com\/ca\/wp-json\/wp\/v2\/media?parent=121033"}],"wp:term":[{"taxonomy":"pwb-brand","embeddable":true,"href":"https:\/\/aral2.cetrexmarketing.com\/ca\/wp-json\/wp\/v2\/pwb-brand?post=121033"},{"taxonomy":"product_brand","embeddable":true,"href":"https:\/\/aral2.cetrexmarketing.com\/ca\/wp-json\/wp\/v2\/product_brand?post=121033"},{"taxonomy":"product_cat","embeddable":true,"href":"https:\/\/aral2.cetrexmarketing.com\/ca\/wp-json\/wp\/v2\/product_cat?post=121033"},{"taxonomy":"product_tag","embeddable":true,"href":"https:\/\/aral2.cetrexmarketing.com\/ca\/wp-json\/wp\/v2\/product_tag?post=121033"}],"curies":[{"name":"wp","href":"https:\/\/api.w.org\/{rel}","templated":true}]}}