{"id":121029,"date":"2025-05-27T04:56:37","date_gmt":"2025-05-27T04:56:37","guid":{"rendered":"https:\/\/aral2.cetrexmarketing.com\/producto\/roda-reserva-magnum\/"},"modified":"2025-05-27T08:13:17","modified_gmt":"2025-05-27T08:13:17","slug":"roda-reserva-magnum","status":"publish","type":"product","link":"https:\/\/aral2.cetrexmarketing.com\/ca\/producto\/roda-reserva-magnum\/","title":{"rendered":"Roda Reserva Magnum"},"content":{"rendered":"<p data-start=\"0\" data-end=\"371\">El <strong data-start=\"3\" data-end=\"26\">Roda Reserva Magnum<\/strong> (1,5 litres) \u00e9s una de les joies de la <strong data-start=\"66\" data-end=\"75\">Rioja<\/strong> que reflecteix la qualitat, la tradici\u00f3 i l&#8217;eleg\u00e0ncia d&#8217;aquesta regi\u00f3. Aquest vi negre est\u00e0 elaborat a partir d&#8217;una curosa selecci\u00f3 de les millors grapes de <strong data-start=\"233\" data-end=\"248\">Tempranillo<\/strong>, amb aportacions de <strong data-start=\"269\" data-end=\"281\">Garnacha<\/strong> i <strong data-start=\"284\" data-end=\"296\">Graciano<\/strong>, que aporten <strong data-start=\"310\" data-end=\"325\">complexitat<\/strong>, <strong data-start=\"327\" data-end=\"338\">frescor<\/strong> i una <strong data-start=\"345\" data-end=\"370\">estructura excel\u00b7lent<\/strong>.<\/p>\n<p data-start=\"373\" data-end=\"536\">A nivell visual, el vi presenta un <strong data-start=\"412\" data-end=\"434\">color vermell rub\u00ed<\/strong> profund amb lleugers reflexos violacis, el que denota la seva joventut i la seva excel\u00b7lent evoluci\u00f3.<\/p>\n<p data-start=\"538\" data-end=\"1089\">En nas, \u00e9s un vi de <strong data-start=\"562\" data-end=\"592\">gran complexitat arom\u00e0tica<\/strong>. Les notes de <strong data-start=\"607\" data-end=\"633\">fruites negres madures<\/strong> com <strong data-start=\"638\" data-end=\"649\">cireres<\/strong>, <strong data-start=\"651\" data-end=\"669\">cireres negres<\/strong> i <strong data-start=\"672\" data-end=\"681\">mores<\/strong> es combinen amb tocs especiats de <strong data-start=\"716\" data-end=\"731\">pebre negre<\/strong>, <strong data-start=\"733\" data-end=\"744\">canella<\/strong> i <strong data-start=\"747\" data-end=\"755\">clau<\/strong>. La <strong data-start=\"760\" data-end=\"782\">finca seleccionada<\/strong> on es cultiven les grapes, juntament amb la seva <strong data-start=\"832\" data-end=\"879\">crian\u00e7a en b\u00f3tes de roure franc\u00e8s i americ\u00e0<\/strong>, li atorga una fina capa de <strong data-start=\"908\" data-end=\"920\">vainilla<\/strong>, <strong data-start=\"922\" data-end=\"931\">tabac<\/strong> i <strong data-start=\"934\" data-end=\"943\">cedre<\/strong>, que el fa encara m\u00e9s atractiu. Amb el pas dels minuts, apareixen subtils matisos de <strong data-start=\"1029\" data-end=\"1037\">cuir<\/strong> i <strong data-start=\"1040\" data-end=\"1052\">terrosos<\/strong>, aportant una <strong data-start=\"1067\" data-end=\"1088\">profunditat \u00fanica<\/strong>.<\/p>\n<p data-start=\"1091\" data-end=\"1696\">En boca, el <strong data-start=\"1107\" data-end=\"1130\">Roda Reserva Magnum<\/strong> \u00e9s un vi amb una <strong data-start=\"1148\" data-end=\"1173\">estructura excel\u00b7lent<\/strong>. De <strong data-start=\"1178\" data-end=\"1201\">cos mitj\u00e0 a complet<\/strong>, la seva <strong data-start=\"1211\" data-end=\"1236\">textura aterciopelada<\/strong> envolta el paladar, oferint una combinaci\u00f3 perfecta entre la <strong data-start=\"1298\" data-end=\"1322\">frescor de la fruita<\/strong> i la <strong data-start=\"1328\" data-end=\"1357\">maduresa dels seus t\u00e0nins<\/strong>. Els <strong data-start=\"1363\" data-end=\"1373\">t\u00e0nins<\/strong> s\u00f3n ferms per\u00f2 perfectament integrats, cosa que d\u00f3na lloc a un <strong data-start=\"1437\" data-end=\"1465\">final llarg i persistent<\/strong> amb un regust lleugerament especiat i una suavitat que convida a seguir degustant-lo. L&#8217;<strong data-start=\"1554\" data-end=\"1586\">acidesa fresca i equilibrada<\/strong> li confereix una gran capacitat de guarda, permetent que el vi segueixi evolucionant amb el temps en ampolla.<\/p>\n<p data-start=\"1698\" data-end=\"2021\">Aquest vi \u00e9s <strong data-start=\"1711\" data-end=\"1751\">ideal per maridar amb carns rostides<\/strong>, com <strong data-start=\"1757\" data-end=\"1767\">corder<\/strong> o <strong data-start=\"1770\" data-end=\"1781\">vedella<\/strong>, aix\u00ed com amb <strong data-start=\"1796\" data-end=\"1816\">formatges curats<\/strong> o <strong data-start=\"1819\" data-end=\"1839\">embotits ib\u00e8rics<\/strong>. El seu format <strong data-start=\"1855\" data-end=\"1865\">magnum<\/strong> no nom\u00e9s \u00e9s perfecte per a ocasions especials, sin\u00f3 que tamb\u00e9 li d\u00f3na un <strong data-start=\"1939\" data-end=\"1959\">plus d&#8217;eleg\u00e0ncia<\/strong> i afavoreix la seva <strong data-start=\"1980\" data-end=\"1992\">evoluci\u00f3<\/strong> durant m\u00e9s temps en ampolla.<\/p>\n<p data-start=\"2023\" data-end=\"2226\">El <strong data-start=\"2026\" data-end=\"2049\">Roda Reserva Magnum<\/strong> \u00e9s una excel\u00b7lent opci\u00f3 per a aquells que busquen gaudir d&#8217;un <strong data-start=\"2112\" data-end=\"2132\">gran vi de Rioja<\/strong>, que ofereix una <strong data-start=\"2150\" data-end=\"2184\">complexitat en aromes i sabors<\/strong> amb una <strong data-start=\"2193\" data-end=\"2225\">gran capacitat d&#8217;envelliment<\/strong>.<\/p>\n","protected":false},"excerpt":{"rendered":"<p>El <strong data-start=\"3\" data-end=\"26\">Roda Reserva Magnum<\/strong> (1,5 litres) \u00e9s un vi negre de la <strong data-start=\"61\" data-end=\"70\">Rioja<\/strong> elaborat amb <strong data-start=\"84\" data-end=\"99\">Tempranillo<\/strong>, <strong data-start=\"101\" data-end=\"113\">Garnacha<\/strong> i <strong data-start=\"116\" data-end=\"128\">Graciano<\/strong>, que destaca per la seva <strong data-start=\"154\" data-end=\"179\">complexitat arom\u00e0tica<\/strong>, amb notes de <strong data-start=\"194\" data-end=\"213\">fruites madures<\/strong>, <strong data-start=\"215\" data-end=\"227\">esp\u00e8cies<\/strong> i <strong data-start=\"230\" data-end=\"239\">fusta<\/strong>. En boca, \u00e9s un vi de <strong data-start=\"262\" data-end=\"285\">cos mitj\u00e0 a complet<\/strong>, amb <strong data-start=\"291\" data-end=\"308\">tanins madurs<\/strong> i una <strong data-start=\"315\" data-end=\"340\">textura aterciopelada<\/strong> que li atorga un <strong data-start=\"358\" data-end=\"380\">equilibri perfecte<\/strong>. El seu <strong data-start=\"389\" data-end=\"417\">final llarg i persistent<\/strong>, amb un toc lleugerament especiat, el fa ideal per maridar amb <strong data-start=\"481\" data-end=\"499\">carns rostides<\/strong> i <strong data-start=\"502\" data-end=\"522\">formatges curats<\/strong>. El seu format <strong data-start=\"538\" data-end=\"548\">magnum<\/strong> permet una <strong data-start=\"560\" data-end=\"590\">millor evoluci\u00f3 en ampolla<\/strong>, oferint una excel\u00b7lent opci\u00f3 per a aquells que busquen un <strong data-start=\"650\" data-end=\"670\">gran vi de Rioja<\/strong> amb <strong data-start=\"675\" data-end=\"698\">capacitat de guarda<\/strong> i <strong data-start=\"701\" data-end=\"716\">complexitat<\/strong>.<\/p>\n","protected":false},"featured_media":121026,"comment_status":"closed","ping_status":"closed","template":"","meta":{"_acf_changed":false},"pwb-brand":[],"product_brand":[],"product_cat":[51674,51670,51671],"product_tag":[52312],"class_list":{"0":"post-121029","1":"product","2":"type-product","3":"status-publish","4":"has-post-thumbnail","6":"product_cat-botiga","7":"product_cat-vi","8":"product_cat-vi-negre","9":"product_tag-roda-reserva-magnum-2","10":"product_shipping_class-7-10-dias-2","11":"pa_anada-36212","12":"pa_bodega-bodegasroda","13":"pa_do-rioja-d-o-ca-ca","14":"pa_formatoenml-38316","15":"entry","16":"has-media","18":"first","19":"onbackorder","20":"taxable","21":"shipping-taxable","22":"purchasable","23":"product-type-simple"},"acf":[],"yoast_head":"<!-- This site is optimized with the Yoast SEO Premium plugin v23.1 (Yoast SEO v23.5) - https:\/\/yoast.com\/wordpress\/plugins\/seo\/ -->\n<title>Roda Reserva Magnum - M\u00f3n La Cata<\/title>\n<meta name=\"description\" content=\"Comprar al millor preu el vi negre Roda Reserva Magnum en M\u00f3n La Cata. Botiga online especialitzada en vins, destil\u00b7lats i alimentaci\u00f3 gurmet.\" \/>\n<meta name=\"robots\" content=\"noindex, follow, max-snippet:-1, max-image-preview:large, max-video-preview:-1\" \/>\n<meta property=\"og:locale\" content=\"ca_ES\" \/>\n<meta property=\"og:type\" content=\"article\" \/>\n<meta property=\"og:title\" content=\"Roda Reserva Magnum\" \/>\n<meta property=\"og:description\" content=\"Comprar al millor preu el vi negre Roda Reserva Magnum en M\u00f3n La Cata. Botiga online especialitzada en vins, destil\u00b7lats i alimentaci\u00f3 gurmet.\" \/>\n<meta property=\"og:url\" content=\"https:\/\/aral2.cetrexmarketing.com\/ca\/producto\/roda-reserva-magnum\/\" \/>\n<meta property=\"og:site_name\" content=\"M\u00f3n La Cata\" \/>\n<meta property=\"article:modified_time\" content=\"2025-05-27T08:13:17+00:00\" \/>\n<meta property=\"og:image\" content=\"https:\/\/aral2.cetrexmarketing.com\/wp-content\/uploads\/2025\/05\/roda-reserva-magnum.png\" \/>\n\t<meta property=\"og:image:width\" content=\"765\" \/>\n\t<meta property=\"og:image:height\" content=\"1024\" \/>\n\t<meta property=\"og:image:type\" content=\"image\/png\" \/>\n<meta name=\"twitter:card\" content=\"summary_large_image\" \/>\n<meta name=\"twitter:label1\" content=\"Temps estimat de lectura\" \/>\n\t<meta name=\"twitter:data1\" content=\"3 minuts\" \/>\n<script type=\"application\/ld+json\" class=\"yoast-schema-graph\">{\"@context\":\"https:\/\/schema.org\",\"@graph\":[{\"@type\":\"WebPage\",\"@id\":\"https:\/\/aral2.cetrexmarketing.com\/ca\/producto\/roda-reserva-magnum\/\",\"url\":\"https:\/\/aral2.cetrexmarketing.com\/ca\/producto\/roda-reserva-magnum\/\",\"name\":\"Roda Reserva Magnum - M\u00f3n La Cata\",\"isPartOf\":{\"@id\":\"https:\/\/aral2.cetrexmarketing.com\/#website\"},\"primaryImageOfPage\":{\"@id\":\"https:\/\/aral2.cetrexmarketing.com\/ca\/producto\/roda-reserva-magnum\/#primaryimage\"},\"image\":{\"@id\":\"https:\/\/aral2.cetrexmarketing.com\/ca\/producto\/roda-reserva-magnum\/#primaryimage\"},\"thumbnailUrl\":\"https:\/\/aral2.cetrexmarketing.com\/wp-content\/uploads\/2025\/05\/roda-reserva-magnum.png\",\"datePublished\":\"2025-05-27T04:56:37+00:00\",\"dateModified\":\"2025-05-27T08:13:17+00:00\",\"description\":\"Comprar al millor preu el vi negre Roda Reserva Magnum en M\u00f3n La Cata. Botiga online especialitzada en vins, destil\u00b7lats i alimentaci\u00f3 gurmet.\",\"breadcrumb\":{\"@id\":\"https:\/\/aral2.cetrexmarketing.com\/ca\/producto\/roda-reserva-magnum\/#breadcrumb\"},\"inLanguage\":\"ca\",\"potentialAction\":[{\"@type\":\"ReadAction\",\"target\":[\"https:\/\/aral2.cetrexmarketing.com\/ca\/producto\/roda-reserva-magnum\/\"]}]},{\"@type\":\"ImageObject\",\"inLanguage\":\"ca\",\"@id\":\"https:\/\/aral2.cetrexmarketing.com\/ca\/producto\/roda-reserva-magnum\/#primaryimage\",\"url\":\"https:\/\/aral2.cetrexmarketing.com\/wp-content\/uploads\/2025\/05\/roda-reserva-magnum.png\",\"contentUrl\":\"https:\/\/aral2.cetrexmarketing.com\/wp-content\/uploads\/2025\/05\/roda-reserva-magnum.png\",\"width\":765,\"height\":1024},{\"@type\":\"BreadcrumbList\",\"@id\":\"https:\/\/aral2.cetrexmarketing.com\/ca\/producto\/roda-reserva-magnum\/#breadcrumb\",\"itemListElement\":[{\"@type\":\"ListItem\",\"position\":1,\"name\":\"Home\",\"item\":\"https:\/\/aral2.cetrexmarketing.com\/ca\/\"},{\"@type\":\"ListItem\",\"position\":2,\"name\":\"Tienda\",\"item\":\"https:\/\/aral2.cetrexmarketing.com\/ca\/tienda-2\/\"},{\"@type\":\"ListItem\",\"position\":3,\"name\":\"Tienda\",\"item\":\"https:\/\/aral2.cetrexmarketing.com\/categoria-producto\/inicio\/\"},{\"@type\":\"ListItem\",\"position\":4,\"name\":\"Roda Reserva Magnum\"}]},{\"@type\":\"WebSite\",\"@id\":\"https:\/\/aral2.cetrexmarketing.com\/#website\",\"url\":\"https:\/\/aral2.cetrexmarketing.com\/\",\"name\":\"M\u00f3n La Cata\",\"description\":\"Tienda de vinos, licores, cervezas y gourmet\",\"publisher\":{\"@id\":\"https:\/\/aral2.cetrexmarketing.com\/#organization\"},\"potentialAction\":[{\"@type\":\"SearchAction\",\"target\":{\"@type\":\"EntryPoint\",\"urlTemplate\":\"https:\/\/aral2.cetrexmarketing.com\/?s={search_term_string}\"},\"query-input\":{\"@type\":\"PropertyValueSpecification\",\"valueRequired\":true,\"valueName\":\"search_term_string\"}}],\"inLanguage\":\"ca\"},{\"@type\":\"Organization\",\"@id\":\"https:\/\/aral2.cetrexmarketing.com\/#organization\",\"name\":\"M\u00f3n La Cata\",\"url\":\"https:\/\/aral2.cetrexmarketing.com\/\",\"logo\":{\"@type\":\"ImageObject\",\"inLanguage\":\"ca\",\"@id\":\"https:\/\/aral2.cetrexmarketing.com\/#\/schema\/logo\/image\/\",\"url\":\"https:\/\/aral2.cetrexmarketing.com\/wp-content\/uploads\/2024\/10\/aral-logo-neg-1024x409-1.png\",\"contentUrl\":\"https:\/\/aral2.cetrexmarketing.com\/wp-content\/uploads\/2024\/10\/aral-logo-neg-1024x409-1.png\",\"width\":1024,\"height\":409,\"caption\":\"M\u00f3n La Cata\"},\"image\":{\"@id\":\"https:\/\/aral2.cetrexmarketing.com\/#\/schema\/logo\/image\/\"}}]}<\/script>\n<!-- \/ Yoast SEO Premium plugin. -->","yoast_head_json":{"title":"Roda Reserva Magnum - M\u00f3n La Cata","description":"Comprar al millor preu el vi negre Roda Reserva Magnum en M\u00f3n La Cata. Botiga online especialitzada en vins, destil\u00b7lats i alimentaci\u00f3 gurmet.","robots":{"index":"noindex","follow":"follow","max-snippet":"max-snippet:-1","max-image-preview":"max-image-preview:large","max-video-preview":"max-video-preview:-1"},"og_locale":"ca_ES","og_type":"article","og_title":"Roda Reserva Magnum","og_description":"Comprar al millor preu el vi negre Roda Reserva Magnum en M\u00f3n La Cata. Botiga online especialitzada en vins, destil\u00b7lats i alimentaci\u00f3 gurmet.","og_url":"https:\/\/aral2.cetrexmarketing.com\/ca\/producto\/roda-reserva-magnum\/","og_site_name":"M\u00f3n La Cata","article_modified_time":"2025-05-27T08:13:17+00:00","og_image":[{"width":765,"height":1024,"url":"https:\/\/aral2.cetrexmarketing.com\/wp-content\/uploads\/2025\/05\/roda-reserva-magnum.png","type":"image\/png"}],"twitter_card":"summary_large_image","twitter_misc":{"Temps estimat de lectura":"3 minuts"},"schema":{"@context":"https:\/\/schema.org","@graph":[{"@type":"WebPage","@id":"https:\/\/aral2.cetrexmarketing.com\/ca\/producto\/roda-reserva-magnum\/","url":"https:\/\/aral2.cetrexmarketing.com\/ca\/producto\/roda-reserva-magnum\/","name":"Roda Reserva Magnum - M\u00f3n La Cata","isPartOf":{"@id":"https:\/\/aral2.cetrexmarketing.com\/#website"},"primaryImageOfPage":{"@id":"https:\/\/aral2.cetrexmarketing.com\/ca\/producto\/roda-reserva-magnum\/#primaryimage"},"image":{"@id":"https:\/\/aral2.cetrexmarketing.com\/ca\/producto\/roda-reserva-magnum\/#primaryimage"},"thumbnailUrl":"https:\/\/aral2.cetrexmarketing.com\/wp-content\/uploads\/2025\/05\/roda-reserva-magnum.png","datePublished":"2025-05-27T04:56:37+00:00","dateModified":"2025-05-27T08:13:17+00:00","description":"Comprar al millor preu el vi negre Roda Reserva Magnum en M\u00f3n La Cata. Botiga online especialitzada en vins, destil\u00b7lats i alimentaci\u00f3 gurmet.","breadcrumb":{"@id":"https:\/\/aral2.cetrexmarketing.com\/ca\/producto\/roda-reserva-magnum\/#breadcrumb"},"inLanguage":"ca","potentialAction":[{"@type":"ReadAction","target":["https:\/\/aral2.cetrexmarketing.com\/ca\/producto\/roda-reserva-magnum\/"]}]},{"@type":"ImageObject","inLanguage":"ca","@id":"https:\/\/aral2.cetrexmarketing.com\/ca\/producto\/roda-reserva-magnum\/#primaryimage","url":"https:\/\/aral2.cetrexmarketing.com\/wp-content\/uploads\/2025\/05\/roda-reserva-magnum.png","contentUrl":"https:\/\/aral2.cetrexmarketing.com\/wp-content\/uploads\/2025\/05\/roda-reserva-magnum.png","width":765,"height":1024},{"@type":"BreadcrumbList","@id":"https:\/\/aral2.cetrexmarketing.com\/ca\/producto\/roda-reserva-magnum\/#breadcrumb","itemListElement":[{"@type":"ListItem","position":1,"name":"Home","item":"https:\/\/aral2.cetrexmarketing.com\/ca\/"},{"@type":"ListItem","position":2,"name":"Tienda","item":"https:\/\/aral2.cetrexmarketing.com\/ca\/tienda-2\/"},{"@type":"ListItem","position":3,"name":"Tienda","item":"https:\/\/aral2.cetrexmarketing.com\/categoria-producto\/inicio\/"},{"@type":"ListItem","position":4,"name":"Roda Reserva Magnum"}]},{"@type":"WebSite","@id":"https:\/\/aral2.cetrexmarketing.com\/#website","url":"https:\/\/aral2.cetrexmarketing.com\/","name":"M\u00f3n La Cata","description":"Tienda de vinos, licores, cervezas y gourmet","publisher":{"@id":"https:\/\/aral2.cetrexmarketing.com\/#organization"},"potentialAction":[{"@type":"SearchAction","target":{"@type":"EntryPoint","urlTemplate":"https:\/\/aral2.cetrexmarketing.com\/?s={search_term_string}"},"query-input":{"@type":"PropertyValueSpecification","valueRequired":true,"valueName":"search_term_string"}}],"inLanguage":"ca"},{"@type":"Organization","@id":"https:\/\/aral2.cetrexmarketing.com\/#organization","name":"M\u00f3n La Cata","url":"https:\/\/aral2.cetrexmarketing.com\/","logo":{"@type":"ImageObject","inLanguage":"ca","@id":"https:\/\/aral2.cetrexmarketing.com\/#\/schema\/logo\/image\/","url":"https:\/\/aral2.cetrexmarketing.com\/wp-content\/uploads\/2024\/10\/aral-logo-neg-1024x409-1.png","contentUrl":"https:\/\/aral2.cetrexmarketing.com\/wp-content\/uploads\/2024\/10\/aral-logo-neg-1024x409-1.png","width":1024,"height":409,"caption":"M\u00f3n La Cata"},"image":{"@id":"https:\/\/aral2.cetrexmarketing.com\/#\/schema\/logo\/image\/"}}]}},"brands":[],"_links":{"self":[{"href":"https:\/\/aral2.cetrexmarketing.com\/ca\/wp-json\/wp\/v2\/product\/121029","targetHints":{"allow":["GET"]}}],"collection":[{"href":"https:\/\/aral2.cetrexmarketing.com\/ca\/wp-json\/wp\/v2\/product"}],"about":[{"href":"https:\/\/aral2.cetrexmarketing.com\/ca\/wp-json\/wp\/v2\/types\/product"}],"replies":[{"embeddable":true,"href":"https:\/\/aral2.cetrexmarketing.com\/ca\/wp-json\/wp\/v2\/comments?post=121029"}],"wp:featuredmedia":[{"embeddable":true,"href":"https:\/\/aral2.cetrexmarketing.com\/ca\/wp-json\/wp\/v2\/media\/121026"}],"wp:attachment":[{"href":"https:\/\/aral2.cetrexmarketing.com\/ca\/wp-json\/wp\/v2\/media?parent=121029"}],"wp:term":[{"taxonomy":"pwb-brand","embeddable":true,"href":"https:\/\/aral2.cetrexmarketing.com\/ca\/wp-json\/wp\/v2\/pwb-brand?post=121029"},{"taxonomy":"product_brand","embeddable":true,"href":"https:\/\/aral2.cetrexmarketing.com\/ca\/wp-json\/wp\/v2\/product_brand?post=121029"},{"taxonomy":"product_cat","embeddable":true,"href":"https:\/\/aral2.cetrexmarketing.com\/ca\/wp-json\/wp\/v2\/product_cat?post=121029"},{"taxonomy":"product_tag","embeddable":true,"href":"https:\/\/aral2.cetrexmarketing.com\/ca\/wp-json\/wp\/v2\/product_tag?post=121029"}],"curies":[{"name":"wp","href":"https:\/\/api.w.org\/{rel}","templated":true}]}}