{"id":121025,"date":"2025-05-27T04:56:32","date_gmt":"2025-05-27T04:56:32","guid":{"rendered":"https:\/\/aral2.cetrexmarketing.com\/producto\/roda-i-reserva-jeroboam\/"},"modified":"2025-05-27T08:13:15","modified_gmt":"2025-05-27T08:13:15","slug":"roda-i-reserva-jeroboam","status":"publish","type":"product","link":"https:\/\/aral2.cetrexmarketing.com\/ca\/producto\/roda-i-reserva-jeroboam\/","title":{"rendered":"Roda I Reserva Jeroboam"},"content":{"rendered":"<p data-start=\"0\" data-end=\"429\">El <strong data-start=\"3\" data-end=\"13\">Roda I<\/strong> en format <strong data-start=\"24\" data-end=\"36\">Jeroboam<\/strong> (3 litres) \u00e9s una de les expressions m\u00e9s impressionants de la <strong data-start=\"99\" data-end=\"108\">Rioja<\/strong>, una obra mestra que reflecteix l&#8217;excel\u00b7l\u00e8ncia d&#8217;aquesta Denominaci\u00f3 d&#8217;Origen. Elaborat principalment amb <strong data-start=\"215\" data-end=\"230\">Tempranillo<\/strong>, complementat amb petites quantitats de <strong data-start=\"271\" data-end=\"283\">Graciano<\/strong> i <strong data-start=\"286\" data-end=\"298\">Garnacha<\/strong>, aquest vi t\u00e9 una profunditat i complexitat excepcionals, caracter\u00edstiques que s&#8217;amplifiquen encara m\u00e9s en el seu imponent format.<\/p>\n<p data-start=\"431\" data-end=\"710\">A nivell visual, el <strong data-start=\"455\" data-end=\"474\">Roda I Jeroboam<\/strong> mostra un <strong data-start=\"485\" data-end=\"515\">color vermell rub\u00ed profund<\/strong>, gaireb\u00e9 opac, amb lleugers reflexos violacis que evidencien la seva joventut i el seu poder. La intensitat del color suggereix un vi amb una estructura s\u00f2lida i una notable capacitat de guarda.<\/p>\n<p data-start=\"712\" data-end=\"1290\">En nas, aquest vi ofereix una <strong data-start=\"746\" data-end=\"776\">gran complexitat arom\u00e0tica<\/strong> des del primer moment. Predominen les <strong data-start=\"815\" data-end=\"841\">fruites negres madures<\/strong>, com <strong data-start=\"847\" data-end=\"858\">cireres<\/strong>, <strong data-start=\"860\" data-end=\"869\">mores<\/strong> i <strong data-start=\"872\" data-end=\"890\">cireres negres<\/strong>, que es fonen harm\u00f2nicament amb les notes d&#8217;<strong data-start=\"935\" data-end=\"947\">esp\u00e8cies<\/strong> com <strong data-start=\"952\" data-end=\"967\">pebre negre<\/strong>, <strong data-start=\"969\" data-end=\"980\">canella<\/strong> i <strong data-start=\"983\" data-end=\"991\">clau<\/strong>. La <strong data-start=\"996\" data-end=\"1005\">fusta<\/strong> de la seva crian\u00e7a en b\u00f3tes de <strong data-start=\"1037\" data-end=\"1054\">roure franc\u00e8s<\/strong> i <strong data-start=\"1057\" data-end=\"1068\">americ\u00e0<\/strong> deixa una empremta subtil, amb tocs de <strong data-start=\"1108\" data-end=\"1120\">vainilla<\/strong>, <strong data-start=\"1122\" data-end=\"1131\">cedre<\/strong> i <strong data-start=\"1134\" data-end=\"1143\">tabac<\/strong>. A mesura que el vi s&#8217;oxigena, emergeixen aromes m\u00e9s complexos com el <strong data-start=\"1214\" data-end=\"1222\">cuir<\/strong> i una lleugera nota <strong data-start=\"1243\" data-end=\"1254\">terrosa<\/strong> que afegeix profunditat i car\u00e0cter.<\/p>\n<p data-start=\"1292\" data-end=\"1791\">En boca, el <strong data-start=\"1308\" data-end=\"1327\">Roda I Jeroboam<\/strong> \u00e9s un vi <strong data-start=\"1337\" data-end=\"1355\">de cos complet<\/strong>, amb una <strong data-start=\"1365\" data-end=\"1390\">textura aterciopelada<\/strong> i uns <strong data-start=\"1397\" data-end=\"1413\">t\u00e0nins ferms<\/strong> i ben estructurats que garanteixen una llarga evoluci\u00f3. La seva <strong data-start=\"1478\" data-end=\"1496\">acidesa fresca<\/strong> equilibra la pot\u00e8ncia de la fruita i dels t\u00e0nins, proporcionant una <strong data-start=\"1565\" data-end=\"1586\">vibrant vivacitat<\/strong> que, combinada amb la complexitat dels seus sabors, el fa excepcionalment equilibrat. El <strong data-start=\"1676\" data-end=\"1704\">final llarg i persistent<\/strong> deixa una <strong data-start=\"1715\" data-end=\"1737\">sensaci\u00f3 especiada<\/strong> amb un toc <strong data-start=\"1749\" data-end=\"1758\">fum\u00f3s<\/strong> que convida a seguir gaudint-ne.<\/p>\n<p data-start=\"1793\" data-end=\"2231\">Aquest vi \u00e9s ideal per maridar amb <strong data-start=\"1828\" data-end=\"1843\">carns roges<\/strong> rostides o a la brasa, <strong data-start=\"1867\" data-end=\"1877\">corder<\/strong> al forn, <strong data-start=\"1887\" data-end=\"1898\">vedella<\/strong> o plats amb salses intenses. Tamb\u00e9 es combina perfectament amb <strong data-start=\"1962\" data-end=\"1982\">formatges curats<\/strong> i <strong data-start=\"1985\" data-end=\"2005\">embotits ib\u00e8rics<\/strong>. El <strong data-start=\"2010\" data-end=\"2022\">Jeroboam<\/strong>, a causa de la seva mida, afavoreix el proc\u00e9s d&#8217;envelliment i l&#8217;<strong data-start=\"2087\" data-end=\"2099\">evoluci\u00f3<\/strong> del vi en ampolla, permetent que els sabors i aromes continu\u00efn desenvolupant-se de manera complexa i profunda amb el pas del temps.<\/p>\n<p data-start=\"2233\" data-end=\"2500\">El <strong data-start=\"2236\" data-end=\"2255\">Roda I Jeroboam<\/strong> \u00e9s una opci\u00f3 excepcional per a col\u00b7leccionistes i per aquells que desitgin celebrar ocasions especials amb un vi <strong data-start=\"2369\" data-end=\"2389\">de gran qualitat<\/strong>, amb una <strong data-start=\"2399\" data-end=\"2436\">capacitat de guarda impressionant<\/strong> i una <strong data-start=\"2443\" data-end=\"2473\">riquesa en aromes i sabors<\/strong> que milloren amb els anys.<\/p>\n","protected":false},"excerpt":{"rendered":"<p>El <strong>Roda I Jeroboam<\/strong> (3 litres) \u00e9s un vi de <strong>Rioja<\/strong> de gran complexitat i profunditat, elaborat principalment amb <strong>Tempranillo<\/strong>, <strong>Graciano<\/strong> i <strong>Garnacha<\/strong>, que destaca per la seva <strong>estructura s\u00f2lida<\/strong> i <strong>evoluci\u00f3 excel\u00b7lent<\/strong>. Presenta un <strong>color vermell rub\u00ed profund<\/strong> i aromes intensos de <strong>fruites negres madures<\/strong>, <strong>esp\u00e8cies<\/strong> i tocs subtils de <strong>fusta<\/strong>, <strong>vainilla<\/strong> i <strong>cedre<\/strong>. En boca, \u00e9s <strong>de cos complet<\/strong>, amb una <strong>textura aterciopelada<\/strong>, <strong>tanins ferms<\/strong> i una <strong>acidesa fresca<\/strong> que li atorguen un <strong>equilibri perfecte<\/strong> i un <strong>final llarg<\/strong> amb notes <strong>fumoses<\/strong>. Ideal per maridar amb <strong>carns roges<\/strong> i <strong>formatges curats<\/strong>, el seu format <strong>Jeroboam<\/strong> afavoreix el seu <strong>envelliment i evoluci\u00f3<\/strong>, sent una opci\u00f3 perfecte per a <strong>col\u00b7leccionistes<\/strong> o per a <strong>ocasions especials<\/strong>.<\/p>\n","protected":false},"featured_media":121022,"comment_status":"closed","ping_status":"closed","template":"","meta":{"_acf_changed":false},"pwb-brand":[],"product_brand":[],"product_cat":[51674,51670,51671],"product_tag":[52367],"class_list":{"0":"post-121025","1":"product","2":"type-product","3":"status-publish","4":"has-post-thumbnail","6":"product_cat-botiga","7":"product_cat-vi","8":"product_cat-vi-negre","9":"product_tag-roda-i-reserva-jeroboam-2","10":"product_shipping_class-7-10-dias-2","11":"pa_anada-36211","12":"pa_bodega-bodegasroda","13":"pa_do-rioja-d-o-ca-ca","14":"pa_formatoenml-38315","15":"entry","16":"has-media","18":"first","19":"onbackorder","20":"taxable","21":"shipping-taxable","22":"purchasable","23":"product-type-simple"},"acf":[],"yoast_head":"<!-- This site is optimized with the Yoast SEO Premium plugin v23.1 (Yoast SEO v23.5) - https:\/\/yoast.com\/wordpress\/plugins\/seo\/ -->\n<title>Roda I Reserva Jeroboam<\/title>\n<meta name=\"description\" content=\"Comprar online al millor preu el vi negre Roda I Reserva Jeroboam a Mon la Cata. Web especialitzada en vins, destil\u00b7lats i alimentaci\u00f3 gurmet.\" \/>\n<meta name=\"robots\" content=\"noindex, follow, max-snippet:-1, max-image-preview:large, max-video-preview:-1\" \/>\n<meta property=\"og:locale\" content=\"ca_ES\" \/>\n<meta property=\"og:type\" content=\"article\" \/>\n<meta property=\"og:title\" content=\"Roda I Reserva Jeroboam\" \/>\n<meta property=\"og:description\" content=\"Comprar online al millor preu el vi negre Roda I Reserva Jeroboam a Mon la Cata. Web especialitzada en vins, destil\u00b7lats i alimentaci\u00f3 gurmet.\" \/>\n<meta property=\"og:url\" content=\"https:\/\/aral2.cetrexmarketing.com\/ca\/producto\/roda-i-reserva-jeroboam\/\" \/>\n<meta property=\"og:site_name\" content=\"M\u00f3n La Cata\" \/>\n<meta property=\"article:modified_time\" content=\"2025-05-27T08:13:15+00:00\" \/>\n<meta property=\"og:image\" content=\"https:\/\/aral2.cetrexmarketing.com\/wp-content\/uploads\/2025\/05\/roda-I-reserva-jerobam.png\" \/>\n\t<meta property=\"og:image:width\" content=\"765\" \/>\n\t<meta property=\"og:image:height\" content=\"1024\" \/>\n\t<meta property=\"og:image:type\" content=\"image\/png\" \/>\n<meta name=\"twitter:card\" content=\"summary_large_image\" \/>\n<meta name=\"twitter:label1\" content=\"Temps estimat de lectura\" \/>\n\t<meta name=\"twitter:data1\" content=\"3 minuts\" \/>\n<script type=\"application\/ld+json\" class=\"yoast-schema-graph\">{\"@context\":\"https:\/\/schema.org\",\"@graph\":[{\"@type\":\"WebPage\",\"@id\":\"https:\/\/aral2.cetrexmarketing.com\/ca\/producto\/roda-i-reserva-jeroboam\/\",\"url\":\"https:\/\/aral2.cetrexmarketing.com\/ca\/producto\/roda-i-reserva-jeroboam\/\",\"name\":\"Roda I Reserva Jeroboam\",\"isPartOf\":{\"@id\":\"https:\/\/aral2.cetrexmarketing.com\/#website\"},\"primaryImageOfPage\":{\"@id\":\"https:\/\/aral2.cetrexmarketing.com\/ca\/producto\/roda-i-reserva-jeroboam\/#primaryimage\"},\"image\":{\"@id\":\"https:\/\/aral2.cetrexmarketing.com\/ca\/producto\/roda-i-reserva-jeroboam\/#primaryimage\"},\"thumbnailUrl\":\"https:\/\/aral2.cetrexmarketing.com\/wp-content\/uploads\/2025\/05\/roda-I-reserva-jerobam.png\",\"datePublished\":\"2025-05-27T04:56:32+00:00\",\"dateModified\":\"2025-05-27T08:13:15+00:00\",\"description\":\"Comprar online al millor preu el vi negre Roda I Reserva Jeroboam a Mon la Cata. Web especialitzada en vins, destil\u00b7lats i alimentaci\u00f3 gurmet.\",\"breadcrumb\":{\"@id\":\"https:\/\/aral2.cetrexmarketing.com\/ca\/producto\/roda-i-reserva-jeroboam\/#breadcrumb\"},\"inLanguage\":\"ca\",\"potentialAction\":[{\"@type\":\"ReadAction\",\"target\":[\"https:\/\/aral2.cetrexmarketing.com\/ca\/producto\/roda-i-reserva-jeroboam\/\"]}]},{\"@type\":\"ImageObject\",\"inLanguage\":\"ca\",\"@id\":\"https:\/\/aral2.cetrexmarketing.com\/ca\/producto\/roda-i-reserva-jeroboam\/#primaryimage\",\"url\":\"https:\/\/aral2.cetrexmarketing.com\/wp-content\/uploads\/2025\/05\/roda-I-reserva-jerobam.png\",\"contentUrl\":\"https:\/\/aral2.cetrexmarketing.com\/wp-content\/uploads\/2025\/05\/roda-I-reserva-jerobam.png\",\"width\":765,\"height\":1024},{\"@type\":\"BreadcrumbList\",\"@id\":\"https:\/\/aral2.cetrexmarketing.com\/ca\/producto\/roda-i-reserva-jeroboam\/#breadcrumb\",\"itemListElement\":[{\"@type\":\"ListItem\",\"position\":1,\"name\":\"Home\",\"item\":\"https:\/\/aral2.cetrexmarketing.com\/ca\/\"},{\"@type\":\"ListItem\",\"position\":2,\"name\":\"Tienda\",\"item\":\"https:\/\/aral2.cetrexmarketing.com\/ca\/tienda-2\/\"},{\"@type\":\"ListItem\",\"position\":3,\"name\":\"Tienda\",\"item\":\"https:\/\/aral2.cetrexmarketing.com\/categoria-producto\/inicio\/\"},{\"@type\":\"ListItem\",\"position\":4,\"name\":\"Roda I Reserva Jeroboam\"}]},{\"@type\":\"WebSite\",\"@id\":\"https:\/\/aral2.cetrexmarketing.com\/#website\",\"url\":\"https:\/\/aral2.cetrexmarketing.com\/\",\"name\":\"M\u00f3n La Cata\",\"description\":\"Tienda de vinos, licores, cervezas y gourmet\",\"publisher\":{\"@id\":\"https:\/\/aral2.cetrexmarketing.com\/#organization\"},\"potentialAction\":[{\"@type\":\"SearchAction\",\"target\":{\"@type\":\"EntryPoint\",\"urlTemplate\":\"https:\/\/aral2.cetrexmarketing.com\/?s={search_term_string}\"},\"query-input\":{\"@type\":\"PropertyValueSpecification\",\"valueRequired\":true,\"valueName\":\"search_term_string\"}}],\"inLanguage\":\"ca\"},{\"@type\":\"Organization\",\"@id\":\"https:\/\/aral2.cetrexmarketing.com\/#organization\",\"name\":\"M\u00f3n La Cata\",\"url\":\"https:\/\/aral2.cetrexmarketing.com\/\",\"logo\":{\"@type\":\"ImageObject\",\"inLanguage\":\"ca\",\"@id\":\"https:\/\/aral2.cetrexmarketing.com\/#\/schema\/logo\/image\/\",\"url\":\"https:\/\/aral2.cetrexmarketing.com\/wp-content\/uploads\/2024\/10\/aral-logo-neg-1024x409-1.png\",\"contentUrl\":\"https:\/\/aral2.cetrexmarketing.com\/wp-content\/uploads\/2024\/10\/aral-logo-neg-1024x409-1.png\",\"width\":1024,\"height\":409,\"caption\":\"M\u00f3n La Cata\"},\"image\":{\"@id\":\"https:\/\/aral2.cetrexmarketing.com\/#\/schema\/logo\/image\/\"}}]}<\/script>\n<!-- \/ Yoast SEO Premium plugin. -->","yoast_head_json":{"title":"Roda I Reserva Jeroboam","description":"Comprar online al millor preu el vi negre Roda I Reserva Jeroboam a Mon la Cata. Web especialitzada en vins, destil\u00b7lats i alimentaci\u00f3 gurmet.","robots":{"index":"noindex","follow":"follow","max-snippet":"max-snippet:-1","max-image-preview":"max-image-preview:large","max-video-preview":"max-video-preview:-1"},"og_locale":"ca_ES","og_type":"article","og_title":"Roda I Reserva Jeroboam","og_description":"Comprar online al millor preu el vi negre Roda I Reserva Jeroboam a Mon la Cata. Web especialitzada en vins, destil\u00b7lats i alimentaci\u00f3 gurmet.","og_url":"https:\/\/aral2.cetrexmarketing.com\/ca\/producto\/roda-i-reserva-jeroboam\/","og_site_name":"M\u00f3n La Cata","article_modified_time":"2025-05-27T08:13:15+00:00","og_image":[{"width":765,"height":1024,"url":"https:\/\/aral2.cetrexmarketing.com\/wp-content\/uploads\/2025\/05\/roda-I-reserva-jerobam.png","type":"image\/png"}],"twitter_card":"summary_large_image","twitter_misc":{"Temps estimat de lectura":"3 minuts"},"schema":{"@context":"https:\/\/schema.org","@graph":[{"@type":"WebPage","@id":"https:\/\/aral2.cetrexmarketing.com\/ca\/producto\/roda-i-reserva-jeroboam\/","url":"https:\/\/aral2.cetrexmarketing.com\/ca\/producto\/roda-i-reserva-jeroboam\/","name":"Roda I Reserva Jeroboam","isPartOf":{"@id":"https:\/\/aral2.cetrexmarketing.com\/#website"},"primaryImageOfPage":{"@id":"https:\/\/aral2.cetrexmarketing.com\/ca\/producto\/roda-i-reserva-jeroboam\/#primaryimage"},"image":{"@id":"https:\/\/aral2.cetrexmarketing.com\/ca\/producto\/roda-i-reserva-jeroboam\/#primaryimage"},"thumbnailUrl":"https:\/\/aral2.cetrexmarketing.com\/wp-content\/uploads\/2025\/05\/roda-I-reserva-jerobam.png","datePublished":"2025-05-27T04:56:32+00:00","dateModified":"2025-05-27T08:13:15+00:00","description":"Comprar online al millor preu el vi negre Roda I Reserva Jeroboam a Mon la Cata. Web especialitzada en vins, destil\u00b7lats i alimentaci\u00f3 gurmet.","breadcrumb":{"@id":"https:\/\/aral2.cetrexmarketing.com\/ca\/producto\/roda-i-reserva-jeroboam\/#breadcrumb"},"inLanguage":"ca","potentialAction":[{"@type":"ReadAction","target":["https:\/\/aral2.cetrexmarketing.com\/ca\/producto\/roda-i-reserva-jeroboam\/"]}]},{"@type":"ImageObject","inLanguage":"ca","@id":"https:\/\/aral2.cetrexmarketing.com\/ca\/producto\/roda-i-reserva-jeroboam\/#primaryimage","url":"https:\/\/aral2.cetrexmarketing.com\/wp-content\/uploads\/2025\/05\/roda-I-reserva-jerobam.png","contentUrl":"https:\/\/aral2.cetrexmarketing.com\/wp-content\/uploads\/2025\/05\/roda-I-reserva-jerobam.png","width":765,"height":1024},{"@type":"BreadcrumbList","@id":"https:\/\/aral2.cetrexmarketing.com\/ca\/producto\/roda-i-reserva-jeroboam\/#breadcrumb","itemListElement":[{"@type":"ListItem","position":1,"name":"Home","item":"https:\/\/aral2.cetrexmarketing.com\/ca\/"},{"@type":"ListItem","position":2,"name":"Tienda","item":"https:\/\/aral2.cetrexmarketing.com\/ca\/tienda-2\/"},{"@type":"ListItem","position":3,"name":"Tienda","item":"https:\/\/aral2.cetrexmarketing.com\/categoria-producto\/inicio\/"},{"@type":"ListItem","position":4,"name":"Roda I Reserva Jeroboam"}]},{"@type":"WebSite","@id":"https:\/\/aral2.cetrexmarketing.com\/#website","url":"https:\/\/aral2.cetrexmarketing.com\/","name":"M\u00f3n La Cata","description":"Tienda de vinos, licores, cervezas y gourmet","publisher":{"@id":"https:\/\/aral2.cetrexmarketing.com\/#organization"},"potentialAction":[{"@type":"SearchAction","target":{"@type":"EntryPoint","urlTemplate":"https:\/\/aral2.cetrexmarketing.com\/?s={search_term_string}"},"query-input":{"@type":"PropertyValueSpecification","valueRequired":true,"valueName":"search_term_string"}}],"inLanguage":"ca"},{"@type":"Organization","@id":"https:\/\/aral2.cetrexmarketing.com\/#organization","name":"M\u00f3n La Cata","url":"https:\/\/aral2.cetrexmarketing.com\/","logo":{"@type":"ImageObject","inLanguage":"ca","@id":"https:\/\/aral2.cetrexmarketing.com\/#\/schema\/logo\/image\/","url":"https:\/\/aral2.cetrexmarketing.com\/wp-content\/uploads\/2024\/10\/aral-logo-neg-1024x409-1.png","contentUrl":"https:\/\/aral2.cetrexmarketing.com\/wp-content\/uploads\/2024\/10\/aral-logo-neg-1024x409-1.png","width":1024,"height":409,"caption":"M\u00f3n La Cata"},"image":{"@id":"https:\/\/aral2.cetrexmarketing.com\/#\/schema\/logo\/image\/"}}]}},"brands":[],"_links":{"self":[{"href":"https:\/\/aral2.cetrexmarketing.com\/ca\/wp-json\/wp\/v2\/product\/121025","targetHints":{"allow":["GET"]}}],"collection":[{"href":"https:\/\/aral2.cetrexmarketing.com\/ca\/wp-json\/wp\/v2\/product"}],"about":[{"href":"https:\/\/aral2.cetrexmarketing.com\/ca\/wp-json\/wp\/v2\/types\/product"}],"replies":[{"embeddable":true,"href":"https:\/\/aral2.cetrexmarketing.com\/ca\/wp-json\/wp\/v2\/comments?post=121025"}],"wp:featuredmedia":[{"embeddable":true,"href":"https:\/\/aral2.cetrexmarketing.com\/ca\/wp-json\/wp\/v2\/media\/121022"}],"wp:attachment":[{"href":"https:\/\/aral2.cetrexmarketing.com\/ca\/wp-json\/wp\/v2\/media?parent=121025"}],"wp:term":[{"taxonomy":"pwb-brand","embeddable":true,"href":"https:\/\/aral2.cetrexmarketing.com\/ca\/wp-json\/wp\/v2\/pwb-brand?post=121025"},{"taxonomy":"product_brand","embeddable":true,"href":"https:\/\/aral2.cetrexmarketing.com\/ca\/wp-json\/wp\/v2\/product_brand?post=121025"},{"taxonomy":"product_cat","embeddable":true,"href":"https:\/\/aral2.cetrexmarketing.com\/ca\/wp-json\/wp\/v2\/product_cat?post=121025"},{"taxonomy":"product_tag","embeddable":true,"href":"https:\/\/aral2.cetrexmarketing.com\/ca\/wp-json\/wp\/v2\/product_tag?post=121025"}],"curies":[{"name":"wp","href":"https:\/\/api.w.org\/{rel}","templated":true}]}}