{"id":121021,"date":"2025-05-27T04:56:07","date_gmt":"2025-05-27T04:56:07","guid":{"rendered":"https:\/\/aral2.cetrexmarketing.com\/producto\/roda-i-reserva-magnum\/"},"modified":"2025-05-27T08:13:13","modified_gmt":"2025-05-27T08:13:13","slug":"roda-i-reserva-magnum","status":"publish","type":"product","link":"https:\/\/aral2.cetrexmarketing.com\/ca\/producto\/roda-i-reserva-magnum\/","title":{"rendered":"Roda I Reserva Magnum"},"content":{"rendered":"<p data-start=\"0\" data-end=\"520\">El <strong data-start=\"3\" data-end=\"20\">Roda I Magnum<\/strong> (1,5 litres) \u00e9s una de les joies de la <strong data-start=\"60\" data-end=\"69\">Rioja<\/strong>, un vi negre que representa a la perfecci\u00f3 l&#8217;eleg\u00e0ncia, complexitat i pot\u00e8ncia que aquesta denominaci\u00f3 \u00e9s capa\u00e7 d&#8217;oferir. Elaborat principalment amb <strong data-start=\"219\" data-end=\"234\">Tempranillo<\/strong>, complementat amb <strong data-start=\"253\" data-end=\"265\">Graciano<\/strong> i <strong data-start=\"268\" data-end=\"280\">Garnacha<\/strong>, aquest vi prov\u00e9 d&#8217;una acurada selecci\u00f3 de les millors veremes de vinyes excepcionals. El format <strong data-start=\"378\" data-end=\"388\">Magnum<\/strong> potencia la seva capacitat de guarda, fet que li permet desenvolupar-se i evolucionar de manera m\u00e9s harm\u00f2nica amb el pas del temps.<\/p>\n<p data-start=\"522\" data-end=\"736\">Quant a l&#8217;<strong data-start=\"536\" data-end=\"554\">aspecte visual<\/strong>, presenta un <strong data-start=\"568\" data-end=\"591\">vermell rub\u00ed intens<\/strong> amb reflexos violacis que indiquen la seva joventut i concentraci\u00f3. Aquesta aparen\u00e7a visual reflecteix la complexitat que ofereix en boca i nas.<\/p>\n<p data-start=\"738\" data-end=\"1280\">En <strong data-start=\"745\" data-end=\"752\">nas<\/strong>, el <strong data-start=\"757\" data-end=\"774\">Roda I Magnum<\/strong> \u00e9s una simfonia arom\u00e0tica, on les <strong data-start=\"809\" data-end=\"835\">fruites negres madures<\/strong> com <strong data-start=\"840\" data-end=\"851\">cireres<\/strong>, <strong data-start=\"853\" data-end=\"862\">mores<\/strong> i <strong data-start=\"865\" data-end=\"883\">cireres negres<\/strong> es combinen amb <strong data-start=\"900\" data-end=\"920\">notes especiades<\/strong> de <strong data-start=\"924\" data-end=\"939\">pebre negre<\/strong>, <strong data-start=\"941\" data-end=\"952\">canella<\/strong> i un toc de <strong data-start=\"965\" data-end=\"973\">clau<\/strong>. La seva crian\u00e7a en <strong data-start=\"994\" data-end=\"1020\">b\u00f2tes de roure franc\u00e8s<\/strong> li aporta una subtil empremta de <strong data-start=\"1054\" data-end=\"1066\">vainilla<\/strong>, <strong data-start=\"1068\" data-end=\"1077\">cedre<\/strong> i <strong data-start=\"1080\" data-end=\"1089\">tabac<\/strong>, que s&#8217;integren perfectament amb la fruita. Amb el temps, emergeixen complexitats addicionals com aromes de <strong data-start=\"1198\" data-end=\"1206\">cuir<\/strong> i una lleugera nota <strong data-start=\"1227\" data-end=\"1238\">terrosa<\/strong>, cosa que li confereix una riquesa \u00fanica.<\/p>\n<p data-start=\"1282\" data-end=\"1763\">En boca, el <strong data-start=\"1298\" data-end=\"1315\">Roda I Magnum<\/strong> \u00e9s un vi <strong data-start=\"1325\" data-end=\"1343\">de cos complet<\/strong>, amb una <strong data-start=\"1353\" data-end=\"1378\">textura aterciopelada<\/strong> i uns <strong data-start=\"1385\" data-end=\"1402\">t\u00e0nins madurs<\/strong> que estan perfectament integrats, aportant una estructura ferma per\u00f2 suau. La seva <strong data-start=\"1486\" data-end=\"1504\">acidesa fresca<\/strong> proporciona <strong data-start=\"1517\" data-end=\"1530\">equilibri<\/strong> i una <strong data-start=\"1537\" data-end=\"1566\">gran capacitat d&#8217;evoluci\u00f3<\/strong> en ampolla, fet que permet que aquest vi continu\u00ef millorant amb els anys. El <strong data-start=\"1644\" data-end=\"1675\">final \u00e9s llarg i persistent<\/strong>, deixant una sensaci\u00f3 <strong data-start=\"1698\" data-end=\"1711\">especiada<\/strong> i un toc <strong data-start=\"1721\" data-end=\"1730\">fum\u00f3s<\/strong> que convida a seguir gaudint-lo.<\/p>\n<p data-start=\"1765\" data-end=\"2250\">Aquest vi \u00e9s ideal per maridar amb plats de <strong data-start=\"1809\" data-end=\"1824\">carns roges<\/strong>, com <strong data-start=\"1830\" data-end=\"1840\">corder<\/strong> , <strong data-start=\"1843\" data-end=\"1854\">vedella<\/strong> o <strong data-start=\"1857\" data-end=\"1868\">rostits<\/strong> a la graella. Tamb\u00e9 es combina perfectament amb <strong data-start=\"1917\" data-end=\"1937\">formatges curats<\/strong> i <strong data-start=\"1940\" data-end=\"1960\">embotits ib\u00e8rics<\/strong>. El format <strong data-start=\"1972\" data-end=\"1982\">Magnum<\/strong> no nom\u00e9s representa un luxe visual, sin\u00f3 que tamb\u00e9 afavoreix la conservaci\u00f3 i l&#8217;envelliment del vi, fent que el <strong data-start=\"2095\" data-end=\"2112\">Roda I Magnum<\/strong> sigui una opci\u00f3 excel\u00b7lent per a col\u00b7leccionistes, aix\u00ed com per aquells que busquen gaudir d&#8217;un vi excepcional en celebracions especials.<\/p>\n","protected":false},"excerpt":{"rendered":"<p>El <strong data-start=\"3\" data-end=\"20\">Roda I Magnum<\/strong> (1,5 litres) \u00e9s un vi negre de la <strong data-start=\"55\" data-end=\"64\">Rioja<\/strong> d&#8217;alta complexitat i eleg\u00e0ncia, elaborat amb <strong data-start=\"110\" data-end=\"125\">Tempranillo<\/strong>, <strong data-start=\"127\" data-end=\"139\">Graciano<\/strong> i <strong data-start=\"142\" data-end=\"154\">Garnacha<\/strong>. Amb un <strong data-start=\"163\" data-end=\"192\">color vermell rub\u00ed intens<\/strong>, presenta una <strong data-start=\"207\" data-end=\"237\">gran complexitat arom\u00e0tica<\/strong> amb notes de <strong data-start=\"251\" data-end=\"277\">fruites negres madures<\/strong>, <strong data-start=\"279\" data-end=\"291\">esp\u00e8cies<\/strong> i tocs subtils de <strong data-start=\"310\" data-end=\"327\">roure franc\u00e8s<\/strong>, <strong data-start=\"329\" data-end=\"341\">vainilla<\/strong> i <strong data-start=\"344\" data-end=\"353\">cedre<\/strong>. En boca, \u00e9s un vi <strong data-start=\"373\" data-end=\"391\">de cos complet<\/strong>, amb una <strong data-start=\"401\" data-end=\"426\">textura aterciopelada<\/strong>, <strong data-start=\"428\" data-end=\"445\">tanins madurs<\/strong> i una <strong data-start=\"452\" data-end=\"470\">acidesa fresca<\/strong> que li atorguen un <strong data-start=\"490\" data-end=\"512\">equilibri perfecte<\/strong> i un <strong data-start=\"518\" data-end=\"533\">final llarg<\/strong> amb notes <strong data-start=\"544\" data-end=\"555\">fumoses<\/strong>. El format <strong data-start=\"567\" data-end=\"577\">Magnum<\/strong> afavoreix el seu <strong data-start=\"595\" data-end=\"610\">envelliment<\/strong> i fa que sigui ideal per maridar amb <strong data-start=\"648\" data-end=\"663\">carns roges<\/strong>, <strong data-start=\"665\" data-end=\"685\">formatges curats<\/strong> o <strong data-start=\"688\" data-end=\"708\">embotits ib\u00e8rics<\/strong>, sent una opci\u00f3 perfecta per a col\u00b7leccionistes o per a <strong data-start=\"765\" data-end=\"791\">celebracions especials<\/strong>.<\/p>\n","protected":false},"featured_media":120987,"comment_status":"closed","ping_status":"closed","template":"","meta":{"_acf_changed":false},"pwb-brand":[],"product_brand":[],"product_cat":[51674,51670,51671],"product_tag":[52270],"class_list":{"0":"post-121021","1":"product","2":"type-product","3":"status-publish","4":"has-post-thumbnail","6":"product_cat-botiga","7":"product_cat-vi","8":"product_cat-vi-negre","9":"product_tag-roda-i-reserva-magnum-2","10":"product_shipping_class-7-10-dias-2","11":"pa_anada-36210","12":"pa_bodega-bodegasroda","13":"pa_do-rioja-d-o-ca-ca","14":"pa_formatoenml-38316","15":"entry","16":"has-media","18":"first","19":"onbackorder","20":"taxable","21":"shipping-taxable","22":"purchasable","23":"product-type-simple"},"acf":[],"yoast_head":"<!-- This site is optimized with the Yoast SEO Premium plugin v23.1 (Yoast SEO v23.5) - https:\/\/yoast.com\/wordpress\/plugins\/seo\/ -->\n<title>Roda I Reserva Magnum<\/title>\n<meta name=\"description\" content=\"Comprar al millor preu el vi negre Roda I Reserva Magnum a Mon la Cata. Botiga online especialitzada en vins, destil\u00b7lats i alimentaci\u00f3 gurmet.\" \/>\n<meta name=\"robots\" content=\"noindex, follow, max-snippet:-1, max-image-preview:large, max-video-preview:-1\" \/>\n<meta property=\"og:locale\" content=\"ca_ES\" \/>\n<meta property=\"og:type\" content=\"article\" \/>\n<meta property=\"og:title\" content=\"Roda I Reserva Magnum\" \/>\n<meta property=\"og:description\" content=\"Comprar al millor preu el vi negre Roda I Reserva Magnum a Mon la Cata. Botiga online especialitzada en vins, destil\u00b7lats i alimentaci\u00f3 gurmet.\" \/>\n<meta property=\"og:url\" content=\"https:\/\/aral2.cetrexmarketing.com\/ca\/producto\/roda-i-reserva-magnum\/\" \/>\n<meta property=\"og:site_name\" content=\"M\u00f3n La Cata\" \/>\n<meta property=\"article:modified_time\" content=\"2025-05-27T08:13:13+00:00\" \/>\n<meta property=\"og:image\" content=\"https:\/\/aral2.cetrexmarketing.com\/wp-content\/uploads\/2025\/05\/RODA-I-MAGNUM.jpg.png\" \/>\n\t<meta property=\"og:image:width\" content=\"765\" \/>\n\t<meta property=\"og:image:height\" content=\"1024\" \/>\n\t<meta property=\"og:image:type\" content=\"image\/png\" \/>\n<meta name=\"twitter:card\" content=\"summary_large_image\" \/>\n<meta name=\"twitter:label1\" content=\"Temps estimat de lectura\" \/>\n\t<meta name=\"twitter:data1\" content=\"3 minuts\" \/>\n<script type=\"application\/ld+json\" class=\"yoast-schema-graph\">{\"@context\":\"https:\/\/schema.org\",\"@graph\":[{\"@type\":\"WebPage\",\"@id\":\"https:\/\/aral2.cetrexmarketing.com\/ca\/producto\/roda-i-reserva-magnum\/\",\"url\":\"https:\/\/aral2.cetrexmarketing.com\/ca\/producto\/roda-i-reserva-magnum\/\",\"name\":\"Roda I Reserva Magnum\",\"isPartOf\":{\"@id\":\"https:\/\/aral2.cetrexmarketing.com\/#website\"},\"primaryImageOfPage\":{\"@id\":\"https:\/\/aral2.cetrexmarketing.com\/ca\/producto\/roda-i-reserva-magnum\/#primaryimage\"},\"image\":{\"@id\":\"https:\/\/aral2.cetrexmarketing.com\/ca\/producto\/roda-i-reserva-magnum\/#primaryimage\"},\"thumbnailUrl\":\"https:\/\/aral2.cetrexmarketing.com\/wp-content\/uploads\/2025\/05\/RODA-I-MAGNUM.jpg.png\",\"datePublished\":\"2025-05-27T04:56:07+00:00\",\"dateModified\":\"2025-05-27T08:13:13+00:00\",\"description\":\"Comprar al millor preu el vi negre Roda I Reserva Magnum a Mon la Cata. Botiga online especialitzada en vins, destil\u00b7lats i alimentaci\u00f3 gurmet.\",\"breadcrumb\":{\"@id\":\"https:\/\/aral2.cetrexmarketing.com\/ca\/producto\/roda-i-reserva-magnum\/#breadcrumb\"},\"inLanguage\":\"ca\",\"potentialAction\":[{\"@type\":\"ReadAction\",\"target\":[\"https:\/\/aral2.cetrexmarketing.com\/ca\/producto\/roda-i-reserva-magnum\/\"]}]},{\"@type\":\"ImageObject\",\"inLanguage\":\"ca\",\"@id\":\"https:\/\/aral2.cetrexmarketing.com\/ca\/producto\/roda-i-reserva-magnum\/#primaryimage\",\"url\":\"https:\/\/aral2.cetrexmarketing.com\/wp-content\/uploads\/2025\/05\/RODA-I-MAGNUM.jpg.png\",\"contentUrl\":\"https:\/\/aral2.cetrexmarketing.com\/wp-content\/uploads\/2025\/05\/RODA-I-MAGNUM.jpg.png\",\"width\":765,\"height\":1024},{\"@type\":\"BreadcrumbList\",\"@id\":\"https:\/\/aral2.cetrexmarketing.com\/ca\/producto\/roda-i-reserva-magnum\/#breadcrumb\",\"itemListElement\":[{\"@type\":\"ListItem\",\"position\":1,\"name\":\"Home\",\"item\":\"https:\/\/aral2.cetrexmarketing.com\/ca\/\"},{\"@type\":\"ListItem\",\"position\":2,\"name\":\"Tienda\",\"item\":\"https:\/\/aral2.cetrexmarketing.com\/ca\/tienda-2\/\"},{\"@type\":\"ListItem\",\"position\":3,\"name\":\"Tienda\",\"item\":\"https:\/\/aral2.cetrexmarketing.com\/categoria-producto\/inicio\/\"},{\"@type\":\"ListItem\",\"position\":4,\"name\":\"Vino\",\"item\":\"https:\/\/aral2.cetrexmarketing.com\/categoria-producto\/inicio\/vino\/\"},{\"@type\":\"ListItem\",\"position\":5,\"name\":\"Roda I Reserva Magnum\"}]},{\"@type\":\"WebSite\",\"@id\":\"https:\/\/aral2.cetrexmarketing.com\/#website\",\"url\":\"https:\/\/aral2.cetrexmarketing.com\/\",\"name\":\"M\u00f3n La Cata\",\"description\":\"Tienda de vinos, licores, cervezas y gourmet\",\"publisher\":{\"@id\":\"https:\/\/aral2.cetrexmarketing.com\/#organization\"},\"potentialAction\":[{\"@type\":\"SearchAction\",\"target\":{\"@type\":\"EntryPoint\",\"urlTemplate\":\"https:\/\/aral2.cetrexmarketing.com\/?s={search_term_string}\"},\"query-input\":{\"@type\":\"PropertyValueSpecification\",\"valueRequired\":true,\"valueName\":\"search_term_string\"}}],\"inLanguage\":\"ca\"},{\"@type\":\"Organization\",\"@id\":\"https:\/\/aral2.cetrexmarketing.com\/#organization\",\"name\":\"M\u00f3n La Cata\",\"url\":\"https:\/\/aral2.cetrexmarketing.com\/\",\"logo\":{\"@type\":\"ImageObject\",\"inLanguage\":\"ca\",\"@id\":\"https:\/\/aral2.cetrexmarketing.com\/#\/schema\/logo\/image\/\",\"url\":\"https:\/\/aral2.cetrexmarketing.com\/wp-content\/uploads\/2024\/10\/aral-logo-neg-1024x409-1.png\",\"contentUrl\":\"https:\/\/aral2.cetrexmarketing.com\/wp-content\/uploads\/2024\/10\/aral-logo-neg-1024x409-1.png\",\"width\":1024,\"height\":409,\"caption\":\"M\u00f3n La Cata\"},\"image\":{\"@id\":\"https:\/\/aral2.cetrexmarketing.com\/#\/schema\/logo\/image\/\"}}]}<\/script>\n<!-- \/ Yoast SEO Premium plugin. -->","yoast_head_json":{"title":"Roda I Reserva Magnum","description":"Comprar al millor preu el vi negre Roda I Reserva Magnum a Mon la Cata. Botiga online especialitzada en vins, destil\u00b7lats i alimentaci\u00f3 gurmet.","robots":{"index":"noindex","follow":"follow","max-snippet":"max-snippet:-1","max-image-preview":"max-image-preview:large","max-video-preview":"max-video-preview:-1"},"og_locale":"ca_ES","og_type":"article","og_title":"Roda I Reserva Magnum","og_description":"Comprar al millor preu el vi negre Roda I Reserva Magnum a Mon la Cata. Botiga online especialitzada en vins, destil\u00b7lats i alimentaci\u00f3 gurmet.","og_url":"https:\/\/aral2.cetrexmarketing.com\/ca\/producto\/roda-i-reserva-magnum\/","og_site_name":"M\u00f3n La Cata","article_modified_time":"2025-05-27T08:13:13+00:00","og_image":[{"width":765,"height":1024,"url":"https:\/\/aral2.cetrexmarketing.com\/wp-content\/uploads\/2025\/05\/RODA-I-MAGNUM.jpg.png","type":"image\/png"}],"twitter_card":"summary_large_image","twitter_misc":{"Temps estimat de lectura":"3 minuts"},"schema":{"@context":"https:\/\/schema.org","@graph":[{"@type":"WebPage","@id":"https:\/\/aral2.cetrexmarketing.com\/ca\/producto\/roda-i-reserva-magnum\/","url":"https:\/\/aral2.cetrexmarketing.com\/ca\/producto\/roda-i-reserva-magnum\/","name":"Roda I Reserva Magnum","isPartOf":{"@id":"https:\/\/aral2.cetrexmarketing.com\/#website"},"primaryImageOfPage":{"@id":"https:\/\/aral2.cetrexmarketing.com\/ca\/producto\/roda-i-reserva-magnum\/#primaryimage"},"image":{"@id":"https:\/\/aral2.cetrexmarketing.com\/ca\/producto\/roda-i-reserva-magnum\/#primaryimage"},"thumbnailUrl":"https:\/\/aral2.cetrexmarketing.com\/wp-content\/uploads\/2025\/05\/RODA-I-MAGNUM.jpg.png","datePublished":"2025-05-27T04:56:07+00:00","dateModified":"2025-05-27T08:13:13+00:00","description":"Comprar al millor preu el vi negre Roda I Reserva Magnum a Mon la Cata. Botiga online especialitzada en vins, destil\u00b7lats i alimentaci\u00f3 gurmet.","breadcrumb":{"@id":"https:\/\/aral2.cetrexmarketing.com\/ca\/producto\/roda-i-reserva-magnum\/#breadcrumb"},"inLanguage":"ca","potentialAction":[{"@type":"ReadAction","target":["https:\/\/aral2.cetrexmarketing.com\/ca\/producto\/roda-i-reserva-magnum\/"]}]},{"@type":"ImageObject","inLanguage":"ca","@id":"https:\/\/aral2.cetrexmarketing.com\/ca\/producto\/roda-i-reserva-magnum\/#primaryimage","url":"https:\/\/aral2.cetrexmarketing.com\/wp-content\/uploads\/2025\/05\/RODA-I-MAGNUM.jpg.png","contentUrl":"https:\/\/aral2.cetrexmarketing.com\/wp-content\/uploads\/2025\/05\/RODA-I-MAGNUM.jpg.png","width":765,"height":1024},{"@type":"BreadcrumbList","@id":"https:\/\/aral2.cetrexmarketing.com\/ca\/producto\/roda-i-reserva-magnum\/#breadcrumb","itemListElement":[{"@type":"ListItem","position":1,"name":"Home","item":"https:\/\/aral2.cetrexmarketing.com\/ca\/"},{"@type":"ListItem","position":2,"name":"Tienda","item":"https:\/\/aral2.cetrexmarketing.com\/ca\/tienda-2\/"},{"@type":"ListItem","position":3,"name":"Tienda","item":"https:\/\/aral2.cetrexmarketing.com\/categoria-producto\/inicio\/"},{"@type":"ListItem","position":4,"name":"Vino","item":"https:\/\/aral2.cetrexmarketing.com\/categoria-producto\/inicio\/vino\/"},{"@type":"ListItem","position":5,"name":"Roda I Reserva Magnum"}]},{"@type":"WebSite","@id":"https:\/\/aral2.cetrexmarketing.com\/#website","url":"https:\/\/aral2.cetrexmarketing.com\/","name":"M\u00f3n La Cata","description":"Tienda de vinos, licores, cervezas y gourmet","publisher":{"@id":"https:\/\/aral2.cetrexmarketing.com\/#organization"},"potentialAction":[{"@type":"SearchAction","target":{"@type":"EntryPoint","urlTemplate":"https:\/\/aral2.cetrexmarketing.com\/?s={search_term_string}"},"query-input":{"@type":"PropertyValueSpecification","valueRequired":true,"valueName":"search_term_string"}}],"inLanguage":"ca"},{"@type":"Organization","@id":"https:\/\/aral2.cetrexmarketing.com\/#organization","name":"M\u00f3n La Cata","url":"https:\/\/aral2.cetrexmarketing.com\/","logo":{"@type":"ImageObject","inLanguage":"ca","@id":"https:\/\/aral2.cetrexmarketing.com\/#\/schema\/logo\/image\/","url":"https:\/\/aral2.cetrexmarketing.com\/wp-content\/uploads\/2024\/10\/aral-logo-neg-1024x409-1.png","contentUrl":"https:\/\/aral2.cetrexmarketing.com\/wp-content\/uploads\/2024\/10\/aral-logo-neg-1024x409-1.png","width":1024,"height":409,"caption":"M\u00f3n La Cata"},"image":{"@id":"https:\/\/aral2.cetrexmarketing.com\/#\/schema\/logo\/image\/"}}]}},"brands":[],"_links":{"self":[{"href":"https:\/\/aral2.cetrexmarketing.com\/ca\/wp-json\/wp\/v2\/product\/121021","targetHints":{"allow":["GET"]}}],"collection":[{"href":"https:\/\/aral2.cetrexmarketing.com\/ca\/wp-json\/wp\/v2\/product"}],"about":[{"href":"https:\/\/aral2.cetrexmarketing.com\/ca\/wp-json\/wp\/v2\/types\/product"}],"replies":[{"embeddable":true,"href":"https:\/\/aral2.cetrexmarketing.com\/ca\/wp-json\/wp\/v2\/comments?post=121021"}],"wp:featuredmedia":[{"embeddable":true,"href":"https:\/\/aral2.cetrexmarketing.com\/ca\/wp-json\/wp\/v2\/media\/120987"}],"wp:attachment":[{"href":"https:\/\/aral2.cetrexmarketing.com\/ca\/wp-json\/wp\/v2\/media?parent=121021"}],"wp:term":[{"taxonomy":"pwb-brand","embeddable":true,"href":"https:\/\/aral2.cetrexmarketing.com\/ca\/wp-json\/wp\/v2\/pwb-brand?post=121021"},{"taxonomy":"product_brand","embeddable":true,"href":"https:\/\/aral2.cetrexmarketing.com\/ca\/wp-json\/wp\/v2\/product_brand?post=121021"},{"taxonomy":"product_cat","embeddable":true,"href":"https:\/\/aral2.cetrexmarketing.com\/ca\/wp-json\/wp\/v2\/product_cat?post=121021"},{"taxonomy":"product_tag","embeddable":true,"href":"https:\/\/aral2.cetrexmarketing.com\/ca\/wp-json\/wp\/v2\/product_tag?post=121021"}],"curies":[{"name":"wp","href":"https:\/\/api.w.org\/{rel}","templated":true}]}}