{"id":120985,"date":"2025-05-26T14:08:29","date_gmt":"2025-05-26T14:08:29","guid":{"rendered":"https:\/\/aral2.cetrexmarketing.com\/producto\/balsa-de-piedra\/"},"modified":"2025-05-27T08:13:10","modified_gmt":"2025-05-27T08:13:10","slug":"balsa-de-piedra","status":"publish","type":"product","link":"https:\/\/aral2.cetrexmarketing.com\/ca\/producto\/balsa-de-piedra\/","title":{"rendered":"Balsa de Piedra"},"content":{"rendered":"<div class=\"flex-1 overflow-hidden\">\n<div class=\"react-scroll-to-bottom--css-rzjob-79elbk h-full\">\n<div class=\"react-scroll-to-bottom--css-rzjob-1n7m0yu\">\n<div class=\"flex flex-col text-sm pb-9\">\n<div class=\"w-full text-token-text-primary\" dir=\"auto\" data-testid=\"conversation-turn-47\">\n<div class=\"px-4 py-2 justify-center text-base md:gap-6 m-auto\">\n<div class=\"flex flex-1 text-base mx-auto gap-3 juice:gap-4 juice:md:gap-6 md:px-5 lg:px-1 xl:px-5 md:max-w-3xl lg:max-w-[40rem] xl:max-w-[48rem]\">\n<div class=\"relative flex w-full flex-col agent-turn\">\n<div class=\"flex-col gap-1 md:gap-3\">\n<div class=\"flex flex-grow flex-col max-w-full\">\n<div class=\"min-h-[20px] text-message flex flex-col items-start gap-3 whitespace-pre-wrap break-words [.text-message+&amp;]:mt-5 overflow-x-auto\" dir=\"auto\" data-message-author-role=\"assistant\" data-message-id=\"5b44f35a-346f-4f84-b276-fe0cbef7063e\">\n<div class=\"markdown prose w-full break-words dark:prose-invert light\">\n<p>El vi negre <strong>Balsa de Piedra<\/strong>, dels reconeguts cellers Michelini i Mufatto a Tugun Pato, Argentina, \u00e9s un excel\u00b7lent exemple de la qualitat i l\u2019artesania vin\u00edcola de la regi\u00f3. Aquest vi, elaborat principalment amb les varietats de ra\u00efm Malbec i Cabernet Franc, ofereix una experi\u00e8ncia sensorial \u00fanica que s\u2019adapta a diversos maridatges.<\/p>\n<p>El Malbec, amb el seu cos mitj\u00e0 a complet i els seus sabors intensos a fruites madures i esp\u00e8cies, \u00e9s una opci\u00f3 ideal per acompanyar carns vermelles rostides, com un suc\u00f3s filet o unes costelles de porc a la brasa. Tamb\u00e9 harmonitza perfectament amb plats de ca\u00e7a, com c\u00e9rvol o senglar, real\u00e7ant els sabors de la carn amb la seva riquesa i estructura.<\/p>\n<p>D\u2019altra banda, el Cabernet Franc, amb les seves notes herb\u00e0cies, de pebre i tanins suaus, s\u2019adapta a maridatges m\u00e9s vers\u00e0tils. Combina b\u00e9 amb aus de corral, com pollastre rostit o \u00e0nec, ressaltant els sabors de les herbes fresques i les esp\u00e8cies. A m\u00e9s, el Cabernet Franc tamb\u00e9 pot acompanyar plats vegetarians, com alberg\u00ednies a la brasa o risotto de bolets, aportant profunditat i complexitat al plat.<\/p>\n<p>Quan es tracta de maridar, la combinaci\u00f3 de les varietats Malbec i Cabernet Franc ofereix una \u00e0mplia gamma d\u2019opcions, des de carns vermelles fins a aus de corral i plats vegetarians. Aquest vi vers\u00e0til complementar\u00e0 una gran varietat de sabors i textures, creant una experi\u00e8ncia gastron\u00f2mica memorable i harmoniosa.<\/p>\n<\/div>\n<\/div>\n<\/div>\n<div class=\"mt-1 flex gap-3 empty:hidden\">\n<div class=\"text-gray-400 flex self-end lg:self-center items-center justify-center lg:justify-start mt-0 -ml-1 h-7 gap-[2px] visible\">\n<div class=\"flex\"><\/div>\n<\/div>\n<\/div>\n<div class=\"pr-2 lg:pr-0\"><\/div>\n<\/div>\n<div class=\"absolute\">\n<div class=\"flex w-full gap-2 items-center justify-center\"><\/div>\n<\/div>\n<\/div>\n<\/div>\n<\/div>\n<\/div>\n<\/div>\n<\/div>\n<\/div>\n<\/div>\n<div class=\"w-full pt-2 md:pt-0 dark:border-white\/20 md:border-transparent md:dark:border-transparent md:w-[calc(100%-.5rem)]\">\n<form class=\"stretch mx-2 flex flex-row gap-3 last:mb-2 md:mx-4 md:last:mb-6 lg:mx-auto lg:max-w-2xl xl:max-w-3xl\">\n<div class=\"relative flex h-full flex-1 flex-col\">\n<div class=\"absolute bottom-full left-0 right-0\"><\/div>\n<div class=\"flex w-full items-center\"><\/div>\n<\/div>\n<\/form>\n<\/div>\n","protected":false},"excerpt":{"rendered":"<p>El <strong>vi negre Balsa de Piedra<\/strong>, dels cellers <strong>Michelini i Mufatto<\/strong> a <strong>Tugun Pato, Argentina<\/strong>, \u00e9s un exemple destacat de la qualitat vin\u00edcola de la regi\u00f3. Elaborat amb <strong>Malbec<\/strong> i <strong>Cabernet Franc<\/strong>, ofereix una experi\u00e8ncia sensorial \u00fanica, ideal per maridar amb <strong>carns vermelles<\/strong> com <strong>filet<\/strong> o <strong>costelles de porc<\/strong>, aix\u00ed com amb <strong>plats de ca\u00e7a<\/strong> com <strong>c\u00e9rvol<\/strong> o <strong>senglar<\/strong>. El <strong>Malbec<\/strong> destaca pel seu cos i sabors intensos a fruites i esp\u00e8cies, mentre que el <strong>Cabernet Franc<\/strong>, amb notes herb\u00e0cies i de pebre, \u00e9s perfecte per maridar amb <strong>aus de corral<\/strong> o <strong>plats vegetarians<\/strong>. Aquesta combinaci\u00f3 de varietats crea una experi\u00e8ncia gastron\u00f2mica vers\u00e0til i harmoniosa, adequada per a una \u00e0mplia gamma de plats.<\/p>\n","protected":false},"featured_media":113674,"comment_status":"closed","ping_status":"closed","template":"","meta":{"_acf_changed":false},"pwb-brand":[],"product_brand":[],"product_cat":[51670,51671],"product_tag":[14964,52401,14965,52437,52305,52360,52488],"class_list":{"0":"post-120985","1":"product","2":"type-product","3":"status-publish","4":"has-post-thumbnail","6":"product_cat-vi","7":"product_cat-vi-negre","8":"product_tag-argentina-ca","9":"product_tag-balsa-de-piedra-2","10":"product_tag-malbec-ca","11":"product_tag-michelini-i-mufatto-2","12":"product_tag-tupungato-2","13":"product_tag-vino-argentino-2","14":"product_tag-vino-tinto-argentino-2","15":"pa_anada-36212","16":"pa_bodega-micheliniimufatto","17":"pa_formatoenml-38306","18":"pa_fresco-negre-fresc","19":"pa_maridaje-carn-blanca","20":"pa_maridaje-carn-roja","21":"pa_maridaje-embotits","22":"pa_pais-argentina-ca","23":"pa_variedad-principal-malbec-ca","24":"pa_variedades-cabernetfranc-ca","25":"entry","26":"has-media","28":"first","29":"instock","30":"taxable","31":"shipping-taxable","32":"purchasable","33":"product-type-simple"},"acf":[],"yoast_head":"<!-- This site is optimized with the Yoast SEO Premium plugin v23.1 (Yoast SEO v23.5) - https:\/\/yoast.com\/wordpress\/plugins\/seo\/ -->\n<title>Balsa de Piedra - M\u00f3n La Cata<\/title>\n<meta name=\"description\" content=\"Comprar el vi negre argenti Balsa de Piedra a M\u00f3n La Cata . Botiga online especilitzada en vi i alimentaci\u00f3. Enviaments puntuals i promocions.\" \/>\n<meta name=\"robots\" content=\"noindex, follow, max-snippet:-1, max-image-preview:large, max-video-preview:-1\" \/>\n<meta property=\"og:locale\" content=\"ca_ES\" \/>\n<meta property=\"og:type\" content=\"article\" \/>\n<meta property=\"og:title\" content=\"Balsa de Piedra\" \/>\n<meta property=\"og:description\" content=\"Comprar el vi negre argenti Balsa de Piedra a M\u00f3n La Cata . Botiga online especilitzada en vi i alimentaci\u00f3. Enviaments puntuals i promocions.\" \/>\n<meta property=\"og:url\" content=\"https:\/\/aral2.cetrexmarketing.com\/ca\/producto\/balsa-de-piedra\/\" \/>\n<meta property=\"og:site_name\" content=\"M\u00f3n La Cata\" \/>\n<meta property=\"article:modified_time\" content=\"2025-05-27T08:13:10+00:00\" \/>\n<meta property=\"og:image\" content=\"https:\/\/aral2.cetrexmarketing.com\/wp-content\/uploads\/2025\/05\/BALSA-DE-PIEDRA.png\" \/>\n\t<meta property=\"og:image:width\" content=\"765\" \/>\n\t<meta property=\"og:image:height\" content=\"1024\" \/>\n\t<meta property=\"og:image:type\" content=\"image\/png\" \/>\n<meta name=\"twitter:card\" content=\"summary_large_image\" \/>\n<meta name=\"twitter:label1\" content=\"Temps estimat de lectura\" \/>\n\t<meta name=\"twitter:data1\" content=\"2 minuts\" \/>\n<script type=\"application\/ld+json\" class=\"yoast-schema-graph\">{\"@context\":\"https:\/\/schema.org\",\"@graph\":[{\"@type\":\"WebPage\",\"@id\":\"https:\/\/aral2.cetrexmarketing.com\/ca\/producto\/balsa-de-piedra\/\",\"url\":\"https:\/\/aral2.cetrexmarketing.com\/ca\/producto\/balsa-de-piedra\/\",\"name\":\"Balsa de Piedra - M\u00f3n La Cata\",\"isPartOf\":{\"@id\":\"https:\/\/aral2.cetrexmarketing.com\/#website\"},\"primaryImageOfPage\":{\"@id\":\"https:\/\/aral2.cetrexmarketing.com\/ca\/producto\/balsa-de-piedra\/#primaryimage\"},\"image\":{\"@id\":\"https:\/\/aral2.cetrexmarketing.com\/ca\/producto\/balsa-de-piedra\/#primaryimage\"},\"thumbnailUrl\":\"https:\/\/aral2.cetrexmarketing.com\/wp-content\/uploads\/2025\/05\/BALSA-DE-PIEDRA.png\",\"datePublished\":\"2025-05-26T14:08:29+00:00\",\"dateModified\":\"2025-05-27T08:13:10+00:00\",\"description\":\"Comprar el vi negre argenti Balsa de Piedra a M\u00f3n La Cata . Botiga online especilitzada en vi i alimentaci\u00f3. Enviaments puntuals i promocions.\",\"breadcrumb\":{\"@id\":\"https:\/\/aral2.cetrexmarketing.com\/ca\/producto\/balsa-de-piedra\/#breadcrumb\"},\"inLanguage\":\"ca\",\"potentialAction\":[{\"@type\":\"ReadAction\",\"target\":[\"https:\/\/aral2.cetrexmarketing.com\/ca\/producto\/balsa-de-piedra\/\"]}]},{\"@type\":\"ImageObject\",\"inLanguage\":\"ca\",\"@id\":\"https:\/\/aral2.cetrexmarketing.com\/ca\/producto\/balsa-de-piedra\/#primaryimage\",\"url\":\"https:\/\/aral2.cetrexmarketing.com\/wp-content\/uploads\/2025\/05\/BALSA-DE-PIEDRA.png\",\"contentUrl\":\"https:\/\/aral2.cetrexmarketing.com\/wp-content\/uploads\/2025\/05\/BALSA-DE-PIEDRA.png\",\"width\":765,\"height\":1024},{\"@type\":\"BreadcrumbList\",\"@id\":\"https:\/\/aral2.cetrexmarketing.com\/ca\/producto\/balsa-de-piedra\/#breadcrumb\",\"itemListElement\":[{\"@type\":\"ListItem\",\"position\":1,\"name\":\"Home\",\"item\":\"https:\/\/aral2.cetrexmarketing.com\/ca\/\"},{\"@type\":\"ListItem\",\"position\":2,\"name\":\"Tienda\",\"item\":\"https:\/\/aral2.cetrexmarketing.com\/ca\/tienda-2\/\"},{\"@type\":\"ListItem\",\"position\":3,\"name\":\"Vino\",\"item\":\"https:\/\/aral2.cetrexmarketing.com\/categoria-producto\/inicio\/vino\/\"},{\"@type\":\"ListItem\",\"position\":4,\"name\":\"Balsa de Piedra\"}]},{\"@type\":\"WebSite\",\"@id\":\"https:\/\/aral2.cetrexmarketing.com\/#website\",\"url\":\"https:\/\/aral2.cetrexmarketing.com\/\",\"name\":\"M\u00f3n La Cata\",\"description\":\"Tienda de vinos, licores, cervezas y gourmet\",\"publisher\":{\"@id\":\"https:\/\/aral2.cetrexmarketing.com\/#organization\"},\"potentialAction\":[{\"@type\":\"SearchAction\",\"target\":{\"@type\":\"EntryPoint\",\"urlTemplate\":\"https:\/\/aral2.cetrexmarketing.com\/?s={search_term_string}\"},\"query-input\":{\"@type\":\"PropertyValueSpecification\",\"valueRequired\":true,\"valueName\":\"search_term_string\"}}],\"inLanguage\":\"ca\"},{\"@type\":\"Organization\",\"@id\":\"https:\/\/aral2.cetrexmarketing.com\/#organization\",\"name\":\"M\u00f3n La Cata\",\"url\":\"https:\/\/aral2.cetrexmarketing.com\/\",\"logo\":{\"@type\":\"ImageObject\",\"inLanguage\":\"ca\",\"@id\":\"https:\/\/aral2.cetrexmarketing.com\/#\/schema\/logo\/image\/\",\"url\":\"https:\/\/aral2.cetrexmarketing.com\/wp-content\/uploads\/2024\/10\/aral-logo-neg-1024x409-1.png\",\"contentUrl\":\"https:\/\/aral2.cetrexmarketing.com\/wp-content\/uploads\/2024\/10\/aral-logo-neg-1024x409-1.png\",\"width\":1024,\"height\":409,\"caption\":\"M\u00f3n La Cata\"},\"image\":{\"@id\":\"https:\/\/aral2.cetrexmarketing.com\/#\/schema\/logo\/image\/\"}}]}<\/script>\n<!-- \/ Yoast SEO Premium plugin. -->","yoast_head_json":{"title":"Balsa de Piedra - M\u00f3n La Cata","description":"Comprar el vi negre argenti Balsa de Piedra a M\u00f3n La Cata . Botiga online especilitzada en vi i alimentaci\u00f3. Enviaments puntuals i promocions.","robots":{"index":"noindex","follow":"follow","max-snippet":"max-snippet:-1","max-image-preview":"max-image-preview:large","max-video-preview":"max-video-preview:-1"},"og_locale":"ca_ES","og_type":"article","og_title":"Balsa de Piedra","og_description":"Comprar el vi negre argenti Balsa de Piedra a M\u00f3n La Cata . Botiga online especilitzada en vi i alimentaci\u00f3. Enviaments puntuals i promocions.","og_url":"https:\/\/aral2.cetrexmarketing.com\/ca\/producto\/balsa-de-piedra\/","og_site_name":"M\u00f3n La Cata","article_modified_time":"2025-05-27T08:13:10+00:00","og_image":[{"width":765,"height":1024,"url":"https:\/\/aral2.cetrexmarketing.com\/wp-content\/uploads\/2025\/05\/BALSA-DE-PIEDRA.png","type":"image\/png"}],"twitter_card":"summary_large_image","twitter_misc":{"Temps estimat de lectura":"2 minuts"},"schema":{"@context":"https:\/\/schema.org","@graph":[{"@type":"WebPage","@id":"https:\/\/aral2.cetrexmarketing.com\/ca\/producto\/balsa-de-piedra\/","url":"https:\/\/aral2.cetrexmarketing.com\/ca\/producto\/balsa-de-piedra\/","name":"Balsa de Piedra - M\u00f3n La Cata","isPartOf":{"@id":"https:\/\/aral2.cetrexmarketing.com\/#website"},"primaryImageOfPage":{"@id":"https:\/\/aral2.cetrexmarketing.com\/ca\/producto\/balsa-de-piedra\/#primaryimage"},"image":{"@id":"https:\/\/aral2.cetrexmarketing.com\/ca\/producto\/balsa-de-piedra\/#primaryimage"},"thumbnailUrl":"https:\/\/aral2.cetrexmarketing.com\/wp-content\/uploads\/2025\/05\/BALSA-DE-PIEDRA.png","datePublished":"2025-05-26T14:08:29+00:00","dateModified":"2025-05-27T08:13:10+00:00","description":"Comprar el vi negre argenti Balsa de Piedra a M\u00f3n La Cata . Botiga online especilitzada en vi i alimentaci\u00f3. Enviaments puntuals i promocions.","breadcrumb":{"@id":"https:\/\/aral2.cetrexmarketing.com\/ca\/producto\/balsa-de-piedra\/#breadcrumb"},"inLanguage":"ca","potentialAction":[{"@type":"ReadAction","target":["https:\/\/aral2.cetrexmarketing.com\/ca\/producto\/balsa-de-piedra\/"]}]},{"@type":"ImageObject","inLanguage":"ca","@id":"https:\/\/aral2.cetrexmarketing.com\/ca\/producto\/balsa-de-piedra\/#primaryimage","url":"https:\/\/aral2.cetrexmarketing.com\/wp-content\/uploads\/2025\/05\/BALSA-DE-PIEDRA.png","contentUrl":"https:\/\/aral2.cetrexmarketing.com\/wp-content\/uploads\/2025\/05\/BALSA-DE-PIEDRA.png","width":765,"height":1024},{"@type":"BreadcrumbList","@id":"https:\/\/aral2.cetrexmarketing.com\/ca\/producto\/balsa-de-piedra\/#breadcrumb","itemListElement":[{"@type":"ListItem","position":1,"name":"Home","item":"https:\/\/aral2.cetrexmarketing.com\/ca\/"},{"@type":"ListItem","position":2,"name":"Tienda","item":"https:\/\/aral2.cetrexmarketing.com\/ca\/tienda-2\/"},{"@type":"ListItem","position":3,"name":"Vino","item":"https:\/\/aral2.cetrexmarketing.com\/categoria-producto\/inicio\/vino\/"},{"@type":"ListItem","position":4,"name":"Balsa de Piedra"}]},{"@type":"WebSite","@id":"https:\/\/aral2.cetrexmarketing.com\/#website","url":"https:\/\/aral2.cetrexmarketing.com\/","name":"M\u00f3n La Cata","description":"Tienda de vinos, licores, cervezas y gourmet","publisher":{"@id":"https:\/\/aral2.cetrexmarketing.com\/#organization"},"potentialAction":[{"@type":"SearchAction","target":{"@type":"EntryPoint","urlTemplate":"https:\/\/aral2.cetrexmarketing.com\/?s={search_term_string}"},"query-input":{"@type":"PropertyValueSpecification","valueRequired":true,"valueName":"search_term_string"}}],"inLanguage":"ca"},{"@type":"Organization","@id":"https:\/\/aral2.cetrexmarketing.com\/#organization","name":"M\u00f3n La Cata","url":"https:\/\/aral2.cetrexmarketing.com\/","logo":{"@type":"ImageObject","inLanguage":"ca","@id":"https:\/\/aral2.cetrexmarketing.com\/#\/schema\/logo\/image\/","url":"https:\/\/aral2.cetrexmarketing.com\/wp-content\/uploads\/2024\/10\/aral-logo-neg-1024x409-1.png","contentUrl":"https:\/\/aral2.cetrexmarketing.com\/wp-content\/uploads\/2024\/10\/aral-logo-neg-1024x409-1.png","width":1024,"height":409,"caption":"M\u00f3n La Cata"},"image":{"@id":"https:\/\/aral2.cetrexmarketing.com\/#\/schema\/logo\/image\/"}}]}},"brands":[],"_links":{"self":[{"href":"https:\/\/aral2.cetrexmarketing.com\/ca\/wp-json\/wp\/v2\/product\/120985","targetHints":{"allow":["GET"]}}],"collection":[{"href":"https:\/\/aral2.cetrexmarketing.com\/ca\/wp-json\/wp\/v2\/product"}],"about":[{"href":"https:\/\/aral2.cetrexmarketing.com\/ca\/wp-json\/wp\/v2\/types\/product"}],"replies":[{"embeddable":true,"href":"https:\/\/aral2.cetrexmarketing.com\/ca\/wp-json\/wp\/v2\/comments?post=120985"}],"wp:featuredmedia":[{"embeddable":true,"href":"https:\/\/aral2.cetrexmarketing.com\/ca\/wp-json\/wp\/v2\/media\/113674"}],"wp:attachment":[{"href":"https:\/\/aral2.cetrexmarketing.com\/ca\/wp-json\/wp\/v2\/media?parent=120985"}],"wp:term":[{"taxonomy":"pwb-brand","embeddable":true,"href":"https:\/\/aral2.cetrexmarketing.com\/ca\/wp-json\/wp\/v2\/pwb-brand?post=120985"},{"taxonomy":"product_brand","embeddable":true,"href":"https:\/\/aral2.cetrexmarketing.com\/ca\/wp-json\/wp\/v2\/product_brand?post=120985"},{"taxonomy":"product_cat","embeddable":true,"href":"https:\/\/aral2.cetrexmarketing.com\/ca\/wp-json\/wp\/v2\/product_cat?post=120985"},{"taxonomy":"product_tag","embeddable":true,"href":"https:\/\/aral2.cetrexmarketing.com\/ca\/wp-json\/wp\/v2\/product_tag?post=120985"}],"curies":[{"name":"wp","href":"https:\/\/api.w.org\/{rel}","templated":true}]}}