{"id":120929,"date":"2025-05-26T12:46:51","date_gmt":"2025-05-26T12:46:51","guid":{"rendered":"https:\/\/aral2.cetrexmarketing.com\/producto\/la-chablisienne-emotions-minerales\/"},"modified":"2025-05-27T08:12:39","modified_gmt":"2025-05-27T08:12:39","slug":"la-chablisienne-emotions-minerales","status":"publish","type":"product","link":"https:\/\/aral2.cetrexmarketing.com\/ca\/producto\/la-chablisienne-emotions-minerales\/","title":{"rendered":"La Chablisienne Emotions Min\u00e9rales"},"content":{"rendered":"<p data-start=\"0\" data-end=\"271\"><strong data-start=\"0\" data-end=\"38\">La Chablisienne \u00c9motions Min\u00e9rales<\/strong> \u00e9s una s\u00e8rie de vins blancs produ\u00efts per la reconeguda bodega <strong data-start=\"101\" data-end=\"120\">La Chablisienne<\/strong>, situada a la regi\u00f3 de <strong data-start=\"144\" data-end=\"156\">Borgonya<\/strong>, Fran\u00e7a. Aquesta l\u00ednia destaca per l\u2019\u00e8mfasi en l\u2019expressi\u00f3 <strong data-start=\"216\" data-end=\"227\">mineral<\/strong> caracter\u00edstica dels <strong data-start=\"248\" data-end=\"270\" data-is-only-node=\"\">terrors de Chablis<\/strong>.<\/p>\n<h3 data-start=\"278\" data-end=\"314\"><strong data-start=\"282\" data-end=\"312\">Varietats i Notes de Tast:<\/strong><\/h3>\n<p data-start=\"316\" data-end=\"609\"><strong data-start=\"319\" data-end=\"334\">Chardonnay:<\/strong><br data-start=\"334\" data-end=\"337\" \/>Aquest vi presenta un color <strong data-start=\"365\" data-end=\"379\">groc palla<\/strong> amb reflexos <strong data-start=\"393\" data-end=\"402\">verds<\/strong>. Al nas, ofereix aromes <strong data-start=\"427\" data-end=\"438\">frescos<\/strong> i <strong data-start=\"441\" data-end=\"453\">minerals<\/strong>, amb notes de <strong data-start=\"468\" data-end=\"482\">poma verda<\/strong>, <strong data-start=\"484\" data-end=\"493\">pinya<\/strong>, <strong data-start=\"495\" data-end=\"511\">pruna blanca<\/strong> i <strong data-start=\"514\" data-end=\"524\">aranja<\/strong>. En boca, mant\u00e9 la seva frescor amb una persist\u00e8ncia <strong data-start=\"578\" data-end=\"588\">llarga<\/strong> i <strong data-start=\"591\" data-end=\"606\">equilibrada<\/strong>.<\/p>\n<p data-start=\"611\" data-end=\"924\" data-is-last-node=\"\" data-is-only-node=\"\">\n","protected":false},"excerpt":{"rendered":"<p>La Chablisienne \u00c9motions Min\u00e9rales \u00e9s una s\u00e8rie de vins blancs produ\u00efts per la reconeguda bodega La Chablisienne, situada a la regi\u00f3 de Borgonya, Fran\u00e7a. Aquesta l\u00ednia destaca per l\u2019\u00e8mfasi en l\u2019expressi\u00f3 mineral caracter\u00edstica dels terrors de Chablis. Varietats i Notes de Tast: Chardonnay:Aquest vi presenta un color groc palla amb reflexos verds. Al nas, ofereix&hellip;<\/p>\n","protected":false},"featured_media":108277,"comment_status":"closed","ping_status":"closed","template":"","meta":{"_acf_changed":false},"pwb-brand":[44728],"product_brand":[],"product_cat":[51670,51672],"product_tag":[15060,15054,48917],"class_list":{"0":"post-120929","1":"product","2":"type-product","3":"status-publish","4":"has-post-thumbnail","6":"pwb-brand-la-chablisienne","7":"product_cat-vi","8":"product_cat-vi-blanc","9":"product_tag-chablis-ca","10":"product_tag-chardonnay-ca","11":"product_tag-vi-blanc-ca","12":"pa_anada-36214","13":"pa_bodega-lachablisiene-ca","14":"pa_do-bourgogne-a-o-c","15":"pa_floral-blanc-floral","16":"pa_formatoenml-38306","17":"pa_graduacion-12_5","18":"pa_maridaje-marisc","19":"pa_maridaje-peix","20":"pa_maridaje-verdures","21":"pa_pais-franca","22":"pa_variedad-principal-chardonnay-ca","23":"entry","24":"has-media","26":"first","27":"instock","28":"taxable","29":"shipping-taxable","30":"purchasable","31":"product-type-simple"},"acf":[],"yoast_head":"<!-- This site is optimized with the Yoast SEO Premium plugin v23.1 (Yoast SEO v23.5) - https:\/\/yoast.com\/wordpress\/plugins\/seo\/ -->\n<title>La Chablisienne Emotions Min\u00e9rales - M\u00f3n La Cata<\/title>\n<meta name=\"description\" content=\"Comprar La Chablisienne Emotions Min\u00e9rales a M\u00f3n La Cata . Botiga online especialitzada en vi i alimentaci\u00f3 gourmet. Enviaments expr\u00e9s.\" \/>\n<meta name=\"robots\" content=\"noindex, follow, max-snippet:-1, max-image-preview:large, max-video-preview:-1\" \/>\n<meta property=\"og:locale\" content=\"ca_ES\" \/>\n<meta property=\"og:type\" content=\"article\" \/>\n<meta property=\"og:title\" content=\"La Chablisienne Emotions Min\u00e9rales\" \/>\n<meta property=\"og:description\" content=\"Comprar La Chablisienne Emotions Min\u00e9rales a M\u00f3n La Cata . Botiga online especialitzada en vi i alimentaci\u00f3 gourmet. Enviaments expr\u00e9s.\" \/>\n<meta property=\"og:url\" content=\"https:\/\/aral2.cetrexmarketing.com\/ca\/producto\/la-chablisienne-emotions-minerales\/\" \/>\n<meta property=\"og:site_name\" content=\"M\u00f3n La Cata\" \/>\n<meta property=\"article:modified_time\" content=\"2025-05-27T08:12:39+00:00\" \/>\n<meta property=\"og:image\" content=\"https:\/\/aral2.cetrexmarketing.com\/wp-content\/uploads\/2025\/05\/La-Chablisienne-Emotions-Minerales.jpg-1.png\" \/>\n\t<meta property=\"og:image:width\" content=\"765\" \/>\n\t<meta property=\"og:image:height\" content=\"1024\" \/>\n\t<meta property=\"og:image:type\" content=\"image\/png\" \/>\n<meta name=\"twitter:card\" content=\"summary_large_image\" \/>\n<meta name=\"twitter:label1\" content=\"Temps estimat de lectura\" \/>\n\t<meta name=\"twitter:data1\" content=\"1 minut\" \/>\n<script type=\"application\/ld+json\" class=\"yoast-schema-graph\">{\"@context\":\"https:\/\/schema.org\",\"@graph\":[{\"@type\":\"WebPage\",\"@id\":\"https:\/\/aral2.cetrexmarketing.com\/ca\/producto\/la-chablisienne-emotions-minerales\/\",\"url\":\"https:\/\/aral2.cetrexmarketing.com\/ca\/producto\/la-chablisienne-emotions-minerales\/\",\"name\":\"La Chablisienne Emotions Min\u00e9rales - M\u00f3n La Cata\",\"isPartOf\":{\"@id\":\"https:\/\/aral2.cetrexmarketing.com\/#website\"},\"primaryImageOfPage\":{\"@id\":\"https:\/\/aral2.cetrexmarketing.com\/ca\/producto\/la-chablisienne-emotions-minerales\/#primaryimage\"},\"image\":{\"@id\":\"https:\/\/aral2.cetrexmarketing.com\/ca\/producto\/la-chablisienne-emotions-minerales\/#primaryimage\"},\"thumbnailUrl\":\"https:\/\/aral2.cetrexmarketing.com\/wp-content\/uploads\/2025\/05\/La-Chablisienne-Emotions-Minerales.jpg-1.png\",\"datePublished\":\"2025-05-26T12:46:51+00:00\",\"dateModified\":\"2025-05-27T08:12:39+00:00\",\"description\":\"Comprar La Chablisienne Emotions Min\u00e9rales a M\u00f3n La Cata . Botiga online especialitzada en vi i alimentaci\u00f3 gourmet. Enviaments expr\u00e9s.\",\"breadcrumb\":{\"@id\":\"https:\/\/aral2.cetrexmarketing.com\/ca\/producto\/la-chablisienne-emotions-minerales\/#breadcrumb\"},\"inLanguage\":\"ca\",\"potentialAction\":[{\"@type\":\"ReadAction\",\"target\":[\"https:\/\/aral2.cetrexmarketing.com\/ca\/producto\/la-chablisienne-emotions-minerales\/\"]}]},{\"@type\":\"ImageObject\",\"inLanguage\":\"ca\",\"@id\":\"https:\/\/aral2.cetrexmarketing.com\/ca\/producto\/la-chablisienne-emotions-minerales\/#primaryimage\",\"url\":\"https:\/\/aral2.cetrexmarketing.com\/wp-content\/uploads\/2025\/05\/La-Chablisienne-Emotions-Minerales.jpg-1.png\",\"contentUrl\":\"https:\/\/aral2.cetrexmarketing.com\/wp-content\/uploads\/2025\/05\/La-Chablisienne-Emotions-Minerales.jpg-1.png\",\"width\":765,\"height\":1024},{\"@type\":\"BreadcrumbList\",\"@id\":\"https:\/\/aral2.cetrexmarketing.com\/ca\/producto\/la-chablisienne-emotions-minerales\/#breadcrumb\",\"itemListElement\":[{\"@type\":\"ListItem\",\"position\":1,\"name\":\"Home\",\"item\":\"https:\/\/aral2.cetrexmarketing.com\/ca\/\"},{\"@type\":\"ListItem\",\"position\":2,\"name\":\"Tienda\",\"item\":\"https:\/\/aral2.cetrexmarketing.com\/ca\/tienda-2\/\"},{\"@type\":\"ListItem\",\"position\":3,\"name\":\"Vi\",\"item\":\"https:\/\/aral2.cetrexmarketing.com\/categoria-producto\/home-ca\/vi-ca\/\"},{\"@type\":\"ListItem\",\"position\":4,\"name\":\"Vinos Blancos\",\"item\":\"https:\/\/aral2.cetrexmarketing.com\/categoria-producto\/inicio\/vino\/vino-blanco\/\"},{\"@type\":\"ListItem\",\"position\":5,\"name\":\"La Chablisienne Emotions Min\u00e9rales\"}]},{\"@type\":\"WebSite\",\"@id\":\"https:\/\/aral2.cetrexmarketing.com\/#website\",\"url\":\"https:\/\/aral2.cetrexmarketing.com\/\",\"name\":\"M\u00f3n La Cata\",\"description\":\"Tienda de vinos, licores, cervezas y gourmet\",\"publisher\":{\"@id\":\"https:\/\/aral2.cetrexmarketing.com\/#organization\"},\"potentialAction\":[{\"@type\":\"SearchAction\",\"target\":{\"@type\":\"EntryPoint\",\"urlTemplate\":\"https:\/\/aral2.cetrexmarketing.com\/?s={search_term_string}\"},\"query-input\":{\"@type\":\"PropertyValueSpecification\",\"valueRequired\":true,\"valueName\":\"search_term_string\"}}],\"inLanguage\":\"ca\"},{\"@type\":\"Organization\",\"@id\":\"https:\/\/aral2.cetrexmarketing.com\/#organization\",\"name\":\"M\u00f3n La Cata\",\"url\":\"https:\/\/aral2.cetrexmarketing.com\/\",\"logo\":{\"@type\":\"ImageObject\",\"inLanguage\":\"ca\",\"@id\":\"https:\/\/aral2.cetrexmarketing.com\/#\/schema\/logo\/image\/\",\"url\":\"https:\/\/aral2.cetrexmarketing.com\/wp-content\/uploads\/2024\/10\/aral-logo-neg-1024x409-1.png\",\"contentUrl\":\"https:\/\/aral2.cetrexmarketing.com\/wp-content\/uploads\/2024\/10\/aral-logo-neg-1024x409-1.png\",\"width\":1024,\"height\":409,\"caption\":\"M\u00f3n La Cata\"},\"image\":{\"@id\":\"https:\/\/aral2.cetrexmarketing.com\/#\/schema\/logo\/image\/\"}}]}<\/script>\n<!-- \/ Yoast SEO Premium plugin. -->","yoast_head_json":{"title":"La Chablisienne Emotions Min\u00e9rales - M\u00f3n La Cata","description":"Comprar La Chablisienne Emotions Min\u00e9rales a M\u00f3n La Cata . Botiga online especialitzada en vi i alimentaci\u00f3 gourmet. Enviaments expr\u00e9s.","robots":{"index":"noindex","follow":"follow","max-snippet":"max-snippet:-1","max-image-preview":"max-image-preview:large","max-video-preview":"max-video-preview:-1"},"og_locale":"ca_ES","og_type":"article","og_title":"La Chablisienne Emotions Min\u00e9rales","og_description":"Comprar La Chablisienne Emotions Min\u00e9rales a M\u00f3n La Cata . Botiga online especialitzada en vi i alimentaci\u00f3 gourmet. Enviaments expr\u00e9s.","og_url":"https:\/\/aral2.cetrexmarketing.com\/ca\/producto\/la-chablisienne-emotions-minerales\/","og_site_name":"M\u00f3n La Cata","article_modified_time":"2025-05-27T08:12:39+00:00","og_image":[{"width":765,"height":1024,"url":"https:\/\/aral2.cetrexmarketing.com\/wp-content\/uploads\/2025\/05\/La-Chablisienne-Emotions-Minerales.jpg-1.png","type":"image\/png"}],"twitter_card":"summary_large_image","twitter_misc":{"Temps estimat de lectura":"1 minut"},"schema":{"@context":"https:\/\/schema.org","@graph":[{"@type":"WebPage","@id":"https:\/\/aral2.cetrexmarketing.com\/ca\/producto\/la-chablisienne-emotions-minerales\/","url":"https:\/\/aral2.cetrexmarketing.com\/ca\/producto\/la-chablisienne-emotions-minerales\/","name":"La Chablisienne Emotions Min\u00e9rales - M\u00f3n La Cata","isPartOf":{"@id":"https:\/\/aral2.cetrexmarketing.com\/#website"},"primaryImageOfPage":{"@id":"https:\/\/aral2.cetrexmarketing.com\/ca\/producto\/la-chablisienne-emotions-minerales\/#primaryimage"},"image":{"@id":"https:\/\/aral2.cetrexmarketing.com\/ca\/producto\/la-chablisienne-emotions-minerales\/#primaryimage"},"thumbnailUrl":"https:\/\/aral2.cetrexmarketing.com\/wp-content\/uploads\/2025\/05\/La-Chablisienne-Emotions-Minerales.jpg-1.png","datePublished":"2025-05-26T12:46:51+00:00","dateModified":"2025-05-27T08:12:39+00:00","description":"Comprar La Chablisienne Emotions Min\u00e9rales a M\u00f3n La Cata . Botiga online especialitzada en vi i alimentaci\u00f3 gourmet. Enviaments expr\u00e9s.","breadcrumb":{"@id":"https:\/\/aral2.cetrexmarketing.com\/ca\/producto\/la-chablisienne-emotions-minerales\/#breadcrumb"},"inLanguage":"ca","potentialAction":[{"@type":"ReadAction","target":["https:\/\/aral2.cetrexmarketing.com\/ca\/producto\/la-chablisienne-emotions-minerales\/"]}]},{"@type":"ImageObject","inLanguage":"ca","@id":"https:\/\/aral2.cetrexmarketing.com\/ca\/producto\/la-chablisienne-emotions-minerales\/#primaryimage","url":"https:\/\/aral2.cetrexmarketing.com\/wp-content\/uploads\/2025\/05\/La-Chablisienne-Emotions-Minerales.jpg-1.png","contentUrl":"https:\/\/aral2.cetrexmarketing.com\/wp-content\/uploads\/2025\/05\/La-Chablisienne-Emotions-Minerales.jpg-1.png","width":765,"height":1024},{"@type":"BreadcrumbList","@id":"https:\/\/aral2.cetrexmarketing.com\/ca\/producto\/la-chablisienne-emotions-minerales\/#breadcrumb","itemListElement":[{"@type":"ListItem","position":1,"name":"Home","item":"https:\/\/aral2.cetrexmarketing.com\/ca\/"},{"@type":"ListItem","position":2,"name":"Tienda","item":"https:\/\/aral2.cetrexmarketing.com\/ca\/tienda-2\/"},{"@type":"ListItem","position":3,"name":"Vi","item":"https:\/\/aral2.cetrexmarketing.com\/categoria-producto\/home-ca\/vi-ca\/"},{"@type":"ListItem","position":4,"name":"Vinos Blancos","item":"https:\/\/aral2.cetrexmarketing.com\/categoria-producto\/inicio\/vino\/vino-blanco\/"},{"@type":"ListItem","position":5,"name":"La Chablisienne Emotions Min\u00e9rales"}]},{"@type":"WebSite","@id":"https:\/\/aral2.cetrexmarketing.com\/#website","url":"https:\/\/aral2.cetrexmarketing.com\/","name":"M\u00f3n La Cata","description":"Tienda de vinos, licores, cervezas y gourmet","publisher":{"@id":"https:\/\/aral2.cetrexmarketing.com\/#organization"},"potentialAction":[{"@type":"SearchAction","target":{"@type":"EntryPoint","urlTemplate":"https:\/\/aral2.cetrexmarketing.com\/?s={search_term_string}"},"query-input":{"@type":"PropertyValueSpecification","valueRequired":true,"valueName":"search_term_string"}}],"inLanguage":"ca"},{"@type":"Organization","@id":"https:\/\/aral2.cetrexmarketing.com\/#organization","name":"M\u00f3n La Cata","url":"https:\/\/aral2.cetrexmarketing.com\/","logo":{"@type":"ImageObject","inLanguage":"ca","@id":"https:\/\/aral2.cetrexmarketing.com\/#\/schema\/logo\/image\/","url":"https:\/\/aral2.cetrexmarketing.com\/wp-content\/uploads\/2024\/10\/aral-logo-neg-1024x409-1.png","contentUrl":"https:\/\/aral2.cetrexmarketing.com\/wp-content\/uploads\/2024\/10\/aral-logo-neg-1024x409-1.png","width":1024,"height":409,"caption":"M\u00f3n La Cata"},"image":{"@id":"https:\/\/aral2.cetrexmarketing.com\/#\/schema\/logo\/image\/"}}]}},"brands":[{"id":44728,"name":"La Chablisienne","slug":"la-chablisienne"}],"_links":{"self":[{"href":"https:\/\/aral2.cetrexmarketing.com\/ca\/wp-json\/wp\/v2\/product\/120929","targetHints":{"allow":["GET"]}}],"collection":[{"href":"https:\/\/aral2.cetrexmarketing.com\/ca\/wp-json\/wp\/v2\/product"}],"about":[{"href":"https:\/\/aral2.cetrexmarketing.com\/ca\/wp-json\/wp\/v2\/types\/product"}],"replies":[{"embeddable":true,"href":"https:\/\/aral2.cetrexmarketing.com\/ca\/wp-json\/wp\/v2\/comments?post=120929"}],"wp:featuredmedia":[{"embeddable":true,"href":"https:\/\/aral2.cetrexmarketing.com\/ca\/wp-json\/wp\/v2\/media\/108277"}],"wp:attachment":[{"href":"https:\/\/aral2.cetrexmarketing.com\/ca\/wp-json\/wp\/v2\/media?parent=120929"}],"wp:term":[{"taxonomy":"pwb-brand","embeddable":true,"href":"https:\/\/aral2.cetrexmarketing.com\/ca\/wp-json\/wp\/v2\/pwb-brand?post=120929"},{"taxonomy":"product_brand","embeddable":true,"href":"https:\/\/aral2.cetrexmarketing.com\/ca\/wp-json\/wp\/v2\/product_brand?post=120929"},{"taxonomy":"product_cat","embeddable":true,"href":"https:\/\/aral2.cetrexmarketing.com\/ca\/wp-json\/wp\/v2\/product_cat?post=120929"},{"taxonomy":"product_tag","embeddable":true,"href":"https:\/\/aral2.cetrexmarketing.com\/ca\/wp-json\/wp\/v2\/product_tag?post=120929"}],"curies":[{"name":"wp","href":"https:\/\/api.w.org\/{rel}","templated":true}]}}