{"id":120718,"date":"2025-05-27T04:52:20","date_gmt":"2025-05-27T04:52:20","guid":{"rendered":"https:\/\/aral2.cetrexmarketing.com\/producto\/llopart-most-flor-xarel%c2%b7lo\/"},"modified":"2025-05-27T08:12:06","modified_gmt":"2025-05-27T08:12:06","slug":"llopart-most-flor-xarel%c2%b7lo","status":"publish","type":"product","link":"https:\/\/aral2.cetrexmarketing.com\/ca\/producto\/llopart-most-flor-xarel%c2%b7lo\/","title":{"rendered":"Llopart Most Flor Xarel\u00b7lo"},"content":{"rendered":"<div class=\"flex-shrink-0 flex flex-col relative items-end\">\n<div>\n<div class=\"pt-0\">\n<div class=\"gizmo-bot-avatar flex h-8 w-8 items-center justify-center overflow-hidden rounded-full\">\n<div class=\"relative p-1 rounded-sm flex items-center justify-center bg-token-main-surface-primary text-token-text-primary h-8 w-8\">El <strong>Llopart Most Flor Xarel\u00b7lo<\/strong> \u00e9s un vi blanc de gran qualitat, elaborat exclusivament amb la varietat aut\u00f2ctona Xarel\u00b7lo, una de les m\u00e9s emblem\u00e0tiques del Pened\u00e8s. Aquest vi destaca per la seva puresa, frescor i car\u00e0cter expressiu, essent una aut\u00e8ntica representaci\u00f3 del terroir mediterrani.<\/div>\n<\/div>\n<\/div>\n<\/div>\n<\/div>\n<div class=\"group\/conversation-turn relative flex w-full min-w-0 flex-col agent-turn\">\n<div class=\"flex-col gap-1 md:gap-3\">\n<div class=\"flex max-w-full flex-col flex-grow\">\n<div class=\"min-h-8 text-message flex w-full flex-col items-end gap-2 whitespace-normal break-words text-start [.text-message+&amp;]:mt-5\" dir=\"auto\" data-message-author-role=\"assistant\" data-message-id=\"667a095b-7612-4565-bb96-c06fe4a6c3e4\" data-message-model-slug=\"gpt-4o-mini\">\n<div class=\"flex w-full flex-col gap-1 empty:hidden first:pt-[3px]\">\n<div class=\"markdown prose w-full break-words dark:prose-invert light\">\n<h3>Caracter\u00edstiques principals:<\/h3>\n<p><strong>Origen i Varietat de Ra\u00efm:<\/strong><\/p>\n<ul>\n<li>Prov\u00e9 de vinyes ecol\u00f2giques situades a l&#8217;Alt Pened\u00e8s, cultivades amb pr\u00e0ctiques sostenibles per respectar el medi natural.<\/li>\n<li>Elaborat \u00edntegrament amb ra\u00efms Xarel\u00b7lo, coneguts pel seu equilibri i versatilitat.<\/li>\n<\/ul>\n<p><strong>M\u00e8tode d&#8217;Elaboraci\u00f3:<\/strong><\/p>\n<ul>\n<li>S&#8217;obt\u00e9 exclusivament del most flor, la fracci\u00f3 m\u00e9s pura i delicada del premsat de les olives, preservant l&#8217;ess\u00e8ncia natural de la varietat.<\/li>\n<li>La fermentaci\u00f3 es realitza en fred per conservar els aromes primaris i les caracter\u00edstiques fresques i vibrants de la varietat.<\/li>\n<\/ul>\n<p><strong>Notes de Cata:<\/strong><\/p>\n<ul>\n<li><strong>Vista:<\/strong> Color groc p\u00e0l\u00b7lid amb reflexos verdosos, brillant i net.<\/li>\n<li><strong>Nas:<\/strong> Aromes intensos i frescos, amb notes herb\u00e0cies, c\u00edtriques i un fons de fruits blancs com la poma i la pera.<\/li>\n<li><strong>Boca:<\/strong> Fresc, estructurat i equilibrat, amb una acidesa vibrants i un final persistent i mineral que reflecteix el seu origen.<\/li>\n<\/ul>\n<p><strong>Maridatge:<\/strong><\/p>\n<ul>\n<li>Ideal per acompanyar marisc, peix, arrossos de verdures i plats lleugers de cuina mediterr\u00e0nia.<\/li>\n<li>Excel\u00b7lent com a aperitiu, gr\u00e0cies a la seva frescor i eleg\u00e0ncia.<\/li>\n<\/ul>\n<p>El <strong>Llopart Most Flor Xarel\u00b7lo<\/strong> \u00e9s una celebraci\u00f3 de la tradici\u00f3 vin\u00edcola del Pened\u00e8s, oferint un vi que captura l&#8217;autenticitat i el car\u00e0cter \u00fanic d&#8217;aquesta varietat aut\u00f2ctona.<\/p>\n<\/div>\n<\/div>\n<\/div>\n<\/div>\n<\/div>\n<\/div>\n","protected":false},"excerpt":{"rendered":"<p>El <strong>Llopart Most Flor Xarel\u00b7lo<\/strong> \u00e9s un vi blanc de gran qualitat, elaborat exclusivament amb ra\u00efms Xarel\u00b7lo de vinyes ecol\u00f2giques de l&#8217;Alt Pened\u00e8s. Destaqua per la seva puresa, frescor i car\u00e0cter expressiu, obtenint-se del most flor, la part m\u00e9s delicada del premsat, la qual cosa preserva l&#8217;ess\u00e8ncia natural de la varietat. Amb una fermentaci\u00f3 en fred, el vi ofereix aromes frescos i herb\u00e0cis, amb tocs c\u00edtrics i de fruits blancs. El seu gust \u00e9s fresc, equilibrat i mineral, amb un final persistent. Ideal per maridar amb marisc, peix i plats mediterranis, \u00e9s una aut\u00e8ntica representaci\u00f3 del terroir del Pened\u00e8s.<\/p>\n","protected":false},"featured_media":120715,"comment_status":"closed","ping_status":"closed","template":"","meta":{"_acf_changed":false},"pwb-brand":[],"product_brand":[],"product_cat":[51669,51676,51670,51672],"product_tag":[52247],"class_list":{"0":"post-120718","1":"product","2":"type-product","3":"status-publish","4":"has-post-thumbnail","6":"product_cat-ecologic","7":"product_cat-vega","8":"product_cat-vi","9":"product_cat-vi-blanc","10":"product_tag-llopart-most-flor-xarello-2","11":"pa_anada-51681","12":"pa_bodega-llopart","13":"pa_ecologico-vegano-natural-ecologic","14":"pa_ecologico-vegano-natural-vega","15":"pa_formatoenml-38311","16":"pa_graduacion-sinalcohol-ca","17":"pa_variedad-principal-xarello","18":"entry","19":"has-media","21":"first","22":"instock","23":"taxable","24":"shipping-taxable","25":"purchasable","26":"product-type-simple"},"acf":[],"yoast_head":"<!-- This site is optimized with the Yoast SEO Premium plugin v23.1 (Yoast SEO v23.5) - https:\/\/yoast.com\/wordpress\/plugins\/seo\/ -->\n<title>Comprar Llopart Most Flor Xarel\u00b7lo<\/title>\n<meta name=\"description\" content=\"Comprar al millor preu Llopart Most Flor Xarel\u00b7lo 0.0% alcohol a Mon la Cata . Botiga online especialitzada en vins, destil\u00b7lats i alimentaci\u00f3 gurmet.\" \/>\n<meta name=\"robots\" content=\"noindex, follow, max-snippet:-1, max-image-preview:large, max-video-preview:-1\" \/>\n<meta property=\"og:locale\" content=\"ca_ES\" \/>\n<meta property=\"og:type\" content=\"article\" \/>\n<meta property=\"og:title\" content=\"Llopart Most Flor Xarel\u00b7lo\" \/>\n<meta property=\"og:description\" content=\"Comprar al millor preu Llopart Most Flor Xarel\u00b7lo 0.0% alcohol a Mon la Cata . Botiga online especialitzada en vins, destil\u00b7lats i alimentaci\u00f3 gurmet.\" \/>\n<meta property=\"og:url\" content=\"https:\/\/aral2.cetrexmarketing.com\/ca\/producto\/llopart-most-flor-xarel\u00b7lo\/\" \/>\n<meta property=\"og:site_name\" content=\"M\u00f3n La Cata\" \/>\n<meta property=\"article:modified_time\" content=\"2025-05-27T08:12:06+00:00\" \/>\n<meta property=\"og:image\" content=\"https:\/\/aral2.cetrexmarketing.com\/wp-content\/uploads\/2025\/05\/llopart-most-flor-xarel.lo_.jpg.png\" \/>\n\t<meta property=\"og:image:width\" content=\"765\" \/>\n\t<meta property=\"og:image:height\" content=\"1024\" \/>\n\t<meta property=\"og:image:type\" content=\"image\/png\" \/>\n<meta name=\"twitter:card\" content=\"summary_large_image\" \/>\n<meta name=\"twitter:label1\" content=\"Temps estimat de lectura\" \/>\n\t<meta name=\"twitter:data1\" content=\"2 minuts\" \/>\n<script type=\"application\/ld+json\" class=\"yoast-schema-graph\">{\"@context\":\"https:\/\/schema.org\",\"@graph\":[{\"@type\":\"WebPage\",\"@id\":\"https:\/\/aral2.cetrexmarketing.com\/ca\/producto\/llopart-most-flor-xarel%c2%b7lo\/\",\"url\":\"https:\/\/aral2.cetrexmarketing.com\/ca\/producto\/llopart-most-flor-xarel%c2%b7lo\/\",\"name\":\"Comprar Llopart Most Flor Xarel\u00b7lo\",\"isPartOf\":{\"@id\":\"https:\/\/aral2.cetrexmarketing.com\/#website\"},\"primaryImageOfPage\":{\"@id\":\"https:\/\/aral2.cetrexmarketing.com\/ca\/producto\/llopart-most-flor-xarel%c2%b7lo\/#primaryimage\"},\"image\":{\"@id\":\"https:\/\/aral2.cetrexmarketing.com\/ca\/producto\/llopart-most-flor-xarel%c2%b7lo\/#primaryimage\"},\"thumbnailUrl\":\"https:\/\/aral2.cetrexmarketing.com\/wp-content\/uploads\/2025\/05\/llopart-most-flor-xarel.lo_.jpg.png\",\"datePublished\":\"2025-05-27T04:52:20+00:00\",\"dateModified\":\"2025-05-27T08:12:06+00:00\",\"description\":\"Comprar al millor preu Llopart Most Flor Xarel\u00b7lo 0.0% alcohol a Mon la Cata . Botiga online especialitzada en vins, destil\u00b7lats i alimentaci\u00f3 gurmet.\",\"breadcrumb\":{\"@id\":\"https:\/\/aral2.cetrexmarketing.com\/ca\/producto\/llopart-most-flor-xarel%c2%b7lo\/#breadcrumb\"},\"inLanguage\":\"ca\",\"potentialAction\":[{\"@type\":\"ReadAction\",\"target\":[\"https:\/\/aral2.cetrexmarketing.com\/ca\/producto\/llopart-most-flor-xarel%c2%b7lo\/\"]}]},{\"@type\":\"ImageObject\",\"inLanguage\":\"ca\",\"@id\":\"https:\/\/aral2.cetrexmarketing.com\/ca\/producto\/llopart-most-flor-xarel%c2%b7lo\/#primaryimage\",\"url\":\"https:\/\/aral2.cetrexmarketing.com\/wp-content\/uploads\/2025\/05\/llopart-most-flor-xarel.lo_.jpg.png\",\"contentUrl\":\"https:\/\/aral2.cetrexmarketing.com\/wp-content\/uploads\/2025\/05\/llopart-most-flor-xarel.lo_.jpg.png\",\"width\":765,\"height\":1024},{\"@type\":\"BreadcrumbList\",\"@id\":\"https:\/\/aral2.cetrexmarketing.com\/ca\/producto\/llopart-most-flor-xarel%c2%b7lo\/#breadcrumb\",\"itemListElement\":[{\"@type\":\"ListItem\",\"position\":1,\"name\":\"Home\",\"item\":\"https:\/\/aral2.cetrexmarketing.com\/ca\/\"},{\"@type\":\"ListItem\",\"position\":2,\"name\":\"Tienda\",\"item\":\"https:\/\/aral2.cetrexmarketing.com\/ca\/tienda-2\/\"},{\"@type\":\"ListItem\",\"position\":3,\"name\":\"Vino\",\"item\":\"https:\/\/aral2.cetrexmarketing.com\/categoria-producto\/inicio\/vino\/\"},{\"@type\":\"ListItem\",\"position\":4,\"name\":\"Llopart Most Flor Xarel\u00b7lo\"}]},{\"@type\":\"WebSite\",\"@id\":\"https:\/\/aral2.cetrexmarketing.com\/#website\",\"url\":\"https:\/\/aral2.cetrexmarketing.com\/\",\"name\":\"M\u00f3n La Cata\",\"description\":\"Tienda de vinos, licores, cervezas y gourmet\",\"publisher\":{\"@id\":\"https:\/\/aral2.cetrexmarketing.com\/#organization\"},\"potentialAction\":[{\"@type\":\"SearchAction\",\"target\":{\"@type\":\"EntryPoint\",\"urlTemplate\":\"https:\/\/aral2.cetrexmarketing.com\/?s={search_term_string}\"},\"query-input\":{\"@type\":\"PropertyValueSpecification\",\"valueRequired\":true,\"valueName\":\"search_term_string\"}}],\"inLanguage\":\"ca\"},{\"@type\":\"Organization\",\"@id\":\"https:\/\/aral2.cetrexmarketing.com\/#organization\",\"name\":\"M\u00f3n La Cata\",\"url\":\"https:\/\/aral2.cetrexmarketing.com\/\",\"logo\":{\"@type\":\"ImageObject\",\"inLanguage\":\"ca\",\"@id\":\"https:\/\/aral2.cetrexmarketing.com\/#\/schema\/logo\/image\/\",\"url\":\"https:\/\/aral2.cetrexmarketing.com\/wp-content\/uploads\/2024\/10\/aral-logo-neg-1024x409-1.png\",\"contentUrl\":\"https:\/\/aral2.cetrexmarketing.com\/wp-content\/uploads\/2024\/10\/aral-logo-neg-1024x409-1.png\",\"width\":1024,\"height\":409,\"caption\":\"M\u00f3n La Cata\"},\"image\":{\"@id\":\"https:\/\/aral2.cetrexmarketing.com\/#\/schema\/logo\/image\/\"}}]}<\/script>\n<!-- \/ Yoast SEO Premium plugin. -->","yoast_head_json":{"title":"Comprar Llopart Most Flor Xarel\u00b7lo","description":"Comprar al millor preu Llopart Most Flor Xarel\u00b7lo 0.0% alcohol a Mon la Cata . Botiga online especialitzada en vins, destil\u00b7lats i alimentaci\u00f3 gurmet.","robots":{"index":"noindex","follow":"follow","max-snippet":"max-snippet:-1","max-image-preview":"max-image-preview:large","max-video-preview":"max-video-preview:-1"},"og_locale":"ca_ES","og_type":"article","og_title":"Llopart Most Flor Xarel\u00b7lo","og_description":"Comprar al millor preu Llopart Most Flor Xarel\u00b7lo 0.0% alcohol a Mon la Cata . Botiga online especialitzada en vins, destil\u00b7lats i alimentaci\u00f3 gurmet.","og_url":"https:\/\/aral2.cetrexmarketing.com\/ca\/producto\/llopart-most-flor-xarel\u00b7lo\/","og_site_name":"M\u00f3n La Cata","article_modified_time":"2025-05-27T08:12:06+00:00","og_image":[{"width":765,"height":1024,"url":"https:\/\/aral2.cetrexmarketing.com\/wp-content\/uploads\/2025\/05\/llopart-most-flor-xarel.lo_.jpg.png","type":"image\/png"}],"twitter_card":"summary_large_image","twitter_misc":{"Temps estimat de lectura":"2 minuts"},"schema":{"@context":"https:\/\/schema.org","@graph":[{"@type":"WebPage","@id":"https:\/\/aral2.cetrexmarketing.com\/ca\/producto\/llopart-most-flor-xarel%c2%b7lo\/","url":"https:\/\/aral2.cetrexmarketing.com\/ca\/producto\/llopart-most-flor-xarel%c2%b7lo\/","name":"Comprar Llopart Most Flor Xarel\u00b7lo","isPartOf":{"@id":"https:\/\/aral2.cetrexmarketing.com\/#website"},"primaryImageOfPage":{"@id":"https:\/\/aral2.cetrexmarketing.com\/ca\/producto\/llopart-most-flor-xarel%c2%b7lo\/#primaryimage"},"image":{"@id":"https:\/\/aral2.cetrexmarketing.com\/ca\/producto\/llopart-most-flor-xarel%c2%b7lo\/#primaryimage"},"thumbnailUrl":"https:\/\/aral2.cetrexmarketing.com\/wp-content\/uploads\/2025\/05\/llopart-most-flor-xarel.lo_.jpg.png","datePublished":"2025-05-27T04:52:20+00:00","dateModified":"2025-05-27T08:12:06+00:00","description":"Comprar al millor preu Llopart Most Flor Xarel\u00b7lo 0.0% alcohol a Mon la Cata . Botiga online especialitzada en vins, destil\u00b7lats i alimentaci\u00f3 gurmet.","breadcrumb":{"@id":"https:\/\/aral2.cetrexmarketing.com\/ca\/producto\/llopart-most-flor-xarel%c2%b7lo\/#breadcrumb"},"inLanguage":"ca","potentialAction":[{"@type":"ReadAction","target":["https:\/\/aral2.cetrexmarketing.com\/ca\/producto\/llopart-most-flor-xarel%c2%b7lo\/"]}]},{"@type":"ImageObject","inLanguage":"ca","@id":"https:\/\/aral2.cetrexmarketing.com\/ca\/producto\/llopart-most-flor-xarel%c2%b7lo\/#primaryimage","url":"https:\/\/aral2.cetrexmarketing.com\/wp-content\/uploads\/2025\/05\/llopart-most-flor-xarel.lo_.jpg.png","contentUrl":"https:\/\/aral2.cetrexmarketing.com\/wp-content\/uploads\/2025\/05\/llopart-most-flor-xarel.lo_.jpg.png","width":765,"height":1024},{"@type":"BreadcrumbList","@id":"https:\/\/aral2.cetrexmarketing.com\/ca\/producto\/llopart-most-flor-xarel%c2%b7lo\/#breadcrumb","itemListElement":[{"@type":"ListItem","position":1,"name":"Home","item":"https:\/\/aral2.cetrexmarketing.com\/ca\/"},{"@type":"ListItem","position":2,"name":"Tienda","item":"https:\/\/aral2.cetrexmarketing.com\/ca\/tienda-2\/"},{"@type":"ListItem","position":3,"name":"Vino","item":"https:\/\/aral2.cetrexmarketing.com\/categoria-producto\/inicio\/vino\/"},{"@type":"ListItem","position":4,"name":"Llopart Most Flor Xarel\u00b7lo"}]},{"@type":"WebSite","@id":"https:\/\/aral2.cetrexmarketing.com\/#website","url":"https:\/\/aral2.cetrexmarketing.com\/","name":"M\u00f3n La Cata","description":"Tienda de vinos, licores, cervezas y gourmet","publisher":{"@id":"https:\/\/aral2.cetrexmarketing.com\/#organization"},"potentialAction":[{"@type":"SearchAction","target":{"@type":"EntryPoint","urlTemplate":"https:\/\/aral2.cetrexmarketing.com\/?s={search_term_string}"},"query-input":{"@type":"PropertyValueSpecification","valueRequired":true,"valueName":"search_term_string"}}],"inLanguage":"ca"},{"@type":"Organization","@id":"https:\/\/aral2.cetrexmarketing.com\/#organization","name":"M\u00f3n La Cata","url":"https:\/\/aral2.cetrexmarketing.com\/","logo":{"@type":"ImageObject","inLanguage":"ca","@id":"https:\/\/aral2.cetrexmarketing.com\/#\/schema\/logo\/image\/","url":"https:\/\/aral2.cetrexmarketing.com\/wp-content\/uploads\/2024\/10\/aral-logo-neg-1024x409-1.png","contentUrl":"https:\/\/aral2.cetrexmarketing.com\/wp-content\/uploads\/2024\/10\/aral-logo-neg-1024x409-1.png","width":1024,"height":409,"caption":"M\u00f3n La Cata"},"image":{"@id":"https:\/\/aral2.cetrexmarketing.com\/#\/schema\/logo\/image\/"}}]}},"brands":[],"_links":{"self":[{"href":"https:\/\/aral2.cetrexmarketing.com\/ca\/wp-json\/wp\/v2\/product\/120718","targetHints":{"allow":["GET"]}}],"collection":[{"href":"https:\/\/aral2.cetrexmarketing.com\/ca\/wp-json\/wp\/v2\/product"}],"about":[{"href":"https:\/\/aral2.cetrexmarketing.com\/ca\/wp-json\/wp\/v2\/types\/product"}],"replies":[{"embeddable":true,"href":"https:\/\/aral2.cetrexmarketing.com\/ca\/wp-json\/wp\/v2\/comments?post=120718"}],"wp:featuredmedia":[{"embeddable":true,"href":"https:\/\/aral2.cetrexmarketing.com\/ca\/wp-json\/wp\/v2\/media\/120715"}],"wp:attachment":[{"href":"https:\/\/aral2.cetrexmarketing.com\/ca\/wp-json\/wp\/v2\/media?parent=120718"}],"wp:term":[{"taxonomy":"pwb-brand","embeddable":true,"href":"https:\/\/aral2.cetrexmarketing.com\/ca\/wp-json\/wp\/v2\/pwb-brand?post=120718"},{"taxonomy":"product_brand","embeddable":true,"href":"https:\/\/aral2.cetrexmarketing.com\/ca\/wp-json\/wp\/v2\/product_brand?post=120718"},{"taxonomy":"product_cat","embeddable":true,"href":"https:\/\/aral2.cetrexmarketing.com\/ca\/wp-json\/wp\/v2\/product_cat?post=120718"},{"taxonomy":"product_tag","embeddable":true,"href":"https:\/\/aral2.cetrexmarketing.com\/ca\/wp-json\/wp\/v2\/product_tag?post=120718"}],"curies":[{"name":"wp","href":"https:\/\/api.w.org\/{rel}","templated":true}]}}