{"id":120469,"date":"2025-05-26T12:49:38","date_gmt":"2025-05-26T12:49:38","guid":{"rendered":"https:\/\/aral2.cetrexmarketing.com\/producto\/remy-martin-x-o-1l\/"},"modified":"2025-05-27T08:11:04","modified_gmt":"2025-05-27T08:11:04","slug":"remy-martin-x-o-1l","status":"publish","type":"product","link":"https:\/\/aral2.cetrexmarketing.com\/ca\/producto\/remy-martin-x-o-1l\/","title":{"rendered":"R\u00e9my Martin X.O. 1L"},"content":{"rendered":"<p>El <strong>R\u00e9my Martin X.O.<\/strong> de <strong>1 litre<\/strong>, prestigi\u00f3s conyac franc\u00e8s d&#8217;alta gamma produ\u00eft per la casa de conyac R\u00e9my Martin, una de les cases de conyac m\u00e9s antigues i respectades de Fran\u00e7a. La casa es troba a la regi\u00f3 de Cognac, a la zona de la Grande Champagne. Les sigles X.O. fan refer\u00e8ncia a &#8220;Extra Envellit&#8221;, el que significa que el conyac ha estat envellit durant un per\u00edode de temps m\u00e9s llarg que els conyacs joves. En el cas del R\u00e9my Martin X.O., la mitjana d&#8217;envelliment dels conyacs que el componenen est\u00e0 entre els 35 i els 37 anys. L&#8217;elaboraci\u00f3 d&#8217;aquest conyac es fa a partir de la combinaci\u00f3 de ra\u00efms de la regi\u00f3 Grande Champagne i Petite Champagne, dues de les zones m\u00e9s prestigioses de la regi\u00f3 de Cognac. La varietat utilitzada principalment \u00e9s l&#8217;Ugni Blanc, coneguda per la seva alta acidesa. Un cop finalitzada la destil\u00b7laci\u00f3, el R\u00e9my Martin X.O. s&#8217;envellix en b\u00f3tes de roure franc\u00e8s Limousin durant diverses d\u00e8cades. Aquest proc\u00e9s li permet desenvolupar una complexitat de sabors i aromes \u00fanics, com les notes de fruites seques, albercoc, vainilla, mel, esp\u00e8cies i un toc de regaliz. Tamb\u00e9 li confereix una textura aterciopelada al paladar i un final llarg i molt satisfactori. Est\u00e0 dissenyat per ser una experi\u00e8ncia de degustaci\u00f3 especial, per la qual cosa cal apreciar els seus sabors i els seus aromes \u00fanics.<\/p>\n","protected":false},"excerpt":{"rendered":"<p>El <strong>R\u00e9my Martin X.O.<\/strong> de <strong>1 litre<\/strong>, prestigi\u00f3s conyac franc\u00e8s d&#8217;alta gamma produ\u00eft per la casa de conyac R\u00e9my Martin, una de les cases de conyac m\u00e9s antigues i respectades de Fran\u00e7a. La casa es troba a la regi\u00f3 de Cognac, a la zona de la Grande Champagne. Les sigles X.O. fan refer\u00e8ncia a &#8220;Extra Envellit&#8221;, el que significa que el conyac ha estat envellit durant un per\u00edode de temps m\u00e9s llarg que els conyacs joves. En el cas del R\u00e9my Martin X.O., la mitjana d&#8217;envelliment dels conyacs que el componenen est\u00e0 entre els 35 i els 37 anys. L&#8217;elaboraci\u00f3 d&#8217;aquest conyac es fa a partir de la combinaci\u00f3 de ra\u00efms de la regi\u00f3 Grande Champagne i Petite Champagne, dues de les zones m\u00e9s prestigioses de la regi\u00f3 de Cognac. La varietat utilitzada principalment \u00e9s l&#8217;Ugni Blanc, coneguda per la seva alta acidesa. Un cop finalitzada la destil\u00b7laci\u00f3, el R\u00e9my Martin X.O. s&#8217;envellix en b\u00f3tes de roure franc\u00e8s Limousin durant diverses d\u00e8cades. Aquest proc\u00e9s li permet desenvolupar una complexitat de sabors i aromes \u00fanics, com les notes de fruites seques, albercoc, vainilla, mel, esp\u00e8cies i un toc de regaliz. Tamb\u00e9 li confereix una textura aterciopelada al paladar i un final llarg i molt satisfactori. Est\u00e0 dissenyat per ser una experi\u00e8ncia de degustaci\u00f3 especial, per la qual cosa cal apreciar els seus sabors i els seus aromes \u00fanics. <\/p>\n","protected":false},"featured_media":108540,"comment_status":"closed","ping_status":"closed","template":"","meta":{"_acf_changed":false},"pwb-brand":[44942,44883,44943],"product_brand":[],"product_cat":[51711,51692],"product_tag":[52397,52443],"class_list":{"0":"post-120469","1":"product","2":"type-product","3":"status-publish","4":"has-post-thumbnail","6":"pwb-brand-cognac","7":"pwb-brand-francia","8":"pwb-brand-remy-martin","9":"product_cat-cognac-destillats","10":"product_cat-destillats","11":"product_tag-remy-martin-2","12":"product_tag-remy-martin-x-o-1l-2","13":"pa_destileria-eremymartinco-ca","14":"pa_do-cognacfrancia-ca","15":"pa_formatoenml-38308","16":"pa_graduacion-40_0","17":"pa_pais-franca","18":"entry","19":"has-media","21":"first","22":"instock","23":"taxable","24":"shipping-taxable","25":"purchasable","26":"product-type-simple"},"acf":[],"yoast_head":"<!-- This site is optimized with the Yoast SEO Premium plugin v23.1 (Yoast SEO v23.5) - https:\/\/yoast.com\/wordpress\/plugins\/seo\/ -->\n<title>R\u00e9my Martin X.O. 1L - M\u00f3n La Cata<\/title>\n<meta name=\"description\" content=\"Comprar R\u00e9my Martin X.O. 1L en M\u00f3n La Cata . Tienda online especilizada en vino y alimentaci\u00f3n. Env\u00edos puntuales y promociones\" \/>\n<meta name=\"robots\" content=\"noindex, follow, max-snippet:-1, max-image-preview:large, max-video-preview:-1\" \/>\n<meta property=\"og:locale\" content=\"ca_ES\" \/>\n<meta property=\"og:type\" content=\"article\" \/>\n<meta property=\"og:title\" content=\"R\u00e9my Martin X.O. 1L\" \/>\n<meta property=\"og:description\" content=\"Comprar R\u00e9my Martin X.O. 1L en M\u00f3n La Cata . Tienda online especilizada en vino y alimentaci\u00f3n. Env\u00edos puntuales y promociones\" \/>\n<meta property=\"og:url\" content=\"https:\/\/aral2.cetrexmarketing.com\/ca\/producto\/remy-martin-x-o-1l\/\" \/>\n<meta property=\"og:site_name\" content=\"M\u00f3n La Cata\" \/>\n<meta property=\"article:modified_time\" content=\"2025-05-27T08:11:04+00:00\" \/>\n<meta property=\"og:image\" content=\"https:\/\/aral2.cetrexmarketing.com\/wp-content\/uploads\/2025\/05\/remy-martin-xo-1l.jpg.png\" \/>\n\t<meta property=\"og:image:width\" content=\"765\" \/>\n\t<meta property=\"og:image:height\" content=\"1024\" \/>\n\t<meta property=\"og:image:type\" content=\"image\/png\" \/>\n<meta name=\"twitter:card\" content=\"summary_large_image\" \/>\n<meta name=\"twitter:label1\" content=\"Temps estimat de lectura\" \/>\n\t<meta name=\"twitter:data1\" content=\"1 minut\" \/>\n<script type=\"application\/ld+json\" class=\"yoast-schema-graph\">{\"@context\":\"https:\/\/schema.org\",\"@graph\":[{\"@type\":\"WebPage\",\"@id\":\"https:\/\/aral2.cetrexmarketing.com\/ca\/producto\/remy-martin-x-o-1l\/\",\"url\":\"https:\/\/aral2.cetrexmarketing.com\/ca\/producto\/remy-martin-x-o-1l\/\",\"name\":\"R\u00e9my Martin X.O. 1L - M\u00f3n La Cata\",\"isPartOf\":{\"@id\":\"https:\/\/aral2.cetrexmarketing.com\/#website\"},\"primaryImageOfPage\":{\"@id\":\"https:\/\/aral2.cetrexmarketing.com\/ca\/producto\/remy-martin-x-o-1l\/#primaryimage\"},\"image\":{\"@id\":\"https:\/\/aral2.cetrexmarketing.com\/ca\/producto\/remy-martin-x-o-1l\/#primaryimage\"},\"thumbnailUrl\":\"https:\/\/aral2.cetrexmarketing.com\/wp-content\/uploads\/2025\/05\/remy-martin-xo-1l.jpg.png\",\"datePublished\":\"2025-05-26T12:49:38+00:00\",\"dateModified\":\"2025-05-27T08:11:04+00:00\",\"description\":\"Comprar R\u00e9my Martin X.O. 1L en M\u00f3n La Cata . Tienda online especilizada en vino y alimentaci\u00f3n. Env\u00edos puntuales y promociones\",\"breadcrumb\":{\"@id\":\"https:\/\/aral2.cetrexmarketing.com\/ca\/producto\/remy-martin-x-o-1l\/#breadcrumb\"},\"inLanguage\":\"ca\",\"potentialAction\":[{\"@type\":\"ReadAction\",\"target\":[\"https:\/\/aral2.cetrexmarketing.com\/ca\/producto\/remy-martin-x-o-1l\/\"]}]},{\"@type\":\"ImageObject\",\"inLanguage\":\"ca\",\"@id\":\"https:\/\/aral2.cetrexmarketing.com\/ca\/producto\/remy-martin-x-o-1l\/#primaryimage\",\"url\":\"https:\/\/aral2.cetrexmarketing.com\/wp-content\/uploads\/2025\/05\/remy-martin-xo-1l.jpg.png\",\"contentUrl\":\"https:\/\/aral2.cetrexmarketing.com\/wp-content\/uploads\/2025\/05\/remy-martin-xo-1l.jpg.png\",\"width\":765,\"height\":1024},{\"@type\":\"BreadcrumbList\",\"@id\":\"https:\/\/aral2.cetrexmarketing.com\/ca\/producto\/remy-martin-x-o-1l\/#breadcrumb\",\"itemListElement\":[{\"@type\":\"ListItem\",\"position\":1,\"name\":\"Home\",\"item\":\"https:\/\/aral2.cetrexmarketing.com\/ca\/\"},{\"@type\":\"ListItem\",\"position\":2,\"name\":\"Tienda\",\"item\":\"https:\/\/aral2.cetrexmarketing.com\/ca\/tienda-2\/\"},{\"@type\":\"ListItem\",\"position\":3,\"name\":\"Destilados\",\"item\":\"https:\/\/aral2.cetrexmarketing.com\/categoria-producto\/inicio\/destilados\/\"},{\"@type\":\"ListItem\",\"position\":4,\"name\":\"R\u00e9my Martin X.O. 1L\"}]},{\"@type\":\"WebSite\",\"@id\":\"https:\/\/aral2.cetrexmarketing.com\/#website\",\"url\":\"https:\/\/aral2.cetrexmarketing.com\/\",\"name\":\"M\u00f3n La Cata\",\"description\":\"Tienda de vinos, licores, cervezas y gourmet\",\"publisher\":{\"@id\":\"https:\/\/aral2.cetrexmarketing.com\/#organization\"},\"potentialAction\":[{\"@type\":\"SearchAction\",\"target\":{\"@type\":\"EntryPoint\",\"urlTemplate\":\"https:\/\/aral2.cetrexmarketing.com\/?s={search_term_string}\"},\"query-input\":{\"@type\":\"PropertyValueSpecification\",\"valueRequired\":true,\"valueName\":\"search_term_string\"}}],\"inLanguage\":\"ca\"},{\"@type\":\"Organization\",\"@id\":\"https:\/\/aral2.cetrexmarketing.com\/#organization\",\"name\":\"M\u00f3n La Cata\",\"url\":\"https:\/\/aral2.cetrexmarketing.com\/\",\"logo\":{\"@type\":\"ImageObject\",\"inLanguage\":\"ca\",\"@id\":\"https:\/\/aral2.cetrexmarketing.com\/#\/schema\/logo\/image\/\",\"url\":\"https:\/\/aral2.cetrexmarketing.com\/wp-content\/uploads\/2024\/10\/aral-logo-neg-1024x409-1.png\",\"contentUrl\":\"https:\/\/aral2.cetrexmarketing.com\/wp-content\/uploads\/2024\/10\/aral-logo-neg-1024x409-1.png\",\"width\":1024,\"height\":409,\"caption\":\"M\u00f3n La Cata\"},\"image\":{\"@id\":\"https:\/\/aral2.cetrexmarketing.com\/#\/schema\/logo\/image\/\"}}]}<\/script>\n<!-- \/ Yoast SEO Premium plugin. -->","yoast_head_json":{"title":"R\u00e9my Martin X.O. 1L - M\u00f3n La Cata","description":"Comprar R\u00e9my Martin X.O. 1L en M\u00f3n La Cata . Tienda online especilizada en vino y alimentaci\u00f3n. Env\u00edos puntuales y promociones","robots":{"index":"noindex","follow":"follow","max-snippet":"max-snippet:-1","max-image-preview":"max-image-preview:large","max-video-preview":"max-video-preview:-1"},"og_locale":"ca_ES","og_type":"article","og_title":"R\u00e9my Martin X.O. 1L","og_description":"Comprar R\u00e9my Martin X.O. 1L en M\u00f3n La Cata . Tienda online especilizada en vino y alimentaci\u00f3n. Env\u00edos puntuales y promociones","og_url":"https:\/\/aral2.cetrexmarketing.com\/ca\/producto\/remy-martin-x-o-1l\/","og_site_name":"M\u00f3n La Cata","article_modified_time":"2025-05-27T08:11:04+00:00","og_image":[{"width":765,"height":1024,"url":"https:\/\/aral2.cetrexmarketing.com\/wp-content\/uploads\/2025\/05\/remy-martin-xo-1l.jpg.png","type":"image\/png"}],"twitter_card":"summary_large_image","twitter_misc":{"Temps estimat de lectura":"1 minut"},"schema":{"@context":"https:\/\/schema.org","@graph":[{"@type":"WebPage","@id":"https:\/\/aral2.cetrexmarketing.com\/ca\/producto\/remy-martin-x-o-1l\/","url":"https:\/\/aral2.cetrexmarketing.com\/ca\/producto\/remy-martin-x-o-1l\/","name":"R\u00e9my Martin X.O. 1L - M\u00f3n La Cata","isPartOf":{"@id":"https:\/\/aral2.cetrexmarketing.com\/#website"},"primaryImageOfPage":{"@id":"https:\/\/aral2.cetrexmarketing.com\/ca\/producto\/remy-martin-x-o-1l\/#primaryimage"},"image":{"@id":"https:\/\/aral2.cetrexmarketing.com\/ca\/producto\/remy-martin-x-o-1l\/#primaryimage"},"thumbnailUrl":"https:\/\/aral2.cetrexmarketing.com\/wp-content\/uploads\/2025\/05\/remy-martin-xo-1l.jpg.png","datePublished":"2025-05-26T12:49:38+00:00","dateModified":"2025-05-27T08:11:04+00:00","description":"Comprar R\u00e9my Martin X.O. 1L en M\u00f3n La Cata . Tienda online especilizada en vino y alimentaci\u00f3n. Env\u00edos puntuales y promociones","breadcrumb":{"@id":"https:\/\/aral2.cetrexmarketing.com\/ca\/producto\/remy-martin-x-o-1l\/#breadcrumb"},"inLanguage":"ca","potentialAction":[{"@type":"ReadAction","target":["https:\/\/aral2.cetrexmarketing.com\/ca\/producto\/remy-martin-x-o-1l\/"]}]},{"@type":"ImageObject","inLanguage":"ca","@id":"https:\/\/aral2.cetrexmarketing.com\/ca\/producto\/remy-martin-x-o-1l\/#primaryimage","url":"https:\/\/aral2.cetrexmarketing.com\/wp-content\/uploads\/2025\/05\/remy-martin-xo-1l.jpg.png","contentUrl":"https:\/\/aral2.cetrexmarketing.com\/wp-content\/uploads\/2025\/05\/remy-martin-xo-1l.jpg.png","width":765,"height":1024},{"@type":"BreadcrumbList","@id":"https:\/\/aral2.cetrexmarketing.com\/ca\/producto\/remy-martin-x-o-1l\/#breadcrumb","itemListElement":[{"@type":"ListItem","position":1,"name":"Home","item":"https:\/\/aral2.cetrexmarketing.com\/ca\/"},{"@type":"ListItem","position":2,"name":"Tienda","item":"https:\/\/aral2.cetrexmarketing.com\/ca\/tienda-2\/"},{"@type":"ListItem","position":3,"name":"Destilados","item":"https:\/\/aral2.cetrexmarketing.com\/categoria-producto\/inicio\/destilados\/"},{"@type":"ListItem","position":4,"name":"R\u00e9my Martin X.O. 1L"}]},{"@type":"WebSite","@id":"https:\/\/aral2.cetrexmarketing.com\/#website","url":"https:\/\/aral2.cetrexmarketing.com\/","name":"M\u00f3n La Cata","description":"Tienda de vinos, licores, cervezas y gourmet","publisher":{"@id":"https:\/\/aral2.cetrexmarketing.com\/#organization"},"potentialAction":[{"@type":"SearchAction","target":{"@type":"EntryPoint","urlTemplate":"https:\/\/aral2.cetrexmarketing.com\/?s={search_term_string}"},"query-input":{"@type":"PropertyValueSpecification","valueRequired":true,"valueName":"search_term_string"}}],"inLanguage":"ca"},{"@type":"Organization","@id":"https:\/\/aral2.cetrexmarketing.com\/#organization","name":"M\u00f3n La Cata","url":"https:\/\/aral2.cetrexmarketing.com\/","logo":{"@type":"ImageObject","inLanguage":"ca","@id":"https:\/\/aral2.cetrexmarketing.com\/#\/schema\/logo\/image\/","url":"https:\/\/aral2.cetrexmarketing.com\/wp-content\/uploads\/2024\/10\/aral-logo-neg-1024x409-1.png","contentUrl":"https:\/\/aral2.cetrexmarketing.com\/wp-content\/uploads\/2024\/10\/aral-logo-neg-1024x409-1.png","width":1024,"height":409,"caption":"M\u00f3n La Cata"},"image":{"@id":"https:\/\/aral2.cetrexmarketing.com\/#\/schema\/logo\/image\/"}}]}},"brands":[{"id":44942,"name":"Cognac","slug":"cognac"},{"id":44883,"name":"Francia","slug":"francia"},{"id":44943,"name":"Remy Martin","slug":"remy-martin"}],"_links":{"self":[{"href":"https:\/\/aral2.cetrexmarketing.com\/ca\/wp-json\/wp\/v2\/product\/120469","targetHints":{"allow":["GET"]}}],"collection":[{"href":"https:\/\/aral2.cetrexmarketing.com\/ca\/wp-json\/wp\/v2\/product"}],"about":[{"href":"https:\/\/aral2.cetrexmarketing.com\/ca\/wp-json\/wp\/v2\/types\/product"}],"replies":[{"embeddable":true,"href":"https:\/\/aral2.cetrexmarketing.com\/ca\/wp-json\/wp\/v2\/comments?post=120469"}],"wp:featuredmedia":[{"embeddable":true,"href":"https:\/\/aral2.cetrexmarketing.com\/ca\/wp-json\/wp\/v2\/media\/108540"}],"wp:attachment":[{"href":"https:\/\/aral2.cetrexmarketing.com\/ca\/wp-json\/wp\/v2\/media?parent=120469"}],"wp:term":[{"taxonomy":"pwb-brand","embeddable":true,"href":"https:\/\/aral2.cetrexmarketing.com\/ca\/wp-json\/wp\/v2\/pwb-brand?post=120469"},{"taxonomy":"product_brand","embeddable":true,"href":"https:\/\/aral2.cetrexmarketing.com\/ca\/wp-json\/wp\/v2\/product_brand?post=120469"},{"taxonomy":"product_cat","embeddable":true,"href":"https:\/\/aral2.cetrexmarketing.com\/ca\/wp-json\/wp\/v2\/product_cat?post=120469"},{"taxonomy":"product_tag","embeddable":true,"href":"https:\/\/aral2.cetrexmarketing.com\/ca\/wp-json\/wp\/v2\/product_tag?post=120469"}],"curies":[{"name":"wp","href":"https:\/\/api.w.org\/{rel}","templated":true}]}}