{"id":120342,"date":"2025-05-26T12:50:19","date_gmt":"2025-05-26T12:50:19","guid":{"rendered":"https:\/\/aral2.cetrexmarketing.com\/producto\/tomatin-14-anys\/"},"modified":"2025-05-27T08:10:42","modified_gmt":"2025-05-27T08:10:42","slug":"tomatin-14-anys","status":"publish","type":"product","link":"https:\/\/aral2.cetrexmarketing.com\/ca\/producto\/tomatin-14-anys\/","title":{"rendered":"Tomatin 14 Anys"},"content":{"rendered":"<p>El <strong>Tomatin 14 anys<\/strong> \u00e9s un whisky escoc\u00e8s produ\u00eft a les Terres Altes d&#8217;Esc\u00f2cia (Highlands) que destaca per la seva suavitat i complexitat. Aquest whisky es madura en una combinaci\u00f3 de barrils de bourbon i xer\u00e8s, la qual cosa li atorga una complexitat \u00fanica. Ofereix una mescla intrigant de sabors. En nas, es perceben notes de fruites tropicals, com la pinya i el mango, juntament amb tocs de vainilla i roure torrat. En boca, una fusi\u00f3 de sabors dol\u00e7os i afruitats s&#8217;entrellacen, equilibrats per subtils notes d&#8217;esp\u00e8cies i mel. De car\u00e0cter complex i atractiu influ\u00eft pels barrils de xer\u00e8s que li afegeixen matisos de panses i fruites seques. Presenta un final llarg i c\u00e0lid, amb un regust persistent que convida a saborejar-lo amb calma. El Tomatin 14 anys \u00e9s una excel\u00b7lent opci\u00f3 per als que busquen una experi\u00e8ncia de degustaci\u00f3 elegant i accessible. El per\u00edode de maduraci\u00f3 li atorga la maduresa necess\u00e0ria per desenvolupar el sabor i conservar la frescor i vitalitat. Una elecci\u00f3 s\u00f2lida per als amants del whisky i una introducci\u00f3 temptadora per als que comencen a explorar el m\u00f3n del whisky.<\/p>\n<p>&nbsp;<\/p>\n","protected":false},"excerpt":{"rendered":"<p>El <strong>Tomatin 14 anys<\/strong> \u00e9s un whisky escoc\u00e8s produ\u00eft a les Terres Altes d&#8217;Esc\u00f2cia (Highlands) que destaca per la seva suavitat i complexitat. Aquest whisky es madura en una combinaci\u00f3 de barrils de bourbon i xer\u00e8s, la qual cosa li atorga una complexitat \u00fanica. Ofereix una mescla intrigant de sabors. En nas, es perceben notes de fruites tropicals, com la pinya i el mango, juntament amb tocs de vainilla i roure torrat. En boca, una fusi\u00f3 de sabors dol\u00e7os i afruitats s&#8217;entrellacen, equilibrats per subtils notes d&#8217;esp\u00e8cies i mel. De car\u00e0cter complex i atractiu influ\u00eft pels barrils de xer\u00e8s que li afegeixen matisos de panses i fruites seques. Presenta un final llarg i c\u00e0lid, amb un regust persistent que convida a saborejar-lo amb calma. El Tomatin 14 anys \u00e9s una excel\u00b7lent opci\u00f3 per als que busquen una experi\u00e8ncia de degustaci\u00f3 elegant i accessible. El per\u00edode de maduraci\u00f3 li atorga la maduresa necess\u00e0ria per desenvolupar el sabor i conservar la frescor i vitalitat. Una elecci\u00f3 s\u00f2lida per als amants del whisky i una introducci\u00f3 temptadora per als que comencen a explorar el m\u00f3n del whisky.<\/p>\n<p>&nbsp;<\/p>\n","protected":false},"featured_media":108603,"comment_status":"closed","ping_status":"closed","template":"","meta":{"_acf_changed":false},"pwb-brand":[45026,45025,45027],"product_brand":[],"product_cat":[51692,51776,51722,51723],"product_tag":[15649,52446,15699,52028,15261],"class_list":{"0":"post-120342","1":"product","2":"type-product","3":"status-publish","4":"has-post-thumbnail","6":"pwb-brand-tomatin","7":"pwb-brand-whisky","8":"pwb-brand-whisky-tomatin","9":"product_cat-destillats","10":"product_cat-highland-single-malt-scotch-whisky-whisky-escocia-whisky-destillats","11":"product_cat-whisky-destillats","12":"product_cat-whisky-escocia-whisky-destillats","13":"product_tag-highland-ca","14":"product_tag-port-cask-2","15":"product_tag-tomatin-ca","16":"product_tag-tomatin-14-anys","17":"product_tag-whisky-ca","18":"product_shipping_class-7-10-dias-2","19":"pa_destileria-thetomatindistilleryco-ca","20":"pa_formatoenml-38307","21":"pa_graduacion-46_0","22":"pa_pais-escocia-ca-2","23":"pa_region-highland","24":"entry","25":"has-media","27":"first","28":"onbackorder","29":"taxable","30":"shipping-taxable","31":"purchasable","32":"product-type-simple"},"acf":[],"yoast_head":"<!-- This site is optimized with the Yoast SEO Premium plugin v23.1 (Yoast SEO v23.5) - https:\/\/yoast.com\/wordpress\/plugins\/seo\/ -->\n<title>Tomatin 14 Anys - M\u00f3n La Cata<\/title>\n<meta name=\"description\" content=\"Comprar el whisky Botiga online especialitzada en vi, licor i alimentaci\u00f3. Enviaments puntuals i promocions.\" \/>\n<meta name=\"robots\" content=\"noindex, follow, max-snippet:-1, max-image-preview:large, max-video-preview:-1\" \/>\n<meta property=\"og:locale\" content=\"ca_ES\" \/>\n<meta property=\"og:type\" content=\"article\" \/>\n<meta property=\"og:title\" content=\"Tomatin 14 Anys\" \/>\n<meta property=\"og:description\" content=\"Comprar el whisky Botiga online especialitzada en vi, licor i alimentaci\u00f3. Enviaments puntuals i promocions.\" \/>\n<meta property=\"og:url\" content=\"https:\/\/aral2.cetrexmarketing.com\/ca\/producto\/tomatin-14-anys\/\" \/>\n<meta property=\"og:site_name\" content=\"M\u00f3n La Cata\" \/>\n<meta property=\"article:modified_time\" content=\"2025-05-27T08:10:42+00:00\" \/>\n<meta property=\"og:image\" content=\"https:\/\/aral2.cetrexmarketing.com\/wp-content\/uploads\/2025\/05\/TOMATIN-14-ANOS.jpg.png\" \/>\n\t<meta property=\"og:image:width\" content=\"765\" \/>\n\t<meta property=\"og:image:height\" content=\"1024\" \/>\n\t<meta property=\"og:image:type\" content=\"image\/png\" \/>\n<meta name=\"twitter:card\" content=\"summary_large_image\" \/>\n<meta name=\"twitter:label1\" content=\"Temps estimat de lectura\" \/>\n\t<meta name=\"twitter:data1\" content=\"1 minut\" \/>\n<script type=\"application\/ld+json\" class=\"yoast-schema-graph\">{\"@context\":\"https:\/\/schema.org\",\"@graph\":[{\"@type\":\"WebPage\",\"@id\":\"https:\/\/aral2.cetrexmarketing.com\/ca\/producto\/tomatin-14-anys\/\",\"url\":\"https:\/\/aral2.cetrexmarketing.com\/ca\/producto\/tomatin-14-anys\/\",\"name\":\"Tomatin 14 Anys - M\u00f3n La Cata\",\"isPartOf\":{\"@id\":\"https:\/\/aral2.cetrexmarketing.com\/#website\"},\"primaryImageOfPage\":{\"@id\":\"https:\/\/aral2.cetrexmarketing.com\/ca\/producto\/tomatin-14-anys\/#primaryimage\"},\"image\":{\"@id\":\"https:\/\/aral2.cetrexmarketing.com\/ca\/producto\/tomatin-14-anys\/#primaryimage\"},\"thumbnailUrl\":\"https:\/\/aral2.cetrexmarketing.com\/wp-content\/uploads\/2025\/05\/TOMATIN-14-ANOS.jpg.png\",\"datePublished\":\"2025-05-26T12:50:19+00:00\",\"dateModified\":\"2025-05-27T08:10:42+00:00\",\"description\":\"Comprar el whisky Botiga online especialitzada en vi, licor i alimentaci\u00f3. Enviaments puntuals i promocions.\",\"breadcrumb\":{\"@id\":\"https:\/\/aral2.cetrexmarketing.com\/ca\/producto\/tomatin-14-anys\/#breadcrumb\"},\"inLanguage\":\"ca\",\"potentialAction\":[{\"@type\":\"ReadAction\",\"target\":[\"https:\/\/aral2.cetrexmarketing.com\/ca\/producto\/tomatin-14-anys\/\"]}]},{\"@type\":\"ImageObject\",\"inLanguage\":\"ca\",\"@id\":\"https:\/\/aral2.cetrexmarketing.com\/ca\/producto\/tomatin-14-anys\/#primaryimage\",\"url\":\"https:\/\/aral2.cetrexmarketing.com\/wp-content\/uploads\/2025\/05\/TOMATIN-14-ANOS.jpg.png\",\"contentUrl\":\"https:\/\/aral2.cetrexmarketing.com\/wp-content\/uploads\/2025\/05\/TOMATIN-14-ANOS.jpg.png\",\"width\":765,\"height\":1024},{\"@type\":\"BreadcrumbList\",\"@id\":\"https:\/\/aral2.cetrexmarketing.com\/ca\/producto\/tomatin-14-anys\/#breadcrumb\",\"itemListElement\":[{\"@type\":\"ListItem\",\"position\":1,\"name\":\"Home\",\"item\":\"https:\/\/aral2.cetrexmarketing.com\/ca\/\"},{\"@type\":\"ListItem\",\"position\":2,\"name\":\"Tienda\",\"item\":\"https:\/\/aral2.cetrexmarketing.com\/ca\/tienda-2\/\"},{\"@type\":\"ListItem\",\"position\":3,\"name\":\"Destilados\",\"item\":\"https:\/\/aral2.cetrexmarketing.com\/categoria-producto\/inicio\/destilados\/\"},{\"@type\":\"ListItem\",\"position\":4,\"name\":\"Tomatin 14 Anys\"}]},{\"@type\":\"WebSite\",\"@id\":\"https:\/\/aral2.cetrexmarketing.com\/#website\",\"url\":\"https:\/\/aral2.cetrexmarketing.com\/\",\"name\":\"M\u00f3n La Cata\",\"description\":\"Tienda de vinos, licores, cervezas y gourmet\",\"publisher\":{\"@id\":\"https:\/\/aral2.cetrexmarketing.com\/#organization\"},\"potentialAction\":[{\"@type\":\"SearchAction\",\"target\":{\"@type\":\"EntryPoint\",\"urlTemplate\":\"https:\/\/aral2.cetrexmarketing.com\/?s={search_term_string}\"},\"query-input\":{\"@type\":\"PropertyValueSpecification\",\"valueRequired\":true,\"valueName\":\"search_term_string\"}}],\"inLanguage\":\"ca\"},{\"@type\":\"Organization\",\"@id\":\"https:\/\/aral2.cetrexmarketing.com\/#organization\",\"name\":\"M\u00f3n La Cata\",\"url\":\"https:\/\/aral2.cetrexmarketing.com\/\",\"logo\":{\"@type\":\"ImageObject\",\"inLanguage\":\"ca\",\"@id\":\"https:\/\/aral2.cetrexmarketing.com\/#\/schema\/logo\/image\/\",\"url\":\"https:\/\/aral2.cetrexmarketing.com\/wp-content\/uploads\/2024\/10\/aral-logo-neg-1024x409-1.png\",\"contentUrl\":\"https:\/\/aral2.cetrexmarketing.com\/wp-content\/uploads\/2024\/10\/aral-logo-neg-1024x409-1.png\",\"width\":1024,\"height\":409,\"caption\":\"M\u00f3n La Cata\"},\"image\":{\"@id\":\"https:\/\/aral2.cetrexmarketing.com\/#\/schema\/logo\/image\/\"}}]}<\/script>\n<!-- \/ Yoast SEO Premium plugin. -->","yoast_head_json":{"title":"Tomatin 14 Anys - M\u00f3n La Cata","description":"Comprar el whisky Botiga online especialitzada en vi, licor i alimentaci\u00f3. Enviaments puntuals i promocions.","robots":{"index":"noindex","follow":"follow","max-snippet":"max-snippet:-1","max-image-preview":"max-image-preview:large","max-video-preview":"max-video-preview:-1"},"og_locale":"ca_ES","og_type":"article","og_title":"Tomatin 14 Anys","og_description":"Comprar el whisky Botiga online especialitzada en vi, licor i alimentaci\u00f3. Enviaments puntuals i promocions.","og_url":"https:\/\/aral2.cetrexmarketing.com\/ca\/producto\/tomatin-14-anys\/","og_site_name":"M\u00f3n La Cata","article_modified_time":"2025-05-27T08:10:42+00:00","og_image":[{"width":765,"height":1024,"url":"https:\/\/aral2.cetrexmarketing.com\/wp-content\/uploads\/2025\/05\/TOMATIN-14-ANOS.jpg.png","type":"image\/png"}],"twitter_card":"summary_large_image","twitter_misc":{"Temps estimat de lectura":"1 minut"},"schema":{"@context":"https:\/\/schema.org","@graph":[{"@type":"WebPage","@id":"https:\/\/aral2.cetrexmarketing.com\/ca\/producto\/tomatin-14-anys\/","url":"https:\/\/aral2.cetrexmarketing.com\/ca\/producto\/tomatin-14-anys\/","name":"Tomatin 14 Anys - M\u00f3n La Cata","isPartOf":{"@id":"https:\/\/aral2.cetrexmarketing.com\/#website"},"primaryImageOfPage":{"@id":"https:\/\/aral2.cetrexmarketing.com\/ca\/producto\/tomatin-14-anys\/#primaryimage"},"image":{"@id":"https:\/\/aral2.cetrexmarketing.com\/ca\/producto\/tomatin-14-anys\/#primaryimage"},"thumbnailUrl":"https:\/\/aral2.cetrexmarketing.com\/wp-content\/uploads\/2025\/05\/TOMATIN-14-ANOS.jpg.png","datePublished":"2025-05-26T12:50:19+00:00","dateModified":"2025-05-27T08:10:42+00:00","description":"Comprar el whisky Botiga online especialitzada en vi, licor i alimentaci\u00f3. Enviaments puntuals i promocions.","breadcrumb":{"@id":"https:\/\/aral2.cetrexmarketing.com\/ca\/producto\/tomatin-14-anys\/#breadcrumb"},"inLanguage":"ca","potentialAction":[{"@type":"ReadAction","target":["https:\/\/aral2.cetrexmarketing.com\/ca\/producto\/tomatin-14-anys\/"]}]},{"@type":"ImageObject","inLanguage":"ca","@id":"https:\/\/aral2.cetrexmarketing.com\/ca\/producto\/tomatin-14-anys\/#primaryimage","url":"https:\/\/aral2.cetrexmarketing.com\/wp-content\/uploads\/2025\/05\/TOMATIN-14-ANOS.jpg.png","contentUrl":"https:\/\/aral2.cetrexmarketing.com\/wp-content\/uploads\/2025\/05\/TOMATIN-14-ANOS.jpg.png","width":765,"height":1024},{"@type":"BreadcrumbList","@id":"https:\/\/aral2.cetrexmarketing.com\/ca\/producto\/tomatin-14-anys\/#breadcrumb","itemListElement":[{"@type":"ListItem","position":1,"name":"Home","item":"https:\/\/aral2.cetrexmarketing.com\/ca\/"},{"@type":"ListItem","position":2,"name":"Tienda","item":"https:\/\/aral2.cetrexmarketing.com\/ca\/tienda-2\/"},{"@type":"ListItem","position":3,"name":"Destilados","item":"https:\/\/aral2.cetrexmarketing.com\/categoria-producto\/inicio\/destilados\/"},{"@type":"ListItem","position":4,"name":"Tomatin 14 Anys"}]},{"@type":"WebSite","@id":"https:\/\/aral2.cetrexmarketing.com\/#website","url":"https:\/\/aral2.cetrexmarketing.com\/","name":"M\u00f3n La Cata","description":"Tienda de vinos, licores, cervezas y gourmet","publisher":{"@id":"https:\/\/aral2.cetrexmarketing.com\/#organization"},"potentialAction":[{"@type":"SearchAction","target":{"@type":"EntryPoint","urlTemplate":"https:\/\/aral2.cetrexmarketing.com\/?s={search_term_string}"},"query-input":{"@type":"PropertyValueSpecification","valueRequired":true,"valueName":"search_term_string"}}],"inLanguage":"ca"},{"@type":"Organization","@id":"https:\/\/aral2.cetrexmarketing.com\/#organization","name":"M\u00f3n La Cata","url":"https:\/\/aral2.cetrexmarketing.com\/","logo":{"@type":"ImageObject","inLanguage":"ca","@id":"https:\/\/aral2.cetrexmarketing.com\/#\/schema\/logo\/image\/","url":"https:\/\/aral2.cetrexmarketing.com\/wp-content\/uploads\/2024\/10\/aral-logo-neg-1024x409-1.png","contentUrl":"https:\/\/aral2.cetrexmarketing.com\/wp-content\/uploads\/2024\/10\/aral-logo-neg-1024x409-1.png","width":1024,"height":409,"caption":"M\u00f3n La Cata"},"image":{"@id":"https:\/\/aral2.cetrexmarketing.com\/#\/schema\/logo\/image\/"}}]}},"brands":[{"id":45026,"name":"Tomatin","slug":"tomatin"},{"id":45025,"name":"Whisky","slug":"whisky"},{"id":45027,"name":"Whisky Tomatin","slug":"whisky-tomatin"}],"_links":{"self":[{"href":"https:\/\/aral2.cetrexmarketing.com\/ca\/wp-json\/wp\/v2\/product\/120342","targetHints":{"allow":["GET"]}}],"collection":[{"href":"https:\/\/aral2.cetrexmarketing.com\/ca\/wp-json\/wp\/v2\/product"}],"about":[{"href":"https:\/\/aral2.cetrexmarketing.com\/ca\/wp-json\/wp\/v2\/types\/product"}],"replies":[{"embeddable":true,"href":"https:\/\/aral2.cetrexmarketing.com\/ca\/wp-json\/wp\/v2\/comments?post=120342"}],"wp:featuredmedia":[{"embeddable":true,"href":"https:\/\/aral2.cetrexmarketing.com\/ca\/wp-json\/wp\/v2\/media\/108603"}],"wp:attachment":[{"href":"https:\/\/aral2.cetrexmarketing.com\/ca\/wp-json\/wp\/v2\/media?parent=120342"}],"wp:term":[{"taxonomy":"pwb-brand","embeddable":true,"href":"https:\/\/aral2.cetrexmarketing.com\/ca\/wp-json\/wp\/v2\/pwb-brand?post=120342"},{"taxonomy":"product_brand","embeddable":true,"href":"https:\/\/aral2.cetrexmarketing.com\/ca\/wp-json\/wp\/v2\/product_brand?post=120342"},{"taxonomy":"product_cat","embeddable":true,"href":"https:\/\/aral2.cetrexmarketing.com\/ca\/wp-json\/wp\/v2\/product_cat?post=120342"},{"taxonomy":"product_tag","embeddable":true,"href":"https:\/\/aral2.cetrexmarketing.com\/ca\/wp-json\/wp\/v2\/product_tag?post=120342"}],"curies":[{"name":"wp","href":"https:\/\/api.w.org\/{rel}","templated":true}]}}