{"id":120193,"date":"2025-05-26T14:07:15","date_gmt":"2025-05-26T14:07:15","guid":{"rendered":"https:\/\/aral2.cetrexmarketing.com\/producto\/umeshu-choya-royal-honey\/"},"modified":"2025-05-27T08:10:32","modified_gmt":"2025-05-27T08:10:32","slug":"umeshu-choya-royal-honey","status":"publish","type":"product","link":"https:\/\/aral2.cetrexmarketing.com\/ca\/producto\/umeshu-choya-royal-honey\/","title":{"rendered":"Umeshu Choya Royal Honey"},"content":{"rendered":"<p>Umeshu Choya Royal Honey \u00e9s un exquisit licor japon\u00e8s elaborat per la prestigiosa marca <strong>Choya<\/strong>. Pertany a la l\u00ednia premium de Choya i es distingeix pel seu delici\u00f3s sabor agredol\u00e7 i suaument dol\u00e7, obtingut mitjan\u00e7ant la infusi\u00f3 de <strong>prunes japoneses<\/strong> madures en <strong>mel real <\/strong>de gran qualitat. La base d&#8217;Umeshu Choya Royal Honey \u00e9s <strong>l&#8217;umesh\u016b<\/strong> tradicional, un licor de pruna japonesa, que es combina amb la mel per crear una experi\u00e8ncia de sabor \u00fanica i luxosa. <br \/>El resultat \u00e9s una beguda suau, equilibrada i plena de matisos, on l&#8217;acidesa natural de les prunes es combina harm\u00f2nicament amb la dol\u00e7or natural de la mel. Aquest licor es gaudeix millor sol, servit amb gel per ressaltar-ne els sabors complexos i refrescants. Tamb\u00e9 es pot utilitzar com a ingredient en <strong>c\u00f2ctels<\/strong>, aportant un toc sofisticat i delici\u00f3s. <br \/>\u00c9s el reflex del comprom\u00eds de Choya amb la qualitat i l\u2019excel\u00b7l\u00e8ncia en l\u2019elaboraci\u00f3 de licors japonesos. Cada ampolla encapsula segles de tradici\u00f3 i savoir-faire, combinant ingredients seleccionats acuradament amb t\u00e8cniques de producci\u00f3 modernes per oferir una experi\u00e8ncia de sabor incomparable. <br \/>Aquest licor \u00e9s apreciat tant al Jap\u00f3 com arreu del m\u00f3n pel seu distintiu perfil de sabor i la seva elegant presentaci\u00f3, ja sigui com a <strong>aperitiu<\/strong>, <strong>digestiu<\/strong> o simplement per gaudir en moments especials. Per tant, \u00e9s una elecci\u00f3 excepcional per als amants dels licors premium i la refinada cultura japonesa.<\/p>\n","protected":false},"excerpt":{"rendered":"<p>Umeshu Choya Royal Honey \u00e9s un exquisit licor japon\u00e8s elaborat per la prestigiosa marca <strong>Choya<\/strong>. Pertany a la l\u00ednia premium de Choya i es distingeix pel seu delici\u00f3s sabor agredol\u00e7 i suaument dol\u00e7, obtingut mitjan\u00e7ant la infusi\u00f3 de <strong>prunes japoneses<\/strong> madures en <strong>mel real<\/strong> de gran qualitat. La base d&#8217;Umeshu Choya Royal Honey \u00e9s <strong>l&#8217;umesh\u016b<\/strong> tradicional, un licor de pruna japonesa, que es combina amb la mel per crear una experi\u00e8ncia de sabor \u00fanica i luxosa. <br \/>El resultat \u00e9s una beguda suau, equilibrada i plena de matisos, on l&#8217;acidesa natural de les prunes es combina harm\u00f2nicament amb la dol\u00e7or natural de la mel. Aquest licor es gaudeix millor sol, servit amb gel per ressaltar-ne els sabors complexos i refrescants. Tamb\u00e9 es pot utilitzar com a ingredient en <strong>c\u00f2ctels<\/strong>, aportant un toc sofisticat i delici\u00f3s. <br \/>\u00c9s el reflex del comprom\u00eds de Choya amb la qualitat i l\u2019excel\u00b7l\u00e8ncia en l\u2019elaboraci\u00f3 de licors japonesos. Cada ampolla encapsula segles de tradici\u00f3 i savoir-faire, combinant ingredients seleccionats acuradament amb t\u00e8cniques de producci\u00f3 modernes per oferir una experi\u00e8ncia de sabor incomparable. <br \/>Aquest licor \u00e9s apreciat tant al Jap\u00f3 com arreu del m\u00f3n pel seu distintiu perfil de sabor i la seva elegant presentaci\u00f3, ja sigui com a <strong>aperitiu<\/strong>, <strong>digestiu<\/strong> o simplement per gaudir en moments especials. Per tant, \u00e9s una elecci\u00f3 excepcional per als amants dels licors premium i la refinada cultura japonesa. <\/p>\n","protected":false},"featured_media":113555,"comment_status":"closed","ping_status":"closed","template":"","meta":{"_acf_changed":false},"pwb-brand":[],"product_brand":[],"product_cat":[51715],"product_tag":[52365,39631,15214,52024,52533,52425,52245],"class_list":{"0":"post-120193","1":"product","2":"type-product","3":"status-publish","4":"has-post-thumbnail","6":"product_cat-licor-destillats","7":"product_tag-choya-2","8":"product_tag-japo","9":"product_tag-licor-ca","10":"product_tag-licor-de-japo","11":"product_tag-licor-japones-2","12":"product_tag-umeshu-2","13":"product_tag-umeshu-choya-royal-honey-2","14":"pa_formatoenml-38307","15":"pa_graduacion-17_0","16":"pa_pais-japo","17":"entry","18":"has-media","20":"first","21":"instock","22":"taxable","23":"shipping-taxable","24":"purchasable","25":"product-type-simple"},"acf":[],"yoast_head":"<!-- This site is optimized with the Yoast SEO Premium plugin v23.1 (Yoast SEO v23.5) - https:\/\/yoast.com\/wordpress\/plugins\/seo\/ -->\n<title>Umeshu Choya Royal Honey - M\u00f3n La Cata<\/title>\n<meta name=\"description\" content=\"Comprar Umeshu Choya Royal Honey en M\u00f3n La Cata . Tienda online especilizada en vino y alimentaci\u00f3n. Env\u00edos puntuales y promociones\" \/>\n<meta name=\"robots\" content=\"noindex, follow, max-snippet:-1, max-image-preview:large, max-video-preview:-1\" \/>\n<meta property=\"og:locale\" content=\"ca_ES\" \/>\n<meta property=\"og:type\" content=\"article\" \/>\n<meta property=\"og:title\" content=\"Umeshu Choya Royal Honey\" \/>\n<meta property=\"og:description\" content=\"Comprar Umeshu Choya Royal Honey en M\u00f3n La Cata . Tienda online especilizada en vino y alimentaci\u00f3n. Env\u00edos puntuales y promociones\" \/>\n<meta property=\"og:url\" content=\"https:\/\/aral2.cetrexmarketing.com\/ca\/producto\/umeshu-choya-royal-honey\/\" \/>\n<meta property=\"og:site_name\" content=\"M\u00f3n La Cata\" \/>\n<meta property=\"article:modified_time\" content=\"2025-05-27T08:10:32+00:00\" \/>\n<meta property=\"og:image\" content=\"https:\/\/aral2.cetrexmarketing.com\/wp-content\/uploads\/2025\/05\/UMESHU-CHOYA-ROYAL-HONEY.jpg.png\" \/>\n\t<meta property=\"og:image:width\" content=\"765\" \/>\n\t<meta property=\"og:image:height\" content=\"1024\" \/>\n\t<meta property=\"og:image:type\" content=\"image\/png\" \/>\n<meta name=\"twitter:card\" content=\"summary_large_image\" \/>\n<meta name=\"twitter:label1\" content=\"Temps estimat de lectura\" \/>\n\t<meta name=\"twitter:data1\" content=\"1 minut\" \/>\n<script type=\"application\/ld+json\" class=\"yoast-schema-graph\">{\"@context\":\"https:\/\/schema.org\",\"@graph\":[{\"@type\":\"WebPage\",\"@id\":\"https:\/\/aral2.cetrexmarketing.com\/ca\/producto\/umeshu-choya-royal-honey\/\",\"url\":\"https:\/\/aral2.cetrexmarketing.com\/ca\/producto\/umeshu-choya-royal-honey\/\",\"name\":\"Umeshu Choya Royal Honey - M\u00f3n La Cata\",\"isPartOf\":{\"@id\":\"https:\/\/aral2.cetrexmarketing.com\/#website\"},\"primaryImageOfPage\":{\"@id\":\"https:\/\/aral2.cetrexmarketing.com\/ca\/producto\/umeshu-choya-royal-honey\/#primaryimage\"},\"image\":{\"@id\":\"https:\/\/aral2.cetrexmarketing.com\/ca\/producto\/umeshu-choya-royal-honey\/#primaryimage\"},\"thumbnailUrl\":\"https:\/\/aral2.cetrexmarketing.com\/wp-content\/uploads\/2025\/05\/UMESHU-CHOYA-ROYAL-HONEY.jpg.png\",\"datePublished\":\"2025-05-26T14:07:15+00:00\",\"dateModified\":\"2025-05-27T08:10:32+00:00\",\"description\":\"Comprar Umeshu Choya Royal Honey en M\u00f3n La Cata . Tienda online especilizada en vino y alimentaci\u00f3n. Env\u00edos puntuales y promociones\",\"breadcrumb\":{\"@id\":\"https:\/\/aral2.cetrexmarketing.com\/ca\/producto\/umeshu-choya-royal-honey\/#breadcrumb\"},\"inLanguage\":\"ca\",\"potentialAction\":[{\"@type\":\"ReadAction\",\"target\":[\"https:\/\/aral2.cetrexmarketing.com\/ca\/producto\/umeshu-choya-royal-honey\/\"]}]},{\"@type\":\"ImageObject\",\"inLanguage\":\"ca\",\"@id\":\"https:\/\/aral2.cetrexmarketing.com\/ca\/producto\/umeshu-choya-royal-honey\/#primaryimage\",\"url\":\"https:\/\/aral2.cetrexmarketing.com\/wp-content\/uploads\/2025\/05\/UMESHU-CHOYA-ROYAL-HONEY.jpg.png\",\"contentUrl\":\"https:\/\/aral2.cetrexmarketing.com\/wp-content\/uploads\/2025\/05\/UMESHU-CHOYA-ROYAL-HONEY.jpg.png\",\"width\":765,\"height\":1024},{\"@type\":\"BreadcrumbList\",\"@id\":\"https:\/\/aral2.cetrexmarketing.com\/ca\/producto\/umeshu-choya-royal-honey\/#breadcrumb\",\"itemListElement\":[{\"@type\":\"ListItem\",\"position\":1,\"name\":\"Home\",\"item\":\"https:\/\/aral2.cetrexmarketing.com\/ca\/\"},{\"@type\":\"ListItem\",\"position\":2,\"name\":\"Tienda\",\"item\":\"https:\/\/aral2.cetrexmarketing.com\/ca\/tienda-2\/\"},{\"@type\":\"ListItem\",\"position\":3,\"name\":\"Destil\u00b7lats\",\"item\":\"https:\/\/aral2.cetrexmarketing.com\/categoria-producto\/home-ca\/destil-lats-ca\/\"},{\"@type\":\"ListItem\",\"position\":4,\"name\":\"Licor\",\"item\":\"https:\/\/aral2.cetrexmarketing.com\/categoria-producto\/inicio\/destilados\/licor\/\"},{\"@type\":\"ListItem\",\"position\":5,\"name\":\"Umeshu Choya Royal Honey\"}]},{\"@type\":\"WebSite\",\"@id\":\"https:\/\/aral2.cetrexmarketing.com\/#website\",\"url\":\"https:\/\/aral2.cetrexmarketing.com\/\",\"name\":\"M\u00f3n La Cata\",\"description\":\"Tienda de vinos, licores, cervezas y gourmet\",\"publisher\":{\"@id\":\"https:\/\/aral2.cetrexmarketing.com\/#organization\"},\"potentialAction\":[{\"@type\":\"SearchAction\",\"target\":{\"@type\":\"EntryPoint\",\"urlTemplate\":\"https:\/\/aral2.cetrexmarketing.com\/?s={search_term_string}\"},\"query-input\":{\"@type\":\"PropertyValueSpecification\",\"valueRequired\":true,\"valueName\":\"search_term_string\"}}],\"inLanguage\":\"ca\"},{\"@type\":\"Organization\",\"@id\":\"https:\/\/aral2.cetrexmarketing.com\/#organization\",\"name\":\"M\u00f3n La Cata\",\"url\":\"https:\/\/aral2.cetrexmarketing.com\/\",\"logo\":{\"@type\":\"ImageObject\",\"inLanguage\":\"ca\",\"@id\":\"https:\/\/aral2.cetrexmarketing.com\/#\/schema\/logo\/image\/\",\"url\":\"https:\/\/aral2.cetrexmarketing.com\/wp-content\/uploads\/2024\/10\/aral-logo-neg-1024x409-1.png\",\"contentUrl\":\"https:\/\/aral2.cetrexmarketing.com\/wp-content\/uploads\/2024\/10\/aral-logo-neg-1024x409-1.png\",\"width\":1024,\"height\":409,\"caption\":\"M\u00f3n La Cata\"},\"image\":{\"@id\":\"https:\/\/aral2.cetrexmarketing.com\/#\/schema\/logo\/image\/\"}}]}<\/script>\n<!-- \/ Yoast SEO Premium plugin. -->","yoast_head_json":{"title":"Umeshu Choya Royal Honey - M\u00f3n La Cata","description":"Comprar Umeshu Choya Royal Honey en M\u00f3n La Cata . Tienda online especilizada en vino y alimentaci\u00f3n. Env\u00edos puntuales y promociones","robots":{"index":"noindex","follow":"follow","max-snippet":"max-snippet:-1","max-image-preview":"max-image-preview:large","max-video-preview":"max-video-preview:-1"},"og_locale":"ca_ES","og_type":"article","og_title":"Umeshu Choya Royal Honey","og_description":"Comprar Umeshu Choya Royal Honey en M\u00f3n La Cata . Tienda online especilizada en vino y alimentaci\u00f3n. Env\u00edos puntuales y promociones","og_url":"https:\/\/aral2.cetrexmarketing.com\/ca\/producto\/umeshu-choya-royal-honey\/","og_site_name":"M\u00f3n La Cata","article_modified_time":"2025-05-27T08:10:32+00:00","og_image":[{"width":765,"height":1024,"url":"https:\/\/aral2.cetrexmarketing.com\/wp-content\/uploads\/2025\/05\/UMESHU-CHOYA-ROYAL-HONEY.jpg.png","type":"image\/png"}],"twitter_card":"summary_large_image","twitter_misc":{"Temps estimat de lectura":"1 minut"},"schema":{"@context":"https:\/\/schema.org","@graph":[{"@type":"WebPage","@id":"https:\/\/aral2.cetrexmarketing.com\/ca\/producto\/umeshu-choya-royal-honey\/","url":"https:\/\/aral2.cetrexmarketing.com\/ca\/producto\/umeshu-choya-royal-honey\/","name":"Umeshu Choya Royal Honey - M\u00f3n La Cata","isPartOf":{"@id":"https:\/\/aral2.cetrexmarketing.com\/#website"},"primaryImageOfPage":{"@id":"https:\/\/aral2.cetrexmarketing.com\/ca\/producto\/umeshu-choya-royal-honey\/#primaryimage"},"image":{"@id":"https:\/\/aral2.cetrexmarketing.com\/ca\/producto\/umeshu-choya-royal-honey\/#primaryimage"},"thumbnailUrl":"https:\/\/aral2.cetrexmarketing.com\/wp-content\/uploads\/2025\/05\/UMESHU-CHOYA-ROYAL-HONEY.jpg.png","datePublished":"2025-05-26T14:07:15+00:00","dateModified":"2025-05-27T08:10:32+00:00","description":"Comprar Umeshu Choya Royal Honey en M\u00f3n La Cata . Tienda online especilizada en vino y alimentaci\u00f3n. Env\u00edos puntuales y promociones","breadcrumb":{"@id":"https:\/\/aral2.cetrexmarketing.com\/ca\/producto\/umeshu-choya-royal-honey\/#breadcrumb"},"inLanguage":"ca","potentialAction":[{"@type":"ReadAction","target":["https:\/\/aral2.cetrexmarketing.com\/ca\/producto\/umeshu-choya-royal-honey\/"]}]},{"@type":"ImageObject","inLanguage":"ca","@id":"https:\/\/aral2.cetrexmarketing.com\/ca\/producto\/umeshu-choya-royal-honey\/#primaryimage","url":"https:\/\/aral2.cetrexmarketing.com\/wp-content\/uploads\/2025\/05\/UMESHU-CHOYA-ROYAL-HONEY.jpg.png","contentUrl":"https:\/\/aral2.cetrexmarketing.com\/wp-content\/uploads\/2025\/05\/UMESHU-CHOYA-ROYAL-HONEY.jpg.png","width":765,"height":1024},{"@type":"BreadcrumbList","@id":"https:\/\/aral2.cetrexmarketing.com\/ca\/producto\/umeshu-choya-royal-honey\/#breadcrumb","itemListElement":[{"@type":"ListItem","position":1,"name":"Home","item":"https:\/\/aral2.cetrexmarketing.com\/ca\/"},{"@type":"ListItem","position":2,"name":"Tienda","item":"https:\/\/aral2.cetrexmarketing.com\/ca\/tienda-2\/"},{"@type":"ListItem","position":3,"name":"Destil\u00b7lats","item":"https:\/\/aral2.cetrexmarketing.com\/categoria-producto\/home-ca\/destil-lats-ca\/"},{"@type":"ListItem","position":4,"name":"Licor","item":"https:\/\/aral2.cetrexmarketing.com\/categoria-producto\/inicio\/destilados\/licor\/"},{"@type":"ListItem","position":5,"name":"Umeshu Choya Royal Honey"}]},{"@type":"WebSite","@id":"https:\/\/aral2.cetrexmarketing.com\/#website","url":"https:\/\/aral2.cetrexmarketing.com\/","name":"M\u00f3n La Cata","description":"Tienda de vinos, licores, cervezas y gourmet","publisher":{"@id":"https:\/\/aral2.cetrexmarketing.com\/#organization"},"potentialAction":[{"@type":"SearchAction","target":{"@type":"EntryPoint","urlTemplate":"https:\/\/aral2.cetrexmarketing.com\/?s={search_term_string}"},"query-input":{"@type":"PropertyValueSpecification","valueRequired":true,"valueName":"search_term_string"}}],"inLanguage":"ca"},{"@type":"Organization","@id":"https:\/\/aral2.cetrexmarketing.com\/#organization","name":"M\u00f3n La Cata","url":"https:\/\/aral2.cetrexmarketing.com\/","logo":{"@type":"ImageObject","inLanguage":"ca","@id":"https:\/\/aral2.cetrexmarketing.com\/#\/schema\/logo\/image\/","url":"https:\/\/aral2.cetrexmarketing.com\/wp-content\/uploads\/2024\/10\/aral-logo-neg-1024x409-1.png","contentUrl":"https:\/\/aral2.cetrexmarketing.com\/wp-content\/uploads\/2024\/10\/aral-logo-neg-1024x409-1.png","width":1024,"height":409,"caption":"M\u00f3n La Cata"},"image":{"@id":"https:\/\/aral2.cetrexmarketing.com\/#\/schema\/logo\/image\/"}}]}},"brands":[],"_links":{"self":[{"href":"https:\/\/aral2.cetrexmarketing.com\/ca\/wp-json\/wp\/v2\/product\/120193","targetHints":{"allow":["GET"]}}],"collection":[{"href":"https:\/\/aral2.cetrexmarketing.com\/ca\/wp-json\/wp\/v2\/product"}],"about":[{"href":"https:\/\/aral2.cetrexmarketing.com\/ca\/wp-json\/wp\/v2\/types\/product"}],"replies":[{"embeddable":true,"href":"https:\/\/aral2.cetrexmarketing.com\/ca\/wp-json\/wp\/v2\/comments?post=120193"}],"wp:featuredmedia":[{"embeddable":true,"href":"https:\/\/aral2.cetrexmarketing.com\/ca\/wp-json\/wp\/v2\/media\/113555"}],"wp:attachment":[{"href":"https:\/\/aral2.cetrexmarketing.com\/ca\/wp-json\/wp\/v2\/media?parent=120193"}],"wp:term":[{"taxonomy":"pwb-brand","embeddable":true,"href":"https:\/\/aral2.cetrexmarketing.com\/ca\/wp-json\/wp\/v2\/pwb-brand?post=120193"},{"taxonomy":"product_brand","embeddable":true,"href":"https:\/\/aral2.cetrexmarketing.com\/ca\/wp-json\/wp\/v2\/product_brand?post=120193"},{"taxonomy":"product_cat","embeddable":true,"href":"https:\/\/aral2.cetrexmarketing.com\/ca\/wp-json\/wp\/v2\/product_cat?post=120193"},{"taxonomy":"product_tag","embeddable":true,"href":"https:\/\/aral2.cetrexmarketing.com\/ca\/wp-json\/wp\/v2\/product_tag?post=120193"}],"curies":[{"name":"wp","href":"https:\/\/api.w.org\/{rel}","templated":true}]}}