{"id":120050,"date":"2025-05-26T14:29:29","date_gmt":"2025-05-26T14:29:29","guid":{"rendered":"https:\/\/aral2.cetrexmarketing.com\/producto\/volcan-de-mi-tierra-x-a\/"},"modified":"2025-05-27T08:10:26","modified_gmt":"2025-05-27T08:10:26","slug":"volcan-de-mi-tierra-x-a","status":"publish","type":"product","link":"https:\/\/aral2.cetrexmarketing.com\/ca\/producto\/volcan-de-mi-tierra-x-a\/","title":{"rendered":"Volc\u00e1n de Mi Tierra X.A."},"content":{"rendered":"<p>El Tequila <strong>Volc\u00e1n de mi Tierra X.A<\/strong> .. \u00e9s un tequila exclusiu que representa l&#8217;excel\u00b7l\u00e8ncia de la tradici\u00f3 tequilera mexicana. Produ\u00eft a M\u00e8xic, s&#8217;elabora acuradament a partir d&#8217;atzavares seleccionades, que creixen a les terres volc\u00e0niques de Jalisco, oferint un terrer \u00fanic i distintiu. Les caracter\u00edstiques principals d&#8217;aquest tequila exclusiu inclouen la seva aroma profunda i complexa, que combina notes d&#8217;atzavara madura, fruites tropicals, caramel i esp\u00e8cies. A la boca, es destaca per la seva suavitat i textura sedosa, amb sabors que evoquen la riquesa de l&#8217;atzavara, complementats per matisos de fusta i vainilla provinents del seu envelliment en b\u00f3tes de roure. Volc\u00e1n de mi Tierra XA \u00e9s un tequila de qualitat excepcional, destinat als coneixedors m\u00e9s exigents que busquen una experi\u00e8ncia sensorial \u00fanica i refinada. La seva exclusivitat es reflecteix en el proc\u00e9s d&#8217;elaboraci\u00f3 meticul\u00f3s i en la presentaci\u00f3 elegant, convertint-lo en una joia de la destil\u00b7leria mexicana.<\/p>\n","protected":false},"excerpt":{"rendered":"<p>Volc\u00e1n de mi Tierra XA \u00e9s un tequila de qualitat excepcional, destinat als coneixedors m\u00e9s exigents que busquen una experi\u00e8ncia sensorial \u00fanica i refinada. La seva exclusivitat es reflecteix en el proc\u00e9s d&#8217;elaboraci\u00f3 meticul\u00f3s i en la presentaci\u00f3 elegant, convertint-lo en una joia de la destil\u00b7leria mexicana. <\/p>\n","protected":false},"featured_media":115087,"comment_status":"closed","ping_status":"closed","template":"","meta":{"_acf_changed":false},"pwb-brand":[],"product_brand":[],"product_cat":[51692,51721],"product_tag":[39261,15517,52018,52518,52019],"class_list":{"0":"post-120050","1":"product","2":"type-product","3":"status-publish","4":"has-post-thumbnail","6":"product_cat-destillats","7":"product_cat-tequila-destillats","8":"product_tag-mexic","9":"product_tag-tequila-ca","10":"product_tag-tequila-volca","11":"product_tag-volcan-de-mi-tierra-2","12":"product_tag-volcan-de-mi-tierra-x-a-2","13":"pa_formatoenml-38307","14":"pa_graduacion-40_0","15":"pa_pais-mexic","16":"entry","17":"has-media","19":"first","20":"onbackorder","21":"taxable","22":"shipping-taxable","23":"purchasable","24":"product-type-simple"},"acf":[],"yoast_head":"<!-- This site is optimized with the Yoast SEO Premium plugin v23.1 (Yoast SEO v23.5) - https:\/\/yoast.com\/wordpress\/plugins\/seo\/ -->\n<title>Volc\u00e1n de Mi Tierra X.A. - M\u00f3n La Cata<\/title>\n<meta name=\"description\" content=\"Comprar el tequila Botiga online especilitzada en vi i alimentaci\u00f3. Enviaments puntuals i promocions.\" \/>\n<meta name=\"robots\" content=\"noindex, follow, max-snippet:-1, max-image-preview:large, max-video-preview:-1\" \/>\n<meta property=\"og:locale\" content=\"ca_ES\" \/>\n<meta property=\"og:type\" content=\"article\" \/>\n<meta property=\"og:title\" content=\"Volc\u00e1n de Mi Tierra X.A.\" \/>\n<meta property=\"og:description\" content=\"Comprar el tequila Botiga online especilitzada en vi i alimentaci\u00f3. Enviaments puntuals i promocions.\" \/>\n<meta property=\"og:url\" content=\"https:\/\/aral2.cetrexmarketing.com\/ca\/producto\/volcan-de-mi-tierra-x-a\/\" \/>\n<meta property=\"og:site_name\" content=\"M\u00f3n La Cata\" \/>\n<meta property=\"article:modified_time\" content=\"2025-05-27T08:10:26+00:00\" \/>\n<meta property=\"og:image\" content=\"https:\/\/aral2.cetrexmarketing.com\/wp-content\/uploads\/2025\/05\/TEQUILA-VOLCAN-DE-MI-TIERRA-X.A.png\" \/>\n\t<meta property=\"og:image:width\" content=\"765\" \/>\n\t<meta property=\"og:image:height\" content=\"1024\" \/>\n\t<meta property=\"og:image:type\" content=\"image\/png\" \/>\n<meta name=\"twitter:card\" content=\"summary_large_image\" \/>\n<meta name=\"twitter:label1\" content=\"Temps estimat de lectura\" \/>\n\t<meta name=\"twitter:data1\" content=\"1 minut\" \/>\n<script type=\"application\/ld+json\" class=\"yoast-schema-graph\">{\"@context\":\"https:\/\/schema.org\",\"@graph\":[{\"@type\":\"WebPage\",\"@id\":\"https:\/\/aral2.cetrexmarketing.com\/ca\/producto\/volcan-de-mi-tierra-x-a\/\",\"url\":\"https:\/\/aral2.cetrexmarketing.com\/ca\/producto\/volcan-de-mi-tierra-x-a\/\",\"name\":\"Volc\u00e1n de Mi Tierra X.A. - M\u00f3n La Cata\",\"isPartOf\":{\"@id\":\"https:\/\/aral2.cetrexmarketing.com\/#website\"},\"primaryImageOfPage\":{\"@id\":\"https:\/\/aral2.cetrexmarketing.com\/ca\/producto\/volcan-de-mi-tierra-x-a\/#primaryimage\"},\"image\":{\"@id\":\"https:\/\/aral2.cetrexmarketing.com\/ca\/producto\/volcan-de-mi-tierra-x-a\/#primaryimage\"},\"thumbnailUrl\":\"https:\/\/aral2.cetrexmarketing.com\/wp-content\/uploads\/2025\/05\/TEQUILA-VOLCAN-DE-MI-TIERRA-X.A.png\",\"datePublished\":\"2025-05-26T14:29:29+00:00\",\"dateModified\":\"2025-05-27T08:10:26+00:00\",\"description\":\"Comprar el tequila Botiga online especilitzada en vi i alimentaci\u00f3. Enviaments puntuals i promocions.\",\"breadcrumb\":{\"@id\":\"https:\/\/aral2.cetrexmarketing.com\/ca\/producto\/volcan-de-mi-tierra-x-a\/#breadcrumb\"},\"inLanguage\":\"ca\",\"potentialAction\":[{\"@type\":\"ReadAction\",\"target\":[\"https:\/\/aral2.cetrexmarketing.com\/ca\/producto\/volcan-de-mi-tierra-x-a\/\"]}]},{\"@type\":\"ImageObject\",\"inLanguage\":\"ca\",\"@id\":\"https:\/\/aral2.cetrexmarketing.com\/ca\/producto\/volcan-de-mi-tierra-x-a\/#primaryimage\",\"url\":\"https:\/\/aral2.cetrexmarketing.com\/wp-content\/uploads\/2025\/05\/TEQUILA-VOLCAN-DE-MI-TIERRA-X.A.png\",\"contentUrl\":\"https:\/\/aral2.cetrexmarketing.com\/wp-content\/uploads\/2025\/05\/TEQUILA-VOLCAN-DE-MI-TIERRA-X.A.png\",\"width\":765,\"height\":1024},{\"@type\":\"BreadcrumbList\",\"@id\":\"https:\/\/aral2.cetrexmarketing.com\/ca\/producto\/volcan-de-mi-tierra-x-a\/#breadcrumb\",\"itemListElement\":[{\"@type\":\"ListItem\",\"position\":1,\"name\":\"Home\",\"item\":\"https:\/\/aral2.cetrexmarketing.com\/ca\/\"},{\"@type\":\"ListItem\",\"position\":2,\"name\":\"Tienda\",\"item\":\"https:\/\/aral2.cetrexmarketing.com\/ca\/tienda-2\/\"},{\"@type\":\"ListItem\",\"position\":3,\"name\":\"Destilados\",\"item\":\"https:\/\/aral2.cetrexmarketing.com\/categoria-producto\/inicio\/destilados\/\"},{\"@type\":\"ListItem\",\"position\":4,\"name\":\"Volc\u00e1n de Mi Tierra X.A.\"}]},{\"@type\":\"WebSite\",\"@id\":\"https:\/\/aral2.cetrexmarketing.com\/#website\",\"url\":\"https:\/\/aral2.cetrexmarketing.com\/\",\"name\":\"M\u00f3n La Cata\",\"description\":\"Tienda de vinos, licores, cervezas y gourmet\",\"publisher\":{\"@id\":\"https:\/\/aral2.cetrexmarketing.com\/#organization\"},\"potentialAction\":[{\"@type\":\"SearchAction\",\"target\":{\"@type\":\"EntryPoint\",\"urlTemplate\":\"https:\/\/aral2.cetrexmarketing.com\/?s={search_term_string}\"},\"query-input\":{\"@type\":\"PropertyValueSpecification\",\"valueRequired\":true,\"valueName\":\"search_term_string\"}}],\"inLanguage\":\"ca\"},{\"@type\":\"Organization\",\"@id\":\"https:\/\/aral2.cetrexmarketing.com\/#organization\",\"name\":\"M\u00f3n La Cata\",\"url\":\"https:\/\/aral2.cetrexmarketing.com\/\",\"logo\":{\"@type\":\"ImageObject\",\"inLanguage\":\"ca\",\"@id\":\"https:\/\/aral2.cetrexmarketing.com\/#\/schema\/logo\/image\/\",\"url\":\"https:\/\/aral2.cetrexmarketing.com\/wp-content\/uploads\/2024\/10\/aral-logo-neg-1024x409-1.png\",\"contentUrl\":\"https:\/\/aral2.cetrexmarketing.com\/wp-content\/uploads\/2024\/10\/aral-logo-neg-1024x409-1.png\",\"width\":1024,\"height\":409,\"caption\":\"M\u00f3n La Cata\"},\"image\":{\"@id\":\"https:\/\/aral2.cetrexmarketing.com\/#\/schema\/logo\/image\/\"}}]}<\/script>\n<!-- \/ Yoast SEO Premium plugin. -->","yoast_head_json":{"title":"Volc\u00e1n de Mi Tierra X.A. - M\u00f3n La Cata","description":"Comprar el tequila Botiga online especilitzada en vi i alimentaci\u00f3. Enviaments puntuals i promocions.","robots":{"index":"noindex","follow":"follow","max-snippet":"max-snippet:-1","max-image-preview":"max-image-preview:large","max-video-preview":"max-video-preview:-1"},"og_locale":"ca_ES","og_type":"article","og_title":"Volc\u00e1n de Mi Tierra X.A.","og_description":"Comprar el tequila Botiga online especilitzada en vi i alimentaci\u00f3. Enviaments puntuals i promocions.","og_url":"https:\/\/aral2.cetrexmarketing.com\/ca\/producto\/volcan-de-mi-tierra-x-a\/","og_site_name":"M\u00f3n La Cata","article_modified_time":"2025-05-27T08:10:26+00:00","og_image":[{"width":765,"height":1024,"url":"https:\/\/aral2.cetrexmarketing.com\/wp-content\/uploads\/2025\/05\/TEQUILA-VOLCAN-DE-MI-TIERRA-X.A.png","type":"image\/png"}],"twitter_card":"summary_large_image","twitter_misc":{"Temps estimat de lectura":"1 minut"},"schema":{"@context":"https:\/\/schema.org","@graph":[{"@type":"WebPage","@id":"https:\/\/aral2.cetrexmarketing.com\/ca\/producto\/volcan-de-mi-tierra-x-a\/","url":"https:\/\/aral2.cetrexmarketing.com\/ca\/producto\/volcan-de-mi-tierra-x-a\/","name":"Volc\u00e1n de Mi Tierra X.A. - M\u00f3n La Cata","isPartOf":{"@id":"https:\/\/aral2.cetrexmarketing.com\/#website"},"primaryImageOfPage":{"@id":"https:\/\/aral2.cetrexmarketing.com\/ca\/producto\/volcan-de-mi-tierra-x-a\/#primaryimage"},"image":{"@id":"https:\/\/aral2.cetrexmarketing.com\/ca\/producto\/volcan-de-mi-tierra-x-a\/#primaryimage"},"thumbnailUrl":"https:\/\/aral2.cetrexmarketing.com\/wp-content\/uploads\/2025\/05\/TEQUILA-VOLCAN-DE-MI-TIERRA-X.A.png","datePublished":"2025-05-26T14:29:29+00:00","dateModified":"2025-05-27T08:10:26+00:00","description":"Comprar el tequila Botiga online especilitzada en vi i alimentaci\u00f3. Enviaments puntuals i promocions.","breadcrumb":{"@id":"https:\/\/aral2.cetrexmarketing.com\/ca\/producto\/volcan-de-mi-tierra-x-a\/#breadcrumb"},"inLanguage":"ca","potentialAction":[{"@type":"ReadAction","target":["https:\/\/aral2.cetrexmarketing.com\/ca\/producto\/volcan-de-mi-tierra-x-a\/"]}]},{"@type":"ImageObject","inLanguage":"ca","@id":"https:\/\/aral2.cetrexmarketing.com\/ca\/producto\/volcan-de-mi-tierra-x-a\/#primaryimage","url":"https:\/\/aral2.cetrexmarketing.com\/wp-content\/uploads\/2025\/05\/TEQUILA-VOLCAN-DE-MI-TIERRA-X.A.png","contentUrl":"https:\/\/aral2.cetrexmarketing.com\/wp-content\/uploads\/2025\/05\/TEQUILA-VOLCAN-DE-MI-TIERRA-X.A.png","width":765,"height":1024},{"@type":"BreadcrumbList","@id":"https:\/\/aral2.cetrexmarketing.com\/ca\/producto\/volcan-de-mi-tierra-x-a\/#breadcrumb","itemListElement":[{"@type":"ListItem","position":1,"name":"Home","item":"https:\/\/aral2.cetrexmarketing.com\/ca\/"},{"@type":"ListItem","position":2,"name":"Tienda","item":"https:\/\/aral2.cetrexmarketing.com\/ca\/tienda-2\/"},{"@type":"ListItem","position":3,"name":"Destilados","item":"https:\/\/aral2.cetrexmarketing.com\/categoria-producto\/inicio\/destilados\/"},{"@type":"ListItem","position":4,"name":"Volc\u00e1n de Mi Tierra X.A."}]},{"@type":"WebSite","@id":"https:\/\/aral2.cetrexmarketing.com\/#website","url":"https:\/\/aral2.cetrexmarketing.com\/","name":"M\u00f3n La Cata","description":"Tienda de vinos, licores, cervezas y gourmet","publisher":{"@id":"https:\/\/aral2.cetrexmarketing.com\/#organization"},"potentialAction":[{"@type":"SearchAction","target":{"@type":"EntryPoint","urlTemplate":"https:\/\/aral2.cetrexmarketing.com\/?s={search_term_string}"},"query-input":{"@type":"PropertyValueSpecification","valueRequired":true,"valueName":"search_term_string"}}],"inLanguage":"ca"},{"@type":"Organization","@id":"https:\/\/aral2.cetrexmarketing.com\/#organization","name":"M\u00f3n La Cata","url":"https:\/\/aral2.cetrexmarketing.com\/","logo":{"@type":"ImageObject","inLanguage":"ca","@id":"https:\/\/aral2.cetrexmarketing.com\/#\/schema\/logo\/image\/","url":"https:\/\/aral2.cetrexmarketing.com\/wp-content\/uploads\/2024\/10\/aral-logo-neg-1024x409-1.png","contentUrl":"https:\/\/aral2.cetrexmarketing.com\/wp-content\/uploads\/2024\/10\/aral-logo-neg-1024x409-1.png","width":1024,"height":409,"caption":"M\u00f3n La Cata"},"image":{"@id":"https:\/\/aral2.cetrexmarketing.com\/#\/schema\/logo\/image\/"}}]}},"brands":[],"_links":{"self":[{"href":"https:\/\/aral2.cetrexmarketing.com\/ca\/wp-json\/wp\/v2\/product\/120050","targetHints":{"allow":["GET"]}}],"collection":[{"href":"https:\/\/aral2.cetrexmarketing.com\/ca\/wp-json\/wp\/v2\/product"}],"about":[{"href":"https:\/\/aral2.cetrexmarketing.com\/ca\/wp-json\/wp\/v2\/types\/product"}],"replies":[{"embeddable":true,"href":"https:\/\/aral2.cetrexmarketing.com\/ca\/wp-json\/wp\/v2\/comments?post=120050"}],"wp:featuredmedia":[{"embeddable":true,"href":"https:\/\/aral2.cetrexmarketing.com\/ca\/wp-json\/wp\/v2\/media\/115087"}],"wp:attachment":[{"href":"https:\/\/aral2.cetrexmarketing.com\/ca\/wp-json\/wp\/v2\/media?parent=120050"}],"wp:term":[{"taxonomy":"pwb-brand","embeddable":true,"href":"https:\/\/aral2.cetrexmarketing.com\/ca\/wp-json\/wp\/v2\/pwb-brand?post=120050"},{"taxonomy":"product_brand","embeddable":true,"href":"https:\/\/aral2.cetrexmarketing.com\/ca\/wp-json\/wp\/v2\/product_brand?post=120050"},{"taxonomy":"product_cat","embeddable":true,"href":"https:\/\/aral2.cetrexmarketing.com\/ca\/wp-json\/wp\/v2\/product_cat?post=120050"},{"taxonomy":"product_tag","embeddable":true,"href":"https:\/\/aral2.cetrexmarketing.com\/ca\/wp-json\/wp\/v2\/product_tag?post=120050"}],"curies":[{"name":"wp","href":"https:\/\/api.w.org\/{rel}","templated":true}]}}