{"id":120048,"date":"2025-05-27T04:43:00","date_gmt":"2025-05-27T04:43:00","guid":{"rendered":"https:\/\/aral2.cetrexmarketing.com\/producto\/delamotte-blanc-de-blancs-est-1-amp-2-copes\/"},"modified":"2025-05-27T08:10:19","modified_gmt":"2025-05-27T08:10:19","slug":"delamotte-blanc-de-blancs-est-1-amp-2-copes","status":"publish","type":"product","link":"https:\/\/aral2.cetrexmarketing.com\/ca\/producto\/delamotte-blanc-de-blancs-est-1-amp-2-copes\/","title":{"rendered":"Delamotte Blanc de Blancs Est 1 Amp + 2 copes"},"content":{"rendered":"<h4><strong>Champagne Delamotte<\/strong><\/h4>\n<p>El secret de l&#8217;\u00e8xit de <strong>Champagne Delamotte<\/strong> rau en el seu enfocament en la puresa i l\u2019eleg\u00e0ncia. Especialment conegut per les seves cuv\u00e9es predominants de <strong>Chardonnay<\/strong>, aquest champagne reflecteix la frescor mineral dels s\u00f2ls calc\u00e0ris caracter\u00edstics de la C\u00f4te des Blancs.<\/p>\n<p><strong>Caracter\u00edstiques principals:<\/strong><\/p>\n<ul>\n<li><strong>Ra\u00efm principal<\/strong>: Chardonnay (predominant), amb tocs de Pinot Noir i Pinot Meunier en algunes mescles.<\/li>\n<li><strong>Estil<\/strong>: Net, fresc i refinat, amb un equilibri perfecte entre acidesa i textura cremosa.<\/li>\n<\/ul>\n<hr \/>\n<h4><strong>Notes de Tast del Champagne Delamotte<\/strong><\/h4>\n<ol>\n<li><strong>Aparen\u00e7a:<\/strong>\n<ul>\n<li>Groc p\u00e0l\u00b7lid amb reflexos daurats i bombolles fines i persistents, una clara mostra de la seva qualitat artesanal.<\/li>\n<\/ul>\n<\/li>\n<li><strong>Nas:<\/strong>\n<ul>\n<li>Aromes florals d\u2019<strong>ac\u00e0cia<\/strong> i <strong>gessam\u00ed<\/strong>, combinats amb c\u00edtrics frescos com la <strong>llimona<\/strong> i l\u2019<strong>aranja<\/strong>, que culminen amb notes complexes d\u2019<strong>ametlla torrada<\/strong> i <strong>brioix<\/strong>.<\/li>\n<\/ul>\n<\/li>\n<li><strong>Boca:<\/strong>\n<ul>\n<li>Fresc i vibrant. Els seus sabors de <strong>poma verda<\/strong>, <strong>llimona madura<\/strong> i el seu final mineral creen una experi\u00e8ncia \u00fanica. La textura cremosa i el fi bombolleig eleven cada glop.<\/li>\n<\/ul>\n<\/li>\n<\/ol>\n","protected":false},"excerpt":{"rendered":"<p>Delamotte Blanc de Blancs Est 1 Amp + 2 copes<\/p>\n","protected":false},"featured_media":120045,"comment_status":"closed","ping_status":"closed","template":"","meta":{"_acf_changed":false},"pwb-brand":[],"product_brand":[],"product_cat":[51704,51705,51700,51701,51694],"product_tag":[52014],"class_list":{"0":"post-120048","1":"product","2":"type-product","3":"status-publish","4":"has-post-thumbnail","6":"product_cat-champagne-aoc-vi-escumos","7":"product_cat-champagne-blanc","8":"product_cat-estoigs-i-lots","9":"product_cat-lots-nadal","10":"product_cat-vi-escumos","11":"product_tag-delamotte-blanc-de-blancs-est-1-amp-2-copes","12":"entry","13":"has-media","15":"first","16":"outofstock","17":"taxable","18":"shipping-taxable","19":"purchasable","20":"product-type-simple"},"acf":[],"yoast_head":"<!-- This site is optimized with the Yoast SEO Premium plugin v23.1 (Yoast SEO v23.5) - https:\/\/yoast.com\/wordpress\/plugins\/seo\/ -->\n<title>Champagne Delamotte<\/title>\n<meta name=\"description\" content=\"Comprar al millor preu el champagne Delamotte Blanc de Blancs Est 1 Amp + 2 copes a Mon la Cata. Botiga online especilitzada en vi i alimentaci\u00f3.\" \/>\n<meta name=\"robots\" content=\"noindex, follow, max-snippet:-1, max-image-preview:large, max-video-preview:-1\" \/>\n<meta property=\"og:locale\" content=\"ca_ES\" \/>\n<meta property=\"og:type\" content=\"article\" \/>\n<meta property=\"og:title\" content=\"Delamotte Blanc de Blancs Est 1 Amp + 2 copes\" \/>\n<meta property=\"og:description\" content=\"Comprar al millor preu el champagne Delamotte Blanc de Blancs Est 1 Amp + 2 copes a Mon la Cata. Botiga online especilitzada en vi i alimentaci\u00f3.\" \/>\n<meta property=\"og:url\" content=\"https:\/\/aral2.cetrexmarketing.com\/ca\/producto\/delamotte-blanc-de-blancs-est-1-amp-2-copes\/\" \/>\n<meta property=\"og:site_name\" content=\"M\u00f3n La Cata\" \/>\n<meta property=\"article:modified_time\" content=\"2025-05-27T08:10:19+00:00\" \/>\n<meta property=\"og:image\" content=\"https:\/\/aral2.cetrexmarketing.com\/wp-content\/uploads\/2025\/05\/DELAMOTTE-BLANC-DE-BLANCS-ESTUCHE-1-AMPOLLA-2-COPAS.jpeg-1.png\" \/>\n\t<meta property=\"og:image:width\" content=\"765\" \/>\n\t<meta property=\"og:image:height\" content=\"1024\" \/>\n\t<meta property=\"og:image:type\" content=\"image\/png\" \/>\n<meta name=\"twitter:card\" content=\"summary_large_image\" \/>\n<meta name=\"twitter:label1\" content=\"Temps estimat de lectura\" \/>\n\t<meta name=\"twitter:data1\" content=\"2 minuts\" \/>\n<script type=\"application\/ld+json\" class=\"yoast-schema-graph\">{\"@context\":\"https:\/\/schema.org\",\"@graph\":[{\"@type\":\"WebPage\",\"@id\":\"https:\/\/aral2.cetrexmarketing.com\/ca\/producto\/delamotte-blanc-de-blancs-est-1-amp-2-copes\/\",\"url\":\"https:\/\/aral2.cetrexmarketing.com\/ca\/producto\/delamotte-blanc-de-blancs-est-1-amp-2-copes\/\",\"name\":\"Champagne Delamotte\",\"isPartOf\":{\"@id\":\"https:\/\/aral2.cetrexmarketing.com\/#website\"},\"primaryImageOfPage\":{\"@id\":\"https:\/\/aral2.cetrexmarketing.com\/ca\/producto\/delamotte-blanc-de-blancs-est-1-amp-2-copes\/#primaryimage\"},\"image\":{\"@id\":\"https:\/\/aral2.cetrexmarketing.com\/ca\/producto\/delamotte-blanc-de-blancs-est-1-amp-2-copes\/#primaryimage\"},\"thumbnailUrl\":\"https:\/\/aral2.cetrexmarketing.com\/wp-content\/uploads\/2025\/05\/DELAMOTTE-BLANC-DE-BLANCS-ESTUCHE-1-AMPOLLA-2-COPAS.jpeg-1.png\",\"datePublished\":\"2025-05-27T04:43:00+00:00\",\"dateModified\":\"2025-05-27T08:10:19+00:00\",\"description\":\"Comprar al millor preu el champagne Delamotte Blanc de Blancs Est 1 Amp + 2 copes a Mon la Cata. Botiga online especilitzada en vi i alimentaci\u00f3.\",\"breadcrumb\":{\"@id\":\"https:\/\/aral2.cetrexmarketing.com\/ca\/producto\/delamotte-blanc-de-blancs-est-1-amp-2-copes\/#breadcrumb\"},\"inLanguage\":\"ca\",\"potentialAction\":[{\"@type\":\"ReadAction\",\"target\":[\"https:\/\/aral2.cetrexmarketing.com\/ca\/producto\/delamotte-blanc-de-blancs-est-1-amp-2-copes\/\"]}]},{\"@type\":\"ImageObject\",\"inLanguage\":\"ca\",\"@id\":\"https:\/\/aral2.cetrexmarketing.com\/ca\/producto\/delamotte-blanc-de-blancs-est-1-amp-2-copes\/#primaryimage\",\"url\":\"https:\/\/aral2.cetrexmarketing.com\/wp-content\/uploads\/2025\/05\/DELAMOTTE-BLANC-DE-BLANCS-ESTUCHE-1-AMPOLLA-2-COPAS.jpeg-1.png\",\"contentUrl\":\"https:\/\/aral2.cetrexmarketing.com\/wp-content\/uploads\/2025\/05\/DELAMOTTE-BLANC-DE-BLANCS-ESTUCHE-1-AMPOLLA-2-COPAS.jpeg-1.png\",\"width\":765,\"height\":1024},{\"@type\":\"BreadcrumbList\",\"@id\":\"https:\/\/aral2.cetrexmarketing.com\/ca\/producto\/delamotte-blanc-de-blancs-est-1-amp-2-copes\/#breadcrumb\",\"itemListElement\":[{\"@type\":\"ListItem\",\"position\":1,\"name\":\"Home\",\"item\":\"https:\/\/aral2.cetrexmarketing.com\/ca\/\"},{\"@type\":\"ListItem\",\"position\":2,\"name\":\"Tienda\",\"item\":\"https:\/\/aral2.cetrexmarketing.com\/ca\/tienda-2\/\"},{\"@type\":\"ListItem\",\"position\":3,\"name\":\"Vino espumoso\",\"item\":\"https:\/\/aral2.cetrexmarketing.com\/categoria-producto\/inicio\/vino-espumoso\/\"},{\"@type\":\"ListItem\",\"position\":4,\"name\":\"Delamotte Blanc de Blancs Est 1 Amp + 2 copes\"}]},{\"@type\":\"WebSite\",\"@id\":\"https:\/\/aral2.cetrexmarketing.com\/#website\",\"url\":\"https:\/\/aral2.cetrexmarketing.com\/\",\"name\":\"M\u00f3n La Cata\",\"description\":\"Tienda de vinos, licores, cervezas y gourmet\",\"publisher\":{\"@id\":\"https:\/\/aral2.cetrexmarketing.com\/#organization\"},\"potentialAction\":[{\"@type\":\"SearchAction\",\"target\":{\"@type\":\"EntryPoint\",\"urlTemplate\":\"https:\/\/aral2.cetrexmarketing.com\/?s={search_term_string}\"},\"query-input\":{\"@type\":\"PropertyValueSpecification\",\"valueRequired\":true,\"valueName\":\"search_term_string\"}}],\"inLanguage\":\"ca\"},{\"@type\":\"Organization\",\"@id\":\"https:\/\/aral2.cetrexmarketing.com\/#organization\",\"name\":\"M\u00f3n La Cata\",\"url\":\"https:\/\/aral2.cetrexmarketing.com\/\",\"logo\":{\"@type\":\"ImageObject\",\"inLanguage\":\"ca\",\"@id\":\"https:\/\/aral2.cetrexmarketing.com\/#\/schema\/logo\/image\/\",\"url\":\"https:\/\/aral2.cetrexmarketing.com\/wp-content\/uploads\/2024\/10\/aral-logo-neg-1024x409-1.png\",\"contentUrl\":\"https:\/\/aral2.cetrexmarketing.com\/wp-content\/uploads\/2024\/10\/aral-logo-neg-1024x409-1.png\",\"width\":1024,\"height\":409,\"caption\":\"M\u00f3n La Cata\"},\"image\":{\"@id\":\"https:\/\/aral2.cetrexmarketing.com\/#\/schema\/logo\/image\/\"}}]}<\/script>\n<!-- \/ Yoast SEO Premium plugin. -->","yoast_head_json":{"title":"Champagne Delamotte","description":"Comprar al millor preu el champagne Delamotte Blanc de Blancs Est 1 Amp + 2 copes a Mon la Cata. Botiga online especilitzada en vi i alimentaci\u00f3.","robots":{"index":"noindex","follow":"follow","max-snippet":"max-snippet:-1","max-image-preview":"max-image-preview:large","max-video-preview":"max-video-preview:-1"},"og_locale":"ca_ES","og_type":"article","og_title":"Delamotte Blanc de Blancs Est 1 Amp + 2 copes","og_description":"Comprar al millor preu el champagne Delamotte Blanc de Blancs Est 1 Amp + 2 copes a Mon la Cata. Botiga online especilitzada en vi i alimentaci\u00f3.","og_url":"https:\/\/aral2.cetrexmarketing.com\/ca\/producto\/delamotte-blanc-de-blancs-est-1-amp-2-copes\/","og_site_name":"M\u00f3n La Cata","article_modified_time":"2025-05-27T08:10:19+00:00","og_image":[{"width":765,"height":1024,"url":"https:\/\/aral2.cetrexmarketing.com\/wp-content\/uploads\/2025\/05\/DELAMOTTE-BLANC-DE-BLANCS-ESTUCHE-1-AMPOLLA-2-COPAS.jpeg-1.png","type":"image\/png"}],"twitter_card":"summary_large_image","twitter_misc":{"Temps estimat de lectura":"2 minuts"},"schema":{"@context":"https:\/\/schema.org","@graph":[{"@type":"WebPage","@id":"https:\/\/aral2.cetrexmarketing.com\/ca\/producto\/delamotte-blanc-de-blancs-est-1-amp-2-copes\/","url":"https:\/\/aral2.cetrexmarketing.com\/ca\/producto\/delamotte-blanc-de-blancs-est-1-amp-2-copes\/","name":"Champagne Delamotte","isPartOf":{"@id":"https:\/\/aral2.cetrexmarketing.com\/#website"},"primaryImageOfPage":{"@id":"https:\/\/aral2.cetrexmarketing.com\/ca\/producto\/delamotte-blanc-de-blancs-est-1-amp-2-copes\/#primaryimage"},"image":{"@id":"https:\/\/aral2.cetrexmarketing.com\/ca\/producto\/delamotte-blanc-de-blancs-est-1-amp-2-copes\/#primaryimage"},"thumbnailUrl":"https:\/\/aral2.cetrexmarketing.com\/wp-content\/uploads\/2025\/05\/DELAMOTTE-BLANC-DE-BLANCS-ESTUCHE-1-AMPOLLA-2-COPAS.jpeg-1.png","datePublished":"2025-05-27T04:43:00+00:00","dateModified":"2025-05-27T08:10:19+00:00","description":"Comprar al millor preu el champagne Delamotte Blanc de Blancs Est 1 Amp + 2 copes a Mon la Cata. Botiga online especilitzada en vi i alimentaci\u00f3.","breadcrumb":{"@id":"https:\/\/aral2.cetrexmarketing.com\/ca\/producto\/delamotte-blanc-de-blancs-est-1-amp-2-copes\/#breadcrumb"},"inLanguage":"ca","potentialAction":[{"@type":"ReadAction","target":["https:\/\/aral2.cetrexmarketing.com\/ca\/producto\/delamotte-blanc-de-blancs-est-1-amp-2-copes\/"]}]},{"@type":"ImageObject","inLanguage":"ca","@id":"https:\/\/aral2.cetrexmarketing.com\/ca\/producto\/delamotte-blanc-de-blancs-est-1-amp-2-copes\/#primaryimage","url":"https:\/\/aral2.cetrexmarketing.com\/wp-content\/uploads\/2025\/05\/DELAMOTTE-BLANC-DE-BLANCS-ESTUCHE-1-AMPOLLA-2-COPAS.jpeg-1.png","contentUrl":"https:\/\/aral2.cetrexmarketing.com\/wp-content\/uploads\/2025\/05\/DELAMOTTE-BLANC-DE-BLANCS-ESTUCHE-1-AMPOLLA-2-COPAS.jpeg-1.png","width":765,"height":1024},{"@type":"BreadcrumbList","@id":"https:\/\/aral2.cetrexmarketing.com\/ca\/producto\/delamotte-blanc-de-blancs-est-1-amp-2-copes\/#breadcrumb","itemListElement":[{"@type":"ListItem","position":1,"name":"Home","item":"https:\/\/aral2.cetrexmarketing.com\/ca\/"},{"@type":"ListItem","position":2,"name":"Tienda","item":"https:\/\/aral2.cetrexmarketing.com\/ca\/tienda-2\/"},{"@type":"ListItem","position":3,"name":"Vino espumoso","item":"https:\/\/aral2.cetrexmarketing.com\/categoria-producto\/inicio\/vino-espumoso\/"},{"@type":"ListItem","position":4,"name":"Delamotte Blanc de Blancs Est 1 Amp + 2 copes"}]},{"@type":"WebSite","@id":"https:\/\/aral2.cetrexmarketing.com\/#website","url":"https:\/\/aral2.cetrexmarketing.com\/","name":"M\u00f3n La Cata","description":"Tienda de vinos, licores, cervezas y gourmet","publisher":{"@id":"https:\/\/aral2.cetrexmarketing.com\/#organization"},"potentialAction":[{"@type":"SearchAction","target":{"@type":"EntryPoint","urlTemplate":"https:\/\/aral2.cetrexmarketing.com\/?s={search_term_string}"},"query-input":{"@type":"PropertyValueSpecification","valueRequired":true,"valueName":"search_term_string"}}],"inLanguage":"ca"},{"@type":"Organization","@id":"https:\/\/aral2.cetrexmarketing.com\/#organization","name":"M\u00f3n La Cata","url":"https:\/\/aral2.cetrexmarketing.com\/","logo":{"@type":"ImageObject","inLanguage":"ca","@id":"https:\/\/aral2.cetrexmarketing.com\/#\/schema\/logo\/image\/","url":"https:\/\/aral2.cetrexmarketing.com\/wp-content\/uploads\/2024\/10\/aral-logo-neg-1024x409-1.png","contentUrl":"https:\/\/aral2.cetrexmarketing.com\/wp-content\/uploads\/2024\/10\/aral-logo-neg-1024x409-1.png","width":1024,"height":409,"caption":"M\u00f3n La Cata"},"image":{"@id":"https:\/\/aral2.cetrexmarketing.com\/#\/schema\/logo\/image\/"}}]}},"brands":[],"_links":{"self":[{"href":"https:\/\/aral2.cetrexmarketing.com\/ca\/wp-json\/wp\/v2\/product\/120048","targetHints":{"allow":["GET"]}}],"collection":[{"href":"https:\/\/aral2.cetrexmarketing.com\/ca\/wp-json\/wp\/v2\/product"}],"about":[{"href":"https:\/\/aral2.cetrexmarketing.com\/ca\/wp-json\/wp\/v2\/types\/product"}],"replies":[{"embeddable":true,"href":"https:\/\/aral2.cetrexmarketing.com\/ca\/wp-json\/wp\/v2\/comments?post=120048"}],"wp:featuredmedia":[{"embeddable":true,"href":"https:\/\/aral2.cetrexmarketing.com\/ca\/wp-json\/wp\/v2\/media\/120045"}],"wp:attachment":[{"href":"https:\/\/aral2.cetrexmarketing.com\/ca\/wp-json\/wp\/v2\/media?parent=120048"}],"wp:term":[{"taxonomy":"pwb-brand","embeddable":true,"href":"https:\/\/aral2.cetrexmarketing.com\/ca\/wp-json\/wp\/v2\/pwb-brand?post=120048"},{"taxonomy":"product_brand","embeddable":true,"href":"https:\/\/aral2.cetrexmarketing.com\/ca\/wp-json\/wp\/v2\/product_brand?post=120048"},{"taxonomy":"product_cat","embeddable":true,"href":"https:\/\/aral2.cetrexmarketing.com\/ca\/wp-json\/wp\/v2\/product_cat?post=120048"},{"taxonomy":"product_tag","embeddable":true,"href":"https:\/\/aral2.cetrexmarketing.com\/ca\/wp-json\/wp\/v2\/product_tag?post=120048"}],"curies":[{"name":"wp","href":"https:\/\/api.w.org\/{rel}","templated":true}]}}