{"id":119666,"date":"2025-05-27T04:36:45","date_gmt":"2025-05-27T04:36:45","guid":{"rendered":"https:\/\/aral2.cetrexmarketing.com\/producto\/o-p-anderson-gammal-fin-aquavit\/"},"modified":"2025-05-27T08:09:32","modified_gmt":"2025-05-27T08:09:32","slug":"o-p-anderson-gammal-fin-aquavit","status":"publish","type":"product","link":"https:\/\/aral2.cetrexmarketing.com\/ca\/producto\/o-p-anderson-gammal-fin-aquavit\/","title":{"rendered":"O.P. Anderson Gammal fin Aquavit"},"content":{"rendered":"<h3>O.P. Anderson Gammal Fin Aquavit \u2013 Tradici\u00f3 Sueca en Cada Gota<\/h3>\n<p><strong>Descobreix O.P. Anderson Gammal Fin Aquavit<\/strong>, l\u2019aiguardent suec que ha capturat l\u2019ess\u00e8ncia n\u00f2rdica des de 1891. Aquest aquavit premium destaca pel seu sabor suau i equilibrat, resultat d\u2019una combinaci\u00f3 meticulosa d\u2019ingredients naturals com el com\u00ed, el fonoll i l\u2019an\u00eds, i un proc\u00e9s d\u2019envelliment en b\u00f3tes de roure que perfecciona el seu car\u00e0cter \u00fanic.<\/p>\n<p><strong>Notes de tast:<\/strong> De cos robust i amb una textura sedosa, O.P. Anderson Gammal Fin Aquavit \u00e9s ideal per a aquells que busquen una beguda sofisticada i amb hist\u00f2ria. El seu sabor a esp\u00e8cies es complementa amb tocs de roure i subtils notes c\u00edtriques, cosa que el converteix en un destil\u00b7lat vers\u00e0til, perfecte tant per gaudir-ne sol com per real\u00e7ar c\u00f2ctels escandinaus cl\u00e0ssics.<\/p>\n<p><strong>Per qu\u00e8 triar O.P. Anderson Gammal Fin Aquavit?<\/strong><\/p>\n<ul>\n<li><strong>Qualitat i tradici\u00f3 sueca<\/strong>: Amb m\u00e9s de 130 anys al mercat, aquest aquavit \u00e9s un s\u00edmbol d\u2019autenticitat i qualitat.<\/li>\n<li><strong>Proc\u00e9s artesanal<\/strong>: Cada lot s\u2019elabora amb cura per garantir un sabor excepcional.<\/li>\n<li><strong>Perfecte per a col\u00b7leccionistes i amants del bon gust<\/strong>: Ideal com a regal o per elevar qualsevol ocasi\u00f3 especial.<\/li>\n<\/ul>\n<p><strong>Compra O.P. Anderson Gammal Fin Aquavit<\/strong> i descobreix per qu\u00e8 aquest aiguardent segueix sent el favorit a Su\u00e8cia i arreu del m\u00f3n. Troba l\u2019equilibri entre tradici\u00f3 i sofisticaci\u00f3 amb cada glop.<\/p>\n","protected":false},"excerpt":{"rendered":"<p>O.P. Anderson Gammal fin Aquavit<\/p>\n","protected":false},"featured_media":119663,"comment_status":"closed","ping_status":"closed","template":"","meta":{"_acf_changed":false},"pwb-brand":[],"product_brand":[],"product_cat":[51707,51692],"product_tag":[52416],"class_list":{"0":"post-119666","1":"product","2":"type-product","3":"status-publish","4":"has-post-thumbnail","6":"product_cat-aiguardent","7":"product_cat-destillats","8":"product_tag-o-p-anderson-gammal-fin-aquavit-2","9":"pa_ecologico-vegano-natural-ecologic","10":"pa_formatoenml-38308","11":"pa_graduacion-40_0","12":"pa_pais-suecia-ca-2","13":"entry","14":"has-media","16":"first","17":"instock","18":"taxable","19":"shipping-taxable","20":"purchasable","21":"product-type-simple"},"acf":[],"yoast_head":"<!-- This site is optimized with the Yoast SEO Premium plugin v23.1 (Yoast SEO v23.5) - https:\/\/yoast.com\/wordpress\/plugins\/seo\/ -->\n<title>O.P. Anderson Gammal fin Aquavit<\/title>\n<meta name=\"description\" content=\"Comprar al millor preu l&#039;aiguardent O.P. Anderson Gammal fin Aquavit a Mon la Cata . Botiga online especilitzada en destil\u00b7lats, vins i alimentaci\u00f3.\" \/>\n<meta name=\"robots\" content=\"noindex, follow, max-snippet:-1, max-image-preview:large, max-video-preview:-1\" \/>\n<meta property=\"og:locale\" content=\"ca_ES\" \/>\n<meta property=\"og:type\" content=\"article\" \/>\n<meta property=\"og:title\" content=\"O.P. Anderson Gammal fin Aquavit\" \/>\n<meta property=\"og:description\" content=\"Comprar al millor preu l&#039;aiguardent O.P. Anderson Gammal fin Aquavit a Mon la Cata . Botiga online especilitzada en destil\u00b7lats, vins i alimentaci\u00f3.\" \/>\n<meta property=\"og:url\" content=\"https:\/\/aral2.cetrexmarketing.com\/ca\/producto\/o-p-anderson-gammal-fin-aquavit\/\" \/>\n<meta property=\"og:site_name\" content=\"M\u00f3n La Cata\" \/>\n<meta property=\"article:modified_time\" content=\"2025-05-27T08:09:32+00:00\" \/>\n<meta property=\"og:image\" content=\"https:\/\/aral2.cetrexmarketing.com\/wp-content\/uploads\/2025\/05\/OP-ANDERSON-GAMMEL-FIN-AQUAVIT.jpg.png\" \/>\n\t<meta property=\"og:image:width\" content=\"765\" \/>\n\t<meta property=\"og:image:height\" content=\"1024\" \/>\n\t<meta property=\"og:image:type\" content=\"image\/png\" \/>\n<meta name=\"twitter:card\" content=\"summary_large_image\" \/>\n<meta name=\"twitter:label1\" content=\"Temps estimat de lectura\" \/>\n\t<meta name=\"twitter:data1\" content=\"2 minuts\" \/>\n<script type=\"application\/ld+json\" class=\"yoast-schema-graph\">{\"@context\":\"https:\/\/schema.org\",\"@graph\":[{\"@type\":\"WebPage\",\"@id\":\"https:\/\/aral2.cetrexmarketing.com\/ca\/producto\/o-p-anderson-gammal-fin-aquavit\/\",\"url\":\"https:\/\/aral2.cetrexmarketing.com\/ca\/producto\/o-p-anderson-gammal-fin-aquavit\/\",\"name\":\"O.P. Anderson Gammal fin Aquavit\",\"isPartOf\":{\"@id\":\"https:\/\/aral2.cetrexmarketing.com\/#website\"},\"primaryImageOfPage\":{\"@id\":\"https:\/\/aral2.cetrexmarketing.com\/ca\/producto\/o-p-anderson-gammal-fin-aquavit\/#primaryimage\"},\"image\":{\"@id\":\"https:\/\/aral2.cetrexmarketing.com\/ca\/producto\/o-p-anderson-gammal-fin-aquavit\/#primaryimage\"},\"thumbnailUrl\":\"https:\/\/aral2.cetrexmarketing.com\/wp-content\/uploads\/2025\/05\/OP-ANDERSON-GAMMEL-FIN-AQUAVIT.jpg.png\",\"datePublished\":\"2025-05-27T04:36:45+00:00\",\"dateModified\":\"2025-05-27T08:09:32+00:00\",\"description\":\"Comprar al millor preu l'aiguardent O.P. Anderson Gammal fin Aquavit a Mon la Cata . Botiga online especilitzada en destil\u00b7lats, vins i alimentaci\u00f3.\",\"breadcrumb\":{\"@id\":\"https:\/\/aral2.cetrexmarketing.com\/ca\/producto\/o-p-anderson-gammal-fin-aquavit\/#breadcrumb\"},\"inLanguage\":\"ca\",\"potentialAction\":[{\"@type\":\"ReadAction\",\"target\":[\"https:\/\/aral2.cetrexmarketing.com\/ca\/producto\/o-p-anderson-gammal-fin-aquavit\/\"]}]},{\"@type\":\"ImageObject\",\"inLanguage\":\"ca\",\"@id\":\"https:\/\/aral2.cetrexmarketing.com\/ca\/producto\/o-p-anderson-gammal-fin-aquavit\/#primaryimage\",\"url\":\"https:\/\/aral2.cetrexmarketing.com\/wp-content\/uploads\/2025\/05\/OP-ANDERSON-GAMMEL-FIN-AQUAVIT.jpg.png\",\"contentUrl\":\"https:\/\/aral2.cetrexmarketing.com\/wp-content\/uploads\/2025\/05\/OP-ANDERSON-GAMMEL-FIN-AQUAVIT.jpg.png\",\"width\":765,\"height\":1024},{\"@type\":\"BreadcrumbList\",\"@id\":\"https:\/\/aral2.cetrexmarketing.com\/ca\/producto\/o-p-anderson-gammal-fin-aquavit\/#breadcrumb\",\"itemListElement\":[{\"@type\":\"ListItem\",\"position\":1,\"name\":\"Home\",\"item\":\"https:\/\/aral2.cetrexmarketing.com\/ca\/\"},{\"@type\":\"ListItem\",\"position\":2,\"name\":\"Tienda\",\"item\":\"https:\/\/aral2.cetrexmarketing.com\/ca\/tienda-2\/\"},{\"@type\":\"ListItem\",\"position\":3,\"name\":\"Destilados\",\"item\":\"https:\/\/aral2.cetrexmarketing.com\/categoria-producto\/inicio\/destilados\/\"},{\"@type\":\"ListItem\",\"position\":4,\"name\":\"O.P. Anderson Gammal fin Aquavit\"}]},{\"@type\":\"WebSite\",\"@id\":\"https:\/\/aral2.cetrexmarketing.com\/#website\",\"url\":\"https:\/\/aral2.cetrexmarketing.com\/\",\"name\":\"M\u00f3n La Cata\",\"description\":\"Tienda de vinos, licores, cervezas y gourmet\",\"publisher\":{\"@id\":\"https:\/\/aral2.cetrexmarketing.com\/#organization\"},\"potentialAction\":[{\"@type\":\"SearchAction\",\"target\":{\"@type\":\"EntryPoint\",\"urlTemplate\":\"https:\/\/aral2.cetrexmarketing.com\/?s={search_term_string}\"},\"query-input\":{\"@type\":\"PropertyValueSpecification\",\"valueRequired\":true,\"valueName\":\"search_term_string\"}}],\"inLanguage\":\"ca\"},{\"@type\":\"Organization\",\"@id\":\"https:\/\/aral2.cetrexmarketing.com\/#organization\",\"name\":\"M\u00f3n La Cata\",\"url\":\"https:\/\/aral2.cetrexmarketing.com\/\",\"logo\":{\"@type\":\"ImageObject\",\"inLanguage\":\"ca\",\"@id\":\"https:\/\/aral2.cetrexmarketing.com\/#\/schema\/logo\/image\/\",\"url\":\"https:\/\/aral2.cetrexmarketing.com\/wp-content\/uploads\/2024\/10\/aral-logo-neg-1024x409-1.png\",\"contentUrl\":\"https:\/\/aral2.cetrexmarketing.com\/wp-content\/uploads\/2024\/10\/aral-logo-neg-1024x409-1.png\",\"width\":1024,\"height\":409,\"caption\":\"M\u00f3n La Cata\"},\"image\":{\"@id\":\"https:\/\/aral2.cetrexmarketing.com\/#\/schema\/logo\/image\/\"}}]}<\/script>\n<!-- \/ Yoast SEO Premium plugin. -->","yoast_head_json":{"title":"O.P. Anderson Gammal fin Aquavit","description":"Comprar al millor preu l'aiguardent O.P. Anderson Gammal fin Aquavit a Mon la Cata . Botiga online especilitzada en destil\u00b7lats, vins i alimentaci\u00f3.","robots":{"index":"noindex","follow":"follow","max-snippet":"max-snippet:-1","max-image-preview":"max-image-preview:large","max-video-preview":"max-video-preview:-1"},"og_locale":"ca_ES","og_type":"article","og_title":"O.P. Anderson Gammal fin Aquavit","og_description":"Comprar al millor preu l'aiguardent O.P. Anderson Gammal fin Aquavit a Mon la Cata . Botiga online especilitzada en destil\u00b7lats, vins i alimentaci\u00f3.","og_url":"https:\/\/aral2.cetrexmarketing.com\/ca\/producto\/o-p-anderson-gammal-fin-aquavit\/","og_site_name":"M\u00f3n La Cata","article_modified_time":"2025-05-27T08:09:32+00:00","og_image":[{"width":765,"height":1024,"url":"https:\/\/aral2.cetrexmarketing.com\/wp-content\/uploads\/2025\/05\/OP-ANDERSON-GAMMEL-FIN-AQUAVIT.jpg.png","type":"image\/png"}],"twitter_card":"summary_large_image","twitter_misc":{"Temps estimat de lectura":"2 minuts"},"schema":{"@context":"https:\/\/schema.org","@graph":[{"@type":"WebPage","@id":"https:\/\/aral2.cetrexmarketing.com\/ca\/producto\/o-p-anderson-gammal-fin-aquavit\/","url":"https:\/\/aral2.cetrexmarketing.com\/ca\/producto\/o-p-anderson-gammal-fin-aquavit\/","name":"O.P. Anderson Gammal fin Aquavit","isPartOf":{"@id":"https:\/\/aral2.cetrexmarketing.com\/#website"},"primaryImageOfPage":{"@id":"https:\/\/aral2.cetrexmarketing.com\/ca\/producto\/o-p-anderson-gammal-fin-aquavit\/#primaryimage"},"image":{"@id":"https:\/\/aral2.cetrexmarketing.com\/ca\/producto\/o-p-anderson-gammal-fin-aquavit\/#primaryimage"},"thumbnailUrl":"https:\/\/aral2.cetrexmarketing.com\/wp-content\/uploads\/2025\/05\/OP-ANDERSON-GAMMEL-FIN-AQUAVIT.jpg.png","datePublished":"2025-05-27T04:36:45+00:00","dateModified":"2025-05-27T08:09:32+00:00","description":"Comprar al millor preu l'aiguardent O.P. Anderson Gammal fin Aquavit a Mon la Cata . Botiga online especilitzada en destil\u00b7lats, vins i alimentaci\u00f3.","breadcrumb":{"@id":"https:\/\/aral2.cetrexmarketing.com\/ca\/producto\/o-p-anderson-gammal-fin-aquavit\/#breadcrumb"},"inLanguage":"ca","potentialAction":[{"@type":"ReadAction","target":["https:\/\/aral2.cetrexmarketing.com\/ca\/producto\/o-p-anderson-gammal-fin-aquavit\/"]}]},{"@type":"ImageObject","inLanguage":"ca","@id":"https:\/\/aral2.cetrexmarketing.com\/ca\/producto\/o-p-anderson-gammal-fin-aquavit\/#primaryimage","url":"https:\/\/aral2.cetrexmarketing.com\/wp-content\/uploads\/2025\/05\/OP-ANDERSON-GAMMEL-FIN-AQUAVIT.jpg.png","contentUrl":"https:\/\/aral2.cetrexmarketing.com\/wp-content\/uploads\/2025\/05\/OP-ANDERSON-GAMMEL-FIN-AQUAVIT.jpg.png","width":765,"height":1024},{"@type":"BreadcrumbList","@id":"https:\/\/aral2.cetrexmarketing.com\/ca\/producto\/o-p-anderson-gammal-fin-aquavit\/#breadcrumb","itemListElement":[{"@type":"ListItem","position":1,"name":"Home","item":"https:\/\/aral2.cetrexmarketing.com\/ca\/"},{"@type":"ListItem","position":2,"name":"Tienda","item":"https:\/\/aral2.cetrexmarketing.com\/ca\/tienda-2\/"},{"@type":"ListItem","position":3,"name":"Destilados","item":"https:\/\/aral2.cetrexmarketing.com\/categoria-producto\/inicio\/destilados\/"},{"@type":"ListItem","position":4,"name":"O.P. Anderson Gammal fin Aquavit"}]},{"@type":"WebSite","@id":"https:\/\/aral2.cetrexmarketing.com\/#website","url":"https:\/\/aral2.cetrexmarketing.com\/","name":"M\u00f3n La Cata","description":"Tienda de vinos, licores, cervezas y gourmet","publisher":{"@id":"https:\/\/aral2.cetrexmarketing.com\/#organization"},"potentialAction":[{"@type":"SearchAction","target":{"@type":"EntryPoint","urlTemplate":"https:\/\/aral2.cetrexmarketing.com\/?s={search_term_string}"},"query-input":{"@type":"PropertyValueSpecification","valueRequired":true,"valueName":"search_term_string"}}],"inLanguage":"ca"},{"@type":"Organization","@id":"https:\/\/aral2.cetrexmarketing.com\/#organization","name":"M\u00f3n La Cata","url":"https:\/\/aral2.cetrexmarketing.com\/","logo":{"@type":"ImageObject","inLanguage":"ca","@id":"https:\/\/aral2.cetrexmarketing.com\/#\/schema\/logo\/image\/","url":"https:\/\/aral2.cetrexmarketing.com\/wp-content\/uploads\/2024\/10\/aral-logo-neg-1024x409-1.png","contentUrl":"https:\/\/aral2.cetrexmarketing.com\/wp-content\/uploads\/2024\/10\/aral-logo-neg-1024x409-1.png","width":1024,"height":409,"caption":"M\u00f3n La Cata"},"image":{"@id":"https:\/\/aral2.cetrexmarketing.com\/#\/schema\/logo\/image\/"}}]}},"brands":[],"_links":{"self":[{"href":"https:\/\/aral2.cetrexmarketing.com\/ca\/wp-json\/wp\/v2\/product\/119666","targetHints":{"allow":["GET"]}}],"collection":[{"href":"https:\/\/aral2.cetrexmarketing.com\/ca\/wp-json\/wp\/v2\/product"}],"about":[{"href":"https:\/\/aral2.cetrexmarketing.com\/ca\/wp-json\/wp\/v2\/types\/product"}],"replies":[{"embeddable":true,"href":"https:\/\/aral2.cetrexmarketing.com\/ca\/wp-json\/wp\/v2\/comments?post=119666"}],"wp:featuredmedia":[{"embeddable":true,"href":"https:\/\/aral2.cetrexmarketing.com\/ca\/wp-json\/wp\/v2\/media\/119663"}],"wp:attachment":[{"href":"https:\/\/aral2.cetrexmarketing.com\/ca\/wp-json\/wp\/v2\/media?parent=119666"}],"wp:term":[{"taxonomy":"pwb-brand","embeddable":true,"href":"https:\/\/aral2.cetrexmarketing.com\/ca\/wp-json\/wp\/v2\/pwb-brand?post=119666"},{"taxonomy":"product_brand","embeddable":true,"href":"https:\/\/aral2.cetrexmarketing.com\/ca\/wp-json\/wp\/v2\/product_brand?post=119666"},{"taxonomy":"product_cat","embeddable":true,"href":"https:\/\/aral2.cetrexmarketing.com\/ca\/wp-json\/wp\/v2\/product_cat?post=119666"},{"taxonomy":"product_tag","embeddable":true,"href":"https:\/\/aral2.cetrexmarketing.com\/ca\/wp-json\/wp\/v2\/product_tag?post=119666"}],"curies":[{"name":"wp","href":"https:\/\/api.w.org\/{rel}","templated":true}]}}