{"id":119604,"date":"2025-05-27T04:34:42","date_gmt":"2025-05-27T04:34:42","guid":{"rendered":"https:\/\/aral2.cetrexmarketing.com\/producto\/the-rat-honey\/"},"modified":"2025-05-27T08:09:00","modified_gmt":"2025-05-27T08:09:00","slug":"the-rat-honey","status":"publish","type":"product","link":"https:\/\/aral2.cetrexmarketing.com\/ca\/producto\/the-rat-honey\/","title":{"rendered":"The Rat Honey"},"content":{"rendered":"<p><strong>The Rat Honey<\/strong><\/p>\n<p>THE RAT Honey \u00e9s l&#8217;\u00fanica ratafia que trobareu amb mel. Una creaci\u00f3 perfecta que mant\u00e9 la puresa de la ratafia aportant una intensa aroma i sabor a mel. Elaborada com antany en una maceraci\u00f3 de 40 dies a sol i serena de nous verds<br \/>\ni plantes arom\u00e0tiques, combinada al costat de la mel per a una complexitat a la boca on predomina la dol\u00e7or i l&#8217;aroma intensa a la mel. Aquesta ratafia ha estat filtrada per garantir la m\u00e0xima puresa en sabor i copa, aconseguint una textura i sabor lleuger ideal per gaudir sola o combinant-la. Les m\u00e9s de 20 herbes amb qu\u00e8 es crea aquesta ratafia, es mantenen equilibrades sense presentar contrastos amb el gust de mel. Un viatge de gust de tast que inicia amb la tradicional ratafia per donar lloc al sabor dol\u00e7 de la mel. Perfecta per a aquelles persones que vulguin gaudir de begudes dolces i suaus, aix\u00ed com per crear combinacions sorprenents en cocteleria. Si cerques una ratafia per regalar i sorprendre, aquesta \u00e9s l&#8217;opci\u00f3 id\u00f2nia.      <\/p>\n<p>&nbsp;<\/p>\n","protected":false},"excerpt":{"rendered":"<p><strong>The<\/strong><strong> Rat Honey<\/strong> THE RAT Honey \u00e9s l&#8217;\u00fanica ratafia que trobareu amb mel. Una creaci\u00f3 perfecta que mant\u00e9 la puresa de la ratafia aportant una intensa aroma i sabor a mel. Elaborada com abans en una maceraci\u00f3 de 40 dies a sol i serena de nous verds i plantes arom\u00e0tiques, combinada al costat de la mel per a una complexitat en boca on predomina la dol\u00e7or i l&#8217;aroma intensa a la mel. Aquesta ratafia ha estat filtrada per garantir la m\u00e0xima puresa en sabor i copa, aconseguint una textura i sabor lleuger ideal per gaudir sola o combinant-la. Les m\u00e9s de 20 herbes amb qu\u00e8 es crea aquesta ratafia, es mantenen equilibrades sense presentar contrastos amb el gust de mel. Un viatge de gust de tast que inicia amb la tradicional ratafia per donar lloc al sabor dol\u00e7 de la mel. Perfecta per a aquelles persones que vulguin gaudir de begudes dolces i suaus, aix\u00ed com per crear combinacions sorprenents en cocteleria. Si cerques una ratafia per regalar i sorprendre, aquesta \u00e9s l&#8217;opci\u00f3 id\u00f2nia.<\/p>\n","protected":false},"featured_media":119601,"comment_status":"closed","ping_status":"closed","template":"","meta":{"_acf_changed":false},"pwb-brand":[],"product_brand":[],"product_cat":[51692,51719],"product_tag":[52532],"class_list":{"0":"post-119604","1":"product","2":"type-product","3":"status-publish","4":"has-post-thumbnail","6":"product_cat-destillats","7":"product_cat-ratafia-destillats","8":"product_tag-the-rat-honey-2","9":"pa_formatoenml-38307","10":"pa_graduacion-26_0","11":"pa_pais-espanya-ca","12":"pa_region-cataluna","13":"entry","14":"has-media","16":"first","17":"instock","18":"taxable","19":"shipping-taxable","20":"purchasable","21":"product-type-simple"},"acf":[],"yoast_head":"<!-- This site is optimized with the Yoast SEO Premium plugin v23.1 (Yoast SEO v23.5) - https:\/\/yoast.com\/wordpress\/plugins\/seo\/ -->\n<title>The Rat Honey<\/title>\n<meta name=\"description\" content=\"Comprar online al millor preu la rataf\u00eda The Rat Honey a M\u00f3n la Cata. Web especilitzada en destil\u00b7lats, vins, cerveses i alimentaci\u00f3 gourmet.\" \/>\n<meta name=\"robots\" content=\"noindex, follow, max-snippet:-1, max-image-preview:large, max-video-preview:-1\" \/>\n<meta property=\"og:locale\" content=\"ca_ES\" \/>\n<meta property=\"og:type\" content=\"article\" \/>\n<meta property=\"og:title\" content=\"The Rat Honey\" \/>\n<meta property=\"og:description\" content=\"Comprar online al millor preu la rataf\u00eda The Rat Honey a M\u00f3n la Cata. Web especilitzada en destil\u00b7lats, vins, cerveses i alimentaci\u00f3 gourmet.\" \/>\n<meta property=\"og:url\" content=\"https:\/\/aral2.cetrexmarketing.com\/ca\/producto\/the-rat-honey\/\" \/>\n<meta property=\"og:site_name\" content=\"M\u00f3n La Cata\" \/>\n<meta property=\"article:modified_time\" content=\"2025-05-27T08:09:00+00:00\" \/>\n<meta property=\"og:image\" content=\"https:\/\/aral2.cetrexmarketing.com\/wp-content\/uploads\/2025\/05\/HONEY_AMB_CAIXA.jpg.png\" \/>\n\t<meta property=\"og:image:width\" content=\"765\" \/>\n\t<meta property=\"og:image:height\" content=\"1024\" \/>\n\t<meta property=\"og:image:type\" content=\"image\/png\" \/>\n<meta name=\"twitter:card\" content=\"summary_large_image\" \/>\n<meta name=\"twitter:label1\" content=\"Temps estimat de lectura\" \/>\n\t<meta name=\"twitter:data1\" content=\"1 minut\" \/>\n<script type=\"application\/ld+json\" class=\"yoast-schema-graph\">{\"@context\":\"https:\/\/schema.org\",\"@graph\":[{\"@type\":\"WebPage\",\"@id\":\"https:\/\/aral2.cetrexmarketing.com\/ca\/producto\/the-rat-honey\/\",\"url\":\"https:\/\/aral2.cetrexmarketing.com\/ca\/producto\/the-rat-honey\/\",\"name\":\"The Rat Honey\",\"isPartOf\":{\"@id\":\"https:\/\/aral2.cetrexmarketing.com\/#website\"},\"primaryImageOfPage\":{\"@id\":\"https:\/\/aral2.cetrexmarketing.com\/ca\/producto\/the-rat-honey\/#primaryimage\"},\"image\":{\"@id\":\"https:\/\/aral2.cetrexmarketing.com\/ca\/producto\/the-rat-honey\/#primaryimage\"},\"thumbnailUrl\":\"https:\/\/aral2.cetrexmarketing.com\/wp-content\/uploads\/2025\/05\/HONEY_AMB_CAIXA.jpg.png\",\"datePublished\":\"2025-05-27T04:34:42+00:00\",\"dateModified\":\"2025-05-27T08:09:00+00:00\",\"description\":\"Comprar online al millor preu la rataf\u00eda The Rat Honey a M\u00f3n la Cata. Web especilitzada en destil\u00b7lats, vins, cerveses i alimentaci\u00f3 gourmet.\",\"breadcrumb\":{\"@id\":\"https:\/\/aral2.cetrexmarketing.com\/ca\/producto\/the-rat-honey\/#breadcrumb\"},\"inLanguage\":\"ca\",\"potentialAction\":[{\"@type\":\"ReadAction\",\"target\":[\"https:\/\/aral2.cetrexmarketing.com\/ca\/producto\/the-rat-honey\/\"]}]},{\"@type\":\"ImageObject\",\"inLanguage\":\"ca\",\"@id\":\"https:\/\/aral2.cetrexmarketing.com\/ca\/producto\/the-rat-honey\/#primaryimage\",\"url\":\"https:\/\/aral2.cetrexmarketing.com\/wp-content\/uploads\/2025\/05\/HONEY_AMB_CAIXA.jpg.png\",\"contentUrl\":\"https:\/\/aral2.cetrexmarketing.com\/wp-content\/uploads\/2025\/05\/HONEY_AMB_CAIXA.jpg.png\",\"width\":765,\"height\":1024},{\"@type\":\"BreadcrumbList\",\"@id\":\"https:\/\/aral2.cetrexmarketing.com\/ca\/producto\/the-rat-honey\/#breadcrumb\",\"itemListElement\":[{\"@type\":\"ListItem\",\"position\":1,\"name\":\"Home\",\"item\":\"https:\/\/aral2.cetrexmarketing.com\/ca\/\"},{\"@type\":\"ListItem\",\"position\":2,\"name\":\"Tienda\",\"item\":\"https:\/\/aral2.cetrexmarketing.com\/ca\/tienda-2\/\"},{\"@type\":\"ListItem\",\"position\":3,\"name\":\"Destilados\",\"item\":\"https:\/\/aral2.cetrexmarketing.com\/categoria-producto\/inicio\/destilados\/\"},{\"@type\":\"ListItem\",\"position\":4,\"name\":\"The Rat Honey\"}]},{\"@type\":\"WebSite\",\"@id\":\"https:\/\/aral2.cetrexmarketing.com\/#website\",\"url\":\"https:\/\/aral2.cetrexmarketing.com\/\",\"name\":\"M\u00f3n La Cata\",\"description\":\"Tienda de vinos, licores, cervezas y gourmet\",\"publisher\":{\"@id\":\"https:\/\/aral2.cetrexmarketing.com\/#organization\"},\"potentialAction\":[{\"@type\":\"SearchAction\",\"target\":{\"@type\":\"EntryPoint\",\"urlTemplate\":\"https:\/\/aral2.cetrexmarketing.com\/?s={search_term_string}\"},\"query-input\":{\"@type\":\"PropertyValueSpecification\",\"valueRequired\":true,\"valueName\":\"search_term_string\"}}],\"inLanguage\":\"ca\"},{\"@type\":\"Organization\",\"@id\":\"https:\/\/aral2.cetrexmarketing.com\/#organization\",\"name\":\"M\u00f3n La Cata\",\"url\":\"https:\/\/aral2.cetrexmarketing.com\/\",\"logo\":{\"@type\":\"ImageObject\",\"inLanguage\":\"ca\",\"@id\":\"https:\/\/aral2.cetrexmarketing.com\/#\/schema\/logo\/image\/\",\"url\":\"https:\/\/aral2.cetrexmarketing.com\/wp-content\/uploads\/2024\/10\/aral-logo-neg-1024x409-1.png\",\"contentUrl\":\"https:\/\/aral2.cetrexmarketing.com\/wp-content\/uploads\/2024\/10\/aral-logo-neg-1024x409-1.png\",\"width\":1024,\"height\":409,\"caption\":\"M\u00f3n La Cata\"},\"image\":{\"@id\":\"https:\/\/aral2.cetrexmarketing.com\/#\/schema\/logo\/image\/\"}}]}<\/script>\n<!-- \/ Yoast SEO Premium plugin. -->","yoast_head_json":{"title":"The Rat Honey","description":"Comprar online al millor preu la rataf\u00eda The Rat Honey a M\u00f3n la Cata. Web especilitzada en destil\u00b7lats, vins, cerveses i alimentaci\u00f3 gourmet.","robots":{"index":"noindex","follow":"follow","max-snippet":"max-snippet:-1","max-image-preview":"max-image-preview:large","max-video-preview":"max-video-preview:-1"},"og_locale":"ca_ES","og_type":"article","og_title":"The Rat Honey","og_description":"Comprar online al millor preu la rataf\u00eda The Rat Honey a M\u00f3n la Cata. Web especilitzada en destil\u00b7lats, vins, cerveses i alimentaci\u00f3 gourmet.","og_url":"https:\/\/aral2.cetrexmarketing.com\/ca\/producto\/the-rat-honey\/","og_site_name":"M\u00f3n La Cata","article_modified_time":"2025-05-27T08:09:00+00:00","og_image":[{"width":765,"height":1024,"url":"https:\/\/aral2.cetrexmarketing.com\/wp-content\/uploads\/2025\/05\/HONEY_AMB_CAIXA.jpg.png","type":"image\/png"}],"twitter_card":"summary_large_image","twitter_misc":{"Temps estimat de lectura":"1 minut"},"schema":{"@context":"https:\/\/schema.org","@graph":[{"@type":"WebPage","@id":"https:\/\/aral2.cetrexmarketing.com\/ca\/producto\/the-rat-honey\/","url":"https:\/\/aral2.cetrexmarketing.com\/ca\/producto\/the-rat-honey\/","name":"The Rat Honey","isPartOf":{"@id":"https:\/\/aral2.cetrexmarketing.com\/#website"},"primaryImageOfPage":{"@id":"https:\/\/aral2.cetrexmarketing.com\/ca\/producto\/the-rat-honey\/#primaryimage"},"image":{"@id":"https:\/\/aral2.cetrexmarketing.com\/ca\/producto\/the-rat-honey\/#primaryimage"},"thumbnailUrl":"https:\/\/aral2.cetrexmarketing.com\/wp-content\/uploads\/2025\/05\/HONEY_AMB_CAIXA.jpg.png","datePublished":"2025-05-27T04:34:42+00:00","dateModified":"2025-05-27T08:09:00+00:00","description":"Comprar online al millor preu la rataf\u00eda The Rat Honey a M\u00f3n la Cata. Web especilitzada en destil\u00b7lats, vins, cerveses i alimentaci\u00f3 gourmet.","breadcrumb":{"@id":"https:\/\/aral2.cetrexmarketing.com\/ca\/producto\/the-rat-honey\/#breadcrumb"},"inLanguage":"ca","potentialAction":[{"@type":"ReadAction","target":["https:\/\/aral2.cetrexmarketing.com\/ca\/producto\/the-rat-honey\/"]}]},{"@type":"ImageObject","inLanguage":"ca","@id":"https:\/\/aral2.cetrexmarketing.com\/ca\/producto\/the-rat-honey\/#primaryimage","url":"https:\/\/aral2.cetrexmarketing.com\/wp-content\/uploads\/2025\/05\/HONEY_AMB_CAIXA.jpg.png","contentUrl":"https:\/\/aral2.cetrexmarketing.com\/wp-content\/uploads\/2025\/05\/HONEY_AMB_CAIXA.jpg.png","width":765,"height":1024},{"@type":"BreadcrumbList","@id":"https:\/\/aral2.cetrexmarketing.com\/ca\/producto\/the-rat-honey\/#breadcrumb","itemListElement":[{"@type":"ListItem","position":1,"name":"Home","item":"https:\/\/aral2.cetrexmarketing.com\/ca\/"},{"@type":"ListItem","position":2,"name":"Tienda","item":"https:\/\/aral2.cetrexmarketing.com\/ca\/tienda-2\/"},{"@type":"ListItem","position":3,"name":"Destilados","item":"https:\/\/aral2.cetrexmarketing.com\/categoria-producto\/inicio\/destilados\/"},{"@type":"ListItem","position":4,"name":"The Rat Honey"}]},{"@type":"WebSite","@id":"https:\/\/aral2.cetrexmarketing.com\/#website","url":"https:\/\/aral2.cetrexmarketing.com\/","name":"M\u00f3n La Cata","description":"Tienda de vinos, licores, cervezas y gourmet","publisher":{"@id":"https:\/\/aral2.cetrexmarketing.com\/#organization"},"potentialAction":[{"@type":"SearchAction","target":{"@type":"EntryPoint","urlTemplate":"https:\/\/aral2.cetrexmarketing.com\/?s={search_term_string}"},"query-input":{"@type":"PropertyValueSpecification","valueRequired":true,"valueName":"search_term_string"}}],"inLanguage":"ca"},{"@type":"Organization","@id":"https:\/\/aral2.cetrexmarketing.com\/#organization","name":"M\u00f3n La Cata","url":"https:\/\/aral2.cetrexmarketing.com\/","logo":{"@type":"ImageObject","inLanguage":"ca","@id":"https:\/\/aral2.cetrexmarketing.com\/#\/schema\/logo\/image\/","url":"https:\/\/aral2.cetrexmarketing.com\/wp-content\/uploads\/2024\/10\/aral-logo-neg-1024x409-1.png","contentUrl":"https:\/\/aral2.cetrexmarketing.com\/wp-content\/uploads\/2024\/10\/aral-logo-neg-1024x409-1.png","width":1024,"height":409,"caption":"M\u00f3n La Cata"},"image":{"@id":"https:\/\/aral2.cetrexmarketing.com\/#\/schema\/logo\/image\/"}}]}},"brands":[],"_links":{"self":[{"href":"https:\/\/aral2.cetrexmarketing.com\/ca\/wp-json\/wp\/v2\/product\/119604","targetHints":{"allow":["GET"]}}],"collection":[{"href":"https:\/\/aral2.cetrexmarketing.com\/ca\/wp-json\/wp\/v2\/product"}],"about":[{"href":"https:\/\/aral2.cetrexmarketing.com\/ca\/wp-json\/wp\/v2\/types\/product"}],"replies":[{"embeddable":true,"href":"https:\/\/aral2.cetrexmarketing.com\/ca\/wp-json\/wp\/v2\/comments?post=119604"}],"wp:featuredmedia":[{"embeddable":true,"href":"https:\/\/aral2.cetrexmarketing.com\/ca\/wp-json\/wp\/v2\/media\/119601"}],"wp:attachment":[{"href":"https:\/\/aral2.cetrexmarketing.com\/ca\/wp-json\/wp\/v2\/media?parent=119604"}],"wp:term":[{"taxonomy":"pwb-brand","embeddable":true,"href":"https:\/\/aral2.cetrexmarketing.com\/ca\/wp-json\/wp\/v2\/pwb-brand?post=119604"},{"taxonomy":"product_brand","embeddable":true,"href":"https:\/\/aral2.cetrexmarketing.com\/ca\/wp-json\/wp\/v2\/product_brand?post=119604"},{"taxonomy":"product_cat","embeddable":true,"href":"https:\/\/aral2.cetrexmarketing.com\/ca\/wp-json\/wp\/v2\/product_cat?post=119604"},{"taxonomy":"product_tag","embeddable":true,"href":"https:\/\/aral2.cetrexmarketing.com\/ca\/wp-json\/wp\/v2\/product_tag?post=119604"}],"curies":[{"name":"wp","href":"https:\/\/api.w.org\/{rel}","templated":true}]}}