{"id":118882,"date":"2025-05-27T04:12:37","date_gmt":"2025-05-27T04:12:37","guid":{"rendered":"https:\/\/aral2.cetrexmarketing.com\/producto\/bombay-sapphire-1-75l\/"},"modified":"2025-05-27T08:07:17","modified_gmt":"2025-05-27T08:07:17","slug":"bombay-sapphire-1-75l","status":"publish","type":"product","link":"https:\/\/aral2.cetrexmarketing.com\/ca\/producto\/bombay-sapphire-1-75l\/","title":{"rendered":"Bombay Sapphire 1.75L"},"content":{"rendered":"<p class=\"\" data-start=\"1592\" data-end=\"1863\"><strong data-start=\"1592\" data-end=\"1611\">Bombay Sapphire<\/strong> \u00e9s una ginebra premium d\u2019origen angl\u00e8s, reconeguda per la seva suavitat, puresa i perfil arom\u00e0tic inconfusible. Elaborada a partir d\u2019una infusi\u00f3 de vapor amb 10 bot\u00e0nics seleccionats arreu del m\u00f3n, Bombay Sapphire destaca per l\u2019equilibri i la frescor.<\/p>\n<p class=\"\" data-start=\"1865\" data-end=\"1901\"><strong data-start=\"1865\" data-end=\"1899\">Caracter\u00edstiques del producte:<\/strong><\/p>\n<ul data-start=\"1902\" data-end=\"2346\">\n<li class=\"\" data-start=\"1902\" data-end=\"1935\">\n<p class=\"\" data-start=\"1904\" data-end=\"1935\"><strong data-start=\"1904\" data-end=\"1914\">Tipus:<\/strong> Ginebra London Dry<\/p>\n<\/li>\n<li class=\"\" data-start=\"1936\" data-end=\"1962\">\n<p class=\"\" data-start=\"1938\" data-end=\"1962\"><strong data-start=\"1938\" data-end=\"1949\">Origen:<\/strong> Anglaterra<\/p>\n<\/li>\n<li class=\"\" data-start=\"1963\" data-end=\"1989\">\n<p class=\"\" data-start=\"1965\" data-end=\"1989\"><strong data-start=\"1965\" data-end=\"1975\">Volum:<\/strong> 1,75 litres<\/p>\n<\/li>\n<li class=\"\" data-start=\"1990\" data-end=\"2028\">\n<p class=\"\" data-start=\"1992\" data-end=\"2028\"><strong data-start=\"1992\" data-end=\"2017\">Graduaci\u00f3 alcoh\u00f2lica:<\/strong> 40% vol.<\/p>\n<\/li>\n<li class=\"\" data-start=\"2029\" data-end=\"2205\">\n<p class=\"\" data-start=\"2031\" data-end=\"2205\"><strong data-start=\"2031\" data-end=\"2055\">Bot\u00e0nics principals:<\/strong> Ginebr\u00f3, pell de llimona, regal\u00e8ssia, arrel d\u2019ang\u00e8lica, ametlla, escor\u00e7a de cassia, arrel d\u2019iris, llavors de coriandre, grans del parad\u00eds i cubeba.<\/p>\n<\/li>\n<li class=\"\" data-start=\"2206\" data-end=\"2346\">\n<p class=\"\" data-start=\"2208\" data-end=\"2346\"><strong data-start=\"2208\" data-end=\"2223\">Elaboraci\u00f3:<\/strong> Destil\u00b7laci\u00f3 en alamb\u00ed de coure amb infusi\u00f3 de vapor, que permet extreure de manera delicada els aromes i olis essencials.<\/p>\n<\/li>\n<\/ul>\n<p class=\"\" data-start=\"2348\" data-end=\"2368\"><strong data-start=\"2348\" data-end=\"2366\">Notes de tast:<\/strong><\/p>\n<ul data-start=\"2369\" data-end=\"2591\">\n<li class=\"\" data-start=\"2369\" data-end=\"2445\">\n<p class=\"\" data-start=\"2371\" data-end=\"2445\"><strong data-start=\"2371\" data-end=\"2381\">Aroma:<\/strong> Fresc, equilibrat, amb notes c\u00edtriques, florals i especiades.<\/p>\n<\/li>\n<li class=\"\" data-start=\"2446\" data-end=\"2535\">\n<p class=\"\" data-start=\"2448\" data-end=\"2535\"><strong data-start=\"2448\" data-end=\"2457\">Gust:<\/strong> Suau i rod\u00f3, amb predomini del ginebr\u00f3 i un fons herbaci i c\u00edtric molt net.<\/p>\n<\/li>\n<li class=\"\" data-start=\"2536\" data-end=\"2591\">\n<p class=\"\" data-start=\"2538\" data-end=\"2591\"><strong data-start=\"2538\" data-end=\"2548\">Final:<\/strong> Llarg, refrescant i lleugerament especiat.<\/p>\n<\/li>\n<\/ul>\n<p class=\"\" data-start=\"2593\" data-end=\"2814\"><strong data-start=\"2593\" data-end=\"2610\">\u00das recomanat:<\/strong><br data-start=\"2610\" data-end=\"2613\" \/>Perfecta per preparar gin-t\u00f2nics cl\u00e0ssics o c\u00f2ctels m\u00e9s elaborats com el dry martini o el negroni. El seu format de 1,75L \u00e9s ideal per a celebracions o per a qui valora la qualitat en grans quantitats.<\/p>\n<p class=\"\" data-start=\"2816\" data-end=\"2964\"><strong data-start=\"2816\" data-end=\"2830\">Conclusi\u00f3:<\/strong><br data-start=\"2830\" data-end=\"2833\" \/>Bombay Sapphire \u00e9s una ginebra vers\u00e0til, elegant i amb car\u00e0cter. Un imprescindible per a qualsevol amant de la ginebra de qualitat.<\/p>\n","protected":false},"excerpt":{"rendered":"<p>Bombay Sapphire 1.75L \u00e9s una ginebra premium ic\u00f2nica, coneguda per la seva suavitat i sabor distintiu. Origin\u00e0ria del Regne Unit, s&#8217;elabora amb una barreja \u00fanica de deu bot\u00e0nics seleccionats de tot el m\u00f3n, incloent baies de ginebre, ametlla, regal\u00e8ssia i closca de llimona. Utilitza un exclusiu proc\u00e9s de destil\u00b7laci\u00f3 per infusi\u00f3 de vapor, cosa que permet que els sabors dels bot\u00e0nics es barregin de manera equilibrada. El resultat \u00e9s una ginebra de perfil suau i complex, amb notes fresques i c\u00edtriques. Ideal per a c\u00f2ctels cl\u00e0ssics com el gint\u00f2nic o el martini. Bombay Sapphire \u00e9s una opci\u00f3 perfecta per als que busquen una experi\u00e8ncia de ginebra sofisticada i vers\u00e0til.<\/p>\n","protected":false},"featured_media":118879,"comment_status":"closed","ping_status":"closed","template":"","meta":{"_acf_changed":false},"pwb-brand":[],"product_brand":[],"product_cat":[51692,51712],"product_tag":[15389,52263,52442,15194,15195],"class_list":{"0":"post-118882","1":"product","2":"type-product","3":"status-publish","4":"has-post-thumbnail","6":"product_cat-destillats","7":"product_cat-ginebra-destillats","8":"product_tag-bombay-ca","9":"product_tag-bombay-sapphire-2","10":"product_tag-bombay-sapphire-1-75-l-2","11":"product_tag-gin-ca","12":"product_tag-ginebra-ca","13":"pa_destileria-thebombaysapphiredistillery-ca","14":"pa_formatoenml-38314","15":"pa_graduacion-40_0","16":"pa_pais-gran-bretanya","17":"entry","18":"has-media","20":"first","21":"instock","22":"taxable","23":"shipping-taxable","24":"purchasable","25":"product-type-simple"},"acf":[],"yoast_head":"<!-- This site is optimized with the Yoast SEO Premium plugin v23.1 (Yoast SEO v23.5) - https:\/\/yoast.com\/wordpress\/plugins\/seo\/ -->\n<title>Bombay Sapphire 1.75L - M\u00f3n La Cata<\/title>\n<meta name=\"description\" content=\"Comprar online al millor preu la ginebra Bombay Sapphire 1.75L a Mon la Cata. Web especilitzada en destil\u00b7lats, vins i alimentaci\u00f3 gourmet.\" \/>\n<meta name=\"robots\" content=\"noindex, follow, max-snippet:-1, max-image-preview:large, max-video-preview:-1\" \/>\n<meta property=\"og:locale\" content=\"ca_ES\" \/>\n<meta property=\"og:type\" content=\"article\" \/>\n<meta property=\"og:title\" content=\"Bombay Sapphire 1.75L\" \/>\n<meta property=\"og:description\" content=\"Comprar online al millor preu la ginebra Bombay Sapphire 1.75L a Mon la Cata. Web especilitzada en destil\u00b7lats, vins i alimentaci\u00f3 gourmet.\" \/>\n<meta property=\"og:url\" content=\"https:\/\/aral2.cetrexmarketing.com\/ca\/producto\/bombay-sapphire-1-75l\/\" \/>\n<meta property=\"og:site_name\" content=\"M\u00f3n La Cata\" \/>\n<meta property=\"article:modified_time\" content=\"2025-05-27T08:07:17+00:00\" \/>\n<meta property=\"og:image\" content=\"https:\/\/aral2.cetrexmarketing.com\/wp-content\/uploads\/2025\/05\/bombay-saphire-17l.jpg.png\" \/>\n\t<meta property=\"og:image:width\" content=\"765\" \/>\n\t<meta property=\"og:image:height\" content=\"1024\" \/>\n\t<meta property=\"og:image:type\" content=\"image\/png\" \/>\n<meta name=\"twitter:card\" content=\"summary_large_image\" \/>\n<meta name=\"twitter:label1\" content=\"Temps estimat de lectura\" \/>\n\t<meta name=\"twitter:data1\" content=\"2 minuts\" \/>\n<script type=\"application\/ld+json\" class=\"yoast-schema-graph\">{\"@context\":\"https:\/\/schema.org\",\"@graph\":[{\"@type\":\"WebPage\",\"@id\":\"https:\/\/aral2.cetrexmarketing.com\/ca\/producto\/bombay-sapphire-1-75l\/\",\"url\":\"https:\/\/aral2.cetrexmarketing.com\/ca\/producto\/bombay-sapphire-1-75l\/\",\"name\":\"Bombay Sapphire 1.75L - M\u00f3n La Cata\",\"isPartOf\":{\"@id\":\"https:\/\/aral2.cetrexmarketing.com\/#website\"},\"primaryImageOfPage\":{\"@id\":\"https:\/\/aral2.cetrexmarketing.com\/ca\/producto\/bombay-sapphire-1-75l\/#primaryimage\"},\"image\":{\"@id\":\"https:\/\/aral2.cetrexmarketing.com\/ca\/producto\/bombay-sapphire-1-75l\/#primaryimage\"},\"thumbnailUrl\":\"https:\/\/aral2.cetrexmarketing.com\/wp-content\/uploads\/2025\/05\/bombay-saphire-17l.jpg.png\",\"datePublished\":\"2025-05-27T04:12:37+00:00\",\"dateModified\":\"2025-05-27T08:07:17+00:00\",\"description\":\"Comprar online al millor preu la ginebra Bombay Sapphire 1.75L a Mon la Cata. Web especilitzada en destil\u00b7lats, vins i alimentaci\u00f3 gourmet.\",\"breadcrumb\":{\"@id\":\"https:\/\/aral2.cetrexmarketing.com\/ca\/producto\/bombay-sapphire-1-75l\/#breadcrumb\"},\"inLanguage\":\"ca\",\"potentialAction\":[{\"@type\":\"ReadAction\",\"target\":[\"https:\/\/aral2.cetrexmarketing.com\/ca\/producto\/bombay-sapphire-1-75l\/\"]}]},{\"@type\":\"ImageObject\",\"inLanguage\":\"ca\",\"@id\":\"https:\/\/aral2.cetrexmarketing.com\/ca\/producto\/bombay-sapphire-1-75l\/#primaryimage\",\"url\":\"https:\/\/aral2.cetrexmarketing.com\/wp-content\/uploads\/2025\/05\/bombay-saphire-17l.jpg.png\",\"contentUrl\":\"https:\/\/aral2.cetrexmarketing.com\/wp-content\/uploads\/2025\/05\/bombay-saphire-17l.jpg.png\",\"width\":765,\"height\":1024},{\"@type\":\"BreadcrumbList\",\"@id\":\"https:\/\/aral2.cetrexmarketing.com\/ca\/producto\/bombay-sapphire-1-75l\/#breadcrumb\",\"itemListElement\":[{\"@type\":\"ListItem\",\"position\":1,\"name\":\"Home\",\"item\":\"https:\/\/aral2.cetrexmarketing.com\/ca\/\"},{\"@type\":\"ListItem\",\"position\":2,\"name\":\"Tienda\",\"item\":\"https:\/\/aral2.cetrexmarketing.com\/ca\/tienda-2\/\"},{\"@type\":\"ListItem\",\"position\":3,\"name\":\"Destilados\",\"item\":\"https:\/\/aral2.cetrexmarketing.com\/categoria-producto\/inicio\/destilados\/\"},{\"@type\":\"ListItem\",\"position\":4,\"name\":\"Bombay Sapphire 1.75L\"}]},{\"@type\":\"WebSite\",\"@id\":\"https:\/\/aral2.cetrexmarketing.com\/#website\",\"url\":\"https:\/\/aral2.cetrexmarketing.com\/\",\"name\":\"M\u00f3n La Cata\",\"description\":\"Tienda de vinos, licores, cervezas y gourmet\",\"publisher\":{\"@id\":\"https:\/\/aral2.cetrexmarketing.com\/#organization\"},\"potentialAction\":[{\"@type\":\"SearchAction\",\"target\":{\"@type\":\"EntryPoint\",\"urlTemplate\":\"https:\/\/aral2.cetrexmarketing.com\/?s={search_term_string}\"},\"query-input\":{\"@type\":\"PropertyValueSpecification\",\"valueRequired\":true,\"valueName\":\"search_term_string\"}}],\"inLanguage\":\"ca\"},{\"@type\":\"Organization\",\"@id\":\"https:\/\/aral2.cetrexmarketing.com\/#organization\",\"name\":\"M\u00f3n La Cata\",\"url\":\"https:\/\/aral2.cetrexmarketing.com\/\",\"logo\":{\"@type\":\"ImageObject\",\"inLanguage\":\"ca\",\"@id\":\"https:\/\/aral2.cetrexmarketing.com\/#\/schema\/logo\/image\/\",\"url\":\"https:\/\/aral2.cetrexmarketing.com\/wp-content\/uploads\/2024\/10\/aral-logo-neg-1024x409-1.png\",\"contentUrl\":\"https:\/\/aral2.cetrexmarketing.com\/wp-content\/uploads\/2024\/10\/aral-logo-neg-1024x409-1.png\",\"width\":1024,\"height\":409,\"caption\":\"M\u00f3n La Cata\"},\"image\":{\"@id\":\"https:\/\/aral2.cetrexmarketing.com\/#\/schema\/logo\/image\/\"}}]}<\/script>\n<!-- \/ Yoast SEO Premium plugin. -->","yoast_head_json":{"title":"Bombay Sapphire 1.75L - M\u00f3n La Cata","description":"Comprar online al millor preu la ginebra Bombay Sapphire 1.75L a Mon la Cata. Web especilitzada en destil\u00b7lats, vins i alimentaci\u00f3 gourmet.","robots":{"index":"noindex","follow":"follow","max-snippet":"max-snippet:-1","max-image-preview":"max-image-preview:large","max-video-preview":"max-video-preview:-1"},"og_locale":"ca_ES","og_type":"article","og_title":"Bombay Sapphire 1.75L","og_description":"Comprar online al millor preu la ginebra Bombay Sapphire 1.75L a Mon la Cata. Web especilitzada en destil\u00b7lats, vins i alimentaci\u00f3 gourmet.","og_url":"https:\/\/aral2.cetrexmarketing.com\/ca\/producto\/bombay-sapphire-1-75l\/","og_site_name":"M\u00f3n La Cata","article_modified_time":"2025-05-27T08:07:17+00:00","og_image":[{"width":765,"height":1024,"url":"https:\/\/aral2.cetrexmarketing.com\/wp-content\/uploads\/2025\/05\/bombay-saphire-17l.jpg.png","type":"image\/png"}],"twitter_card":"summary_large_image","twitter_misc":{"Temps estimat de lectura":"2 minuts"},"schema":{"@context":"https:\/\/schema.org","@graph":[{"@type":"WebPage","@id":"https:\/\/aral2.cetrexmarketing.com\/ca\/producto\/bombay-sapphire-1-75l\/","url":"https:\/\/aral2.cetrexmarketing.com\/ca\/producto\/bombay-sapphire-1-75l\/","name":"Bombay Sapphire 1.75L - M\u00f3n La Cata","isPartOf":{"@id":"https:\/\/aral2.cetrexmarketing.com\/#website"},"primaryImageOfPage":{"@id":"https:\/\/aral2.cetrexmarketing.com\/ca\/producto\/bombay-sapphire-1-75l\/#primaryimage"},"image":{"@id":"https:\/\/aral2.cetrexmarketing.com\/ca\/producto\/bombay-sapphire-1-75l\/#primaryimage"},"thumbnailUrl":"https:\/\/aral2.cetrexmarketing.com\/wp-content\/uploads\/2025\/05\/bombay-saphire-17l.jpg.png","datePublished":"2025-05-27T04:12:37+00:00","dateModified":"2025-05-27T08:07:17+00:00","description":"Comprar online al millor preu la ginebra Bombay Sapphire 1.75L a Mon la Cata. Web especilitzada en destil\u00b7lats, vins i alimentaci\u00f3 gourmet.","breadcrumb":{"@id":"https:\/\/aral2.cetrexmarketing.com\/ca\/producto\/bombay-sapphire-1-75l\/#breadcrumb"},"inLanguage":"ca","potentialAction":[{"@type":"ReadAction","target":["https:\/\/aral2.cetrexmarketing.com\/ca\/producto\/bombay-sapphire-1-75l\/"]}]},{"@type":"ImageObject","inLanguage":"ca","@id":"https:\/\/aral2.cetrexmarketing.com\/ca\/producto\/bombay-sapphire-1-75l\/#primaryimage","url":"https:\/\/aral2.cetrexmarketing.com\/wp-content\/uploads\/2025\/05\/bombay-saphire-17l.jpg.png","contentUrl":"https:\/\/aral2.cetrexmarketing.com\/wp-content\/uploads\/2025\/05\/bombay-saphire-17l.jpg.png","width":765,"height":1024},{"@type":"BreadcrumbList","@id":"https:\/\/aral2.cetrexmarketing.com\/ca\/producto\/bombay-sapphire-1-75l\/#breadcrumb","itemListElement":[{"@type":"ListItem","position":1,"name":"Home","item":"https:\/\/aral2.cetrexmarketing.com\/ca\/"},{"@type":"ListItem","position":2,"name":"Tienda","item":"https:\/\/aral2.cetrexmarketing.com\/ca\/tienda-2\/"},{"@type":"ListItem","position":3,"name":"Destilados","item":"https:\/\/aral2.cetrexmarketing.com\/categoria-producto\/inicio\/destilados\/"},{"@type":"ListItem","position":4,"name":"Bombay Sapphire 1.75L"}]},{"@type":"WebSite","@id":"https:\/\/aral2.cetrexmarketing.com\/#website","url":"https:\/\/aral2.cetrexmarketing.com\/","name":"M\u00f3n La Cata","description":"Tienda de vinos, licores, cervezas y gourmet","publisher":{"@id":"https:\/\/aral2.cetrexmarketing.com\/#organization"},"potentialAction":[{"@type":"SearchAction","target":{"@type":"EntryPoint","urlTemplate":"https:\/\/aral2.cetrexmarketing.com\/?s={search_term_string}"},"query-input":{"@type":"PropertyValueSpecification","valueRequired":true,"valueName":"search_term_string"}}],"inLanguage":"ca"},{"@type":"Organization","@id":"https:\/\/aral2.cetrexmarketing.com\/#organization","name":"M\u00f3n La Cata","url":"https:\/\/aral2.cetrexmarketing.com\/","logo":{"@type":"ImageObject","inLanguage":"ca","@id":"https:\/\/aral2.cetrexmarketing.com\/#\/schema\/logo\/image\/","url":"https:\/\/aral2.cetrexmarketing.com\/wp-content\/uploads\/2024\/10\/aral-logo-neg-1024x409-1.png","contentUrl":"https:\/\/aral2.cetrexmarketing.com\/wp-content\/uploads\/2024\/10\/aral-logo-neg-1024x409-1.png","width":1024,"height":409,"caption":"M\u00f3n La Cata"},"image":{"@id":"https:\/\/aral2.cetrexmarketing.com\/#\/schema\/logo\/image\/"}}]}},"brands":[],"_links":{"self":[{"href":"https:\/\/aral2.cetrexmarketing.com\/ca\/wp-json\/wp\/v2\/product\/118882","targetHints":{"allow":["GET"]}}],"collection":[{"href":"https:\/\/aral2.cetrexmarketing.com\/ca\/wp-json\/wp\/v2\/product"}],"about":[{"href":"https:\/\/aral2.cetrexmarketing.com\/ca\/wp-json\/wp\/v2\/types\/product"}],"replies":[{"embeddable":true,"href":"https:\/\/aral2.cetrexmarketing.com\/ca\/wp-json\/wp\/v2\/comments?post=118882"}],"wp:featuredmedia":[{"embeddable":true,"href":"https:\/\/aral2.cetrexmarketing.com\/ca\/wp-json\/wp\/v2\/media\/118879"}],"wp:attachment":[{"href":"https:\/\/aral2.cetrexmarketing.com\/ca\/wp-json\/wp\/v2\/media?parent=118882"}],"wp:term":[{"taxonomy":"pwb-brand","embeddable":true,"href":"https:\/\/aral2.cetrexmarketing.com\/ca\/wp-json\/wp\/v2\/pwb-brand?post=118882"},{"taxonomy":"product_brand","embeddable":true,"href":"https:\/\/aral2.cetrexmarketing.com\/ca\/wp-json\/wp\/v2\/product_brand?post=118882"},{"taxonomy":"product_cat","embeddable":true,"href":"https:\/\/aral2.cetrexmarketing.com\/ca\/wp-json\/wp\/v2\/product_cat?post=118882"},{"taxonomy":"product_tag","embeddable":true,"href":"https:\/\/aral2.cetrexmarketing.com\/ca\/wp-json\/wp\/v2\/product_tag?post=118882"}],"curies":[{"name":"wp","href":"https:\/\/api.w.org\/{rel}","templated":true}]}}