{"id":118496,"date":"2025-05-26T13:42:04","date_gmt":"2025-05-26T13:42:04","guid":{"rendered":"https:\/\/aral2.cetrexmarketing.com\/producto\/fundador-sherry-cask-doble-fusta\/"},"modified":"2025-05-27T08:06:22","modified_gmt":"2025-05-27T08:06:22","slug":"fundador-sherry-cask-doble-fusta","status":"publish","type":"product","link":"https:\/\/aral2.cetrexmarketing.com\/ca\/producto\/fundador-sherry-cask-doble-fusta\/","title":{"rendered":"Fundador Sherry Cask Doble Fusta"},"content":{"rendered":"<p><strong>Fundador Sherry Cask Doble Fusta<\/strong> Fundador Sherry Cask Doble Fusta \u00e9s una edici\u00f3 especial del brandi Fundador, destacant pel seu envelliment en dues etapes de barriques de xer\u00e8s. Aquest brandi es destil\u00b7la amb gran cura i se sotmet a un proc\u00e9s de maduraci\u00f3 en dos tipus de barriques de roure que pr\u00e8viament contenien xer\u00e8s, la qual cosa intensifica els matisos de sabor. El resultat \u00e9s una beguda amb una complexitat rica, amb notes profundes de fruita seca, caramel, esp\u00e8cies i un elegant toc de fusta. La seva suavitat i profunditat ho fan ideal per a gaudir-ho nom\u00e9s, a temperatura ambient, o com a component en c\u00f2ctels sofisticats. Fundador Sherry Cask Doble Fusta \u00e9s perfecte per als amants del brandi que busquen una experi\u00e8ncia de degustaci\u00f3 premium.<\/p>\n","protected":false},"excerpt":{"rendered":"<p>Fundador Sherry Cask Doble Fusta Fundador Sherry Cask Doble Fusta \u00e9s una edici\u00f3 especial del brandi Fundador, destacant pel seu envelliment en dues etapes de barriques de xer\u00e8s. Aquest brandi es destil\u00b7la amb gran cura i se sotmet a un proc\u00e9s de maduraci\u00f3 en dos tipus de barriques de roure que pr\u00e8viament contenien xer\u00e8s, la&hellip;<\/p>\n","protected":false},"featured_media":112445,"comment_status":"closed","ping_status":"closed","template":"","meta":{"_acf_changed":false},"pwb-brand":[],"product_brand":[],"product_cat":[51710,51692],"product_tag":[51481,51477,51482],"class_list":{"0":"post-118496","1":"product","2":"type-product","3":"status-publish","4":"has-post-thumbnail","6":"product_cat-brandy","7":"product_cat-destillats","8":"product_tag-brandy-fundador-ca","9":"product_tag-fundador-ca","10":"product_tag-fundador-sherry-cask-doble-fusta","11":"pa_formatoenml-38307","12":"pa_graduacion-36_0","13":"pa_pais-espanya-ca","14":"entry","15":"has-media","17":"first","18":"instock","19":"taxable","20":"shipping-taxable","21":"purchasable","22":"product-type-simple"},"acf":[],"yoast_head":"<!-- This site is optimized with the Yoast SEO Premium plugin v23.1 (Yoast SEO v23.5) - https:\/\/yoast.com\/wordpress\/plugins\/seo\/ -->\n<title>Fundador Sherry Cask Doble Fusta - M\u00f3n La Cata<\/title>\n<meta name=\"description\" content=\"Comprar el brandy Fundador Sherry Cask Doble Fusta Botiga online especilitzada en vi i alimentaci\u00f3. Trameses puntuals i promocions.\" \/>\n<meta name=\"robots\" content=\"noindex, follow, max-snippet:-1, max-image-preview:large, max-video-preview:-1\" \/>\n<meta property=\"og:locale\" content=\"ca_ES\" \/>\n<meta property=\"og:type\" content=\"article\" \/>\n<meta property=\"og:title\" content=\"Fundador Sherry Cask Doble Fusta\" \/>\n<meta property=\"og:description\" content=\"Comprar el brandy Fundador Sherry Cask Doble Fusta Botiga online especilitzada en vi i alimentaci\u00f3. Trameses puntuals i promocions.\" \/>\n<meta property=\"og:url\" content=\"https:\/\/aral2.cetrexmarketing.com\/ca\/producto\/fundador-sherry-cask-doble-fusta\/\" \/>\n<meta property=\"og:site_name\" content=\"M\u00f3n La Cata\" \/>\n<meta property=\"article:modified_time\" content=\"2025-05-27T08:06:22+00:00\" \/>\n<meta property=\"og:image\" content=\"https:\/\/aral2.cetrexmarketing.com\/wp-content\/uploads\/2025\/05\/BRANDY-FUNDADOR-SHERRY-CASK-DOBLE-MADERA.png\" \/>\n\t<meta property=\"og:image:width\" content=\"765\" \/>\n\t<meta property=\"og:image:height\" content=\"1024\" \/>\n\t<meta property=\"og:image:type\" content=\"image\/png\" \/>\n<meta name=\"twitter:card\" content=\"summary_large_image\" \/>\n<meta name=\"twitter:label1\" content=\"Temps estimat de lectura\" \/>\n\t<meta name=\"twitter:data1\" content=\"1 minut\" \/>\n<script type=\"application\/ld+json\" class=\"yoast-schema-graph\">{\"@context\":\"https:\/\/schema.org\",\"@graph\":[{\"@type\":\"WebPage\",\"@id\":\"https:\/\/aral2.cetrexmarketing.com\/ca\/producto\/fundador-sherry-cask-doble-fusta\/\",\"url\":\"https:\/\/aral2.cetrexmarketing.com\/ca\/producto\/fundador-sherry-cask-doble-fusta\/\",\"name\":\"Fundador Sherry Cask Doble Fusta - M\u00f3n La Cata\",\"isPartOf\":{\"@id\":\"https:\/\/aral2.cetrexmarketing.com\/#website\"},\"primaryImageOfPage\":{\"@id\":\"https:\/\/aral2.cetrexmarketing.com\/ca\/producto\/fundador-sherry-cask-doble-fusta\/#primaryimage\"},\"image\":{\"@id\":\"https:\/\/aral2.cetrexmarketing.com\/ca\/producto\/fundador-sherry-cask-doble-fusta\/#primaryimage\"},\"thumbnailUrl\":\"https:\/\/aral2.cetrexmarketing.com\/wp-content\/uploads\/2025\/05\/BRANDY-FUNDADOR-SHERRY-CASK-DOBLE-MADERA.png\",\"datePublished\":\"2025-05-26T13:42:04+00:00\",\"dateModified\":\"2025-05-27T08:06:22+00:00\",\"description\":\"Comprar el brandy Fundador Sherry Cask Doble Fusta Botiga online especilitzada en vi i alimentaci\u00f3. Trameses puntuals i promocions.\",\"breadcrumb\":{\"@id\":\"https:\/\/aral2.cetrexmarketing.com\/ca\/producto\/fundador-sherry-cask-doble-fusta\/#breadcrumb\"},\"inLanguage\":\"ca\",\"potentialAction\":[{\"@type\":\"ReadAction\",\"target\":[\"https:\/\/aral2.cetrexmarketing.com\/ca\/producto\/fundador-sherry-cask-doble-fusta\/\"]}]},{\"@type\":\"ImageObject\",\"inLanguage\":\"ca\",\"@id\":\"https:\/\/aral2.cetrexmarketing.com\/ca\/producto\/fundador-sherry-cask-doble-fusta\/#primaryimage\",\"url\":\"https:\/\/aral2.cetrexmarketing.com\/wp-content\/uploads\/2025\/05\/BRANDY-FUNDADOR-SHERRY-CASK-DOBLE-MADERA.png\",\"contentUrl\":\"https:\/\/aral2.cetrexmarketing.com\/wp-content\/uploads\/2025\/05\/BRANDY-FUNDADOR-SHERRY-CASK-DOBLE-MADERA.png\",\"width\":765,\"height\":1024},{\"@type\":\"BreadcrumbList\",\"@id\":\"https:\/\/aral2.cetrexmarketing.com\/ca\/producto\/fundador-sherry-cask-doble-fusta\/#breadcrumb\",\"itemListElement\":[{\"@type\":\"ListItem\",\"position\":1,\"name\":\"Home\",\"item\":\"https:\/\/aral2.cetrexmarketing.com\/ca\/\"},{\"@type\":\"ListItem\",\"position\":2,\"name\":\"Tienda\",\"item\":\"https:\/\/aral2.cetrexmarketing.com\/ca\/tienda-2\/\"},{\"@type\":\"ListItem\",\"position\":3,\"name\":\"Destilados\",\"item\":\"https:\/\/aral2.cetrexmarketing.com\/categoria-producto\/inicio\/destilados\/\"},{\"@type\":\"ListItem\",\"position\":4,\"name\":\"Fundador Sherry Cask Doble Fusta\"}]},{\"@type\":\"WebSite\",\"@id\":\"https:\/\/aral2.cetrexmarketing.com\/#website\",\"url\":\"https:\/\/aral2.cetrexmarketing.com\/\",\"name\":\"M\u00f3n La Cata\",\"description\":\"Tienda de vinos, licores, cervezas y gourmet\",\"publisher\":{\"@id\":\"https:\/\/aral2.cetrexmarketing.com\/#organization\"},\"potentialAction\":[{\"@type\":\"SearchAction\",\"target\":{\"@type\":\"EntryPoint\",\"urlTemplate\":\"https:\/\/aral2.cetrexmarketing.com\/?s={search_term_string}\"},\"query-input\":{\"@type\":\"PropertyValueSpecification\",\"valueRequired\":true,\"valueName\":\"search_term_string\"}}],\"inLanguage\":\"ca\"},{\"@type\":\"Organization\",\"@id\":\"https:\/\/aral2.cetrexmarketing.com\/#organization\",\"name\":\"M\u00f3n La Cata\",\"url\":\"https:\/\/aral2.cetrexmarketing.com\/\",\"logo\":{\"@type\":\"ImageObject\",\"inLanguage\":\"ca\",\"@id\":\"https:\/\/aral2.cetrexmarketing.com\/#\/schema\/logo\/image\/\",\"url\":\"https:\/\/aral2.cetrexmarketing.com\/wp-content\/uploads\/2024\/10\/aral-logo-neg-1024x409-1.png\",\"contentUrl\":\"https:\/\/aral2.cetrexmarketing.com\/wp-content\/uploads\/2024\/10\/aral-logo-neg-1024x409-1.png\",\"width\":1024,\"height\":409,\"caption\":\"M\u00f3n La Cata\"},\"image\":{\"@id\":\"https:\/\/aral2.cetrexmarketing.com\/#\/schema\/logo\/image\/\"}}]}<\/script>\n<!-- \/ Yoast SEO Premium plugin. -->","yoast_head_json":{"title":"Fundador Sherry Cask Doble Fusta - M\u00f3n La Cata","description":"Comprar el brandy Fundador Sherry Cask Doble Fusta Botiga online especilitzada en vi i alimentaci\u00f3. Trameses puntuals i promocions.","robots":{"index":"noindex","follow":"follow","max-snippet":"max-snippet:-1","max-image-preview":"max-image-preview:large","max-video-preview":"max-video-preview:-1"},"og_locale":"ca_ES","og_type":"article","og_title":"Fundador Sherry Cask Doble Fusta","og_description":"Comprar el brandy Fundador Sherry Cask Doble Fusta Botiga online especilitzada en vi i alimentaci\u00f3. Trameses puntuals i promocions.","og_url":"https:\/\/aral2.cetrexmarketing.com\/ca\/producto\/fundador-sherry-cask-doble-fusta\/","og_site_name":"M\u00f3n La Cata","article_modified_time":"2025-05-27T08:06:22+00:00","og_image":[{"width":765,"height":1024,"url":"https:\/\/aral2.cetrexmarketing.com\/wp-content\/uploads\/2025\/05\/BRANDY-FUNDADOR-SHERRY-CASK-DOBLE-MADERA.png","type":"image\/png"}],"twitter_card":"summary_large_image","twitter_misc":{"Temps estimat de lectura":"1 minut"},"schema":{"@context":"https:\/\/schema.org","@graph":[{"@type":"WebPage","@id":"https:\/\/aral2.cetrexmarketing.com\/ca\/producto\/fundador-sherry-cask-doble-fusta\/","url":"https:\/\/aral2.cetrexmarketing.com\/ca\/producto\/fundador-sherry-cask-doble-fusta\/","name":"Fundador Sherry Cask Doble Fusta - M\u00f3n La Cata","isPartOf":{"@id":"https:\/\/aral2.cetrexmarketing.com\/#website"},"primaryImageOfPage":{"@id":"https:\/\/aral2.cetrexmarketing.com\/ca\/producto\/fundador-sherry-cask-doble-fusta\/#primaryimage"},"image":{"@id":"https:\/\/aral2.cetrexmarketing.com\/ca\/producto\/fundador-sherry-cask-doble-fusta\/#primaryimage"},"thumbnailUrl":"https:\/\/aral2.cetrexmarketing.com\/wp-content\/uploads\/2025\/05\/BRANDY-FUNDADOR-SHERRY-CASK-DOBLE-MADERA.png","datePublished":"2025-05-26T13:42:04+00:00","dateModified":"2025-05-27T08:06:22+00:00","description":"Comprar el brandy Fundador Sherry Cask Doble Fusta Botiga online especilitzada en vi i alimentaci\u00f3. Trameses puntuals i promocions.","breadcrumb":{"@id":"https:\/\/aral2.cetrexmarketing.com\/ca\/producto\/fundador-sherry-cask-doble-fusta\/#breadcrumb"},"inLanguage":"ca","potentialAction":[{"@type":"ReadAction","target":["https:\/\/aral2.cetrexmarketing.com\/ca\/producto\/fundador-sherry-cask-doble-fusta\/"]}]},{"@type":"ImageObject","inLanguage":"ca","@id":"https:\/\/aral2.cetrexmarketing.com\/ca\/producto\/fundador-sherry-cask-doble-fusta\/#primaryimage","url":"https:\/\/aral2.cetrexmarketing.com\/wp-content\/uploads\/2025\/05\/BRANDY-FUNDADOR-SHERRY-CASK-DOBLE-MADERA.png","contentUrl":"https:\/\/aral2.cetrexmarketing.com\/wp-content\/uploads\/2025\/05\/BRANDY-FUNDADOR-SHERRY-CASK-DOBLE-MADERA.png","width":765,"height":1024},{"@type":"BreadcrumbList","@id":"https:\/\/aral2.cetrexmarketing.com\/ca\/producto\/fundador-sherry-cask-doble-fusta\/#breadcrumb","itemListElement":[{"@type":"ListItem","position":1,"name":"Home","item":"https:\/\/aral2.cetrexmarketing.com\/ca\/"},{"@type":"ListItem","position":2,"name":"Tienda","item":"https:\/\/aral2.cetrexmarketing.com\/ca\/tienda-2\/"},{"@type":"ListItem","position":3,"name":"Destilados","item":"https:\/\/aral2.cetrexmarketing.com\/categoria-producto\/inicio\/destilados\/"},{"@type":"ListItem","position":4,"name":"Fundador Sherry Cask Doble Fusta"}]},{"@type":"WebSite","@id":"https:\/\/aral2.cetrexmarketing.com\/#website","url":"https:\/\/aral2.cetrexmarketing.com\/","name":"M\u00f3n La Cata","description":"Tienda de vinos, licores, cervezas y gourmet","publisher":{"@id":"https:\/\/aral2.cetrexmarketing.com\/#organization"},"potentialAction":[{"@type":"SearchAction","target":{"@type":"EntryPoint","urlTemplate":"https:\/\/aral2.cetrexmarketing.com\/?s={search_term_string}"},"query-input":{"@type":"PropertyValueSpecification","valueRequired":true,"valueName":"search_term_string"}}],"inLanguage":"ca"},{"@type":"Organization","@id":"https:\/\/aral2.cetrexmarketing.com\/#organization","name":"M\u00f3n La Cata","url":"https:\/\/aral2.cetrexmarketing.com\/","logo":{"@type":"ImageObject","inLanguage":"ca","@id":"https:\/\/aral2.cetrexmarketing.com\/#\/schema\/logo\/image\/","url":"https:\/\/aral2.cetrexmarketing.com\/wp-content\/uploads\/2024\/10\/aral-logo-neg-1024x409-1.png","contentUrl":"https:\/\/aral2.cetrexmarketing.com\/wp-content\/uploads\/2024\/10\/aral-logo-neg-1024x409-1.png","width":1024,"height":409,"caption":"M\u00f3n La Cata"},"image":{"@id":"https:\/\/aral2.cetrexmarketing.com\/#\/schema\/logo\/image\/"}}]}},"brands":[],"_links":{"self":[{"href":"https:\/\/aral2.cetrexmarketing.com\/ca\/wp-json\/wp\/v2\/product\/118496","targetHints":{"allow":["GET"]}}],"collection":[{"href":"https:\/\/aral2.cetrexmarketing.com\/ca\/wp-json\/wp\/v2\/product"}],"about":[{"href":"https:\/\/aral2.cetrexmarketing.com\/ca\/wp-json\/wp\/v2\/types\/product"}],"replies":[{"embeddable":true,"href":"https:\/\/aral2.cetrexmarketing.com\/ca\/wp-json\/wp\/v2\/comments?post=118496"}],"wp:featuredmedia":[{"embeddable":true,"href":"https:\/\/aral2.cetrexmarketing.com\/ca\/wp-json\/wp\/v2\/media\/112445"}],"wp:attachment":[{"href":"https:\/\/aral2.cetrexmarketing.com\/ca\/wp-json\/wp\/v2\/media?parent=118496"}],"wp:term":[{"taxonomy":"pwb-brand","embeddable":true,"href":"https:\/\/aral2.cetrexmarketing.com\/ca\/wp-json\/wp\/v2\/pwb-brand?post=118496"},{"taxonomy":"product_brand","embeddable":true,"href":"https:\/\/aral2.cetrexmarketing.com\/ca\/wp-json\/wp\/v2\/product_brand?post=118496"},{"taxonomy":"product_cat","embeddable":true,"href":"https:\/\/aral2.cetrexmarketing.com\/ca\/wp-json\/wp\/v2\/product_cat?post=118496"},{"taxonomy":"product_tag","embeddable":true,"href":"https:\/\/aral2.cetrexmarketing.com\/ca\/wp-json\/wp\/v2\/product_tag?post=118496"}],"curies":[{"name":"wp","href":"https:\/\/api.w.org\/{rel}","templated":true}]}}