{"id":118493,"date":"2025-05-26T13:44:43","date_gmt":"2025-05-26T13:44:43","guid":{"rendered":"https:\/\/aral2.cetrexmarketing.com\/producto\/finlandia-cranberry-1l\/"},"modified":"2025-05-27T08:06:17","modified_gmt":"2025-05-27T08:06:17","slug":"finlandia-cranberry-1l","status":"publish","type":"product","link":"https:\/\/aral2.cetrexmarketing.com\/ca\/producto\/finlandia-cranberry-1l\/","title":{"rendered":"Finlandia Cranberry 1L"},"content":{"rendered":"<p><strong>Finlandia Cranberry 1L<\/strong> Finlandia Cranberry 1L \u00e9s un vodka premium d&#8217;origen finland\u00e8s, elaborat a partir d&#8217;aigua de font glacial pura i gra d&#8217;ordi de la m\u00e9s alta qualitat. Aquesta versi\u00f3 de Finl\u00e0ndia incorpora l&#8217;ess\u00e8ncia natural del nabiu vermell (cranberry), oferint un sabor fresc i afruitat amb un equilibri perfecte entre la dol\u00e7or i l&#8217;acidesa del nabiu. Amb una textura suau i una gran versatilitat, Finl\u00e0ndia Cranberry \u00e9s ideal per a gaudir-la sola, amb gel, o com a base en c\u00f2ctels refrescants. La seva qualitat i sabor refinat la converteixen en una opci\u00f3 excel\u00b7lent per a qualsevol ocasi\u00f3.<\/p>\n","protected":false},"excerpt":{"rendered":"<p>Finlandia Cranberry 1L Finlandia Cranberry 1L \u00e9s un vodka premium d&#8217;origen finland\u00e8s, elaborat a partir d&#8217;aigua de font glacial pura i gra d&#8217;ordi de la m\u00e9s alta qualitat. Aquesta versi\u00f3 de Finl\u00e0ndia incorpora l&#8217;ess\u00e8ncia natural del nabiu vermell (cranberry), oferint un sabor fresc i afruitat amb un equilibri perfecte entre la dol\u00e7or i l&#8217;acidesa del&hellip;<\/p>\n","protected":false},"featured_media":112637,"comment_status":"closed","ping_status":"closed","template":"","meta":{"_acf_changed":false},"pwb-brand":[],"product_brand":[],"product_cat":[51692,51732],"product_tag":[51475,51473,51472,15252,51474],"class_list":{"0":"post-118493","1":"product","2":"type-product","3":"status-publish","4":"has-post-thumbnail","6":"product_cat-destillats","7":"product_cat-vodka-destillats","8":"product_tag-cranberry-ca","9":"product_tag-finlandia-ca","10":"product_tag-finlandia-cranberry-1l-ca","11":"product_tag-vodka-ca","12":"product_tag-vodka-de-finlandia-ca","13":"pa_formatoenml-38308","14":"pa_graduacion-37_5","15":"pa_pais-finlandia-ca-2","16":"entry","17":"has-media","19":"first","20":"instock","21":"taxable","22":"shipping-taxable","23":"purchasable","24":"product-type-simple"},"acf":[],"yoast_head":"<!-- This site is optimized with the Yoast SEO Premium plugin v23.1 (Yoast SEO v23.5) - https:\/\/yoast.com\/wordpress\/plugins\/seo\/ -->\n<title>Finlandia Cranberry 1L - M\u00f3n La Cata<\/title>\n<meta name=\"description\" content=\"Comprar el Finlandia Cranberry 1L Botiga online especialitzada en vi, destil\u00b7lat i alimentaci\u00f3. Trameses puntuals i promocions.\" \/>\n<meta name=\"robots\" content=\"noindex, follow, max-snippet:-1, max-image-preview:large, max-video-preview:-1\" \/>\n<meta property=\"og:locale\" content=\"ca_ES\" \/>\n<meta property=\"og:type\" content=\"article\" \/>\n<meta property=\"og:title\" content=\"Finlandia Cranberry 1L\" \/>\n<meta property=\"og:description\" content=\"Comprar el Finlandia Cranberry 1L Botiga online especialitzada en vi, destil\u00b7lat i alimentaci\u00f3. Trameses puntuals i promocions.\" \/>\n<meta property=\"og:url\" content=\"https:\/\/aral2.cetrexmarketing.com\/ca\/producto\/finlandia-cranberry-1l\/\" \/>\n<meta property=\"og:site_name\" content=\"M\u00f3n La Cata\" \/>\n<meta property=\"article:modified_time\" content=\"2025-05-27T08:06:17+00:00\" \/>\n<meta property=\"og:image\" content=\"https:\/\/aral2.cetrexmarketing.com\/wp-content\/uploads\/2025\/05\/vodka-finlandia-cranberry-1L.jpg.png\" \/>\n\t<meta property=\"og:image:width\" content=\"765\" \/>\n\t<meta property=\"og:image:height\" content=\"1024\" \/>\n\t<meta property=\"og:image:type\" content=\"image\/png\" \/>\n<meta name=\"twitter:card\" content=\"summary_large_image\" \/>\n<meta name=\"twitter:label1\" content=\"Temps estimat de lectura\" \/>\n\t<meta name=\"twitter:data1\" content=\"1 minut\" \/>\n<script type=\"application\/ld+json\" class=\"yoast-schema-graph\">{\"@context\":\"https:\/\/schema.org\",\"@graph\":[{\"@type\":\"WebPage\",\"@id\":\"https:\/\/aral2.cetrexmarketing.com\/ca\/producto\/finlandia-cranberry-1l\/\",\"url\":\"https:\/\/aral2.cetrexmarketing.com\/ca\/producto\/finlandia-cranberry-1l\/\",\"name\":\"Finlandia Cranberry 1L - M\u00f3n La Cata\",\"isPartOf\":{\"@id\":\"https:\/\/aral2.cetrexmarketing.com\/#website\"},\"primaryImageOfPage\":{\"@id\":\"https:\/\/aral2.cetrexmarketing.com\/ca\/producto\/finlandia-cranberry-1l\/#primaryimage\"},\"image\":{\"@id\":\"https:\/\/aral2.cetrexmarketing.com\/ca\/producto\/finlandia-cranberry-1l\/#primaryimage\"},\"thumbnailUrl\":\"https:\/\/aral2.cetrexmarketing.com\/wp-content\/uploads\/2025\/05\/vodka-finlandia-cranberry-1L.jpg.png\",\"datePublished\":\"2025-05-26T13:44:43+00:00\",\"dateModified\":\"2025-05-27T08:06:17+00:00\",\"description\":\"Comprar el Finlandia Cranberry 1L Botiga online especialitzada en vi, destil\u00b7lat i alimentaci\u00f3. Trameses puntuals i promocions.\",\"breadcrumb\":{\"@id\":\"https:\/\/aral2.cetrexmarketing.com\/ca\/producto\/finlandia-cranberry-1l\/#breadcrumb\"},\"inLanguage\":\"ca\",\"potentialAction\":[{\"@type\":\"ReadAction\",\"target\":[\"https:\/\/aral2.cetrexmarketing.com\/ca\/producto\/finlandia-cranberry-1l\/\"]}]},{\"@type\":\"ImageObject\",\"inLanguage\":\"ca\",\"@id\":\"https:\/\/aral2.cetrexmarketing.com\/ca\/producto\/finlandia-cranberry-1l\/#primaryimage\",\"url\":\"https:\/\/aral2.cetrexmarketing.com\/wp-content\/uploads\/2025\/05\/vodka-finlandia-cranberry-1L.jpg.png\",\"contentUrl\":\"https:\/\/aral2.cetrexmarketing.com\/wp-content\/uploads\/2025\/05\/vodka-finlandia-cranberry-1L.jpg.png\",\"width\":765,\"height\":1024},{\"@type\":\"BreadcrumbList\",\"@id\":\"https:\/\/aral2.cetrexmarketing.com\/ca\/producto\/finlandia-cranberry-1l\/#breadcrumb\",\"itemListElement\":[{\"@type\":\"ListItem\",\"position\":1,\"name\":\"Home\",\"item\":\"https:\/\/aral2.cetrexmarketing.com\/ca\/\"},{\"@type\":\"ListItem\",\"position\":2,\"name\":\"Tienda\",\"item\":\"https:\/\/aral2.cetrexmarketing.com\/ca\/tienda-2\/\"},{\"@type\":\"ListItem\",\"position\":3,\"name\":\"Destilados\",\"item\":\"https:\/\/aral2.cetrexmarketing.com\/categoria-producto\/inicio\/destilados\/\"},{\"@type\":\"ListItem\",\"position\":4,\"name\":\"Finlandia Cranberry 1L\"}]},{\"@type\":\"WebSite\",\"@id\":\"https:\/\/aral2.cetrexmarketing.com\/#website\",\"url\":\"https:\/\/aral2.cetrexmarketing.com\/\",\"name\":\"M\u00f3n La Cata\",\"description\":\"Tienda de vinos, licores, cervezas y gourmet\",\"publisher\":{\"@id\":\"https:\/\/aral2.cetrexmarketing.com\/#organization\"},\"potentialAction\":[{\"@type\":\"SearchAction\",\"target\":{\"@type\":\"EntryPoint\",\"urlTemplate\":\"https:\/\/aral2.cetrexmarketing.com\/?s={search_term_string}\"},\"query-input\":{\"@type\":\"PropertyValueSpecification\",\"valueRequired\":true,\"valueName\":\"search_term_string\"}}],\"inLanguage\":\"ca\"},{\"@type\":\"Organization\",\"@id\":\"https:\/\/aral2.cetrexmarketing.com\/#organization\",\"name\":\"M\u00f3n La Cata\",\"url\":\"https:\/\/aral2.cetrexmarketing.com\/\",\"logo\":{\"@type\":\"ImageObject\",\"inLanguage\":\"ca\",\"@id\":\"https:\/\/aral2.cetrexmarketing.com\/#\/schema\/logo\/image\/\",\"url\":\"https:\/\/aral2.cetrexmarketing.com\/wp-content\/uploads\/2024\/10\/aral-logo-neg-1024x409-1.png\",\"contentUrl\":\"https:\/\/aral2.cetrexmarketing.com\/wp-content\/uploads\/2024\/10\/aral-logo-neg-1024x409-1.png\",\"width\":1024,\"height\":409,\"caption\":\"M\u00f3n La Cata\"},\"image\":{\"@id\":\"https:\/\/aral2.cetrexmarketing.com\/#\/schema\/logo\/image\/\"}}]}<\/script>\n<!-- \/ Yoast SEO Premium plugin. -->","yoast_head_json":{"title":"Finlandia Cranberry 1L - M\u00f3n La Cata","description":"Comprar el Finlandia Cranberry 1L Botiga online especialitzada en vi, destil\u00b7lat i alimentaci\u00f3. Trameses puntuals i promocions.","robots":{"index":"noindex","follow":"follow","max-snippet":"max-snippet:-1","max-image-preview":"max-image-preview:large","max-video-preview":"max-video-preview:-1"},"og_locale":"ca_ES","og_type":"article","og_title":"Finlandia Cranberry 1L","og_description":"Comprar el Finlandia Cranberry 1L Botiga online especialitzada en vi, destil\u00b7lat i alimentaci\u00f3. Trameses puntuals i promocions.","og_url":"https:\/\/aral2.cetrexmarketing.com\/ca\/producto\/finlandia-cranberry-1l\/","og_site_name":"M\u00f3n La Cata","article_modified_time":"2025-05-27T08:06:17+00:00","og_image":[{"width":765,"height":1024,"url":"https:\/\/aral2.cetrexmarketing.com\/wp-content\/uploads\/2025\/05\/vodka-finlandia-cranberry-1L.jpg.png","type":"image\/png"}],"twitter_card":"summary_large_image","twitter_misc":{"Temps estimat de lectura":"1 minut"},"schema":{"@context":"https:\/\/schema.org","@graph":[{"@type":"WebPage","@id":"https:\/\/aral2.cetrexmarketing.com\/ca\/producto\/finlandia-cranberry-1l\/","url":"https:\/\/aral2.cetrexmarketing.com\/ca\/producto\/finlandia-cranberry-1l\/","name":"Finlandia Cranberry 1L - M\u00f3n La Cata","isPartOf":{"@id":"https:\/\/aral2.cetrexmarketing.com\/#website"},"primaryImageOfPage":{"@id":"https:\/\/aral2.cetrexmarketing.com\/ca\/producto\/finlandia-cranberry-1l\/#primaryimage"},"image":{"@id":"https:\/\/aral2.cetrexmarketing.com\/ca\/producto\/finlandia-cranberry-1l\/#primaryimage"},"thumbnailUrl":"https:\/\/aral2.cetrexmarketing.com\/wp-content\/uploads\/2025\/05\/vodka-finlandia-cranberry-1L.jpg.png","datePublished":"2025-05-26T13:44:43+00:00","dateModified":"2025-05-27T08:06:17+00:00","description":"Comprar el Finlandia Cranberry 1L Botiga online especialitzada en vi, destil\u00b7lat i alimentaci\u00f3. Trameses puntuals i promocions.","breadcrumb":{"@id":"https:\/\/aral2.cetrexmarketing.com\/ca\/producto\/finlandia-cranberry-1l\/#breadcrumb"},"inLanguage":"ca","potentialAction":[{"@type":"ReadAction","target":["https:\/\/aral2.cetrexmarketing.com\/ca\/producto\/finlandia-cranberry-1l\/"]}]},{"@type":"ImageObject","inLanguage":"ca","@id":"https:\/\/aral2.cetrexmarketing.com\/ca\/producto\/finlandia-cranberry-1l\/#primaryimage","url":"https:\/\/aral2.cetrexmarketing.com\/wp-content\/uploads\/2025\/05\/vodka-finlandia-cranberry-1L.jpg.png","contentUrl":"https:\/\/aral2.cetrexmarketing.com\/wp-content\/uploads\/2025\/05\/vodka-finlandia-cranberry-1L.jpg.png","width":765,"height":1024},{"@type":"BreadcrumbList","@id":"https:\/\/aral2.cetrexmarketing.com\/ca\/producto\/finlandia-cranberry-1l\/#breadcrumb","itemListElement":[{"@type":"ListItem","position":1,"name":"Home","item":"https:\/\/aral2.cetrexmarketing.com\/ca\/"},{"@type":"ListItem","position":2,"name":"Tienda","item":"https:\/\/aral2.cetrexmarketing.com\/ca\/tienda-2\/"},{"@type":"ListItem","position":3,"name":"Destilados","item":"https:\/\/aral2.cetrexmarketing.com\/categoria-producto\/inicio\/destilados\/"},{"@type":"ListItem","position":4,"name":"Finlandia Cranberry 1L"}]},{"@type":"WebSite","@id":"https:\/\/aral2.cetrexmarketing.com\/#website","url":"https:\/\/aral2.cetrexmarketing.com\/","name":"M\u00f3n La Cata","description":"Tienda de vinos, licores, cervezas y gourmet","publisher":{"@id":"https:\/\/aral2.cetrexmarketing.com\/#organization"},"potentialAction":[{"@type":"SearchAction","target":{"@type":"EntryPoint","urlTemplate":"https:\/\/aral2.cetrexmarketing.com\/?s={search_term_string}"},"query-input":{"@type":"PropertyValueSpecification","valueRequired":true,"valueName":"search_term_string"}}],"inLanguage":"ca"},{"@type":"Organization","@id":"https:\/\/aral2.cetrexmarketing.com\/#organization","name":"M\u00f3n La Cata","url":"https:\/\/aral2.cetrexmarketing.com\/","logo":{"@type":"ImageObject","inLanguage":"ca","@id":"https:\/\/aral2.cetrexmarketing.com\/#\/schema\/logo\/image\/","url":"https:\/\/aral2.cetrexmarketing.com\/wp-content\/uploads\/2024\/10\/aral-logo-neg-1024x409-1.png","contentUrl":"https:\/\/aral2.cetrexmarketing.com\/wp-content\/uploads\/2024\/10\/aral-logo-neg-1024x409-1.png","width":1024,"height":409,"caption":"M\u00f3n La Cata"},"image":{"@id":"https:\/\/aral2.cetrexmarketing.com\/#\/schema\/logo\/image\/"}}]}},"brands":[],"_links":{"self":[{"href":"https:\/\/aral2.cetrexmarketing.com\/ca\/wp-json\/wp\/v2\/product\/118493","targetHints":{"allow":["GET"]}}],"collection":[{"href":"https:\/\/aral2.cetrexmarketing.com\/ca\/wp-json\/wp\/v2\/product"}],"about":[{"href":"https:\/\/aral2.cetrexmarketing.com\/ca\/wp-json\/wp\/v2\/types\/product"}],"replies":[{"embeddable":true,"href":"https:\/\/aral2.cetrexmarketing.com\/ca\/wp-json\/wp\/v2\/comments?post=118493"}],"wp:featuredmedia":[{"embeddable":true,"href":"https:\/\/aral2.cetrexmarketing.com\/ca\/wp-json\/wp\/v2\/media\/112637"}],"wp:attachment":[{"href":"https:\/\/aral2.cetrexmarketing.com\/ca\/wp-json\/wp\/v2\/media?parent=118493"}],"wp:term":[{"taxonomy":"pwb-brand","embeddable":true,"href":"https:\/\/aral2.cetrexmarketing.com\/ca\/wp-json\/wp\/v2\/pwb-brand?post=118493"},{"taxonomy":"product_brand","embeddable":true,"href":"https:\/\/aral2.cetrexmarketing.com\/ca\/wp-json\/wp\/v2\/product_brand?post=118493"},{"taxonomy":"product_cat","embeddable":true,"href":"https:\/\/aral2.cetrexmarketing.com\/ca\/wp-json\/wp\/v2\/product_cat?post=118493"},{"taxonomy":"product_tag","embeddable":true,"href":"https:\/\/aral2.cetrexmarketing.com\/ca\/wp-json\/wp\/v2\/product_tag?post=118493"}],"curies":[{"name":"wp","href":"https:\/\/api.w.org\/{rel}","templated":true}]}}