{"id":118382,"date":"2025-05-26T14:36:47","date_gmt":"2025-05-26T14:36:47","guid":{"rendered":"https:\/\/aral2.cetrexmarketing.com\/producto\/borghetti-liquore-di-vero-caffe-espresso\/"},"modified":"2025-05-27T08:05:56","modified_gmt":"2025-05-27T08:05:56","slug":"borghetti-liquore-di-vero-caffe-espresso","status":"publish","type":"product","link":"https:\/\/aral2.cetrexmarketing.com\/ca\/producto\/borghetti-liquore-di-vero-caffe-espresso\/","title":{"rendered":"Borghetti Liquore di vero caff\u00e8 espresso"},"content":{"rendered":"<p><strong>Borghetti Liquore di Vero Caff\u00e8 Espresso<\/strong> \u00e9s un licor itali\u00e0 elaborat per Distilleria Fratelli Branca a Mil\u00e0, It\u00e0lia. Aquest licor es distingeix pel seu aut\u00e8ntic sabor de caf\u00e8 espresso, capturant l&#8217;ess\u00e8ncia del caf\u00e8 itali\u00e0 en una forma l\u00edquida i deliciosa. El proc\u00e9s d&#8217;elaboraci\u00f3 implica la maceraci\u00f3 de grans de caf\u00e8 espresso d&#8217;alta qualitat en alcohol, juntament amb una combinaci\u00f3 d&#8217;ingredients secrets que realcen el seu sabor. Aquesta t\u00e8cnica permet que el licor adquireixi les caracter\u00edstiques \u00faniques del caf\u00e8 espresso, incloent-hi les seves notes torrades i lleugerament amargues. Borghetti es destaca pel seu sabor intens i robust, amb una aroma temptadora de grans de caf\u00e8 recentment torrats. T\u00e9 una textura suau i sedosa en boca, que complementa perfectament el seu sabor i aroma. Aquest licor es pot gaudir de diverses formes: nom\u00e9s, com un digestiu despr\u00e9s d&#8217;un menjar; en c\u00f2ctels, com el popular Espresso Martini; o fins i tot com a ingredient en postres i pastissos per a agregar un toc de caf\u00e8 espresso. La presentaci\u00f3 t\u00edpica de Borghetti \u00e9s una ampolla de vidre fosc que protegeix el seu contingut de la llum, conservant la seva frescor i sabor. La seva etiqueta reflecteix l&#8217;her\u00e8ncia italiana del licor, amb un disseny cl\u00e0ssic i elegant. En resum, \u00e9s una opci\u00f3 indulgent per als amants del caf\u00e8, oferint una experi\u00e8ncia aut\u00e8ntica i deliciosa que celebra la rica tradici\u00f3 del caf\u00e8 itali\u00e0.<\/p>\n","protected":false},"excerpt":{"rendered":"<p>Borghetti Liquore di Vero Caff\u00e8 Espresso \u00e9s un licor itali\u00e0 elaborat per Distilleria Fratelli Branca a Mil\u00e0, It\u00e0lia. Aquest licor es distingeix pel seu aut\u00e8ntic sabor de caf\u00e8 espresso, capturant l&#8217;ess\u00e8ncia del caf\u00e8 itali\u00e0 en una forma l\u00edquida i deliciosa. El proc\u00e9s d&#8217;elaboraci\u00f3 implica la maceraci\u00f3 de grans de caf\u00e8 espresso d&#8217;alta qualitat en alcohol,&hellip;<\/p>\n","protected":false},"featured_media":115483,"comment_status":"closed","ping_status":"closed","template":"","meta":{"_acf_changed":false},"pwb-brand":[],"product_brand":[],"product_cat":[51692,51715],"product_tag":[51446,51445],"class_list":{"0":"post-118382","1":"product","2":"type-product","3":"status-publish","4":"has-post-thumbnail","6":"product_cat-destillats","7":"product_cat-licor-destillats","8":"product_tag-borghetti-ca","9":"product_tag-borghetti-liquore-di-vero-caffe-espresso-ca","10":"pa_destileria-fratellibrancadistillerie-ca","11":"pa_formatoenml-38308","12":"pa_graduacion-25_0","13":"pa_pais-italia-ca-2","14":"entry","15":"has-media","17":"first","18":"outofstock","19":"taxable","20":"shipping-taxable","21":"purchasable","22":"product-type-simple"},"acf":[],"yoast_head":"<!-- This site is optimized with the Yoast SEO Premium plugin v23.1 (Yoast SEO v23.5) - https:\/\/yoast.com\/wordpress\/plugins\/seo\/ -->\n<title>Borghetti Liquore di vero caff\u00e8 espresso - M\u00f3n La Cata<\/title>\n<meta name=\"description\" content=\"Comprar Borghetti Liquore di vero caff\u00e8 espresso \u00e9s perfect a M\u00f3n la Cata. Botiga online especilitzada en vi i alimentaci\u00f3. Trameses puntuals i promocions.\" \/>\n<meta name=\"robots\" content=\"noindex, follow, max-snippet:-1, max-image-preview:large, max-video-preview:-1\" \/>\n<meta property=\"og:locale\" content=\"ca_ES\" \/>\n<meta property=\"og:type\" content=\"article\" \/>\n<meta property=\"og:title\" content=\"Borghetti Liquore di vero caff\u00e8 espresso\" \/>\n<meta property=\"og:description\" content=\"Comprar Borghetti Liquore di vero caff\u00e8 espresso \u00e9s perfect a M\u00f3n la Cata. Botiga online especilitzada en vi i alimentaci\u00f3. Trameses puntuals i promocions.\" \/>\n<meta property=\"og:url\" content=\"https:\/\/aral2.cetrexmarketing.com\/ca\/producto\/borghetti-liquore-di-vero-caffe-espresso\/\" \/>\n<meta property=\"og:site_name\" content=\"M\u00f3n La Cata\" \/>\n<meta property=\"article:modified_time\" content=\"2025-05-27T08:05:56+00:00\" \/>\n<meta property=\"og:image\" content=\"https:\/\/aral2.cetrexmarketing.com\/wp-content\/uploads\/2025\/05\/BORGHETTI-LIQUORE-AL-CAFFE.jpg.png\" \/>\n\t<meta property=\"og:image:width\" content=\"765\" \/>\n\t<meta property=\"og:image:height\" content=\"1024\" \/>\n\t<meta property=\"og:image:type\" content=\"image\/png\" \/>\n<meta name=\"twitter:card\" content=\"summary_large_image\" \/>\n<meta name=\"twitter:label1\" content=\"Temps estimat de lectura\" \/>\n\t<meta name=\"twitter:data1\" content=\"1 minut\" \/>\n<script type=\"application\/ld+json\" class=\"yoast-schema-graph\">{\"@context\":\"https:\/\/schema.org\",\"@graph\":[{\"@type\":\"WebPage\",\"@id\":\"https:\/\/aral2.cetrexmarketing.com\/ca\/producto\/borghetti-liquore-di-vero-caffe-espresso\/\",\"url\":\"https:\/\/aral2.cetrexmarketing.com\/ca\/producto\/borghetti-liquore-di-vero-caffe-espresso\/\",\"name\":\"Borghetti Liquore di vero caff\u00e8 espresso - M\u00f3n La Cata\",\"isPartOf\":{\"@id\":\"https:\/\/aral2.cetrexmarketing.com\/#website\"},\"primaryImageOfPage\":{\"@id\":\"https:\/\/aral2.cetrexmarketing.com\/ca\/producto\/borghetti-liquore-di-vero-caffe-espresso\/#primaryimage\"},\"image\":{\"@id\":\"https:\/\/aral2.cetrexmarketing.com\/ca\/producto\/borghetti-liquore-di-vero-caffe-espresso\/#primaryimage\"},\"thumbnailUrl\":\"https:\/\/aral2.cetrexmarketing.com\/wp-content\/uploads\/2025\/05\/BORGHETTI-LIQUORE-AL-CAFFE.jpg.png\",\"datePublished\":\"2025-05-26T14:36:47+00:00\",\"dateModified\":\"2025-05-27T08:05:56+00:00\",\"description\":\"Comprar Borghetti Liquore di vero caff\u00e8 espresso \u00e9s perfect a M\u00f3n la Cata. Botiga online especilitzada en vi i alimentaci\u00f3. Trameses puntuals i promocions.\",\"breadcrumb\":{\"@id\":\"https:\/\/aral2.cetrexmarketing.com\/ca\/producto\/borghetti-liquore-di-vero-caffe-espresso\/#breadcrumb\"},\"inLanguage\":\"ca\",\"potentialAction\":[{\"@type\":\"ReadAction\",\"target\":[\"https:\/\/aral2.cetrexmarketing.com\/ca\/producto\/borghetti-liquore-di-vero-caffe-espresso\/\"]}]},{\"@type\":\"ImageObject\",\"inLanguage\":\"ca\",\"@id\":\"https:\/\/aral2.cetrexmarketing.com\/ca\/producto\/borghetti-liquore-di-vero-caffe-espresso\/#primaryimage\",\"url\":\"https:\/\/aral2.cetrexmarketing.com\/wp-content\/uploads\/2025\/05\/BORGHETTI-LIQUORE-AL-CAFFE.jpg.png\",\"contentUrl\":\"https:\/\/aral2.cetrexmarketing.com\/wp-content\/uploads\/2025\/05\/BORGHETTI-LIQUORE-AL-CAFFE.jpg.png\",\"width\":765,\"height\":1024},{\"@type\":\"BreadcrumbList\",\"@id\":\"https:\/\/aral2.cetrexmarketing.com\/ca\/producto\/borghetti-liquore-di-vero-caffe-espresso\/#breadcrumb\",\"itemListElement\":[{\"@type\":\"ListItem\",\"position\":1,\"name\":\"Home\",\"item\":\"https:\/\/aral2.cetrexmarketing.com\/ca\/\"},{\"@type\":\"ListItem\",\"position\":2,\"name\":\"Tienda\",\"item\":\"https:\/\/aral2.cetrexmarketing.com\/ca\/tienda-2\/\"},{\"@type\":\"ListItem\",\"position\":3,\"name\":\"Destilados\",\"item\":\"https:\/\/aral2.cetrexmarketing.com\/categoria-producto\/inicio\/destilados\/\"},{\"@type\":\"ListItem\",\"position\":4,\"name\":\"Borghetti Liquore di vero caff\u00e8 espresso\"}]},{\"@type\":\"WebSite\",\"@id\":\"https:\/\/aral2.cetrexmarketing.com\/#website\",\"url\":\"https:\/\/aral2.cetrexmarketing.com\/\",\"name\":\"M\u00f3n La Cata\",\"description\":\"Tienda de vinos, licores, cervezas y gourmet\",\"publisher\":{\"@id\":\"https:\/\/aral2.cetrexmarketing.com\/#organization\"},\"potentialAction\":[{\"@type\":\"SearchAction\",\"target\":{\"@type\":\"EntryPoint\",\"urlTemplate\":\"https:\/\/aral2.cetrexmarketing.com\/?s={search_term_string}\"},\"query-input\":{\"@type\":\"PropertyValueSpecification\",\"valueRequired\":true,\"valueName\":\"search_term_string\"}}],\"inLanguage\":\"ca\"},{\"@type\":\"Organization\",\"@id\":\"https:\/\/aral2.cetrexmarketing.com\/#organization\",\"name\":\"M\u00f3n La Cata\",\"url\":\"https:\/\/aral2.cetrexmarketing.com\/\",\"logo\":{\"@type\":\"ImageObject\",\"inLanguage\":\"ca\",\"@id\":\"https:\/\/aral2.cetrexmarketing.com\/#\/schema\/logo\/image\/\",\"url\":\"https:\/\/aral2.cetrexmarketing.com\/wp-content\/uploads\/2024\/10\/aral-logo-neg-1024x409-1.png\",\"contentUrl\":\"https:\/\/aral2.cetrexmarketing.com\/wp-content\/uploads\/2024\/10\/aral-logo-neg-1024x409-1.png\",\"width\":1024,\"height\":409,\"caption\":\"M\u00f3n La Cata\"},\"image\":{\"@id\":\"https:\/\/aral2.cetrexmarketing.com\/#\/schema\/logo\/image\/\"}}]}<\/script>\n<!-- \/ Yoast SEO Premium plugin. -->","yoast_head_json":{"title":"Borghetti Liquore di vero caff\u00e8 espresso - M\u00f3n La Cata","description":"Comprar Borghetti Liquore di vero caff\u00e8 espresso \u00e9s perfect a M\u00f3n la Cata. Botiga online especilitzada en vi i alimentaci\u00f3. Trameses puntuals i promocions.","robots":{"index":"noindex","follow":"follow","max-snippet":"max-snippet:-1","max-image-preview":"max-image-preview:large","max-video-preview":"max-video-preview:-1"},"og_locale":"ca_ES","og_type":"article","og_title":"Borghetti Liquore di vero caff\u00e8 espresso","og_description":"Comprar Borghetti Liquore di vero caff\u00e8 espresso \u00e9s perfect a M\u00f3n la Cata. Botiga online especilitzada en vi i alimentaci\u00f3. Trameses puntuals i promocions.","og_url":"https:\/\/aral2.cetrexmarketing.com\/ca\/producto\/borghetti-liquore-di-vero-caffe-espresso\/","og_site_name":"M\u00f3n La Cata","article_modified_time":"2025-05-27T08:05:56+00:00","og_image":[{"width":765,"height":1024,"url":"https:\/\/aral2.cetrexmarketing.com\/wp-content\/uploads\/2025\/05\/BORGHETTI-LIQUORE-AL-CAFFE.jpg.png","type":"image\/png"}],"twitter_card":"summary_large_image","twitter_misc":{"Temps estimat de lectura":"1 minut"},"schema":{"@context":"https:\/\/schema.org","@graph":[{"@type":"WebPage","@id":"https:\/\/aral2.cetrexmarketing.com\/ca\/producto\/borghetti-liquore-di-vero-caffe-espresso\/","url":"https:\/\/aral2.cetrexmarketing.com\/ca\/producto\/borghetti-liquore-di-vero-caffe-espresso\/","name":"Borghetti Liquore di vero caff\u00e8 espresso - M\u00f3n La Cata","isPartOf":{"@id":"https:\/\/aral2.cetrexmarketing.com\/#website"},"primaryImageOfPage":{"@id":"https:\/\/aral2.cetrexmarketing.com\/ca\/producto\/borghetti-liquore-di-vero-caffe-espresso\/#primaryimage"},"image":{"@id":"https:\/\/aral2.cetrexmarketing.com\/ca\/producto\/borghetti-liquore-di-vero-caffe-espresso\/#primaryimage"},"thumbnailUrl":"https:\/\/aral2.cetrexmarketing.com\/wp-content\/uploads\/2025\/05\/BORGHETTI-LIQUORE-AL-CAFFE.jpg.png","datePublished":"2025-05-26T14:36:47+00:00","dateModified":"2025-05-27T08:05:56+00:00","description":"Comprar Borghetti Liquore di vero caff\u00e8 espresso \u00e9s perfect a M\u00f3n la Cata. Botiga online especilitzada en vi i alimentaci\u00f3. Trameses puntuals i promocions.","breadcrumb":{"@id":"https:\/\/aral2.cetrexmarketing.com\/ca\/producto\/borghetti-liquore-di-vero-caffe-espresso\/#breadcrumb"},"inLanguage":"ca","potentialAction":[{"@type":"ReadAction","target":["https:\/\/aral2.cetrexmarketing.com\/ca\/producto\/borghetti-liquore-di-vero-caffe-espresso\/"]}]},{"@type":"ImageObject","inLanguage":"ca","@id":"https:\/\/aral2.cetrexmarketing.com\/ca\/producto\/borghetti-liquore-di-vero-caffe-espresso\/#primaryimage","url":"https:\/\/aral2.cetrexmarketing.com\/wp-content\/uploads\/2025\/05\/BORGHETTI-LIQUORE-AL-CAFFE.jpg.png","contentUrl":"https:\/\/aral2.cetrexmarketing.com\/wp-content\/uploads\/2025\/05\/BORGHETTI-LIQUORE-AL-CAFFE.jpg.png","width":765,"height":1024},{"@type":"BreadcrumbList","@id":"https:\/\/aral2.cetrexmarketing.com\/ca\/producto\/borghetti-liquore-di-vero-caffe-espresso\/#breadcrumb","itemListElement":[{"@type":"ListItem","position":1,"name":"Home","item":"https:\/\/aral2.cetrexmarketing.com\/ca\/"},{"@type":"ListItem","position":2,"name":"Tienda","item":"https:\/\/aral2.cetrexmarketing.com\/ca\/tienda-2\/"},{"@type":"ListItem","position":3,"name":"Destilados","item":"https:\/\/aral2.cetrexmarketing.com\/categoria-producto\/inicio\/destilados\/"},{"@type":"ListItem","position":4,"name":"Borghetti Liquore di vero caff\u00e8 espresso"}]},{"@type":"WebSite","@id":"https:\/\/aral2.cetrexmarketing.com\/#website","url":"https:\/\/aral2.cetrexmarketing.com\/","name":"M\u00f3n La Cata","description":"Tienda de vinos, licores, cervezas y gourmet","publisher":{"@id":"https:\/\/aral2.cetrexmarketing.com\/#organization"},"potentialAction":[{"@type":"SearchAction","target":{"@type":"EntryPoint","urlTemplate":"https:\/\/aral2.cetrexmarketing.com\/?s={search_term_string}"},"query-input":{"@type":"PropertyValueSpecification","valueRequired":true,"valueName":"search_term_string"}}],"inLanguage":"ca"},{"@type":"Organization","@id":"https:\/\/aral2.cetrexmarketing.com\/#organization","name":"M\u00f3n La Cata","url":"https:\/\/aral2.cetrexmarketing.com\/","logo":{"@type":"ImageObject","inLanguage":"ca","@id":"https:\/\/aral2.cetrexmarketing.com\/#\/schema\/logo\/image\/","url":"https:\/\/aral2.cetrexmarketing.com\/wp-content\/uploads\/2024\/10\/aral-logo-neg-1024x409-1.png","contentUrl":"https:\/\/aral2.cetrexmarketing.com\/wp-content\/uploads\/2024\/10\/aral-logo-neg-1024x409-1.png","width":1024,"height":409,"caption":"M\u00f3n La Cata"},"image":{"@id":"https:\/\/aral2.cetrexmarketing.com\/#\/schema\/logo\/image\/"}}]}},"brands":[],"_links":{"self":[{"href":"https:\/\/aral2.cetrexmarketing.com\/ca\/wp-json\/wp\/v2\/product\/118382","targetHints":{"allow":["GET"]}}],"collection":[{"href":"https:\/\/aral2.cetrexmarketing.com\/ca\/wp-json\/wp\/v2\/product"}],"about":[{"href":"https:\/\/aral2.cetrexmarketing.com\/ca\/wp-json\/wp\/v2\/types\/product"}],"replies":[{"embeddable":true,"href":"https:\/\/aral2.cetrexmarketing.com\/ca\/wp-json\/wp\/v2\/comments?post=118382"}],"wp:featuredmedia":[{"embeddable":true,"href":"https:\/\/aral2.cetrexmarketing.com\/ca\/wp-json\/wp\/v2\/media\/115483"}],"wp:attachment":[{"href":"https:\/\/aral2.cetrexmarketing.com\/ca\/wp-json\/wp\/v2\/media?parent=118382"}],"wp:term":[{"taxonomy":"pwb-brand","embeddable":true,"href":"https:\/\/aral2.cetrexmarketing.com\/ca\/wp-json\/wp\/v2\/pwb-brand?post=118382"},{"taxonomy":"product_brand","embeddable":true,"href":"https:\/\/aral2.cetrexmarketing.com\/ca\/wp-json\/wp\/v2\/product_brand?post=118382"},{"taxonomy":"product_cat","embeddable":true,"href":"https:\/\/aral2.cetrexmarketing.com\/ca\/wp-json\/wp\/v2\/product_cat?post=118382"},{"taxonomy":"product_tag","embeddable":true,"href":"https:\/\/aral2.cetrexmarketing.com\/ca\/wp-json\/wp\/v2\/product_tag?post=118382"}],"curies":[{"name":"wp","href":"https:\/\/api.w.org\/{rel}","templated":true}]}}