{"id":118091,"date":"2025-05-26T14:10:44","date_gmt":"2025-05-26T14:10:44","guid":{"rendered":"https:\/\/aral2.cetrexmarketing.com\/producto\/barcelo-imperial-maple-cask\/"},"modified":"2025-05-27T08:05:18","modified_gmt":"2025-05-27T08:05:18","slug":"barcelo-imperial-maple-cask","status":"publish","type":"product","link":"https:\/\/aral2.cetrexmarketing.com\/ca\/producto\/barcelo-imperial-maple-cask\/","title":{"rendered":"Barcel\u00f3 Imperial Maple Cask"},"content":{"rendered":"<p>El <strong>Ron Barcel\u00f3 Imperial Maple Cask<\/strong> \u00e9s una joia destil\u00b7lada que reflecteix l&#8217;excel\u00b7l\u00e8ncia i l&#8217;artesania de la Rep\u00fablica Dominicana en la producci\u00f3. Produ\u00eft per la prestigiosa destil\u00b7leria Barcel\u00f3, aquest rom es destaca pel seu car\u00e0cter distintiu i el seu sabor excepcional. Durant la seva <strong>elaboraci\u00f3<\/strong>, se seleccionen acuradament les millors canyes de sucre de la regi\u00f3. Les quals s\u00f3n triturades i fermentades per a extreure el seu suc dol\u00e7 i arom\u00e0tic. Aquest suc \u00e9s despr\u00e9s destil\u00b7lat en alambins de coure per a obtenir un destil\u00b7lat pur i suau, que servir\u00e0 com a base per al rom. El rom Barcel\u00f3 Imperial Maple Cask \u00e9s \u00fanic perqu\u00e8 passa per un proc\u00e9s d&#8217;envelliment especial en barriques de roure que han estat pr\u00e8viament utilitzades per a envellir xarop d&#8217;aur\u00f3. Aquest proc\u00e9s d&#8217;acabat en barriques de xarop d&#8217;aur\u00f3 li confereix al rom notes addicionals de dol\u00e7or i complexitat, aix\u00ed com un sabor suau i sed\u00f3s. Durant el proc\u00e9s d&#8217;envelliment, el rom adquireix el seu color daurat caracter\u00edstic i desenvolupa una \u00e0mplia gamma de sabors i aromes, que van des del caramel i la vainilla fins al roure torrat i el toffee. El Rom Barcel\u00f3 Imperial Maple Cask \u00e9s perfecte per a gaudir nom\u00e9s, en les roques o com a ingredient principal en c\u00f2ctels elaborats. La seva suavitat i complexitat ho converteixen en una elecci\u00f3 popular entre els coneixedors de rom i els amants dels licors premium. En resum, \u00e9s una veritable obra mestra de la destil\u00b7leria Barcel\u00f3, que encapsula l&#8217;ess\u00e8ncia mateixa de la Rep\u00fablica Dominicana en cada xarrup. La seva elaboraci\u00f3 acurada i el seu sabor excepcional el converteixen en un rom digne de ser benvolgut i gaudit.<\/p>\n","protected":false},"excerpt":{"rendered":"<p>El <strong>Ron Barcel\u00f3 Imperial Maple Cask<\/strong> \u00e9s una joia destil\u00b7lada que reflecteix l&#8217;excel\u00b7l\u00e8ncia i l&#8217;artesania de la Rep\u00fablica Dominicana en la producci\u00f3. Produ\u00eft per la prestigiosa destil\u00b7leria Barcel\u00f3, aquest rom es destaca pel seu car\u00e0cter distintiu i el seu sabor excepcional.<\/p>\n","protected":false},"featured_media":113854,"comment_status":"closed","ping_status":"closed","template":"","meta":{"_acf_changed":false},"pwb-brand":[],"product_brand":[],"product_cat":[51692,51720],"product_tag":[15233,51395,51394,15232,38940,38943,51396],"class_list":{"0":"post-118091","1":"product","2":"type-product","3":"status-publish","4":"has-post-thumbnail","6":"product_cat-destillats","7":"product_cat-rom","8":"product_tag-barcelo-ca","9":"product_tag-barcelo-imperial-ca","10":"product_tag-barcelo-imperial-maple-cask-ca","11":"product_tag-republica-dominicana-ca","12":"product_tag-rom","13":"product_tag-rom-dominica","14":"product_tag-rones-barcelo-ca","15":"pa_formatoenml-38307","16":"pa_graduacion-40_0","17":"pa_pais-republica-dominicana","18":"entry","19":"has-media","21":"first","22":"instock","23":"taxable","24":"shipping-taxable","25":"purchasable","26":"product-type-simple"},"acf":[],"yoast_head":"<!-- This site is optimized with the Yoast SEO Premium plugin v23.1 (Yoast SEO v23.5) - https:\/\/yoast.com\/wordpress\/plugins\/seo\/ -->\n<title>Barcel\u00f3 Imperial Maple Cask - M\u00f3n La Cata<\/title>\n<meta name=\"description\" content=\"Comprar el ron Barcel\u00f3 Imperial Maple Cask Botiga online especilitzada en vi i alimentaci\u00f3. Trameses puntuals i promocions.\" \/>\n<meta name=\"robots\" content=\"noindex, follow, max-snippet:-1, max-image-preview:large, max-video-preview:-1\" \/>\n<meta property=\"og:locale\" content=\"ca_ES\" \/>\n<meta property=\"og:type\" content=\"article\" \/>\n<meta property=\"og:title\" content=\"Barcel\u00f3 Imperial Maple Cask\" \/>\n<meta property=\"og:description\" content=\"Comprar el ron Barcel\u00f3 Imperial Maple Cask Botiga online especilitzada en vi i alimentaci\u00f3. Trameses puntuals i promocions.\" \/>\n<meta property=\"og:url\" content=\"https:\/\/aral2.cetrexmarketing.com\/ca\/producto\/barcelo-imperial-maple-cask\/\" \/>\n<meta property=\"og:site_name\" content=\"M\u00f3n La Cata\" \/>\n<meta property=\"article:modified_time\" content=\"2025-05-27T08:05:18+00:00\" \/>\n<meta property=\"og:image\" content=\"https:\/\/aral2.cetrexmarketing.com\/wp-content\/uploads\/2025\/05\/ron-barcelo-imperial-maple-cask.jpg.png\" \/>\n\t<meta property=\"og:image:width\" content=\"765\" \/>\n\t<meta property=\"og:image:height\" content=\"1024\" \/>\n\t<meta property=\"og:image:type\" content=\"image\/png\" \/>\n<meta name=\"twitter:card\" content=\"summary_large_image\" \/>\n<meta name=\"twitter:label1\" content=\"Temps estimat de lectura\" \/>\n\t<meta name=\"twitter:data1\" content=\"1 minut\" \/>\n<script type=\"application\/ld+json\" class=\"yoast-schema-graph\">{\"@context\":\"https:\/\/schema.org\",\"@graph\":[{\"@type\":\"WebPage\",\"@id\":\"https:\/\/aral2.cetrexmarketing.com\/ca\/producto\/barcelo-imperial-maple-cask\/\",\"url\":\"https:\/\/aral2.cetrexmarketing.com\/ca\/producto\/barcelo-imperial-maple-cask\/\",\"name\":\"Barcel\u00f3 Imperial Maple Cask - M\u00f3n La Cata\",\"isPartOf\":{\"@id\":\"https:\/\/aral2.cetrexmarketing.com\/#website\"},\"primaryImageOfPage\":{\"@id\":\"https:\/\/aral2.cetrexmarketing.com\/ca\/producto\/barcelo-imperial-maple-cask\/#primaryimage\"},\"image\":{\"@id\":\"https:\/\/aral2.cetrexmarketing.com\/ca\/producto\/barcelo-imperial-maple-cask\/#primaryimage\"},\"thumbnailUrl\":\"https:\/\/aral2.cetrexmarketing.com\/wp-content\/uploads\/2025\/05\/ron-barcelo-imperial-maple-cask.jpg.png\",\"datePublished\":\"2025-05-26T14:10:44+00:00\",\"dateModified\":\"2025-05-27T08:05:18+00:00\",\"description\":\"Comprar el ron Barcel\u00f3 Imperial Maple Cask Botiga online especilitzada en vi i alimentaci\u00f3. Trameses puntuals i promocions.\",\"breadcrumb\":{\"@id\":\"https:\/\/aral2.cetrexmarketing.com\/ca\/producto\/barcelo-imperial-maple-cask\/#breadcrumb\"},\"inLanguage\":\"ca\",\"potentialAction\":[{\"@type\":\"ReadAction\",\"target\":[\"https:\/\/aral2.cetrexmarketing.com\/ca\/producto\/barcelo-imperial-maple-cask\/\"]}]},{\"@type\":\"ImageObject\",\"inLanguage\":\"ca\",\"@id\":\"https:\/\/aral2.cetrexmarketing.com\/ca\/producto\/barcelo-imperial-maple-cask\/#primaryimage\",\"url\":\"https:\/\/aral2.cetrexmarketing.com\/wp-content\/uploads\/2025\/05\/ron-barcelo-imperial-maple-cask.jpg.png\",\"contentUrl\":\"https:\/\/aral2.cetrexmarketing.com\/wp-content\/uploads\/2025\/05\/ron-barcelo-imperial-maple-cask.jpg.png\",\"width\":765,\"height\":1024},{\"@type\":\"BreadcrumbList\",\"@id\":\"https:\/\/aral2.cetrexmarketing.com\/ca\/producto\/barcelo-imperial-maple-cask\/#breadcrumb\",\"itemListElement\":[{\"@type\":\"ListItem\",\"position\":1,\"name\":\"Home\",\"item\":\"https:\/\/aral2.cetrexmarketing.com\/ca\/\"},{\"@type\":\"ListItem\",\"position\":2,\"name\":\"Tienda\",\"item\":\"https:\/\/aral2.cetrexmarketing.com\/ca\/tienda-2\/\"},{\"@type\":\"ListItem\",\"position\":3,\"name\":\"Destilados\",\"item\":\"https:\/\/aral2.cetrexmarketing.com\/categoria-producto\/inicio\/destilados\/\"},{\"@type\":\"ListItem\",\"position\":4,\"name\":\"Barcel\u00f3 Imperial Maple Cask\"}]},{\"@type\":\"WebSite\",\"@id\":\"https:\/\/aral2.cetrexmarketing.com\/#website\",\"url\":\"https:\/\/aral2.cetrexmarketing.com\/\",\"name\":\"M\u00f3n La Cata\",\"description\":\"Tienda de vinos, licores, cervezas y gourmet\",\"publisher\":{\"@id\":\"https:\/\/aral2.cetrexmarketing.com\/#organization\"},\"potentialAction\":[{\"@type\":\"SearchAction\",\"target\":{\"@type\":\"EntryPoint\",\"urlTemplate\":\"https:\/\/aral2.cetrexmarketing.com\/?s={search_term_string}\"},\"query-input\":{\"@type\":\"PropertyValueSpecification\",\"valueRequired\":true,\"valueName\":\"search_term_string\"}}],\"inLanguage\":\"ca\"},{\"@type\":\"Organization\",\"@id\":\"https:\/\/aral2.cetrexmarketing.com\/#organization\",\"name\":\"M\u00f3n La Cata\",\"url\":\"https:\/\/aral2.cetrexmarketing.com\/\",\"logo\":{\"@type\":\"ImageObject\",\"inLanguage\":\"ca\",\"@id\":\"https:\/\/aral2.cetrexmarketing.com\/#\/schema\/logo\/image\/\",\"url\":\"https:\/\/aral2.cetrexmarketing.com\/wp-content\/uploads\/2024\/10\/aral-logo-neg-1024x409-1.png\",\"contentUrl\":\"https:\/\/aral2.cetrexmarketing.com\/wp-content\/uploads\/2024\/10\/aral-logo-neg-1024x409-1.png\",\"width\":1024,\"height\":409,\"caption\":\"M\u00f3n La Cata\"},\"image\":{\"@id\":\"https:\/\/aral2.cetrexmarketing.com\/#\/schema\/logo\/image\/\"}}]}<\/script>\n<!-- \/ Yoast SEO Premium plugin. -->","yoast_head_json":{"title":"Barcel\u00f3 Imperial Maple Cask - M\u00f3n La Cata","description":"Comprar el ron Barcel\u00f3 Imperial Maple Cask Botiga online especilitzada en vi i alimentaci\u00f3. Trameses puntuals i promocions.","robots":{"index":"noindex","follow":"follow","max-snippet":"max-snippet:-1","max-image-preview":"max-image-preview:large","max-video-preview":"max-video-preview:-1"},"og_locale":"ca_ES","og_type":"article","og_title":"Barcel\u00f3 Imperial Maple Cask","og_description":"Comprar el ron Barcel\u00f3 Imperial Maple Cask Botiga online especilitzada en vi i alimentaci\u00f3. Trameses puntuals i promocions.","og_url":"https:\/\/aral2.cetrexmarketing.com\/ca\/producto\/barcelo-imperial-maple-cask\/","og_site_name":"M\u00f3n La Cata","article_modified_time":"2025-05-27T08:05:18+00:00","og_image":[{"width":765,"height":1024,"url":"https:\/\/aral2.cetrexmarketing.com\/wp-content\/uploads\/2025\/05\/ron-barcelo-imperial-maple-cask.jpg.png","type":"image\/png"}],"twitter_card":"summary_large_image","twitter_misc":{"Temps estimat de lectura":"1 minut"},"schema":{"@context":"https:\/\/schema.org","@graph":[{"@type":"WebPage","@id":"https:\/\/aral2.cetrexmarketing.com\/ca\/producto\/barcelo-imperial-maple-cask\/","url":"https:\/\/aral2.cetrexmarketing.com\/ca\/producto\/barcelo-imperial-maple-cask\/","name":"Barcel\u00f3 Imperial Maple Cask - M\u00f3n La Cata","isPartOf":{"@id":"https:\/\/aral2.cetrexmarketing.com\/#website"},"primaryImageOfPage":{"@id":"https:\/\/aral2.cetrexmarketing.com\/ca\/producto\/barcelo-imperial-maple-cask\/#primaryimage"},"image":{"@id":"https:\/\/aral2.cetrexmarketing.com\/ca\/producto\/barcelo-imperial-maple-cask\/#primaryimage"},"thumbnailUrl":"https:\/\/aral2.cetrexmarketing.com\/wp-content\/uploads\/2025\/05\/ron-barcelo-imperial-maple-cask.jpg.png","datePublished":"2025-05-26T14:10:44+00:00","dateModified":"2025-05-27T08:05:18+00:00","description":"Comprar el ron Barcel\u00f3 Imperial Maple Cask Botiga online especilitzada en vi i alimentaci\u00f3. Trameses puntuals i promocions.","breadcrumb":{"@id":"https:\/\/aral2.cetrexmarketing.com\/ca\/producto\/barcelo-imperial-maple-cask\/#breadcrumb"},"inLanguage":"ca","potentialAction":[{"@type":"ReadAction","target":["https:\/\/aral2.cetrexmarketing.com\/ca\/producto\/barcelo-imperial-maple-cask\/"]}]},{"@type":"ImageObject","inLanguage":"ca","@id":"https:\/\/aral2.cetrexmarketing.com\/ca\/producto\/barcelo-imperial-maple-cask\/#primaryimage","url":"https:\/\/aral2.cetrexmarketing.com\/wp-content\/uploads\/2025\/05\/ron-barcelo-imperial-maple-cask.jpg.png","contentUrl":"https:\/\/aral2.cetrexmarketing.com\/wp-content\/uploads\/2025\/05\/ron-barcelo-imperial-maple-cask.jpg.png","width":765,"height":1024},{"@type":"BreadcrumbList","@id":"https:\/\/aral2.cetrexmarketing.com\/ca\/producto\/barcelo-imperial-maple-cask\/#breadcrumb","itemListElement":[{"@type":"ListItem","position":1,"name":"Home","item":"https:\/\/aral2.cetrexmarketing.com\/ca\/"},{"@type":"ListItem","position":2,"name":"Tienda","item":"https:\/\/aral2.cetrexmarketing.com\/ca\/tienda-2\/"},{"@type":"ListItem","position":3,"name":"Destilados","item":"https:\/\/aral2.cetrexmarketing.com\/categoria-producto\/inicio\/destilados\/"},{"@type":"ListItem","position":4,"name":"Barcel\u00f3 Imperial Maple Cask"}]},{"@type":"WebSite","@id":"https:\/\/aral2.cetrexmarketing.com\/#website","url":"https:\/\/aral2.cetrexmarketing.com\/","name":"M\u00f3n La Cata","description":"Tienda de vinos, licores, cervezas y gourmet","publisher":{"@id":"https:\/\/aral2.cetrexmarketing.com\/#organization"},"potentialAction":[{"@type":"SearchAction","target":{"@type":"EntryPoint","urlTemplate":"https:\/\/aral2.cetrexmarketing.com\/?s={search_term_string}"},"query-input":{"@type":"PropertyValueSpecification","valueRequired":true,"valueName":"search_term_string"}}],"inLanguage":"ca"},{"@type":"Organization","@id":"https:\/\/aral2.cetrexmarketing.com\/#organization","name":"M\u00f3n La Cata","url":"https:\/\/aral2.cetrexmarketing.com\/","logo":{"@type":"ImageObject","inLanguage":"ca","@id":"https:\/\/aral2.cetrexmarketing.com\/#\/schema\/logo\/image\/","url":"https:\/\/aral2.cetrexmarketing.com\/wp-content\/uploads\/2024\/10\/aral-logo-neg-1024x409-1.png","contentUrl":"https:\/\/aral2.cetrexmarketing.com\/wp-content\/uploads\/2024\/10\/aral-logo-neg-1024x409-1.png","width":1024,"height":409,"caption":"M\u00f3n La Cata"},"image":{"@id":"https:\/\/aral2.cetrexmarketing.com\/#\/schema\/logo\/image\/"}}]}},"brands":[],"_links":{"self":[{"href":"https:\/\/aral2.cetrexmarketing.com\/ca\/wp-json\/wp\/v2\/product\/118091","targetHints":{"allow":["GET"]}}],"collection":[{"href":"https:\/\/aral2.cetrexmarketing.com\/ca\/wp-json\/wp\/v2\/product"}],"about":[{"href":"https:\/\/aral2.cetrexmarketing.com\/ca\/wp-json\/wp\/v2\/types\/product"}],"replies":[{"embeddable":true,"href":"https:\/\/aral2.cetrexmarketing.com\/ca\/wp-json\/wp\/v2\/comments?post=118091"}],"wp:featuredmedia":[{"embeddable":true,"href":"https:\/\/aral2.cetrexmarketing.com\/ca\/wp-json\/wp\/v2\/media\/113854"}],"wp:attachment":[{"href":"https:\/\/aral2.cetrexmarketing.com\/ca\/wp-json\/wp\/v2\/media?parent=118091"}],"wp:term":[{"taxonomy":"pwb-brand","embeddable":true,"href":"https:\/\/aral2.cetrexmarketing.com\/ca\/wp-json\/wp\/v2\/pwb-brand?post=118091"},{"taxonomy":"product_brand","embeddable":true,"href":"https:\/\/aral2.cetrexmarketing.com\/ca\/wp-json\/wp\/v2\/product_brand?post=118091"},{"taxonomy":"product_cat","embeddable":true,"href":"https:\/\/aral2.cetrexmarketing.com\/ca\/wp-json\/wp\/v2\/product_cat?post=118091"},{"taxonomy":"product_tag","embeddable":true,"href":"https:\/\/aral2.cetrexmarketing.com\/ca\/wp-json\/wp\/v2\/product_tag?post=118091"}],"curies":[{"name":"wp","href":"https:\/\/api.w.org\/{rel}","templated":true}]}}