{"id":117938,"date":"2025-05-27T04:01:14","date_gmt":"2025-05-27T04:01:14","guid":{"rendered":"https:\/\/aral2.cetrexmarketing.com\/producto\/entrada-la-vinyacat-2024\/"},"modified":"2025-05-27T08:04:45","modified_gmt":"2025-05-27T08:04:45","slug":"entrada-la-vinyacat-2024","status":"publish","type":"product","link":"https:\/\/aral2.cetrexmarketing.com\/ca\/producto\/entrada-la-vinyacat-2024\/","title":{"rendered":"ENTRADA LA VINYACAT 2024"},"content":{"rendered":"<p><strong>LA VINYACAT 2024<\/strong><\/p>\n<p>La fira dels vins catalans<\/p>\n<p>Arriba la 12ena edici\u00f3 d\u2019aquesta magn\u00edfica fira \ud83c\udf77 que tantes ganes tenim de compartir amb tots vosaltres.<\/p>\n<p>Enguany es celebrar\u00e0 al Castell Jalp\u00ed d\u2019Arenys de Munt, situat just al costat de la nostra botiga M\u00f3n La Cata \ud83c\udfdd\u26f2\ufe0f\ud83c\udff0\ud83c\udf33\ud83c\udf3f<\/p>\n<p>Ens visitaran m\u00e9s de 50 cellers de totes les DO catalanes on els seus representants ens oferiran tastar els seus vins, perqu\u00e8 puguem descobrir aquest meravell\u00f3s patrimoni que tenim a casa nostra \ud83c\udf47\ud83c\udf7e<\/p>\n<p>Acompanyarem la vetllada amb m\u00fasica ambiental de DJ\u2019s en directe \ud83c\udfa7\ud83d\udcbd\ud83c\udfbc<\/p>\n<p>Tamb\u00e9 podr\u00e0s picar alguna cosa i quedar-te a sopar \ud83d\ude0b<\/p>\n<p>&nbsp;<\/p>\n<p>Dissabte 21 de setembre de 2024 \ud83d\uddd3<\/p>\n<p>De 18h a 22h (durada de la fira) \ud83d\udd55<\/p>\n<p>(obertura de portes a les 17h)<\/p>\n<p>De 22h a 00h segueix obert el servei de menjar \u2705<\/p>\n<p>&nbsp;<\/p>\n<p>Places limitades (afanya\u2019t i no et quedis sense!)<\/p>\n<p>Cancel\u00b7laci\u00f3 v\u00e0lida fins al 13\/9\/24<\/p>\n<p>Salut i bon vi!\ud83c\udf77<\/p>\n","protected":false},"excerpt":{"rendered":"<p>LA VINYACAT 2024 La fira dels vins catalans Arriba la 12ena edici\u00f3 d\u2019aquesta magn\u00edfica fira \ud83c\udf77 que tantes ganes tenim de compartir amb tots vosaltres. Enguany es celebrar\u00e0 al Castell Jalp\u00ed d\u2019Arenys de Munt, situat just al costat de la nostra botiga M\u00f3n La Cata \ud83c\udfdd\u26f2\ufe0f\ud83c\udff0\ud83c\udf33\ud83c\udf3f Ens visitaran m\u00e9s de 50 cellers de totes les&hellip;<\/p>\n","protected":false},"featured_media":117813,"comment_status":"closed","ping_status":"closed","template":"","meta":{"_acf_changed":false},"pwb-brand":[],"product_brand":[],"product_cat":[51891],"product_tag":[],"class_list":{"0":"post-117938","1":"product","2":"type-product","3":"status-publish","4":"has-post-thumbnail","6":"product_cat-entrades-esdeveniments","7":"entry","8":"has-media","10":"first","11":"outofstock","12":"virtual","13":"taxable","14":"purchasable","15":"product-type-simple"},"acf":[],"yoast_head":"<!-- This site is optimized with the Yoast SEO Premium plugin v23.1 (Yoast SEO v23.5) - https:\/\/yoast.com\/wordpress\/plugins\/seo\/ -->\n<title>ENTRADA LA VINYACAT 2024 - M\u00f3n La Cata<\/title>\n<meta name=\"description\" content=\"Comprar ENTRADA LA VINYACAT 2024 en M\u00f3n La Cata . Tienda online especilizada en vino y alimentaci\u00f3n. Env\u00edos puntuales y promociones\" \/>\n<meta name=\"robots\" content=\"noindex, follow, max-snippet:-1, max-image-preview:large, max-video-preview:-1\" \/>\n<meta property=\"og:locale\" content=\"ca_ES\" \/>\n<meta property=\"og:type\" content=\"article\" \/>\n<meta property=\"og:title\" content=\"ENTRADA LA VINYACAT 2024\" \/>\n<meta property=\"og:description\" content=\"Comprar ENTRADA LA VINYACAT 2024 en M\u00f3n La Cata . Tienda online especilizada en vino y alimentaci\u00f3n. Env\u00edos puntuales y promociones\" \/>\n<meta property=\"og:url\" content=\"https:\/\/aral2.cetrexmarketing.com\/ca\/producto\/entrada-la-vinyacat-2024\/\" \/>\n<meta property=\"og:site_name\" content=\"M\u00f3n La Cata\" \/>\n<meta property=\"article:modified_time\" content=\"2025-05-27T08:04:45+00:00\" \/>\n<meta property=\"og:image\" content=\"https:\/\/aral2.cetrexmarketing.com\/wp-content\/uploads\/2025\/05\/Cartell-Vinyacat-2024-compressed.png\" \/>\n\t<meta property=\"og:image:width\" content=\"1080\" \/>\n\t<meta property=\"og:image:height\" content=\"1350\" \/>\n\t<meta property=\"og:image:type\" content=\"image\/png\" \/>\n<meta name=\"twitter:card\" content=\"summary_large_image\" \/>\n<meta name=\"twitter:label1\" content=\"Temps estimat de lectura\" \/>\n\t<meta name=\"twitter:data1\" content=\"2 minuts\" \/>\n<script type=\"application\/ld+json\" class=\"yoast-schema-graph\">{\"@context\":\"https:\/\/schema.org\",\"@graph\":[{\"@type\":\"WebPage\",\"@id\":\"https:\/\/aral2.cetrexmarketing.com\/ca\/producto\/entrada-la-vinyacat-2024\/\",\"url\":\"https:\/\/aral2.cetrexmarketing.com\/ca\/producto\/entrada-la-vinyacat-2024\/\",\"name\":\"ENTRADA LA VINYACAT 2024 - M\u00f3n La Cata\",\"isPartOf\":{\"@id\":\"https:\/\/aral2.cetrexmarketing.com\/#website\"},\"primaryImageOfPage\":{\"@id\":\"https:\/\/aral2.cetrexmarketing.com\/ca\/producto\/entrada-la-vinyacat-2024\/#primaryimage\"},\"image\":{\"@id\":\"https:\/\/aral2.cetrexmarketing.com\/ca\/producto\/entrada-la-vinyacat-2024\/#primaryimage\"},\"thumbnailUrl\":\"https:\/\/aral2.cetrexmarketing.com\/wp-content\/uploads\/2025\/05\/Cartell-Vinyacat-2024-compressed.png\",\"datePublished\":\"2025-05-27T04:01:14+00:00\",\"dateModified\":\"2025-05-27T08:04:45+00:00\",\"description\":\"Comprar ENTRADA LA VINYACAT 2024 en M\u00f3n La Cata . Tienda online especilizada en vino y alimentaci\u00f3n. Env\u00edos puntuales y promociones\",\"breadcrumb\":{\"@id\":\"https:\/\/aral2.cetrexmarketing.com\/ca\/producto\/entrada-la-vinyacat-2024\/#breadcrumb\"},\"inLanguage\":\"ca\",\"potentialAction\":[{\"@type\":\"ReadAction\",\"target\":[\"https:\/\/aral2.cetrexmarketing.com\/ca\/producto\/entrada-la-vinyacat-2024\/\"]}]},{\"@type\":\"ImageObject\",\"inLanguage\":\"ca\",\"@id\":\"https:\/\/aral2.cetrexmarketing.com\/ca\/producto\/entrada-la-vinyacat-2024\/#primaryimage\",\"url\":\"https:\/\/aral2.cetrexmarketing.com\/wp-content\/uploads\/2025\/05\/Cartell-Vinyacat-2024-compressed.png\",\"contentUrl\":\"https:\/\/aral2.cetrexmarketing.com\/wp-content\/uploads\/2025\/05\/Cartell-Vinyacat-2024-compressed.png\",\"width\":1080,\"height\":1350},{\"@type\":\"BreadcrumbList\",\"@id\":\"https:\/\/aral2.cetrexmarketing.com\/ca\/producto\/entrada-la-vinyacat-2024\/#breadcrumb\",\"itemListElement\":[{\"@type\":\"ListItem\",\"position\":1,\"name\":\"Home\",\"item\":\"https:\/\/aral2.cetrexmarketing.com\/ca\/\"},{\"@type\":\"ListItem\",\"position\":2,\"name\":\"Tienda\",\"item\":\"https:\/\/aral2.cetrexmarketing.com\/ca\/tienda-2\/\"},{\"@type\":\"ListItem\",\"position\":3,\"name\":\"Entradas eventos\",\"item\":\"https:\/\/aral2.cetrexmarketing.com\/categoria-producto\/inicio\/entradas-eventos\/\"},{\"@type\":\"ListItem\",\"position\":4,\"name\":\"ENTRADA LA VINYACAT 2024\"}]},{\"@type\":\"WebSite\",\"@id\":\"https:\/\/aral2.cetrexmarketing.com\/#website\",\"url\":\"https:\/\/aral2.cetrexmarketing.com\/\",\"name\":\"M\u00f3n La Cata\",\"description\":\"Tienda de vinos, licores, cervezas y gourmet\",\"publisher\":{\"@id\":\"https:\/\/aral2.cetrexmarketing.com\/#organization\"},\"potentialAction\":[{\"@type\":\"SearchAction\",\"target\":{\"@type\":\"EntryPoint\",\"urlTemplate\":\"https:\/\/aral2.cetrexmarketing.com\/?s={search_term_string}\"},\"query-input\":{\"@type\":\"PropertyValueSpecification\",\"valueRequired\":true,\"valueName\":\"search_term_string\"}}],\"inLanguage\":\"ca\"},{\"@type\":\"Organization\",\"@id\":\"https:\/\/aral2.cetrexmarketing.com\/#organization\",\"name\":\"M\u00f3n La Cata\",\"url\":\"https:\/\/aral2.cetrexmarketing.com\/\",\"logo\":{\"@type\":\"ImageObject\",\"inLanguage\":\"ca\",\"@id\":\"https:\/\/aral2.cetrexmarketing.com\/#\/schema\/logo\/image\/\",\"url\":\"https:\/\/aral2.cetrexmarketing.com\/wp-content\/uploads\/2024\/10\/aral-logo-neg-1024x409-1.png\",\"contentUrl\":\"https:\/\/aral2.cetrexmarketing.com\/wp-content\/uploads\/2024\/10\/aral-logo-neg-1024x409-1.png\",\"width\":1024,\"height\":409,\"caption\":\"M\u00f3n La Cata\"},\"image\":{\"@id\":\"https:\/\/aral2.cetrexmarketing.com\/#\/schema\/logo\/image\/\"}}]}<\/script>\n<!-- \/ Yoast SEO Premium plugin. -->","yoast_head_json":{"title":"ENTRADA LA VINYACAT 2024 - M\u00f3n La Cata","description":"Comprar ENTRADA LA VINYACAT 2024 en M\u00f3n La Cata . Tienda online especilizada en vino y alimentaci\u00f3n. Env\u00edos puntuales y promociones","robots":{"index":"noindex","follow":"follow","max-snippet":"max-snippet:-1","max-image-preview":"max-image-preview:large","max-video-preview":"max-video-preview:-1"},"og_locale":"ca_ES","og_type":"article","og_title":"ENTRADA LA VINYACAT 2024","og_description":"Comprar ENTRADA LA VINYACAT 2024 en M\u00f3n La Cata . Tienda online especilizada en vino y alimentaci\u00f3n. Env\u00edos puntuales y promociones","og_url":"https:\/\/aral2.cetrexmarketing.com\/ca\/producto\/entrada-la-vinyacat-2024\/","og_site_name":"M\u00f3n La Cata","article_modified_time":"2025-05-27T08:04:45+00:00","og_image":[{"width":1080,"height":1350,"url":"https:\/\/aral2.cetrexmarketing.com\/wp-content\/uploads\/2025\/05\/Cartell-Vinyacat-2024-compressed.png","type":"image\/png"}],"twitter_card":"summary_large_image","twitter_misc":{"Temps estimat de lectura":"2 minuts"},"schema":{"@context":"https:\/\/schema.org","@graph":[{"@type":"WebPage","@id":"https:\/\/aral2.cetrexmarketing.com\/ca\/producto\/entrada-la-vinyacat-2024\/","url":"https:\/\/aral2.cetrexmarketing.com\/ca\/producto\/entrada-la-vinyacat-2024\/","name":"ENTRADA LA VINYACAT 2024 - M\u00f3n La Cata","isPartOf":{"@id":"https:\/\/aral2.cetrexmarketing.com\/#website"},"primaryImageOfPage":{"@id":"https:\/\/aral2.cetrexmarketing.com\/ca\/producto\/entrada-la-vinyacat-2024\/#primaryimage"},"image":{"@id":"https:\/\/aral2.cetrexmarketing.com\/ca\/producto\/entrada-la-vinyacat-2024\/#primaryimage"},"thumbnailUrl":"https:\/\/aral2.cetrexmarketing.com\/wp-content\/uploads\/2025\/05\/Cartell-Vinyacat-2024-compressed.png","datePublished":"2025-05-27T04:01:14+00:00","dateModified":"2025-05-27T08:04:45+00:00","description":"Comprar ENTRADA LA VINYACAT 2024 en M\u00f3n La Cata . Tienda online especilizada en vino y alimentaci\u00f3n. Env\u00edos puntuales y promociones","breadcrumb":{"@id":"https:\/\/aral2.cetrexmarketing.com\/ca\/producto\/entrada-la-vinyacat-2024\/#breadcrumb"},"inLanguage":"ca","potentialAction":[{"@type":"ReadAction","target":["https:\/\/aral2.cetrexmarketing.com\/ca\/producto\/entrada-la-vinyacat-2024\/"]}]},{"@type":"ImageObject","inLanguage":"ca","@id":"https:\/\/aral2.cetrexmarketing.com\/ca\/producto\/entrada-la-vinyacat-2024\/#primaryimage","url":"https:\/\/aral2.cetrexmarketing.com\/wp-content\/uploads\/2025\/05\/Cartell-Vinyacat-2024-compressed.png","contentUrl":"https:\/\/aral2.cetrexmarketing.com\/wp-content\/uploads\/2025\/05\/Cartell-Vinyacat-2024-compressed.png","width":1080,"height":1350},{"@type":"BreadcrumbList","@id":"https:\/\/aral2.cetrexmarketing.com\/ca\/producto\/entrada-la-vinyacat-2024\/#breadcrumb","itemListElement":[{"@type":"ListItem","position":1,"name":"Home","item":"https:\/\/aral2.cetrexmarketing.com\/ca\/"},{"@type":"ListItem","position":2,"name":"Tienda","item":"https:\/\/aral2.cetrexmarketing.com\/ca\/tienda-2\/"},{"@type":"ListItem","position":3,"name":"Entradas eventos","item":"https:\/\/aral2.cetrexmarketing.com\/categoria-producto\/inicio\/entradas-eventos\/"},{"@type":"ListItem","position":4,"name":"ENTRADA LA VINYACAT 2024"}]},{"@type":"WebSite","@id":"https:\/\/aral2.cetrexmarketing.com\/#website","url":"https:\/\/aral2.cetrexmarketing.com\/","name":"M\u00f3n La Cata","description":"Tienda de vinos, licores, cervezas y gourmet","publisher":{"@id":"https:\/\/aral2.cetrexmarketing.com\/#organization"},"potentialAction":[{"@type":"SearchAction","target":{"@type":"EntryPoint","urlTemplate":"https:\/\/aral2.cetrexmarketing.com\/?s={search_term_string}"},"query-input":{"@type":"PropertyValueSpecification","valueRequired":true,"valueName":"search_term_string"}}],"inLanguage":"ca"},{"@type":"Organization","@id":"https:\/\/aral2.cetrexmarketing.com\/#organization","name":"M\u00f3n La Cata","url":"https:\/\/aral2.cetrexmarketing.com\/","logo":{"@type":"ImageObject","inLanguage":"ca","@id":"https:\/\/aral2.cetrexmarketing.com\/#\/schema\/logo\/image\/","url":"https:\/\/aral2.cetrexmarketing.com\/wp-content\/uploads\/2024\/10\/aral-logo-neg-1024x409-1.png","contentUrl":"https:\/\/aral2.cetrexmarketing.com\/wp-content\/uploads\/2024\/10\/aral-logo-neg-1024x409-1.png","width":1024,"height":409,"caption":"M\u00f3n La Cata"},"image":{"@id":"https:\/\/aral2.cetrexmarketing.com\/#\/schema\/logo\/image\/"}}]}},"brands":[],"_links":{"self":[{"href":"https:\/\/aral2.cetrexmarketing.com\/ca\/wp-json\/wp\/v2\/product\/117938","targetHints":{"allow":["GET"]}}],"collection":[{"href":"https:\/\/aral2.cetrexmarketing.com\/ca\/wp-json\/wp\/v2\/product"}],"about":[{"href":"https:\/\/aral2.cetrexmarketing.com\/ca\/wp-json\/wp\/v2\/types\/product"}],"replies":[{"embeddable":true,"href":"https:\/\/aral2.cetrexmarketing.com\/ca\/wp-json\/wp\/v2\/comments?post=117938"}],"wp:featuredmedia":[{"embeddable":true,"href":"https:\/\/aral2.cetrexmarketing.com\/ca\/wp-json\/wp\/v2\/media\/117813"}],"wp:attachment":[{"href":"https:\/\/aral2.cetrexmarketing.com\/ca\/wp-json\/wp\/v2\/media?parent=117938"}],"wp:term":[{"taxonomy":"pwb-brand","embeddable":true,"href":"https:\/\/aral2.cetrexmarketing.com\/ca\/wp-json\/wp\/v2\/pwb-brand?post=117938"},{"taxonomy":"product_brand","embeddable":true,"href":"https:\/\/aral2.cetrexmarketing.com\/ca\/wp-json\/wp\/v2\/product_brand?post=117938"},{"taxonomy":"product_cat","embeddable":true,"href":"https:\/\/aral2.cetrexmarketing.com\/ca\/wp-json\/wp\/v2\/product_cat?post=117938"},{"taxonomy":"product_tag","embeddable":true,"href":"https:\/\/aral2.cetrexmarketing.com\/ca\/wp-json\/wp\/v2\/product_tag?post=117938"}],"curies":[{"name":"wp","href":"https:\/\/api.w.org\/{rel}","templated":true}]}}