{"id":117445,"date":"2025-05-27T03:55:51","date_gmt":"2025-05-27T03:55:51","guid":{"rendered":"https:\/\/aral2.cetrexmarketing.com\/producto\/sanfrutos-invasion-doble-ipa\/"},"modified":"2025-05-27T08:03:56","modified_gmt":"2025-05-27T08:03:56","slug":"sanfrutos-invasion-doble-ipa","status":"publish","type":"product","link":"https:\/\/aral2.cetrexmarketing.com\/ca\/producto\/sanfrutos-invasion-doble-ipa\/","title":{"rendered":"Sanfrutos Invasion Doble Ipa"},"content":{"rendered":"<p><strong>Sanfrutos Invasion Doble Ipa<\/strong><\/p>\n<p>La cervesa Sanfrutos Invasion Doble IPA \u00e9s una cervesa artesanal espanyola d&#8217;alta graduaci\u00f3, amb una potent amargor i un perfil arom\u00e0tic intens. Les seves notes c\u00edtriques i tropicals, provinents de ll\u00fapols seleccionats, s&#8217;equilibren amb una robusta base maltosa, oferint una experi\u00e8ncia complexa i satisfact\u00f2ria per als amants del ll\u00fapol. Apte per a vegans<\/p>\n","protected":false},"excerpt":{"rendered":"<p>Sanfrutos Invasion Doble Ipa<\/p>\n","protected":false},"featured_media":117317,"comment_status":"closed","ping_status":"closed","template":"","meta":{"_acf_changed":false},"pwb-brand":[],"product_brand":[],"product_cat":[51736,51844,51676],"product_tag":[50927,50926,51001,50925,51000],"class_list":{"0":"post-117445","1":"product","2":"type-product","3":"status-publish","4":"has-post-thumbnail","6":"product_cat-cervesa","7":"product_cat-cervesa-espanya","8":"product_cat-vega","9":"product_tag-cerveses-sanfrutos","10":"product_tag-cervezas-segovia-ca","11":"product_tag-doble-ipa-ca","12":"product_tag-sanfrutos-ca","13":"product_tag-sanfrutos-invasion-doble-ipa-ca","14":"pa_destileria-cervezas-segovia-ca","15":"pa_ecologico-vegano-natural-vega","16":"pa_formatoenml-38312","17":"pa_graduacion-81o","18":"pa_pais-espanya-ca","19":"pa_pueblociudad-segovia","20":"entry","21":"has-media","23":"first","24":"instock","25":"taxable","26":"shipping-taxable","27":"purchasable","28":"product-type-simple"},"acf":[],"yoast_head":"<!-- This site is optimized with the Yoast SEO Premium plugin v23.1 (Yoast SEO v23.5) - https:\/\/yoast.com\/wordpress\/plugins\/seo\/ -->\n<title>Reptilian Painettone Pastry Stout<\/title>\n<meta name=\"description\" content=\"Comprar online al millor preu la cervesa Reptilian Painettone Pastry Stout. Web online especilitzada en cervesa, vi, destil\u00b7lat i alimentaci\u00f3.\" \/>\n<meta name=\"robots\" content=\"noindex, follow, max-snippet:-1, max-image-preview:large, max-video-preview:-1\" \/>\n<meta property=\"og:locale\" content=\"ca_ES\" \/>\n<meta property=\"og:type\" content=\"article\" \/>\n<meta property=\"og:title\" content=\"Sanfrutos Invasion Doble Ipa\" \/>\n<meta property=\"og:description\" content=\"Comprar online al millor preu la cervesa Reptilian Painettone Pastry Stout. Web online especilitzada en cervesa, vi, destil\u00b7lat i alimentaci\u00f3.\" \/>\n<meta property=\"og:url\" content=\"https:\/\/aral2.cetrexmarketing.com\/ca\/producto\/sanfrutos-invasion-doble-ipa\/\" \/>\n<meta property=\"og:site_name\" content=\"M\u00f3n La Cata\" \/>\n<meta property=\"article:modified_time\" content=\"2025-05-27T08:03:56+00:00\" \/>\n<meta property=\"og:image\" content=\"https:\/\/aral2.cetrexmarketing.com\/wp-content\/uploads\/2025\/05\/Sanfrutos-Invasion-Doble-Ipa.jpg.png\" \/>\n\t<meta property=\"og:image:width\" content=\"765\" \/>\n\t<meta property=\"og:image:height\" content=\"1024\" \/>\n\t<meta property=\"og:image:type\" content=\"image\/png\" \/>\n<meta name=\"twitter:card\" content=\"summary_large_image\" \/>\n<meta name=\"twitter:label1\" content=\"Temps estimat de lectura\" \/>\n\t<meta name=\"twitter:data1\" content=\"1 minut\" \/>\n<script type=\"application\/ld+json\" class=\"yoast-schema-graph\">{\"@context\":\"https:\/\/schema.org\",\"@graph\":[{\"@type\":\"WebPage\",\"@id\":\"https:\/\/aral2.cetrexmarketing.com\/ca\/producto\/sanfrutos-invasion-doble-ipa\/\",\"url\":\"https:\/\/aral2.cetrexmarketing.com\/ca\/producto\/sanfrutos-invasion-doble-ipa\/\",\"name\":\"Reptilian Painettone Pastry Stout\",\"isPartOf\":{\"@id\":\"https:\/\/aral2.cetrexmarketing.com\/#website\"},\"primaryImageOfPage\":{\"@id\":\"https:\/\/aral2.cetrexmarketing.com\/ca\/producto\/sanfrutos-invasion-doble-ipa\/#primaryimage\"},\"image\":{\"@id\":\"https:\/\/aral2.cetrexmarketing.com\/ca\/producto\/sanfrutos-invasion-doble-ipa\/#primaryimage\"},\"thumbnailUrl\":\"https:\/\/aral2.cetrexmarketing.com\/wp-content\/uploads\/2025\/05\/Sanfrutos-Invasion-Doble-Ipa.jpg.png\",\"datePublished\":\"2025-05-27T03:55:51+00:00\",\"dateModified\":\"2025-05-27T08:03:56+00:00\",\"description\":\"Comprar online al millor preu la cervesa Reptilian Painettone Pastry Stout. Web online especilitzada en cervesa, vi, destil\u00b7lat i alimentaci\u00f3.\",\"breadcrumb\":{\"@id\":\"https:\/\/aral2.cetrexmarketing.com\/ca\/producto\/sanfrutos-invasion-doble-ipa\/#breadcrumb\"},\"inLanguage\":\"ca\",\"potentialAction\":[{\"@type\":\"ReadAction\",\"target\":[\"https:\/\/aral2.cetrexmarketing.com\/ca\/producto\/sanfrutos-invasion-doble-ipa\/\"]}]},{\"@type\":\"ImageObject\",\"inLanguage\":\"ca\",\"@id\":\"https:\/\/aral2.cetrexmarketing.com\/ca\/producto\/sanfrutos-invasion-doble-ipa\/#primaryimage\",\"url\":\"https:\/\/aral2.cetrexmarketing.com\/wp-content\/uploads\/2025\/05\/Sanfrutos-Invasion-Doble-Ipa.jpg.png\",\"contentUrl\":\"https:\/\/aral2.cetrexmarketing.com\/wp-content\/uploads\/2025\/05\/Sanfrutos-Invasion-Doble-Ipa.jpg.png\",\"width\":765,\"height\":1024},{\"@type\":\"BreadcrumbList\",\"@id\":\"https:\/\/aral2.cetrexmarketing.com\/ca\/producto\/sanfrutos-invasion-doble-ipa\/#breadcrumb\",\"itemListElement\":[{\"@type\":\"ListItem\",\"position\":1,\"name\":\"Home\",\"item\":\"https:\/\/aral2.cetrexmarketing.com\/ca\/\"},{\"@type\":\"ListItem\",\"position\":2,\"name\":\"Tienda\",\"item\":\"https:\/\/aral2.cetrexmarketing.com\/ca\/tienda-2\/\"},{\"@type\":\"ListItem\",\"position\":3,\"name\":\"Cerveza\",\"item\":\"https:\/\/aral2.cetrexmarketing.com\/categoria-producto\/inicio\/cerveza\/\"},{\"@type\":\"ListItem\",\"position\":4,\"name\":\"Sanfrutos Invasion Doble Ipa\"}]},{\"@type\":\"WebSite\",\"@id\":\"https:\/\/aral2.cetrexmarketing.com\/#website\",\"url\":\"https:\/\/aral2.cetrexmarketing.com\/\",\"name\":\"M\u00f3n La Cata\",\"description\":\"Tienda de vinos, licores, cervezas y gourmet\",\"publisher\":{\"@id\":\"https:\/\/aral2.cetrexmarketing.com\/#organization\"},\"potentialAction\":[{\"@type\":\"SearchAction\",\"target\":{\"@type\":\"EntryPoint\",\"urlTemplate\":\"https:\/\/aral2.cetrexmarketing.com\/?s={search_term_string}\"},\"query-input\":{\"@type\":\"PropertyValueSpecification\",\"valueRequired\":true,\"valueName\":\"search_term_string\"}}],\"inLanguage\":\"ca\"},{\"@type\":\"Organization\",\"@id\":\"https:\/\/aral2.cetrexmarketing.com\/#organization\",\"name\":\"M\u00f3n La Cata\",\"url\":\"https:\/\/aral2.cetrexmarketing.com\/\",\"logo\":{\"@type\":\"ImageObject\",\"inLanguage\":\"ca\",\"@id\":\"https:\/\/aral2.cetrexmarketing.com\/#\/schema\/logo\/image\/\",\"url\":\"https:\/\/aral2.cetrexmarketing.com\/wp-content\/uploads\/2024\/10\/aral-logo-neg-1024x409-1.png\",\"contentUrl\":\"https:\/\/aral2.cetrexmarketing.com\/wp-content\/uploads\/2024\/10\/aral-logo-neg-1024x409-1.png\",\"width\":1024,\"height\":409,\"caption\":\"M\u00f3n La Cata\"},\"image\":{\"@id\":\"https:\/\/aral2.cetrexmarketing.com\/#\/schema\/logo\/image\/\"}}]}<\/script>\n<!-- \/ Yoast SEO Premium plugin. -->","yoast_head_json":{"title":"Reptilian Painettone Pastry Stout","description":"Comprar online al millor preu la cervesa Reptilian Painettone Pastry Stout. Web online especilitzada en cervesa, vi, destil\u00b7lat i alimentaci\u00f3.","robots":{"index":"noindex","follow":"follow","max-snippet":"max-snippet:-1","max-image-preview":"max-image-preview:large","max-video-preview":"max-video-preview:-1"},"og_locale":"ca_ES","og_type":"article","og_title":"Sanfrutos Invasion Doble Ipa","og_description":"Comprar online al millor preu la cervesa Reptilian Painettone Pastry Stout. Web online especilitzada en cervesa, vi, destil\u00b7lat i alimentaci\u00f3.","og_url":"https:\/\/aral2.cetrexmarketing.com\/ca\/producto\/sanfrutos-invasion-doble-ipa\/","og_site_name":"M\u00f3n La Cata","article_modified_time":"2025-05-27T08:03:56+00:00","og_image":[{"width":765,"height":1024,"url":"https:\/\/aral2.cetrexmarketing.com\/wp-content\/uploads\/2025\/05\/Sanfrutos-Invasion-Doble-Ipa.jpg.png","type":"image\/png"}],"twitter_card":"summary_large_image","twitter_misc":{"Temps estimat de lectura":"1 minut"},"schema":{"@context":"https:\/\/schema.org","@graph":[{"@type":"WebPage","@id":"https:\/\/aral2.cetrexmarketing.com\/ca\/producto\/sanfrutos-invasion-doble-ipa\/","url":"https:\/\/aral2.cetrexmarketing.com\/ca\/producto\/sanfrutos-invasion-doble-ipa\/","name":"Reptilian Painettone Pastry Stout","isPartOf":{"@id":"https:\/\/aral2.cetrexmarketing.com\/#website"},"primaryImageOfPage":{"@id":"https:\/\/aral2.cetrexmarketing.com\/ca\/producto\/sanfrutos-invasion-doble-ipa\/#primaryimage"},"image":{"@id":"https:\/\/aral2.cetrexmarketing.com\/ca\/producto\/sanfrutos-invasion-doble-ipa\/#primaryimage"},"thumbnailUrl":"https:\/\/aral2.cetrexmarketing.com\/wp-content\/uploads\/2025\/05\/Sanfrutos-Invasion-Doble-Ipa.jpg.png","datePublished":"2025-05-27T03:55:51+00:00","dateModified":"2025-05-27T08:03:56+00:00","description":"Comprar online al millor preu la cervesa Reptilian Painettone Pastry Stout. Web online especilitzada en cervesa, vi, destil\u00b7lat i alimentaci\u00f3.","breadcrumb":{"@id":"https:\/\/aral2.cetrexmarketing.com\/ca\/producto\/sanfrutos-invasion-doble-ipa\/#breadcrumb"},"inLanguage":"ca","potentialAction":[{"@type":"ReadAction","target":["https:\/\/aral2.cetrexmarketing.com\/ca\/producto\/sanfrutos-invasion-doble-ipa\/"]}]},{"@type":"ImageObject","inLanguage":"ca","@id":"https:\/\/aral2.cetrexmarketing.com\/ca\/producto\/sanfrutos-invasion-doble-ipa\/#primaryimage","url":"https:\/\/aral2.cetrexmarketing.com\/wp-content\/uploads\/2025\/05\/Sanfrutos-Invasion-Doble-Ipa.jpg.png","contentUrl":"https:\/\/aral2.cetrexmarketing.com\/wp-content\/uploads\/2025\/05\/Sanfrutos-Invasion-Doble-Ipa.jpg.png","width":765,"height":1024},{"@type":"BreadcrumbList","@id":"https:\/\/aral2.cetrexmarketing.com\/ca\/producto\/sanfrutos-invasion-doble-ipa\/#breadcrumb","itemListElement":[{"@type":"ListItem","position":1,"name":"Home","item":"https:\/\/aral2.cetrexmarketing.com\/ca\/"},{"@type":"ListItem","position":2,"name":"Tienda","item":"https:\/\/aral2.cetrexmarketing.com\/ca\/tienda-2\/"},{"@type":"ListItem","position":3,"name":"Cerveza","item":"https:\/\/aral2.cetrexmarketing.com\/categoria-producto\/inicio\/cerveza\/"},{"@type":"ListItem","position":4,"name":"Sanfrutos Invasion Doble Ipa"}]},{"@type":"WebSite","@id":"https:\/\/aral2.cetrexmarketing.com\/#website","url":"https:\/\/aral2.cetrexmarketing.com\/","name":"M\u00f3n La Cata","description":"Tienda de vinos, licores, cervezas y gourmet","publisher":{"@id":"https:\/\/aral2.cetrexmarketing.com\/#organization"},"potentialAction":[{"@type":"SearchAction","target":{"@type":"EntryPoint","urlTemplate":"https:\/\/aral2.cetrexmarketing.com\/?s={search_term_string}"},"query-input":{"@type":"PropertyValueSpecification","valueRequired":true,"valueName":"search_term_string"}}],"inLanguage":"ca"},{"@type":"Organization","@id":"https:\/\/aral2.cetrexmarketing.com\/#organization","name":"M\u00f3n La Cata","url":"https:\/\/aral2.cetrexmarketing.com\/","logo":{"@type":"ImageObject","inLanguage":"ca","@id":"https:\/\/aral2.cetrexmarketing.com\/#\/schema\/logo\/image\/","url":"https:\/\/aral2.cetrexmarketing.com\/wp-content\/uploads\/2024\/10\/aral-logo-neg-1024x409-1.png","contentUrl":"https:\/\/aral2.cetrexmarketing.com\/wp-content\/uploads\/2024\/10\/aral-logo-neg-1024x409-1.png","width":1024,"height":409,"caption":"M\u00f3n La Cata"},"image":{"@id":"https:\/\/aral2.cetrexmarketing.com\/#\/schema\/logo\/image\/"}}]}},"brands":[],"_links":{"self":[{"href":"https:\/\/aral2.cetrexmarketing.com\/ca\/wp-json\/wp\/v2\/product\/117445","targetHints":{"allow":["GET"]}}],"collection":[{"href":"https:\/\/aral2.cetrexmarketing.com\/ca\/wp-json\/wp\/v2\/product"}],"about":[{"href":"https:\/\/aral2.cetrexmarketing.com\/ca\/wp-json\/wp\/v2\/types\/product"}],"replies":[{"embeddable":true,"href":"https:\/\/aral2.cetrexmarketing.com\/ca\/wp-json\/wp\/v2\/comments?post=117445"}],"wp:featuredmedia":[{"embeddable":true,"href":"https:\/\/aral2.cetrexmarketing.com\/ca\/wp-json\/wp\/v2\/media\/117317"}],"wp:attachment":[{"href":"https:\/\/aral2.cetrexmarketing.com\/ca\/wp-json\/wp\/v2\/media?parent=117445"}],"wp:term":[{"taxonomy":"pwb-brand","embeddable":true,"href":"https:\/\/aral2.cetrexmarketing.com\/ca\/wp-json\/wp\/v2\/pwb-brand?post=117445"},{"taxonomy":"product_brand","embeddable":true,"href":"https:\/\/aral2.cetrexmarketing.com\/ca\/wp-json\/wp\/v2\/product_brand?post=117445"},{"taxonomy":"product_cat","embeddable":true,"href":"https:\/\/aral2.cetrexmarketing.com\/ca\/wp-json\/wp\/v2\/product_cat?post=117445"},{"taxonomy":"product_tag","embeddable":true,"href":"https:\/\/aral2.cetrexmarketing.com\/ca\/wp-json\/wp\/v2\/product_tag?post=117445"}],"curies":[{"name":"wp","href":"https:\/\/api.w.org\/{rel}","templated":true}]}}