{"id":116951,"date":"2025-05-27T03:51:49","date_gmt":"2025-05-27T03:51:49","guid":{"rendered":"https:\/\/aral2.cetrexmarketing.com\/producto\/qpractiko-llevataps-electric-a-piles\/"},"modified":"2025-05-27T08:02:57","modified_gmt":"2025-05-27T08:02:57","slug":"qpractiko-llevataps-electric-a-piles","status":"publish","type":"product","link":"https:\/\/aral2.cetrexmarketing.com\/ca\/producto\/qpractiko-llevataps-electric-a-piles\/","title":{"rendered":"Qpractiko Llevataps El\u00e8ctric a piles"},"content":{"rendered":"<p><strong>Qpractiko Llevataps El\u00e8ctric a piles<\/strong><\/p>\n<p>El llevataps El\u00e8ctric. us permet extreure de manera autom\u00e0tica i sense cap tipus d&#8217;esfor\u00e7, qualsevol tap de suro, prement \u00fanicament un bot\u00f3.<\/p>\n<p>Inclou un talla c\u00e0psules.<\/p>\n<ul>\n<li>Elegant disseny.<\/li>\n<li>Extrau f\u00e0cilment el suro en pocs segons sense trencar-lo.<\/li>\n<li>Obre fins a 40 ampolles amb c\u00e0rrega completa.<\/li>\n<li>Funciona amb 4 piles AA+<\/li>\n<\/ul>\n","protected":false},"excerpt":{"rendered":"<p><strong>Qpractiko Llevataps El\u00e8ctric a piles<\/strong><\/p>\n<p>El llevataps El\u00e8ctric. us permet extreure de manera autom\u00e0tica i sense cap tipus d&#8217;esfor\u00e7, qualsevol tap de suro, prement \u00fanicament un bot\u00f3.<\/p>\n<p>Inclou una talla c\u00e0psules.<\/p>\n<ul>\n<li>Elegant disseny.<\/li>\n<li>Extreu f\u00e0cilment el suro en pocs segons sense trencar-lo.<\/li>\n<li>Obre fins a 40 ampolles amb c\u00e0rrega completa.<\/li>\n<li>Funciona amb 4 piles AA+<\/li>\n<\/ul>\n","protected":false},"featured_media":116948,"comment_status":"closed","ping_status":"closed","template":"","meta":{"_acf_changed":false},"pwb-brand":[],"product_brand":[],"product_cat":[51928,51670],"product_tag":[50811,50853],"class_list":{"0":"post-116951","1":"product","2":"type-product","3":"status-publish","4":"has-post-thumbnail","6":"product_cat-accessoris-per-vi","7":"product_cat-vi","8":"product_tag-qpractiko-ca","9":"product_tag-qpractiko-llevataps-electric-a-piles","10":"pa_firmacomercial-qpractiko","11":"entry","12":"has-media","14":"first","15":"instock","16":"taxable","17":"shipping-taxable","18":"purchasable","19":"product-type-simple"},"acf":[],"yoast_head":"<!-- This site is optimized with the Yoast SEO Premium plugin v23.1 (Yoast SEO v23.5) - https:\/\/yoast.com\/wordpress\/plugins\/seo\/ -->\n<title>Qpractiko Llevataps El\u00e8ctric a piles<\/title>\n<meta name=\"description\" content=\"Comprar online al millor preu l&#039;accessori per a vi Qpractiko Llevataps El\u00e8ctric a piles. Web especialitzada en vins, destil\u00b7lats i alimentaci\u00f3.\" \/>\n<meta name=\"robots\" content=\"noindex, follow, max-snippet:-1, max-image-preview:large, max-video-preview:-1\" \/>\n<meta property=\"og:locale\" content=\"ca_ES\" \/>\n<meta property=\"og:type\" content=\"article\" \/>\n<meta property=\"og:title\" content=\"Qpractiko Llevataps El\u00e8ctric a piles\" \/>\n<meta property=\"og:description\" content=\"Comprar online al millor preu l&#039;accessori per a vi Qpractiko Llevataps El\u00e8ctric a piles. Web especialitzada en vins, destil\u00b7lats i alimentaci\u00f3.\" \/>\n<meta property=\"og:url\" content=\"https:\/\/aral2.cetrexmarketing.com\/ca\/producto\/qpractiko-llevataps-electric-a-piles\/\" \/>\n<meta property=\"og:site_name\" content=\"M\u00f3n La Cata\" \/>\n<meta property=\"article:modified_time\" content=\"2025-05-27T08:02:57+00:00\" \/>\n<meta property=\"og:image\" content=\"https:\/\/aral2.cetrexmarketing.com\/wp-content\/uploads\/2025\/05\/Qpractiko-Sacacorchos-Electrico-a-pilas.jpg.png\" \/>\n\t<meta property=\"og:image:width\" content=\"765\" \/>\n\t<meta property=\"og:image:height\" content=\"1024\" \/>\n\t<meta property=\"og:image:type\" content=\"image\/png\" \/>\n<meta name=\"twitter:card\" content=\"summary_large_image\" \/>\n<script type=\"application\/ld+json\" class=\"yoast-schema-graph\">{\"@context\":\"https:\/\/schema.org\",\"@graph\":[{\"@type\":\"WebPage\",\"@id\":\"https:\/\/aral2.cetrexmarketing.com\/ca\/producto\/qpractiko-llevataps-electric-a-piles\/\",\"url\":\"https:\/\/aral2.cetrexmarketing.com\/ca\/producto\/qpractiko-llevataps-electric-a-piles\/\",\"name\":\"Qpractiko Llevataps El\u00e8ctric a piles\",\"isPartOf\":{\"@id\":\"https:\/\/aral2.cetrexmarketing.com\/#website\"},\"primaryImageOfPage\":{\"@id\":\"https:\/\/aral2.cetrexmarketing.com\/ca\/producto\/qpractiko-llevataps-electric-a-piles\/#primaryimage\"},\"image\":{\"@id\":\"https:\/\/aral2.cetrexmarketing.com\/ca\/producto\/qpractiko-llevataps-electric-a-piles\/#primaryimage\"},\"thumbnailUrl\":\"https:\/\/aral2.cetrexmarketing.com\/wp-content\/uploads\/2025\/05\/Qpractiko-Sacacorchos-Electrico-a-pilas.jpg.png\",\"datePublished\":\"2025-05-27T03:51:49+00:00\",\"dateModified\":\"2025-05-27T08:02:57+00:00\",\"description\":\"Comprar online al millor preu l'accessori per a vi Qpractiko Llevataps El\u00e8ctric a piles. Web especialitzada en vins, destil\u00b7lats i alimentaci\u00f3.\",\"breadcrumb\":{\"@id\":\"https:\/\/aral2.cetrexmarketing.com\/ca\/producto\/qpractiko-llevataps-electric-a-piles\/#breadcrumb\"},\"inLanguage\":\"ca\",\"potentialAction\":[{\"@type\":\"ReadAction\",\"target\":[\"https:\/\/aral2.cetrexmarketing.com\/ca\/producto\/qpractiko-llevataps-electric-a-piles\/\"]}]},{\"@type\":\"ImageObject\",\"inLanguage\":\"ca\",\"@id\":\"https:\/\/aral2.cetrexmarketing.com\/ca\/producto\/qpractiko-llevataps-electric-a-piles\/#primaryimage\",\"url\":\"https:\/\/aral2.cetrexmarketing.com\/wp-content\/uploads\/2025\/05\/Qpractiko-Sacacorchos-Electrico-a-pilas.jpg.png\",\"contentUrl\":\"https:\/\/aral2.cetrexmarketing.com\/wp-content\/uploads\/2025\/05\/Qpractiko-Sacacorchos-Electrico-a-pilas.jpg.png\",\"width\":765,\"height\":1024},{\"@type\":\"BreadcrumbList\",\"@id\":\"https:\/\/aral2.cetrexmarketing.com\/ca\/producto\/qpractiko-llevataps-electric-a-piles\/#breadcrumb\",\"itemListElement\":[{\"@type\":\"ListItem\",\"position\":1,\"name\":\"Home\",\"item\":\"https:\/\/aral2.cetrexmarketing.com\/ca\/\"},{\"@type\":\"ListItem\",\"position\":2,\"name\":\"Tienda\",\"item\":\"https:\/\/aral2.cetrexmarketing.com\/ca\/tienda-2\/\"},{\"@type\":\"ListItem\",\"position\":3,\"name\":\"Vino\",\"item\":\"https:\/\/aral2.cetrexmarketing.com\/categoria-producto\/inicio\/vino\/\"},{\"@type\":\"ListItem\",\"position\":4,\"name\":\"Qpractiko Llevataps El\u00e8ctric a piles\"}]},{\"@type\":\"WebSite\",\"@id\":\"https:\/\/aral2.cetrexmarketing.com\/#website\",\"url\":\"https:\/\/aral2.cetrexmarketing.com\/\",\"name\":\"M\u00f3n La Cata\",\"description\":\"Tienda de vinos, licores, cervezas y gourmet\",\"publisher\":{\"@id\":\"https:\/\/aral2.cetrexmarketing.com\/#organization\"},\"potentialAction\":[{\"@type\":\"SearchAction\",\"target\":{\"@type\":\"EntryPoint\",\"urlTemplate\":\"https:\/\/aral2.cetrexmarketing.com\/?s={search_term_string}\"},\"query-input\":{\"@type\":\"PropertyValueSpecification\",\"valueRequired\":true,\"valueName\":\"search_term_string\"}}],\"inLanguage\":\"ca\"},{\"@type\":\"Organization\",\"@id\":\"https:\/\/aral2.cetrexmarketing.com\/#organization\",\"name\":\"M\u00f3n La Cata\",\"url\":\"https:\/\/aral2.cetrexmarketing.com\/\",\"logo\":{\"@type\":\"ImageObject\",\"inLanguage\":\"ca\",\"@id\":\"https:\/\/aral2.cetrexmarketing.com\/#\/schema\/logo\/image\/\",\"url\":\"https:\/\/aral2.cetrexmarketing.com\/wp-content\/uploads\/2024\/10\/aral-logo-neg-1024x409-1.png\",\"contentUrl\":\"https:\/\/aral2.cetrexmarketing.com\/wp-content\/uploads\/2024\/10\/aral-logo-neg-1024x409-1.png\",\"width\":1024,\"height\":409,\"caption\":\"M\u00f3n La Cata\"},\"image\":{\"@id\":\"https:\/\/aral2.cetrexmarketing.com\/#\/schema\/logo\/image\/\"}}]}<\/script>\n<!-- \/ Yoast SEO Premium plugin. -->","yoast_head_json":{"title":"Qpractiko Llevataps El\u00e8ctric a piles","description":"Comprar online al millor preu l'accessori per a vi Qpractiko Llevataps El\u00e8ctric a piles. Web especialitzada en vins, destil\u00b7lats i alimentaci\u00f3.","robots":{"index":"noindex","follow":"follow","max-snippet":"max-snippet:-1","max-image-preview":"max-image-preview:large","max-video-preview":"max-video-preview:-1"},"og_locale":"ca_ES","og_type":"article","og_title":"Qpractiko Llevataps El\u00e8ctric a piles","og_description":"Comprar online al millor preu l'accessori per a vi Qpractiko Llevataps El\u00e8ctric a piles. Web especialitzada en vins, destil\u00b7lats i alimentaci\u00f3.","og_url":"https:\/\/aral2.cetrexmarketing.com\/ca\/producto\/qpractiko-llevataps-electric-a-piles\/","og_site_name":"M\u00f3n La Cata","article_modified_time":"2025-05-27T08:02:57+00:00","og_image":[{"width":765,"height":1024,"url":"https:\/\/aral2.cetrexmarketing.com\/wp-content\/uploads\/2025\/05\/Qpractiko-Sacacorchos-Electrico-a-pilas.jpg.png","type":"image\/png"}],"twitter_card":"summary_large_image","schema":{"@context":"https:\/\/schema.org","@graph":[{"@type":"WebPage","@id":"https:\/\/aral2.cetrexmarketing.com\/ca\/producto\/qpractiko-llevataps-electric-a-piles\/","url":"https:\/\/aral2.cetrexmarketing.com\/ca\/producto\/qpractiko-llevataps-electric-a-piles\/","name":"Qpractiko Llevataps El\u00e8ctric a piles","isPartOf":{"@id":"https:\/\/aral2.cetrexmarketing.com\/#website"},"primaryImageOfPage":{"@id":"https:\/\/aral2.cetrexmarketing.com\/ca\/producto\/qpractiko-llevataps-electric-a-piles\/#primaryimage"},"image":{"@id":"https:\/\/aral2.cetrexmarketing.com\/ca\/producto\/qpractiko-llevataps-electric-a-piles\/#primaryimage"},"thumbnailUrl":"https:\/\/aral2.cetrexmarketing.com\/wp-content\/uploads\/2025\/05\/Qpractiko-Sacacorchos-Electrico-a-pilas.jpg.png","datePublished":"2025-05-27T03:51:49+00:00","dateModified":"2025-05-27T08:02:57+00:00","description":"Comprar online al millor preu l'accessori per a vi Qpractiko Llevataps El\u00e8ctric a piles. Web especialitzada en vins, destil\u00b7lats i alimentaci\u00f3.","breadcrumb":{"@id":"https:\/\/aral2.cetrexmarketing.com\/ca\/producto\/qpractiko-llevataps-electric-a-piles\/#breadcrumb"},"inLanguage":"ca","potentialAction":[{"@type":"ReadAction","target":["https:\/\/aral2.cetrexmarketing.com\/ca\/producto\/qpractiko-llevataps-electric-a-piles\/"]}]},{"@type":"ImageObject","inLanguage":"ca","@id":"https:\/\/aral2.cetrexmarketing.com\/ca\/producto\/qpractiko-llevataps-electric-a-piles\/#primaryimage","url":"https:\/\/aral2.cetrexmarketing.com\/wp-content\/uploads\/2025\/05\/Qpractiko-Sacacorchos-Electrico-a-pilas.jpg.png","contentUrl":"https:\/\/aral2.cetrexmarketing.com\/wp-content\/uploads\/2025\/05\/Qpractiko-Sacacorchos-Electrico-a-pilas.jpg.png","width":765,"height":1024},{"@type":"BreadcrumbList","@id":"https:\/\/aral2.cetrexmarketing.com\/ca\/producto\/qpractiko-llevataps-electric-a-piles\/#breadcrumb","itemListElement":[{"@type":"ListItem","position":1,"name":"Home","item":"https:\/\/aral2.cetrexmarketing.com\/ca\/"},{"@type":"ListItem","position":2,"name":"Tienda","item":"https:\/\/aral2.cetrexmarketing.com\/ca\/tienda-2\/"},{"@type":"ListItem","position":3,"name":"Vino","item":"https:\/\/aral2.cetrexmarketing.com\/categoria-producto\/inicio\/vino\/"},{"@type":"ListItem","position":4,"name":"Qpractiko Llevataps El\u00e8ctric a piles"}]},{"@type":"WebSite","@id":"https:\/\/aral2.cetrexmarketing.com\/#website","url":"https:\/\/aral2.cetrexmarketing.com\/","name":"M\u00f3n La Cata","description":"Tienda de vinos, licores, cervezas y gourmet","publisher":{"@id":"https:\/\/aral2.cetrexmarketing.com\/#organization"},"potentialAction":[{"@type":"SearchAction","target":{"@type":"EntryPoint","urlTemplate":"https:\/\/aral2.cetrexmarketing.com\/?s={search_term_string}"},"query-input":{"@type":"PropertyValueSpecification","valueRequired":true,"valueName":"search_term_string"}}],"inLanguage":"ca"},{"@type":"Organization","@id":"https:\/\/aral2.cetrexmarketing.com\/#organization","name":"M\u00f3n La Cata","url":"https:\/\/aral2.cetrexmarketing.com\/","logo":{"@type":"ImageObject","inLanguage":"ca","@id":"https:\/\/aral2.cetrexmarketing.com\/#\/schema\/logo\/image\/","url":"https:\/\/aral2.cetrexmarketing.com\/wp-content\/uploads\/2024\/10\/aral-logo-neg-1024x409-1.png","contentUrl":"https:\/\/aral2.cetrexmarketing.com\/wp-content\/uploads\/2024\/10\/aral-logo-neg-1024x409-1.png","width":1024,"height":409,"caption":"M\u00f3n La Cata"},"image":{"@id":"https:\/\/aral2.cetrexmarketing.com\/#\/schema\/logo\/image\/"}}]}},"brands":[],"_links":{"self":[{"href":"https:\/\/aral2.cetrexmarketing.com\/ca\/wp-json\/wp\/v2\/product\/116951","targetHints":{"allow":["GET"]}}],"collection":[{"href":"https:\/\/aral2.cetrexmarketing.com\/ca\/wp-json\/wp\/v2\/product"}],"about":[{"href":"https:\/\/aral2.cetrexmarketing.com\/ca\/wp-json\/wp\/v2\/types\/product"}],"replies":[{"embeddable":true,"href":"https:\/\/aral2.cetrexmarketing.com\/ca\/wp-json\/wp\/v2\/comments?post=116951"}],"wp:featuredmedia":[{"embeddable":true,"href":"https:\/\/aral2.cetrexmarketing.com\/ca\/wp-json\/wp\/v2\/media\/116948"}],"wp:attachment":[{"href":"https:\/\/aral2.cetrexmarketing.com\/ca\/wp-json\/wp\/v2\/media?parent=116951"}],"wp:term":[{"taxonomy":"pwb-brand","embeddable":true,"href":"https:\/\/aral2.cetrexmarketing.com\/ca\/wp-json\/wp\/v2\/pwb-brand?post=116951"},{"taxonomy":"product_brand","embeddable":true,"href":"https:\/\/aral2.cetrexmarketing.com\/ca\/wp-json\/wp\/v2\/product_brand?post=116951"},{"taxonomy":"product_cat","embeddable":true,"href":"https:\/\/aral2.cetrexmarketing.com\/ca\/wp-json\/wp\/v2\/product_cat?post=116951"},{"taxonomy":"product_tag","embeddable":true,"href":"https:\/\/aral2.cetrexmarketing.com\/ca\/wp-json\/wp\/v2\/product_tag?post=116951"}],"curies":[{"name":"wp","href":"https:\/\/api.w.org\/{rel}","templated":true}]}}